{"id":21565,"date":"2022-11-28T14:59:09","date_gmt":"2022-11-28T13:59:09","guid":{"rendered":"https:\/\/www.globber.com\/ch\/product\/explorer-trike-2-en-1\/"},"modified":"2026-03-04T10:54:32","modified_gmt":"2026-03-04T09:54:32","slug":"explorer-trike-2-en-1","status":"publish","type":"product","link":"https:\/\/www.globber.com\/ch\/fr\/product\/explorer-trike-2-en-1\/","title":{"rendered":"Explorer Trike 2 en 1"},"content":{"rendered":"<p data-start=\"58\" data-end=\"366\">Faites place \u00e0 votre compagnon de jeu ! L'<strong>EXPLORER TRIKE 2in1<\/strong> est un tricycle d'apprentissage pour les enfants de 2 ans qui accompagne votre enfant dans sa croissance gr\u00e2ce \u00e0 deux modes diff\u00e9rents : comme tricycle d'entra\u00eenement (24-36 mois) et comme v\u00e9lo sans p\u00e9dales (2-5 ans). Il s'adapte ainsi tr\u00e8s facilement au d\u00e9veloppement de votre enfant.<\/p>\n<p data-start=\"368\" data-end=\"662\">L'<strong>EXPLORER TRIKE 2in1<\/strong> s\u00e9duit par sa conception enti\u00e8rement sans outils (aucun outil n'est n\u00e9cessaire pour la transformation !), son m\u00e9canisme de roue brevet\u00e9, sa selle r\u00e9glable en deux hauteurs, ses roues en mousse EVA anti-crevaison et son rangement intelligent des p\u00e9dales, pour encore plus de fonctionnalit\u00e9 !<\/p>\n","protected":false},"excerpt":{"rendered":"<p><strong>Tricycle D'entra\u00eenement tout-en-un et v\u00e9lo D'\u00e9quilibre pour enfants (24 mois - 5 ans)<\/strong><\/p>\n","protected":false},"featured_media":24761,"comment_status":"open","ping_status":"closed","template":"","meta":{"_acf_changed":false,"inline_featured_image":false},"product-special-badges":[],"product_brand":[],"product_cat":[6277,4805,4830,4841,4857],"product_tag":[],"class_list":{"0":"post-21565","1":"product","2":"type-product","3":"status-publish","4":"has-post-thumbnail","6":"product-badges-all-in-one-fr-2","7":"product-badges-tool-less-fr","8":"product-badges-transformable-fr","9":"product_cat-sale-fr","10":"product_cat-serie-explorer-trike","11":"product_cat-velos-dequilibre","12":"product_cat-tricycles-pour-bebes","13":"product_cat-produits-pour-tout-petits","14":"pa_altersspanne-2-a-5-ans","15":"pa_color-bleu","16":"pa_color-rouge","17":"pa_color-vert","18":"pa_einstellbar-oui","19":"pa_empfohlene-benutzerhoehe-85-105-cm","20":"pa_faltbar-no-fr","21":"pa_groesse-der-raeder-220mm-36mm-breit-fr","22":"pa_groesse-der-raeder-250mm-44mm-breit-fr","23":"pa_groesse-der-raeder-eva-schaum","24":"pa_maximales-benutzergewicht-20-kg","25":"pa_produktgewicht-netto-4-3-kg","26":"pa_produkttyp-deux-roues","27":"pa_produkttyp-tricycle","28":"pa_sitzhoehen-31-34-cm-du-sol","30":"first","31":"instock","32":"sale","33":"taxable","34":"shipping-taxable","35":"purchasable","36":"product-type-variable"},"acf":[],"yoast_head":"<!-- This site is optimized with the Yoast SEO Premium plugin v20.12 (Yoast SEO v23.4) - https:\/\/yoast.com\/wordpress\/plugins\/seo\/ -->\n<title>Explorer Trike 2 en 1 - Globber Scooter Schweiz<\/title>\n<meta name=\"robots\" content=\"index, follow, max-snippet:-1, max-image-preview:large, max-video-preview:-1\" \/>\n<link rel=\"canonical\" href=\"https:\/\/www.globber.com\/ch\/fr\/product\/explorer-trike-2-en-1\/\" \/>\n<meta property=\"og:locale\" content=\"fr_FR\" \/>\n<meta property=\"og:type\" content=\"article\" \/>\n<meta property=\"og:title\" content=\"Explorer Trike 2 en 1 - Globber Scooter Schweiz\" \/>\n<meta property=\"og:description\" content=\"Tricycle D&#039;entra\u00eenement tout-en-un et v\u00e9lo D&#039;\u00e9quilibre pour enfants (24 mois - 5 ans)\" \/>\n<meta property=\"og:url\" content=\"https:\/\/www.globber.com\/ch\/fr\/product\/explorer-trike-2-en-1\/\" \/>\n<meta property=\"og:site_name\" content=\"Globber Scooter Schweiz\" \/>\n<meta property=\"article:modified_time\" content=\"2026-03-04T09:54:32+00:00\" \/>\n<meta property=\"og:image\" content=\"https:\/\/cdn.globber.com\/content\/2022\/11\/6383ad0aedd69.jpg\" \/>\n\t<meta property=\"og:image:width\" content=\"1920\" \/>\n\t<meta property=\"og:image:height\" content=\"1920\" \/>\n\t<meta property=\"og:image:type\" content=\"image\/jpeg\" \/>\n<meta name=\"twitter:card\" content=\"summary_large_image\" \/>\n<meta name=\"twitter:label1\" content=\"Availability\" \/>\n\t<meta name=\"twitter:data1\" content=\"In stock\" \/>\n<script type=\"application\/ld+json\" class=\"yoast-schema-graph\">{\"@context\":\"https:\/\/schema.org\",\"@graph\":[{\"@type\":[\"WebPage\",\"ItemPage\"],\"@id\":\"https:\/\/www.globber.com\/ch\/fr\/product\/explorer-trike-2-en-1\/\",\"url\":\"https:\/\/www.globber.com\/ch\/fr\/product\/explorer-trike-2-en-1\/\",\"name\":\"Explorer Trike 2 en 1 - Globber Scooter Schweiz\",\"isPartOf\":{\"@id\":\"https:\/\/www.globber.com\/ch\/fr\/#website\"},\"primaryImageOfPage\":{\"@id\":\"https:\/\/www.globber.com\/ch\/fr\/product\/explorer-trike-2-en-1\/#primaryimage\"},\"image\":{\"@id\":\"https:\/\/www.globber.com\/ch\/fr\/product\/explorer-trike-2-en-1\/#primaryimage\"},\"thumbnailUrl\":\"https:\/\/cdn.globber.com\/content\/2022\/11\/6383ad0aedd69.jpg\",\"datePublished\":\"2022-11-28T13:59:09+00:00\",\"dateModified\":\"2026-03-04T09:54:32+00:00\",\"breadcrumb\":{\"@id\":\"https:\/\/www.globber.com\/ch\/fr\/product\/explorer-trike-2-en-1\/#breadcrumb\"},\"inLanguage\":\"fr-CH\",\"potentialAction\":[{\"@type\":\"ReadAction\",\"target\":[\"https:\/\/www.globber.com\/ch\/fr\/product\/explorer-trike-2-en-1\/\"]}]},{\"@type\":\"ImageObject\",\"inLanguage\":\"fr-CH\",\"@id\":\"https:\/\/www.globber.com\/ch\/fr\/product\/explorer-trike-2-en-1\/#primaryimage\",\"url\":\"https:\/\/cdn.globber.com\/content\/2022\/11\/6383ad0aedd69.jpg\",\"contentUrl\":\"https:\/\/cdn.globber.com\/content\/2022\/11\/6383ad0aedd69.jpg\",\"width\":1920,\"height\":1920},{\"@type\":\"BreadcrumbList\",\"@id\":\"https:\/\/www.globber.com\/ch\/fr\/product\/explorer-trike-2-en-1\/#breadcrumb\",\"itemListElement\":[{\"@type\":\"ListItem\",\"position\":1,\"name\":\"Shop\",\"item\":\"https:\/\/www.globber.com\/ch\/fr\/shop\/\"},{\"@type\":\"ListItem\",\"position\":2,\"name\":\"Explorer Trike 2 en 1\"}]},{\"@type\":\"WebSite\",\"@id\":\"https:\/\/www.globber.com\/ch\/fr\/#website\",\"url\":\"https:\/\/www.globber.com\/ch\/fr\/\",\"name\":\"Globber Scooter Schweiz\",\"description\":\"Der offizielle Online Shop\",\"publisher\":{\"@id\":\"https:\/\/www.globber.com\/ch\/fr\/#organization\"},\"potentialAction\":[{\"@type\":\"SearchAction\",\"target\":{\"@type\":\"EntryPoint\",\"urlTemplate\":\"https:\/\/www.globber.com\/ch\/fr\/?s={search_term_string}\"},\"query-input\":{\"@type\":\"PropertyValueSpecification\",\"valueRequired\":true,\"valueName\":\"search_term_string\"}}],\"inLanguage\":\"fr-CH\"},{\"@type\":\"Organization\",\"@id\":\"https:\/\/www.globber.com\/ch\/fr\/#organization\",\"name\":\"Globber Scooter Schweiz\",\"url\":\"https:\/\/www.globber.com\/ch\/fr\/\",\"logo\":{\"@type\":\"ImageObject\",\"inLanguage\":\"fr-CH\",\"@id\":\"https:\/\/www.globber.com\/ch\/fr\/#\/schema\/logo\/image\/\",\"url\":\"https:\/\/cdn.globber.com\/content\/2024\/05\/logo.svg\",\"contentUrl\":\"https:\/\/cdn.globber.com\/content\/2024\/05\/logo.svg\",\"width\":601,\"height\":112,\"caption\":\"Globber Scooter Schweiz\"},\"image\":{\"@id\":\"https:\/\/www.globber.com\/ch\/fr\/#\/schema\/logo\/image\/\"}}]}<\/script>\n<meta property=\"og:availability\" content=\"instock\" \/>\n<meta property=\"product:availability\" content=\"instock\" \/>\n<meta property=\"product:retailer_item_id\" content=\"630-XXX\" \/>\n<meta property=\"product:condition\" content=\"new\" \/>\n<!-- \/ Yoast SEO Premium plugin. -->","yoast_head_json":{"title":"Explorer Trike 2 en 1 - Globber Scooter Schweiz","robots":{"index":"index","follow":"follow","max-snippet":"max-snippet:-1","max-image-preview":"max-image-preview:large","max-video-preview":"max-video-preview:-1"},"canonical":"https:\/\/www.globber.com\/ch\/fr\/product\/explorer-trike-2-en-1\/","og_locale":"fr_FR","og_type":"article","og_title":"Explorer Trike 2 en 1 - Globber Scooter Schweiz","og_description":"Tricycle D'entra\u00eenement tout-en-un et v\u00e9lo D'\u00e9quilibre pour enfants (24 mois - 5 ans)","og_url":"https:\/\/www.globber.com\/ch\/fr\/product\/explorer-trike-2-en-1\/","og_site_name":"Globber Scooter Schweiz","article_modified_time":"2026-03-04T09:54:32+00:00","og_image":[{"width":1920,"height":1920,"url":"https:\/\/cdn.globber.com\/content\/2022\/11\/6383ad0aedd69.jpg","type":"image\/jpeg"}],"twitter_card":"summary_large_image","twitter_misc":{"Availability":"In stock"},"schema":{"@context":"https:\/\/schema.org","@graph":[{"@type":["WebPage","ItemPage"],"@id":"https:\/\/www.globber.com\/ch\/fr\/product\/explorer-trike-2-en-1\/","url":"https:\/\/www.globber.com\/ch\/fr\/product\/explorer-trike-2-en-1\/","name":"Explorer Trike 2 en 1 - Globber Scooter Schweiz","isPartOf":{"@id":"https:\/\/www.globber.com\/ch\/fr\/#website"},"primaryImageOfPage":{"@id":"https:\/\/www.globber.com\/ch\/fr\/product\/explorer-trike-2-en-1\/#primaryimage"},"image":{"@id":"https:\/\/www.globber.com\/ch\/fr\/product\/explorer-trike-2-en-1\/#primaryimage"},"thumbnailUrl":"https:\/\/cdn.globber.com\/content\/2022\/11\/6383ad0aedd69.jpg","datePublished":"2022-11-28T13:59:09+00:00","dateModified":"2026-03-04T09:54:32+00:00","breadcrumb":{"@id":"https:\/\/www.globber.com\/ch\/fr\/product\/explorer-trike-2-en-1\/#breadcrumb"},"inLanguage":"fr-CH","potentialAction":[{"@type":"ReadAction","target":["https:\/\/www.globber.com\/ch\/fr\/product\/explorer-trike-2-en-1\/"]}]},{"@type":"ImageObject","inLanguage":"fr-CH","@id":"https:\/\/www.globber.com\/ch\/fr\/product\/explorer-trike-2-en-1\/#primaryimage","url":"https:\/\/cdn.globber.com\/content\/2022\/11\/6383ad0aedd69.jpg","contentUrl":"https:\/\/cdn.globber.com\/content\/2022\/11\/6383ad0aedd69.jpg","width":1920,"height":1920},{"@type":"BreadcrumbList","@id":"https:\/\/www.globber.com\/ch\/fr\/product\/explorer-trike-2-en-1\/#breadcrumb","itemListElement":[{"@type":"ListItem","position":1,"name":"Shop","item":"https:\/\/www.globber.com\/ch\/fr\/shop\/"},{"@type":"ListItem","position":2,"name":"Explorer Trike 2 en 1"}]},{"@type":"WebSite","@id":"https:\/\/www.globber.com\/ch\/fr\/#website","url":"https:\/\/www.globber.com\/ch\/fr\/","name":"Globber Scooter Schweiz","description":"Der offizielle Online Shop","publisher":{"@id":"https:\/\/www.globber.com\/ch\/fr\/#organization"},"potentialAction":[{"@type":"SearchAction","target":{"@type":"EntryPoint","urlTemplate":"https:\/\/www.globber.com\/ch\/fr\/?s={search_term_string}"},"query-input":{"@type":"PropertyValueSpecification","valueRequired":true,"valueName":"search_term_string"}}],"inLanguage":"fr-CH"},{"@type":"Organization","@id":"https:\/\/www.globber.com\/ch\/fr\/#organization","name":"Globber Scooter Schweiz","url":"https:\/\/www.globber.com\/ch\/fr\/","logo":{"@type":"ImageObject","inLanguage":"fr-CH","@id":"https:\/\/www.globber.com\/ch\/fr\/#\/schema\/logo\/image\/","url":"https:\/\/cdn.globber.com\/content\/2024\/05\/logo.svg","contentUrl":"https:\/\/cdn.globber.com\/content\/2024\/05\/logo.svg","width":601,"height":112,"caption":"Globber Scooter Schweiz"},"image":{"@id":"https:\/\/www.globber.com\/ch\/fr\/#\/schema\/logo\/image\/"}}]},"og_availability":"instock","product_availability":"instock","product_retailer_item_id":"630-XXX","product_condition":"new"},"_links":{"self":[{"href":"https:\/\/www.globber.com\/ch\/fr\/wp-json\/wp\/v2\/product\/21565","targetHints":{"allow":["GET"]}}],"collection":[{"href":"https:\/\/www.globber.com\/ch\/fr\/wp-json\/wp\/v2\/product"}],"about":[{"href":"https:\/\/www.globber.com\/ch\/fr\/wp-json\/wp\/v2\/types\/product"}],"replies":[{"embeddable":true,"href":"https:\/\/www.globber.com\/ch\/fr\/wp-json\/wp\/v2\/comments?post=21565"}],"wp:featuredmedia":[{"embeddable":true,"href":"https:\/\/www.globber.com\/ch\/fr\/wp-json\/wp\/v2\/media\/24761"}],"wp:attachment":[{"href":"https:\/\/www.globber.com\/ch\/fr\/wp-json\/wp\/v2\/media?parent=21565"}],"wp:term":[{"taxonomy":"product-special-badges","embeddable":true,"href":"https:\/\/www.globber.com\/ch\/fr\/wp-json\/wp\/v2\/product-special-badges?post=21565"},{"taxonomy":"product_brand","embeddable":true,"href":"https:\/\/www.globber.com\/ch\/fr\/wp-json\/wp\/v2\/product_brand?post=21565"},{"taxonomy":"product_cat","embeddable":true,"href":"https:\/\/www.globber.com\/ch\/fr\/wp-json\/wp\/v2\/product_cat?post=21565"},{"taxonomy":"product_tag","embeddable":true,"href":"https:\/\/www.globber.com\/ch\/fr\/wp-json\/wp\/v2\/product_tag?post=21565"}],"curies":[{"name":"wp","href":"https:\/\/api.w.org\/{rel}","templated":true}]}}