{"id":21571,"date":"2022-11-28T14:01:42","date_gmt":"2022-11-28T13:01:42","guid":{"rendered":"https:\/\/www.globber.com\/ch\/product\/globber-go-up-deluxe-rose-fonce-pastel\/"},"modified":"2025-12-12T05:31:22","modified_gmt":"2025-12-12T04:31:22","slug":"globber-go-up-deluxe-rose-fonce-pastel","status":"publish","type":"product","link":"https:\/\/www.globber.com\/ch\/fr\/product\/globber-go-up-deluxe-rose-fonce-pastel\/","title":{"rendered":"Globber | GO UP Deluxe | Rose fonc\u00e9 pastel"},"content":{"rendered":"<p data-start=\"118\" data-end=\"189\">Avec le GO\u2022UP DELUXE sur la route tous les jours \u2013 et de nombreuses fa\u00e7ons!<\/p>\n<p data-start=\"191\" data-end=\"516\">Le GO\u2022UP DELUXE est un Scooter \u00e0 3 roues avec si\u00e8ge qui se transforme facilement en d\u00e9rapage, en v\u00e9lo d'\u00e9quilibre et en Scooter pour enfant<br data-start=\"355\" data-end=\"358\" \/><br \/>\ns. Les modes glisseur et v\u00e9lo D'\u00e9quilibre sont id\u00e9aux pour les tout-petits de 15 \u00e0 36 mois, le mode Scooter est recommand\u00e9 pour les enfants de 3 \u00e0 9 ans et plu<\/p>\n<p>s<\/p>\n<p data-start=\"518\" data-end=\"825\">. \u00c9quip\u00e9 d'un syst\u00e8me de pliage brevet\u00e9, D'un syst\u00e8me de verrouillage de direction brevet\u00e9, d'une conception 100% sans outil, d'un si\u00e8ge et D'un guidon r\u00e9glables, d'un marchepied robuste et de roues en PU de haute qualit\u00e9, le GO\u2022UP DELUXE a tout ce dont il a besoin pour des ann\u00e9es de plaisir de je<\/p>\n<p>u<\/p>\n<p data-start=\"827\" data-end=\"890\">. Un compagnon de jeu fid\u00e8le \u2013 des tout-petits aux \u00e9colier<\/p>\n<p>s!<\/p>\n","protected":false},"excerpt":{"rendered":"<article dir=\"auto\" data-testid=\"conversation-turn-106\" data-scroll-anchor=\"true\">\n<div>\n<div>\n<div>\n<div>\n<div>\n<div dir=\"auto\" data-message-author-role=\"assistant\" data-message-id=\"6de0c7a8-81bf-4017-bd9d-b1e7a77cf18e\" data-message-model-slug=\"gpt-4o\">\n<div>\n<div>\n<p data-start=\"0\" data-end=\"66\"><strong>Scooter 3-en-1 avec si\u00e8ge pour tout-petits (15 mois \u2013 3 ans et plus)<\/strong><\/p>\n<\/div>\n<\/div>\n<\/div>\n<\/div>\n<\/div>\n<\/div>\n<\/div>\n<\/div>\n<\/article>\n","protected":false},"featured_media":25063,"comment_status":"open","ping_status":"closed","template":"","meta":{"_acf_changed":false,"inline_featured_image":false},"product-special-badges":[],"product_brand":[],"product_cat":[4798,4821,4829,4841,4843,4857],"product_tag":[],"class_list":{"0":"post-21571","1":"product","2":"type-product","3":"status-publish","4":"has-post-thumbnail","6":"product-badges-all-in-one-fr-2","7":"product-badges-foldable-fr","8":"product-badges-tool-less-fr","9":"product-badges-transformable-fr","10":"product_cat-serie-de-montee","11":"product_cat-scooter-pliable","12":"product_cat-scooter-avec-siege","13":"product_cat-tricycles-pour-bebes","14":"product_cat-trottinette-a-3-roues-pour-tous-les-ages","15":"product_cat-produits-pour-tout-petits","16":"pa_altersspanne-15-mois-a-9-ans","17":"pa_bremsen-composition-du-frein-arriere-mecanique","18":"pa_color-rosa-fr","19":"pa_deckmaterial-cadre-metallique-en-fibre-composite-pp","20":"pa_einstellbar-oui","21":"pa_empfohlene-benutzerhoehe-75-130-cm","22":"pa_faltbar-yes-fr","23":"pa_groesse-der-raeder-121mm-vorne-24mm-breit-fr","24":"pa_groesse-der-raeder-80mm-hinten-24mm-breit-fr","25":"pa_grose-der-brucke-b-12-5cm-xl-54-5cm","26":"pa_hohen-der-t-stangen-67-5-72-5-77-5-82-5cm-du-sol","27":"pa_maximales-benutzergewicht-mode-draisienne-20-kg-mode-trottinette-50-kg","28":"pa_produktgewicht-netto-4-00kg","29":"pa_produkttyp-mini-scooter","30":"pa_produkttyp-tricycle","31":"pa_sitzhoehen-27-29-31-cm-du-sol","33":"first","34":"instock","35":"taxable","36":"shipping-taxable","37":"product-type-variable"},"acf":[],"yoast_head":"<!-- This site is optimized with the Yoast SEO Premium plugin v20.12 (Yoast SEO v23.4) - https:\/\/yoast.com\/wordpress\/plugins\/seo\/ -->\n<title>Globber | GO UP Deluxe | Rose fonc\u00e9 pastel - Globber Scooter Schweiz<\/title>\n<meta name=\"robots\" content=\"index, follow, max-snippet:-1, max-image-preview:large, max-video-preview:-1\" \/>\n<link rel=\"canonical\" href=\"https:\/\/www.globber.com\/ch\/de\/product\/go-up-deluxe\/\" \/>\n<meta property=\"og:locale\" content=\"fr_FR\" \/>\n<meta property=\"og:type\" content=\"article\" \/>\n<meta property=\"og:title\" content=\"Globber | GO UP Deluxe | Rose fonc\u00e9 pastel - Globber Scooter Schweiz\" \/>\n<meta property=\"og:description\" content=\"Scooter 3-en-1 avec si\u00e8ge pour tout-petits (15 mois \u2013 3 ans et plus)\" \/>\n<meta property=\"og:url\" content=\"https:\/\/www.globber.com\/ch\/de\/product\/go-up-deluxe\/\" \/>\n<meta property=\"og:site_name\" content=\"Globber Scooter Schweiz\" \/>\n<meta property=\"article:modified_time\" content=\"2025-12-12T04:31:22+00:00\" \/>\n<meta property=\"og:image\" content=\"https:\/\/cdn.globber.com\/content\/2022\/11\/6383a497bcba0.jpg\" \/>\n\t<meta property=\"og:image:width\" content=\"1920\" \/>\n\t<meta property=\"og:image:height\" content=\"1920\" \/>\n\t<meta property=\"og:image:type\" content=\"image\/jpeg\" \/>\n<meta name=\"twitter:card\" content=\"summary_large_image\" \/>\n<meta name=\"twitter:label1\" content=\"Availability\" \/>\n\t<meta name=\"twitter:data1\" content=\"In stock\" \/>\n<script type=\"application\/ld+json\" class=\"yoast-schema-graph\">{\"@context\":\"https:\/\/schema.org\",\"@graph\":[{\"@type\":[\"WebPage\",\"ItemPage\"],\"@id\":\"https:\/\/www.globber.com\/ch\/de\/product\/go-up-deluxe\/\",\"url\":\"https:\/\/www.globber.com\/ch\/de\/product\/go-up-deluxe\/\",\"name\":\"Globber | GO UP Deluxe | Rose fonc\u00e9 pastel - Globber Scooter Schweiz\",\"isPartOf\":{\"@id\":\"https:\/\/www.globber.com\/ch\/fr\/#website\"},\"primaryImageOfPage\":{\"@id\":\"https:\/\/www.globber.com\/ch\/de\/product\/go-up-deluxe\/#primaryimage\"},\"image\":{\"@id\":\"https:\/\/www.globber.com\/ch\/de\/product\/go-up-deluxe\/#primaryimage\"},\"thumbnailUrl\":\"https:\/\/cdn.globber.com\/content\/2022\/11\/6383a497bcba0.jpg\",\"datePublished\":\"2022-11-28T13:01:42+00:00\",\"dateModified\":\"2025-12-12T04:31:22+00:00\",\"breadcrumb\":{\"@id\":\"https:\/\/www.globber.com\/ch\/de\/product\/go-up-deluxe\/#breadcrumb\"},\"inLanguage\":\"fr-CH\",\"potentialAction\":[{\"@type\":\"ReadAction\",\"target\":[\"https:\/\/www.globber.com\/ch\/de\/product\/go-up-deluxe\/\"]}]},{\"@type\":\"ImageObject\",\"inLanguage\":\"fr-CH\",\"@id\":\"https:\/\/www.globber.com\/ch\/de\/product\/go-up-deluxe\/#primaryimage\",\"url\":\"https:\/\/cdn.globber.com\/content\/2022\/11\/6383a497bcba0.jpg\",\"contentUrl\":\"https:\/\/cdn.globber.com\/content\/2022\/11\/6383a497bcba0.jpg\",\"width\":1920,\"height\":1920},{\"@type\":\"BreadcrumbList\",\"@id\":\"https:\/\/www.globber.com\/ch\/de\/product\/go-up-deluxe\/#breadcrumb\",\"itemListElement\":[{\"@type\":\"ListItem\",\"position\":1,\"name\":\"Shop\",\"item\":\"https:\/\/www.globber.com\/ch\/fr\/shop\/\"},{\"@type\":\"ListItem\",\"position\":2,\"name\":\"Globber | GO UP Deluxe | Rose fonc\u00e9 pastel\"}]},{\"@type\":\"WebSite\",\"@id\":\"https:\/\/www.globber.com\/ch\/fr\/#website\",\"url\":\"https:\/\/www.globber.com\/ch\/fr\/\",\"name\":\"Globber Scooter Schweiz\",\"description\":\"Der offizielle Online Shop\",\"publisher\":{\"@id\":\"https:\/\/www.globber.com\/ch\/fr\/#organization\"},\"potentialAction\":[{\"@type\":\"SearchAction\",\"target\":{\"@type\":\"EntryPoint\",\"urlTemplate\":\"https:\/\/www.globber.com\/ch\/fr\/?s={search_term_string}\"},\"query-input\":{\"@type\":\"PropertyValueSpecification\",\"valueRequired\":true,\"valueName\":\"search_term_string\"}}],\"inLanguage\":\"fr-CH\"},{\"@type\":\"Organization\",\"@id\":\"https:\/\/www.globber.com\/ch\/fr\/#organization\",\"name\":\"Globber Scooter Schweiz\",\"url\":\"https:\/\/www.globber.com\/ch\/fr\/\",\"logo\":{\"@type\":\"ImageObject\",\"inLanguage\":\"fr-CH\",\"@id\":\"https:\/\/www.globber.com\/ch\/fr\/#\/schema\/logo\/image\/\",\"url\":\"https:\/\/cdn.globber.com\/content\/2024\/05\/logo.svg\",\"contentUrl\":\"https:\/\/cdn.globber.com\/content\/2024\/05\/logo.svg\",\"width\":601,\"height\":112,\"caption\":\"Globber Scooter Schweiz\"},\"image\":{\"@id\":\"https:\/\/www.globber.com\/ch\/fr\/#\/schema\/logo\/image\/\"}}]}<\/script>\n<meta property=\"og:availability\" content=\"instock\" \/>\n<meta property=\"product:availability\" content=\"instock\" \/>\n<meta property=\"product:retailer_item_id\" content=\"644-XXX\" \/>\n<meta property=\"product:condition\" content=\"new\" \/>\n<!-- \/ Yoast SEO Premium plugin. -->","yoast_head_json":{"title":"Globber | GO UP Deluxe | Rose fonc\u00e9 pastel - Globber Scooter Schweiz","robots":{"index":"index","follow":"follow","max-snippet":"max-snippet:-1","max-image-preview":"max-image-preview:large","max-video-preview":"max-video-preview:-1"},"canonical":"https:\/\/www.globber.com\/ch\/de\/product\/go-up-deluxe\/","og_locale":"fr_FR","og_type":"article","og_title":"Globber | GO UP Deluxe | Rose fonc\u00e9 pastel - Globber Scooter Schweiz","og_description":"Scooter 3-en-1 avec si\u00e8ge pour tout-petits (15 mois \u2013 3 ans et plus)","og_url":"https:\/\/www.globber.com\/ch\/de\/product\/go-up-deluxe\/","og_site_name":"Globber Scooter Schweiz","article_modified_time":"2025-12-12T04:31:22+00:00","og_image":[{"width":1920,"height":1920,"url":"https:\/\/cdn.globber.com\/content\/2022\/11\/6383a497bcba0.jpg","type":"image\/jpeg"}],"twitter_card":"summary_large_image","twitter_misc":{"Availability":"In stock"},"schema":{"@context":"https:\/\/schema.org","@graph":[{"@type":["WebPage","ItemPage"],"@id":"https:\/\/www.globber.com\/ch\/de\/product\/go-up-deluxe\/","url":"https:\/\/www.globber.com\/ch\/de\/product\/go-up-deluxe\/","name":"Globber | GO UP Deluxe | Rose fonc\u00e9 pastel - Globber Scooter Schweiz","isPartOf":{"@id":"https:\/\/www.globber.com\/ch\/fr\/#website"},"primaryImageOfPage":{"@id":"https:\/\/www.globber.com\/ch\/de\/product\/go-up-deluxe\/#primaryimage"},"image":{"@id":"https:\/\/www.globber.com\/ch\/de\/product\/go-up-deluxe\/#primaryimage"},"thumbnailUrl":"https:\/\/cdn.globber.com\/content\/2022\/11\/6383a497bcba0.jpg","datePublished":"2022-11-28T13:01:42+00:00","dateModified":"2025-12-12T04:31:22+00:00","breadcrumb":{"@id":"https:\/\/www.globber.com\/ch\/de\/product\/go-up-deluxe\/#breadcrumb"},"inLanguage":"fr-CH","potentialAction":[{"@type":"ReadAction","target":["https:\/\/www.globber.com\/ch\/de\/product\/go-up-deluxe\/"]}]},{"@type":"ImageObject","inLanguage":"fr-CH","@id":"https:\/\/www.globber.com\/ch\/de\/product\/go-up-deluxe\/#primaryimage","url":"https:\/\/cdn.globber.com\/content\/2022\/11\/6383a497bcba0.jpg","contentUrl":"https:\/\/cdn.globber.com\/content\/2022\/11\/6383a497bcba0.jpg","width":1920,"height":1920},{"@type":"BreadcrumbList","@id":"https:\/\/www.globber.com\/ch\/de\/product\/go-up-deluxe\/#breadcrumb","itemListElement":[{"@type":"ListItem","position":1,"name":"Shop","item":"https:\/\/www.globber.com\/ch\/fr\/shop\/"},{"@type":"ListItem","position":2,"name":"Globber | GO UP Deluxe | Rose fonc\u00e9 pastel"}]},{"@type":"WebSite","@id":"https:\/\/www.globber.com\/ch\/fr\/#website","url":"https:\/\/www.globber.com\/ch\/fr\/","name":"Globber Scooter Schweiz","description":"Der offizielle Online Shop","publisher":{"@id":"https:\/\/www.globber.com\/ch\/fr\/#organization"},"potentialAction":[{"@type":"SearchAction","target":{"@type":"EntryPoint","urlTemplate":"https:\/\/www.globber.com\/ch\/fr\/?s={search_term_string}"},"query-input":{"@type":"PropertyValueSpecification","valueRequired":true,"valueName":"search_term_string"}}],"inLanguage":"fr-CH"},{"@type":"Organization","@id":"https:\/\/www.globber.com\/ch\/fr\/#organization","name":"Globber Scooter Schweiz","url":"https:\/\/www.globber.com\/ch\/fr\/","logo":{"@type":"ImageObject","inLanguage":"fr-CH","@id":"https:\/\/www.globber.com\/ch\/fr\/#\/schema\/logo\/image\/","url":"https:\/\/cdn.globber.com\/content\/2024\/05\/logo.svg","contentUrl":"https:\/\/cdn.globber.com\/content\/2024\/05\/logo.svg","width":601,"height":112,"caption":"Globber Scooter Schweiz"},"image":{"@id":"https:\/\/www.globber.com\/ch\/fr\/#\/schema\/logo\/image\/"}}]},"og_availability":"instock","product_availability":"instock","product_retailer_item_id":"644-XXX","product_condition":"new"},"_links":{"self":[{"href":"https:\/\/www.globber.com\/ch\/fr\/wp-json\/wp\/v2\/product\/21571","targetHints":{"allow":["GET"]}}],"collection":[{"href":"https:\/\/www.globber.com\/ch\/fr\/wp-json\/wp\/v2\/product"}],"about":[{"href":"https:\/\/www.globber.com\/ch\/fr\/wp-json\/wp\/v2\/types\/product"}],"replies":[{"embeddable":true,"href":"https:\/\/www.globber.com\/ch\/fr\/wp-json\/wp\/v2\/comments?post=21571"}],"wp:featuredmedia":[{"embeddable":true,"href":"https:\/\/www.globber.com\/ch\/fr\/wp-json\/wp\/v2\/media\/25063"}],"wp:attachment":[{"href":"https:\/\/www.globber.com\/ch\/fr\/wp-json\/wp\/v2\/media?parent=21571"}],"wp:term":[{"taxonomy":"product-special-badges","embeddable":true,"href":"https:\/\/www.globber.com\/ch\/fr\/wp-json\/wp\/v2\/product-special-badges?post=21571"},{"taxonomy":"product_brand","embeddable":true,"href":"https:\/\/www.globber.com\/ch\/fr\/wp-json\/wp\/v2\/product_brand?post=21571"},{"taxonomy":"product_cat","embeddable":true,"href":"https:\/\/www.globber.com\/ch\/fr\/wp-json\/wp\/v2\/product_cat?post=21571"},{"taxonomy":"product_tag","embeddable":true,"href":"https:\/\/www.globber.com\/ch\/fr\/wp-json\/wp\/v2\/product_tag?post=21571"}],"curies":[{"name":"wp","href":"https:\/\/api.w.org\/{rel}","templated":true}]}}