{"id":21575,"date":"2022-11-28T15:03:16","date_gmt":"2022-11-28T14:03:16","guid":{"rendered":"https:\/\/www.globber.com\/ch\/product\/globber-go-bike-elite-duo-rose-pastel\/"},"modified":"2026-01-12T05:27:39","modified_gmt":"2026-01-12T04:27:39","slug":"globber-go-bike-elite-duo-rose-pastel","status":"publish","type":"product","link":"https:\/\/www.globber.com\/ch\/fr\/product\/globber-go-bike-elite-duo-rose-pastel\/","title":{"rendered":"Globber | GO BIKE ELITE DUO | Rose pastel"},"content":{"rendered":"<p>Jeu de course libre pour toute la journ\u00e9e! Le GO BIKE ELITE DUO est un v\u00e9lo D'\u00e9quilibre r\u00e9glable con\u00e7u \u00e0 100% par Globber pour les tout-petits (2-5 ans) qui permet aux petits de marcher et de S'amuser pendant que les plus petits am\u00e9liorent leurs comp\u00e9tences en coordination, en direction et en motricit\u00e9<\/p>\n<p>.<\/p>\n<p>Le GO BIKE ELITE DUO aux couleurs vives est dot\u00e9 de deux roues arri\u00e8re en TPE de 10 pouces de haute qualit\u00e9 pour aider les tout-petits \u00e0 apprendre l'\u00e9quilibre, d'un cadre robuste et durable avec poign\u00e9e de transport et repose-pieds, d'une selle r\u00e9glable en deux hauteurs pour une durabilit\u00e9 accrue et d'une autre poign\u00e9e de transport, D'un<\/p>\n<p>!<\/p>\n<p>&nbsp;<\/p>\n","protected":false},"excerpt":{"rendered":"<p><strong>V\u00e9lo D'\u00e9quilibre r\u00e9glable pour les tout-petits (2-5 ans)<\/strong><\/p>\n","protected":false},"featured_media":25470,"comment_status":"open","ping_status":"closed","template":"","meta":{"_acf_changed":false,"inline_featured_image":false},"product-special-badges":[],"product_brand":[],"product_cat":[4800,4830,4857],"product_tag":[],"class_list":{"0":"post-21575","1":"product","2":"type-product","3":"status-publish","4":"has-post-thumbnail","6":"product-badges-dual-coloured-fr-2","7":"product-badges-adjustable-fr","8":"product-badges-tool-less-fr","9":"product_cat-serie-go-bike","10":"product_cat-velos-dequilibre","11":"product_cat-produits-pour-tout-petits","12":"pa_altersspanne-2-a-5-ans","13":"pa_color-menthe","14":"pa_color-rose-pastel","15":"pa_einstellbar-oui","16":"pa_empfohlene-benutzerhoehe-85-105-cm","17":"pa_faltbar-no-fr","18":"pa_groesse-der-raeder-254mm-10-zoll-hinten-fr","19":"pa_groesse-der-raeder-254mm-10-zoll-vorne-fr","20":"pa_groesse-der-raeder-tpe-fr","21":"pa_maximales-benutzergewicht-20-kg","22":"pa_produktgewicht-netto-4-a-10-kg","23":"pa_sitzhoehen-33-a-42-cm-du-sol","25":"first","26":"instock","27":"purchasable","28":"product-type-variable"},"acf":[],"yoast_head":"<!-- This site is optimized with the Yoast SEO Premium plugin v20.12 (Yoast SEO v23.4) - https:\/\/yoast.com\/wordpress\/plugins\/seo\/ -->\n<title>Globber | GO BIKE ELITE DUO | Rose pastel - Globber Scooter Schweiz<\/title>\n<meta name=\"robots\" content=\"index, follow, max-snippet:-1, max-image-preview:large, max-video-preview:-1\" \/>\n<link rel=\"canonical\" href=\"https:\/\/www.globber.com\/ch\/de\/product\/go-bike-elite-duo\/\" \/>\n<meta property=\"og:locale\" content=\"fr_FR\" \/>\n<meta property=\"og:type\" content=\"article\" \/>\n<meta property=\"og:title\" content=\"Globber | GO BIKE ELITE DUO | Rose pastel - Globber Scooter Schweiz\" \/>\n<meta property=\"og:description\" content=\"V\u00e9lo D&#039;\u00e9quilibre r\u00e9glable pour les tout-petits (2-5 ans)\" \/>\n<meta property=\"og:url\" content=\"https:\/\/www.globber.com\/ch\/de\/product\/go-bike-elite-duo\/\" \/>\n<meta property=\"og:site_name\" content=\"Globber Scooter Schweiz\" \/>\n<meta property=\"article:modified_time\" content=\"2026-01-12T04:27:39+00:00\" \/>\n<meta property=\"og:image\" content=\"https:\/\/cdn.globber.com\/content\/2022\/12\/712-210_adjustable-toddler-balance-bike.jpg\" \/>\n\t<meta property=\"og:image:width\" content=\"1920\" \/>\n\t<meta property=\"og:image:height\" content=\"1920\" \/>\n\t<meta property=\"og:image:type\" content=\"image\/jpeg\" \/>\n<meta name=\"twitter:card\" content=\"summary_large_image\" \/>\n<meta name=\"twitter:label1\" content=\"Availability\" \/>\n\t<meta name=\"twitter:data1\" content=\"In stock\" \/>\n<script type=\"application\/ld+json\" class=\"yoast-schema-graph\">{\"@context\":\"https:\/\/schema.org\",\"@graph\":[{\"@type\":[\"WebPage\",\"ItemPage\"],\"@id\":\"https:\/\/www.globber.com\/ch\/de\/product\/go-bike-elite-duo\/\",\"url\":\"https:\/\/www.globber.com\/ch\/de\/product\/go-bike-elite-duo\/\",\"name\":\"Globber | GO BIKE ELITE DUO | Rose pastel - Globber Scooter Schweiz\",\"isPartOf\":{\"@id\":\"https:\/\/www.globber.com\/ch\/fr\/#website\"},\"primaryImageOfPage\":{\"@id\":\"https:\/\/www.globber.com\/ch\/de\/product\/go-bike-elite-duo\/#primaryimage\"},\"image\":{\"@id\":\"https:\/\/www.globber.com\/ch\/de\/product\/go-bike-elite-duo\/#primaryimage\"},\"thumbnailUrl\":\"https:\/\/cdn.globber.com\/content\/2022\/12\/712-210_adjustable-toddler-balance-bike.jpg\",\"datePublished\":\"2022-11-28T14:03:16+00:00\",\"dateModified\":\"2026-01-12T04:27:39+00:00\",\"breadcrumb\":{\"@id\":\"https:\/\/www.globber.com\/ch\/de\/product\/go-bike-elite-duo\/#breadcrumb\"},\"inLanguage\":\"fr-CH\",\"potentialAction\":[{\"@type\":\"ReadAction\",\"target\":[\"https:\/\/www.globber.com\/ch\/de\/product\/go-bike-elite-duo\/\"]}]},{\"@type\":\"ImageObject\",\"inLanguage\":\"fr-CH\",\"@id\":\"https:\/\/www.globber.com\/ch\/de\/product\/go-bike-elite-duo\/#primaryimage\",\"url\":\"https:\/\/cdn.globber.com\/content\/2022\/12\/712-210_adjustable-toddler-balance-bike.jpg\",\"contentUrl\":\"https:\/\/cdn.globber.com\/content\/2022\/12\/712-210_adjustable-toddler-balance-bike.jpg\",\"width\":1920,\"height\":1920},{\"@type\":\"BreadcrumbList\",\"@id\":\"https:\/\/www.globber.com\/ch\/de\/product\/go-bike-elite-duo\/#breadcrumb\",\"itemListElement\":[{\"@type\":\"ListItem\",\"position\":1,\"name\":\"Shop\",\"item\":\"https:\/\/www.globber.com\/ch\/fr\/shop\/\"},{\"@type\":\"ListItem\",\"position\":2,\"name\":\"Globber | GO BIKE ELITE DUO | Rose pastel\"}]},{\"@type\":\"WebSite\",\"@id\":\"https:\/\/www.globber.com\/ch\/fr\/#website\",\"url\":\"https:\/\/www.globber.com\/ch\/fr\/\",\"name\":\"Globber Scooter Schweiz\",\"description\":\"Der offizielle Online Shop\",\"publisher\":{\"@id\":\"https:\/\/www.globber.com\/ch\/fr\/#organization\"},\"potentialAction\":[{\"@type\":\"SearchAction\",\"target\":{\"@type\":\"EntryPoint\",\"urlTemplate\":\"https:\/\/www.globber.com\/ch\/fr\/?s={search_term_string}\"},\"query-input\":{\"@type\":\"PropertyValueSpecification\",\"valueRequired\":true,\"valueName\":\"search_term_string\"}}],\"inLanguage\":\"fr-CH\"},{\"@type\":\"Organization\",\"@id\":\"https:\/\/www.globber.com\/ch\/fr\/#organization\",\"name\":\"Globber Scooter Schweiz\",\"url\":\"https:\/\/www.globber.com\/ch\/fr\/\",\"logo\":{\"@type\":\"ImageObject\",\"inLanguage\":\"fr-CH\",\"@id\":\"https:\/\/www.globber.com\/ch\/fr\/#\/schema\/logo\/image\/\",\"url\":\"https:\/\/cdn.globber.com\/content\/2024\/05\/logo.svg\",\"contentUrl\":\"https:\/\/cdn.globber.com\/content\/2024\/05\/logo.svg\",\"width\":601,\"height\":112,\"caption\":\"Globber Scooter Schweiz\"},\"image\":{\"@id\":\"https:\/\/www.globber.com\/ch\/fr\/#\/schema\/logo\/image\/\"}}]}<\/script>\n<meta property=\"og:availability\" content=\"instock\" \/>\n<meta property=\"product:availability\" content=\"instock\" \/>\n<meta property=\"product:retailer_item_id\" content=\"712-XXX\" \/>\n<meta property=\"product:condition\" content=\"new\" \/>\n<!-- \/ Yoast SEO Premium plugin. -->","yoast_head_json":{"title":"Globber | GO BIKE ELITE DUO | Rose pastel - Globber Scooter Schweiz","robots":{"index":"index","follow":"follow","max-snippet":"max-snippet:-1","max-image-preview":"max-image-preview:large","max-video-preview":"max-video-preview:-1"},"canonical":"https:\/\/www.globber.com\/ch\/de\/product\/go-bike-elite-duo\/","og_locale":"fr_FR","og_type":"article","og_title":"Globber | GO BIKE ELITE DUO | Rose pastel - Globber Scooter Schweiz","og_description":"V\u00e9lo D'\u00e9quilibre r\u00e9glable pour les tout-petits (2-5 ans)","og_url":"https:\/\/www.globber.com\/ch\/de\/product\/go-bike-elite-duo\/","og_site_name":"Globber Scooter Schweiz","article_modified_time":"2026-01-12T04:27:39+00:00","og_image":[{"width":1920,"height":1920,"url":"https:\/\/cdn.globber.com\/content\/2022\/12\/712-210_adjustable-toddler-balance-bike.jpg","type":"image\/jpeg"}],"twitter_card":"summary_large_image","twitter_misc":{"Availability":"In stock"},"schema":{"@context":"https:\/\/schema.org","@graph":[{"@type":["WebPage","ItemPage"],"@id":"https:\/\/www.globber.com\/ch\/de\/product\/go-bike-elite-duo\/","url":"https:\/\/www.globber.com\/ch\/de\/product\/go-bike-elite-duo\/","name":"Globber | GO BIKE ELITE DUO | Rose pastel - Globber Scooter Schweiz","isPartOf":{"@id":"https:\/\/www.globber.com\/ch\/fr\/#website"},"primaryImageOfPage":{"@id":"https:\/\/www.globber.com\/ch\/de\/product\/go-bike-elite-duo\/#primaryimage"},"image":{"@id":"https:\/\/www.globber.com\/ch\/de\/product\/go-bike-elite-duo\/#primaryimage"},"thumbnailUrl":"https:\/\/cdn.globber.com\/content\/2022\/12\/712-210_adjustable-toddler-balance-bike.jpg","datePublished":"2022-11-28T14:03:16+00:00","dateModified":"2026-01-12T04:27:39+00:00","breadcrumb":{"@id":"https:\/\/www.globber.com\/ch\/de\/product\/go-bike-elite-duo\/#breadcrumb"},"inLanguage":"fr-CH","potentialAction":[{"@type":"ReadAction","target":["https:\/\/www.globber.com\/ch\/de\/product\/go-bike-elite-duo\/"]}]},{"@type":"ImageObject","inLanguage":"fr-CH","@id":"https:\/\/www.globber.com\/ch\/de\/product\/go-bike-elite-duo\/#primaryimage","url":"https:\/\/cdn.globber.com\/content\/2022\/12\/712-210_adjustable-toddler-balance-bike.jpg","contentUrl":"https:\/\/cdn.globber.com\/content\/2022\/12\/712-210_adjustable-toddler-balance-bike.jpg","width":1920,"height":1920},{"@type":"BreadcrumbList","@id":"https:\/\/www.globber.com\/ch\/de\/product\/go-bike-elite-duo\/#breadcrumb","itemListElement":[{"@type":"ListItem","position":1,"name":"Shop","item":"https:\/\/www.globber.com\/ch\/fr\/shop\/"},{"@type":"ListItem","position":2,"name":"Globber | GO BIKE ELITE DUO | Rose pastel"}]},{"@type":"WebSite","@id":"https:\/\/www.globber.com\/ch\/fr\/#website","url":"https:\/\/www.globber.com\/ch\/fr\/","name":"Globber Scooter Schweiz","description":"Der offizielle Online Shop","publisher":{"@id":"https:\/\/www.globber.com\/ch\/fr\/#organization"},"potentialAction":[{"@type":"SearchAction","target":{"@type":"EntryPoint","urlTemplate":"https:\/\/www.globber.com\/ch\/fr\/?s={search_term_string}"},"query-input":{"@type":"PropertyValueSpecification","valueRequired":true,"valueName":"search_term_string"}}],"inLanguage":"fr-CH"},{"@type":"Organization","@id":"https:\/\/www.globber.com\/ch\/fr\/#organization","name":"Globber Scooter Schweiz","url":"https:\/\/www.globber.com\/ch\/fr\/","logo":{"@type":"ImageObject","inLanguage":"fr-CH","@id":"https:\/\/www.globber.com\/ch\/fr\/#\/schema\/logo\/image\/","url":"https:\/\/cdn.globber.com\/content\/2024\/05\/logo.svg","contentUrl":"https:\/\/cdn.globber.com\/content\/2024\/05\/logo.svg","width":601,"height":112,"caption":"Globber Scooter Schweiz"},"image":{"@id":"https:\/\/www.globber.com\/ch\/fr\/#\/schema\/logo\/image\/"}}]},"og_availability":"instock","product_availability":"instock","product_retailer_item_id":"712-XXX","product_condition":"new"},"_links":{"self":[{"href":"https:\/\/www.globber.com\/ch\/fr\/wp-json\/wp\/v2\/product\/21575","targetHints":{"allow":["GET"]}}],"collection":[{"href":"https:\/\/www.globber.com\/ch\/fr\/wp-json\/wp\/v2\/product"}],"about":[{"href":"https:\/\/www.globber.com\/ch\/fr\/wp-json\/wp\/v2\/types\/product"}],"replies":[{"embeddable":true,"href":"https:\/\/www.globber.com\/ch\/fr\/wp-json\/wp\/v2\/comments?post=21575"}],"wp:featuredmedia":[{"embeddable":true,"href":"https:\/\/www.globber.com\/ch\/fr\/wp-json\/wp\/v2\/media\/25470"}],"wp:attachment":[{"href":"https:\/\/www.globber.com\/ch\/fr\/wp-json\/wp\/v2\/media?parent=21575"}],"wp:term":[{"taxonomy":"product-special-badges","embeddable":true,"href":"https:\/\/www.globber.com\/ch\/fr\/wp-json\/wp\/v2\/product-special-badges?post=21575"},{"taxonomy":"product_brand","embeddable":true,"href":"https:\/\/www.globber.com\/ch\/fr\/wp-json\/wp\/v2\/product_brand?post=21575"},{"taxonomy":"product_cat","embeddable":true,"href":"https:\/\/www.globber.com\/ch\/fr\/wp-json\/wp\/v2\/product_cat?post=21575"},{"taxonomy":"product_tag","embeddable":true,"href":"https:\/\/www.globber.com\/ch\/fr\/wp-json\/wp\/v2\/product_tag?post=21575"}],"curies":[{"name":"wp","href":"https:\/\/api.w.org\/{rel}","templated":true}]}}