{"id":21576,"date":"2022-11-28T15:03:42","date_gmt":"2025-12-09T07:06:08","guid":{"rendered":"https:\/\/www.globber.com\/ch\/product\/globber-junior-foldable-lights-vert-emeraude\/"},"modified":"2025-12-09T08:06:17","modified_gmt":"2025-12-09T07:06:17","slug":"globber-junior-foldable-lights-vert-emeraude","status":"publish","type":"product","link":"https:\/\/www.globber.com\/ch\/fr\/product\/globber-junior-foldable-lights-vert-emeraude\/","title":{"rendered":"Globber | Junior Foldable Lights | Vert \u00e9meraude"},"content":{"rendered":"<p><p data-start=\"0\" data-end=\"93\">Peut-on faire de la trottinette \u00e0 2 ans&nbsp;? Avec la trottinette JUNIOR FOLDABLE LIGHTS, c'est tout \u00e0 fait possible&nbsp;! Cette trottinette 3 roues avec \u00e9clairage LED a \u00e9t\u00e9 sp\u00e9cialement con\u00e7ue pour les tout-petits et offre toutes les caract\u00e9ristiques essentielles de notre trottinette 3 roues classique pour enfants&nbsp;:<\/p>\n<ul>\n<li data-start=\"0\" data-end=\"93\">Syst\u00e8me brevet\u00e9 de verrouillage de direction et de pliage avec bouton<\/li>\n<li data-start=\"0\" data-end=\"93\">-poussoir Guidon en T r\u00e9glable<\/li>\n<\/ul>\n<p data-start=\"360\" data-end=\"543\">Mais le meilleur dans tout \u00e7a : tout a \u00e9t\u00e9 adapt\u00e9 aux besoins des enfants de 2 ans, avec un plateau large et bas et des roues LED sans pile qui s'illuminent pendant la conduite. Parfait pour les petits aventuriers qui souhaitent participer aux balades en trottinette : plus ils roulent vite, plus ils brillent !<\/p><\/p>\n","protected":false},"excerpt":{"rendered":"<p>Scooter lumineux pour les tout-petits (\u00e0 partir de 2 ans)<\/p>\n","protected":false},"featured_media":26038,"comment_status":"closed","ping_status":"open","template":"","meta":{"_acf_changed":false,"inline_featured_image":false},"product-special-badges":[],"product_brand":[],"product_cat":[4796,4821,4832,4843,4847,4857],"product_tag":[],"class_list":{"0":"post-21576","1":"product","2":"type-product","3":"status-publish","4":"has-post-thumbnail","6":"product-badges-adjustable-fr","7":"product-badges-foldable-fr","8":"product-badges-light-up-fr","9":"product_cat-serie-junior","10":"product_cat-scooter-pliable","11":"product_cat-scooter-leger","12":"product_cat-trottinette-a-3-roues-pour-tous-les-ages","13":"product_cat-enfants-a-3-roues","14":"product_cat-produits-pour-tout-petits","15":"pa_altersspanne-2-6-ans","16":"pa_bremsen-composition-du-frein-arriere-mecanique","17":"pa_color-rose","18":"pa_color-vert","19":"pa_deckmaterial-cadre-metallique-en-fibre-composite-pp","20":"pa_einstellbar-oui","21":"pa_empfohlene-benutzerhoehe-85-110-cm","22":"pa_faltbar-yes-fr","23":"pa_groesse-der-raeder-121mm-vorne-24mm-breit-fr","24":"pa_groesse-der-raeder-80mm-hinten-24mm-breit-fr","25":"pa_groesse-der-raeder-pu-guss-mit-hoher-rueckfederung","26":"pa_grose-der-brucke-b-12-5cm-xl-54-5cm","27":"pa_hohen-der-t-stangen-54-61-68-cm-du-sol","28":"pa_maximales-benutzergewicht-50-kg","29":"pa_produktgewicht-netto-2-46-kg","30":"pa_produkttyp-mini-scooter","32":"first","33":"instock","34":"taxable","35":"shipping-taxable","36":"purchasable","37":"product-type-variable"},"acf":[],"yoast_head":"<!-- This site is optimized with the Yoast SEO Premium plugin v20.12 (Yoast SEO v23.4) - https:\/\/yoast.com\/wordpress\/plugins\/seo\/ -->\n<title>Globber | Junior Foldable Lights | Vert \u00e9meraude - Globber Scooter Schweiz<\/title>\n<meta name=\"robots\" content=\"index, follow, max-snippet:-1, max-image-preview:large, max-video-preview:-1\" \/>\n<link rel=\"canonical\" href=\"https:\/\/www.globber.com\/ch\/de\/product\/junior-foldable-lights\/\" \/>\n<meta property=\"og:locale\" content=\"fr_FR\" \/>\n<meta property=\"og:type\" content=\"article\" \/>\n<meta property=\"og:title\" content=\"Globber | Junior Foldable Lights | Vert \u00e9meraude - Globber Scooter Schweiz\" \/>\n<meta property=\"og:description\" content=\"Scooter lumineux pour les tout-petits (\u00e0 partir de 2 ans)\" \/>\n<meta property=\"og:url\" content=\"https:\/\/www.globber.com\/ch\/de\/product\/junior-foldable-lights\/\" \/>\n<meta property=\"og:site_name\" content=\"Globber Scooter Schweiz\" \/>\n<meta property=\"article:modified_time\" content=\"2025-12-09T07:06:17+00:00\" \/>\n<meta property=\"og:image\" content=\"https:\/\/cdn.globber.com\/content\/2022\/11\/6383a03c757ca.jpg\" \/>\n\t<meta property=\"og:image:width\" content=\"1920\" \/>\n\t<meta property=\"og:image:height\" content=\"1920\" \/>\n\t<meta property=\"og:image:type\" content=\"image\/jpeg\" \/>\n<meta name=\"twitter:card\" content=\"summary_large_image\" \/>\n<meta name=\"twitter:label1\" content=\"Availability\" \/>\n\t<meta name=\"twitter:data1\" content=\"In stock\" \/>\n<script type=\"application\/ld+json\" class=\"yoast-schema-graph\">{\"@context\":\"https:\/\/schema.org\",\"@graph\":[{\"@type\":[\"WebPage\",\"ItemPage\"],\"@id\":\"https:\/\/www.globber.com\/ch\/de\/product\/junior-foldable-lights\/\",\"url\":\"https:\/\/www.globber.com\/ch\/de\/product\/junior-foldable-lights\/\",\"name\":\"Globber | Junior Foldable Lights | Vert \u00e9meraude - Globber Scooter Schweiz\",\"isPartOf\":{\"@id\":\"https:\/\/www.globber.com\/ch\/fr\/#website\"},\"primaryImageOfPage\":{\"@id\":\"https:\/\/www.globber.com\/ch\/de\/product\/junior-foldable-lights\/#primaryimage\"},\"image\":{\"@id\":\"https:\/\/www.globber.com\/ch\/de\/product\/junior-foldable-lights\/#primaryimage\"},\"thumbnailUrl\":\"https:\/\/cdn.globber.com\/content\/2022\/11\/6383a03c757ca.jpg\",\"datePublished\":\"2025-12-09T07:06:08+00:00\",\"dateModified\":\"2025-12-09T07:06:17+00:00\",\"breadcrumb\":{\"@id\":\"https:\/\/www.globber.com\/ch\/de\/product\/junior-foldable-lights\/#breadcrumb\"},\"inLanguage\":\"fr-CH\",\"potentialAction\":[{\"@type\":\"ReadAction\",\"target\":[\"https:\/\/www.globber.com\/ch\/de\/product\/junior-foldable-lights\/\"]}]},{\"@type\":\"ImageObject\",\"inLanguage\":\"fr-CH\",\"@id\":\"https:\/\/www.globber.com\/ch\/de\/product\/junior-foldable-lights\/#primaryimage\",\"url\":\"https:\/\/cdn.globber.com\/content\/2022\/11\/6383a03c757ca.jpg\",\"contentUrl\":\"https:\/\/cdn.globber.com\/content\/2022\/11\/6383a03c757ca.jpg\",\"width\":1920,\"height\":1920},{\"@type\":\"BreadcrumbList\",\"@id\":\"https:\/\/www.globber.com\/ch\/de\/product\/junior-foldable-lights\/#breadcrumb\",\"itemListElement\":[{\"@type\":\"ListItem\",\"position\":1,\"name\":\"Shop\",\"item\":\"https:\/\/www.globber.com\/ch\/fr\/shop\/\"},{\"@type\":\"ListItem\",\"position\":2,\"name\":\"Globber | Junior Foldable Lights | Vert \u00e9meraude\"}]},{\"@type\":\"WebSite\",\"@id\":\"https:\/\/www.globber.com\/ch\/fr\/#website\",\"url\":\"https:\/\/www.globber.com\/ch\/fr\/\",\"name\":\"Globber Scooter Schweiz\",\"description\":\"Der offizielle Online Shop\",\"publisher\":{\"@id\":\"https:\/\/www.globber.com\/ch\/fr\/#organization\"},\"potentialAction\":[{\"@type\":\"SearchAction\",\"target\":{\"@type\":\"EntryPoint\",\"urlTemplate\":\"https:\/\/www.globber.com\/ch\/fr\/?s={search_term_string}\"},\"query-input\":{\"@type\":\"PropertyValueSpecification\",\"valueRequired\":true,\"valueName\":\"search_term_string\"}}],\"inLanguage\":\"fr-CH\"},{\"@type\":\"Organization\",\"@id\":\"https:\/\/www.globber.com\/ch\/fr\/#organization\",\"name\":\"Globber Scooter Schweiz\",\"url\":\"https:\/\/www.globber.com\/ch\/fr\/\",\"logo\":{\"@type\":\"ImageObject\",\"inLanguage\":\"fr-CH\",\"@id\":\"https:\/\/www.globber.com\/ch\/fr\/#\/schema\/logo\/image\/\",\"url\":\"https:\/\/cdn.globber.com\/content\/2024\/05\/logo.svg\",\"contentUrl\":\"https:\/\/cdn.globber.com\/content\/2024\/05\/logo.svg\",\"width\":601,\"height\":112,\"caption\":\"Globber Scooter Schweiz\"},\"image\":{\"@id\":\"https:\/\/www.globber.com\/ch\/fr\/#\/schema\/logo\/image\/\"}}]}<\/script>\n<meta property=\"og:availability\" content=\"instock\" \/>\n<meta property=\"product:availability\" content=\"instock\" \/>\n<meta property=\"product:retailer_item_id\" content=\"437-XXX\" \/>\n<meta property=\"product:condition\" content=\"new\" \/>\n<!-- \/ Yoast SEO Premium plugin. -->","yoast_head_json":{"title":"Globber | Junior Foldable Lights | Vert \u00e9meraude - Globber Scooter Schweiz","robots":{"index":"index","follow":"follow","max-snippet":"max-snippet:-1","max-image-preview":"max-image-preview:large","max-video-preview":"max-video-preview:-1"},"canonical":"https:\/\/www.globber.com\/ch\/de\/product\/junior-foldable-lights\/","og_locale":"fr_FR","og_type":"article","og_title":"Globber | Junior Foldable Lights | Vert \u00e9meraude - Globber Scooter Schweiz","og_description":"Scooter lumineux pour les tout-petits (\u00e0 partir de 2 ans)","og_url":"https:\/\/www.globber.com\/ch\/de\/product\/junior-foldable-lights\/","og_site_name":"Globber Scooter Schweiz","article_modified_time":"2025-12-09T07:06:17+00:00","og_image":[{"width":1920,"height":1920,"url":"https:\/\/cdn.globber.com\/content\/2022\/11\/6383a03c757ca.jpg","type":"image\/jpeg"}],"twitter_card":"summary_large_image","twitter_misc":{"Availability":"In stock"},"schema":{"@context":"https:\/\/schema.org","@graph":[{"@type":["WebPage","ItemPage"],"@id":"https:\/\/www.globber.com\/ch\/de\/product\/junior-foldable-lights\/","url":"https:\/\/www.globber.com\/ch\/de\/product\/junior-foldable-lights\/","name":"Globber | Junior Foldable Lights | Vert \u00e9meraude - Globber Scooter Schweiz","isPartOf":{"@id":"https:\/\/www.globber.com\/ch\/fr\/#website"},"primaryImageOfPage":{"@id":"https:\/\/www.globber.com\/ch\/de\/product\/junior-foldable-lights\/#primaryimage"},"image":{"@id":"https:\/\/www.globber.com\/ch\/de\/product\/junior-foldable-lights\/#primaryimage"},"thumbnailUrl":"https:\/\/cdn.globber.com\/content\/2022\/11\/6383a03c757ca.jpg","datePublished":"2025-12-09T07:06:08+00:00","dateModified":"2025-12-09T07:06:17+00:00","breadcrumb":{"@id":"https:\/\/www.globber.com\/ch\/de\/product\/junior-foldable-lights\/#breadcrumb"},"inLanguage":"fr-CH","potentialAction":[{"@type":"ReadAction","target":["https:\/\/www.globber.com\/ch\/de\/product\/junior-foldable-lights\/"]}]},{"@type":"ImageObject","inLanguage":"fr-CH","@id":"https:\/\/www.globber.com\/ch\/de\/product\/junior-foldable-lights\/#primaryimage","url":"https:\/\/cdn.globber.com\/content\/2022\/11\/6383a03c757ca.jpg","contentUrl":"https:\/\/cdn.globber.com\/content\/2022\/11\/6383a03c757ca.jpg","width":1920,"height":1920},{"@type":"BreadcrumbList","@id":"https:\/\/www.globber.com\/ch\/de\/product\/junior-foldable-lights\/#breadcrumb","itemListElement":[{"@type":"ListItem","position":1,"name":"Shop","item":"https:\/\/www.globber.com\/ch\/fr\/shop\/"},{"@type":"ListItem","position":2,"name":"Globber | Junior Foldable Lights | Vert \u00e9meraude"}]},{"@type":"WebSite","@id":"https:\/\/www.globber.com\/ch\/fr\/#website","url":"https:\/\/www.globber.com\/ch\/fr\/","name":"Globber Scooter Schweiz","description":"Der offizielle Online Shop","publisher":{"@id":"https:\/\/www.globber.com\/ch\/fr\/#organization"},"potentialAction":[{"@type":"SearchAction","target":{"@type":"EntryPoint","urlTemplate":"https:\/\/www.globber.com\/ch\/fr\/?s={search_term_string}"},"query-input":{"@type":"PropertyValueSpecification","valueRequired":true,"valueName":"search_term_string"}}],"inLanguage":"fr-CH"},{"@type":"Organization","@id":"https:\/\/www.globber.com\/ch\/fr\/#organization","name":"Globber Scooter Schweiz","url":"https:\/\/www.globber.com\/ch\/fr\/","logo":{"@type":"ImageObject","inLanguage":"fr-CH","@id":"https:\/\/www.globber.com\/ch\/fr\/#\/schema\/logo\/image\/","url":"https:\/\/cdn.globber.com\/content\/2024\/05\/logo.svg","contentUrl":"https:\/\/cdn.globber.com\/content\/2024\/05\/logo.svg","width":601,"height":112,"caption":"Globber Scooter Schweiz"},"image":{"@id":"https:\/\/www.globber.com\/ch\/fr\/#\/schema\/logo\/image\/"}}]},"og_availability":"instock","product_availability":"instock","product_retailer_item_id":"437-XXX","product_condition":"new"},"_links":{"self":[{"href":"https:\/\/www.globber.com\/ch\/fr\/wp-json\/wp\/v2\/product\/21576","targetHints":{"allow":["GET"]}}],"collection":[{"href":"https:\/\/www.globber.com\/ch\/fr\/wp-json\/wp\/v2\/product"}],"about":[{"href":"https:\/\/www.globber.com\/ch\/fr\/wp-json\/wp\/v2\/types\/product"}],"replies":[{"embeddable":true,"href":"https:\/\/www.globber.com\/ch\/fr\/wp-json\/wp\/v2\/comments?post=21576"}],"wp:featuredmedia":[{"embeddable":true,"href":"https:\/\/www.globber.com\/ch\/fr\/wp-json\/wp\/v2\/media\/26038"}],"wp:attachment":[{"href":"https:\/\/www.globber.com\/ch\/fr\/wp-json\/wp\/v2\/media?parent=21576"}],"wp:term":[{"taxonomy":"product-special-badges","embeddable":true,"href":"https:\/\/www.globber.com\/ch\/fr\/wp-json\/wp\/v2\/product-special-badges?post=21576"},{"taxonomy":"product_brand","embeddable":true,"href":"https:\/\/www.globber.com\/ch\/fr\/wp-json\/wp\/v2\/product_brand?post=21576"},{"taxonomy":"product_cat","embeddable":true,"href":"https:\/\/www.globber.com\/ch\/fr\/wp-json\/wp\/v2\/product_cat?post=21576"},{"taxonomy":"product_tag","embeddable":true,"href":"https:\/\/www.globber.com\/ch\/fr\/wp-json\/wp\/v2\/product_tag?post=21576"}],"curies":[{"name":"wp","href":"https:\/\/api.w.org\/{rel}","templated":true}]}}