{"id":21577,"date":"2022-11-28T15:03:55","date_gmt":"2025-12-09T07:06:08","guid":{"rendered":"https:\/\/www.globber.com\/ch\/product\/globber-junior-foldable-fantasy-light-menthe\/"},"modified":"2025-12-09T08:06:18","modified_gmt":"2025-12-09T07:06:18","slug":"globber-junior-foldable-fantasy-light-menthe","status":"publish","type":"product","link":"https:\/\/www.globber.com\/ch\/fr\/product\/globber-junior-foldable-fantasy-light-menthe\/","title":{"rendered":"Globber | Junior Foldable Fantasy Light | Menthe"},"content":{"rendered":"<p><p data-start=\"0\" data-end=\"123\">Avec les JUNIOR FOLDABLE FANTASY LIGHTS, le monde devient plus color\u00e9, amusant et color\u00e9! Sp\u00e9cialement con\u00e7u pour les tout-petits, ce scooter pour tout-petits est rempli de lumi\u00e8res LED avec toutes les principales caract\u00e9ristiques de notre scooter pour enfants \u00e0 3 roues signature: des motifs et des couleurs sympas sur le pont, un syst\u00e8me brevet\u00e9 de verrouillage de la direction et de pliage \u00e0 bouton-poussoir, un guidon en T r\u00e9glable repens\u00e9 pour les enfants de!<\/p><\/p>\n","protected":false},"excerpt":{"rendered":"<article class=\"text-token-text-primary w-full\" dir=\"auto\" data-testid=\"conversation-turn-258\" data-scroll-anchor=\"true\">\n<div class=\"text-base my-auto mx-auto py-5 [--thread-content-margin:--spacing(4)] @[37rem]:[--thread-content-margin:--spacing(6)] @[70rem]:[--thread-content-margin:--spacing(12)] px-(--thread-content-margin)\">\n<div class=\"[--thread-content-max-width:32rem] @[34rem]:[--thread-content-max-width:40rem] @[64rem]:[--thread-content-max-width:48rem] mx-auto flex max-w-(--thread-content-max-width) flex-1 text-base gap-4 md:gap-5 lg:gap-6 group\/turn-messages focus-visible:outline-hidden\">\n<div class=\"group\/conversation-turn relative flex w-full min-w-0 flex-col agent-turn\">\n<div class=\"relative flex-col gap-1 md:gap-3\">\n<div class=\"flex max-w-full flex-col grow\">\n<div class=\"min-h-8 text-message relative flex w-full flex-col items-end gap-2 text-start break-words whitespace-normal [.text-message+&amp;]:mt-5\" dir=\"auto\" data-message-author-role=\"assistant\" data-message-id=\"832e8840-4dd4-491e-9a0e-9f211678be79\" data-message-model-slug=\"gpt-4o\">\n<div class=\"flex w-full flex-col gap-1 empty:hidden first:pt-[3px]\">\n<div class=\"markdown prose dark:prose-invert w-full break-words light\">\n<p class=\"\" data-start=\"0\" data-end=\"52\"><strong data-start=\"0\" data-end=\"52\" data-is-last-node=\"\" data-is-only-node=\"\">Trottinette pour tout-petits avec lumi\u00e8re LED (\u00e0 partir de 2 ans)<\/strong><\/p>\n<\/p><\/div>\n<\/p><\/div>\n<\/p><\/div>\n<\/p><\/div>\n<\/p><\/div>\n<\/p><\/div>\n<\/p><\/div>\n<\/p><\/div>\n<\/article>\n","protected":false},"featured_media":26054,"comment_status":"closed","ping_status":"open","template":"","meta":{"_acf_changed":false,"inline_featured_image":false},"product-special-badges":[],"product_brand":[],"product_cat":[4796,4821,4832,4843,4847,4857],"product_tag":[],"class_list":{"0":"post-21577","1":"product","2":"type-product","3":"status-publish","4":"has-post-thumbnail","6":"product-badges-adjustable-fr","7":"product-badges-foldable-fr","8":"product-badges-light-up-fr","9":"product-badges-patterned-fr","10":"product_cat-serie-junior","11":"product_cat-scooter-pliable","12":"product_cat-scooter-leger","13":"product_cat-trottinette-a-3-roues-pour-tous-les-ages","14":"product_cat-enfants-a-3-roues","15":"product_cat-produits-pour-tout-petits","16":"pa_altersspanne-2-6-ans","17":"pa_bremsen-composition-du-frein-arriere-mecanique","18":"pa_color-bleu","19":"pa_color-menthe","20":"pa_color-rosa-fr","21":"pa_deckmaterial-cadre-metallique-en-fibre-composite-pp","22":"pa_einstellbar-oui","23":"pa_empfohlene-benutzerhoehe-85-110-cm","24":"pa_faltbar-yes-fr","25":"pa_groesse-der-raeder-121mm-vorne-24mm-breit-fr","26":"pa_groesse-der-raeder-80mm-hinten-24mm-breit-fr","27":"pa_groesse-der-raeder-pu-guss-mit-hoher-rueckfederung","28":"pa_grose-der-brucke-b-12-5cm-xl-54-5cm","29":"pa_hohen-der-t-stangen-54-61-68-cm-du-sol","30":"pa_maximales-benutzergewicht-50-kg","31":"pa_produktgewicht-netto-2-46-kg","32":"pa_produkttyp-mini-scooter","34":"first","35":"instock","36":"taxable","37":"shipping-taxable","38":"purchasable","39":"product-type-variable"},"acf":[],"yoast_head":"<!-- This site is optimized with the Yoast SEO Premium plugin v20.12 (Yoast SEO v23.4) - https:\/\/yoast.com\/wordpress\/plugins\/seo\/ -->\n<title>Globber | Junior Foldable Fantasy Light | Menthe - Globber Scooter Schweiz<\/title>\n<meta name=\"robots\" content=\"index, follow, max-snippet:-1, max-image-preview:large, max-video-preview:-1\" \/>\n<link rel=\"canonical\" href=\"https:\/\/www.globber.com\/ch\/de\/product\/junior-foldable-fantasy-lights\/\" \/>\n<meta property=\"og:locale\" content=\"fr_FR\" \/>\n<meta property=\"og:type\" content=\"article\" \/>\n<meta property=\"og:title\" content=\"Globber | Junior Foldable Fantasy Light | Menthe - Globber Scooter Schweiz\" \/>\n<meta property=\"og:description\" content=\"Trottinette pour tout-petits avec lumi\u00e8re LED (\u00e0 partir de 2 ans)\" \/>\n<meta property=\"og:url\" content=\"https:\/\/www.globber.com\/ch\/de\/product\/junior-foldable-fantasy-lights\/\" \/>\n<meta property=\"og:site_name\" content=\"Globber Scooter Schweiz\" \/>\n<meta property=\"article:modified_time\" content=\"2025-12-09T07:06:18+00:00\" \/>\n<meta property=\"og:image\" content=\"https:\/\/cdn.globber.com\/content\/2022\/11\/433-206_toddler-scooter-with-led-lights.jpg\" \/>\n\t<meta property=\"og:image:width\" content=\"2048\" \/>\n\t<meta property=\"og:image:height\" content=\"2048\" \/>\n\t<meta property=\"og:image:type\" content=\"image\/jpeg\" \/>\n<meta name=\"twitter:card\" content=\"summary_large_image\" \/>\n<meta name=\"twitter:label1\" content=\"Availability\" \/>\n\t<meta name=\"twitter:data1\" content=\"In stock\" \/>\n<script type=\"application\/ld+json\" class=\"yoast-schema-graph\">{\"@context\":\"https:\/\/schema.org\",\"@graph\":[{\"@type\":[\"WebPage\",\"ItemPage\"],\"@id\":\"https:\/\/www.globber.com\/ch\/de\/product\/junior-foldable-fantasy-lights\/\",\"url\":\"https:\/\/www.globber.com\/ch\/de\/product\/junior-foldable-fantasy-lights\/\",\"name\":\"Globber | Junior Foldable Fantasy Light | Menthe - Globber Scooter Schweiz\",\"isPartOf\":{\"@id\":\"https:\/\/www.globber.com\/ch\/fr\/#website\"},\"primaryImageOfPage\":{\"@id\":\"https:\/\/www.globber.com\/ch\/de\/product\/junior-foldable-fantasy-lights\/#primaryimage\"},\"image\":{\"@id\":\"https:\/\/www.globber.com\/ch\/de\/product\/junior-foldable-fantasy-lights\/#primaryimage\"},\"thumbnailUrl\":\"https:\/\/cdn.globber.com\/content\/2022\/11\/433-206_toddler-scooter-with-led-lights.jpg\",\"datePublished\":\"2025-12-09T07:06:08+00:00\",\"dateModified\":\"2025-12-09T07:06:18+00:00\",\"breadcrumb\":{\"@id\":\"https:\/\/www.globber.com\/ch\/de\/product\/junior-foldable-fantasy-lights\/#breadcrumb\"},\"inLanguage\":\"fr-CH\",\"potentialAction\":[{\"@type\":\"ReadAction\",\"target\":[\"https:\/\/www.globber.com\/ch\/de\/product\/junior-foldable-fantasy-lights\/\"]}]},{\"@type\":\"ImageObject\",\"inLanguage\":\"fr-CH\",\"@id\":\"https:\/\/www.globber.com\/ch\/de\/product\/junior-foldable-fantasy-lights\/#primaryimage\",\"url\":\"https:\/\/cdn.globber.com\/content\/2022\/11\/433-206_toddler-scooter-with-led-lights.jpg\",\"contentUrl\":\"https:\/\/cdn.globber.com\/content\/2022\/11\/433-206_toddler-scooter-with-led-lights.jpg\",\"width\":2048,\"height\":2048},{\"@type\":\"BreadcrumbList\",\"@id\":\"https:\/\/www.globber.com\/ch\/de\/product\/junior-foldable-fantasy-lights\/#breadcrumb\",\"itemListElement\":[{\"@type\":\"ListItem\",\"position\":1,\"name\":\"Shop\",\"item\":\"https:\/\/www.globber.com\/ch\/fr\/shop\/\"},{\"@type\":\"ListItem\",\"position\":2,\"name\":\"Globber | Junior Foldable Fantasy Light | Menthe\"}]},{\"@type\":\"WebSite\",\"@id\":\"https:\/\/www.globber.com\/ch\/fr\/#website\",\"url\":\"https:\/\/www.globber.com\/ch\/fr\/\",\"name\":\"Globber Scooter Schweiz\",\"description\":\"Der offizielle Online Shop\",\"publisher\":{\"@id\":\"https:\/\/www.globber.com\/ch\/fr\/#organization\"},\"potentialAction\":[{\"@type\":\"SearchAction\",\"target\":{\"@type\":\"EntryPoint\",\"urlTemplate\":\"https:\/\/www.globber.com\/ch\/fr\/?s={search_term_string}\"},\"query-input\":{\"@type\":\"PropertyValueSpecification\",\"valueRequired\":true,\"valueName\":\"search_term_string\"}}],\"inLanguage\":\"fr-CH\"},{\"@type\":\"Organization\",\"@id\":\"https:\/\/www.globber.com\/ch\/fr\/#organization\",\"name\":\"Globber Scooter Schweiz\",\"url\":\"https:\/\/www.globber.com\/ch\/fr\/\",\"logo\":{\"@type\":\"ImageObject\",\"inLanguage\":\"fr-CH\",\"@id\":\"https:\/\/www.globber.com\/ch\/fr\/#\/schema\/logo\/image\/\",\"url\":\"https:\/\/cdn.globber.com\/content\/2024\/05\/logo.svg\",\"contentUrl\":\"https:\/\/cdn.globber.com\/content\/2024\/05\/logo.svg\",\"width\":601,\"height\":112,\"caption\":\"Globber Scooter Schweiz\"},\"image\":{\"@id\":\"https:\/\/www.globber.com\/ch\/fr\/#\/schema\/logo\/image\/\"}}]}<\/script>\n<meta property=\"og:availability\" content=\"instock\" \/>\n<meta property=\"product:availability\" content=\"instock\" \/>\n<meta property=\"product:retailer_item_id\" content=\"433-XXX\" \/>\n<meta property=\"product:condition\" content=\"new\" \/>\n<!-- \/ Yoast SEO Premium plugin. -->","yoast_head_json":{"title":"Globber | Junior Foldable Fantasy Light | Menthe - Globber Scooter Schweiz","robots":{"index":"index","follow":"follow","max-snippet":"max-snippet:-1","max-image-preview":"max-image-preview:large","max-video-preview":"max-video-preview:-1"},"canonical":"https:\/\/www.globber.com\/ch\/de\/product\/junior-foldable-fantasy-lights\/","og_locale":"fr_FR","og_type":"article","og_title":"Globber | Junior Foldable Fantasy Light | Menthe - Globber Scooter Schweiz","og_description":"Trottinette pour tout-petits avec lumi\u00e8re LED (\u00e0 partir de 2 ans)","og_url":"https:\/\/www.globber.com\/ch\/de\/product\/junior-foldable-fantasy-lights\/","og_site_name":"Globber Scooter Schweiz","article_modified_time":"2025-12-09T07:06:18+00:00","og_image":[{"width":2048,"height":2048,"url":"https:\/\/cdn.globber.com\/content\/2022\/11\/433-206_toddler-scooter-with-led-lights.jpg","type":"image\/jpeg"}],"twitter_card":"summary_large_image","twitter_misc":{"Availability":"In stock"},"schema":{"@context":"https:\/\/schema.org","@graph":[{"@type":["WebPage","ItemPage"],"@id":"https:\/\/www.globber.com\/ch\/de\/product\/junior-foldable-fantasy-lights\/","url":"https:\/\/www.globber.com\/ch\/de\/product\/junior-foldable-fantasy-lights\/","name":"Globber | Junior Foldable Fantasy Light | Menthe - Globber Scooter Schweiz","isPartOf":{"@id":"https:\/\/www.globber.com\/ch\/fr\/#website"},"primaryImageOfPage":{"@id":"https:\/\/www.globber.com\/ch\/de\/product\/junior-foldable-fantasy-lights\/#primaryimage"},"image":{"@id":"https:\/\/www.globber.com\/ch\/de\/product\/junior-foldable-fantasy-lights\/#primaryimage"},"thumbnailUrl":"https:\/\/cdn.globber.com\/content\/2022\/11\/433-206_toddler-scooter-with-led-lights.jpg","datePublished":"2025-12-09T07:06:08+00:00","dateModified":"2025-12-09T07:06:18+00:00","breadcrumb":{"@id":"https:\/\/www.globber.com\/ch\/de\/product\/junior-foldable-fantasy-lights\/#breadcrumb"},"inLanguage":"fr-CH","potentialAction":[{"@type":"ReadAction","target":["https:\/\/www.globber.com\/ch\/de\/product\/junior-foldable-fantasy-lights\/"]}]},{"@type":"ImageObject","inLanguage":"fr-CH","@id":"https:\/\/www.globber.com\/ch\/de\/product\/junior-foldable-fantasy-lights\/#primaryimage","url":"https:\/\/cdn.globber.com\/content\/2022\/11\/433-206_toddler-scooter-with-led-lights.jpg","contentUrl":"https:\/\/cdn.globber.com\/content\/2022\/11\/433-206_toddler-scooter-with-led-lights.jpg","width":2048,"height":2048},{"@type":"BreadcrumbList","@id":"https:\/\/www.globber.com\/ch\/de\/product\/junior-foldable-fantasy-lights\/#breadcrumb","itemListElement":[{"@type":"ListItem","position":1,"name":"Shop","item":"https:\/\/www.globber.com\/ch\/fr\/shop\/"},{"@type":"ListItem","position":2,"name":"Globber | Junior Foldable Fantasy Light | Menthe"}]},{"@type":"WebSite","@id":"https:\/\/www.globber.com\/ch\/fr\/#website","url":"https:\/\/www.globber.com\/ch\/fr\/","name":"Globber Scooter Schweiz","description":"Der offizielle Online Shop","publisher":{"@id":"https:\/\/www.globber.com\/ch\/fr\/#organization"},"potentialAction":[{"@type":"SearchAction","target":{"@type":"EntryPoint","urlTemplate":"https:\/\/www.globber.com\/ch\/fr\/?s={search_term_string}"},"query-input":{"@type":"PropertyValueSpecification","valueRequired":true,"valueName":"search_term_string"}}],"inLanguage":"fr-CH"},{"@type":"Organization","@id":"https:\/\/www.globber.com\/ch\/fr\/#organization","name":"Globber Scooter Schweiz","url":"https:\/\/www.globber.com\/ch\/fr\/","logo":{"@type":"ImageObject","inLanguage":"fr-CH","@id":"https:\/\/www.globber.com\/ch\/fr\/#\/schema\/logo\/image\/","url":"https:\/\/cdn.globber.com\/content\/2024\/05\/logo.svg","contentUrl":"https:\/\/cdn.globber.com\/content\/2024\/05\/logo.svg","width":601,"height":112,"caption":"Globber Scooter Schweiz"},"image":{"@id":"https:\/\/www.globber.com\/ch\/fr\/#\/schema\/logo\/image\/"}}]},"og_availability":"instock","product_availability":"instock","product_retailer_item_id":"433-XXX","product_condition":"new"},"_links":{"self":[{"href":"https:\/\/www.globber.com\/ch\/fr\/wp-json\/wp\/v2\/product\/21577","targetHints":{"allow":["GET"]}}],"collection":[{"href":"https:\/\/www.globber.com\/ch\/fr\/wp-json\/wp\/v2\/product"}],"about":[{"href":"https:\/\/www.globber.com\/ch\/fr\/wp-json\/wp\/v2\/types\/product"}],"replies":[{"embeddable":true,"href":"https:\/\/www.globber.com\/ch\/fr\/wp-json\/wp\/v2\/comments?post=21577"}],"wp:featuredmedia":[{"embeddable":true,"href":"https:\/\/www.globber.com\/ch\/fr\/wp-json\/wp\/v2\/media\/26054"}],"wp:attachment":[{"href":"https:\/\/www.globber.com\/ch\/fr\/wp-json\/wp\/v2\/media?parent=21577"}],"wp:term":[{"taxonomy":"product-special-badges","embeddable":true,"href":"https:\/\/www.globber.com\/ch\/fr\/wp-json\/wp\/v2\/product-special-badges?post=21577"},{"taxonomy":"product_brand","embeddable":true,"href":"https:\/\/www.globber.com\/ch\/fr\/wp-json\/wp\/v2\/product_brand?post=21577"},{"taxonomy":"product_cat","embeddable":true,"href":"https:\/\/www.globber.com\/ch\/fr\/wp-json\/wp\/v2\/product_cat?post=21577"},{"taxonomy":"product_tag","embeddable":true,"href":"https:\/\/www.globber.com\/ch\/fr\/wp-json\/wp\/v2\/product_tag?post=21577"}],"curies":[{"name":"wp","href":"https:\/\/api.w.org\/{rel}","templated":true}]}}