{"id":21578,"date":"2022-11-28T15:04:02","date_gmt":"2025-12-09T07:06:08","guid":{"rendered":"https:\/\/www.globber.com\/ch\/product\/globber-junior-foldable-lights-eco-pistache\/"},"modified":"2025-12-09T08:06:19","modified_gmt":"2025-12-09T07:06:19","slug":"globber-junior-foldable-lights-eco-pistache","status":"publish","type":"product","link":"https:\/\/www.globber.com\/ch\/fr\/product\/globber-junior-foldable-lights-eco-pistache\/","title":{"rendered":"Globber | JUNIOR Foldable Lights Eco | Pistache"},"content":{"rendered":"<p><p data-start=\"0\" data-end=\"266\">Un monde plus vert sur trois roues: JUNIOR FOLDABLE LIGHTS ECOLOGIC aide les familles du monde entier \u00e0 vivre des valeurs durables et \u00e0 faire des choix conscients. Il est fabriqu\u00e9 \u00e0 partir de 60% de plastique recycl\u00e9 certifi\u00e9 GRS et de paille de bl\u00e9 biod\u00e9gradable*.<\/p>\n<p data-start=\"268\" data-end=\"606\">Un \u00e9co-Scooter \u00e0 3 roues pour les tout-petits avec un syst\u00e8me brevet\u00e9 de verrouillage et de pliage de la direction et un guidon en T r\u00e9glable en hauteur - id\u00e9al pour les enfants \u00e0 partir de deux ans. Le JUNIOR FOLDABLE LIGHTS ECOLOGIC offre la m\u00eame stabilit\u00e9 que l'original embl\u00e9matique, mais utilise des mat\u00e9riaux plus \u00e9cologiques pour un impact environnemental moindre.<\/p>\n<p data-start=\"608\" data-end=\"841\">Con\u00e7u avec plaisir: JUNIOR FOLDABLE LIGHTS ECOLOGIC est \u00e9galement \u00e9quip\u00e9 de roues LED sans batterie qui fonctionnent gr\u00e2ce \u00e0 l'\u00e9nergie cin\u00e9tique renouvelable de votre enfant-plus ils vont vite, plus ils brillent!<\/p>\n<p data-start=\"843\" data-end=\"897\">Profitez du temps ensemble et des promenades \u00e9cologiques!<\/p>\n<p data-start=\"899\" data-end=\"1009\">JUNIOR FOLDABLE LIGHTS ECOLOGIC est fabriqu\u00e9 \u00e0 partir de 60% de plastique GRS et de paille de bl\u00e9 biod\u00e9gradable*.<\/p>\n<p data-start=\"1011\" data-end=\"1243\">GRS est un protocole international qui v\u00e9rifie le contenu recycl\u00e9 dans les produits finis. L'utilisation du plastique GRS permet de garder des tonnes de d\u00e9chets hors des d\u00e9charges et de r\u00e9duire l'impact environnemental de la production.<\/p>\n<p data-start=\"1245\" data-end=\"1452\">La paille de bl\u00e9 est un plastique biosourc\u00e9 100% renouvelable. L'utilisation de paille de bl\u00e9 aide \u00e0 pr\u00e9venir les d\u00e9chets, est biod\u00e9gradable et favorise la d\u00e9gradation d'autres plastiques.<\/p>\n<p data-start=\"1454\" data-end=\"1482\">Choisissez Globber. Choisissez plus Vert!<\/p>\n<p data-start=\"1484\" data-end=\"1523\">* Inclus dans les composants s\u00e9lectionn\u00e9s.<\/p><\/p>\n","protected":false},"excerpt":{"rendered":"<article class=\"text-token-text-primary w-full\" dir=\"auto\" data-testid=\"conversation-turn-322\" data-scroll-anchor=\"true\">\n<div class=\"text-base my-auto mx-auto py-5 [--thread-content-margin:--spacing(4)] @[37rem]:[--thread-content-margin:--spacing(6)] @[70rem]:[--thread-content-margin:--spacing(12)] px-(--thread-content-margin)\">\n<div class=\"[--thread-content-max-width:32rem] @[34rem]:[--thread-content-max-width:40rem] @[64rem]:[--thread-content-max-width:48rem] mx-auto flex max-w-(--thread-content-max-width) flex-1 text-base gap-4 md:gap-5 lg:gap-6 group\/turn-messages focus-visible:outline-hidden\">\n<div class=\"group\/conversation-turn relative flex w-full min-w-0 flex-col agent-turn\">\n<div class=\"relative flex-col gap-1 md:gap-3\">\n<div class=\"flex max-w-full flex-col grow\">\n<div class=\"min-h-8 text-message relative flex w-full flex-col items-end gap-2 text-start break-words whitespace-normal [.text-message+&amp;]:mt-5\" dir=\"auto\" data-message-author-role=\"assistant\" data-message-id=\"e3f29be9-268e-4321-9446-4fc6d844fe8d\" data-message-model-slug=\"gpt-4o\">\n<div class=\"flex w-full flex-col gap-1 empty:hidden first:pt-[3px]\">\n<div class=\"markdown prose dark:prose-invert w-full break-words light\">\n<p class=\"\" data-start=\"0\" data-end=\"107\">\u00c9co-Scooter \u00e0 3 roues pour tout-petits (\u00e0 partir de 2 ans), Fabriqu\u00e9 \u00e0 partir de 60% de plastique GRS et \u00e0 base de plantes<\/p>\n<\/p><\/div>\n<\/p><\/div>\n<\/p><\/div>\n<\/p><\/div>\n<\/p><\/div>\n<\/p><\/div>\n<\/p><\/div>\n<\/p><\/div>\n<\/article>\n","protected":false},"featured_media":26079,"comment_status":"closed","ping_status":"open","template":"","meta":{"_acf_changed":false,"inline_featured_image":false},"product-special-badges":[],"product_brand":[],"product_cat":[4779,4796,4821,4832,4843,4847,4857],"product_tag":[],"class_list":{"0":"post-21578","1":"product","2":"type-product","3":"status-publish","4":"has-post-thumbnail","6":"product-badges-adjustable-fr","7":"product-badges-foldable-fr","8":"product-badges-light-up-fr","9":"product-badges-sustainable-fr","10":"product_cat-collecte-ecologique","11":"product_cat-serie-junior","12":"product_cat-scooter-pliable","13":"product_cat-scooter-leger","14":"product_cat-trottinette-a-3-roues-pour-tous-les-ages","15":"product_cat-enfants-a-3-roues","16":"product_cat-produits-pour-tout-petits","17":"pa_altersspanne-2-6-ans","18":"pa_bremsen-composition-du-frein-arriere-mecanique","19":"pa_color-menthe","20":"pa_color-noix-de-coco","21":"pa_color-orange","22":"pa_color-rosa-fr","23":"pa_deckmaterial-60-g-de-plastique-biodegradable-paille-de-ble-fibre-pp-cadre-en-metal","24":"pa_einstellbar-oui","25":"pa_empfohlene-benutzerhoehe-85-110-cm","26":"pa_faltbar-yes-fr","27":"pa_groesse-der-raeder-121mm-vorne-24mm-breit-fr","28":"pa_groesse-der-raeder-80mm-hinten-24mm-breit-fr","29":"pa_groesse-der-raeder-pu-guss-mit-hoher-rueckfederung","30":"pa_grose-der-brucke-b-12-5cm-xl-54-5cm","31":"pa_hohen-der-t-stangen-54-cm-61-cm-et-68-cm-du-sol","32":"pa_maximales-benutzergewicht-50-kg","33":"pa_produktgewicht-netto-2-53-kg","34":"pa_produkttyp-mini-scooter","36":"first","37":"instock","38":"taxable","39":"shipping-taxable","40":"purchasable","41":"product-type-variable"},"acf":[],"yoast_head":"<!-- This site is optimized with the Yoast SEO Premium plugin v20.12 (Yoast SEO v23.4) - https:\/\/yoast.com\/wordpress\/plugins\/seo\/ -->\n<title>Globber | JUNIOR Foldable Lights Eco | Pistache - Globber Scooter Schweiz<\/title>\n<meta name=\"robots\" content=\"index, follow, max-snippet:-1, max-image-preview:large, max-video-preview:-1\" \/>\n<link rel=\"canonical\" href=\"https:\/\/www.globber.com\/ch\/de\/product\/junior-foldable-lights-ecologic\/\" \/>\n<meta property=\"og:locale\" content=\"fr_FR\" \/>\n<meta property=\"og:type\" content=\"article\" \/>\n<meta property=\"og:title\" content=\"Globber | JUNIOR Foldable Lights Eco | Pistache - Globber Scooter Schweiz\" \/>\n<meta property=\"og:description\" content=\"\u00c9co-Scooter \u00e0 3 roues pour tout-petits (\u00e0 partir de 2 ans), Fabriqu\u00e9 \u00e0 partir de 60% de plastique GRS et \u00e0 base de plantes\" \/>\n<meta property=\"og:url\" content=\"https:\/\/www.globber.com\/ch\/de\/product\/junior-foldable-lights-ecologic\/\" \/>\n<meta property=\"og:site_name\" content=\"Globber Scooter Schweiz\" \/>\n<meta property=\"article:modified_time\" content=\"2025-12-09T07:06:19+00:00\" \/>\n<meta property=\"og:image\" content=\"https:\/\/cdn.globber.com\/content\/2022\/11\/6383b4272d0e6.jpg\" \/>\n\t<meta property=\"og:image:width\" content=\"1920\" \/>\n\t<meta property=\"og:image:height\" content=\"1920\" \/>\n\t<meta property=\"og:image:type\" content=\"image\/jpeg\" \/>\n<meta name=\"twitter:card\" content=\"summary_large_image\" \/>\n<meta name=\"twitter:label1\" content=\"Availability\" \/>\n\t<meta name=\"twitter:data1\" content=\"In stock\" \/>\n<script type=\"application\/ld+json\" class=\"yoast-schema-graph\">{\"@context\":\"https:\/\/schema.org\",\"@graph\":[{\"@type\":[\"WebPage\",\"ItemPage\"],\"@id\":\"https:\/\/www.globber.com\/ch\/de\/product\/junior-foldable-lights-ecologic\/\",\"url\":\"https:\/\/www.globber.com\/ch\/de\/product\/junior-foldable-lights-ecologic\/\",\"name\":\"Globber | JUNIOR Foldable Lights Eco | Pistache - Globber Scooter Schweiz\",\"isPartOf\":{\"@id\":\"https:\/\/www.globber.com\/ch\/fr\/#website\"},\"primaryImageOfPage\":{\"@id\":\"https:\/\/www.globber.com\/ch\/de\/product\/junior-foldable-lights-ecologic\/#primaryimage\"},\"image\":{\"@id\":\"https:\/\/www.globber.com\/ch\/de\/product\/junior-foldable-lights-ecologic\/#primaryimage\"},\"thumbnailUrl\":\"https:\/\/cdn.globber.com\/content\/2022\/11\/6383b4272d0e6.jpg\",\"datePublished\":\"2025-12-09T07:06:08+00:00\",\"dateModified\":\"2025-12-09T07:06:19+00:00\",\"breadcrumb\":{\"@id\":\"https:\/\/www.globber.com\/ch\/de\/product\/junior-foldable-lights-ecologic\/#breadcrumb\"},\"inLanguage\":\"fr-CH\",\"potentialAction\":[{\"@type\":\"ReadAction\",\"target\":[\"https:\/\/www.globber.com\/ch\/de\/product\/junior-foldable-lights-ecologic\/\"]}]},{\"@type\":\"ImageObject\",\"inLanguage\":\"fr-CH\",\"@id\":\"https:\/\/www.globber.com\/ch\/de\/product\/junior-foldable-lights-ecologic\/#primaryimage\",\"url\":\"https:\/\/cdn.globber.com\/content\/2022\/11\/6383b4272d0e6.jpg\",\"contentUrl\":\"https:\/\/cdn.globber.com\/content\/2022\/11\/6383b4272d0e6.jpg\",\"width\":1920,\"height\":1920},{\"@type\":\"BreadcrumbList\",\"@id\":\"https:\/\/www.globber.com\/ch\/de\/product\/junior-foldable-lights-ecologic\/#breadcrumb\",\"itemListElement\":[{\"@type\":\"ListItem\",\"position\":1,\"name\":\"Shop\",\"item\":\"https:\/\/www.globber.com\/ch\/fr\/shop\/\"},{\"@type\":\"ListItem\",\"position\":2,\"name\":\"Globber | JUNIOR Foldable Lights Eco | Pistache\"}]},{\"@type\":\"WebSite\",\"@id\":\"https:\/\/www.globber.com\/ch\/fr\/#website\",\"url\":\"https:\/\/www.globber.com\/ch\/fr\/\",\"name\":\"Globber Scooter Schweiz\",\"description\":\"Der offizielle Online Shop\",\"publisher\":{\"@id\":\"https:\/\/www.globber.com\/ch\/fr\/#organization\"},\"potentialAction\":[{\"@type\":\"SearchAction\",\"target\":{\"@type\":\"EntryPoint\",\"urlTemplate\":\"https:\/\/www.globber.com\/ch\/fr\/?s={search_term_string}\"},\"query-input\":{\"@type\":\"PropertyValueSpecification\",\"valueRequired\":true,\"valueName\":\"search_term_string\"}}],\"inLanguage\":\"fr-CH\"},{\"@type\":\"Organization\",\"@id\":\"https:\/\/www.globber.com\/ch\/fr\/#organization\",\"name\":\"Globber Scooter Schweiz\",\"url\":\"https:\/\/www.globber.com\/ch\/fr\/\",\"logo\":{\"@type\":\"ImageObject\",\"inLanguage\":\"fr-CH\",\"@id\":\"https:\/\/www.globber.com\/ch\/fr\/#\/schema\/logo\/image\/\",\"url\":\"https:\/\/cdn.globber.com\/content\/2024\/05\/logo.svg\",\"contentUrl\":\"https:\/\/cdn.globber.com\/content\/2024\/05\/logo.svg\",\"width\":601,\"height\":112,\"caption\":\"Globber Scooter Schweiz\"},\"image\":{\"@id\":\"https:\/\/www.globber.com\/ch\/fr\/#\/schema\/logo\/image\/\"}}]}<\/script>\n<meta property=\"og:availability\" content=\"instock\" \/>\n<meta property=\"product:availability\" content=\"instock\" \/>\n<meta property=\"product:retailer_item_id\" content=\"692-XXX\" \/>\n<meta property=\"product:condition\" content=\"new\" \/>\n<!-- \/ Yoast SEO Premium plugin. -->","yoast_head_json":{"title":"Globber | JUNIOR Foldable Lights Eco | Pistache - Globber Scooter Schweiz","robots":{"index":"index","follow":"follow","max-snippet":"max-snippet:-1","max-image-preview":"max-image-preview:large","max-video-preview":"max-video-preview:-1"},"canonical":"https:\/\/www.globber.com\/ch\/de\/product\/junior-foldable-lights-ecologic\/","og_locale":"fr_FR","og_type":"article","og_title":"Globber | JUNIOR Foldable Lights Eco | Pistache - Globber Scooter Schweiz","og_description":"\u00c9co-Scooter \u00e0 3 roues pour tout-petits (\u00e0 partir de 2 ans), Fabriqu\u00e9 \u00e0 partir de 60% de plastique GRS et \u00e0 base de plantes","og_url":"https:\/\/www.globber.com\/ch\/de\/product\/junior-foldable-lights-ecologic\/","og_site_name":"Globber Scooter Schweiz","article_modified_time":"2025-12-09T07:06:19+00:00","og_image":[{"width":1920,"height":1920,"url":"https:\/\/cdn.globber.com\/content\/2022\/11\/6383b4272d0e6.jpg","type":"image\/jpeg"}],"twitter_card":"summary_large_image","twitter_misc":{"Availability":"In stock"},"schema":{"@context":"https:\/\/schema.org","@graph":[{"@type":["WebPage","ItemPage"],"@id":"https:\/\/www.globber.com\/ch\/de\/product\/junior-foldable-lights-ecologic\/","url":"https:\/\/www.globber.com\/ch\/de\/product\/junior-foldable-lights-ecologic\/","name":"Globber | JUNIOR Foldable Lights Eco | Pistache - Globber Scooter Schweiz","isPartOf":{"@id":"https:\/\/www.globber.com\/ch\/fr\/#website"},"primaryImageOfPage":{"@id":"https:\/\/www.globber.com\/ch\/de\/product\/junior-foldable-lights-ecologic\/#primaryimage"},"image":{"@id":"https:\/\/www.globber.com\/ch\/de\/product\/junior-foldable-lights-ecologic\/#primaryimage"},"thumbnailUrl":"https:\/\/cdn.globber.com\/content\/2022\/11\/6383b4272d0e6.jpg","datePublished":"2025-12-09T07:06:08+00:00","dateModified":"2025-12-09T07:06:19+00:00","breadcrumb":{"@id":"https:\/\/www.globber.com\/ch\/de\/product\/junior-foldable-lights-ecologic\/#breadcrumb"},"inLanguage":"fr-CH","potentialAction":[{"@type":"ReadAction","target":["https:\/\/www.globber.com\/ch\/de\/product\/junior-foldable-lights-ecologic\/"]}]},{"@type":"ImageObject","inLanguage":"fr-CH","@id":"https:\/\/www.globber.com\/ch\/de\/product\/junior-foldable-lights-ecologic\/#primaryimage","url":"https:\/\/cdn.globber.com\/content\/2022\/11\/6383b4272d0e6.jpg","contentUrl":"https:\/\/cdn.globber.com\/content\/2022\/11\/6383b4272d0e6.jpg","width":1920,"height":1920},{"@type":"BreadcrumbList","@id":"https:\/\/www.globber.com\/ch\/de\/product\/junior-foldable-lights-ecologic\/#breadcrumb","itemListElement":[{"@type":"ListItem","position":1,"name":"Shop","item":"https:\/\/www.globber.com\/ch\/fr\/shop\/"},{"@type":"ListItem","position":2,"name":"Globber | JUNIOR Foldable Lights Eco | Pistache"}]},{"@type":"WebSite","@id":"https:\/\/www.globber.com\/ch\/fr\/#website","url":"https:\/\/www.globber.com\/ch\/fr\/","name":"Globber Scooter Schweiz","description":"Der offizielle Online Shop","publisher":{"@id":"https:\/\/www.globber.com\/ch\/fr\/#organization"},"potentialAction":[{"@type":"SearchAction","target":{"@type":"EntryPoint","urlTemplate":"https:\/\/www.globber.com\/ch\/fr\/?s={search_term_string}"},"query-input":{"@type":"PropertyValueSpecification","valueRequired":true,"valueName":"search_term_string"}}],"inLanguage":"fr-CH"},{"@type":"Organization","@id":"https:\/\/www.globber.com\/ch\/fr\/#organization","name":"Globber Scooter Schweiz","url":"https:\/\/www.globber.com\/ch\/fr\/","logo":{"@type":"ImageObject","inLanguage":"fr-CH","@id":"https:\/\/www.globber.com\/ch\/fr\/#\/schema\/logo\/image\/","url":"https:\/\/cdn.globber.com\/content\/2024\/05\/logo.svg","contentUrl":"https:\/\/cdn.globber.com\/content\/2024\/05\/logo.svg","width":601,"height":112,"caption":"Globber Scooter Schweiz"},"image":{"@id":"https:\/\/www.globber.com\/ch\/fr\/#\/schema\/logo\/image\/"}}]},"og_availability":"instock","product_availability":"instock","product_retailer_item_id":"692-XXX","product_condition":"new"},"_links":{"self":[{"href":"https:\/\/www.globber.com\/ch\/fr\/wp-json\/wp\/v2\/product\/21578","targetHints":{"allow":["GET"]}}],"collection":[{"href":"https:\/\/www.globber.com\/ch\/fr\/wp-json\/wp\/v2\/product"}],"about":[{"href":"https:\/\/www.globber.com\/ch\/fr\/wp-json\/wp\/v2\/types\/product"}],"replies":[{"embeddable":true,"href":"https:\/\/www.globber.com\/ch\/fr\/wp-json\/wp\/v2\/comments?post=21578"}],"wp:featuredmedia":[{"embeddable":true,"href":"https:\/\/www.globber.com\/ch\/fr\/wp-json\/wp\/v2\/media\/26079"}],"wp:attachment":[{"href":"https:\/\/www.globber.com\/ch\/fr\/wp-json\/wp\/v2\/media?parent=21578"}],"wp:term":[{"taxonomy":"product-special-badges","embeddable":true,"href":"https:\/\/www.globber.com\/ch\/fr\/wp-json\/wp\/v2\/product-special-badges?post=21578"},{"taxonomy":"product_brand","embeddable":true,"href":"https:\/\/www.globber.com\/ch\/fr\/wp-json\/wp\/v2\/product_brand?post=21578"},{"taxonomy":"product_cat","embeddable":true,"href":"https:\/\/www.globber.com\/ch\/fr\/wp-json\/wp\/v2\/product_cat?post=21578"},{"taxonomy":"product_tag","embeddable":true,"href":"https:\/\/www.globber.com\/ch\/fr\/wp-json\/wp\/v2\/product_tag?post=21578"}],"curies":[{"name":"wp","href":"https:\/\/api.w.org\/{rel}","templated":true}]}}