{"id":21579,"date":"2022-11-28T15:04:46","date_gmt":"2025-12-09T07:06:08","guid":{"rendered":"https:\/\/www.globber.com\/ch\/product\/globber-primo-barre-en-t-anodisee-rose-fluo\/"},"modified":"2025-12-09T08:06:19","modified_gmt":"2025-12-09T07:06:19","slug":"globber-primo-barre-en-t-anodisee-rose-fluo","status":"publish","type":"product","link":"https:\/\/www.globber.com\/ch\/fr\/product\/globber-primo-barre-en-t-anodisee-rose-fluo\/","title":{"rendered":"Globber | Primo | Barre en T anodis\u00e9e | Rose fluo"},"content":{"rendered":"<p><p class=\"p1\">Pr\u00e9parez vos enfants pour L'aventure Scoot la plus amusante! PRIMO fournit les scooters \u00e0 3 roues les mieux not\u00e9s pour les enfants de 3 \u00e0 7 ans et plus qui sont \u00e0 la fois durables et durables. Du rapport qualit\u00e9-prix aux fonctionnalit\u00e9s, PRIMO fait de superbes journ\u00e9es de scooter \u2013 tout ce dont vous avez besoin pour le scooter est l\u00e0!<\/p>\n<p class=\"p1\">Un Scooter \u00e0 3 roues enti\u00e8rement \u00e9quip\u00e9 avec le syst\u00e8me de verrouillage de direction brevet\u00e9 de Globber, un guidon r\u00e9glable en hauteur \u00e0 3 vitesses et un pont de Scooter robuste. PRIMO aide les enfants \u00e0 d\u00e9velopper en toute s\u00e9curit\u00e9 des comp\u00e9tences D'\u00e9quilibre et de coordination tout en d\u00e9couvrant tout le plaisir du Scoot!<\/p><\/p>\n","protected":false},"excerpt":{"rendered":"<p class=\"p1\"><strong>Scooter 3 roues pour enfants (de 3 ans \u00e0 7 ans)<\/strong><\/p>\n","protected":false},"featured_media":26138,"comment_status":"closed","ping_status":"open","template":"","meta":{"_acf_changed":false,"inline_featured_image":false},"product-special-badges":[],"product_brand":[],"product_cat":[4776,4843,4847,4853],"product_tag":[],"class_list":{"0":"post-21579","1":"product","2":"type-product","3":"status-publish","4":"has-post-thumbnail","6":"product-badges-anti-slip-fr","7":"product-badges-adjustable-fr","8":"product_cat-serie-primo","9":"product_cat-trottinette-a-3-roues-pour-tous-les-ages","10":"product_cat-enfants-a-3-roues","11":"product_cat-trottinette-pour-enfants","12":"pa_altersspanne-3-7-ans","13":"pa_bremsen-composition-du-frein-arriere-mecanique","14":"pa_color-rose","15":"pa_deckmaterial-materiau-composite-pp-fibre-nylon","16":"pa_einstellbar-oui","17":"pa_empfohlene-benutzerhoehe-95-120-cm","18":"pa_faltbar-no-fr","19":"pa_groesse-der-raeder-121mm-vorne-24mm-breit-fr","20":"pa_groesse-der-raeder-80mm-hinten-24mm-breit-fr","21":"pa_grose-der-brucke-b-11-5cm-xl-54-5cm","22":"pa_hohen-der-t-stangen-67-5-72-5-77-5-cm-du-sol","23":"pa_maximales-benutzergewicht-50-kg","24":"pa_produktgewicht-netto-2-33-kg","26":"first","27":"instock","28":"taxable","29":"shipping-taxable","30":"purchasable","31":"product-type-variable"},"acf":[],"yoast_head":"<!-- This site is optimized with the Yoast SEO Premium plugin v20.12 (Yoast SEO v23.4) - https:\/\/yoast.com\/wordpress\/plugins\/seo\/ -->\n<title>Globber | Primo | Barre en T anodis\u00e9e | Rose fluo - Globber Scooter Schweiz<\/title>\n<meta name=\"robots\" content=\"index, follow, max-snippet:-1, max-image-preview:large, max-video-preview:-1\" \/>\n<link rel=\"canonical\" href=\"https:\/\/www.globber.com\/ch\/fr\/product\/globber-primo-barre-en-t-anodisee-rose-fluo\/\" \/>\n<meta property=\"og:locale\" content=\"fr_FR\" \/>\n<meta property=\"og:type\" content=\"article\" \/>\n<meta property=\"og:title\" content=\"Globber | Primo | Barre en T anodis\u00e9e | Rose fluo - Globber Scooter Schweiz\" \/>\n<meta property=\"og:description\" content=\"Scooter 3 roues pour enfants (de 3 ans \u00e0 7 ans)\" \/>\n<meta property=\"og:url\" content=\"https:\/\/www.globber.com\/ch\/fr\/product\/globber-primo-barre-en-t-anodisee-rose-fluo\/\" \/>\n<meta property=\"og:site_name\" content=\"Globber Scooter Schweiz\" \/>\n<meta property=\"article:modified_time\" content=\"2025-12-09T07:06:19+00:00\" \/>\n<meta property=\"og:image\" content=\"https:\/\/cdn.globber.com\/content\/2022\/11\/6383b17ca6f13.jpg\" \/>\n\t<meta property=\"og:image:width\" content=\"1920\" \/>\n\t<meta property=\"og:image:height\" content=\"1920\" \/>\n\t<meta property=\"og:image:type\" content=\"image\/jpeg\" \/>\n<meta name=\"twitter:card\" content=\"summary_large_image\" \/>\n<meta name=\"twitter:label1\" content=\"Availability\" \/>\n\t<meta name=\"twitter:data1\" content=\"In stock\" \/>\n<script type=\"application\/ld+json\" class=\"yoast-schema-graph\">{\"@context\":\"https:\/\/schema.org\",\"@graph\":[{\"@type\":[\"WebPage\",\"ItemPage\"],\"@id\":\"https:\/\/www.globber.com\/ch\/fr\/product\/globber-primo-barre-en-t-anodisee-rose-fluo\/\",\"url\":\"https:\/\/www.globber.com\/ch\/fr\/product\/globber-primo-barre-en-t-anodisee-rose-fluo\/\",\"name\":\"Globber | Primo | Barre en T anodis\u00e9e | Rose fluo - Globber Scooter Schweiz\",\"isPartOf\":{\"@id\":\"https:\/\/www.globber.com\/ch\/fr\/#website\"},\"primaryImageOfPage\":{\"@id\":\"https:\/\/www.globber.com\/ch\/fr\/product\/globber-primo-barre-en-t-anodisee-rose-fluo\/#primaryimage\"},\"image\":{\"@id\":\"https:\/\/www.globber.com\/ch\/fr\/product\/globber-primo-barre-en-t-anodisee-rose-fluo\/#primaryimage\"},\"thumbnailUrl\":\"https:\/\/cdn.globber.com\/content\/2022\/11\/6383b17ca6f13.jpg\",\"datePublished\":\"2025-12-09T07:06:08+00:00\",\"dateModified\":\"2025-12-09T07:06:19+00:00\",\"breadcrumb\":{\"@id\":\"https:\/\/www.globber.com\/ch\/fr\/product\/globber-primo-barre-en-t-anodisee-rose-fluo\/#breadcrumb\"},\"inLanguage\":\"fr-CH\",\"potentialAction\":[{\"@type\":\"ReadAction\",\"target\":[\"https:\/\/www.globber.com\/ch\/fr\/product\/globber-primo-barre-en-t-anodisee-rose-fluo\/\"]}]},{\"@type\":\"ImageObject\",\"inLanguage\":\"fr-CH\",\"@id\":\"https:\/\/www.globber.com\/ch\/fr\/product\/globber-primo-barre-en-t-anodisee-rose-fluo\/#primaryimage\",\"url\":\"https:\/\/cdn.globber.com\/content\/2022\/11\/6383b17ca6f13.jpg\",\"contentUrl\":\"https:\/\/cdn.globber.com\/content\/2022\/11\/6383b17ca6f13.jpg\",\"width\":1920,\"height\":1920},{\"@type\":\"BreadcrumbList\",\"@id\":\"https:\/\/www.globber.com\/ch\/fr\/product\/globber-primo-barre-en-t-anodisee-rose-fluo\/#breadcrumb\",\"itemListElement\":[{\"@type\":\"ListItem\",\"position\":1,\"name\":\"Shop\",\"item\":\"https:\/\/www.globber.com\/ch\/fr\/shop\/\"},{\"@type\":\"ListItem\",\"position\":2,\"name\":\"Globber | Primo | Barre en T anodis\u00e9e | Rose fluo\"}]},{\"@type\":\"WebSite\",\"@id\":\"https:\/\/www.globber.com\/ch\/fr\/#website\",\"url\":\"https:\/\/www.globber.com\/ch\/fr\/\",\"name\":\"Globber Scooter Schweiz\",\"description\":\"Der offizielle Online Shop\",\"publisher\":{\"@id\":\"https:\/\/www.globber.com\/ch\/fr\/#organization\"},\"potentialAction\":[{\"@type\":\"SearchAction\",\"target\":{\"@type\":\"EntryPoint\",\"urlTemplate\":\"https:\/\/www.globber.com\/ch\/fr\/?s={search_term_string}\"},\"query-input\":{\"@type\":\"PropertyValueSpecification\",\"valueRequired\":true,\"valueName\":\"search_term_string\"}}],\"inLanguage\":\"fr-CH\"},{\"@type\":\"Organization\",\"@id\":\"https:\/\/www.globber.com\/ch\/fr\/#organization\",\"name\":\"Globber Scooter Schweiz\",\"url\":\"https:\/\/www.globber.com\/ch\/fr\/\",\"logo\":{\"@type\":\"ImageObject\",\"inLanguage\":\"fr-CH\",\"@id\":\"https:\/\/www.globber.com\/ch\/fr\/#\/schema\/logo\/image\/\",\"url\":\"https:\/\/cdn.globber.com\/content\/2024\/05\/logo.svg\",\"contentUrl\":\"https:\/\/cdn.globber.com\/content\/2024\/05\/logo.svg\",\"width\":601,\"height\":112,\"caption\":\"Globber Scooter Schweiz\"},\"image\":{\"@id\":\"https:\/\/www.globber.com\/ch\/fr\/#\/schema\/logo\/image\/\"}}]}<\/script>\n<meta property=\"og:availability\" content=\"instock\" \/>\n<meta property=\"product:availability\" content=\"instock\" \/>\n<meta property=\"product:retailer_item_id\" content=\"422-XXX-3\" \/>\n<meta property=\"product:condition\" content=\"new\" \/>\n<!-- \/ Yoast SEO Premium plugin. -->","yoast_head_json":{"title":"Globber | Primo | Barre en T anodis\u00e9e | Rose fluo - Globber Scooter Schweiz","robots":{"index":"index","follow":"follow","max-snippet":"max-snippet:-1","max-image-preview":"max-image-preview:large","max-video-preview":"max-video-preview:-1"},"canonical":"https:\/\/www.globber.com\/ch\/fr\/product\/globber-primo-barre-en-t-anodisee-rose-fluo\/","og_locale":"fr_FR","og_type":"article","og_title":"Globber | Primo | Barre en T anodis\u00e9e | Rose fluo - Globber Scooter Schweiz","og_description":"Scooter 3 roues pour enfants (de 3 ans \u00e0 7 ans)","og_url":"https:\/\/www.globber.com\/ch\/fr\/product\/globber-primo-barre-en-t-anodisee-rose-fluo\/","og_site_name":"Globber Scooter Schweiz","article_modified_time":"2025-12-09T07:06:19+00:00","og_image":[{"width":1920,"height":1920,"url":"https:\/\/cdn.globber.com\/content\/2022\/11\/6383b17ca6f13.jpg","type":"image\/jpeg"}],"twitter_card":"summary_large_image","twitter_misc":{"Availability":"In stock"},"schema":{"@context":"https:\/\/schema.org","@graph":[{"@type":["WebPage","ItemPage"],"@id":"https:\/\/www.globber.com\/ch\/fr\/product\/globber-primo-barre-en-t-anodisee-rose-fluo\/","url":"https:\/\/www.globber.com\/ch\/fr\/product\/globber-primo-barre-en-t-anodisee-rose-fluo\/","name":"Globber | Primo | Barre en T anodis\u00e9e | Rose fluo - Globber Scooter Schweiz","isPartOf":{"@id":"https:\/\/www.globber.com\/ch\/fr\/#website"},"primaryImageOfPage":{"@id":"https:\/\/www.globber.com\/ch\/fr\/product\/globber-primo-barre-en-t-anodisee-rose-fluo\/#primaryimage"},"image":{"@id":"https:\/\/www.globber.com\/ch\/fr\/product\/globber-primo-barre-en-t-anodisee-rose-fluo\/#primaryimage"},"thumbnailUrl":"https:\/\/cdn.globber.com\/content\/2022\/11\/6383b17ca6f13.jpg","datePublished":"2025-12-09T07:06:08+00:00","dateModified":"2025-12-09T07:06:19+00:00","breadcrumb":{"@id":"https:\/\/www.globber.com\/ch\/fr\/product\/globber-primo-barre-en-t-anodisee-rose-fluo\/#breadcrumb"},"inLanguage":"fr-CH","potentialAction":[{"@type":"ReadAction","target":["https:\/\/www.globber.com\/ch\/fr\/product\/globber-primo-barre-en-t-anodisee-rose-fluo\/"]}]},{"@type":"ImageObject","inLanguage":"fr-CH","@id":"https:\/\/www.globber.com\/ch\/fr\/product\/globber-primo-barre-en-t-anodisee-rose-fluo\/#primaryimage","url":"https:\/\/cdn.globber.com\/content\/2022\/11\/6383b17ca6f13.jpg","contentUrl":"https:\/\/cdn.globber.com\/content\/2022\/11\/6383b17ca6f13.jpg","width":1920,"height":1920},{"@type":"BreadcrumbList","@id":"https:\/\/www.globber.com\/ch\/fr\/product\/globber-primo-barre-en-t-anodisee-rose-fluo\/#breadcrumb","itemListElement":[{"@type":"ListItem","position":1,"name":"Shop","item":"https:\/\/www.globber.com\/ch\/fr\/shop\/"},{"@type":"ListItem","position":2,"name":"Globber | Primo | Barre en T anodis\u00e9e | Rose fluo"}]},{"@type":"WebSite","@id":"https:\/\/www.globber.com\/ch\/fr\/#website","url":"https:\/\/www.globber.com\/ch\/fr\/","name":"Globber Scooter Schweiz","description":"Der offizielle Online Shop","publisher":{"@id":"https:\/\/www.globber.com\/ch\/fr\/#organization"},"potentialAction":[{"@type":"SearchAction","target":{"@type":"EntryPoint","urlTemplate":"https:\/\/www.globber.com\/ch\/fr\/?s={search_term_string}"},"query-input":{"@type":"PropertyValueSpecification","valueRequired":true,"valueName":"search_term_string"}}],"inLanguage":"fr-CH"},{"@type":"Organization","@id":"https:\/\/www.globber.com\/ch\/fr\/#organization","name":"Globber Scooter Schweiz","url":"https:\/\/www.globber.com\/ch\/fr\/","logo":{"@type":"ImageObject","inLanguage":"fr-CH","@id":"https:\/\/www.globber.com\/ch\/fr\/#\/schema\/logo\/image\/","url":"https:\/\/cdn.globber.com\/content\/2024\/05\/logo.svg","contentUrl":"https:\/\/cdn.globber.com\/content\/2024\/05\/logo.svg","width":601,"height":112,"caption":"Globber Scooter Schweiz"},"image":{"@id":"https:\/\/www.globber.com\/ch\/fr\/#\/schema\/logo\/image\/"}}]},"og_availability":"instock","product_availability":"instock","product_retailer_item_id":"422-XXX-3","product_condition":"new"},"_links":{"self":[{"href":"https:\/\/www.globber.com\/ch\/fr\/wp-json\/wp\/v2\/product\/21579","targetHints":{"allow":["GET"]}}],"collection":[{"href":"https:\/\/www.globber.com\/ch\/fr\/wp-json\/wp\/v2\/product"}],"about":[{"href":"https:\/\/www.globber.com\/ch\/fr\/wp-json\/wp\/v2\/types\/product"}],"replies":[{"embeddable":true,"href":"https:\/\/www.globber.com\/ch\/fr\/wp-json\/wp\/v2\/comments?post=21579"}],"wp:featuredmedia":[{"embeddable":true,"href":"https:\/\/www.globber.com\/ch\/fr\/wp-json\/wp\/v2\/media\/26138"}],"wp:attachment":[{"href":"https:\/\/www.globber.com\/ch\/fr\/wp-json\/wp\/v2\/media?parent=21579"}],"wp:term":[{"taxonomy":"product-special-badges","embeddable":true,"href":"https:\/\/www.globber.com\/ch\/fr\/wp-json\/wp\/v2\/product-special-badges?post=21579"},{"taxonomy":"product_brand","embeddable":true,"href":"https:\/\/www.globber.com\/ch\/fr\/wp-json\/wp\/v2\/product_brand?post=21579"},{"taxonomy":"product_cat","embeddable":true,"href":"https:\/\/www.globber.com\/ch\/fr\/wp-json\/wp\/v2\/product_cat?post=21579"},{"taxonomy":"product_tag","embeddable":true,"href":"https:\/\/www.globber.com\/ch\/fr\/wp-json\/wp\/v2\/product_tag?post=21579"}],"curies":[{"name":"wp","href":"https:\/\/api.w.org\/{rel}","templated":true}]}}