{"id":21580,"date":"2023-10-25T08:19:26","date_gmt":"2023-10-25T06:19:26","guid":{"rendered":"https:\/\/www.globber.com\/ch\/product\/globber-primo-lights-bleu-ciel\/"},"modified":"2026-03-06T08:26:54","modified_gmt":"2026-03-06T07:26:54","slug":"globber-primo-lights-bleu-ciel","status":"publish","type":"product","link":"https:\/\/www.globber.com\/ch\/fr\/product\/globber-primo-lights-bleu-ciel\/","title":{"rendered":"Globber | Primo Lights | Bleu ciel"},"content":{"rendered":"<p class=\"p1\">Pr\u00e9parez vos enfants pour L'aventure de Scooter la plus excitante! PRIMO LIGHTS propose les meilleurs scooters l\u00e9gers \u00e0 3 roues pour les enfants de 3 \u00e0 7 ans et plus qui sont \u00e0 la fois durables et durables. Du prix aux fonctionnalit\u00e9s \u2013 profitez de superbes journ\u00e9es de scooter, PRIMO a tout ce dont votre enfant a besoin pour beaucoup de plaisir sur le Scooter!<\/p>\n<p class=\"p1\">Un scooter l\u00e9ger \u00e0 3 roues fonctionnel avec le syst\u00e8me de direction brevet\u00e9 de Globber, un guidon r\u00e9glable en hauteur 3x et un pont robuste. PRIMO aide les enfants \u00e0 d\u00e9velopper en toute s\u00e9curit\u00e9 L'\u00e9quilibre et la coordination tout en S'amusant en scooter!<\/p>\n","protected":false},"excerpt":{"rendered":"<p class=\"p1\"><strong>Trottinette lumineuse \u00e0 3 roues pour enfants (de 3 \u00e0 7 ans)<\/strong><\/p>\n","protected":false},"featured_media":26109,"comment_status":"open","ping_status":"closed","template":"","meta":{"_acf_changed":false,"inline_featured_image":false},"product-special-badges":[],"product_brand":[],"product_cat":[4776,4832,4843,4847,4853],"product_tag":[],"class_list":{"0":"post-21580","1":"product","2":"type-product","3":"status-publish","4":"has-post-thumbnail","6":"product_cat-serie-primo","7":"product_cat-scooter-leger","8":"product_cat-trottinette-a-3-roues-pour-tous-les-ages","9":"product_cat-enfants-a-3-roues","10":"product_cat-trottinette-pour-enfants","11":"pa_altersspanne-3-7-ans","12":"pa_bremsen-composition-du-frein-arriere-mecanique","13":"pa_color-bleu","14":"pa_color-menthe","15":"pa_color-rosa-fr","16":"pa_color-vert","17":"pa_deckmaterial-materiau-composite-pp-fibre-nylon","18":"pa_einstellbar-oui","19":"pa_empfohlene-benutzerhoehe-95-120-cm","20":"pa_faltbar-no-fr","21":"pa_groesse-der-raeder-121mm-vorne-24mm-breit-fr","22":"pa_groesse-der-raeder-80mm-hinten-24mm-breit-fr","23":"pa_groesse-der-raeder-pu-guss-mit-hoher-rueckfederung","24":"pa_grose-der-brucke-b-11-5cm-xl-54-5cm","25":"pa_hohen-der-t-stangen-67-5-72-5-77-5-cm-du-sol","26":"pa_maximales-benutzergewicht-50-kg","27":"pa_produktgewicht-netto-2-33-kg","29":"first","30":"instock","31":"taxable","32":"shipping-taxable","33":"purchasable","34":"product-type-variable"},"acf":[],"yoast_head":"<!-- This site is optimized with the Yoast SEO Premium plugin v20.12 (Yoast SEO v23.4) - https:\/\/yoast.com\/wordpress\/plugins\/seo\/ -->\n<title>Globber | Primo Lights | Bleu ciel - Globber Scooter Schweiz<\/title>\n<meta name=\"robots\" content=\"index, follow, max-snippet:-1, max-image-preview:large, max-video-preview:-1\" \/>\n<link rel=\"canonical\" href=\"https:\/\/www.globber.com\/ch\/fr\/product\/globber-primo-lights-bleu-ciel\/\" \/>\n<meta property=\"og:locale\" content=\"fr_FR\" \/>\n<meta property=\"og:type\" content=\"article\" \/>\n<meta property=\"og:title\" content=\"Globber | Primo Lights | Bleu ciel - Globber Scooter Schweiz\" \/>\n<meta property=\"og:description\" content=\"Trottinette lumineuse \u00e0 3 roues pour enfants (de 3 \u00e0 7 ans)\" \/>\n<meta property=\"og:url\" content=\"https:\/\/www.globber.com\/ch\/fr\/product\/globber-primo-lights-bleu-ciel\/\" \/>\n<meta property=\"og:site_name\" content=\"Globber Scooter Schweiz\" \/>\n<meta property=\"article:modified_time\" content=\"2026-03-06T07:26:54+00:00\" \/>\n<meta property=\"og:image\" content=\"https:\/\/cdn.globber.com\/content\/2023\/10\/423-706-4_scooter-with-light-up-wheels.jpg\" \/>\n\t<meta property=\"og:image:width\" content=\"2048\" \/>\n\t<meta property=\"og:image:height\" content=\"2048\" \/>\n\t<meta property=\"og:image:type\" content=\"image\/jpeg\" \/>\n<meta name=\"twitter:card\" content=\"summary_large_image\" \/>\n<meta name=\"twitter:label1\" content=\"Availability\" \/>\n\t<meta name=\"twitter:data1\" content=\"In stock\" \/>\n<script type=\"application\/ld+json\" class=\"yoast-schema-graph\">{\"@context\":\"https:\/\/schema.org\",\"@graph\":[{\"@type\":[\"WebPage\",\"ItemPage\"],\"@id\":\"https:\/\/www.globber.com\/ch\/fr\/product\/globber-primo-lights-bleu-ciel\/\",\"url\":\"https:\/\/www.globber.com\/ch\/fr\/product\/globber-primo-lights-bleu-ciel\/\",\"name\":\"Globber | Primo Lights | Bleu ciel - Globber Scooter Schweiz\",\"isPartOf\":{\"@id\":\"https:\/\/www.globber.com\/ch\/fr\/#website\"},\"primaryImageOfPage\":{\"@id\":\"https:\/\/www.globber.com\/ch\/fr\/product\/globber-primo-lights-bleu-ciel\/#primaryimage\"},\"image\":{\"@id\":\"https:\/\/www.globber.com\/ch\/fr\/product\/globber-primo-lights-bleu-ciel\/#primaryimage\"},\"thumbnailUrl\":\"https:\/\/cdn.globber.com\/content\/2023\/10\/423-706-4_scooter-with-light-up-wheels.jpg\",\"datePublished\":\"2023-10-25T06:19:26+00:00\",\"dateModified\":\"2026-03-06T07:26:54+00:00\",\"breadcrumb\":{\"@id\":\"https:\/\/www.globber.com\/ch\/fr\/product\/globber-primo-lights-bleu-ciel\/#breadcrumb\"},\"inLanguage\":\"fr-CH\",\"potentialAction\":[{\"@type\":\"ReadAction\",\"target\":[\"https:\/\/www.globber.com\/ch\/fr\/product\/globber-primo-lights-bleu-ciel\/\"]}]},{\"@type\":\"ImageObject\",\"inLanguage\":\"fr-CH\",\"@id\":\"https:\/\/www.globber.com\/ch\/fr\/product\/globber-primo-lights-bleu-ciel\/#primaryimage\",\"url\":\"https:\/\/cdn.globber.com\/content\/2023\/10\/423-706-4_scooter-with-light-up-wheels.jpg\",\"contentUrl\":\"https:\/\/cdn.globber.com\/content\/2023\/10\/423-706-4_scooter-with-light-up-wheels.jpg\",\"width\":2048,\"height\":2048},{\"@type\":\"BreadcrumbList\",\"@id\":\"https:\/\/www.globber.com\/ch\/fr\/product\/globber-primo-lights-bleu-ciel\/#breadcrumb\",\"itemListElement\":[{\"@type\":\"ListItem\",\"position\":1,\"name\":\"Shop\",\"item\":\"https:\/\/www.globber.com\/ch\/fr\/shop\/\"},{\"@type\":\"ListItem\",\"position\":2,\"name\":\"Globber | Primo Lights | Bleu ciel\"}]},{\"@type\":\"WebSite\",\"@id\":\"https:\/\/www.globber.com\/ch\/fr\/#website\",\"url\":\"https:\/\/www.globber.com\/ch\/fr\/\",\"name\":\"Globber Scooter Schweiz\",\"description\":\"Der offizielle Online Shop\",\"publisher\":{\"@id\":\"https:\/\/www.globber.com\/ch\/fr\/#organization\"},\"potentialAction\":[{\"@type\":\"SearchAction\",\"target\":{\"@type\":\"EntryPoint\",\"urlTemplate\":\"https:\/\/www.globber.com\/ch\/fr\/?s={search_term_string}\"},\"query-input\":{\"@type\":\"PropertyValueSpecification\",\"valueRequired\":true,\"valueName\":\"search_term_string\"}}],\"inLanguage\":\"fr-CH\"},{\"@type\":\"Organization\",\"@id\":\"https:\/\/www.globber.com\/ch\/fr\/#organization\",\"name\":\"Globber Scooter Schweiz\",\"url\":\"https:\/\/www.globber.com\/ch\/fr\/\",\"logo\":{\"@type\":\"ImageObject\",\"inLanguage\":\"fr-CH\",\"@id\":\"https:\/\/www.globber.com\/ch\/fr\/#\/schema\/logo\/image\/\",\"url\":\"https:\/\/cdn.globber.com\/content\/2024\/05\/logo.svg\",\"contentUrl\":\"https:\/\/cdn.globber.com\/content\/2024\/05\/logo.svg\",\"width\":601,\"height\":112,\"caption\":\"Globber Scooter Schweiz\"},\"image\":{\"@id\":\"https:\/\/www.globber.com\/ch\/fr\/#\/schema\/logo\/image\/\"}}]}<\/script>\n<meta property=\"og:availability\" content=\"instock\" \/>\n<meta property=\"product:availability\" content=\"instock\" \/>\n<meta property=\"product:retailer_item_id\" content=\"423-XXX-4\" \/>\n<meta property=\"product:condition\" content=\"new\" \/>\n<!-- \/ Yoast SEO Premium plugin. -->","yoast_head_json":{"title":"Globber | Primo Lights | Bleu ciel - Globber Scooter Schweiz","robots":{"index":"index","follow":"follow","max-snippet":"max-snippet:-1","max-image-preview":"max-image-preview:large","max-video-preview":"max-video-preview:-1"},"canonical":"https:\/\/www.globber.com\/ch\/fr\/product\/globber-primo-lights-bleu-ciel\/","og_locale":"fr_FR","og_type":"article","og_title":"Globber | Primo Lights | Bleu ciel - Globber Scooter Schweiz","og_description":"Trottinette lumineuse \u00e0 3 roues pour enfants (de 3 \u00e0 7 ans)","og_url":"https:\/\/www.globber.com\/ch\/fr\/product\/globber-primo-lights-bleu-ciel\/","og_site_name":"Globber Scooter Schweiz","article_modified_time":"2026-03-06T07:26:54+00:00","og_image":[{"width":2048,"height":2048,"url":"https:\/\/cdn.globber.com\/content\/2023\/10\/423-706-4_scooter-with-light-up-wheels.jpg","type":"image\/jpeg"}],"twitter_card":"summary_large_image","twitter_misc":{"Availability":"In stock"},"schema":{"@context":"https:\/\/schema.org","@graph":[{"@type":["WebPage","ItemPage"],"@id":"https:\/\/www.globber.com\/ch\/fr\/product\/globber-primo-lights-bleu-ciel\/","url":"https:\/\/www.globber.com\/ch\/fr\/product\/globber-primo-lights-bleu-ciel\/","name":"Globber | Primo Lights | Bleu ciel - Globber Scooter Schweiz","isPartOf":{"@id":"https:\/\/www.globber.com\/ch\/fr\/#website"},"primaryImageOfPage":{"@id":"https:\/\/www.globber.com\/ch\/fr\/product\/globber-primo-lights-bleu-ciel\/#primaryimage"},"image":{"@id":"https:\/\/www.globber.com\/ch\/fr\/product\/globber-primo-lights-bleu-ciel\/#primaryimage"},"thumbnailUrl":"https:\/\/cdn.globber.com\/content\/2023\/10\/423-706-4_scooter-with-light-up-wheels.jpg","datePublished":"2023-10-25T06:19:26+00:00","dateModified":"2026-03-06T07:26:54+00:00","breadcrumb":{"@id":"https:\/\/www.globber.com\/ch\/fr\/product\/globber-primo-lights-bleu-ciel\/#breadcrumb"},"inLanguage":"fr-CH","potentialAction":[{"@type":"ReadAction","target":["https:\/\/www.globber.com\/ch\/fr\/product\/globber-primo-lights-bleu-ciel\/"]}]},{"@type":"ImageObject","inLanguage":"fr-CH","@id":"https:\/\/www.globber.com\/ch\/fr\/product\/globber-primo-lights-bleu-ciel\/#primaryimage","url":"https:\/\/cdn.globber.com\/content\/2023\/10\/423-706-4_scooter-with-light-up-wheels.jpg","contentUrl":"https:\/\/cdn.globber.com\/content\/2023\/10\/423-706-4_scooter-with-light-up-wheels.jpg","width":2048,"height":2048},{"@type":"BreadcrumbList","@id":"https:\/\/www.globber.com\/ch\/fr\/product\/globber-primo-lights-bleu-ciel\/#breadcrumb","itemListElement":[{"@type":"ListItem","position":1,"name":"Shop","item":"https:\/\/www.globber.com\/ch\/fr\/shop\/"},{"@type":"ListItem","position":2,"name":"Globber | Primo Lights | Bleu ciel"}]},{"@type":"WebSite","@id":"https:\/\/www.globber.com\/ch\/fr\/#website","url":"https:\/\/www.globber.com\/ch\/fr\/","name":"Globber Scooter Schweiz","description":"Der offizielle Online Shop","publisher":{"@id":"https:\/\/www.globber.com\/ch\/fr\/#organization"},"potentialAction":[{"@type":"SearchAction","target":{"@type":"EntryPoint","urlTemplate":"https:\/\/www.globber.com\/ch\/fr\/?s={search_term_string}"},"query-input":{"@type":"PropertyValueSpecification","valueRequired":true,"valueName":"search_term_string"}}],"inLanguage":"fr-CH"},{"@type":"Organization","@id":"https:\/\/www.globber.com\/ch\/fr\/#organization","name":"Globber Scooter Schweiz","url":"https:\/\/www.globber.com\/ch\/fr\/","logo":{"@type":"ImageObject","inLanguage":"fr-CH","@id":"https:\/\/www.globber.com\/ch\/fr\/#\/schema\/logo\/image\/","url":"https:\/\/cdn.globber.com\/content\/2024\/05\/logo.svg","contentUrl":"https:\/\/cdn.globber.com\/content\/2024\/05\/logo.svg","width":601,"height":112,"caption":"Globber Scooter Schweiz"},"image":{"@id":"https:\/\/www.globber.com\/ch\/fr\/#\/schema\/logo\/image\/"}}]},"og_availability":"instock","product_availability":"instock","product_retailer_item_id":"423-XXX-4","product_condition":"new"},"_links":{"self":[{"href":"https:\/\/www.globber.com\/ch\/fr\/wp-json\/wp\/v2\/product\/21580","targetHints":{"allow":["GET"]}}],"collection":[{"href":"https:\/\/www.globber.com\/ch\/fr\/wp-json\/wp\/v2\/product"}],"about":[{"href":"https:\/\/www.globber.com\/ch\/fr\/wp-json\/wp\/v2\/types\/product"}],"replies":[{"embeddable":true,"href":"https:\/\/www.globber.com\/ch\/fr\/wp-json\/wp\/v2\/comments?post=21580"}],"wp:featuredmedia":[{"embeddable":true,"href":"https:\/\/www.globber.com\/ch\/fr\/wp-json\/wp\/v2\/media\/26109"}],"wp:attachment":[{"href":"https:\/\/www.globber.com\/ch\/fr\/wp-json\/wp\/v2\/media?parent=21580"}],"wp:term":[{"taxonomy":"product-special-badges","embeddable":true,"href":"https:\/\/www.globber.com\/ch\/fr\/wp-json\/wp\/v2\/product-special-badges?post=21580"},{"taxonomy":"product_brand","embeddable":true,"href":"https:\/\/www.globber.com\/ch\/fr\/wp-json\/wp\/v2\/product_brand?post=21580"},{"taxonomy":"product_cat","embeddable":true,"href":"https:\/\/www.globber.com\/ch\/fr\/wp-json\/wp\/v2\/product_cat?post=21580"},{"taxonomy":"product_tag","embeddable":true,"href":"https:\/\/www.globber.com\/ch\/fr\/wp-json\/wp\/v2\/product_tag?post=21580"}],"curies":[{"name":"wp","href":"https:\/\/api.w.org\/{rel}","templated":true}]}}