{"id":21581,"date":"2022-11-28T15:05:11","date_gmt":"2022-11-28T14:05:11","guid":{"rendered":"https:\/\/www.globber.com\/ch\/product\/globber-primo-foldable-barre-en-t-anodisee-bleu-marine\/"},"modified":"2026-03-04T10:54:11","modified_gmt":"2026-03-04T09:54:11","slug":"globber-primo-foldable-barre-en-t-anodisee-bleu-marine","status":"publish","type":"product","link":"https:\/\/www.globber.com\/ch\/fr\/product\/globber-primo-foldable-barre-en-t-anodisee-bleu-marine\/","title":{"rendered":"Globber | Primo Foldable | Barre en T anodis\u00e9e | Bleu marine"},"content":{"rendered":"<p><p class=\"p1\">PRIMO FOLDABLE propose les scooters pliants \u00e0 3 roues les mieux not\u00e9s pour les enfants de 3 \u00e0 7 ans et plus, du rapport qualit\u00e9-prix aux fonctionnalit\u00e9s, pour de superbes journ\u00e9es de scooter!<\/p>\n<p class=\"p1\">Un scooter pliant \u00e0 3 roues riche en fonctionnalit\u00e9s, y compris les m\u00e9canismes de direction et de pliage brevet\u00e9s de Globber et un guidon r\u00e9glable en hauteur \u00e0 3 vitesses. PRIMO FOLDABLE aide les enfants \u00e0 d\u00e9velopper en toute s\u00e9curit\u00e9 des comp\u00e9tences d'\u00e9quilibre et de coordination tout en se livrant \u00e0 tout le plaisir de conduire!<\/p><\/p>\n","protected":false},"excerpt":{"rendered":"<p class=\"p1\"><strong>Scooter pliant \u00e0 3 roues pour enfants (\u00e0 partir de 3 ans)<\/strong><\/p>\n","protected":false},"featured_media":25705,"comment_status":"open","ping_status":"closed","template":"","meta":{"_acf_changed":false,"inline_featured_image":false},"product-special-badges":[],"product_brand":[],"product_cat":[6277,4776,4821,4843,4847,4853],"product_tag":[],"class_list":{"0":"post-21581","1":"product","2":"type-product","3":"status-publish","4":"has-post-thumbnail","6":"product-badges-adjustable-fr","7":"product-badges-foldable-fr","8":"product_cat-sale-fr","9":"product_cat-serie-primo","10":"product_cat-scooter-pliable","11":"product_cat-trottinette-a-3-roues-pour-tous-les-ages","12":"product_cat-enfants-a-3-roues","13":"product_cat-trottinette-pour-enfants","14":"pa_altersspanne-3-7-ans","15":"pa_bremsen-composition-du-frein-arriere-mecanique","16":"pa_color-bleu-clair","17":"pa_color-bleu-fonce","18":"pa_color-gris","19":"pa_color-rosa-fr","20":"pa_color-rouge","21":"pa_color-vert","22":"pa_deckmaterial-cadre-metallique-en-fibre-composite-pp","23":"pa_einstellbar-oui","24":"pa_empfohlene-benutzerhoehe-95-120-cm","25":"pa_faltbar-yes-fr","26":"pa_groesse-der-raeder-121mm-vorne-24mm-breit-fr","27":"pa_groesse-der-raeder-80mm-hinten-24mm-breit-fr","28":"pa_groesse-der-raeder-pu-guss-mit-hoher-rueckfederung","29":"pa_grose-der-brucke-b-12-5cm-xl-54-5cm","30":"pa_hohen-der-t-stangen-67-5-72-5-77-5-cm-du-sol","31":"pa_maximales-benutzergewicht-50-kg","32":"pa_produktgewicht-netto-2-a-50-kg","34":"first","35":"instock","36":"sale","37":"taxable","38":"shipping-taxable","39":"purchasable","40":"product-type-variable"},"acf":[],"yoast_head":"<!-- This site is optimized with the Yoast SEO Premium plugin v20.12 (Yoast SEO v23.4) - https:\/\/yoast.com\/wordpress\/plugins\/seo\/ -->\n<title>Globber | Primo Foldable | Barre en T anodis\u00e9e | Bleu marine - Globber Scooter Schweiz<\/title>\n<meta name=\"robots\" content=\"index, follow, max-snippet:-1, max-image-preview:large, max-video-preview:-1\" \/>\n<link rel=\"canonical\" href=\"https:\/\/www.globber.com\/ch\/fr\/product\/globber-primo-foldable-barre-en-t-anodisee-bleu-marine\/\" \/>\n<meta property=\"og:locale\" content=\"fr_FR\" \/>\n<meta property=\"og:type\" content=\"article\" \/>\n<meta property=\"og:title\" content=\"Globber | Primo Foldable | Barre en T anodis\u00e9e | Bleu marine - Globber Scooter Schweiz\" \/>\n<meta property=\"og:description\" content=\"Scooter pliant \u00e0 3 roues pour enfants (\u00e0 partir de 3 ans)\" \/>\n<meta property=\"og:url\" content=\"https:\/\/www.globber.com\/ch\/fr\/product\/globber-primo-foldable-barre-en-t-anodisee-bleu-marine\/\" \/>\n<meta property=\"og:site_name\" content=\"Globber Scooter Schweiz\" \/>\n<meta property=\"article:modified_time\" content=\"2026-03-04T09:54:11+00:00\" \/>\n<meta property=\"og:image\" content=\"https:\/\/cdn.globber.com\/content\/2022\/11\/6383b2da6e92a.jpg\" \/>\n\t<meta property=\"og:image:width\" content=\"1920\" \/>\n\t<meta property=\"og:image:height\" content=\"1920\" \/>\n\t<meta property=\"og:image:type\" content=\"image\/jpeg\" \/>\n<meta name=\"twitter:card\" content=\"summary_large_image\" \/>\n<meta name=\"twitter:label1\" content=\"Availability\" \/>\n\t<meta name=\"twitter:data1\" content=\"In stock\" \/>\n<script type=\"application\/ld+json\" class=\"yoast-schema-graph\">{\"@context\":\"https:\/\/schema.org\",\"@graph\":[{\"@type\":[\"WebPage\",\"ItemPage\"],\"@id\":\"https:\/\/www.globber.com\/ch\/fr\/product\/globber-primo-foldable-barre-en-t-anodisee-bleu-marine\/\",\"url\":\"https:\/\/www.globber.com\/ch\/fr\/product\/globber-primo-foldable-barre-en-t-anodisee-bleu-marine\/\",\"name\":\"Globber | Primo Foldable | Barre en T anodis\u00e9e | Bleu marine - Globber Scooter Schweiz\",\"isPartOf\":{\"@id\":\"https:\/\/www.globber.com\/ch\/fr\/#website\"},\"primaryImageOfPage\":{\"@id\":\"https:\/\/www.globber.com\/ch\/fr\/product\/globber-primo-foldable-barre-en-t-anodisee-bleu-marine\/#primaryimage\"},\"image\":{\"@id\":\"https:\/\/www.globber.com\/ch\/fr\/product\/globber-primo-foldable-barre-en-t-anodisee-bleu-marine\/#primaryimage\"},\"thumbnailUrl\":\"https:\/\/cdn.globber.com\/content\/2022\/11\/6383b2da6e92a.jpg\",\"datePublished\":\"2022-11-28T14:05:11+00:00\",\"dateModified\":\"2026-03-04T09:54:11+00:00\",\"breadcrumb\":{\"@id\":\"https:\/\/www.globber.com\/ch\/fr\/product\/globber-primo-foldable-barre-en-t-anodisee-bleu-marine\/#breadcrumb\"},\"inLanguage\":\"fr-CH\",\"potentialAction\":[{\"@type\":\"ReadAction\",\"target\":[\"https:\/\/www.globber.com\/ch\/fr\/product\/globber-primo-foldable-barre-en-t-anodisee-bleu-marine\/\"]}]},{\"@type\":\"ImageObject\",\"inLanguage\":\"fr-CH\",\"@id\":\"https:\/\/www.globber.com\/ch\/fr\/product\/globber-primo-foldable-barre-en-t-anodisee-bleu-marine\/#primaryimage\",\"url\":\"https:\/\/cdn.globber.com\/content\/2022\/11\/6383b2da6e92a.jpg\",\"contentUrl\":\"https:\/\/cdn.globber.com\/content\/2022\/11\/6383b2da6e92a.jpg\",\"width\":1920,\"height\":1920},{\"@type\":\"BreadcrumbList\",\"@id\":\"https:\/\/www.globber.com\/ch\/fr\/product\/globber-primo-foldable-barre-en-t-anodisee-bleu-marine\/#breadcrumb\",\"itemListElement\":[{\"@type\":\"ListItem\",\"position\":1,\"name\":\"Shop\",\"item\":\"https:\/\/www.globber.com\/ch\/fr\/shop\/\"},{\"@type\":\"ListItem\",\"position\":2,\"name\":\"Globber | Primo Foldable | Barre en T anodis\u00e9e | Bleu marine\"}]},{\"@type\":\"WebSite\",\"@id\":\"https:\/\/www.globber.com\/ch\/fr\/#website\",\"url\":\"https:\/\/www.globber.com\/ch\/fr\/\",\"name\":\"Globber Scooter Schweiz\",\"description\":\"Der offizielle Online Shop\",\"publisher\":{\"@id\":\"https:\/\/www.globber.com\/ch\/fr\/#organization\"},\"potentialAction\":[{\"@type\":\"SearchAction\",\"target\":{\"@type\":\"EntryPoint\",\"urlTemplate\":\"https:\/\/www.globber.com\/ch\/fr\/?s={search_term_string}\"},\"query-input\":{\"@type\":\"PropertyValueSpecification\",\"valueRequired\":true,\"valueName\":\"search_term_string\"}}],\"inLanguage\":\"fr-CH\"},{\"@type\":\"Organization\",\"@id\":\"https:\/\/www.globber.com\/ch\/fr\/#organization\",\"name\":\"Globber Scooter Schweiz\",\"url\":\"https:\/\/www.globber.com\/ch\/fr\/\",\"logo\":{\"@type\":\"ImageObject\",\"inLanguage\":\"fr-CH\",\"@id\":\"https:\/\/www.globber.com\/ch\/fr\/#\/schema\/logo\/image\/\",\"url\":\"https:\/\/cdn.globber.com\/content\/2024\/05\/logo.svg\",\"contentUrl\":\"https:\/\/cdn.globber.com\/content\/2024\/05\/logo.svg\",\"width\":601,\"height\":112,\"caption\":\"Globber Scooter Schweiz\"},\"image\":{\"@id\":\"https:\/\/www.globber.com\/ch\/fr\/#\/schema\/logo\/image\/\"}}]}<\/script>\n<meta property=\"og:availability\" content=\"instock\" \/>\n<meta property=\"product:availability\" content=\"instock\" \/>\n<meta property=\"product:retailer_item_id\" content=\"430-XXX-2\" \/>\n<meta property=\"product:condition\" content=\"new\" \/>\n<!-- \/ Yoast SEO Premium plugin. -->","yoast_head_json":{"title":"Globber | Primo Foldable | Barre en T anodis\u00e9e | Bleu marine - Globber Scooter Schweiz","robots":{"index":"index","follow":"follow","max-snippet":"max-snippet:-1","max-image-preview":"max-image-preview:large","max-video-preview":"max-video-preview:-1"},"canonical":"https:\/\/www.globber.com\/ch\/fr\/product\/globber-primo-foldable-barre-en-t-anodisee-bleu-marine\/","og_locale":"fr_FR","og_type":"article","og_title":"Globber | Primo Foldable | Barre en T anodis\u00e9e | Bleu marine - Globber Scooter Schweiz","og_description":"Scooter pliant \u00e0 3 roues pour enfants (\u00e0 partir de 3 ans)","og_url":"https:\/\/www.globber.com\/ch\/fr\/product\/globber-primo-foldable-barre-en-t-anodisee-bleu-marine\/","og_site_name":"Globber Scooter Schweiz","article_modified_time":"2026-03-04T09:54:11+00:00","og_image":[{"width":1920,"height":1920,"url":"https:\/\/cdn.globber.com\/content\/2022\/11\/6383b2da6e92a.jpg","type":"image\/jpeg"}],"twitter_card":"summary_large_image","twitter_misc":{"Availability":"In stock"},"schema":{"@context":"https:\/\/schema.org","@graph":[{"@type":["WebPage","ItemPage"],"@id":"https:\/\/www.globber.com\/ch\/fr\/product\/globber-primo-foldable-barre-en-t-anodisee-bleu-marine\/","url":"https:\/\/www.globber.com\/ch\/fr\/product\/globber-primo-foldable-barre-en-t-anodisee-bleu-marine\/","name":"Globber | Primo Foldable | Barre en T anodis\u00e9e | Bleu marine - Globber Scooter Schweiz","isPartOf":{"@id":"https:\/\/www.globber.com\/ch\/fr\/#website"},"primaryImageOfPage":{"@id":"https:\/\/www.globber.com\/ch\/fr\/product\/globber-primo-foldable-barre-en-t-anodisee-bleu-marine\/#primaryimage"},"image":{"@id":"https:\/\/www.globber.com\/ch\/fr\/product\/globber-primo-foldable-barre-en-t-anodisee-bleu-marine\/#primaryimage"},"thumbnailUrl":"https:\/\/cdn.globber.com\/content\/2022\/11\/6383b2da6e92a.jpg","datePublished":"2022-11-28T14:05:11+00:00","dateModified":"2026-03-04T09:54:11+00:00","breadcrumb":{"@id":"https:\/\/www.globber.com\/ch\/fr\/product\/globber-primo-foldable-barre-en-t-anodisee-bleu-marine\/#breadcrumb"},"inLanguage":"fr-CH","potentialAction":[{"@type":"ReadAction","target":["https:\/\/www.globber.com\/ch\/fr\/product\/globber-primo-foldable-barre-en-t-anodisee-bleu-marine\/"]}]},{"@type":"ImageObject","inLanguage":"fr-CH","@id":"https:\/\/www.globber.com\/ch\/fr\/product\/globber-primo-foldable-barre-en-t-anodisee-bleu-marine\/#primaryimage","url":"https:\/\/cdn.globber.com\/content\/2022\/11\/6383b2da6e92a.jpg","contentUrl":"https:\/\/cdn.globber.com\/content\/2022\/11\/6383b2da6e92a.jpg","width":1920,"height":1920},{"@type":"BreadcrumbList","@id":"https:\/\/www.globber.com\/ch\/fr\/product\/globber-primo-foldable-barre-en-t-anodisee-bleu-marine\/#breadcrumb","itemListElement":[{"@type":"ListItem","position":1,"name":"Shop","item":"https:\/\/www.globber.com\/ch\/fr\/shop\/"},{"@type":"ListItem","position":2,"name":"Globber | Primo Foldable | Barre en T anodis\u00e9e | Bleu marine"}]},{"@type":"WebSite","@id":"https:\/\/www.globber.com\/ch\/fr\/#website","url":"https:\/\/www.globber.com\/ch\/fr\/","name":"Globber Scooter Schweiz","description":"Der offizielle Online Shop","publisher":{"@id":"https:\/\/www.globber.com\/ch\/fr\/#organization"},"potentialAction":[{"@type":"SearchAction","target":{"@type":"EntryPoint","urlTemplate":"https:\/\/www.globber.com\/ch\/fr\/?s={search_term_string}"},"query-input":{"@type":"PropertyValueSpecification","valueRequired":true,"valueName":"search_term_string"}}],"inLanguage":"fr-CH"},{"@type":"Organization","@id":"https:\/\/www.globber.com\/ch\/fr\/#organization","name":"Globber Scooter Schweiz","url":"https:\/\/www.globber.com\/ch\/fr\/","logo":{"@type":"ImageObject","inLanguage":"fr-CH","@id":"https:\/\/www.globber.com\/ch\/fr\/#\/schema\/logo\/image\/","url":"https:\/\/cdn.globber.com\/content\/2024\/05\/logo.svg","contentUrl":"https:\/\/cdn.globber.com\/content\/2024\/05\/logo.svg","width":601,"height":112,"caption":"Globber Scooter Schweiz"},"image":{"@id":"https:\/\/www.globber.com\/ch\/fr\/#\/schema\/logo\/image\/"}}]},"og_availability":"instock","product_availability":"instock","product_retailer_item_id":"430-XXX-2","product_condition":"new"},"_links":{"self":[{"href":"https:\/\/www.globber.com\/ch\/fr\/wp-json\/wp\/v2\/product\/21581","targetHints":{"allow":["GET"]}}],"collection":[{"href":"https:\/\/www.globber.com\/ch\/fr\/wp-json\/wp\/v2\/product"}],"about":[{"href":"https:\/\/www.globber.com\/ch\/fr\/wp-json\/wp\/v2\/types\/product"}],"replies":[{"embeddable":true,"href":"https:\/\/www.globber.com\/ch\/fr\/wp-json\/wp\/v2\/comments?post=21581"}],"wp:featuredmedia":[{"embeddable":true,"href":"https:\/\/www.globber.com\/ch\/fr\/wp-json\/wp\/v2\/media\/25705"}],"wp:attachment":[{"href":"https:\/\/www.globber.com\/ch\/fr\/wp-json\/wp\/v2\/media?parent=21581"}],"wp:term":[{"taxonomy":"product-special-badges","embeddable":true,"href":"https:\/\/www.globber.com\/ch\/fr\/wp-json\/wp\/v2\/product-special-badges?post=21581"},{"taxonomy":"product_brand","embeddable":true,"href":"https:\/\/www.globber.com\/ch\/fr\/wp-json\/wp\/v2\/product_brand?post=21581"},{"taxonomy":"product_cat","embeddable":true,"href":"https:\/\/www.globber.com\/ch\/fr\/wp-json\/wp\/v2\/product_cat?post=21581"},{"taxonomy":"product_tag","embeddable":true,"href":"https:\/\/www.globber.com\/ch\/fr\/wp-json\/wp\/v2\/product_tag?post=21581"}],"curies":[{"name":"wp","href":"https:\/\/api.w.org\/{rel}","templated":true}]}}