{"id":21585,"date":"2022-11-28T15:07:10","date_gmt":"2025-12-09T07:06:25","guid":{"rendered":"https:\/\/www.globber.com\/ch\/product\/globber-master-prime-bleu-sarcelle\/"},"modified":"2025-12-09T08:06:26","modified_gmt":"2025-12-09T07:06:26","slug":"globber-master-prime-bleu-sarcelle","status":"publish","type":"product","link":"https:\/\/www.globber.com\/ch\/fr\/product\/globber-master-prime-bleu-sarcelle\/","title":{"rendered":"Globber | MASTER PRIME | Bleu sarcelle"},"content":{"rendered":"<p><p class=\"p1\">MASTER PRIME devient grand et offre un plaisir de conduite confortable et durable \u00e0 3 roues! MASTER PRIME offre tout ce dont vous avez besoin pour une conduite confortable: une conception de pont large avec de la mousse EVA douce, des roues avant \u00e9paisses et durables pour un confort global accru, un guidon r\u00e9glable en hauteur 5x avec une conception de poign\u00e9e pivotante, un syst\u00e8me de pliage brevet\u00e9 pour un rangement facile et un syst\u00e8me de verrouillage de!<\/p><\/p>\n","protected":false},"excerpt":{"rendered":"<p class=\"p1\"><strong>Grand scooter \u00e0 3 roues pour enfants (\u00e2g\u00e9s de 4 \u00e0 14 ans)<\/strong><\/p>\n","protected":false},"featured_media":21926,"comment_status":"closed","ping_status":"open","template":"","meta":{"_acf_changed":false,"inline_featured_image":false},"product-special-badges":[],"product_brand":[],"product_cat":[4775,4821,4843,4844,4847,4850,4853,4865],"product_tag":[],"class_list":{"0":"post-21585","1":"product","2":"type-product","3":"status-publish","4":"has-post-thumbnail","6":"product-badges-comfortable-fr","7":"product-badges-adjustable-fr","8":"product-badges-foldable-fr","9":"product_cat-serie-principale","10":"product_cat-scooter-pliable","11":"product_cat-trottinette-a-3-roues-pour-tous-les-ages","12":"product_cat-globber-master-scooter-series-premium-3-raeder-scooter-fuer-teens","13":"product_cat-enfants-a-3-roues","14":"product_cat-scooter-pour-adolescents","15":"product_cat-trottinette-pour-enfants","16":"product_cat-serie-master-toutes-series-ados","17":"pa_altersspanne-4-14-ans","18":"pa_bremsen-composition-du-frein-arriere-mecanique","19":"pa_color-bleu-fonce","20":"pa_color-rose","21":"pa_color-turquoise","22":"pa_deckmaterial-composite-fibre-pp-cadre-metal-ruban-mousse-eva","23":"pa_einstellbar-oui","24":"pa_empfohlene-benutzerhoehe-100-160-cm","25":"pa_faltbar-yes-fr","26":"pa_groesse-der-raeder-125mm-vorne-38mm-breit-fr","27":"pa_groesse-der-raeder-80mm-hinten-30mm-breit-fr","28":"pa_groesse-der-raeder-pu-guss-mit-hoher-rueckfederung","29":"pa_grose-der-brucke-b-14-3cm-xl-58cm","30":"pa_hohen-der-t-stangen-74-79-84-89-94-cm-du-sol","31":"pa_maximales-benutzergewicht-50-kg","32":"pa_produktgewicht-netto-3-38-kg","33":"pa_produkttyp-scooter-de-ville","35":"first","36":"instock","37":"taxable","38":"shipping-taxable","39":"purchasable","40":"product-type-variable"},"acf":[],"yoast_head":"<!-- This site is optimized with the Yoast SEO Premium plugin v20.12 (Yoast SEO v23.4) - https:\/\/yoast.com\/wordpress\/plugins\/seo\/ -->\n<title>Globber | MASTER PRIME | Bleu sarcelle - Globber Scooter Schweiz<\/title>\n<meta name=\"robots\" content=\"index, follow, max-snippet:-1, max-image-preview:large, max-video-preview:-1\" \/>\n<link rel=\"canonical\" href=\"https:\/\/www.globber.com\/ch\/de\/product\/master-prime\/\" \/>\n<meta property=\"og:locale\" content=\"fr_FR\" \/>\n<meta property=\"og:type\" content=\"article\" \/>\n<meta property=\"og:title\" content=\"Globber | MASTER PRIME | Bleu sarcelle - Globber Scooter Schweiz\" \/>\n<meta property=\"og:description\" content=\"Grand scooter \u00e0 3 roues pour enfants (\u00e2g\u00e9s de 4 \u00e0 14 ans)\" \/>\n<meta property=\"og:url\" content=\"https:\/\/www.globber.com\/ch\/de\/product\/master-prime\/\" \/>\n<meta property=\"og:site_name\" content=\"Globber Scooter Schweiz\" \/>\n<meta property=\"article:modified_time\" content=\"2025-12-09T07:06:26+00:00\" \/>\n<meta property=\"og:image\" content=\"https:\/\/cdn.globber.com\/content\/2022\/11\/6383866239082.jpg\" \/>\n\t<meta property=\"og:image:width\" content=\"1920\" \/>\n\t<meta property=\"og:image:height\" content=\"1920\" \/>\n\t<meta property=\"og:image:type\" content=\"image\/jpeg\" \/>\n<meta name=\"twitter:card\" content=\"summary_large_image\" \/>\n<meta name=\"twitter:label1\" content=\"Availability\" \/>\n\t<meta name=\"twitter:data1\" content=\"In stock\" \/>\n<script type=\"application\/ld+json\" class=\"yoast-schema-graph\">{\"@context\":\"https:\/\/schema.org\",\"@graph\":[{\"@type\":[\"WebPage\",\"ItemPage\"],\"@id\":\"https:\/\/www.globber.com\/ch\/de\/product\/master-prime\/\",\"url\":\"https:\/\/www.globber.com\/ch\/de\/product\/master-prime\/\",\"name\":\"Globber | MASTER PRIME | Bleu sarcelle - Globber Scooter Schweiz\",\"isPartOf\":{\"@id\":\"https:\/\/www.globber.com\/ch\/fr\/#website\"},\"primaryImageOfPage\":{\"@id\":\"https:\/\/www.globber.com\/ch\/de\/product\/master-prime\/#primaryimage\"},\"image\":{\"@id\":\"https:\/\/www.globber.com\/ch\/de\/product\/master-prime\/#primaryimage\"},\"thumbnailUrl\":\"https:\/\/cdn.globber.com\/content\/2022\/11\/6383866239082.jpg\",\"datePublished\":\"2025-12-09T07:06:25+00:00\",\"dateModified\":\"2025-12-09T07:06:26+00:00\",\"breadcrumb\":{\"@id\":\"https:\/\/www.globber.com\/ch\/de\/product\/master-prime\/#breadcrumb\"},\"inLanguage\":\"fr-CH\",\"potentialAction\":[{\"@type\":\"ReadAction\",\"target\":[\"https:\/\/www.globber.com\/ch\/de\/product\/master-prime\/\"]}]},{\"@type\":\"ImageObject\",\"inLanguage\":\"fr-CH\",\"@id\":\"https:\/\/www.globber.com\/ch\/de\/product\/master-prime\/#primaryimage\",\"url\":\"https:\/\/cdn.globber.com\/content\/2022\/11\/6383866239082.jpg\",\"contentUrl\":\"https:\/\/cdn.globber.com\/content\/2022\/11\/6383866239082.jpg\",\"width\":1920,\"height\":1920},{\"@type\":\"BreadcrumbList\",\"@id\":\"https:\/\/www.globber.com\/ch\/de\/product\/master-prime\/#breadcrumb\",\"itemListElement\":[{\"@type\":\"ListItem\",\"position\":1,\"name\":\"Shop\",\"item\":\"https:\/\/www.globber.com\/ch\/fr\/shop\/\"},{\"@type\":\"ListItem\",\"position\":2,\"name\":\"Globber | MASTER PRIME | Bleu sarcelle\"}]},{\"@type\":\"WebSite\",\"@id\":\"https:\/\/www.globber.com\/ch\/fr\/#website\",\"url\":\"https:\/\/www.globber.com\/ch\/fr\/\",\"name\":\"Globber Scooter Schweiz\",\"description\":\"Der offizielle Online Shop\",\"publisher\":{\"@id\":\"https:\/\/www.globber.com\/ch\/fr\/#organization\"},\"potentialAction\":[{\"@type\":\"SearchAction\",\"target\":{\"@type\":\"EntryPoint\",\"urlTemplate\":\"https:\/\/www.globber.com\/ch\/fr\/?s={search_term_string}\"},\"query-input\":{\"@type\":\"PropertyValueSpecification\",\"valueRequired\":true,\"valueName\":\"search_term_string\"}}],\"inLanguage\":\"fr-CH\"},{\"@type\":\"Organization\",\"@id\":\"https:\/\/www.globber.com\/ch\/fr\/#organization\",\"name\":\"Globber Scooter Schweiz\",\"url\":\"https:\/\/www.globber.com\/ch\/fr\/\",\"logo\":{\"@type\":\"ImageObject\",\"inLanguage\":\"fr-CH\",\"@id\":\"https:\/\/www.globber.com\/ch\/fr\/#\/schema\/logo\/image\/\",\"url\":\"https:\/\/cdn.globber.com\/content\/2024\/05\/logo.svg\",\"contentUrl\":\"https:\/\/cdn.globber.com\/content\/2024\/05\/logo.svg\",\"width\":601,\"height\":112,\"caption\":\"Globber Scooter Schweiz\"},\"image\":{\"@id\":\"https:\/\/www.globber.com\/ch\/fr\/#\/schema\/logo\/image\/\"}}]}<\/script>\n<meta property=\"og:availability\" content=\"instock\" \/>\n<meta property=\"product:availability\" content=\"instock\" \/>\n<meta property=\"product:retailer_item_id\" content=\"664-XXX\" \/>\n<meta property=\"product:condition\" content=\"new\" \/>\n<!-- \/ Yoast SEO Premium plugin. -->","yoast_head_json":{"title":"Globber | MASTER PRIME | Bleu sarcelle - Globber Scooter Schweiz","robots":{"index":"index","follow":"follow","max-snippet":"max-snippet:-1","max-image-preview":"max-image-preview:large","max-video-preview":"max-video-preview:-1"},"canonical":"https:\/\/www.globber.com\/ch\/de\/product\/master-prime\/","og_locale":"fr_FR","og_type":"article","og_title":"Globber | MASTER PRIME | Bleu sarcelle - Globber Scooter Schweiz","og_description":"Grand scooter \u00e0 3 roues pour enfants (\u00e2g\u00e9s de 4 \u00e0 14 ans)","og_url":"https:\/\/www.globber.com\/ch\/de\/product\/master-prime\/","og_site_name":"Globber Scooter Schweiz","article_modified_time":"2025-12-09T07:06:26+00:00","og_image":[{"width":1920,"height":1920,"url":"https:\/\/cdn.globber.com\/content\/2022\/11\/6383866239082.jpg","type":"image\/jpeg"}],"twitter_card":"summary_large_image","twitter_misc":{"Availability":"In stock"},"schema":{"@context":"https:\/\/schema.org","@graph":[{"@type":["WebPage","ItemPage"],"@id":"https:\/\/www.globber.com\/ch\/de\/product\/master-prime\/","url":"https:\/\/www.globber.com\/ch\/de\/product\/master-prime\/","name":"Globber | MASTER PRIME | Bleu sarcelle - Globber Scooter Schweiz","isPartOf":{"@id":"https:\/\/www.globber.com\/ch\/fr\/#website"},"primaryImageOfPage":{"@id":"https:\/\/www.globber.com\/ch\/de\/product\/master-prime\/#primaryimage"},"image":{"@id":"https:\/\/www.globber.com\/ch\/de\/product\/master-prime\/#primaryimage"},"thumbnailUrl":"https:\/\/cdn.globber.com\/content\/2022\/11\/6383866239082.jpg","datePublished":"2025-12-09T07:06:25+00:00","dateModified":"2025-12-09T07:06:26+00:00","breadcrumb":{"@id":"https:\/\/www.globber.com\/ch\/de\/product\/master-prime\/#breadcrumb"},"inLanguage":"fr-CH","potentialAction":[{"@type":"ReadAction","target":["https:\/\/www.globber.com\/ch\/de\/product\/master-prime\/"]}]},{"@type":"ImageObject","inLanguage":"fr-CH","@id":"https:\/\/www.globber.com\/ch\/de\/product\/master-prime\/#primaryimage","url":"https:\/\/cdn.globber.com\/content\/2022\/11\/6383866239082.jpg","contentUrl":"https:\/\/cdn.globber.com\/content\/2022\/11\/6383866239082.jpg","width":1920,"height":1920},{"@type":"BreadcrumbList","@id":"https:\/\/www.globber.com\/ch\/de\/product\/master-prime\/#breadcrumb","itemListElement":[{"@type":"ListItem","position":1,"name":"Shop","item":"https:\/\/www.globber.com\/ch\/fr\/shop\/"},{"@type":"ListItem","position":2,"name":"Globber | MASTER PRIME | Bleu sarcelle"}]},{"@type":"WebSite","@id":"https:\/\/www.globber.com\/ch\/fr\/#website","url":"https:\/\/www.globber.com\/ch\/fr\/","name":"Globber Scooter Schweiz","description":"Der offizielle Online Shop","publisher":{"@id":"https:\/\/www.globber.com\/ch\/fr\/#organization"},"potentialAction":[{"@type":"SearchAction","target":{"@type":"EntryPoint","urlTemplate":"https:\/\/www.globber.com\/ch\/fr\/?s={search_term_string}"},"query-input":{"@type":"PropertyValueSpecification","valueRequired":true,"valueName":"search_term_string"}}],"inLanguage":"fr-CH"},{"@type":"Organization","@id":"https:\/\/www.globber.com\/ch\/fr\/#organization","name":"Globber Scooter Schweiz","url":"https:\/\/www.globber.com\/ch\/fr\/","logo":{"@type":"ImageObject","inLanguage":"fr-CH","@id":"https:\/\/www.globber.com\/ch\/fr\/#\/schema\/logo\/image\/","url":"https:\/\/cdn.globber.com\/content\/2024\/05\/logo.svg","contentUrl":"https:\/\/cdn.globber.com\/content\/2024\/05\/logo.svg","width":601,"height":112,"caption":"Globber Scooter Schweiz"},"image":{"@id":"https:\/\/www.globber.com\/ch\/fr\/#\/schema\/logo\/image\/"}}]},"og_availability":"instock","product_availability":"instock","product_retailer_item_id":"664-XXX","product_condition":"new"},"_links":{"self":[{"href":"https:\/\/www.globber.com\/ch\/fr\/wp-json\/wp\/v2\/product\/21585","targetHints":{"allow":["GET"]}}],"collection":[{"href":"https:\/\/www.globber.com\/ch\/fr\/wp-json\/wp\/v2\/product"}],"about":[{"href":"https:\/\/www.globber.com\/ch\/fr\/wp-json\/wp\/v2\/types\/product"}],"replies":[{"embeddable":true,"href":"https:\/\/www.globber.com\/ch\/fr\/wp-json\/wp\/v2\/comments?post=21585"}],"wp:featuredmedia":[{"embeddable":true,"href":"https:\/\/www.globber.com\/ch\/fr\/wp-json\/wp\/v2\/media\/21926"}],"wp:attachment":[{"href":"https:\/\/www.globber.com\/ch\/fr\/wp-json\/wp\/v2\/media?parent=21585"}],"wp:term":[{"taxonomy":"product-special-badges","embeddable":true,"href":"https:\/\/www.globber.com\/ch\/fr\/wp-json\/wp\/v2\/product-special-badges?post=21585"},{"taxonomy":"product_brand","embeddable":true,"href":"https:\/\/www.globber.com\/ch\/fr\/wp-json\/wp\/v2\/product_brand?post=21585"},{"taxonomy":"product_cat","embeddable":true,"href":"https:\/\/www.globber.com\/ch\/fr\/wp-json\/wp\/v2\/product_cat?post=21585"},{"taxonomy":"product_tag","embeddable":true,"href":"https:\/\/www.globber.com\/ch\/fr\/wp-json\/wp\/v2\/product_tag?post=21585"}],"curies":[{"name":"wp","href":"https:\/\/api.w.org\/{rel}","templated":true}]}}