{"id":21586,"date":"2022-11-28T14:07:24","date_gmt":"2025-12-09T07:06:25","guid":{"rendered":"https:\/\/www.globber.com\/ch\/product\/globber-kickboard-ultimum\/"},"modified":"2025-12-09T08:06:27","modified_gmt":"2025-12-09T07:06:27","slug":"globber-kickboard-ultimum","status":"publish","type":"product","link":"https:\/\/www.globber.com\/ch\/fr\/product\/globber-kickboard-ultimum\/","title":{"rendered":"Globber | Kickboard | Ultimum"},"content":{"rendered":"<p><p class=\"\" data-start=\"85\" data-end=\"410\">Qu'il s'agisse d'un enfant ou d'un adulte, le scooter \u00e0 3 roues est amusant pour tout le monde! L'ULTIMUM est un Kickscooter \u00e0 3 roues pour adultes (enfants inclus!), \u00e9quip\u00e9 d'un syst\u00e8me brevet\u00e9 de contr\u00f4le de L'angle de braquage r\u00e9glable qui permet d'ajuster le rayon de braquage des roues avant en fonction de votre style de conduite. Dot\u00e9 d'un m\u00e9canisme de pliage elliptique brevet\u00e9, D'un marchepied robuste et extra large et D'un guidon r\u00e9glable en hauteur \u00e0 6 positions, L'ULTIMUM est le compagnon id\u00e9al pour les cyclistes de tous \u00e2ges!<\/p><\/p>\n","protected":false},"excerpt":{"rendered":"<p>Scooter 3 roues pour enfants, adolescents et adultes (\u00e0 partir de 5 ans)<\/p>\n","protected":false},"featured_media":25930,"comment_status":"closed","ping_status":"open","template":"","meta":{"_acf_changed":false,"inline_featured_image":false},"product-special-badges":[],"product_brand":[],"product_cat":[4781,4812,4821,4844,4850,4854],"product_tag":[],"class_list":{"0":"post-21586","1":"product","2":"type-product","3":"status-publish","4":"has-post-thumbnail","6":"product-badges-adjustable-fr","7":"product-badges-foldable-fr","8":"product-badges-for-all-ages-fr","9":"product_cat-adultes-a-3-roues","10":"product_cat-serie-ultime","11":"product_cat-scooter-pliable","12":"product_cat-globber-master-scooter-series-premium-3-raeder-scooter-fuer-teens","13":"product_cat-scooter-pour-adolescents","14":"product_cat-scooter-pour-adultes","15":"pa_altersspanne-de-5-ans-a-lage-adulte","16":"pa_bremsen-composition-du-frein-arriere-mecanique","17":"pa_color-bleu","18":"pa_color-rose","19":"pa_color-vert","20":"pa_deckmaterial-materiau-composite-pp-fibre-nylon","21":"pa_einstellbar-oui","22":"pa_empfohlene-benutzerhoehe-105-200-cm","23":"pa_faltbar-yes-fr","24":"pa_groesse-der-raeder-125mm-vorne-43mm-breit-fr","25":"pa_groesse-der-raeder-90mm-hinten-48mm-breit-fr","26":"pa_grose-der-brucke-b-14-8cm-xl-59-5cm","27":"pa_hohen-der-t-stangen-76-81-86-91-96-101-cm-du-sol","28":"pa_maximales-benutzergewicht-100-kg","29":"pa_produktgewicht-netto-4-62-kg","30":"pa_produkttyp-scooter-de-ville","32":"first","33":"outofstock","34":"taxable","35":"shipping-taxable","36":"product-type-variable"},"acf":[],"yoast_head":"<!-- This site is optimized with the Yoast SEO Premium plugin v20.12 (Yoast SEO v23.4) - https:\/\/yoast.com\/wordpress\/plugins\/seo\/ -->\n<title>Globber | Kickboard | Ultimum - Globber Scooter Schweiz<\/title>\n<meta name=\"robots\" content=\"index, follow, max-snippet:-1, max-image-preview:large, max-video-preview:-1\" \/>\n<link rel=\"canonical\" href=\"https:\/\/www.globber.com\/ch\/fr\/product\/globber-kickboard-ultimum\/\" \/>\n<meta property=\"og:locale\" content=\"fr_FR\" \/>\n<meta property=\"og:type\" content=\"article\" \/>\n<meta property=\"og:title\" content=\"Globber | Kickboard | Ultimum - Globber Scooter Schweiz\" \/>\n<meta property=\"og:description\" content=\"Scooter 3 roues pour enfants, adolescents et adultes (\u00e0 partir de 5 ans)\" \/>\n<meta property=\"og:url\" content=\"https:\/\/www.globber.com\/ch\/fr\/product\/globber-kickboard-ultimum\/\" \/>\n<meta property=\"og:site_name\" content=\"Globber Scooter Schweiz\" \/>\n<meta property=\"article:modified_time\" content=\"2025-12-09T07:06:27+00:00\" \/>\n<meta property=\"og:image\" content=\"https:\/\/cdn.globber.com\/content\/sites\/41\/2024\/11\/6734611583a17.jpg\" \/>\n\t<meta property=\"og:image:width\" content=\"2048\" \/>\n\t<meta property=\"og:image:height\" content=\"2048\" \/>\n\t<meta property=\"og:image:type\" content=\"image\/jpeg\" \/>\n<meta name=\"twitter:card\" content=\"summary_large_image\" \/>\n<meta name=\"twitter:label1\" content=\"Availability\" \/>\n\t<meta name=\"twitter:data1\" content=\"Out of stock\" \/>\n<script type=\"application\/ld+json\" class=\"yoast-schema-graph\">{\"@context\":\"https:\/\/schema.org\",\"@graph\":[{\"@type\":[\"WebPage\",\"ItemPage\"],\"@id\":\"https:\/\/www.globber.com\/ch\/fr\/product\/globber-kickboard-ultimum\/\",\"url\":\"https:\/\/www.globber.com\/ch\/fr\/product\/globber-kickboard-ultimum\/\",\"name\":\"Globber | Kickboard | Ultimum - Globber Scooter Schweiz\",\"isPartOf\":{\"@id\":\"https:\/\/www.globber.com\/ch\/fr\/#website\"},\"primaryImageOfPage\":{\"@id\":\"https:\/\/www.globber.com\/ch\/fr\/product\/globber-kickboard-ultimum\/#primaryimage\"},\"image\":{\"@id\":\"https:\/\/www.globber.com\/ch\/fr\/product\/globber-kickboard-ultimum\/#primaryimage\"},\"thumbnailUrl\":\"https:\/\/cdn.globber.com\/content\/sites\/41\/2024\/11\/6734611583a17.jpg\",\"datePublished\":\"2025-12-09T07:06:25+00:00\",\"dateModified\":\"2025-12-09T07:06:27+00:00\",\"breadcrumb\":{\"@id\":\"https:\/\/www.globber.com\/ch\/fr\/product\/globber-kickboard-ultimum\/#breadcrumb\"},\"inLanguage\":\"fr-CH\",\"potentialAction\":[{\"@type\":\"ReadAction\",\"target\":[\"https:\/\/www.globber.com\/ch\/fr\/product\/globber-kickboard-ultimum\/\"]}]},{\"@type\":\"ImageObject\",\"inLanguage\":\"fr-CH\",\"@id\":\"https:\/\/www.globber.com\/ch\/fr\/product\/globber-kickboard-ultimum\/#primaryimage\",\"url\":\"https:\/\/cdn.globber.com\/content\/sites\/41\/2024\/11\/6734611583a17.jpg\",\"contentUrl\":\"https:\/\/cdn.globber.com\/content\/sites\/41\/2024\/11\/6734611583a17.jpg\",\"width\":2048,\"height\":2048},{\"@type\":\"BreadcrumbList\",\"@id\":\"https:\/\/www.globber.com\/ch\/fr\/product\/globber-kickboard-ultimum\/#breadcrumb\",\"itemListElement\":[{\"@type\":\"ListItem\",\"position\":1,\"name\":\"Shop\",\"item\":\"https:\/\/www.globber.com\/ch\/fr\/shop\/\"},{\"@type\":\"ListItem\",\"position\":2,\"name\":\"Globber | Kickboard | Ultimum\"}]},{\"@type\":\"WebSite\",\"@id\":\"https:\/\/www.globber.com\/ch\/fr\/#website\",\"url\":\"https:\/\/www.globber.com\/ch\/fr\/\",\"name\":\"Globber Scooter Schweiz\",\"description\":\"Der offizielle Online Shop\",\"publisher\":{\"@id\":\"https:\/\/www.globber.com\/ch\/fr\/#organization\"},\"potentialAction\":[{\"@type\":\"SearchAction\",\"target\":{\"@type\":\"EntryPoint\",\"urlTemplate\":\"https:\/\/www.globber.com\/ch\/fr\/?s={search_term_string}\"},\"query-input\":{\"@type\":\"PropertyValueSpecification\",\"valueRequired\":true,\"valueName\":\"search_term_string\"}}],\"inLanguage\":\"fr-CH\"},{\"@type\":\"Organization\",\"@id\":\"https:\/\/www.globber.com\/ch\/fr\/#organization\",\"name\":\"Globber Scooter Schweiz\",\"url\":\"https:\/\/www.globber.com\/ch\/fr\/\",\"logo\":{\"@type\":\"ImageObject\",\"inLanguage\":\"fr-CH\",\"@id\":\"https:\/\/www.globber.com\/ch\/fr\/#\/schema\/logo\/image\/\",\"url\":\"https:\/\/cdn.globber.com\/content\/2024\/05\/logo.svg\",\"contentUrl\":\"https:\/\/cdn.globber.com\/content\/2024\/05\/logo.svg\",\"width\":601,\"height\":112,\"caption\":\"Globber Scooter Schweiz\"},\"image\":{\"@id\":\"https:\/\/www.globber.com\/ch\/fr\/#\/schema\/logo\/image\/\"}}]}<\/script>\n<meta property=\"og:availability\" content=\"out of stock\" \/>\n<meta property=\"product:availability\" content=\"out of stock\" \/>\n<meta property=\"product:retailer_item_id\" content=\"612-XXX\" \/>\n<meta property=\"product:condition\" content=\"new\" \/>\n<!-- \/ Yoast SEO Premium plugin. -->","yoast_head_json":{"title":"Globber | Kickboard | Ultimum - Globber Scooter Schweiz","robots":{"index":"index","follow":"follow","max-snippet":"max-snippet:-1","max-image-preview":"max-image-preview:large","max-video-preview":"max-video-preview:-1"},"canonical":"https:\/\/www.globber.com\/ch\/fr\/product\/globber-kickboard-ultimum\/","og_locale":"fr_FR","og_type":"article","og_title":"Globber | Kickboard | Ultimum - Globber Scooter Schweiz","og_description":"Scooter 3 roues pour enfants, adolescents et adultes (\u00e0 partir de 5 ans)","og_url":"https:\/\/www.globber.com\/ch\/fr\/product\/globber-kickboard-ultimum\/","og_site_name":"Globber Scooter Schweiz","article_modified_time":"2025-12-09T07:06:27+00:00","og_image":[{"width":2048,"height":2048,"url":"https:\/\/cdn.globber.com\/content\/sites\/41\/2024\/11\/6734611583a17.jpg","type":"image\/jpeg"}],"twitter_card":"summary_large_image","twitter_misc":{"Availability":"Out of stock"},"schema":{"@context":"https:\/\/schema.org","@graph":[{"@type":["WebPage","ItemPage"],"@id":"https:\/\/www.globber.com\/ch\/fr\/product\/globber-kickboard-ultimum\/","url":"https:\/\/www.globber.com\/ch\/fr\/product\/globber-kickboard-ultimum\/","name":"Globber | Kickboard | Ultimum - Globber Scooter Schweiz","isPartOf":{"@id":"https:\/\/www.globber.com\/ch\/fr\/#website"},"primaryImageOfPage":{"@id":"https:\/\/www.globber.com\/ch\/fr\/product\/globber-kickboard-ultimum\/#primaryimage"},"image":{"@id":"https:\/\/www.globber.com\/ch\/fr\/product\/globber-kickboard-ultimum\/#primaryimage"},"thumbnailUrl":"https:\/\/cdn.globber.com\/content\/sites\/41\/2024\/11\/6734611583a17.jpg","datePublished":"2025-12-09T07:06:25+00:00","dateModified":"2025-12-09T07:06:27+00:00","breadcrumb":{"@id":"https:\/\/www.globber.com\/ch\/fr\/product\/globber-kickboard-ultimum\/#breadcrumb"},"inLanguage":"fr-CH","potentialAction":[{"@type":"ReadAction","target":["https:\/\/www.globber.com\/ch\/fr\/product\/globber-kickboard-ultimum\/"]}]},{"@type":"ImageObject","inLanguage":"fr-CH","@id":"https:\/\/www.globber.com\/ch\/fr\/product\/globber-kickboard-ultimum\/#primaryimage","url":"https:\/\/cdn.globber.com\/content\/sites\/41\/2024\/11\/6734611583a17.jpg","contentUrl":"https:\/\/cdn.globber.com\/content\/sites\/41\/2024\/11\/6734611583a17.jpg","width":2048,"height":2048},{"@type":"BreadcrumbList","@id":"https:\/\/www.globber.com\/ch\/fr\/product\/globber-kickboard-ultimum\/#breadcrumb","itemListElement":[{"@type":"ListItem","position":1,"name":"Shop","item":"https:\/\/www.globber.com\/ch\/fr\/shop\/"},{"@type":"ListItem","position":2,"name":"Globber | Kickboard | Ultimum"}]},{"@type":"WebSite","@id":"https:\/\/www.globber.com\/ch\/fr\/#website","url":"https:\/\/www.globber.com\/ch\/fr\/","name":"Globber Scooter Schweiz","description":"Der offizielle Online Shop","publisher":{"@id":"https:\/\/www.globber.com\/ch\/fr\/#organization"},"potentialAction":[{"@type":"SearchAction","target":{"@type":"EntryPoint","urlTemplate":"https:\/\/www.globber.com\/ch\/fr\/?s={search_term_string}"},"query-input":{"@type":"PropertyValueSpecification","valueRequired":true,"valueName":"search_term_string"}}],"inLanguage":"fr-CH"},{"@type":"Organization","@id":"https:\/\/www.globber.com\/ch\/fr\/#organization","name":"Globber Scooter Schweiz","url":"https:\/\/www.globber.com\/ch\/fr\/","logo":{"@type":"ImageObject","inLanguage":"fr-CH","@id":"https:\/\/www.globber.com\/ch\/fr\/#\/schema\/logo\/image\/","url":"https:\/\/cdn.globber.com\/content\/2024\/05\/logo.svg","contentUrl":"https:\/\/cdn.globber.com\/content\/2024\/05\/logo.svg","width":601,"height":112,"caption":"Globber Scooter Schweiz"},"image":{"@id":"https:\/\/www.globber.com\/ch\/fr\/#\/schema\/logo\/image\/"}}]},"og_availability":"out of stock","product_availability":"out of stock","product_retailer_item_id":"612-XXX","product_condition":"new"},"_links":{"self":[{"href":"https:\/\/www.globber.com\/ch\/fr\/wp-json\/wp\/v2\/product\/21586","targetHints":{"allow":["GET"]}}],"collection":[{"href":"https:\/\/www.globber.com\/ch\/fr\/wp-json\/wp\/v2\/product"}],"about":[{"href":"https:\/\/www.globber.com\/ch\/fr\/wp-json\/wp\/v2\/types\/product"}],"replies":[{"embeddable":true,"href":"https:\/\/www.globber.com\/ch\/fr\/wp-json\/wp\/v2\/comments?post=21586"}],"wp:featuredmedia":[{"embeddable":true,"href":"https:\/\/www.globber.com\/ch\/fr\/wp-json\/wp\/v2\/media\/25930"}],"wp:attachment":[{"href":"https:\/\/www.globber.com\/ch\/fr\/wp-json\/wp\/v2\/media?parent=21586"}],"wp:term":[{"taxonomy":"product-special-badges","embeddable":true,"href":"https:\/\/www.globber.com\/ch\/fr\/wp-json\/wp\/v2\/product-special-badges?post=21586"},{"taxonomy":"product_brand","embeddable":true,"href":"https:\/\/www.globber.com\/ch\/fr\/wp-json\/wp\/v2\/product_brand?post=21586"},{"taxonomy":"product_cat","embeddable":true,"href":"https:\/\/www.globber.com\/ch\/fr\/wp-json\/wp\/v2\/product_cat?post=21586"},{"taxonomy":"product_tag","embeddable":true,"href":"https:\/\/www.globber.com\/ch\/fr\/wp-json\/wp\/v2\/product_tag?post=21586"}],"curies":[{"name":"wp","href":"https:\/\/api.w.org\/{rel}","templated":true}]}}