{"id":21588,"date":"2022-11-28T15:08:46","date_gmt":"2022-11-28T14:08:46","guid":{"rendered":"https:\/\/www.globber.com\/ch\/product\/globber-flow-element-neochrome\/"},"modified":"2026-03-11T07:47:08","modified_gmt":"2026-03-11T06:47:08","slug":"globber-flow-element-neochrome","status":"publish","type":"product","link":"https:\/\/www.globber.com\/ch\/fr\/product\/globber-flow-element-neochrome\/","title":{"rendered":"Globber | Flow Element | Neochrome"},"content":{"rendered":"<p><p>R\u00e9interpr\u00e9tation du scooter classique en m\u00e9tal avec \u00e9clairage LED FLOW ELEMENT LIGHTS est fabriqu\u00e9 \u00e0 partir d'un Design tout en aluminium robuste et souple qui apportera beaucoup de plaisir aux enfants et aux adolescents de demain!<\/p>\n<p>\u00c9l\u00e9gant, chic et l\u00e9ger, le FLOW ELEMENT LIGHTS, avec ses options de couleurs vives, dispose d'un syst\u00e8me de pliage brevet\u00e9, D'un guidon r\u00e9glable en hauteur 4x avec poign\u00e9es pliantes, d'un ruban adh\u00e9sif tendance, D'un frein arri\u00e8re puissant et de roues lumineuses et lumineuses de 125 mm pour une conduite robuste-le tout avec une lueur amusante!<\/p>\n<p>Soyez dans votre ELEMENT et suivez le FLOW!<\/p><\/p>\n","protected":false},"excerpt":{"rendered":"<p><strong>Scooter \u00e0 2 roues en Aluminium avec lumi\u00e8re LED pour enfants et adolescents (\u00e0 partir de 5 ans)<\/strong><\/p>\n","protected":false},"featured_media":22476,"comment_status":"open","ping_status":"closed","template":"","meta":{"_acf_changed":false,"inline_featured_image":false},"product-special-badges":[],"product_brand":[],"product_cat":[4773,4782,4785,4786,4790,4808,4816,4821,4832,4850,4853],"product_tag":[],"class_list":{"0":"post-21588","1":"product","2":"type-product","3":"status-publish","4":"has-post-thumbnail","6":"product-badges-anti-slip-fr","7":"product-badges-adjustable-fr","8":"product-badges-foldable-fr","9":"product-badges-light-up-fr","10":"product_cat-serie-de-flux","11":"product_cat-trottinette-a-2-roues-pour-tous-les-ages","12":"product_cat-trottinette-2-roues-pour-adolescent-125-mm-200-mm-globber-suisse","13":"product_cat-enfants-a-deux-roues","14":"product_cat-tous-les-produits","15":"product_cat-flow-serie-tous-adolescents-serie","16":"product_cat-serie-flow-serie-tout-adulte","17":"product_cat-scooter-pliable","18":"product_cat-scooter-leger","19":"product_cat-scooter-pour-adolescents","20":"product_cat-trottinette-pour-enfants","21":"pa_altersspanne-de-5-ans-a-lage-adulte","22":"pa_bremsen-frein-arriere-mecanique-en-aluminium","23":"pa_color-bleu","24":"pa_color-chrome","25":"pa_color-olive","26":"pa_color-rose","27":"pa_color-vert","28":"pa_deckmaterial-poignee-en-aluminium","29":"pa_einstellbar-oui","30":"pa_empfohlene-benutzerhoehe-105-200-cm","31":"pa_faltbar-yes-fr","32":"pa_groesse-der-raeder-125mm-hinten-24mm-breit-fr","33":"pa_groesse-der-raeder-125mm-vorne-24mm-breit-fr","34":"pa_groesse-der-raeder-pu-guss-mit-hoher-rueckfederung","35":"pa_grose-der-brucke-b-11-2cm-xl-54cm","36":"pa_hohen-der-t-stangen-80-cm-85-cm-90-cm-95-cm-du-sol","37":"pa_maximales-benutzergewicht-100-kg","38":"pa_produktgewicht-netto-3-25-kg","39":"pa_produkttyp-scooter-de-ville","41":"first","42":"instock","43":"taxable","44":"shipping-taxable","45":"purchasable","46":"product-type-variable"},"acf":[],"yoast_head":"<!-- This site is optimized with the Yoast SEO Premium plugin v20.12 (Yoast SEO v23.4) - https:\/\/yoast.com\/wordpress\/plugins\/seo\/ -->\n<title>Globber | Flow Element | Neochrome - Globber Scooter Schweiz<\/title>\n<meta name=\"robots\" content=\"index, follow, max-snippet:-1, max-image-preview:large, max-video-preview:-1\" \/>\n<link rel=\"canonical\" href=\"https:\/\/www.globber.com\/ch\/fr\/product\/globber-flow-element-neochrome\/\" \/>\n<meta property=\"og:locale\" content=\"fr_FR\" \/>\n<meta property=\"og:type\" content=\"article\" \/>\n<meta property=\"og:title\" content=\"Globber | Flow Element | Neochrome - Globber Scooter Schweiz\" \/>\n<meta property=\"og:description\" content=\"Scooter \u00e0 2 roues en Aluminium avec lumi\u00e8re LED pour enfants et adolescents (\u00e0 partir de 5 ans)\" \/>\n<meta property=\"og:url\" content=\"https:\/\/www.globber.com\/ch\/fr\/product\/globber-flow-element-neochrome\/\" \/>\n<meta property=\"og:site_name\" content=\"Globber Scooter Schweiz\" \/>\n<meta property=\"article:modified_time\" content=\"2026-03-11T06:47:08+00:00\" \/>\n<meta property=\"og:image\" content=\"https:\/\/cdn.globber.com\/content\/2022\/11\/63838dae83387.jpg\" \/>\n\t<meta property=\"og:image:width\" content=\"1920\" \/>\n\t<meta property=\"og:image:height\" content=\"1920\" \/>\n\t<meta property=\"og:image:type\" content=\"image\/jpeg\" \/>\n<meta name=\"twitter:card\" content=\"summary_large_image\" \/>\n<meta name=\"twitter:label1\" content=\"Availability\" \/>\n\t<meta name=\"twitter:data1\" content=\"In stock\" \/>\n<script type=\"application\/ld+json\" class=\"yoast-schema-graph\">{\"@context\":\"https:\/\/schema.org\",\"@graph\":[{\"@type\":[\"WebPage\",\"ItemPage\"],\"@id\":\"https:\/\/www.globber.com\/ch\/fr\/product\/globber-flow-element-neochrome\/\",\"url\":\"https:\/\/www.globber.com\/ch\/fr\/product\/globber-flow-element-neochrome\/\",\"name\":\"Globber | Flow Element | Neochrome - Globber Scooter Schweiz\",\"isPartOf\":{\"@id\":\"https:\/\/www.globber.com\/ch\/fr\/#website\"},\"primaryImageOfPage\":{\"@id\":\"https:\/\/www.globber.com\/ch\/fr\/product\/globber-flow-element-neochrome\/#primaryimage\"},\"image\":{\"@id\":\"https:\/\/www.globber.com\/ch\/fr\/product\/globber-flow-element-neochrome\/#primaryimage\"},\"thumbnailUrl\":\"https:\/\/cdn.globber.com\/content\/2022\/11\/63838dae83387.jpg\",\"datePublished\":\"2022-11-28T14:08:46+00:00\",\"dateModified\":\"2026-03-11T06:47:08+00:00\",\"breadcrumb\":{\"@id\":\"https:\/\/www.globber.com\/ch\/fr\/product\/globber-flow-element-neochrome\/#breadcrumb\"},\"inLanguage\":\"fr-CH\",\"potentialAction\":[{\"@type\":\"ReadAction\",\"target\":[\"https:\/\/www.globber.com\/ch\/fr\/product\/globber-flow-element-neochrome\/\"]}]},{\"@type\":\"ImageObject\",\"inLanguage\":\"fr-CH\",\"@id\":\"https:\/\/www.globber.com\/ch\/fr\/product\/globber-flow-element-neochrome\/#primaryimage\",\"url\":\"https:\/\/cdn.globber.com\/content\/2022\/11\/63838dae83387.jpg\",\"contentUrl\":\"https:\/\/cdn.globber.com\/content\/2022\/11\/63838dae83387.jpg\",\"width\":1920,\"height\":1920},{\"@type\":\"BreadcrumbList\",\"@id\":\"https:\/\/www.globber.com\/ch\/fr\/product\/globber-flow-element-neochrome\/#breadcrumb\",\"itemListElement\":[{\"@type\":\"ListItem\",\"position\":1,\"name\":\"Shop\",\"item\":\"https:\/\/www.globber.com\/ch\/fr\/shop\/\"},{\"@type\":\"ListItem\",\"position\":2,\"name\":\"Globber | Flow Element | Neochrome\"}]},{\"@type\":\"WebSite\",\"@id\":\"https:\/\/www.globber.com\/ch\/fr\/#website\",\"url\":\"https:\/\/www.globber.com\/ch\/fr\/\",\"name\":\"Globber Scooter Schweiz\",\"description\":\"Der offizielle Online Shop\",\"publisher\":{\"@id\":\"https:\/\/www.globber.com\/ch\/fr\/#organization\"},\"potentialAction\":[{\"@type\":\"SearchAction\",\"target\":{\"@type\":\"EntryPoint\",\"urlTemplate\":\"https:\/\/www.globber.com\/ch\/fr\/?s={search_term_string}\"},\"query-input\":{\"@type\":\"PropertyValueSpecification\",\"valueRequired\":true,\"valueName\":\"search_term_string\"}}],\"inLanguage\":\"fr-CH\"},{\"@type\":\"Organization\",\"@id\":\"https:\/\/www.globber.com\/ch\/fr\/#organization\",\"name\":\"Globber Scooter Schweiz\",\"url\":\"https:\/\/www.globber.com\/ch\/fr\/\",\"logo\":{\"@type\":\"ImageObject\",\"inLanguage\":\"fr-CH\",\"@id\":\"https:\/\/www.globber.com\/ch\/fr\/#\/schema\/logo\/image\/\",\"url\":\"https:\/\/cdn.globber.com\/content\/2024\/05\/logo.svg\",\"contentUrl\":\"https:\/\/cdn.globber.com\/content\/2024\/05\/logo.svg\",\"width\":601,\"height\":112,\"caption\":\"Globber Scooter Schweiz\"},\"image\":{\"@id\":\"https:\/\/www.globber.com\/ch\/fr\/#\/schema\/logo\/image\/\"}}]}<\/script>\n<meta property=\"og:availability\" content=\"instock\" \/>\n<meta property=\"product:availability\" content=\"instock\" \/>\n<meta property=\"product:retailer_item_id\" content=\"721-xxx\" \/>\n<meta property=\"product:condition\" content=\"new\" \/>\n<!-- \/ Yoast SEO Premium plugin. -->","yoast_head_json":{"title":"Globber | Flow Element | Neochrome - Globber Scooter Schweiz","robots":{"index":"index","follow":"follow","max-snippet":"max-snippet:-1","max-image-preview":"max-image-preview:large","max-video-preview":"max-video-preview:-1"},"canonical":"https:\/\/www.globber.com\/ch\/fr\/product\/globber-flow-element-neochrome\/","og_locale":"fr_FR","og_type":"article","og_title":"Globber | Flow Element | Neochrome - Globber Scooter Schweiz","og_description":"Scooter \u00e0 2 roues en Aluminium avec lumi\u00e8re LED pour enfants et adolescents (\u00e0 partir de 5 ans)","og_url":"https:\/\/www.globber.com\/ch\/fr\/product\/globber-flow-element-neochrome\/","og_site_name":"Globber Scooter Schweiz","article_modified_time":"2026-03-11T06:47:08+00:00","og_image":[{"width":1920,"height":1920,"url":"https:\/\/cdn.globber.com\/content\/2022\/11\/63838dae83387.jpg","type":"image\/jpeg"}],"twitter_card":"summary_large_image","twitter_misc":{"Availability":"In stock"},"schema":{"@context":"https:\/\/schema.org","@graph":[{"@type":["WebPage","ItemPage"],"@id":"https:\/\/www.globber.com\/ch\/fr\/product\/globber-flow-element-neochrome\/","url":"https:\/\/www.globber.com\/ch\/fr\/product\/globber-flow-element-neochrome\/","name":"Globber | Flow Element | Neochrome - Globber Scooter Schweiz","isPartOf":{"@id":"https:\/\/www.globber.com\/ch\/fr\/#website"},"primaryImageOfPage":{"@id":"https:\/\/www.globber.com\/ch\/fr\/product\/globber-flow-element-neochrome\/#primaryimage"},"image":{"@id":"https:\/\/www.globber.com\/ch\/fr\/product\/globber-flow-element-neochrome\/#primaryimage"},"thumbnailUrl":"https:\/\/cdn.globber.com\/content\/2022\/11\/63838dae83387.jpg","datePublished":"2022-11-28T14:08:46+00:00","dateModified":"2026-03-11T06:47:08+00:00","breadcrumb":{"@id":"https:\/\/www.globber.com\/ch\/fr\/product\/globber-flow-element-neochrome\/#breadcrumb"},"inLanguage":"fr-CH","potentialAction":[{"@type":"ReadAction","target":["https:\/\/www.globber.com\/ch\/fr\/product\/globber-flow-element-neochrome\/"]}]},{"@type":"ImageObject","inLanguage":"fr-CH","@id":"https:\/\/www.globber.com\/ch\/fr\/product\/globber-flow-element-neochrome\/#primaryimage","url":"https:\/\/cdn.globber.com\/content\/2022\/11\/63838dae83387.jpg","contentUrl":"https:\/\/cdn.globber.com\/content\/2022\/11\/63838dae83387.jpg","width":1920,"height":1920},{"@type":"BreadcrumbList","@id":"https:\/\/www.globber.com\/ch\/fr\/product\/globber-flow-element-neochrome\/#breadcrumb","itemListElement":[{"@type":"ListItem","position":1,"name":"Shop","item":"https:\/\/www.globber.com\/ch\/fr\/shop\/"},{"@type":"ListItem","position":2,"name":"Globber | Flow Element | Neochrome"}]},{"@type":"WebSite","@id":"https:\/\/www.globber.com\/ch\/fr\/#website","url":"https:\/\/www.globber.com\/ch\/fr\/","name":"Globber Scooter Schweiz","description":"Der offizielle Online Shop","publisher":{"@id":"https:\/\/www.globber.com\/ch\/fr\/#organization"},"potentialAction":[{"@type":"SearchAction","target":{"@type":"EntryPoint","urlTemplate":"https:\/\/www.globber.com\/ch\/fr\/?s={search_term_string}"},"query-input":{"@type":"PropertyValueSpecification","valueRequired":true,"valueName":"search_term_string"}}],"inLanguage":"fr-CH"},{"@type":"Organization","@id":"https:\/\/www.globber.com\/ch\/fr\/#organization","name":"Globber Scooter Schweiz","url":"https:\/\/www.globber.com\/ch\/fr\/","logo":{"@type":"ImageObject","inLanguage":"fr-CH","@id":"https:\/\/www.globber.com\/ch\/fr\/#\/schema\/logo\/image\/","url":"https:\/\/cdn.globber.com\/content\/2024\/05\/logo.svg","contentUrl":"https:\/\/cdn.globber.com\/content\/2024\/05\/logo.svg","width":601,"height":112,"caption":"Globber Scooter Schweiz"},"image":{"@id":"https:\/\/www.globber.com\/ch\/fr\/#\/schema\/logo\/image\/"}}]},"og_availability":"instock","product_availability":"instock","product_retailer_item_id":"721-xxx","product_condition":"new"},"_links":{"self":[{"href":"https:\/\/www.globber.com\/ch\/fr\/wp-json\/wp\/v2\/product\/21588","targetHints":{"allow":["GET"]}}],"collection":[{"href":"https:\/\/www.globber.com\/ch\/fr\/wp-json\/wp\/v2\/product"}],"about":[{"href":"https:\/\/www.globber.com\/ch\/fr\/wp-json\/wp\/v2\/types\/product"}],"replies":[{"embeddable":true,"href":"https:\/\/www.globber.com\/ch\/fr\/wp-json\/wp\/v2\/comments?post=21588"}],"wp:featuredmedia":[{"embeddable":true,"href":"https:\/\/www.globber.com\/ch\/fr\/wp-json\/wp\/v2\/media\/22476"}],"wp:attachment":[{"href":"https:\/\/www.globber.com\/ch\/fr\/wp-json\/wp\/v2\/media?parent=21588"}],"wp:term":[{"taxonomy":"product-special-badges","embeddable":true,"href":"https:\/\/www.globber.com\/ch\/fr\/wp-json\/wp\/v2\/product-special-badges?post=21588"},{"taxonomy":"product_brand","embeddable":true,"href":"https:\/\/www.globber.com\/ch\/fr\/wp-json\/wp\/v2\/product_brand?post=21588"},{"taxonomy":"product_cat","embeddable":true,"href":"https:\/\/www.globber.com\/ch\/fr\/wp-json\/wp\/v2\/product_cat?post=21588"},{"taxonomy":"product_tag","embeddable":true,"href":"https:\/\/www.globber.com\/ch\/fr\/wp-json\/wp\/v2\/product_tag?post=21588"}],"curies":[{"name":"wp","href":"https:\/\/api.w.org\/{rel}","templated":true}]}}