{"id":21589,"date":"2022-11-28T15:08:56","date_gmt":"2022-11-28T14:08:56","guid":{"rendered":"https:\/\/www.globber.com\/ch\/product\/globber-flow-element-comfort-rouge-rubis\/"},"modified":"2026-03-04T10:54:01","modified_gmt":"2026-03-04T09:54:01","slug":"globber-flow-element-comfort-rouge-rubis","status":"publish","type":"product","link":"https:\/\/www.globber.com\/ch\/fr\/product\/globber-flow-element-comfort-rouge-rubis\/","title":{"rendered":"Globber | Flow Element Comfort | Rouge rubis"},"content":{"rendered":"<p><p>Une r\u00e9interpr\u00e9tation du scooter en m\u00e9tal classique, le FLOW ELEMENT COMFORT pr\u00e9sente un Design enti\u00e8rement en Aluminium avec une finition chrom\u00e9e pour plus de style et une absorption des chocs pour plus de confort. Remplissez les journ\u00e9es avec des man\u00e8ges aventureux pour les enfants et les jeunes de demain!<\/p>\n<p>\u00c9l\u00e9gant, chic et l\u00e9ger \u2013 FLOW ELEMENT COMFORT m\u00e8ne la gamme avec un syst\u00e8me de pliage brevet\u00e9, une suspension avant int\u00e9gr\u00e9e, des couleurs chrom\u00e9es vibrantes, un guidon r\u00e9glable en hauteur 4x avec poign\u00e9es pliables, un Griptape antid\u00e9rapant tendance, un frein arri\u00e8re robuste et des roues de 125 mm de haute qualit\u00e9-le tout pour offrir une conduite robuste et un confort maximal!<\/p>\n<p>Soyez dans votre \u00e9l\u00e9ment et profitez des man\u00e8ges amusants avec le FLOW ELEMENT COMFORT!<\/p><\/p>\n","protected":false},"excerpt":{"rendered":"<p class=\"p1\">Scooter 2 roues en <b>Aluminium<\/b> <strong>pour enfants et adolescents (\u00e0 partir de 5 ans)<\/strong><\/p>\n","protected":false},"featured_media":22740,"comment_status":"open","ping_status":"closed","template":"","meta":{"_acf_changed":false,"inline_featured_image":false},"product-special-badges":[],"product_brand":[],"product_cat":[6277,4773,4785,4786,4790,4808,4816,4821,4850,4853],"product_tag":[],"class_list":{"0":"post-21589","1":"product","2":"type-product","3":"status-publish","4":"has-post-thumbnail","6":"product-badges-chrome-fr","7":"product-badges-adjustable-fr","8":"product-badges-foldable-fr","9":"product-badges-shock-absorbing-fr","10":"product_cat-sale-fr","11":"product_cat-serie-de-flux","12":"product_cat-trottinette-2-roues-pour-adolescent-125-mm-200-mm-globber-suisse","13":"product_cat-enfants-a-deux-roues","14":"product_cat-tous-les-produits","15":"product_cat-flow-serie-tous-adolescents-serie","16":"product_cat-serie-flow-serie-tout-adulte","17":"product_cat-scooter-pliable","18":"product_cat-scooter-pour-adolescents","19":"product_cat-trottinette-pour-enfants","20":"pa_altersspanne-de-5-ans-a-lage-adulte","21":"pa_bremsen-frein-arriere-mecanique-en-aluminium","22":"pa_color-bleu","23":"pa_color-rosa-fr","24":"pa_color-rouge","25":"pa_deckmaterial-poignee-en-aluminium","26":"pa_einstellbar-oui","27":"pa_empfohlene-benutzerhoehe-105-200-cm","28":"pa_faltbar-yes-fr","29":"pa_groesse-der-raeder-125mm-hinten-24mm-breit-fr","30":"pa_groesse-der-raeder-125mm-vorne-24mm-breit-fr","31":"pa_groesse-der-raeder-pu-guss-mit-hoher-rueckfederung","32":"pa_grose-der-brucke-b-11-2cm-xl-54cm","33":"pa_hohen-der-t-stangen-80-cm-85-cm-90-cm-95-cm-du-sol","34":"pa_maximales-benutzergewicht-100-kg","35":"pa_produktgewicht-netto-3-40-kg","36":"pa_produkttyp-scooter-de-ville","38":"first","39":"instock","40":"sale","41":"taxable","42":"shipping-taxable","43":"purchasable","44":"product-type-variable"},"acf":[],"yoast_head":"<!-- This site is optimized with the Yoast SEO Premium plugin v20.12 (Yoast SEO v23.4) - https:\/\/yoast.com\/wordpress\/plugins\/seo\/ -->\n<title>Globber | Flow Element Comfort | Rouge rubis - Globber Scooter Schweiz<\/title>\n<meta name=\"robots\" content=\"index, follow, max-snippet:-1, max-image-preview:large, max-video-preview:-1\" \/>\n<link rel=\"canonical\" href=\"https:\/\/www.globber.com\/ch\/fr\/product\/globber-flow-element-comfort-rouge-rubis\/\" \/>\n<meta property=\"og:locale\" content=\"fr_FR\" \/>\n<meta property=\"og:type\" content=\"article\" \/>\n<meta property=\"og:title\" content=\"Globber | Flow Element Comfort | Rouge rubis - Globber Scooter Schweiz\" \/>\n<meta property=\"og:description\" content=\"Scooter 2 roues en Aluminium pour enfants et adolescents (\u00e0 partir de 5 ans)\" \/>\n<meta property=\"og:url\" content=\"https:\/\/www.globber.com\/ch\/fr\/product\/globber-flow-element-comfort-rouge-rubis\/\" \/>\n<meta property=\"og:site_name\" content=\"Globber Scooter Schweiz\" \/>\n<meta property=\"article:modified_time\" content=\"2026-03-04T09:54:01+00:00\" \/>\n<meta property=\"og:image\" content=\"https:\/\/cdn.globber.com\/content\/2022\/11\/6383914a97844.jpg\" \/>\n\t<meta property=\"og:image:width\" content=\"1920\" \/>\n\t<meta property=\"og:image:height\" content=\"1920\" \/>\n\t<meta property=\"og:image:type\" content=\"image\/jpeg\" \/>\n<meta name=\"twitter:card\" content=\"summary_large_image\" \/>\n<meta name=\"twitter:label1\" content=\"Availability\" \/>\n\t<meta name=\"twitter:data1\" content=\"In stock\" \/>\n<script type=\"application\/ld+json\" class=\"yoast-schema-graph\">{\"@context\":\"https:\/\/schema.org\",\"@graph\":[{\"@type\":[\"WebPage\",\"ItemPage\"],\"@id\":\"https:\/\/www.globber.com\/ch\/fr\/product\/globber-flow-element-comfort-rouge-rubis\/\",\"url\":\"https:\/\/www.globber.com\/ch\/fr\/product\/globber-flow-element-comfort-rouge-rubis\/\",\"name\":\"Globber | Flow Element Comfort | Rouge rubis - Globber Scooter Schweiz\",\"isPartOf\":{\"@id\":\"https:\/\/www.globber.com\/ch\/fr\/#website\"},\"primaryImageOfPage\":{\"@id\":\"https:\/\/www.globber.com\/ch\/fr\/product\/globber-flow-element-comfort-rouge-rubis\/#primaryimage\"},\"image\":{\"@id\":\"https:\/\/www.globber.com\/ch\/fr\/product\/globber-flow-element-comfort-rouge-rubis\/#primaryimage\"},\"thumbnailUrl\":\"https:\/\/cdn.globber.com\/content\/2022\/11\/6383914a97844.jpg\",\"datePublished\":\"2022-11-28T14:08:56+00:00\",\"dateModified\":\"2026-03-04T09:54:01+00:00\",\"breadcrumb\":{\"@id\":\"https:\/\/www.globber.com\/ch\/fr\/product\/globber-flow-element-comfort-rouge-rubis\/#breadcrumb\"},\"inLanguage\":\"fr-CH\",\"potentialAction\":[{\"@type\":\"ReadAction\",\"target\":[\"https:\/\/www.globber.com\/ch\/fr\/product\/globber-flow-element-comfort-rouge-rubis\/\"]}]},{\"@type\":\"ImageObject\",\"inLanguage\":\"fr-CH\",\"@id\":\"https:\/\/www.globber.com\/ch\/fr\/product\/globber-flow-element-comfort-rouge-rubis\/#primaryimage\",\"url\":\"https:\/\/cdn.globber.com\/content\/2022\/11\/6383914a97844.jpg\",\"contentUrl\":\"https:\/\/cdn.globber.com\/content\/2022\/11\/6383914a97844.jpg\",\"width\":1920,\"height\":1920},{\"@type\":\"BreadcrumbList\",\"@id\":\"https:\/\/www.globber.com\/ch\/fr\/product\/globber-flow-element-comfort-rouge-rubis\/#breadcrumb\",\"itemListElement\":[{\"@type\":\"ListItem\",\"position\":1,\"name\":\"Shop\",\"item\":\"https:\/\/www.globber.com\/ch\/fr\/shop\/\"},{\"@type\":\"ListItem\",\"position\":2,\"name\":\"Globber | Flow Element Comfort | Rouge rubis\"}]},{\"@type\":\"WebSite\",\"@id\":\"https:\/\/www.globber.com\/ch\/fr\/#website\",\"url\":\"https:\/\/www.globber.com\/ch\/fr\/\",\"name\":\"Globber Scooter Schweiz\",\"description\":\"Der offizielle Online Shop\",\"publisher\":{\"@id\":\"https:\/\/www.globber.com\/ch\/fr\/#organization\"},\"potentialAction\":[{\"@type\":\"SearchAction\",\"target\":{\"@type\":\"EntryPoint\",\"urlTemplate\":\"https:\/\/www.globber.com\/ch\/fr\/?s={search_term_string}\"},\"query-input\":{\"@type\":\"PropertyValueSpecification\",\"valueRequired\":true,\"valueName\":\"search_term_string\"}}],\"inLanguage\":\"fr-CH\"},{\"@type\":\"Organization\",\"@id\":\"https:\/\/www.globber.com\/ch\/fr\/#organization\",\"name\":\"Globber Scooter Schweiz\",\"url\":\"https:\/\/www.globber.com\/ch\/fr\/\",\"logo\":{\"@type\":\"ImageObject\",\"inLanguage\":\"fr-CH\",\"@id\":\"https:\/\/www.globber.com\/ch\/fr\/#\/schema\/logo\/image\/\",\"url\":\"https:\/\/cdn.globber.com\/content\/2024\/05\/logo.svg\",\"contentUrl\":\"https:\/\/cdn.globber.com\/content\/2024\/05\/logo.svg\",\"width\":601,\"height\":112,\"caption\":\"Globber Scooter Schweiz\"},\"image\":{\"@id\":\"https:\/\/www.globber.com\/ch\/fr\/#\/schema\/logo\/image\/\"}}]}<\/script>\n<meta property=\"og:availability\" content=\"instock\" \/>\n<meta property=\"product:availability\" content=\"instock\" \/>\n<meta property=\"product:retailer_item_id\" content=\"726-XXX\" \/>\n<meta property=\"product:condition\" content=\"new\" \/>\n<!-- \/ Yoast SEO Premium plugin. -->","yoast_head_json":{"title":"Globber | Flow Element Comfort | Rouge rubis - Globber Scooter Schweiz","robots":{"index":"index","follow":"follow","max-snippet":"max-snippet:-1","max-image-preview":"max-image-preview:large","max-video-preview":"max-video-preview:-1"},"canonical":"https:\/\/www.globber.com\/ch\/fr\/product\/globber-flow-element-comfort-rouge-rubis\/","og_locale":"fr_FR","og_type":"article","og_title":"Globber | Flow Element Comfort | Rouge rubis - Globber Scooter Schweiz","og_description":"Scooter 2 roues en Aluminium pour enfants et adolescents (\u00e0 partir de 5 ans)","og_url":"https:\/\/www.globber.com\/ch\/fr\/product\/globber-flow-element-comfort-rouge-rubis\/","og_site_name":"Globber Scooter Schweiz","article_modified_time":"2026-03-04T09:54:01+00:00","og_image":[{"width":1920,"height":1920,"url":"https:\/\/cdn.globber.com\/content\/2022\/11\/6383914a97844.jpg","type":"image\/jpeg"}],"twitter_card":"summary_large_image","twitter_misc":{"Availability":"In stock"},"schema":{"@context":"https:\/\/schema.org","@graph":[{"@type":["WebPage","ItemPage"],"@id":"https:\/\/www.globber.com\/ch\/fr\/product\/globber-flow-element-comfort-rouge-rubis\/","url":"https:\/\/www.globber.com\/ch\/fr\/product\/globber-flow-element-comfort-rouge-rubis\/","name":"Globber | Flow Element Comfort | Rouge rubis - Globber Scooter Schweiz","isPartOf":{"@id":"https:\/\/www.globber.com\/ch\/fr\/#website"},"primaryImageOfPage":{"@id":"https:\/\/www.globber.com\/ch\/fr\/product\/globber-flow-element-comfort-rouge-rubis\/#primaryimage"},"image":{"@id":"https:\/\/www.globber.com\/ch\/fr\/product\/globber-flow-element-comfort-rouge-rubis\/#primaryimage"},"thumbnailUrl":"https:\/\/cdn.globber.com\/content\/2022\/11\/6383914a97844.jpg","datePublished":"2022-11-28T14:08:56+00:00","dateModified":"2026-03-04T09:54:01+00:00","breadcrumb":{"@id":"https:\/\/www.globber.com\/ch\/fr\/product\/globber-flow-element-comfort-rouge-rubis\/#breadcrumb"},"inLanguage":"fr-CH","potentialAction":[{"@type":"ReadAction","target":["https:\/\/www.globber.com\/ch\/fr\/product\/globber-flow-element-comfort-rouge-rubis\/"]}]},{"@type":"ImageObject","inLanguage":"fr-CH","@id":"https:\/\/www.globber.com\/ch\/fr\/product\/globber-flow-element-comfort-rouge-rubis\/#primaryimage","url":"https:\/\/cdn.globber.com\/content\/2022\/11\/6383914a97844.jpg","contentUrl":"https:\/\/cdn.globber.com\/content\/2022\/11\/6383914a97844.jpg","width":1920,"height":1920},{"@type":"BreadcrumbList","@id":"https:\/\/www.globber.com\/ch\/fr\/product\/globber-flow-element-comfort-rouge-rubis\/#breadcrumb","itemListElement":[{"@type":"ListItem","position":1,"name":"Shop","item":"https:\/\/www.globber.com\/ch\/fr\/shop\/"},{"@type":"ListItem","position":2,"name":"Globber | Flow Element Comfort | Rouge rubis"}]},{"@type":"WebSite","@id":"https:\/\/www.globber.com\/ch\/fr\/#website","url":"https:\/\/www.globber.com\/ch\/fr\/","name":"Globber Scooter Schweiz","description":"Der offizielle Online Shop","publisher":{"@id":"https:\/\/www.globber.com\/ch\/fr\/#organization"},"potentialAction":[{"@type":"SearchAction","target":{"@type":"EntryPoint","urlTemplate":"https:\/\/www.globber.com\/ch\/fr\/?s={search_term_string}"},"query-input":{"@type":"PropertyValueSpecification","valueRequired":true,"valueName":"search_term_string"}}],"inLanguage":"fr-CH"},{"@type":"Organization","@id":"https:\/\/www.globber.com\/ch\/fr\/#organization","name":"Globber Scooter Schweiz","url":"https:\/\/www.globber.com\/ch\/fr\/","logo":{"@type":"ImageObject","inLanguage":"fr-CH","@id":"https:\/\/www.globber.com\/ch\/fr\/#\/schema\/logo\/image\/","url":"https:\/\/cdn.globber.com\/content\/2024\/05\/logo.svg","contentUrl":"https:\/\/cdn.globber.com\/content\/2024\/05\/logo.svg","width":601,"height":112,"caption":"Globber Scooter Schweiz"},"image":{"@id":"https:\/\/www.globber.com\/ch\/fr\/#\/schema\/logo\/image\/"}}]},"og_availability":"instock","product_availability":"instock","product_retailer_item_id":"726-XXX","product_condition":"new"},"_links":{"self":[{"href":"https:\/\/www.globber.com\/ch\/fr\/wp-json\/wp\/v2\/product\/21589","targetHints":{"allow":["GET"]}}],"collection":[{"href":"https:\/\/www.globber.com\/ch\/fr\/wp-json\/wp\/v2\/product"}],"about":[{"href":"https:\/\/www.globber.com\/ch\/fr\/wp-json\/wp\/v2\/types\/product"}],"replies":[{"embeddable":true,"href":"https:\/\/www.globber.com\/ch\/fr\/wp-json\/wp\/v2\/comments?post=21589"}],"wp:featuredmedia":[{"embeddable":true,"href":"https:\/\/www.globber.com\/ch\/fr\/wp-json\/wp\/v2\/media\/22740"}],"wp:attachment":[{"href":"https:\/\/www.globber.com\/ch\/fr\/wp-json\/wp\/v2\/media?parent=21589"}],"wp:term":[{"taxonomy":"product-special-badges","embeddable":true,"href":"https:\/\/www.globber.com\/ch\/fr\/wp-json\/wp\/v2\/product-special-badges?post=21589"},{"taxonomy":"product_brand","embeddable":true,"href":"https:\/\/www.globber.com\/ch\/fr\/wp-json\/wp\/v2\/product_brand?post=21589"},{"taxonomy":"product_cat","embeddable":true,"href":"https:\/\/www.globber.com\/ch\/fr\/wp-json\/wp\/v2\/product_cat?post=21589"},{"taxonomy":"product_tag","embeddable":true,"href":"https:\/\/www.globber.com\/ch\/fr\/wp-json\/wp\/v2\/product_tag?post=21589"}],"curies":[{"name":"wp","href":"https:\/\/api.w.org\/{rel}","templated":true}]}}