{"id":21591,"date":"2022-11-28T15:10:04","date_gmt":"2022-11-28T14:10:04","guid":{"rendered":"https:\/\/www.globber.com\/ch\/product\/globber-one-nl-205-vert-citron-vert-gris-fonce\/"},"modified":"2026-03-04T10:53:58","modified_gmt":"2026-03-04T09:53:58","slug":"globber-one-nl-205-vert-citron-vert-gris-fonce","status":"publish","type":"product","link":"https:\/\/www.globber.com\/ch\/fr\/product\/globber-one-nl-205-vert-citron-vert-gris-fonce\/","title":{"rendered":"Globber | ONE NL 205 | Vert citron vert Gris fonc\u00e9"},"content":{"rendered":"<p class=\"\" data-start=\"103\" data-end=\"198\">Toujours en mouvement? Pas de probl\u00e8me \u2013 avec le One NL 205, vous \u00eates pr\u00eat \u00e0 partir en quelques secondes!<\/p>\n<p class=\"\" data-start=\"200\" data-end=\"504\">Le One NL 205 est un Scooter pliable \u00e0 grande roue pour les adolescents \u00e0 partir de 14 ans et les adultes, \u00e9quip\u00e9 d'un syst\u00e8me de pliage brevet\u00e9 en 1 seconde: il suffit de soulever et de tirer la pince sur la colonne de direction-et le Scooter se tient seul ou est pli\u00e9 pour \u00e9conomiser de l'espace.<\/p>\n<p class=\"\" data-start=\"506\" data-end=\"732\">Le ONE NL 205 est dot\u00e9 d'une structure de pont robuste \u00e0 3 vitesses, d'un guidon en aluminium r\u00e9glable en hauteur (3 niveaux), de poign\u00e9es pliantes et de grandes roues de 205 mm-parfait pour la conduite quotidienne en ville!<\/p>\n<p>&nbsp;<\/p>\n<p>&nbsp;<\/p>\n","protected":false},"excerpt":{"rendered":"<p><strong>Scooter pliant 1 seconde pour adolescents et adultes (\u00e0 partir de 14 ans)<\/strong><\/p>\n<p>&nbsp;<\/p>\n","protected":false},"featured_media":25522,"comment_status":"open","ping_status":"closed","template":"","meta":{"_acf_changed":false,"inline_featured_image":false},"product-special-badges":[],"product_brand":[],"product_cat":[6277,4782,4785,4788,4814,4821,4834,4850,4854,4863],"product_tag":[],"class_list":{"0":"post-21591","1":"product","2":"type-product","3":"status-publish","4":"has-post-thumbnail","6":"product-badges-1-sec-folding-fr","7":"product-badges-adjustable-fr","8":"product-badges-robust-fr","9":"product-badges-self-standing-fr","10":"product_cat-sale-fr","11":"product_cat-trottinette-a-2-roues-pour-tous-les-ages","12":"product_cat-trottinette-2-roues-pour-adolescent-125-mm-200-mm-globber-suisse","13":"product_cat-adultes-a-deux-roues","14":"product_cat-serie-one-nl","15":"product_cat-scooter-pliable","16":"product_cat-scooter-a-grandes-roues","17":"product_cat-scooter-pour-adolescents","18":"product_cat-scooter-pour-adultes","19":"product_cat-serie-nl","20":"pa_altersspanne-de-14-ans-a-lage-adulte","21":"pa_bremsen-frein-arriere-mecanique-en-aluminium","22":"pa_color-blanc","23":"pa_color-gris","24":"pa_color-noir","25":"pa_color-vert","26":"pa_deckmaterial-composite-fibre-pp-cadre-aluminium-ruban-mousse-eva","27":"pa_einstellbar-oui","28":"pa_empfohlene-benutzerhoehe-155-200-cm","29":"pa_faltbar-yes-fr","30":"pa_groesse-der-raeder-205mm-hinten-30mm-breit-fr","31":"pa_groesse-der-raeder-205mm-vorne-30mm-hinten-fr","32":"pa_groesse-der-raeder-pu-guss-mit-hoher-rueckfederung","33":"pa_grose-der-brucke-b-14-2cm-xl-70cm","34":"pa_hohen-der-t-stangen-101-106-111-cm-du-sol","35":"pa_maximales-benutzergewicht-100-kg","36":"pa_product-badges-autonome","37":"pa_product-badges-pliage-en-1-seconde","38":"pa_product-badges-reglable","39":"pa_product-badges-robuste","40":"pa_produktgewicht-netto-4-94-kg","41":"pa_produktkategorien-scooter-pour-adultes","42":"pa_produkttyp-scooter-de-ville","43":"pa_radgrose-205-mm-30-mm-de-large-a-larriere","44":"pa_radgrose-205-mm-30-mm-de-large-avant","46":"first","47":"instock","48":"sale","49":"taxable","50":"shipping-taxable","51":"purchasable","52":"product-type-variable"},"acf":[],"yoast_head":"<!-- This site is optimized with the Yoast SEO Premium plugin v20.12 (Yoast SEO v23.4) - https:\/\/yoast.com\/wordpress\/plugins\/seo\/ -->\n<title>Globber | ONE NL 205 | Vert citron vert Gris fonc\u00e9 - Globber Scooter Schweiz<\/title>\n<meta name=\"robots\" content=\"index, follow, max-snippet:-1, max-image-preview:large, max-video-preview:-1\" \/>\n<link rel=\"canonical\" href=\"https:\/\/www.globber.com\/ch\/fr\/product\/globber-one-nl-205-vert-citron-vert-gris-fonce\/\" \/>\n<meta property=\"og:locale\" content=\"fr_FR\" \/>\n<meta property=\"og:type\" content=\"article\" \/>\n<meta property=\"og:title\" content=\"Globber | ONE NL 205 | Vert citron vert Gris fonc\u00e9 - Globber Scooter Schweiz\" \/>\n<meta property=\"og:description\" content=\"Scooter pliant 1 seconde pour adolescents et adultes (\u00e0 partir de 14 ans) &nbsp;\" \/>\n<meta property=\"og:url\" content=\"https:\/\/www.globber.com\/ch\/fr\/product\/globber-one-nl-205-vert-citron-vert-gris-fonce\/\" \/>\n<meta property=\"og:site_name\" content=\"Globber Scooter Schweiz\" \/>\n<meta property=\"article:modified_time\" content=\"2026-03-04T09:53:58+00:00\" \/>\n<meta property=\"og:image\" content=\"https:\/\/cdn.globber.com\/content\/2022\/11\/6383b79cd915a.jpg\" \/>\n\t<meta property=\"og:image:width\" content=\"1920\" \/>\n\t<meta property=\"og:image:height\" content=\"1920\" \/>\n\t<meta property=\"og:image:type\" content=\"image\/jpeg\" \/>\n<meta name=\"twitter:card\" content=\"summary_large_image\" \/>\n<meta name=\"twitter:label1\" content=\"Availability\" \/>\n\t<meta name=\"twitter:data1\" content=\"In stock\" \/>\n<script type=\"application\/ld+json\" class=\"yoast-schema-graph\">{\"@context\":\"https:\/\/schema.org\",\"@graph\":[{\"@type\":[\"WebPage\",\"ItemPage\"],\"@id\":\"https:\/\/www.globber.com\/ch\/fr\/product\/globber-one-nl-205-vert-citron-vert-gris-fonce\/\",\"url\":\"https:\/\/www.globber.com\/ch\/fr\/product\/globber-one-nl-205-vert-citron-vert-gris-fonce\/\",\"name\":\"Globber | ONE NL 205 | Vert citron vert Gris fonc\u00e9 - Globber Scooter Schweiz\",\"isPartOf\":{\"@id\":\"https:\/\/www.globber.com\/ch\/fr\/#website\"},\"primaryImageOfPage\":{\"@id\":\"https:\/\/www.globber.com\/ch\/fr\/product\/globber-one-nl-205-vert-citron-vert-gris-fonce\/#primaryimage\"},\"image\":{\"@id\":\"https:\/\/www.globber.com\/ch\/fr\/product\/globber-one-nl-205-vert-citron-vert-gris-fonce\/#primaryimage\"},\"thumbnailUrl\":\"https:\/\/cdn.globber.com\/content\/2022\/11\/6383b79cd915a.jpg\",\"datePublished\":\"2022-11-28T14:10:04+00:00\",\"dateModified\":\"2026-03-04T09:53:58+00:00\",\"breadcrumb\":{\"@id\":\"https:\/\/www.globber.com\/ch\/fr\/product\/globber-one-nl-205-vert-citron-vert-gris-fonce\/#breadcrumb\"},\"inLanguage\":\"fr-CH\",\"potentialAction\":[{\"@type\":\"ReadAction\",\"target\":[\"https:\/\/www.globber.com\/ch\/fr\/product\/globber-one-nl-205-vert-citron-vert-gris-fonce\/\"]}]},{\"@type\":\"ImageObject\",\"inLanguage\":\"fr-CH\",\"@id\":\"https:\/\/www.globber.com\/ch\/fr\/product\/globber-one-nl-205-vert-citron-vert-gris-fonce\/#primaryimage\",\"url\":\"https:\/\/cdn.globber.com\/content\/2022\/11\/6383b79cd915a.jpg\",\"contentUrl\":\"https:\/\/cdn.globber.com\/content\/2022\/11\/6383b79cd915a.jpg\",\"width\":1920,\"height\":1920},{\"@type\":\"BreadcrumbList\",\"@id\":\"https:\/\/www.globber.com\/ch\/fr\/product\/globber-one-nl-205-vert-citron-vert-gris-fonce\/#breadcrumb\",\"itemListElement\":[{\"@type\":\"ListItem\",\"position\":1,\"name\":\"Shop\",\"item\":\"https:\/\/www.globber.com\/ch\/fr\/shop\/\"},{\"@type\":\"ListItem\",\"position\":2,\"name\":\"Globber | ONE NL 205 | Vert citron vert Gris fonc\u00e9\"}]},{\"@type\":\"WebSite\",\"@id\":\"https:\/\/www.globber.com\/ch\/fr\/#website\",\"url\":\"https:\/\/www.globber.com\/ch\/fr\/\",\"name\":\"Globber Scooter Schweiz\",\"description\":\"Der offizielle Online Shop\",\"publisher\":{\"@id\":\"https:\/\/www.globber.com\/ch\/fr\/#organization\"},\"potentialAction\":[{\"@type\":\"SearchAction\",\"target\":{\"@type\":\"EntryPoint\",\"urlTemplate\":\"https:\/\/www.globber.com\/ch\/fr\/?s={search_term_string}\"},\"query-input\":{\"@type\":\"PropertyValueSpecification\",\"valueRequired\":true,\"valueName\":\"search_term_string\"}}],\"inLanguage\":\"fr-CH\"},{\"@type\":\"Organization\",\"@id\":\"https:\/\/www.globber.com\/ch\/fr\/#organization\",\"name\":\"Globber Scooter Schweiz\",\"url\":\"https:\/\/www.globber.com\/ch\/fr\/\",\"logo\":{\"@type\":\"ImageObject\",\"inLanguage\":\"fr-CH\",\"@id\":\"https:\/\/www.globber.com\/ch\/fr\/#\/schema\/logo\/image\/\",\"url\":\"https:\/\/cdn.globber.com\/content\/2024\/05\/logo.svg\",\"contentUrl\":\"https:\/\/cdn.globber.com\/content\/2024\/05\/logo.svg\",\"width\":601,\"height\":112,\"caption\":\"Globber Scooter Schweiz\"},\"image\":{\"@id\":\"https:\/\/www.globber.com\/ch\/fr\/#\/schema\/logo\/image\/\"}}]}<\/script>\n<meta property=\"og:availability\" content=\"instock\" \/>\n<meta property=\"product:availability\" content=\"instock\" \/>\n<meta property=\"product:retailer_item_id\" content=\"477-XXX\" \/>\n<meta property=\"product:condition\" content=\"new\" \/>\n<!-- \/ Yoast SEO Premium plugin. -->","yoast_head_json":{"title":"Globber | ONE NL 205 | Vert citron vert Gris fonc\u00e9 - Globber Scooter Schweiz","robots":{"index":"index","follow":"follow","max-snippet":"max-snippet:-1","max-image-preview":"max-image-preview:large","max-video-preview":"max-video-preview:-1"},"canonical":"https:\/\/www.globber.com\/ch\/fr\/product\/globber-one-nl-205-vert-citron-vert-gris-fonce\/","og_locale":"fr_FR","og_type":"article","og_title":"Globber | ONE NL 205 | Vert citron vert Gris fonc\u00e9 - Globber Scooter Schweiz","og_description":"Scooter pliant 1 seconde pour adolescents et adultes (\u00e0 partir de 14 ans) &nbsp;","og_url":"https:\/\/www.globber.com\/ch\/fr\/product\/globber-one-nl-205-vert-citron-vert-gris-fonce\/","og_site_name":"Globber Scooter Schweiz","article_modified_time":"2026-03-04T09:53:58+00:00","og_image":[{"width":1920,"height":1920,"url":"https:\/\/cdn.globber.com\/content\/2022\/11\/6383b79cd915a.jpg","type":"image\/jpeg"}],"twitter_card":"summary_large_image","twitter_misc":{"Availability":"In stock"},"schema":{"@context":"https:\/\/schema.org","@graph":[{"@type":["WebPage","ItemPage"],"@id":"https:\/\/www.globber.com\/ch\/fr\/product\/globber-one-nl-205-vert-citron-vert-gris-fonce\/","url":"https:\/\/www.globber.com\/ch\/fr\/product\/globber-one-nl-205-vert-citron-vert-gris-fonce\/","name":"Globber | ONE NL 205 | Vert citron vert Gris fonc\u00e9 - Globber Scooter Schweiz","isPartOf":{"@id":"https:\/\/www.globber.com\/ch\/fr\/#website"},"primaryImageOfPage":{"@id":"https:\/\/www.globber.com\/ch\/fr\/product\/globber-one-nl-205-vert-citron-vert-gris-fonce\/#primaryimage"},"image":{"@id":"https:\/\/www.globber.com\/ch\/fr\/product\/globber-one-nl-205-vert-citron-vert-gris-fonce\/#primaryimage"},"thumbnailUrl":"https:\/\/cdn.globber.com\/content\/2022\/11\/6383b79cd915a.jpg","datePublished":"2022-11-28T14:10:04+00:00","dateModified":"2026-03-04T09:53:58+00:00","breadcrumb":{"@id":"https:\/\/www.globber.com\/ch\/fr\/product\/globber-one-nl-205-vert-citron-vert-gris-fonce\/#breadcrumb"},"inLanguage":"fr-CH","potentialAction":[{"@type":"ReadAction","target":["https:\/\/www.globber.com\/ch\/fr\/product\/globber-one-nl-205-vert-citron-vert-gris-fonce\/"]}]},{"@type":"ImageObject","inLanguage":"fr-CH","@id":"https:\/\/www.globber.com\/ch\/fr\/product\/globber-one-nl-205-vert-citron-vert-gris-fonce\/#primaryimage","url":"https:\/\/cdn.globber.com\/content\/2022\/11\/6383b79cd915a.jpg","contentUrl":"https:\/\/cdn.globber.com\/content\/2022\/11\/6383b79cd915a.jpg","width":1920,"height":1920},{"@type":"BreadcrumbList","@id":"https:\/\/www.globber.com\/ch\/fr\/product\/globber-one-nl-205-vert-citron-vert-gris-fonce\/#breadcrumb","itemListElement":[{"@type":"ListItem","position":1,"name":"Shop","item":"https:\/\/www.globber.com\/ch\/fr\/shop\/"},{"@type":"ListItem","position":2,"name":"Globber | ONE NL 205 | Vert citron vert Gris fonc\u00e9"}]},{"@type":"WebSite","@id":"https:\/\/www.globber.com\/ch\/fr\/#website","url":"https:\/\/www.globber.com\/ch\/fr\/","name":"Globber Scooter Schweiz","description":"Der offizielle Online Shop","publisher":{"@id":"https:\/\/www.globber.com\/ch\/fr\/#organization"},"potentialAction":[{"@type":"SearchAction","target":{"@type":"EntryPoint","urlTemplate":"https:\/\/www.globber.com\/ch\/fr\/?s={search_term_string}"},"query-input":{"@type":"PropertyValueSpecification","valueRequired":true,"valueName":"search_term_string"}}],"inLanguage":"fr-CH"},{"@type":"Organization","@id":"https:\/\/www.globber.com\/ch\/fr\/#organization","name":"Globber Scooter Schweiz","url":"https:\/\/www.globber.com\/ch\/fr\/","logo":{"@type":"ImageObject","inLanguage":"fr-CH","@id":"https:\/\/www.globber.com\/ch\/fr\/#\/schema\/logo\/image\/","url":"https:\/\/cdn.globber.com\/content\/2024\/05\/logo.svg","contentUrl":"https:\/\/cdn.globber.com\/content\/2024\/05\/logo.svg","width":601,"height":112,"caption":"Globber Scooter Schweiz"},"image":{"@id":"https:\/\/www.globber.com\/ch\/fr\/#\/schema\/logo\/image\/"}}]},"og_availability":"instock","product_availability":"instock","product_retailer_item_id":"477-XXX","product_condition":"new"},"_links":{"self":[{"href":"https:\/\/www.globber.com\/ch\/fr\/wp-json\/wp\/v2\/product\/21591","targetHints":{"allow":["GET"]}}],"collection":[{"href":"https:\/\/www.globber.com\/ch\/fr\/wp-json\/wp\/v2\/product"}],"about":[{"href":"https:\/\/www.globber.com\/ch\/fr\/wp-json\/wp\/v2\/types\/product"}],"replies":[{"embeddable":true,"href":"https:\/\/www.globber.com\/ch\/fr\/wp-json\/wp\/v2\/comments?post=21591"}],"wp:featuredmedia":[{"embeddable":true,"href":"https:\/\/www.globber.com\/ch\/fr\/wp-json\/wp\/v2\/media\/25522"}],"wp:attachment":[{"href":"https:\/\/www.globber.com\/ch\/fr\/wp-json\/wp\/v2\/media?parent=21591"}],"wp:term":[{"taxonomy":"product-special-badges","embeddable":true,"href":"https:\/\/www.globber.com\/ch\/fr\/wp-json\/wp\/v2\/product-special-badges?post=21591"},{"taxonomy":"product_brand","embeddable":true,"href":"https:\/\/www.globber.com\/ch\/fr\/wp-json\/wp\/v2\/product_brand?post=21591"},{"taxonomy":"product_cat","embeddable":true,"href":"https:\/\/www.globber.com\/ch\/fr\/wp-json\/wp\/v2\/product_cat?post=21591"},{"taxonomy":"product_tag","embeddable":true,"href":"https:\/\/www.globber.com\/ch\/fr\/wp-json\/wp\/v2\/product_tag?post=21591"}],"curies":[{"name":"wp","href":"https:\/\/api.w.org\/{rel}","templated":true}]}}