{"id":21592,"date":"2022-11-28T15:11:21","date_gmt":"2022-11-28T14:11:21","guid":{"rendered":"https:\/\/www.globber.com\/ch\/product\/go-up-lights-xxs-xs\/"},"modified":"2025-12-12T04:54:16","modified_gmt":"2025-12-12T03:54:16","slug":"go-up-lights-xxs-xs","status":"publish","type":"product","link":"https:\/\/www.globber.com\/ch\/fr\/product\/go-up-lights-xxs-xs\/","title":{"rendered":"Go Up Lights | XXS\/XS"},"content":{"rendered":"<ul>L<\/p>\n<li>a\n<p>coque ext\u00e9rieure du casque en polycarbonate (PC) offre une couverture maximale de la t\u00eate et est livr\u00e9e avec une doublure en mousse EPS absorbant les chocs, des coussinets en mousse scell\u00e9e de 7 mm d'\u00e9paisseur et une mentonni\u00e8re pour une protection et un confort sup\u00e9rieurs.<\/p>\n<\/li>\n<p>L<\/p>\n<li>e\n<p>s meilleurs casques de scooter pour tout - petits (XXS-XS; 45-51cm*) sont disponibles en 6 couleurs: casque bleu marine, casque bleu ciel, casque rouge, casque vert citron, casque rose et casque noir. La taille du casque est facile \u00e0 r\u00e9gler avec le bouton rotatif arri\u00e8re.<\/p>\n<\/li>\n<li>\n<p>Le casque s\u00e9curis\u00e9 pour tout-petits dispose de 6 feux arri\u00e8re \u00e0 LED aliment\u00e9s par batterie qui clignotent dans 3 modes diff\u00e9rents (allum\u00e9 \/ clignotant \/ clignotant rapide) pour une visibilit\u00e9 maximale et une s\u00e9curit\u00e9 suppl\u00e9mentaire.<\/p>\n<\/li>\n<\/ul>\n<p><span style=\"font-size: 10px;\">* Assurez-vous de suivre nos instructions pour adapter le casque \u00e0 votre enfant.<\/span><\/p>\n","protected":false},"excerpt":{"rendered":"<p>Casque de scooter pour tout-petits<\/p>\n","protected":false},"featured_media":24585,"comment_status":"open","ping_status":"closed","template":"","meta":{"_acf_changed":false,"inline_featured_image":false},"product-special-badges":[],"product_brand":[],"product_cat":[4826],"product_tag":[],"class_list":{"0":"post-21592","1":"product","2":"type-product","3":"status-publish","4":"has-post-thumbnail","6":"product-badges-comfortable-fr","7":"product-badges-adjustable-fr","8":"product-badges-led-fr","9":"product-badges-safe-fr","10":"product_cat-agent-protecteur","11":"pa_color-bleu","12":"pa_color-bleu-clair","13":"pa_color-deep-pastel-pink-fr","14":"pa_color-menthe","15":"pa_color-noir","16":"pa_color-rosa-fr","17":"pa_color-rose","18":"pa_color-sable","19":"pa_color-scie","20":"pa_color-turquoise","21":"pa_color-vert","22":"pa_color-violet","23":"pa_product-badges-confortable","24":"pa_product-badges-dirige","25":"pa_product-badges-reglable","26":"pa_product-badges-securise","27":"pa_produktkategorien-equipement-de-protection-casques-genouilleres-et-coudieres","29":"first","30":"instock","31":"taxable","32":"shipping-taxable","33":"purchasable","34":"product-type-variable"},"acf":[],"yoast_head":"<!-- This site is optimized with the Yoast SEO Premium plugin v20.12 (Yoast SEO v23.4) - https:\/\/yoast.com\/wordpress\/plugins\/seo\/ -->\n<title>Go Up Lights | XXS\/XS - Globber Scooter Schweiz<\/title>\n<meta name=\"robots\" content=\"index, follow, max-snippet:-1, max-image-preview:large, max-video-preview:-1\" \/>\n<link rel=\"canonical\" href=\"https:\/\/www.globber.com\/ch\/de\/product\/helm-go-up-lights-xxs-xs\/\" \/>\n<meta property=\"og:locale\" content=\"fr_FR\" \/>\n<meta property=\"og:type\" content=\"article\" \/>\n<meta property=\"og:title\" content=\"Go Up Lights | XXS\/XS - Globber Scooter Schweiz\" \/>\n<meta property=\"og:description\" content=\"Casque de scooter pour tout-petits\" \/>\n<meta property=\"og:url\" content=\"https:\/\/www.globber.com\/ch\/de\/product\/helm-go-up-lights-xxs-xs\/\" \/>\n<meta property=\"og:site_name\" content=\"Globber Scooter Schweiz\" \/>\n<meta property=\"article:modified_time\" content=\"2025-12-12T03:54:16+00:00\" \/>\n<meta property=\"og:image\" content=\"https:\/\/cdn.globber.com\/content\/2022\/11\/6383bd861df5f.jpg\" \/>\n\t<meta property=\"og:image:width\" content=\"1920\" \/>\n\t<meta property=\"og:image:height\" content=\"1920\" \/>\n\t<meta property=\"og:image:type\" content=\"image\/jpeg\" \/>\n<meta name=\"twitter:card\" content=\"summary_large_image\" \/>\n<meta name=\"twitter:label1\" content=\"Availability\" \/>\n\t<meta name=\"twitter:data1\" content=\"In stock\" \/>\n<script type=\"application\/ld+json\" class=\"yoast-schema-graph\">{\"@context\":\"https:\/\/schema.org\",\"@graph\":[{\"@type\":[\"WebPage\",\"ItemPage\"],\"@id\":\"https:\/\/www.globber.com\/ch\/de\/product\/helm-go-up-lights-xxs-xs\/\",\"url\":\"https:\/\/www.globber.com\/ch\/de\/product\/helm-go-up-lights-xxs-xs\/\",\"name\":\"Go Up Lights | XXS\/XS - Globber Scooter Schweiz\",\"isPartOf\":{\"@id\":\"https:\/\/www.globber.com\/ch\/fr\/#website\"},\"primaryImageOfPage\":{\"@id\":\"https:\/\/www.globber.com\/ch\/de\/product\/helm-go-up-lights-xxs-xs\/#primaryimage\"},\"image\":{\"@id\":\"https:\/\/www.globber.com\/ch\/de\/product\/helm-go-up-lights-xxs-xs\/#primaryimage\"},\"thumbnailUrl\":\"https:\/\/cdn.globber.com\/content\/2022\/11\/6383bd861df5f.jpg\",\"datePublished\":\"2022-11-28T14:11:21+00:00\",\"dateModified\":\"2025-12-12T03:54:16+00:00\",\"breadcrumb\":{\"@id\":\"https:\/\/www.globber.com\/ch\/de\/product\/helm-go-up-lights-xxs-xs\/#breadcrumb\"},\"inLanguage\":\"fr-CH\",\"potentialAction\":[{\"@type\":\"ReadAction\",\"target\":[\"https:\/\/www.globber.com\/ch\/de\/product\/helm-go-up-lights-xxs-xs\/\"]}]},{\"@type\":\"ImageObject\",\"inLanguage\":\"fr-CH\",\"@id\":\"https:\/\/www.globber.com\/ch\/de\/product\/helm-go-up-lights-xxs-xs\/#primaryimage\",\"url\":\"https:\/\/cdn.globber.com\/content\/2022\/11\/6383bd861df5f.jpg\",\"contentUrl\":\"https:\/\/cdn.globber.com\/content\/2022\/11\/6383bd861df5f.jpg\",\"width\":1920,\"height\":1920},{\"@type\":\"BreadcrumbList\",\"@id\":\"https:\/\/www.globber.com\/ch\/de\/product\/helm-go-up-lights-xxs-xs\/#breadcrumb\",\"itemListElement\":[{\"@type\":\"ListItem\",\"position\":1,\"name\":\"Shop\",\"item\":\"https:\/\/www.globber.com\/ch\/fr\/shop\/\"},{\"@type\":\"ListItem\",\"position\":2,\"name\":\"Go Up Lights | XXS\/XS\"}]},{\"@type\":\"WebSite\",\"@id\":\"https:\/\/www.globber.com\/ch\/fr\/#website\",\"url\":\"https:\/\/www.globber.com\/ch\/fr\/\",\"name\":\"Globber Scooter Schweiz\",\"description\":\"Der offizielle Online Shop\",\"publisher\":{\"@id\":\"https:\/\/www.globber.com\/ch\/fr\/#organization\"},\"potentialAction\":[{\"@type\":\"SearchAction\",\"target\":{\"@type\":\"EntryPoint\",\"urlTemplate\":\"https:\/\/www.globber.com\/ch\/fr\/?s={search_term_string}\"},\"query-input\":{\"@type\":\"PropertyValueSpecification\",\"valueRequired\":true,\"valueName\":\"search_term_string\"}}],\"inLanguage\":\"fr-CH\"},{\"@type\":\"Organization\",\"@id\":\"https:\/\/www.globber.com\/ch\/fr\/#organization\",\"name\":\"Globber Scooter Schweiz\",\"url\":\"https:\/\/www.globber.com\/ch\/fr\/\",\"logo\":{\"@type\":\"ImageObject\",\"inLanguage\":\"fr-CH\",\"@id\":\"https:\/\/www.globber.com\/ch\/fr\/#\/schema\/logo\/image\/\",\"url\":\"https:\/\/cdn.globber.com\/content\/2024\/05\/logo.svg\",\"contentUrl\":\"https:\/\/cdn.globber.com\/content\/2024\/05\/logo.svg\",\"width\":601,\"height\":112,\"caption\":\"Globber Scooter Schweiz\"},\"image\":{\"@id\":\"https:\/\/www.globber.com\/ch\/fr\/#\/schema\/logo\/image\/\"}}]}<\/script>\n<meta property=\"og:availability\" content=\"instock\" \/>\n<meta property=\"product:availability\" content=\"instock\" \/>\n<meta property=\"product:retailer_item_id\" content=\"506-XXX\" \/>\n<meta property=\"product:condition\" content=\"new\" \/>\n<!-- \/ Yoast SEO Premium plugin. -->","yoast_head_json":{"title":"Go Up Lights | XXS\/XS - Globber Scooter Schweiz","robots":{"index":"index","follow":"follow","max-snippet":"max-snippet:-1","max-image-preview":"max-image-preview:large","max-video-preview":"max-video-preview:-1"},"canonical":"https:\/\/www.globber.com\/ch\/de\/product\/helm-go-up-lights-xxs-xs\/","og_locale":"fr_FR","og_type":"article","og_title":"Go Up Lights | XXS\/XS - Globber Scooter Schweiz","og_description":"Casque de scooter pour tout-petits","og_url":"https:\/\/www.globber.com\/ch\/de\/product\/helm-go-up-lights-xxs-xs\/","og_site_name":"Globber Scooter Schweiz","article_modified_time":"2025-12-12T03:54:16+00:00","og_image":[{"width":1920,"height":1920,"url":"https:\/\/cdn.globber.com\/content\/2022\/11\/6383bd861df5f.jpg","type":"image\/jpeg"}],"twitter_card":"summary_large_image","twitter_misc":{"Availability":"In stock"},"schema":{"@context":"https:\/\/schema.org","@graph":[{"@type":["WebPage","ItemPage"],"@id":"https:\/\/www.globber.com\/ch\/de\/product\/helm-go-up-lights-xxs-xs\/","url":"https:\/\/www.globber.com\/ch\/de\/product\/helm-go-up-lights-xxs-xs\/","name":"Go Up Lights | XXS\/XS - Globber Scooter Schweiz","isPartOf":{"@id":"https:\/\/www.globber.com\/ch\/fr\/#website"},"primaryImageOfPage":{"@id":"https:\/\/www.globber.com\/ch\/de\/product\/helm-go-up-lights-xxs-xs\/#primaryimage"},"image":{"@id":"https:\/\/www.globber.com\/ch\/de\/product\/helm-go-up-lights-xxs-xs\/#primaryimage"},"thumbnailUrl":"https:\/\/cdn.globber.com\/content\/2022\/11\/6383bd861df5f.jpg","datePublished":"2022-11-28T14:11:21+00:00","dateModified":"2025-12-12T03:54:16+00:00","breadcrumb":{"@id":"https:\/\/www.globber.com\/ch\/de\/product\/helm-go-up-lights-xxs-xs\/#breadcrumb"},"inLanguage":"fr-CH","potentialAction":[{"@type":"ReadAction","target":["https:\/\/www.globber.com\/ch\/de\/product\/helm-go-up-lights-xxs-xs\/"]}]},{"@type":"ImageObject","inLanguage":"fr-CH","@id":"https:\/\/www.globber.com\/ch\/de\/product\/helm-go-up-lights-xxs-xs\/#primaryimage","url":"https:\/\/cdn.globber.com\/content\/2022\/11\/6383bd861df5f.jpg","contentUrl":"https:\/\/cdn.globber.com\/content\/2022\/11\/6383bd861df5f.jpg","width":1920,"height":1920},{"@type":"BreadcrumbList","@id":"https:\/\/www.globber.com\/ch\/de\/product\/helm-go-up-lights-xxs-xs\/#breadcrumb","itemListElement":[{"@type":"ListItem","position":1,"name":"Shop","item":"https:\/\/www.globber.com\/ch\/fr\/shop\/"},{"@type":"ListItem","position":2,"name":"Go Up Lights | XXS\/XS"}]},{"@type":"WebSite","@id":"https:\/\/www.globber.com\/ch\/fr\/#website","url":"https:\/\/www.globber.com\/ch\/fr\/","name":"Globber Scooter Schweiz","description":"Der offizielle Online Shop","publisher":{"@id":"https:\/\/www.globber.com\/ch\/fr\/#organization"},"potentialAction":[{"@type":"SearchAction","target":{"@type":"EntryPoint","urlTemplate":"https:\/\/www.globber.com\/ch\/fr\/?s={search_term_string}"},"query-input":{"@type":"PropertyValueSpecification","valueRequired":true,"valueName":"search_term_string"}}],"inLanguage":"fr-CH"},{"@type":"Organization","@id":"https:\/\/www.globber.com\/ch\/fr\/#organization","name":"Globber Scooter Schweiz","url":"https:\/\/www.globber.com\/ch\/fr\/","logo":{"@type":"ImageObject","inLanguage":"fr-CH","@id":"https:\/\/www.globber.com\/ch\/fr\/#\/schema\/logo\/image\/","url":"https:\/\/cdn.globber.com\/content\/2024\/05\/logo.svg","contentUrl":"https:\/\/cdn.globber.com\/content\/2024\/05\/logo.svg","width":601,"height":112,"caption":"Globber Scooter Schweiz"},"image":{"@id":"https:\/\/www.globber.com\/ch\/fr\/#\/schema\/logo\/image\/"}}]},"og_availability":"instock","product_availability":"instock","product_retailer_item_id":"506-XXX","product_condition":"new"},"_links":{"self":[{"href":"https:\/\/www.globber.com\/ch\/fr\/wp-json\/wp\/v2\/product\/21592","targetHints":{"allow":["GET"]}}],"collection":[{"href":"https:\/\/www.globber.com\/ch\/fr\/wp-json\/wp\/v2\/product"}],"about":[{"href":"https:\/\/www.globber.com\/ch\/fr\/wp-json\/wp\/v2\/types\/product"}],"replies":[{"embeddable":true,"href":"https:\/\/www.globber.com\/ch\/fr\/wp-json\/wp\/v2\/comments?post=21592"}],"wp:featuredmedia":[{"embeddable":true,"href":"https:\/\/www.globber.com\/ch\/fr\/wp-json\/wp\/v2\/media\/24585"}],"wp:attachment":[{"href":"https:\/\/www.globber.com\/ch\/fr\/wp-json\/wp\/v2\/media?parent=21592"}],"wp:term":[{"taxonomy":"product-special-badges","embeddable":true,"href":"https:\/\/www.globber.com\/ch\/fr\/wp-json\/wp\/v2\/product-special-badges?post=21592"},{"taxonomy":"product_brand","embeddable":true,"href":"https:\/\/www.globber.com\/ch\/fr\/wp-json\/wp\/v2\/product_brand?post=21592"},{"taxonomy":"product_cat","embeddable":true,"href":"https:\/\/www.globber.com\/ch\/fr\/wp-json\/wp\/v2\/product_cat?post=21592"},{"taxonomy":"product_tag","embeddable":true,"href":"https:\/\/www.globber.com\/ch\/fr\/wp-json\/wp\/v2\/product_tag?post=21592"}],"curies":[{"name":"wp","href":"https:\/\/api.w.org\/{rel}","templated":true}]}}