{"id":21593,"date":"2022-11-28T15:12:14","date_gmt":"2022-11-28T14:12:14","guid":{"rendered":"https:\/\/www.globber.com\/ch\/product\/elite-lights-xs-s\/"},"modified":"2025-12-12T04:56:42","modified_gmt":"2025-12-12T03:56:42","slug":"elite-lights-xs-s","status":"publish","type":"product","link":"https:\/\/www.globber.com\/ch\/fr\/product\/elite-lights-xs-s\/","title":{"rendered":"Elite Lights XS\/S"},"content":{"rendered":"<ul>\n<li>\n<p>La coque du casque ABS durable est dot\u00e9e d'une doublure en mousse EPS absorbant les chocs, d'un rembourrage en mousse scell\u00e9e de 7 mm d'\u00e9paisseur et d'une mentonni\u00e8re, offrant une excellente protection et un excellent confort.<\/p>\n<\/li>\n<li>\n<p>Des casques de trottinette tendance pour enfants avec visi\u00e8re et sangles magn\u00e9tiques (XS-S\u00a0; 48-53\u00a0cm*) sont disponibles en plusieurs mod\u00e8les\u00a0: casque de course bleu\u00a0; casque de course rouge\u00a0; casque lama bleu\u00a0; et casque 8-ball. La visi\u00e8re est amovible.<\/p>\n<\/li>\n<li>\n<p>Ce casque de trottinette s\u00e9curis\u00e9 pour enfants est \u00e9quip\u00e9 de 6 feux arri\u00e8re LED \u00e0 piles qui clignotent selon 3 modes diff\u00e9rents (allum\u00e9\/clignotant\/clignotant rapide) pour une visibilit\u00e9 maximale et une s\u00e9curit\u00e9 accrue. La taille du casque s'ajuste facilement gr\u00e2ce \u00e0 la molette arri\u00e8re.<\/p>\n<\/li>\n<\/ul>\n<p><span style=\"font-size: 10px;\">*Veuillez vous assurer de suivre nos instructions pour ajuster le casque \u00e0 votre enfant.<\/span><\/p>\n","protected":false},"excerpt":{"rendered":"<p>Casques de scooter pour enfants<\/p>\n","protected":false},"featured_media":24643,"comment_status":"open","ping_status":"closed","template":"","meta":{"_acf_changed":false,"inline_featured_image":false},"product-special-badges":[],"product_brand":[],"product_cat":[4826],"product_tag":[],"class_list":{"0":"post-21593","1":"product","2":"type-product","3":"status-publish","4":"has-post-thumbnail","6":"product-badges-comfortable-fr","7":"product-badges-adjustable-fr","8":"product-badges-led-fr","9":"product-badges-safe-fr","10":"product-badges-stylish-fr","11":"product_cat-agent-protecteur","12":"pa_color-bleu","13":"pa_color-bleu-clair","14":"pa_color-noir","15":"pa_color-rose","16":"pa_color-rouge","17":"pa_color-vert","18":"pa_product-badges-confortable","19":"pa_product-badges-dirige","20":"pa_product-badges-elegant","21":"pa_product-badges-reglable","22":"pa_product-badges-securise","23":"pa_produktkategorien-equipement-de-protection-casques-genouilleres-et-coudieres","25":"first","26":"instock","27":"taxable","28":"shipping-taxable","29":"purchasable","30":"product-type-variable"},"acf":[],"yoast_head":"<!-- This site is optimized with the Yoast SEO Premium plugin v20.12 (Yoast SEO v23.4) - https:\/\/yoast.com\/wordpress\/plugins\/seo\/ -->\n<title>Elite Lights XS\/S - Globber Scooter Schweiz<\/title>\n<meta name=\"robots\" content=\"index, follow, max-snippet:-1, max-image-preview:large, max-video-preview:-1\" \/>\n<link rel=\"canonical\" href=\"https:\/\/www.globber.com\/ch\/de\/product\/helm-elite-lights-xs-s-2\/\" \/>\n<meta property=\"og:locale\" content=\"fr_FR\" \/>\n<meta property=\"og:type\" content=\"article\" \/>\n<meta property=\"og:title\" content=\"Elite Lights XS\/S - Globber Scooter Schweiz\" \/>\n<meta property=\"og:description\" content=\"Casques de scooter pour enfants\" \/>\n<meta property=\"og:url\" content=\"https:\/\/www.globber.com\/ch\/de\/product\/helm-elite-lights-xs-s-2\/\" \/>\n<meta property=\"og:site_name\" content=\"Globber Scooter Schweiz\" \/>\n<meta property=\"article:modified_time\" content=\"2025-12-12T03:56:42+00:00\" \/>\n<meta property=\"og:image\" content=\"https:\/\/cdn.globber.com\/content\/2022\/11\/6383af3922d32.jpg\" \/>\n\t<meta property=\"og:image:width\" content=\"1920\" \/>\n\t<meta property=\"og:image:height\" content=\"1920\" \/>\n\t<meta property=\"og:image:type\" content=\"image\/jpeg\" \/>\n<meta name=\"twitter:card\" content=\"summary_large_image\" \/>\n<meta name=\"twitter:label1\" content=\"Availability\" \/>\n\t<meta name=\"twitter:data1\" content=\"In stock\" \/>\n<script type=\"application\/ld+json\" class=\"yoast-schema-graph\">{\"@context\":\"https:\/\/schema.org\",\"@graph\":[{\"@type\":[\"WebPage\",\"ItemPage\"],\"@id\":\"https:\/\/www.globber.com\/ch\/de\/product\/helm-elite-lights-xs-s-2\/\",\"url\":\"https:\/\/www.globber.com\/ch\/de\/product\/helm-elite-lights-xs-s-2\/\",\"name\":\"Elite Lights XS\/S - Globber Scooter Schweiz\",\"isPartOf\":{\"@id\":\"https:\/\/www.globber.com\/ch\/fr\/#website\"},\"primaryImageOfPage\":{\"@id\":\"https:\/\/www.globber.com\/ch\/de\/product\/helm-elite-lights-xs-s-2\/#primaryimage\"},\"image\":{\"@id\":\"https:\/\/www.globber.com\/ch\/de\/product\/helm-elite-lights-xs-s-2\/#primaryimage\"},\"thumbnailUrl\":\"https:\/\/cdn.globber.com\/content\/2022\/11\/6383af3922d32.jpg\",\"datePublished\":\"2022-11-28T14:12:14+00:00\",\"dateModified\":\"2025-12-12T03:56:42+00:00\",\"breadcrumb\":{\"@id\":\"https:\/\/www.globber.com\/ch\/de\/product\/helm-elite-lights-xs-s-2\/#breadcrumb\"},\"inLanguage\":\"fr-CH\",\"potentialAction\":[{\"@type\":\"ReadAction\",\"target\":[\"https:\/\/www.globber.com\/ch\/de\/product\/helm-elite-lights-xs-s-2\/\"]}]},{\"@type\":\"ImageObject\",\"inLanguage\":\"fr-CH\",\"@id\":\"https:\/\/www.globber.com\/ch\/de\/product\/helm-elite-lights-xs-s-2\/#primaryimage\",\"url\":\"https:\/\/cdn.globber.com\/content\/2022\/11\/6383af3922d32.jpg\",\"contentUrl\":\"https:\/\/cdn.globber.com\/content\/2022\/11\/6383af3922d32.jpg\",\"width\":1920,\"height\":1920},{\"@type\":\"BreadcrumbList\",\"@id\":\"https:\/\/www.globber.com\/ch\/de\/product\/helm-elite-lights-xs-s-2\/#breadcrumb\",\"itemListElement\":[{\"@type\":\"ListItem\",\"position\":1,\"name\":\"Shop\",\"item\":\"https:\/\/www.globber.com\/ch\/fr\/shop\/\"},{\"@type\":\"ListItem\",\"position\":2,\"name\":\"Elite Lights XS\/S\"}]},{\"@type\":\"WebSite\",\"@id\":\"https:\/\/www.globber.com\/ch\/fr\/#website\",\"url\":\"https:\/\/www.globber.com\/ch\/fr\/\",\"name\":\"Globber Scooter Schweiz\",\"description\":\"Der offizielle Online Shop\",\"publisher\":{\"@id\":\"https:\/\/www.globber.com\/ch\/fr\/#organization\"},\"potentialAction\":[{\"@type\":\"SearchAction\",\"target\":{\"@type\":\"EntryPoint\",\"urlTemplate\":\"https:\/\/www.globber.com\/ch\/fr\/?s={search_term_string}\"},\"query-input\":{\"@type\":\"PropertyValueSpecification\",\"valueRequired\":true,\"valueName\":\"search_term_string\"}}],\"inLanguage\":\"fr-CH\"},{\"@type\":\"Organization\",\"@id\":\"https:\/\/www.globber.com\/ch\/fr\/#organization\",\"name\":\"Globber Scooter Schweiz\",\"url\":\"https:\/\/www.globber.com\/ch\/fr\/\",\"logo\":{\"@type\":\"ImageObject\",\"inLanguage\":\"fr-CH\",\"@id\":\"https:\/\/www.globber.com\/ch\/fr\/#\/schema\/logo\/image\/\",\"url\":\"https:\/\/cdn.globber.com\/content\/2024\/05\/logo.svg\",\"contentUrl\":\"https:\/\/cdn.globber.com\/content\/2024\/05\/logo.svg\",\"width\":601,\"height\":112,\"caption\":\"Globber Scooter Schweiz\"},\"image\":{\"@id\":\"https:\/\/www.globber.com\/ch\/fr\/#\/schema\/logo\/image\/\"}}]}<\/script>\n<meta property=\"og:availability\" content=\"instock\" \/>\n<meta property=\"product:availability\" content=\"instock\" \/>\n<meta property=\"product:retailer_item_id\" content=\"507-XXX\" \/>\n<meta property=\"product:condition\" content=\"new\" \/>\n<!-- \/ Yoast SEO Premium plugin. -->","yoast_head_json":{"title":"Elite Lights XS\/S - Globber Scooter Schweiz","robots":{"index":"index","follow":"follow","max-snippet":"max-snippet:-1","max-image-preview":"max-image-preview:large","max-video-preview":"max-video-preview:-1"},"canonical":"https:\/\/www.globber.com\/ch\/de\/product\/helm-elite-lights-xs-s-2\/","og_locale":"fr_FR","og_type":"article","og_title":"Elite Lights XS\/S - Globber Scooter Schweiz","og_description":"Casques de scooter pour enfants","og_url":"https:\/\/www.globber.com\/ch\/de\/product\/helm-elite-lights-xs-s-2\/","og_site_name":"Globber Scooter Schweiz","article_modified_time":"2025-12-12T03:56:42+00:00","og_image":[{"width":1920,"height":1920,"url":"https:\/\/cdn.globber.com\/content\/2022\/11\/6383af3922d32.jpg","type":"image\/jpeg"}],"twitter_card":"summary_large_image","twitter_misc":{"Availability":"In stock"},"schema":{"@context":"https:\/\/schema.org","@graph":[{"@type":["WebPage","ItemPage"],"@id":"https:\/\/www.globber.com\/ch\/de\/product\/helm-elite-lights-xs-s-2\/","url":"https:\/\/www.globber.com\/ch\/de\/product\/helm-elite-lights-xs-s-2\/","name":"Elite Lights XS\/S - Globber Scooter Schweiz","isPartOf":{"@id":"https:\/\/www.globber.com\/ch\/fr\/#website"},"primaryImageOfPage":{"@id":"https:\/\/www.globber.com\/ch\/de\/product\/helm-elite-lights-xs-s-2\/#primaryimage"},"image":{"@id":"https:\/\/www.globber.com\/ch\/de\/product\/helm-elite-lights-xs-s-2\/#primaryimage"},"thumbnailUrl":"https:\/\/cdn.globber.com\/content\/2022\/11\/6383af3922d32.jpg","datePublished":"2022-11-28T14:12:14+00:00","dateModified":"2025-12-12T03:56:42+00:00","breadcrumb":{"@id":"https:\/\/www.globber.com\/ch\/de\/product\/helm-elite-lights-xs-s-2\/#breadcrumb"},"inLanguage":"fr-CH","potentialAction":[{"@type":"ReadAction","target":["https:\/\/www.globber.com\/ch\/de\/product\/helm-elite-lights-xs-s-2\/"]}]},{"@type":"ImageObject","inLanguage":"fr-CH","@id":"https:\/\/www.globber.com\/ch\/de\/product\/helm-elite-lights-xs-s-2\/#primaryimage","url":"https:\/\/cdn.globber.com\/content\/2022\/11\/6383af3922d32.jpg","contentUrl":"https:\/\/cdn.globber.com\/content\/2022\/11\/6383af3922d32.jpg","width":1920,"height":1920},{"@type":"BreadcrumbList","@id":"https:\/\/www.globber.com\/ch\/de\/product\/helm-elite-lights-xs-s-2\/#breadcrumb","itemListElement":[{"@type":"ListItem","position":1,"name":"Shop","item":"https:\/\/www.globber.com\/ch\/fr\/shop\/"},{"@type":"ListItem","position":2,"name":"Elite Lights XS\/S"}]},{"@type":"WebSite","@id":"https:\/\/www.globber.com\/ch\/fr\/#website","url":"https:\/\/www.globber.com\/ch\/fr\/","name":"Globber Scooter Schweiz","description":"Der offizielle Online Shop","publisher":{"@id":"https:\/\/www.globber.com\/ch\/fr\/#organization"},"potentialAction":[{"@type":"SearchAction","target":{"@type":"EntryPoint","urlTemplate":"https:\/\/www.globber.com\/ch\/fr\/?s={search_term_string}"},"query-input":{"@type":"PropertyValueSpecification","valueRequired":true,"valueName":"search_term_string"}}],"inLanguage":"fr-CH"},{"@type":"Organization","@id":"https:\/\/www.globber.com\/ch\/fr\/#organization","name":"Globber Scooter Schweiz","url":"https:\/\/www.globber.com\/ch\/fr\/","logo":{"@type":"ImageObject","inLanguage":"fr-CH","@id":"https:\/\/www.globber.com\/ch\/fr\/#\/schema\/logo\/image\/","url":"https:\/\/cdn.globber.com\/content\/2024\/05\/logo.svg","contentUrl":"https:\/\/cdn.globber.com\/content\/2024\/05\/logo.svg","width":601,"height":112,"caption":"Globber Scooter Schweiz"},"image":{"@id":"https:\/\/www.globber.com\/ch\/fr\/#\/schema\/logo\/image\/"}}]},"og_availability":"instock","product_availability":"instock","product_retailer_item_id":"507-XXX","product_condition":"new"},"_links":{"self":[{"href":"https:\/\/www.globber.com\/ch\/fr\/wp-json\/wp\/v2\/product\/21593","targetHints":{"allow":["GET"]}}],"collection":[{"href":"https:\/\/www.globber.com\/ch\/fr\/wp-json\/wp\/v2\/product"}],"about":[{"href":"https:\/\/www.globber.com\/ch\/fr\/wp-json\/wp\/v2\/types\/product"}],"replies":[{"embeddable":true,"href":"https:\/\/www.globber.com\/ch\/fr\/wp-json\/wp\/v2\/comments?post=21593"}],"wp:featuredmedia":[{"embeddable":true,"href":"https:\/\/www.globber.com\/ch\/fr\/wp-json\/wp\/v2\/media\/24643"}],"wp:attachment":[{"href":"https:\/\/www.globber.com\/ch\/fr\/wp-json\/wp\/v2\/media?parent=21593"}],"wp:term":[{"taxonomy":"product-special-badges","embeddable":true,"href":"https:\/\/www.globber.com\/ch\/fr\/wp-json\/wp\/v2\/product-special-badges?post=21593"},{"taxonomy":"product_brand","embeddable":true,"href":"https:\/\/www.globber.com\/ch\/fr\/wp-json\/wp\/v2\/product_brand?post=21593"},{"taxonomy":"product_cat","embeddable":true,"href":"https:\/\/www.globber.com\/ch\/fr\/wp-json\/wp\/v2\/product_cat?post=21593"},{"taxonomy":"product_tag","embeddable":true,"href":"https:\/\/www.globber.com\/ch\/fr\/wp-json\/wp\/v2\/product_tag?post=21593"}],"curies":[{"name":"wp","href":"https:\/\/api.w.org\/{rel}","templated":true}]}}