{"id":21600,"date":"2023-03-20T03:57:16","date_gmt":"2023-03-20T02:57:16","guid":{"rendered":"https:\/\/www.globber.com\/ch\/product\/globber-primo-foldable-lights-eco-pistache\/"},"modified":"2025-12-09T08:06:37","modified_gmt":"2025-12-09T07:06:37","slug":"globber-primo-foldable-lights-eco-pistache","status":"publish","type":"product","link":"https:\/\/www.globber.com\/ch\/fr\/product\/globber-primo-foldable-lights-eco-pistache\/","title":{"rendered":"Globber | Primo Foldable | Lights Eco | Pistache"},"content":{"rendered":"<p>\n<p>Un monde plus vert sur roues : PRIMO FOLDABLE LIGHTS <strong>\u00c9CO<\/strong>LOGIQUE aide les familles du monde entier \u00e0 vivre et \u00e0 mettre en \u0153uvre des valeurs et des choix \u00e9cologiques. Fabriqu\u00e9 \u00e0 partir de 60 % de plastique certifi\u00e9 Global Recycled Standard et de paille de bl\u00e9 biod\u00e9gradable*.<\/p>\n<p>PRIMO FOLDABLE LIGHTS est \u00e9quip\u00e9 d'un verrou de direction brevet\u00e9, d'un syst\u00e8me de pliage et d'un arceau en T r\u00e9glable pour les enfants \u00e0 partir de 3 ans. <strong>\u00c9CO<\/strong>LOGIQUE pr\u00e9sente la m\u00eame int\u00e9grit\u00e9 structurelle que l'original embl\u00e9matique, mais utilise davantage de mat\u00e9riaux \u00e9cologiques pour un impact environnemental r\u00e9duit.<\/p>\n<p>Le PRIMO FOLDABLE PLUS LIGHTS <strong>est une trottinette \u00e0 3 roues lumineuse dot\u00e9e de nombreuses fonctionnalit\u00e9s.>\u00c9CO<\/strong>LOGIQUE avec des roues lumineuses sans batterie, aliment\u00e9es par l'\u00e9nergie cin\u00e9tique renouvelable de votre enfant : plus il roule vite, plus elles brillent !<\/p>\n<p>Sur un man\u00e8ge \u00e9cologique, les enfants peuvent entra\u00eener leur \u00e9quilibre et leur coordination en toute s\u00e9curit\u00e9 tout en profitant de tout le plaisir lumineux !<\/p>\n<\/p>\n<p>\u00a0<\/p><\/p>\n","protected":false},"excerpt":{"rendered":"<p><strong>Scooter \u00e0 3 roues pour enfants (\u00e0 partir de 3 ans), Fabriqu\u00e9 \u00e0 partir de 60% de plastique GRS et de paille de bl\u00e9 biod\u00e9gradable<\/strong><\/p>\n","protected":false},"featured_media":25881,"comment_status":"closed","ping_status":"closed","template":"","meta":{"_acf_changed":false,"inline_featured_image":false},"product-special-badges":[],"product_brand":[],"product_cat":[4776,4779,4821,4832,4843,4847,4857],"product_tag":[],"class_list":{"0":"post-21600","1":"product","2":"type-product","3":"status-publish","4":"has-post-thumbnail","6":"product-badges-adjustable-fr","7":"product-badges-foldable-fr","8":"product-badges-light-up-fr","9":"product-badges-sustainable-fr","10":"product_cat-serie-primo","11":"product_cat-collecte-ecologique","12":"product_cat-scooter-pliable","13":"product_cat-scooter-leger","14":"product_cat-trottinette-a-3-roues-pour-tous-les-ages","15":"product_cat-enfants-a-3-roues","16":"product_cat-produits-pour-tout-petits","17":"pa_altersspanne-3-7-ans","18":"pa_bremsen-composition-du-frein-arriere-mecanique","19":"pa_color-noix-de-coco","20":"pa_color-pistache","21":"pa_deckmaterial-60-g-de-plastique-biodegradable-paille-de-ble-fibre-pp-cadre-en-metal","22":"pa_einstellbar-oui","23":"pa_empfohlene-benutzerhoehe-95-120-cm","24":"pa_faltbar-yes-fr","25":"pa_groesse-der-raeder-pu-guss-mit-hoher-rueckfederung","26":"pa_grose-der-brucke-b-12-5cm-xl-54-5cm","27":"pa_hohen-der-t-stangen-675-cm-725-cm-775-cm-du-sol","28":"pa_maximales-benutzergewicht-50-kg","29":"pa_produktgewicht-netto-2-a-50-kg","30":"pa_radgrose-121-mm-24-mm-de-large-a-lavant","31":"pa_radgrose-80-mm-24-mm-de-large-a-larriere","33":"first","34":"instock","35":"taxable","36":"shipping-taxable","37":"purchasable","38":"product-type-variable"},"acf":[],"yoast_head":"<!-- This site is optimized with the Yoast SEO Premium plugin v20.12 (Yoast SEO v23.4) - https:\/\/yoast.com\/wordpress\/plugins\/seo\/ -->\n<title>Globber | Primo Foldable | Lights Eco | Pistache - Globber Scooter Schweiz<\/title>\n<meta name=\"robots\" content=\"index, follow, max-snippet:-1, max-image-preview:large, max-video-preview:-1\" \/>\n<link rel=\"canonical\" href=\"https:\/\/www.globber.com\/ch\/fr\/product\/globber-primo-foldable-lights-eco-pistache\/\" \/>\n<meta property=\"og:locale\" content=\"fr_FR\" \/>\n<meta property=\"og:type\" content=\"article\" \/>\n<meta property=\"og:title\" content=\"Globber | Primo Foldable | Lights Eco | Pistache - Globber Scooter Schweiz\" \/>\n<meta property=\"og:description\" content=\"Scooter \u00e0 3 roues pour enfants (\u00e0 partir de 3 ans), Fabriqu\u00e9 \u00e0 partir de 60% de plastique GRS et de paille de bl\u00e9 biod\u00e9gradable\" \/>\n<meta property=\"og:url\" content=\"https:\/\/www.globber.com\/ch\/fr\/product\/globber-primo-foldable-lights-eco-pistache\/\" \/>\n<meta property=\"og:site_name\" content=\"Globber Scooter Schweiz\" \/>\n<meta property=\"article:modified_time\" content=\"2025-12-09T07:06:37+00:00\" \/>\n<meta property=\"og:image\" content=\"https:\/\/cdn.globber.com\/content\/2023\/03\/696-501_3-wheel-eco-scooter-with-led-lights.jpg\" \/>\n\t<meta property=\"og:image:width\" content=\"2048\" \/>\n\t<meta property=\"og:image:height\" content=\"2048\" \/>\n\t<meta property=\"og:image:type\" content=\"image\/jpeg\" \/>\n<meta name=\"twitter:card\" content=\"summary_large_image\" \/>\n<meta name=\"twitter:label1\" content=\"Availability\" \/>\n\t<meta name=\"twitter:data1\" content=\"In stock\" \/>\n<script type=\"application\/ld+json\" class=\"yoast-schema-graph\">{\"@context\":\"https:\/\/schema.org\",\"@graph\":[{\"@type\":[\"WebPage\",\"ItemPage\"],\"@id\":\"https:\/\/www.globber.com\/ch\/fr\/product\/globber-primo-foldable-lights-eco-pistache\/\",\"url\":\"https:\/\/www.globber.com\/ch\/fr\/product\/globber-primo-foldable-lights-eco-pistache\/\",\"name\":\"Globber | Primo Foldable | Lights Eco | Pistache - Globber Scooter Schweiz\",\"isPartOf\":{\"@id\":\"https:\/\/www.globber.com\/ch\/fr\/#website\"},\"primaryImageOfPage\":{\"@id\":\"https:\/\/www.globber.com\/ch\/fr\/product\/globber-primo-foldable-lights-eco-pistache\/#primaryimage\"},\"image\":{\"@id\":\"https:\/\/www.globber.com\/ch\/fr\/product\/globber-primo-foldable-lights-eco-pistache\/#primaryimage\"},\"thumbnailUrl\":\"https:\/\/cdn.globber.com\/content\/2023\/03\/696-501_3-wheel-eco-scooter-with-led-lights.jpg\",\"datePublished\":\"2023-03-20T02:57:16+00:00\",\"dateModified\":\"2025-12-09T07:06:37+00:00\",\"breadcrumb\":{\"@id\":\"https:\/\/www.globber.com\/ch\/fr\/product\/globber-primo-foldable-lights-eco-pistache\/#breadcrumb\"},\"inLanguage\":\"fr-CH\",\"potentialAction\":[{\"@type\":\"ReadAction\",\"target\":[\"https:\/\/www.globber.com\/ch\/fr\/product\/globber-primo-foldable-lights-eco-pistache\/\"]}]},{\"@type\":\"ImageObject\",\"inLanguage\":\"fr-CH\",\"@id\":\"https:\/\/www.globber.com\/ch\/fr\/product\/globber-primo-foldable-lights-eco-pistache\/#primaryimage\",\"url\":\"https:\/\/cdn.globber.com\/content\/2023\/03\/696-501_3-wheel-eco-scooter-with-led-lights.jpg\",\"contentUrl\":\"https:\/\/cdn.globber.com\/content\/2023\/03\/696-501_3-wheel-eco-scooter-with-led-lights.jpg\",\"width\":2048,\"height\":2048},{\"@type\":\"BreadcrumbList\",\"@id\":\"https:\/\/www.globber.com\/ch\/fr\/product\/globber-primo-foldable-lights-eco-pistache\/#breadcrumb\",\"itemListElement\":[{\"@type\":\"ListItem\",\"position\":1,\"name\":\"Shop\",\"item\":\"https:\/\/www.globber.com\/ch\/fr\/shop\/\"},{\"@type\":\"ListItem\",\"position\":2,\"name\":\"Globber | Primo Foldable | Lights Eco | Pistache\"}]},{\"@type\":\"WebSite\",\"@id\":\"https:\/\/www.globber.com\/ch\/fr\/#website\",\"url\":\"https:\/\/www.globber.com\/ch\/fr\/\",\"name\":\"Globber Scooter Schweiz\",\"description\":\"Der offizielle Online Shop\",\"publisher\":{\"@id\":\"https:\/\/www.globber.com\/ch\/fr\/#organization\"},\"potentialAction\":[{\"@type\":\"SearchAction\",\"target\":{\"@type\":\"EntryPoint\",\"urlTemplate\":\"https:\/\/www.globber.com\/ch\/fr\/?s={search_term_string}\"},\"query-input\":{\"@type\":\"PropertyValueSpecification\",\"valueRequired\":true,\"valueName\":\"search_term_string\"}}],\"inLanguage\":\"fr-CH\"},{\"@type\":\"Organization\",\"@id\":\"https:\/\/www.globber.com\/ch\/fr\/#organization\",\"name\":\"Globber Scooter Schweiz\",\"url\":\"https:\/\/www.globber.com\/ch\/fr\/\",\"logo\":{\"@type\":\"ImageObject\",\"inLanguage\":\"fr-CH\",\"@id\":\"https:\/\/www.globber.com\/ch\/fr\/#\/schema\/logo\/image\/\",\"url\":\"https:\/\/cdn.globber.com\/content\/2024\/05\/logo.svg\",\"contentUrl\":\"https:\/\/cdn.globber.com\/content\/2024\/05\/logo.svg\",\"width\":601,\"height\":112,\"caption\":\"Globber Scooter Schweiz\"},\"image\":{\"@id\":\"https:\/\/www.globber.com\/ch\/fr\/#\/schema\/logo\/image\/\"}}]}<\/script>\n<meta property=\"og:availability\" content=\"instock\" \/>\n<meta property=\"product:availability\" content=\"instock\" \/>\n<meta property=\"product:retailer_item_id\" content=\"696-xxx\" \/>\n<meta property=\"product:condition\" content=\"new\" \/>\n<!-- \/ Yoast SEO Premium plugin. -->","yoast_head_json":{"title":"Globber | Primo Foldable | Lights Eco | Pistache - Globber Scooter Schweiz","robots":{"index":"index","follow":"follow","max-snippet":"max-snippet:-1","max-image-preview":"max-image-preview:large","max-video-preview":"max-video-preview:-1"},"canonical":"https:\/\/www.globber.com\/ch\/fr\/product\/globber-primo-foldable-lights-eco-pistache\/","og_locale":"fr_FR","og_type":"article","og_title":"Globber | Primo Foldable | Lights Eco | Pistache - Globber Scooter Schweiz","og_description":"Scooter \u00e0 3 roues pour enfants (\u00e0 partir de 3 ans), Fabriqu\u00e9 \u00e0 partir de 60% de plastique GRS et de paille de bl\u00e9 biod\u00e9gradable","og_url":"https:\/\/www.globber.com\/ch\/fr\/product\/globber-primo-foldable-lights-eco-pistache\/","og_site_name":"Globber Scooter Schweiz","article_modified_time":"2025-12-09T07:06:37+00:00","og_image":[{"width":2048,"height":2048,"url":"https:\/\/cdn.globber.com\/content\/2023\/03\/696-501_3-wheel-eco-scooter-with-led-lights.jpg","type":"image\/jpeg"}],"twitter_card":"summary_large_image","twitter_misc":{"Availability":"In stock"},"schema":{"@context":"https:\/\/schema.org","@graph":[{"@type":["WebPage","ItemPage"],"@id":"https:\/\/www.globber.com\/ch\/fr\/product\/globber-primo-foldable-lights-eco-pistache\/","url":"https:\/\/www.globber.com\/ch\/fr\/product\/globber-primo-foldable-lights-eco-pistache\/","name":"Globber | Primo Foldable | Lights Eco | Pistache - Globber Scooter Schweiz","isPartOf":{"@id":"https:\/\/www.globber.com\/ch\/fr\/#website"},"primaryImageOfPage":{"@id":"https:\/\/www.globber.com\/ch\/fr\/product\/globber-primo-foldable-lights-eco-pistache\/#primaryimage"},"image":{"@id":"https:\/\/www.globber.com\/ch\/fr\/product\/globber-primo-foldable-lights-eco-pistache\/#primaryimage"},"thumbnailUrl":"https:\/\/cdn.globber.com\/content\/2023\/03\/696-501_3-wheel-eco-scooter-with-led-lights.jpg","datePublished":"2023-03-20T02:57:16+00:00","dateModified":"2025-12-09T07:06:37+00:00","breadcrumb":{"@id":"https:\/\/www.globber.com\/ch\/fr\/product\/globber-primo-foldable-lights-eco-pistache\/#breadcrumb"},"inLanguage":"fr-CH","potentialAction":[{"@type":"ReadAction","target":["https:\/\/www.globber.com\/ch\/fr\/product\/globber-primo-foldable-lights-eco-pistache\/"]}]},{"@type":"ImageObject","inLanguage":"fr-CH","@id":"https:\/\/www.globber.com\/ch\/fr\/product\/globber-primo-foldable-lights-eco-pistache\/#primaryimage","url":"https:\/\/cdn.globber.com\/content\/2023\/03\/696-501_3-wheel-eco-scooter-with-led-lights.jpg","contentUrl":"https:\/\/cdn.globber.com\/content\/2023\/03\/696-501_3-wheel-eco-scooter-with-led-lights.jpg","width":2048,"height":2048},{"@type":"BreadcrumbList","@id":"https:\/\/www.globber.com\/ch\/fr\/product\/globber-primo-foldable-lights-eco-pistache\/#breadcrumb","itemListElement":[{"@type":"ListItem","position":1,"name":"Shop","item":"https:\/\/www.globber.com\/ch\/fr\/shop\/"},{"@type":"ListItem","position":2,"name":"Globber | Primo Foldable | Lights Eco | Pistache"}]},{"@type":"WebSite","@id":"https:\/\/www.globber.com\/ch\/fr\/#website","url":"https:\/\/www.globber.com\/ch\/fr\/","name":"Globber Scooter Schweiz","description":"Der offizielle Online Shop","publisher":{"@id":"https:\/\/www.globber.com\/ch\/fr\/#organization"},"potentialAction":[{"@type":"SearchAction","target":{"@type":"EntryPoint","urlTemplate":"https:\/\/www.globber.com\/ch\/fr\/?s={search_term_string}"},"query-input":{"@type":"PropertyValueSpecification","valueRequired":true,"valueName":"search_term_string"}}],"inLanguage":"fr-CH"},{"@type":"Organization","@id":"https:\/\/www.globber.com\/ch\/fr\/#organization","name":"Globber Scooter Schweiz","url":"https:\/\/www.globber.com\/ch\/fr\/","logo":{"@type":"ImageObject","inLanguage":"fr-CH","@id":"https:\/\/www.globber.com\/ch\/fr\/#\/schema\/logo\/image\/","url":"https:\/\/cdn.globber.com\/content\/2024\/05\/logo.svg","contentUrl":"https:\/\/cdn.globber.com\/content\/2024\/05\/logo.svg","width":601,"height":112,"caption":"Globber Scooter Schweiz"},"image":{"@id":"https:\/\/www.globber.com\/ch\/fr\/#\/schema\/logo\/image\/"}}]},"og_availability":"instock","product_availability":"instock","product_retailer_item_id":"696-xxx","product_condition":"new"},"_links":{"self":[{"href":"https:\/\/www.globber.com\/ch\/fr\/wp-json\/wp\/v2\/product\/21600","targetHints":{"allow":["GET"]}}],"collection":[{"href":"https:\/\/www.globber.com\/ch\/fr\/wp-json\/wp\/v2\/product"}],"about":[{"href":"https:\/\/www.globber.com\/ch\/fr\/wp-json\/wp\/v2\/types\/product"}],"replies":[{"embeddable":true,"href":"https:\/\/www.globber.com\/ch\/fr\/wp-json\/wp\/v2\/comments?post=21600"}],"wp:featuredmedia":[{"embeddable":true,"href":"https:\/\/www.globber.com\/ch\/fr\/wp-json\/wp\/v2\/media\/25881"}],"wp:attachment":[{"href":"https:\/\/www.globber.com\/ch\/fr\/wp-json\/wp\/v2\/media?parent=21600"}],"wp:term":[{"taxonomy":"product-special-badges","embeddable":true,"href":"https:\/\/www.globber.com\/ch\/fr\/wp-json\/wp\/v2\/product-special-badges?post=21600"},{"taxonomy":"product_brand","embeddable":true,"href":"https:\/\/www.globber.com\/ch\/fr\/wp-json\/wp\/v2\/product_brand?post=21600"},{"taxonomy":"product_cat","embeddable":true,"href":"https:\/\/www.globber.com\/ch\/fr\/wp-json\/wp\/v2\/product_cat?post=21600"},{"taxonomy":"product_tag","embeddable":true,"href":"https:\/\/www.globber.com\/ch\/fr\/wp-json\/wp\/v2\/product_tag?post=21600"}],"curies":[{"name":"wp","href":"https:\/\/api.w.org\/{rel}","templated":true}]}}