{"id":21601,"date":"2022-11-28T15:05:00","date_gmt":"2022-11-28T14:05:00","guid":{"rendered":"https:\/\/www.globber.com\/ch\/product\/mini-trottinette-globber-primo-lights-dark-mint-menthe\/"},"modified":"2026-03-04T10:54:13","modified_gmt":"2026-03-04T09:54:13","slug":"mini-trottinette-globber-primo-lights-dark-mint-menthe","status":"publish","type":"product","link":"https:\/\/www.globber.com\/ch\/fr\/product\/mini-trottinette-globber-primo-lights-dark-mint-menthe\/","title":{"rendered":"Mini trottinette Globber | Primo Lights | Dark Mint - Menthe"},"content":{"rendered":"<p><p class=\"p1\">Pr\u00e9parez vos enfants pour L'aventure Scoot la plus amusante! PRIMO LIGHTS propose les meilleurs scooters lumineux \u00e0 3 roues pour les enfants de 3 \u00e0 7 ans et plus qui sont \u00e0 la fois durables et durables. Du rapport qualit\u00e9-prix aux fonctionnalit\u00e9s, PRIMO a tout ce dont vous avez besoin pour de superbes journ\u00e9es Scoot!<\/p>\n<p class=\"p1\">Un Scooter lumineux \u00e0 3 roues riche en fonctionnalit\u00e9s, \u00e9quip\u00e9 du syst\u00e8me de verrouillage de direction brevet\u00e9 de Globber, d'un guidon r\u00e9glable sur 3 positions et d'un pont de Scooter durable, aide PRIMO enfants \u00e0 d\u00e9velopper en toute s\u00e9curit\u00e9 des comp\u00e9tences D'\u00e9quilibre et de coordination tout en faisant du scooter plein de plaisir!<\/p><\/p>\n","protected":false},"excerpt":{"rendered":"<p class=\"p1\"><strong>Trottinette lumineuse \u00e0 3 roues pour enfants (de 3 \u00e0 7 ans)<\/strong><\/p>\n","protected":false},"featured_media":25867,"comment_status":"open","ping_status":"closed","template":"","meta":{"_acf_changed":false,"inline_featured_image":false},"product-special-badges":[],"product_brand":[],"product_cat":[6277,4776,4832,4843,4847,4853],"product_tag":[],"class_list":{"0":"post-21601","1":"product","2":"type-product","3":"status-publish","4":"has-post-thumbnail","6":"product-badges-anti-slip-fr","7":"product-badges-adjustable-fr","8":"product-badges-light-up-fr","9":"product_cat-sale-fr","10":"product_cat-serie-primo","11":"product_cat-scooter-leger","12":"product_cat-trottinette-a-3-roues-pour-tous-les-ages","13":"product_cat-enfants-a-3-roues","14":"product_cat-trottinette-pour-enfants","15":"pa_altersspanne-3-7-ans","16":"pa_bremsen-composition-du-frein-arriere-mecanique","17":"pa_color-bleu-clair","18":"pa_color-vert","19":"pa_deckmaterial-materiau-composite-pp-fibre-nylon","20":"pa_einstellbar-oui","21":"pa_empfohlene-benutzerhoehe-95-120-cm","22":"pa_faltbar-no-fr","23":"pa_groesse-der-raeder-121mm-vorne-24mm-breit-fr","24":"pa_groesse-der-raeder-80mm-hinten-24mm-breit-fr","25":"pa_groesse-der-raeder-pu-guss-mit-hoher-rueckfederung","26":"pa_grose-der-brucke-b-11-5cm-xl-54-5cm","27":"pa_hohen-der-t-stangen-67-5-72-5-77-5-cm-du-sol","28":"pa_maximales-benutzergewicht-50-kg","29":"pa_produktgewicht-netto-2-33-kg","31":"first","32":"instock","33":"sale","34":"taxable","35":"shipping-taxable","36":"purchasable","37":"product-type-variable"},"acf":[],"yoast_head":"<!-- This site is optimized with the Yoast SEO Premium plugin v20.12 (Yoast SEO v23.4) - https:\/\/yoast.com\/wordpress\/plugins\/seo\/ -->\n<title>Mini trottinette Globber | Primo Lights | Dark Mint - Menthe - Globber Scooter Schweiz<\/title>\n<meta name=\"robots\" content=\"index, follow, max-snippet:-1, max-image-preview:large, max-video-preview:-1\" \/>\n<link rel=\"canonical\" href=\"https:\/\/www.globber.com\/ch\/fr\/product\/mini-trottinette-globber-primo-lights-dark-mint-menthe\/\" \/>\n<meta property=\"og:locale\" content=\"fr_FR\" \/>\n<meta property=\"og:type\" content=\"article\" \/>\n<meta property=\"og:title\" content=\"Mini trottinette Globber | Primo Lights | Dark Mint - Menthe - Globber Scooter Schweiz\" \/>\n<meta property=\"og:description\" content=\"Trottinette lumineuse \u00e0 3 roues pour enfants (de 3 \u00e0 7 ans)\" \/>\n<meta property=\"og:url\" content=\"https:\/\/www.globber.com\/ch\/fr\/product\/mini-trottinette-globber-primo-lights-dark-mint-menthe\/\" \/>\n<meta property=\"og:site_name\" content=\"Globber Scooter Schweiz\" \/>\n<meta property=\"article:modified_time\" content=\"2026-03-04T09:54:13+00:00\" \/>\n<meta property=\"og:image\" content=\"https:\/\/cdn.globber.com\/content\/2022\/11\/6383bbf40914e.jpg\" \/>\n\t<meta property=\"og:image:width\" content=\"1920\" \/>\n\t<meta property=\"og:image:height\" content=\"1920\" \/>\n\t<meta property=\"og:image:type\" content=\"image\/jpeg\" \/>\n<meta name=\"twitter:card\" content=\"summary_large_image\" \/>\n<meta name=\"twitter:label1\" content=\"Availability\" \/>\n\t<meta name=\"twitter:data1\" content=\"In stock\" \/>\n<script type=\"application\/ld+json\" class=\"yoast-schema-graph\">{\"@context\":\"https:\/\/schema.org\",\"@graph\":[{\"@type\":[\"WebPage\",\"ItemPage\"],\"@id\":\"https:\/\/www.globber.com\/ch\/fr\/product\/mini-trottinette-globber-primo-lights-dark-mint-menthe\/\",\"url\":\"https:\/\/www.globber.com\/ch\/fr\/product\/mini-trottinette-globber-primo-lights-dark-mint-menthe\/\",\"name\":\"Mini trottinette Globber | Primo Lights | Dark Mint - Menthe - Globber Scooter Schweiz\",\"isPartOf\":{\"@id\":\"https:\/\/www.globber.com\/ch\/fr\/#website\"},\"primaryImageOfPage\":{\"@id\":\"https:\/\/www.globber.com\/ch\/fr\/product\/mini-trottinette-globber-primo-lights-dark-mint-menthe\/#primaryimage\"},\"image\":{\"@id\":\"https:\/\/www.globber.com\/ch\/fr\/product\/mini-trottinette-globber-primo-lights-dark-mint-menthe\/#primaryimage\"},\"thumbnailUrl\":\"https:\/\/cdn.globber.com\/content\/2022\/11\/6383bbf40914e.jpg\",\"datePublished\":\"2022-11-28T14:05:00+00:00\",\"dateModified\":\"2026-03-04T09:54:13+00:00\",\"breadcrumb\":{\"@id\":\"https:\/\/www.globber.com\/ch\/fr\/product\/mini-trottinette-globber-primo-lights-dark-mint-menthe\/#breadcrumb\"},\"inLanguage\":\"fr-CH\",\"potentialAction\":[{\"@type\":\"ReadAction\",\"target\":[\"https:\/\/www.globber.com\/ch\/fr\/product\/mini-trottinette-globber-primo-lights-dark-mint-menthe\/\"]}]},{\"@type\":\"ImageObject\",\"inLanguage\":\"fr-CH\",\"@id\":\"https:\/\/www.globber.com\/ch\/fr\/product\/mini-trottinette-globber-primo-lights-dark-mint-menthe\/#primaryimage\",\"url\":\"https:\/\/cdn.globber.com\/content\/2022\/11\/6383bbf40914e.jpg\",\"contentUrl\":\"https:\/\/cdn.globber.com\/content\/2022\/11\/6383bbf40914e.jpg\",\"width\":1920,\"height\":1920},{\"@type\":\"BreadcrumbList\",\"@id\":\"https:\/\/www.globber.com\/ch\/fr\/product\/mini-trottinette-globber-primo-lights-dark-mint-menthe\/#breadcrumb\",\"itemListElement\":[{\"@type\":\"ListItem\",\"position\":1,\"name\":\"Shop\",\"item\":\"https:\/\/www.globber.com\/ch\/fr\/shop\/\"},{\"@type\":\"ListItem\",\"position\":2,\"name\":\"Mini trottinette Globber | Primo Lights | Dark Mint - Menthe\"}]},{\"@type\":\"WebSite\",\"@id\":\"https:\/\/www.globber.com\/ch\/fr\/#website\",\"url\":\"https:\/\/www.globber.com\/ch\/fr\/\",\"name\":\"Globber Scooter Schweiz\",\"description\":\"Der offizielle Online Shop\",\"publisher\":{\"@id\":\"https:\/\/www.globber.com\/ch\/fr\/#organization\"},\"potentialAction\":[{\"@type\":\"SearchAction\",\"target\":{\"@type\":\"EntryPoint\",\"urlTemplate\":\"https:\/\/www.globber.com\/ch\/fr\/?s={search_term_string}\"},\"query-input\":{\"@type\":\"PropertyValueSpecification\",\"valueRequired\":true,\"valueName\":\"search_term_string\"}}],\"inLanguage\":\"fr-CH\"},{\"@type\":\"Organization\",\"@id\":\"https:\/\/www.globber.com\/ch\/fr\/#organization\",\"name\":\"Globber Scooter Schweiz\",\"url\":\"https:\/\/www.globber.com\/ch\/fr\/\",\"logo\":{\"@type\":\"ImageObject\",\"inLanguage\":\"fr-CH\",\"@id\":\"https:\/\/www.globber.com\/ch\/fr\/#\/schema\/logo\/image\/\",\"url\":\"https:\/\/cdn.globber.com\/content\/2024\/05\/logo.svg\",\"contentUrl\":\"https:\/\/cdn.globber.com\/content\/2024\/05\/logo.svg\",\"width\":601,\"height\":112,\"caption\":\"Globber Scooter Schweiz\"},\"image\":{\"@id\":\"https:\/\/www.globber.com\/ch\/fr\/#\/schema\/logo\/image\/\"}}]}<\/script>\n<meta property=\"og:availability\" content=\"instock\" \/>\n<meta property=\"product:availability\" content=\"instock\" \/>\n<meta property=\"product:retailer_item_id\" content=\"423-XXX-3\" \/>\n<meta property=\"product:condition\" content=\"new\" \/>\n<!-- \/ Yoast SEO Premium plugin. -->","yoast_head_json":{"title":"Mini trottinette Globber | Primo Lights | Dark Mint - Menthe - Globber Scooter Schweiz","robots":{"index":"index","follow":"follow","max-snippet":"max-snippet:-1","max-image-preview":"max-image-preview:large","max-video-preview":"max-video-preview:-1"},"canonical":"https:\/\/www.globber.com\/ch\/fr\/product\/mini-trottinette-globber-primo-lights-dark-mint-menthe\/","og_locale":"fr_FR","og_type":"article","og_title":"Mini trottinette Globber | Primo Lights | Dark Mint - Menthe - Globber Scooter Schweiz","og_description":"Trottinette lumineuse \u00e0 3 roues pour enfants (de 3 \u00e0 7 ans)","og_url":"https:\/\/www.globber.com\/ch\/fr\/product\/mini-trottinette-globber-primo-lights-dark-mint-menthe\/","og_site_name":"Globber Scooter Schweiz","article_modified_time":"2026-03-04T09:54:13+00:00","og_image":[{"width":1920,"height":1920,"url":"https:\/\/cdn.globber.com\/content\/2022\/11\/6383bbf40914e.jpg","type":"image\/jpeg"}],"twitter_card":"summary_large_image","twitter_misc":{"Availability":"In stock"},"schema":{"@context":"https:\/\/schema.org","@graph":[{"@type":["WebPage","ItemPage"],"@id":"https:\/\/www.globber.com\/ch\/fr\/product\/mini-trottinette-globber-primo-lights-dark-mint-menthe\/","url":"https:\/\/www.globber.com\/ch\/fr\/product\/mini-trottinette-globber-primo-lights-dark-mint-menthe\/","name":"Mini trottinette Globber | Primo Lights | Dark Mint - Menthe - Globber Scooter Schweiz","isPartOf":{"@id":"https:\/\/www.globber.com\/ch\/fr\/#website"},"primaryImageOfPage":{"@id":"https:\/\/www.globber.com\/ch\/fr\/product\/mini-trottinette-globber-primo-lights-dark-mint-menthe\/#primaryimage"},"image":{"@id":"https:\/\/www.globber.com\/ch\/fr\/product\/mini-trottinette-globber-primo-lights-dark-mint-menthe\/#primaryimage"},"thumbnailUrl":"https:\/\/cdn.globber.com\/content\/2022\/11\/6383bbf40914e.jpg","datePublished":"2022-11-28T14:05:00+00:00","dateModified":"2026-03-04T09:54:13+00:00","breadcrumb":{"@id":"https:\/\/www.globber.com\/ch\/fr\/product\/mini-trottinette-globber-primo-lights-dark-mint-menthe\/#breadcrumb"},"inLanguage":"fr-CH","potentialAction":[{"@type":"ReadAction","target":["https:\/\/www.globber.com\/ch\/fr\/product\/mini-trottinette-globber-primo-lights-dark-mint-menthe\/"]}]},{"@type":"ImageObject","inLanguage":"fr-CH","@id":"https:\/\/www.globber.com\/ch\/fr\/product\/mini-trottinette-globber-primo-lights-dark-mint-menthe\/#primaryimage","url":"https:\/\/cdn.globber.com\/content\/2022\/11\/6383bbf40914e.jpg","contentUrl":"https:\/\/cdn.globber.com\/content\/2022\/11\/6383bbf40914e.jpg","width":1920,"height":1920},{"@type":"BreadcrumbList","@id":"https:\/\/www.globber.com\/ch\/fr\/product\/mini-trottinette-globber-primo-lights-dark-mint-menthe\/#breadcrumb","itemListElement":[{"@type":"ListItem","position":1,"name":"Shop","item":"https:\/\/www.globber.com\/ch\/fr\/shop\/"},{"@type":"ListItem","position":2,"name":"Mini trottinette Globber | Primo Lights | Dark Mint - Menthe"}]},{"@type":"WebSite","@id":"https:\/\/www.globber.com\/ch\/fr\/#website","url":"https:\/\/www.globber.com\/ch\/fr\/","name":"Globber Scooter Schweiz","description":"Der offizielle Online Shop","publisher":{"@id":"https:\/\/www.globber.com\/ch\/fr\/#organization"},"potentialAction":[{"@type":"SearchAction","target":{"@type":"EntryPoint","urlTemplate":"https:\/\/www.globber.com\/ch\/fr\/?s={search_term_string}"},"query-input":{"@type":"PropertyValueSpecification","valueRequired":true,"valueName":"search_term_string"}}],"inLanguage":"fr-CH"},{"@type":"Organization","@id":"https:\/\/www.globber.com\/ch\/fr\/#organization","name":"Globber Scooter Schweiz","url":"https:\/\/www.globber.com\/ch\/fr\/","logo":{"@type":"ImageObject","inLanguage":"fr-CH","@id":"https:\/\/www.globber.com\/ch\/fr\/#\/schema\/logo\/image\/","url":"https:\/\/cdn.globber.com\/content\/2024\/05\/logo.svg","contentUrl":"https:\/\/cdn.globber.com\/content\/2024\/05\/logo.svg","width":601,"height":112,"caption":"Globber Scooter Schweiz"},"image":{"@id":"https:\/\/www.globber.com\/ch\/fr\/#\/schema\/logo\/image\/"}}]},"og_availability":"instock","product_availability":"instock","product_retailer_item_id":"423-XXX-3","product_condition":"new"},"_links":{"self":[{"href":"https:\/\/www.globber.com\/ch\/fr\/wp-json\/wp\/v2\/product\/21601","targetHints":{"allow":["GET"]}}],"collection":[{"href":"https:\/\/www.globber.com\/ch\/fr\/wp-json\/wp\/v2\/product"}],"about":[{"href":"https:\/\/www.globber.com\/ch\/fr\/wp-json\/wp\/v2\/types\/product"}],"replies":[{"embeddable":true,"href":"https:\/\/www.globber.com\/ch\/fr\/wp-json\/wp\/v2\/comments?post=21601"}],"wp:featuredmedia":[{"embeddable":true,"href":"https:\/\/www.globber.com\/ch\/fr\/wp-json\/wp\/v2\/media\/25867"}],"wp:attachment":[{"href":"https:\/\/www.globber.com\/ch\/fr\/wp-json\/wp\/v2\/media?parent=21601"}],"wp:term":[{"taxonomy":"product-special-badges","embeddable":true,"href":"https:\/\/www.globber.com\/ch\/fr\/wp-json\/wp\/v2\/product-special-badges?post=21601"},{"taxonomy":"product_brand","embeddable":true,"href":"https:\/\/www.globber.com\/ch\/fr\/wp-json\/wp\/v2\/product_brand?post=21601"},{"taxonomy":"product_cat","embeddable":true,"href":"https:\/\/www.globber.com\/ch\/fr\/wp-json\/wp\/v2\/product_cat?post=21601"},{"taxonomy":"product_tag","embeddable":true,"href":"https:\/\/www.globber.com\/ch\/fr\/wp-json\/wp\/v2\/product_tag?post=21601"}],"curies":[{"name":"wp","href":"https:\/\/api.w.org\/{rel}","templated":true}]}}