{"id":21602,"date":"2023-10-25T12:19:17","date_gmt":"2023-10-25T10:19:17","guid":{"rendered":"https:\/\/www.globber.com\/ch\/product\/mini-trottinette-globber-primo-foldable-plus-lights-rose-pastel-fuchsia\/"},"modified":"2026-03-06T08:26:43","modified_gmt":"2026-03-06T07:26:43","slug":"mini-trottinette-globber-primo-foldable-plus-lights-rose-pastel-fuchsia","status":"publish","type":"product","link":"https:\/\/www.globber.com\/ch\/fr\/product\/mini-trottinette-globber-primo-foldable-plus-lights-rose-pastel-fuchsia\/","title":{"rendered":"Mini trottinette Globber | Primo Foldable Plus Lights | Rose pastel - Fuchsia"},"content":{"rendered":"<p class=\"p1\">Le scooter Globber le plus accessible-du rapport qualit\u00e9 \u2013 prix aux fonctionnalit\u00e9s-PRIMO FOLDABLE PLUS LIGHTS offre la meilleure valeur pour votre petit conducteur de Scooter.<\/p>\n<p class=\"p1\">Un Scooter \u00e0 3 roues avec roues lumineuses \u00e0 LED, un m\u00e9canisme de pliage brevet\u00e9, un guidon r\u00e9glable en hauteur \u00e0 4 vitesses et un syst\u00e8me de verrouillage de direction brevet\u00e9. PRIMO regorge de toutes les fonctionnalit\u00e9s dont votre enfant a besoin pour apprendre L'\u00e9quilibre et la coordination en toute s\u00e9curit\u00e9 tout en S'amusant et en s'\u00e9clairant rapidement!<\/p>\n<p class=\"p1\">PRIMO FOLDABLE PLUS LIGHTS est un Scooter pliant \u00e0 3 roues avec lumi\u00e8res pour enfants (de 3 \u00e0 9 ans) \u00e9quip\u00e9 de roues avant \u00e0 LED sans batterie-plus vous roulez vite, plus les roues brillent!<\/p>\n","protected":false},"excerpt":{"rendered":"<p class=\"p1\"><strong>Scooter \u00e0 3 roues avec lumi\u00e8res pour enfants (de 3 ans \u00e0 9 ans)<\/strong><\/p>\n","protected":false},"featured_media":25956,"comment_status":"open","ping_status":"closed","template":"","meta":{"_acf_changed":false,"inline_featured_image":false},"product-special-badges":[],"product_brand":[],"product_cat":[4776,4821,4832,4843,4847,4853],"product_tag":[],"class_list":{"0":"post-21602","1":"product","2":"type-product","3":"status-publish","4":"has-post-thumbnail","6":"product_cat-serie-primo","7":"product_cat-scooter-pliable","8":"product_cat-scooter-leger","9":"product_cat-trottinette-a-3-roues-pour-tous-les-ages","10":"product_cat-enfants-a-3-roues","11":"product_cat-trottinette-pour-enfants","12":"pa_altersspanne-3-9-ans","13":"pa_bremsen-composition-du-frein-arriere-mecanique","14":"pa_color-bleu-fonce","15":"pa_color-menthe","16":"pa_color-rosa-fr","17":"pa_color-rose","18":"pa_deckmaterial-cadre-metallique-en-fibre-composite-pp","19":"pa_einstellbar-oui","20":"pa_empfohlene-benutzerhoehe-95-130-cm","21":"pa_faltbar-yes-fr","22":"pa_groesse-der-raeder-121mm-vorne-24mm-breit-fr","23":"pa_groesse-der-raeder-80mm-hinten-24mm-breit-fr","24":"pa_groesse-der-raeder-pu-guss-mit-hoher-rueckfederung","25":"pa_grose-der-brucke-b-12-5cm-xl-54-5cm","26":"pa_hohen-der-t-stangen-67-5-cm-72-5-cm-77-5-cm-82-5-cm-du-sol","27":"pa_maximales-benutzergewicht-50-kg","28":"pa_produktgewicht-netto-2-54-kg","30":"first","31":"instock","32":"taxable","33":"shipping-taxable","34":"purchasable","35":"product-type-variable"},"acf":[],"yoast_head":"<!-- This site is optimized with the Yoast SEO Premium plugin v20.12 (Yoast SEO v23.4) - https:\/\/yoast.com\/wordpress\/plugins\/seo\/ -->\n<title>Mini trottinette Globber | Primo Foldable Plus Lights | Rose pastel - Fuchsia - Globber Scooter Schweiz<\/title>\n<meta name=\"robots\" content=\"index, follow, max-snippet:-1, max-image-preview:large, max-video-preview:-1\" \/>\n<link rel=\"canonical\" href=\"https:\/\/www.globber.com\/ch\/fr\/product\/mini-trottinette-globber-primo-foldable-plus-lights-rose-pastel-fuchsia\/\" \/>\n<meta property=\"og:locale\" content=\"fr_FR\" \/>\n<meta property=\"og:type\" content=\"article\" \/>\n<meta property=\"og:title\" content=\"Mini trottinette Globber | Primo Foldable Plus Lights | Rose pastel - Fuchsia - Globber Scooter Schweiz\" \/>\n<meta property=\"og:description\" content=\"Scooter \u00e0 3 roues avec lumi\u00e8res pour enfants (de 3 ans \u00e0 9 ans)\" \/>\n<meta property=\"og:url\" content=\"https:\/\/www.globber.com\/ch\/fr\/product\/mini-trottinette-globber-primo-foldable-plus-lights-rose-pastel-fuchsia\/\" \/>\n<meta property=\"og:site_name\" content=\"Globber Scooter Schweiz\" \/>\n<meta property=\"article:modified_time\" content=\"2026-03-06T07:26:43+00:00\" \/>\n<meta property=\"og:image\" content=\"https:\/\/cdn.globber.com\/content\/2023\/10\/439-600-2_kid-scooter-with-led-wheels.jpg\" \/>\n\t<meta property=\"og:image:width\" content=\"2048\" \/>\n\t<meta property=\"og:image:height\" content=\"2048\" \/>\n\t<meta property=\"og:image:type\" content=\"image\/jpeg\" \/>\n<meta name=\"twitter:card\" content=\"summary_large_image\" \/>\n<meta name=\"twitter:label1\" content=\"Availability\" \/>\n\t<meta name=\"twitter:data1\" content=\"In stock\" \/>\n<script type=\"application\/ld+json\" class=\"yoast-schema-graph\">{\"@context\":\"https:\/\/schema.org\",\"@graph\":[{\"@type\":[\"WebPage\",\"ItemPage\"],\"@id\":\"https:\/\/www.globber.com\/ch\/fr\/product\/mini-trottinette-globber-primo-foldable-plus-lights-rose-pastel-fuchsia\/\",\"url\":\"https:\/\/www.globber.com\/ch\/fr\/product\/mini-trottinette-globber-primo-foldable-plus-lights-rose-pastel-fuchsia\/\",\"name\":\"Mini trottinette Globber | Primo Foldable Plus Lights | Rose pastel - Fuchsia - Globber Scooter Schweiz\",\"isPartOf\":{\"@id\":\"https:\/\/www.globber.com\/ch\/fr\/#website\"},\"primaryImageOfPage\":{\"@id\":\"https:\/\/www.globber.com\/ch\/fr\/product\/mini-trottinette-globber-primo-foldable-plus-lights-rose-pastel-fuchsia\/#primaryimage\"},\"image\":{\"@id\":\"https:\/\/www.globber.com\/ch\/fr\/product\/mini-trottinette-globber-primo-foldable-plus-lights-rose-pastel-fuchsia\/#primaryimage\"},\"thumbnailUrl\":\"https:\/\/cdn.globber.com\/content\/2023\/10\/439-600-2_kid-scooter-with-led-wheels.jpg\",\"datePublished\":\"2023-10-25T10:19:17+00:00\",\"dateModified\":\"2026-03-06T07:26:43+00:00\",\"breadcrumb\":{\"@id\":\"https:\/\/www.globber.com\/ch\/fr\/product\/mini-trottinette-globber-primo-foldable-plus-lights-rose-pastel-fuchsia\/#breadcrumb\"},\"inLanguage\":\"fr-CH\",\"potentialAction\":[{\"@type\":\"ReadAction\",\"target\":[\"https:\/\/www.globber.com\/ch\/fr\/product\/mini-trottinette-globber-primo-foldable-plus-lights-rose-pastel-fuchsia\/\"]}]},{\"@type\":\"ImageObject\",\"inLanguage\":\"fr-CH\",\"@id\":\"https:\/\/www.globber.com\/ch\/fr\/product\/mini-trottinette-globber-primo-foldable-plus-lights-rose-pastel-fuchsia\/#primaryimage\",\"url\":\"https:\/\/cdn.globber.com\/content\/2023\/10\/439-600-2_kid-scooter-with-led-wheels.jpg\",\"contentUrl\":\"https:\/\/cdn.globber.com\/content\/2023\/10\/439-600-2_kid-scooter-with-led-wheels.jpg\",\"width\":2048,\"height\":2048},{\"@type\":\"BreadcrumbList\",\"@id\":\"https:\/\/www.globber.com\/ch\/fr\/product\/mini-trottinette-globber-primo-foldable-plus-lights-rose-pastel-fuchsia\/#breadcrumb\",\"itemListElement\":[{\"@type\":\"ListItem\",\"position\":1,\"name\":\"Shop\",\"item\":\"https:\/\/www.globber.com\/ch\/fr\/shop\/\"},{\"@type\":\"ListItem\",\"position\":2,\"name\":\"Mini trottinette Globber | Primo Foldable Plus Lights | Rose pastel - Fuchsia\"}]},{\"@type\":\"WebSite\",\"@id\":\"https:\/\/www.globber.com\/ch\/fr\/#website\",\"url\":\"https:\/\/www.globber.com\/ch\/fr\/\",\"name\":\"Globber Scooter Schweiz\",\"description\":\"Der offizielle Online Shop\",\"publisher\":{\"@id\":\"https:\/\/www.globber.com\/ch\/fr\/#organization\"},\"potentialAction\":[{\"@type\":\"SearchAction\",\"target\":{\"@type\":\"EntryPoint\",\"urlTemplate\":\"https:\/\/www.globber.com\/ch\/fr\/?s={search_term_string}\"},\"query-input\":{\"@type\":\"PropertyValueSpecification\",\"valueRequired\":true,\"valueName\":\"search_term_string\"}}],\"inLanguage\":\"fr-CH\"},{\"@type\":\"Organization\",\"@id\":\"https:\/\/www.globber.com\/ch\/fr\/#organization\",\"name\":\"Globber Scooter Schweiz\",\"url\":\"https:\/\/www.globber.com\/ch\/fr\/\",\"logo\":{\"@type\":\"ImageObject\",\"inLanguage\":\"fr-CH\",\"@id\":\"https:\/\/www.globber.com\/ch\/fr\/#\/schema\/logo\/image\/\",\"url\":\"https:\/\/cdn.globber.com\/content\/2024\/05\/logo.svg\",\"contentUrl\":\"https:\/\/cdn.globber.com\/content\/2024\/05\/logo.svg\",\"width\":601,\"height\":112,\"caption\":\"Globber Scooter Schweiz\"},\"image\":{\"@id\":\"https:\/\/www.globber.com\/ch\/fr\/#\/schema\/logo\/image\/\"}}]}<\/script>\n<meta property=\"og:availability\" content=\"instock\" \/>\n<meta property=\"product:availability\" content=\"instock\" \/>\n<meta property=\"product:retailer_item_id\" content=\"439-XXX-2\" \/>\n<meta property=\"product:condition\" content=\"new\" \/>\n<!-- \/ Yoast SEO Premium plugin. -->","yoast_head_json":{"title":"Mini trottinette Globber | Primo Foldable Plus Lights | Rose pastel - Fuchsia - Globber Scooter Schweiz","robots":{"index":"index","follow":"follow","max-snippet":"max-snippet:-1","max-image-preview":"max-image-preview:large","max-video-preview":"max-video-preview:-1"},"canonical":"https:\/\/www.globber.com\/ch\/fr\/product\/mini-trottinette-globber-primo-foldable-plus-lights-rose-pastel-fuchsia\/","og_locale":"fr_FR","og_type":"article","og_title":"Mini trottinette Globber | Primo Foldable Plus Lights | Rose pastel - Fuchsia - Globber Scooter Schweiz","og_description":"Scooter \u00e0 3 roues avec lumi\u00e8res pour enfants (de 3 ans \u00e0 9 ans)","og_url":"https:\/\/www.globber.com\/ch\/fr\/product\/mini-trottinette-globber-primo-foldable-plus-lights-rose-pastel-fuchsia\/","og_site_name":"Globber Scooter Schweiz","article_modified_time":"2026-03-06T07:26:43+00:00","og_image":[{"width":2048,"height":2048,"url":"https:\/\/cdn.globber.com\/content\/2023\/10\/439-600-2_kid-scooter-with-led-wheels.jpg","type":"image\/jpeg"}],"twitter_card":"summary_large_image","twitter_misc":{"Availability":"In stock"},"schema":{"@context":"https:\/\/schema.org","@graph":[{"@type":["WebPage","ItemPage"],"@id":"https:\/\/www.globber.com\/ch\/fr\/product\/mini-trottinette-globber-primo-foldable-plus-lights-rose-pastel-fuchsia\/","url":"https:\/\/www.globber.com\/ch\/fr\/product\/mini-trottinette-globber-primo-foldable-plus-lights-rose-pastel-fuchsia\/","name":"Mini trottinette Globber | Primo Foldable Plus Lights | Rose pastel - Fuchsia - Globber Scooter Schweiz","isPartOf":{"@id":"https:\/\/www.globber.com\/ch\/fr\/#website"},"primaryImageOfPage":{"@id":"https:\/\/www.globber.com\/ch\/fr\/product\/mini-trottinette-globber-primo-foldable-plus-lights-rose-pastel-fuchsia\/#primaryimage"},"image":{"@id":"https:\/\/www.globber.com\/ch\/fr\/product\/mini-trottinette-globber-primo-foldable-plus-lights-rose-pastel-fuchsia\/#primaryimage"},"thumbnailUrl":"https:\/\/cdn.globber.com\/content\/2023\/10\/439-600-2_kid-scooter-with-led-wheels.jpg","datePublished":"2023-10-25T10:19:17+00:00","dateModified":"2026-03-06T07:26:43+00:00","breadcrumb":{"@id":"https:\/\/www.globber.com\/ch\/fr\/product\/mini-trottinette-globber-primo-foldable-plus-lights-rose-pastel-fuchsia\/#breadcrumb"},"inLanguage":"fr-CH","potentialAction":[{"@type":"ReadAction","target":["https:\/\/www.globber.com\/ch\/fr\/product\/mini-trottinette-globber-primo-foldable-plus-lights-rose-pastel-fuchsia\/"]}]},{"@type":"ImageObject","inLanguage":"fr-CH","@id":"https:\/\/www.globber.com\/ch\/fr\/product\/mini-trottinette-globber-primo-foldable-plus-lights-rose-pastel-fuchsia\/#primaryimage","url":"https:\/\/cdn.globber.com\/content\/2023\/10\/439-600-2_kid-scooter-with-led-wheels.jpg","contentUrl":"https:\/\/cdn.globber.com\/content\/2023\/10\/439-600-2_kid-scooter-with-led-wheels.jpg","width":2048,"height":2048},{"@type":"BreadcrumbList","@id":"https:\/\/www.globber.com\/ch\/fr\/product\/mini-trottinette-globber-primo-foldable-plus-lights-rose-pastel-fuchsia\/#breadcrumb","itemListElement":[{"@type":"ListItem","position":1,"name":"Shop","item":"https:\/\/www.globber.com\/ch\/fr\/shop\/"},{"@type":"ListItem","position":2,"name":"Mini trottinette Globber | Primo Foldable Plus Lights | Rose pastel - Fuchsia"}]},{"@type":"WebSite","@id":"https:\/\/www.globber.com\/ch\/fr\/#website","url":"https:\/\/www.globber.com\/ch\/fr\/","name":"Globber Scooter Schweiz","description":"Der offizielle Online Shop","publisher":{"@id":"https:\/\/www.globber.com\/ch\/fr\/#organization"},"potentialAction":[{"@type":"SearchAction","target":{"@type":"EntryPoint","urlTemplate":"https:\/\/www.globber.com\/ch\/fr\/?s={search_term_string}"},"query-input":{"@type":"PropertyValueSpecification","valueRequired":true,"valueName":"search_term_string"}}],"inLanguage":"fr-CH"},{"@type":"Organization","@id":"https:\/\/www.globber.com\/ch\/fr\/#organization","name":"Globber Scooter Schweiz","url":"https:\/\/www.globber.com\/ch\/fr\/","logo":{"@type":"ImageObject","inLanguage":"fr-CH","@id":"https:\/\/www.globber.com\/ch\/fr\/#\/schema\/logo\/image\/","url":"https:\/\/cdn.globber.com\/content\/2024\/05\/logo.svg","contentUrl":"https:\/\/cdn.globber.com\/content\/2024\/05\/logo.svg","width":601,"height":112,"caption":"Globber Scooter Schweiz"},"image":{"@id":"https:\/\/www.globber.com\/ch\/fr\/#\/schema\/logo\/image\/"}}]},"og_availability":"instock","product_availability":"instock","product_retailer_item_id":"439-XXX-2","product_condition":"new"},"_links":{"self":[{"href":"https:\/\/www.globber.com\/ch\/fr\/wp-json\/wp\/v2\/product\/21602","targetHints":{"allow":["GET"]}}],"collection":[{"href":"https:\/\/www.globber.com\/ch\/fr\/wp-json\/wp\/v2\/product"}],"about":[{"href":"https:\/\/www.globber.com\/ch\/fr\/wp-json\/wp\/v2\/types\/product"}],"replies":[{"embeddable":true,"href":"https:\/\/www.globber.com\/ch\/fr\/wp-json\/wp\/v2\/comments?post=21602"}],"wp:featuredmedia":[{"embeddable":true,"href":"https:\/\/www.globber.com\/ch\/fr\/wp-json\/wp\/v2\/media\/25956"}],"wp:attachment":[{"href":"https:\/\/www.globber.com\/ch\/fr\/wp-json\/wp\/v2\/media?parent=21602"}],"wp:term":[{"taxonomy":"product-special-badges","embeddable":true,"href":"https:\/\/www.globber.com\/ch\/fr\/wp-json\/wp\/v2\/product-special-badges?post=21602"},{"taxonomy":"product_brand","embeddable":true,"href":"https:\/\/www.globber.com\/ch\/fr\/wp-json\/wp\/v2\/product_brand?post=21602"},{"taxonomy":"product_cat","embeddable":true,"href":"https:\/\/www.globber.com\/ch\/fr\/wp-json\/wp\/v2\/product_cat?post=21602"},{"taxonomy":"product_tag","embeddable":true,"href":"https:\/\/www.globber.com\/ch\/fr\/wp-json\/wp\/v2\/product_tag?post=21602"}],"curies":[{"name":"wp","href":"https:\/\/api.w.org\/{rel}","templated":true}]}}