{"id":21604,"date":"2023-11-28T10:12:59","date_gmt":"2023-11-28T09:12:59","guid":{"rendered":"https:\/\/www.globber.com\/ch\/product\/trottinette-globber-city-flow-pliable-junior-menthe\/"},"modified":"2026-03-06T08:26:20","modified_gmt":"2026-03-06T07:26:20","slug":"trottinette-globber-city-flow-pliable-junior-menthe","status":"publish","type":"product","link":"https:\/\/www.globber.com\/ch\/fr\/product\/trottinette-globber-city-flow-pliable-junior-menthe\/","title":{"rendered":"Trottinette Globber City | Flow pliable Junior | Menthe"},"content":{"rendered":"<p>Montrez vos comp\u00e9tences sur un Scooter \u00e0 2 roues sp\u00e9cialement con\u00e7u pour les enfants \u00e0 partir de 3 ans (et plus!) a \u00e9t\u00e9 d\u00e9velopp\u00e9. FLOW FOLDABLE JUNIOR LIGHTS est le meilleur Scooter pliable \u00e0 2 roues pour les enfants qui ont d\u00e9j\u00e0 abandonn\u00e9 leur premier Scooter \u00e0 3 roues et qui sont pr\u00eats pour une exp\u00e9rience de conduite plus avanc\u00e9e \u00e0 2 roues. Faites le v\u00e9lo suppl\u00e9mentaire et conduisez comme un petit Pro!<\/p>\n<p>Gr\u00e2ce au m\u00e9canisme de pliage int\u00e9gr\u00e9 de Globber, \u00e0 la conception robuste du pont, \u00e0 la structure de freinage robuste, au guidon r\u00e9glable et aux roues \u00e0 LED sans batterie, le scooter \u00e0 2 roues FLOW FOLDABLE JUNIOR LIGHTS offre des trajets s\u00fbrs, confortables et lumineux pour les enfants en pleine croissance!<\/p>\n","protected":false},"excerpt":{"rendered":"<p class=\"p1\"><strong>Scooter pliable \u00e0 2 roues pour enfants (\u00e0 partir de 3 ans)<\/strong><\/p>\n","protected":false},"featured_media":26005,"comment_status":"open","ping_status":"closed","template":"","meta":{"_acf_changed":false,"inline_featured_image":false},"product-special-badges":[],"product_brand":[],"product_cat":[4773,4782,4786,4790,4808,4816,4821,4832,4850,4853],"product_tag":[],"class_list":{"0":"post-21604","1":"product","2":"type-product","3":"status-publish","4":"has-post-thumbnail","6":"product_cat-serie-de-flux","7":"product_cat-trottinette-a-2-roues-pour-tous-les-ages","8":"product_cat-enfants-a-deux-roues","9":"product_cat-tous-les-produits","10":"product_cat-flow-serie-tous-adolescents-serie","11":"product_cat-serie-flow-serie-tout-adulte","12":"product_cat-scooter-pliable","13":"product_cat-scooter-leger","14":"product_cat-scooter-pour-adolescents","15":"product_cat-trottinette-pour-enfants","16":"pa_altersspanne-3-ans","17":"pa_bremsen-composition-du-frein-arriere-mecanique","18":"pa_color-blue-fr","19":"pa_color-menthe","20":"pa_color-rosa-fr","21":"pa_deckmaterial-cadre-en-aluminium-composite-en-fibre-pp-et-ruban-adhesif-sandgrip","22":"pa_einstellbar-oui","23":"pa_empfohlene-benutzerhoehe-95-130-cm","24":"pa_faltbar-yes-fr","25":"pa_groesse-der-raeder-pu-guss-mit-hoher-rueckfederung","26":"pa_grose-der-brucke-l-13cm-xl-42cm","27":"pa_hohen-der-t-stangen-72-5-77-5-82-5cm","28":"pa_maximales-benutzergewicht-50-kg","29":"pa_product-badges-illumine","30":"pa_product-badges-pliable","31":"pa_product-badges-reglable","32":"pa_product-badges-robuste","33":"pa_produktgewicht-netto-3-50-kg","34":"pa_produkttyp-scooter-de-ville","35":"pa_radgrose-121-mm-24-mm-de-large-a-larriere","36":"pa_radgrose-121-mm-24-mm-de-large-a-lavant","38":"first","39":"instock","40":"taxable","41":"shipping-taxable","42":"purchasable","43":"product-type-variable"},"acf":[],"yoast_head":"<!-- This site is optimized with the Yoast SEO Premium plugin v20.12 (Yoast SEO v23.4) - https:\/\/yoast.com\/wordpress\/plugins\/seo\/ -->\n<title>Trottinette Globber City | Flow pliable Junior | Menthe - Globber Scooter Schweiz<\/title>\n<meta name=\"robots\" content=\"index, follow, max-snippet:-1, max-image-preview:large, max-video-preview:-1\" \/>\n<link rel=\"canonical\" href=\"https:\/\/www.globber.com\/ch\/fr\/product\/trottinette-globber-city-flow-pliable-junior-menthe\/\" \/>\n<meta property=\"og:locale\" content=\"fr_FR\" \/>\n<meta property=\"og:type\" content=\"article\" \/>\n<meta property=\"og:title\" content=\"Trottinette Globber City | Flow pliable Junior | Menthe - Globber Scooter Schweiz\" \/>\n<meta property=\"og:description\" content=\"Scooter pliable \u00e0 2 roues pour enfants (\u00e0 partir de 3 ans)\" \/>\n<meta property=\"og:url\" content=\"https:\/\/www.globber.com\/ch\/fr\/product\/trottinette-globber-city-flow-pliable-junior-menthe\/\" \/>\n<meta property=\"og:site_name\" content=\"Globber Scooter Schweiz\" \/>\n<meta property=\"article:modified_time\" content=\"2026-03-06T07:26:20+00:00\" \/>\n<meta property=\"og:image\" content=\"https:\/\/cdn.globber.com\/content\/2023\/11\/870-206_two-wheel-scooter-for-kids.jpg\" \/>\n\t<meta property=\"og:image:width\" content=\"2048\" \/>\n\t<meta property=\"og:image:height\" content=\"2048\" \/>\n\t<meta property=\"og:image:type\" content=\"image\/jpeg\" \/>\n<meta name=\"twitter:card\" content=\"summary_large_image\" \/>\n<meta name=\"twitter:label1\" content=\"Availability\" \/>\n\t<meta name=\"twitter:data1\" content=\"In stock\" \/>\n<script type=\"application\/ld+json\" class=\"yoast-schema-graph\">{\"@context\":\"https:\/\/schema.org\",\"@graph\":[{\"@type\":[\"WebPage\",\"ItemPage\"],\"@id\":\"https:\/\/www.globber.com\/ch\/fr\/product\/trottinette-globber-city-flow-pliable-junior-menthe\/\",\"url\":\"https:\/\/www.globber.com\/ch\/fr\/product\/trottinette-globber-city-flow-pliable-junior-menthe\/\",\"name\":\"Trottinette Globber City | Flow pliable Junior | Menthe - Globber Scooter Schweiz\",\"isPartOf\":{\"@id\":\"https:\/\/www.globber.com\/ch\/fr\/#website\"},\"primaryImageOfPage\":{\"@id\":\"https:\/\/www.globber.com\/ch\/fr\/product\/trottinette-globber-city-flow-pliable-junior-menthe\/#primaryimage\"},\"image\":{\"@id\":\"https:\/\/www.globber.com\/ch\/fr\/product\/trottinette-globber-city-flow-pliable-junior-menthe\/#primaryimage\"},\"thumbnailUrl\":\"https:\/\/cdn.globber.com\/content\/2023\/11\/870-206_two-wheel-scooter-for-kids.jpg\",\"datePublished\":\"2023-11-28T09:12:59+00:00\",\"dateModified\":\"2026-03-06T07:26:20+00:00\",\"breadcrumb\":{\"@id\":\"https:\/\/www.globber.com\/ch\/fr\/product\/trottinette-globber-city-flow-pliable-junior-menthe\/#breadcrumb\"},\"inLanguage\":\"fr-CH\",\"potentialAction\":[{\"@type\":\"ReadAction\",\"target\":[\"https:\/\/www.globber.com\/ch\/fr\/product\/trottinette-globber-city-flow-pliable-junior-menthe\/\"]}]},{\"@type\":\"ImageObject\",\"inLanguage\":\"fr-CH\",\"@id\":\"https:\/\/www.globber.com\/ch\/fr\/product\/trottinette-globber-city-flow-pliable-junior-menthe\/#primaryimage\",\"url\":\"https:\/\/cdn.globber.com\/content\/2023\/11\/870-206_two-wheel-scooter-for-kids.jpg\",\"contentUrl\":\"https:\/\/cdn.globber.com\/content\/2023\/11\/870-206_two-wheel-scooter-for-kids.jpg\",\"width\":2048,\"height\":2048},{\"@type\":\"BreadcrumbList\",\"@id\":\"https:\/\/www.globber.com\/ch\/fr\/product\/trottinette-globber-city-flow-pliable-junior-menthe\/#breadcrumb\",\"itemListElement\":[{\"@type\":\"ListItem\",\"position\":1,\"name\":\"Shop\",\"item\":\"https:\/\/www.globber.com\/ch\/fr\/shop\/\"},{\"@type\":\"ListItem\",\"position\":2,\"name\":\"Trottinette Globber City | Flow pliable Junior | Menthe\"}]},{\"@type\":\"WebSite\",\"@id\":\"https:\/\/www.globber.com\/ch\/fr\/#website\",\"url\":\"https:\/\/www.globber.com\/ch\/fr\/\",\"name\":\"Globber Scooter Schweiz\",\"description\":\"Der offizielle Online Shop\",\"publisher\":{\"@id\":\"https:\/\/www.globber.com\/ch\/fr\/#organization\"},\"potentialAction\":[{\"@type\":\"SearchAction\",\"target\":{\"@type\":\"EntryPoint\",\"urlTemplate\":\"https:\/\/www.globber.com\/ch\/fr\/?s={search_term_string}\"},\"query-input\":{\"@type\":\"PropertyValueSpecification\",\"valueRequired\":true,\"valueName\":\"search_term_string\"}}],\"inLanguage\":\"fr-CH\"},{\"@type\":\"Organization\",\"@id\":\"https:\/\/www.globber.com\/ch\/fr\/#organization\",\"name\":\"Globber Scooter Schweiz\",\"url\":\"https:\/\/www.globber.com\/ch\/fr\/\",\"logo\":{\"@type\":\"ImageObject\",\"inLanguage\":\"fr-CH\",\"@id\":\"https:\/\/www.globber.com\/ch\/fr\/#\/schema\/logo\/image\/\",\"url\":\"https:\/\/cdn.globber.com\/content\/2024\/05\/logo.svg\",\"contentUrl\":\"https:\/\/cdn.globber.com\/content\/2024\/05\/logo.svg\",\"width\":601,\"height\":112,\"caption\":\"Globber Scooter Schweiz\"},\"image\":{\"@id\":\"https:\/\/www.globber.com\/ch\/fr\/#\/schema\/logo\/image\/\"}}]}<\/script>\n<meta property=\"og:availability\" content=\"instock\" \/>\n<meta property=\"product:availability\" content=\"instock\" \/>\n<meta property=\"product:retailer_item_id\" content=\"870-XXX\" \/>\n<meta property=\"product:condition\" content=\"new\" \/>\n<!-- \/ Yoast SEO Premium plugin. -->","yoast_head_json":{"title":"Trottinette Globber City | Flow pliable Junior | Menthe - Globber Scooter Schweiz","robots":{"index":"index","follow":"follow","max-snippet":"max-snippet:-1","max-image-preview":"max-image-preview:large","max-video-preview":"max-video-preview:-1"},"canonical":"https:\/\/www.globber.com\/ch\/fr\/product\/trottinette-globber-city-flow-pliable-junior-menthe\/","og_locale":"fr_FR","og_type":"article","og_title":"Trottinette Globber City | Flow pliable Junior | Menthe - Globber Scooter Schweiz","og_description":"Scooter pliable \u00e0 2 roues pour enfants (\u00e0 partir de 3 ans)","og_url":"https:\/\/www.globber.com\/ch\/fr\/product\/trottinette-globber-city-flow-pliable-junior-menthe\/","og_site_name":"Globber Scooter Schweiz","article_modified_time":"2026-03-06T07:26:20+00:00","og_image":[{"width":2048,"height":2048,"url":"https:\/\/cdn.globber.com\/content\/2023\/11\/870-206_two-wheel-scooter-for-kids.jpg","type":"image\/jpeg"}],"twitter_card":"summary_large_image","twitter_misc":{"Availability":"In stock"},"schema":{"@context":"https:\/\/schema.org","@graph":[{"@type":["WebPage","ItemPage"],"@id":"https:\/\/www.globber.com\/ch\/fr\/product\/trottinette-globber-city-flow-pliable-junior-menthe\/","url":"https:\/\/www.globber.com\/ch\/fr\/product\/trottinette-globber-city-flow-pliable-junior-menthe\/","name":"Trottinette Globber City | Flow pliable Junior | Menthe - Globber Scooter Schweiz","isPartOf":{"@id":"https:\/\/www.globber.com\/ch\/fr\/#website"},"primaryImageOfPage":{"@id":"https:\/\/www.globber.com\/ch\/fr\/product\/trottinette-globber-city-flow-pliable-junior-menthe\/#primaryimage"},"image":{"@id":"https:\/\/www.globber.com\/ch\/fr\/product\/trottinette-globber-city-flow-pliable-junior-menthe\/#primaryimage"},"thumbnailUrl":"https:\/\/cdn.globber.com\/content\/2023\/11\/870-206_two-wheel-scooter-for-kids.jpg","datePublished":"2023-11-28T09:12:59+00:00","dateModified":"2026-03-06T07:26:20+00:00","breadcrumb":{"@id":"https:\/\/www.globber.com\/ch\/fr\/product\/trottinette-globber-city-flow-pliable-junior-menthe\/#breadcrumb"},"inLanguage":"fr-CH","potentialAction":[{"@type":"ReadAction","target":["https:\/\/www.globber.com\/ch\/fr\/product\/trottinette-globber-city-flow-pliable-junior-menthe\/"]}]},{"@type":"ImageObject","inLanguage":"fr-CH","@id":"https:\/\/www.globber.com\/ch\/fr\/product\/trottinette-globber-city-flow-pliable-junior-menthe\/#primaryimage","url":"https:\/\/cdn.globber.com\/content\/2023\/11\/870-206_two-wheel-scooter-for-kids.jpg","contentUrl":"https:\/\/cdn.globber.com\/content\/2023\/11\/870-206_two-wheel-scooter-for-kids.jpg","width":2048,"height":2048},{"@type":"BreadcrumbList","@id":"https:\/\/www.globber.com\/ch\/fr\/product\/trottinette-globber-city-flow-pliable-junior-menthe\/#breadcrumb","itemListElement":[{"@type":"ListItem","position":1,"name":"Shop","item":"https:\/\/www.globber.com\/ch\/fr\/shop\/"},{"@type":"ListItem","position":2,"name":"Trottinette Globber City | Flow pliable Junior | Menthe"}]},{"@type":"WebSite","@id":"https:\/\/www.globber.com\/ch\/fr\/#website","url":"https:\/\/www.globber.com\/ch\/fr\/","name":"Globber Scooter Schweiz","description":"Der offizielle Online Shop","publisher":{"@id":"https:\/\/www.globber.com\/ch\/fr\/#organization"},"potentialAction":[{"@type":"SearchAction","target":{"@type":"EntryPoint","urlTemplate":"https:\/\/www.globber.com\/ch\/fr\/?s={search_term_string}"},"query-input":{"@type":"PropertyValueSpecification","valueRequired":true,"valueName":"search_term_string"}}],"inLanguage":"fr-CH"},{"@type":"Organization","@id":"https:\/\/www.globber.com\/ch\/fr\/#organization","name":"Globber Scooter Schweiz","url":"https:\/\/www.globber.com\/ch\/fr\/","logo":{"@type":"ImageObject","inLanguage":"fr-CH","@id":"https:\/\/www.globber.com\/ch\/fr\/#\/schema\/logo\/image\/","url":"https:\/\/cdn.globber.com\/content\/2024\/05\/logo.svg","contentUrl":"https:\/\/cdn.globber.com\/content\/2024\/05\/logo.svg","width":601,"height":112,"caption":"Globber Scooter Schweiz"},"image":{"@id":"https:\/\/www.globber.com\/ch\/fr\/#\/schema\/logo\/image\/"}}]},"og_availability":"instock","product_availability":"instock","product_retailer_item_id":"870-XXX","product_condition":"new"},"_links":{"self":[{"href":"https:\/\/www.globber.com\/ch\/fr\/wp-json\/wp\/v2\/product\/21604","targetHints":{"allow":["GET"]}}],"collection":[{"href":"https:\/\/www.globber.com\/ch\/fr\/wp-json\/wp\/v2\/product"}],"about":[{"href":"https:\/\/www.globber.com\/ch\/fr\/wp-json\/wp\/v2\/types\/product"}],"replies":[{"embeddable":true,"href":"https:\/\/www.globber.com\/ch\/fr\/wp-json\/wp\/v2\/comments?post=21604"}],"wp:featuredmedia":[{"embeddable":true,"href":"https:\/\/www.globber.com\/ch\/fr\/wp-json\/wp\/v2\/media\/26005"}],"wp:attachment":[{"href":"https:\/\/www.globber.com\/ch\/fr\/wp-json\/wp\/v2\/media?parent=21604"}],"wp:term":[{"taxonomy":"product-special-badges","embeddable":true,"href":"https:\/\/www.globber.com\/ch\/fr\/wp-json\/wp\/v2\/product-special-badges?post=21604"},{"taxonomy":"product_brand","embeddable":true,"href":"https:\/\/www.globber.com\/ch\/fr\/wp-json\/wp\/v2\/product_brand?post=21604"},{"taxonomy":"product_cat","embeddable":true,"href":"https:\/\/www.globber.com\/ch\/fr\/wp-json\/wp\/v2\/product_cat?post=21604"},{"taxonomy":"product_tag","embeddable":true,"href":"https:\/\/www.globber.com\/ch\/fr\/wp-json\/wp\/v2\/product_tag?post=21604"}],"curies":[{"name":"wp","href":"https:\/\/api.w.org\/{rel}","templated":true}]}}