{"id":21605,"date":"2023-11-29T09:13:25","date_gmt":"2023-11-29T08:13:25","guid":{"rendered":"https:\/\/www.globber.com\/ch\/product\/urban-xs-s\/"},"modified":"2025-12-12T04:25:11","modified_gmt":"2025-12-12T03:25:11","slug":"urban-xs-s","status":"publish","type":"product","link":"https:\/\/www.globber.com\/ch\/fr\/product\/urban-xs-s\/","title":{"rendered":"Urban | XS-S"},"content":{"rendered":"<p>Vous cherchez un joli casque s\u00fbr pour votre enfant? Alors les casques MASTER sont faits pour vous! En plus d'\u00eatre con\u00e7us pour prot\u00e9ger vos enfants Lorsqu'ils conduisent, ils sont disponibles dans des couleurs pastel qui cr\u00e9ent un Look particuli\u00e8rement mignon et consciencieux. Disponible en XS \/ S (47-51cm), vous trouverez l'ajustement parfait pour que votre enfant soit en s\u00e9curit\u00e9 - et \u00e9l\u00e9gant - lors d'aventures!<\/p>\n<p>Les casques MASTER pour enfants sont \u00e9quip\u00e9s d'une coque ext\u00e9rieure robuste absorbant les chocs, de feux arri\u00e8re \u00e0 LED, de coussinets de Menton et de t\u00eate int\u00e9rieure avec \u00e9vents, de sangles r\u00e9glables et d'un module de r\u00e9glage de la taille \u00e0 l'arri\u00e8re-pour une conduite s\u00fbre, fra\u00eeche et confortable!<\/p>\n","protected":false},"excerpt":{"rendered":"<p>Casque cool pour enfants (XS\/S)<\/p>\n","protected":false},"featured_media":24039,"comment_status":"open","ping_status":"closed","template":"","meta":{"_acf_changed":false,"inline_featured_image":false},"product-special-badges":[],"product_brand":[],"product_cat":[4826],"product_tag":[],"class_list":{"0":"post-21605","1":"product","2":"type-product","3":"status-publish","4":"has-post-thumbnail","6":"product_cat-agent-protecteur","7":"pa_color-bleu-clair","8":"pa_color-menthe","9":"pa_color-rosa-fr","10":"pa_product-badges-confortable","11":"pa_product-badges-dirige","12":"pa_product-badges-elegant","13":"pa_product-badges-reglable","14":"pa_product-badges-securise","15":"pa_produktkategorien-equipement-de-protection-casques-genouilleres-et-coudieres","17":"first","18":"instock","19":"taxable","20":"shipping-taxable","21":"purchasable","22":"product-type-variable"},"acf":[],"yoast_head":"<!-- This site is optimized with the Yoast SEO Premium plugin v20.12 (Yoast SEO v23.4) - https:\/\/yoast.com\/wordpress\/plugins\/seo\/ -->\n<title>Urban | XS-S - Globber Scooter Schweiz<\/title>\n<meta name=\"robots\" content=\"index, follow, max-snippet:-1, max-image-preview:large, max-video-preview:-1\" \/>\n<link rel=\"canonical\" href=\"https:\/\/www.globber.com\/ch\/de\/product\/master-helmet-47-51cm\/\" \/>\n<meta property=\"og:locale\" content=\"fr_FR\" \/>\n<meta property=\"og:type\" content=\"article\" \/>\n<meta property=\"og:title\" content=\"Urban | XS-S - Globber Scooter Schweiz\" \/>\n<meta property=\"og:description\" content=\"Casque cool pour enfants (XS\/S)\" \/>\n<meta property=\"og:url\" content=\"https:\/\/www.globber.com\/ch\/de\/product\/master-helmet-47-51cm\/\" \/>\n<meta property=\"og:site_name\" content=\"Globber Scooter Schweiz\" \/>\n<meta property=\"article:modified_time\" content=\"2025-12-12T03:25:11+00:00\" \/>\n<meta property=\"og:image\" content=\"https:\/\/cdn.globber.com\/content\/2023\/11\/600-201_kid-scooter-helmets-with-adjustable-knob.jpg\" \/>\n\t<meta property=\"og:image:width\" content=\"2048\" \/>\n\t<meta property=\"og:image:height\" content=\"2048\" \/>\n\t<meta property=\"og:image:type\" content=\"image\/jpeg\" \/>\n<meta name=\"twitter:card\" content=\"summary_large_image\" \/>\n<meta name=\"twitter:label1\" content=\"Availability\" \/>\n\t<meta name=\"twitter:data1\" content=\"In stock\" \/>\n<script type=\"application\/ld+json\" class=\"yoast-schema-graph\">{\"@context\":\"https:\/\/schema.org\",\"@graph\":[{\"@type\":[\"WebPage\",\"ItemPage\"],\"@id\":\"https:\/\/www.globber.com\/ch\/de\/product\/master-helmet-47-51cm\/\",\"url\":\"https:\/\/www.globber.com\/ch\/de\/product\/master-helmet-47-51cm\/\",\"name\":\"Urban | XS-S - Globber Scooter Schweiz\",\"isPartOf\":{\"@id\":\"https:\/\/www.globber.com\/ch\/fr\/#website\"},\"primaryImageOfPage\":{\"@id\":\"https:\/\/www.globber.com\/ch\/de\/product\/master-helmet-47-51cm\/#primaryimage\"},\"image\":{\"@id\":\"https:\/\/www.globber.com\/ch\/de\/product\/master-helmet-47-51cm\/#primaryimage\"},\"thumbnailUrl\":\"https:\/\/cdn.globber.com\/content\/2023\/11\/600-201_kid-scooter-helmets-with-adjustable-knob.jpg\",\"datePublished\":\"2023-11-29T08:13:25+00:00\",\"dateModified\":\"2025-12-12T03:25:11+00:00\",\"breadcrumb\":{\"@id\":\"https:\/\/www.globber.com\/ch\/de\/product\/master-helmet-47-51cm\/#breadcrumb\"},\"inLanguage\":\"fr-CH\",\"potentialAction\":[{\"@type\":\"ReadAction\",\"target\":[\"https:\/\/www.globber.com\/ch\/de\/product\/master-helmet-47-51cm\/\"]}]},{\"@type\":\"ImageObject\",\"inLanguage\":\"fr-CH\",\"@id\":\"https:\/\/www.globber.com\/ch\/de\/product\/master-helmet-47-51cm\/#primaryimage\",\"url\":\"https:\/\/cdn.globber.com\/content\/2023\/11\/600-201_kid-scooter-helmets-with-adjustable-knob.jpg\",\"contentUrl\":\"https:\/\/cdn.globber.com\/content\/2023\/11\/600-201_kid-scooter-helmets-with-adjustable-knob.jpg\",\"width\":2048,\"height\":2048},{\"@type\":\"BreadcrumbList\",\"@id\":\"https:\/\/www.globber.com\/ch\/de\/product\/master-helmet-47-51cm\/#breadcrumb\",\"itemListElement\":[{\"@type\":\"ListItem\",\"position\":1,\"name\":\"Shop\",\"item\":\"https:\/\/www.globber.com\/ch\/fr\/shop\/\"},{\"@type\":\"ListItem\",\"position\":2,\"name\":\"Urban | XS-S\"}]},{\"@type\":\"WebSite\",\"@id\":\"https:\/\/www.globber.com\/ch\/fr\/#website\",\"url\":\"https:\/\/www.globber.com\/ch\/fr\/\",\"name\":\"Globber Scooter Schweiz\",\"description\":\"Der offizielle Online Shop\",\"publisher\":{\"@id\":\"https:\/\/www.globber.com\/ch\/fr\/#organization\"},\"potentialAction\":[{\"@type\":\"SearchAction\",\"target\":{\"@type\":\"EntryPoint\",\"urlTemplate\":\"https:\/\/www.globber.com\/ch\/fr\/?s={search_term_string}\"},\"query-input\":{\"@type\":\"PropertyValueSpecification\",\"valueRequired\":true,\"valueName\":\"search_term_string\"}}],\"inLanguage\":\"fr-CH\"},{\"@type\":\"Organization\",\"@id\":\"https:\/\/www.globber.com\/ch\/fr\/#organization\",\"name\":\"Globber Scooter Schweiz\",\"url\":\"https:\/\/www.globber.com\/ch\/fr\/\",\"logo\":{\"@type\":\"ImageObject\",\"inLanguage\":\"fr-CH\",\"@id\":\"https:\/\/www.globber.com\/ch\/fr\/#\/schema\/logo\/image\/\",\"url\":\"https:\/\/cdn.globber.com\/content\/2024\/05\/logo.svg\",\"contentUrl\":\"https:\/\/cdn.globber.com\/content\/2024\/05\/logo.svg\",\"width\":601,\"height\":112,\"caption\":\"Globber Scooter Schweiz\"},\"image\":{\"@id\":\"https:\/\/www.globber.com\/ch\/fr\/#\/schema\/logo\/image\/\"}}]}<\/script>\n<meta property=\"og:availability\" content=\"instock\" \/>\n<meta property=\"product:availability\" content=\"instock\" \/>\n<meta property=\"product:retailer_item_id\" content=\"600-XXX\" \/>\n<meta property=\"product:condition\" content=\"new\" \/>\n<!-- \/ Yoast SEO Premium plugin. -->","yoast_head_json":{"title":"Urban | XS-S - Globber Scooter Schweiz","robots":{"index":"index","follow":"follow","max-snippet":"max-snippet:-1","max-image-preview":"max-image-preview:large","max-video-preview":"max-video-preview:-1"},"canonical":"https:\/\/www.globber.com\/ch\/de\/product\/master-helmet-47-51cm\/","og_locale":"fr_FR","og_type":"article","og_title":"Urban | XS-S - Globber Scooter Schweiz","og_description":"Casque cool pour enfants (XS\/S)","og_url":"https:\/\/www.globber.com\/ch\/de\/product\/master-helmet-47-51cm\/","og_site_name":"Globber Scooter Schweiz","article_modified_time":"2025-12-12T03:25:11+00:00","og_image":[{"width":2048,"height":2048,"url":"https:\/\/cdn.globber.com\/content\/2023\/11\/600-201_kid-scooter-helmets-with-adjustable-knob.jpg","type":"image\/jpeg"}],"twitter_card":"summary_large_image","twitter_misc":{"Availability":"In stock"},"schema":{"@context":"https:\/\/schema.org","@graph":[{"@type":["WebPage","ItemPage"],"@id":"https:\/\/www.globber.com\/ch\/de\/product\/master-helmet-47-51cm\/","url":"https:\/\/www.globber.com\/ch\/de\/product\/master-helmet-47-51cm\/","name":"Urban | XS-S - Globber Scooter Schweiz","isPartOf":{"@id":"https:\/\/www.globber.com\/ch\/fr\/#website"},"primaryImageOfPage":{"@id":"https:\/\/www.globber.com\/ch\/de\/product\/master-helmet-47-51cm\/#primaryimage"},"image":{"@id":"https:\/\/www.globber.com\/ch\/de\/product\/master-helmet-47-51cm\/#primaryimage"},"thumbnailUrl":"https:\/\/cdn.globber.com\/content\/2023\/11\/600-201_kid-scooter-helmets-with-adjustable-knob.jpg","datePublished":"2023-11-29T08:13:25+00:00","dateModified":"2025-12-12T03:25:11+00:00","breadcrumb":{"@id":"https:\/\/www.globber.com\/ch\/de\/product\/master-helmet-47-51cm\/#breadcrumb"},"inLanguage":"fr-CH","potentialAction":[{"@type":"ReadAction","target":["https:\/\/www.globber.com\/ch\/de\/product\/master-helmet-47-51cm\/"]}]},{"@type":"ImageObject","inLanguage":"fr-CH","@id":"https:\/\/www.globber.com\/ch\/de\/product\/master-helmet-47-51cm\/#primaryimage","url":"https:\/\/cdn.globber.com\/content\/2023\/11\/600-201_kid-scooter-helmets-with-adjustable-knob.jpg","contentUrl":"https:\/\/cdn.globber.com\/content\/2023\/11\/600-201_kid-scooter-helmets-with-adjustable-knob.jpg","width":2048,"height":2048},{"@type":"BreadcrumbList","@id":"https:\/\/www.globber.com\/ch\/de\/product\/master-helmet-47-51cm\/#breadcrumb","itemListElement":[{"@type":"ListItem","position":1,"name":"Shop","item":"https:\/\/www.globber.com\/ch\/fr\/shop\/"},{"@type":"ListItem","position":2,"name":"Urban | XS-S"}]},{"@type":"WebSite","@id":"https:\/\/www.globber.com\/ch\/fr\/#website","url":"https:\/\/www.globber.com\/ch\/fr\/","name":"Globber Scooter Schweiz","description":"Der offizielle Online Shop","publisher":{"@id":"https:\/\/www.globber.com\/ch\/fr\/#organization"},"potentialAction":[{"@type":"SearchAction","target":{"@type":"EntryPoint","urlTemplate":"https:\/\/www.globber.com\/ch\/fr\/?s={search_term_string}"},"query-input":{"@type":"PropertyValueSpecification","valueRequired":true,"valueName":"search_term_string"}}],"inLanguage":"fr-CH"},{"@type":"Organization","@id":"https:\/\/www.globber.com\/ch\/fr\/#organization","name":"Globber Scooter Schweiz","url":"https:\/\/www.globber.com\/ch\/fr\/","logo":{"@type":"ImageObject","inLanguage":"fr-CH","@id":"https:\/\/www.globber.com\/ch\/fr\/#\/schema\/logo\/image\/","url":"https:\/\/cdn.globber.com\/content\/2024\/05\/logo.svg","contentUrl":"https:\/\/cdn.globber.com\/content\/2024\/05\/logo.svg","width":601,"height":112,"caption":"Globber Scooter Schweiz"},"image":{"@id":"https:\/\/www.globber.com\/ch\/fr\/#\/schema\/logo\/image\/"}}]},"og_availability":"instock","product_availability":"instock","product_retailer_item_id":"600-XXX","product_condition":"new"},"_links":{"self":[{"href":"https:\/\/www.globber.com\/ch\/fr\/wp-json\/wp\/v2\/product\/21605","targetHints":{"allow":["GET"]}}],"collection":[{"href":"https:\/\/www.globber.com\/ch\/fr\/wp-json\/wp\/v2\/product"}],"about":[{"href":"https:\/\/www.globber.com\/ch\/fr\/wp-json\/wp\/v2\/types\/product"}],"replies":[{"embeddable":true,"href":"https:\/\/www.globber.com\/ch\/fr\/wp-json\/wp\/v2\/comments?post=21605"}],"wp:featuredmedia":[{"embeddable":true,"href":"https:\/\/www.globber.com\/ch\/fr\/wp-json\/wp\/v2\/media\/24039"}],"wp:attachment":[{"href":"https:\/\/www.globber.com\/ch\/fr\/wp-json\/wp\/v2\/media?parent=21605"}],"wp:term":[{"taxonomy":"product-special-badges","embeddable":true,"href":"https:\/\/www.globber.com\/ch\/fr\/wp-json\/wp\/v2\/product-special-badges?post=21605"},{"taxonomy":"product_brand","embeddable":true,"href":"https:\/\/www.globber.com\/ch\/fr\/wp-json\/wp\/v2\/product_brand?post=21605"},{"taxonomy":"product_cat","embeddable":true,"href":"https:\/\/www.globber.com\/ch\/fr\/wp-json\/wp\/v2\/product_cat?post=21605"},{"taxonomy":"product_tag","embeddable":true,"href":"https:\/\/www.globber.com\/ch\/fr\/wp-json\/wp\/v2\/product_tag?post=21605"}],"curies":[{"name":"wp","href":"https:\/\/api.w.org\/{rel}","templated":true}]}}