{"id":21606,"date":"2023-11-29T09:41:38","date_gmt":"2023-11-29T08:41:38","guid":{"rendered":"https:\/\/www.globber.com\/ch\/product\/urban-s-m\/"},"modified":"2025-12-12T04:25:28","modified_gmt":"2025-12-12T03:25:28","slug":"urban-s-m","status":"publish","type":"product","link":"https:\/\/www.globber.com\/ch\/fr\/product\/urban-s-m\/","title":{"rendered":"Urban \/ S-M"},"content":{"rendered":"<p>Associez votre balade \u00e0 un casque tendance et robuste pour un Look extra cool et consciencieux! Les casques ULTIMUM sont disponibles dans une gamme de couleurs vives pour correspondre \u00e0 l'humeur de votre enfant tout en offrant la protection dont il a besoin! Avec des tailles petites et moyennes (51-55 cm), vous trouverez l'ajustement parfait pour vos enfants et vous assurerez qu'ils sont en s\u00e9curit\u00e9 (et \u00e9l\u00e9gants!) sont.<\/p>\n<p>Les casques ULTIMUM sont \u00e9quip\u00e9s d'une coque ext\u00e9rieure robuste absorbant les chocs, de feux arri\u00e8re \u00e0 LED, de coussinets de Menton et de t\u00eate int\u00e9rieure avec \u00e9vents, de sangles r\u00e9glables et d'un module de r\u00e9glage de la taille \u00e0 l'arri\u00e8re-pour une conduite s\u00fbre, fra\u00eeche et confortable!<\/p>\n","protected":false},"excerpt":{"rendered":"<p>Casque de Scooter pour enfants (S \/ M)<\/p>\n","protected":false},"featured_media":24056,"comment_status":"open","ping_status":"closed","template":"","meta":{"_acf_changed":false,"inline_featured_image":false},"product-special-badges":[],"product_brand":[],"product_cat":[4826],"product_tag":[],"class_list":{"0":"post-21606","1":"product","2":"type-product","3":"status-publish","4":"has-post-thumbnail","6":"product_cat-agent-protecteur","7":"pa_color-bleu-fonce","8":"pa_color-rose","9":"pa_product-badges-confortable","10":"pa_product-badges-dirige","11":"pa_product-badges-elegant","12":"pa_product-badges-reglable","13":"pa_product-badges-securise","14":"pa_produktkategorien-equipement-de-protection-casques-genouilleres-et-coudieres","16":"first","17":"instock","18":"taxable","19":"shipping-taxable","20":"purchasable","21":"product-type-variable"},"acf":[],"yoast_head":"<!-- This site is optimized with the Yoast SEO Premium plugin v20.12 (Yoast SEO v23.4) - https:\/\/yoast.com\/wordpress\/plugins\/seo\/ -->\n<title>Urban \/ S-M - Globber Scooter Schweiz<\/title>\n<meta name=\"robots\" content=\"index, follow, max-snippet:-1, max-image-preview:large, max-video-preview:-1\" \/>\n<link rel=\"canonical\" href=\"https:\/\/www.globber.com\/ch\/de\/product\/ultimum-helmet-51-55cm\/\" \/>\n<meta property=\"og:locale\" content=\"fr_FR\" \/>\n<meta property=\"og:type\" content=\"article\" \/>\n<meta property=\"og:title\" content=\"Urban \/ S-M - Globber Scooter Schweiz\" \/>\n<meta property=\"og:description\" content=\"Casque de Scooter pour enfants (S \/ M)\" \/>\n<meta property=\"og:url\" content=\"https:\/\/www.globber.com\/ch\/de\/product\/ultimum-helmet-51-55cm\/\" \/>\n<meta property=\"og:site_name\" content=\"Globber Scooter Schweiz\" \/>\n<meta property=\"article:modified_time\" content=\"2025-12-12T03:25:28+00:00\" \/>\n<meta property=\"og:image\" content=\"https:\/\/cdn.globber.com\/content\/2023\/11\/601-110_kid-scooter-helmets-with-adjustable-knob.jpg\" \/>\n\t<meta property=\"og:image:width\" content=\"2048\" \/>\n\t<meta property=\"og:image:height\" content=\"2048\" \/>\n\t<meta property=\"og:image:type\" content=\"image\/jpeg\" \/>\n<meta name=\"twitter:card\" content=\"summary_large_image\" \/>\n<meta name=\"twitter:label1\" content=\"Availability\" \/>\n\t<meta name=\"twitter:data1\" content=\"In stock\" \/>\n<script type=\"application\/ld+json\" class=\"yoast-schema-graph\">{\"@context\":\"https:\/\/schema.org\",\"@graph\":[{\"@type\":[\"WebPage\",\"ItemPage\"],\"@id\":\"https:\/\/www.globber.com\/ch\/de\/product\/ultimum-helmet-51-55cm\/\",\"url\":\"https:\/\/www.globber.com\/ch\/de\/product\/ultimum-helmet-51-55cm\/\",\"name\":\"Urban \/ S-M - Globber Scooter Schweiz\",\"isPartOf\":{\"@id\":\"https:\/\/www.globber.com\/ch\/fr\/#website\"},\"primaryImageOfPage\":{\"@id\":\"https:\/\/www.globber.com\/ch\/de\/product\/ultimum-helmet-51-55cm\/#primaryimage\"},\"image\":{\"@id\":\"https:\/\/www.globber.com\/ch\/de\/product\/ultimum-helmet-51-55cm\/#primaryimage\"},\"thumbnailUrl\":\"https:\/\/cdn.globber.com\/content\/2023\/11\/601-110_kid-scooter-helmets-with-adjustable-knob.jpg\",\"datePublished\":\"2023-11-29T08:41:38+00:00\",\"dateModified\":\"2025-12-12T03:25:28+00:00\",\"breadcrumb\":{\"@id\":\"https:\/\/www.globber.com\/ch\/de\/product\/ultimum-helmet-51-55cm\/#breadcrumb\"},\"inLanguage\":\"fr-CH\",\"potentialAction\":[{\"@type\":\"ReadAction\",\"target\":[\"https:\/\/www.globber.com\/ch\/de\/product\/ultimum-helmet-51-55cm\/\"]}]},{\"@type\":\"ImageObject\",\"inLanguage\":\"fr-CH\",\"@id\":\"https:\/\/www.globber.com\/ch\/de\/product\/ultimum-helmet-51-55cm\/#primaryimage\",\"url\":\"https:\/\/cdn.globber.com\/content\/2023\/11\/601-110_kid-scooter-helmets-with-adjustable-knob.jpg\",\"contentUrl\":\"https:\/\/cdn.globber.com\/content\/2023\/11\/601-110_kid-scooter-helmets-with-adjustable-knob.jpg\",\"width\":2048,\"height\":2048},{\"@type\":\"BreadcrumbList\",\"@id\":\"https:\/\/www.globber.com\/ch\/de\/product\/ultimum-helmet-51-55cm\/#breadcrumb\",\"itemListElement\":[{\"@type\":\"ListItem\",\"position\":1,\"name\":\"Shop\",\"item\":\"https:\/\/www.globber.com\/ch\/fr\/shop\/\"},{\"@type\":\"ListItem\",\"position\":2,\"name\":\"Urban \/ S-M\"}]},{\"@type\":\"WebSite\",\"@id\":\"https:\/\/www.globber.com\/ch\/fr\/#website\",\"url\":\"https:\/\/www.globber.com\/ch\/fr\/\",\"name\":\"Globber Scooter Schweiz\",\"description\":\"Der offizielle Online Shop\",\"publisher\":{\"@id\":\"https:\/\/www.globber.com\/ch\/fr\/#organization\"},\"potentialAction\":[{\"@type\":\"SearchAction\",\"target\":{\"@type\":\"EntryPoint\",\"urlTemplate\":\"https:\/\/www.globber.com\/ch\/fr\/?s={search_term_string}\"},\"query-input\":{\"@type\":\"PropertyValueSpecification\",\"valueRequired\":true,\"valueName\":\"search_term_string\"}}],\"inLanguage\":\"fr-CH\"},{\"@type\":\"Organization\",\"@id\":\"https:\/\/www.globber.com\/ch\/fr\/#organization\",\"name\":\"Globber Scooter Schweiz\",\"url\":\"https:\/\/www.globber.com\/ch\/fr\/\",\"logo\":{\"@type\":\"ImageObject\",\"inLanguage\":\"fr-CH\",\"@id\":\"https:\/\/www.globber.com\/ch\/fr\/#\/schema\/logo\/image\/\",\"url\":\"https:\/\/cdn.globber.com\/content\/2024\/05\/logo.svg\",\"contentUrl\":\"https:\/\/cdn.globber.com\/content\/2024\/05\/logo.svg\",\"width\":601,\"height\":112,\"caption\":\"Globber Scooter Schweiz\"},\"image\":{\"@id\":\"https:\/\/www.globber.com\/ch\/fr\/#\/schema\/logo\/image\/\"}}]}<\/script>\n<meta property=\"og:availability\" content=\"instock\" \/>\n<meta property=\"product:availability\" content=\"instock\" \/>\n<meta property=\"product:retailer_item_id\" content=\"601-XXX\" \/>\n<meta property=\"product:condition\" content=\"new\" \/>\n<!-- \/ Yoast SEO Premium plugin. -->","yoast_head_json":{"title":"Urban \/ S-M - Globber Scooter Schweiz","robots":{"index":"index","follow":"follow","max-snippet":"max-snippet:-1","max-image-preview":"max-image-preview:large","max-video-preview":"max-video-preview:-1"},"canonical":"https:\/\/www.globber.com\/ch\/de\/product\/ultimum-helmet-51-55cm\/","og_locale":"fr_FR","og_type":"article","og_title":"Urban \/ S-M - Globber Scooter Schweiz","og_description":"Casque de Scooter pour enfants (S \/ M)","og_url":"https:\/\/www.globber.com\/ch\/de\/product\/ultimum-helmet-51-55cm\/","og_site_name":"Globber Scooter Schweiz","article_modified_time":"2025-12-12T03:25:28+00:00","og_image":[{"width":2048,"height":2048,"url":"https:\/\/cdn.globber.com\/content\/2023\/11\/601-110_kid-scooter-helmets-with-adjustable-knob.jpg","type":"image\/jpeg"}],"twitter_card":"summary_large_image","twitter_misc":{"Availability":"In stock"},"schema":{"@context":"https:\/\/schema.org","@graph":[{"@type":["WebPage","ItemPage"],"@id":"https:\/\/www.globber.com\/ch\/de\/product\/ultimum-helmet-51-55cm\/","url":"https:\/\/www.globber.com\/ch\/de\/product\/ultimum-helmet-51-55cm\/","name":"Urban \/ S-M - Globber Scooter Schweiz","isPartOf":{"@id":"https:\/\/www.globber.com\/ch\/fr\/#website"},"primaryImageOfPage":{"@id":"https:\/\/www.globber.com\/ch\/de\/product\/ultimum-helmet-51-55cm\/#primaryimage"},"image":{"@id":"https:\/\/www.globber.com\/ch\/de\/product\/ultimum-helmet-51-55cm\/#primaryimage"},"thumbnailUrl":"https:\/\/cdn.globber.com\/content\/2023\/11\/601-110_kid-scooter-helmets-with-adjustable-knob.jpg","datePublished":"2023-11-29T08:41:38+00:00","dateModified":"2025-12-12T03:25:28+00:00","breadcrumb":{"@id":"https:\/\/www.globber.com\/ch\/de\/product\/ultimum-helmet-51-55cm\/#breadcrumb"},"inLanguage":"fr-CH","potentialAction":[{"@type":"ReadAction","target":["https:\/\/www.globber.com\/ch\/de\/product\/ultimum-helmet-51-55cm\/"]}]},{"@type":"ImageObject","inLanguage":"fr-CH","@id":"https:\/\/www.globber.com\/ch\/de\/product\/ultimum-helmet-51-55cm\/#primaryimage","url":"https:\/\/cdn.globber.com\/content\/2023\/11\/601-110_kid-scooter-helmets-with-adjustable-knob.jpg","contentUrl":"https:\/\/cdn.globber.com\/content\/2023\/11\/601-110_kid-scooter-helmets-with-adjustable-knob.jpg","width":2048,"height":2048},{"@type":"BreadcrumbList","@id":"https:\/\/www.globber.com\/ch\/de\/product\/ultimum-helmet-51-55cm\/#breadcrumb","itemListElement":[{"@type":"ListItem","position":1,"name":"Shop","item":"https:\/\/www.globber.com\/ch\/fr\/shop\/"},{"@type":"ListItem","position":2,"name":"Urban \/ S-M"}]},{"@type":"WebSite","@id":"https:\/\/www.globber.com\/ch\/fr\/#website","url":"https:\/\/www.globber.com\/ch\/fr\/","name":"Globber Scooter Schweiz","description":"Der offizielle Online Shop","publisher":{"@id":"https:\/\/www.globber.com\/ch\/fr\/#organization"},"potentialAction":[{"@type":"SearchAction","target":{"@type":"EntryPoint","urlTemplate":"https:\/\/www.globber.com\/ch\/fr\/?s={search_term_string}"},"query-input":{"@type":"PropertyValueSpecification","valueRequired":true,"valueName":"search_term_string"}}],"inLanguage":"fr-CH"},{"@type":"Organization","@id":"https:\/\/www.globber.com\/ch\/fr\/#organization","name":"Globber Scooter Schweiz","url":"https:\/\/www.globber.com\/ch\/fr\/","logo":{"@type":"ImageObject","inLanguage":"fr-CH","@id":"https:\/\/www.globber.com\/ch\/fr\/#\/schema\/logo\/image\/","url":"https:\/\/cdn.globber.com\/content\/2024\/05\/logo.svg","contentUrl":"https:\/\/cdn.globber.com\/content\/2024\/05\/logo.svg","width":601,"height":112,"caption":"Globber Scooter Schweiz"},"image":{"@id":"https:\/\/www.globber.com\/ch\/fr\/#\/schema\/logo\/image\/"}}]},"og_availability":"instock","product_availability":"instock","product_retailer_item_id":"601-XXX","product_condition":"new"},"_links":{"self":[{"href":"https:\/\/www.globber.com\/ch\/fr\/wp-json\/wp\/v2\/product\/21606","targetHints":{"allow":["GET"]}}],"collection":[{"href":"https:\/\/www.globber.com\/ch\/fr\/wp-json\/wp\/v2\/product"}],"about":[{"href":"https:\/\/www.globber.com\/ch\/fr\/wp-json\/wp\/v2\/types\/product"}],"replies":[{"embeddable":true,"href":"https:\/\/www.globber.com\/ch\/fr\/wp-json\/wp\/v2\/comments?post=21606"}],"wp:featuredmedia":[{"embeddable":true,"href":"https:\/\/www.globber.com\/ch\/fr\/wp-json\/wp\/v2\/media\/24056"}],"wp:attachment":[{"href":"https:\/\/www.globber.com\/ch\/fr\/wp-json\/wp\/v2\/media?parent=21606"}],"wp:term":[{"taxonomy":"product-special-badges","embeddable":true,"href":"https:\/\/www.globber.com\/ch\/fr\/wp-json\/wp\/v2\/product-special-badges?post=21606"},{"taxonomy":"product_brand","embeddable":true,"href":"https:\/\/www.globber.com\/ch\/fr\/wp-json\/wp\/v2\/product_brand?post=21606"},{"taxonomy":"product_cat","embeddable":true,"href":"https:\/\/www.globber.com\/ch\/fr\/wp-json\/wp\/v2\/product_cat?post=21606"},{"taxonomy":"product_tag","embeddable":true,"href":"https:\/\/www.globber.com\/ch\/fr\/wp-json\/wp\/v2\/product_tag?post=21606"}],"curies":[{"name":"wp","href":"https:\/\/api.w.org\/{rel}","templated":true}]}}