{"id":21607,"date":"2023-11-29T10:12:45","date_gmt":"2023-11-29T09:12:45","guid":{"rendered":"https:\/\/www.globber.com\/ch\/product\/go-up-active-ecologic\/"},"modified":"2025-12-12T04:27:06","modified_gmt":"2025-12-12T03:27:06","slug":"go-up-active-ecologic","status":"publish","type":"product","link":"https:\/\/www.globber.com\/ch\/fr\/product\/go-up-active-ecologic\/","title":{"rendered":"GO UP Active Ecologic"},"content":{"rendered":"<p data-start=\"0\" data-end=\"287\">Un monde plus vert sur roues\u00a0: la GO\u2022UP ACTIVE ECOLOGIC aide les familles du monde entier \u00e0 adopter des valeurs durables et \u00e0 faire des choix \u00e9cologiques. Elle est fabriqu\u00e9e \u00e0 100\u00a0% en plastique recycl\u00e9 certifi\u00e9 GRS et en paille de bl\u00e9 biod\u00e9gradable*.<\/p>\n<p data-start=\"289\" data-end=\"527\">Cette trottinette \u00e9cologique \u00e0 3 roues avec si\u00e8ge pour tout-petits et enfants est convertible en trois modes selon leur \u00e2ge et leur stade de d\u00e9veloppement\u00a0:<\/p>\n<ul>\n<li data-start=\"289\" data-end=\"527\">Porteur (15\u201336 mois)<\/li>\n<li data-start=\"289\" data-end=\"527\">Draisienne (15\u201336 mois)<\/li>\n<li data-start=\"289\" data-end=\"527\">Trottinette pour enfants (3\u20139 ans et plus)<\/li>\n<\/ul>\n<p data-start=\"529\" data-end=\"728\">La GO\u2022UP ACTIVE ECOLOGIC offre la m\u00eame stabilit\u00e9 et la m\u00eame qualit\u00e9 que l'embl\u00e9matique mod\u00e8le original, mais utilise des mat\u00e9riaux plus durables pour une empreinte \u00e9cologique r\u00e9duite.<\/p>\n<p data-start=\"730\" data-end=\"940\">Profitez d'apr\u00e8s-midis de jeu \u00e9co-responsables avec un fid\u00e8le compagnon pour les ann\u00e9es \u00e0 venir\u00a0: glisse, v\u00e9lo ou trottinette\u00a0! Adoptez le plastique GRS et la paille de bl\u00e9 biod\u00e9gradable\u00a0!<\/p>\n<p data-start=\"947\" data-end=\"1092\">La GO\u2022UP ACTIVE ECOLOGIC est compos\u00e9e \u00e0 100\u00a0% de plastique certifi\u00e9 GRS et de paille de bl\u00e9 biod\u00e9gradable*.<\/p>\n<p data-start=\"1094\" data-end=\"1344\">GRS (Global Recycled Standard) est un protocole de certification international qui confirme la teneur en mati\u00e8res recycl\u00e9es des produits finis. L'utilisation du plastique GRS r\u00e9duit les d\u00e9chets mis en d\u00e9charge et minimise l'impact environnemental de la production.<\/p>\n<p data-start=\"1346\" data-end=\"1499\">La paille de bl\u00e9 est un bioplastique 100\u00a0% renouvelable. Biod\u00e9gradable, elle r\u00e9duit les d\u00e9chets et favorise la d\u00e9gradation des autres plastiques.<\/p>\n<p data-start=\"1506\" data-end=\"1579\">Choisissez Globber. Choisissez l'\u00e9cologie.<br data-start=\"1536\" data-end=\"1539\" \/><br \/>\n*Inclus dans certains composants.<\/p>\n","protected":false},"excerpt":{"rendered":"<p data-start=\"0\" data-end=\"186\">Scooter \u00e9cologique tout-en-un avec si\u00e8ge pour tout-petits (15 mois \u2013 3 ans et plus) fabriqu\u00e9 \u00e0 partir de plastique recycl\u00e9 100% certifi\u00e9 GRS et de paille de bl\u00e9 biod\u00e9gradable*<\/p>\n<p data-start=\"188\" data-end=\"227\">*inclus dans certains composants<\/p>\n","protected":false},"featured_media":20645,"comment_status":"open","ping_status":"closed","template":"","meta":{"_acf_changed":false,"inline_featured_image":false},"product-special-badges":[],"product_brand":[],"product_cat":[4779,4798,4821,4829,4841,4843,4857],"product_tag":[],"class_list":{"0":"post-21607","1":"product","2":"type-product","3":"status-publish","4":"has-post-thumbnail","6":"product_cat-collecte-ecologique","7":"product_cat-serie-de-montee","8":"product_cat-scooter-pliable","9":"product_cat-scooter-avec-siege","10":"product_cat-tricycles-pour-bebes","11":"product_cat-trottinette-a-3-roues-pour-tous-les-ages","12":"product_cat-produits-pour-tout-petits","13":"pa_altersspanne-15-mois-a-9-ans","14":"pa_bremsen-composition-du-frein-arriere-mecanique","15":"pa_color-beige","16":"pa_color-bleu","17":"pa_color-menthe","18":"pa_color-rosa-fr","19":"pa_deckmaterial-100-g-de-plastique-biodegradable-paille-de-ble-fibre-pp-cadre-en-metal","20":"pa_einstellbar-oui","21":"pa_empfohlene-benutzerhoehe-75-120-cm","22":"pa_faltbar-yes-fr","23":"pa_groesse-der-raeder-121mm-vorne-24mm-breit-fr","24":"pa_groesse-der-raeder-80mm-hinten-24mm-breit-fr","25":"pa_groesse-der-raeder-pu-guss-mit-hoher-rueckfederung","26":"pa_grose-der-brucke-b-12-5cm-xl-54-5cm","27":"pa_hohen-der-t-stangen-67-5-72-5-77-5-82-5cm-du-sol","28":"pa_maximales-benutzergewicht-mode-draisienne-20-kg-mode-trottinette-50-kg","29":"pa_produktgewicht-netto-3-86-kg","30":"pa_produkttyp-mini-scooter","31":"pa_produkttyp-tricycle","32":"pa_sitzhoehen-25-5-cm-ou-29-cm-du-sol","34":"first","35":"instock","36":"taxable","37":"shipping-taxable","38":"purchasable","39":"product-type-variable"},"acf":[],"yoast_head":"<!-- This site is optimized with the Yoast SEO Premium plugin v20.12 (Yoast SEO v23.4) - https:\/\/yoast.com\/wordpress\/plugins\/seo\/ -->\n<title>GO UP Active Ecologic - Globber Scooter Schweiz<\/title>\n<meta name=\"robots\" content=\"index, follow, max-snippet:-1, max-image-preview:large, max-video-preview:-1\" \/>\n<link rel=\"canonical\" href=\"https:\/\/www.globber.com\/ch\/de\/product\/go-up-active-ecologic\/\" \/>\n<meta property=\"og:locale\" content=\"fr_FR\" \/>\n<meta property=\"og:type\" content=\"article\" \/>\n<meta property=\"og:title\" content=\"GO UP Active Ecologic - Globber Scooter Schweiz\" \/>\n<meta property=\"og:description\" content=\"Scooter \u00e9cologique tout-en-un avec si\u00e8ge pour tout-petits (15 mois \u2013 3 ans et plus) fabriqu\u00e9 \u00e0 partir de plastique recycl\u00e9 100% certifi\u00e9 GRS et de paille de bl\u00e9 biod\u00e9gradable* *inclus dans certains composants\" \/>\n<meta property=\"og:url\" content=\"https:\/\/www.globber.com\/ch\/de\/product\/go-up-active-ecologic\/\" \/>\n<meta property=\"og:site_name\" content=\"Globber Scooter Schweiz\" \/>\n<meta property=\"article:modified_time\" content=\"2025-12-12T03:27:06+00:00\" \/>\n<meta property=\"og:image\" content=\"https:\/\/cdn.globber.com\/content\/sites\/21\/2023\/11\/740-501_stages-all_rgb.jpg\" \/>\n\t<meta property=\"og:image:width\" content=\"2048\" \/>\n\t<meta property=\"og:image:height\" content=\"2048\" \/>\n\t<meta property=\"og:image:type\" content=\"image\/jpeg\" \/>\n<meta name=\"twitter:card\" content=\"summary_large_image\" \/>\n<meta name=\"twitter:label1\" content=\"Availability\" \/>\n\t<meta name=\"twitter:data1\" content=\"In stock\" \/>\n<script type=\"application\/ld+json\" class=\"yoast-schema-graph\">{\"@context\":\"https:\/\/schema.org\",\"@graph\":[{\"@type\":[\"WebPage\",\"ItemPage\"],\"@id\":\"https:\/\/www.globber.com\/ch\/de\/product\/go-up-active-ecologic\/\",\"url\":\"https:\/\/www.globber.com\/ch\/de\/product\/go-up-active-ecologic\/\",\"name\":\"GO UP Active Ecologic - Globber Scooter Schweiz\",\"isPartOf\":{\"@id\":\"https:\/\/www.globber.com\/ch\/fr\/#website\"},\"primaryImageOfPage\":{\"@id\":\"https:\/\/www.globber.com\/ch\/de\/product\/go-up-active-ecologic\/#primaryimage\"},\"image\":{\"@id\":\"https:\/\/www.globber.com\/ch\/de\/product\/go-up-active-ecologic\/#primaryimage\"},\"thumbnailUrl\":\"https:\/\/cdn.globber.com\/content\/sites\/21\/2023\/11\/740-501_stages-all_rgb.jpg\",\"datePublished\":\"2023-11-29T09:12:45+00:00\",\"dateModified\":\"2025-12-12T03:27:06+00:00\",\"breadcrumb\":{\"@id\":\"https:\/\/www.globber.com\/ch\/de\/product\/go-up-active-ecologic\/#breadcrumb\"},\"inLanguage\":\"fr-CH\",\"potentialAction\":[{\"@type\":\"ReadAction\",\"target\":[\"https:\/\/www.globber.com\/ch\/de\/product\/go-up-active-ecologic\/\"]}]},{\"@type\":\"ImageObject\",\"inLanguage\":\"fr-CH\",\"@id\":\"https:\/\/www.globber.com\/ch\/de\/product\/go-up-active-ecologic\/#primaryimage\",\"url\":\"https:\/\/cdn.globber.com\/content\/sites\/21\/2023\/11\/740-501_stages-all_rgb.jpg\",\"contentUrl\":\"https:\/\/cdn.globber.com\/content\/sites\/21\/2023\/11\/740-501_stages-all_rgb.jpg\",\"width\":2048,\"height\":2048},{\"@type\":\"BreadcrumbList\",\"@id\":\"https:\/\/www.globber.com\/ch\/de\/product\/go-up-active-ecologic\/#breadcrumb\",\"itemListElement\":[{\"@type\":\"ListItem\",\"position\":1,\"name\":\"Shop\",\"item\":\"https:\/\/www.globber.com\/ch\/fr\/shop\/\"},{\"@type\":\"ListItem\",\"position\":2,\"name\":\"GO UP Active Ecologic\"}]},{\"@type\":\"WebSite\",\"@id\":\"https:\/\/www.globber.com\/ch\/fr\/#website\",\"url\":\"https:\/\/www.globber.com\/ch\/fr\/\",\"name\":\"Globber Scooter Schweiz\",\"description\":\"Der offizielle Online Shop\",\"publisher\":{\"@id\":\"https:\/\/www.globber.com\/ch\/fr\/#organization\"},\"potentialAction\":[{\"@type\":\"SearchAction\",\"target\":{\"@type\":\"EntryPoint\",\"urlTemplate\":\"https:\/\/www.globber.com\/ch\/fr\/?s={search_term_string}\"},\"query-input\":{\"@type\":\"PropertyValueSpecification\",\"valueRequired\":true,\"valueName\":\"search_term_string\"}}],\"inLanguage\":\"fr-CH\"},{\"@type\":\"Organization\",\"@id\":\"https:\/\/www.globber.com\/ch\/fr\/#organization\",\"name\":\"Globber Scooter Schweiz\",\"url\":\"https:\/\/www.globber.com\/ch\/fr\/\",\"logo\":{\"@type\":\"ImageObject\",\"inLanguage\":\"fr-CH\",\"@id\":\"https:\/\/www.globber.com\/ch\/fr\/#\/schema\/logo\/image\/\",\"url\":\"https:\/\/cdn.globber.com\/content\/2024\/05\/logo.svg\",\"contentUrl\":\"https:\/\/cdn.globber.com\/content\/2024\/05\/logo.svg\",\"width\":601,\"height\":112,\"caption\":\"Globber Scooter Schweiz\"},\"image\":{\"@id\":\"https:\/\/www.globber.com\/ch\/fr\/#\/schema\/logo\/image\/\"}}]}<\/script>\n<meta property=\"og:availability\" content=\"instock\" \/>\n<meta property=\"product:availability\" content=\"instock\" \/>\n<meta property=\"product:retailer_item_id\" content=\"740-XXX\" \/>\n<meta property=\"product:condition\" content=\"new\" \/>\n<!-- \/ Yoast SEO Premium plugin. -->","yoast_head_json":{"title":"GO UP Active Ecologic - Globber Scooter Schweiz","robots":{"index":"index","follow":"follow","max-snippet":"max-snippet:-1","max-image-preview":"max-image-preview:large","max-video-preview":"max-video-preview:-1"},"canonical":"https:\/\/www.globber.com\/ch\/de\/product\/go-up-active-ecologic\/","og_locale":"fr_FR","og_type":"article","og_title":"GO UP Active Ecologic - Globber Scooter Schweiz","og_description":"Scooter \u00e9cologique tout-en-un avec si\u00e8ge pour tout-petits (15 mois \u2013 3 ans et plus) fabriqu\u00e9 \u00e0 partir de plastique recycl\u00e9 100% certifi\u00e9 GRS et de paille de bl\u00e9 biod\u00e9gradable* *inclus dans certains composants","og_url":"https:\/\/www.globber.com\/ch\/de\/product\/go-up-active-ecologic\/","og_site_name":"Globber Scooter Schweiz","article_modified_time":"2025-12-12T03:27:06+00:00","og_image":[{"width":2048,"height":2048,"url":"https:\/\/cdn.globber.com\/content\/sites\/21\/2023\/11\/740-501_stages-all_rgb.jpg","type":"image\/jpeg"}],"twitter_card":"summary_large_image","twitter_misc":{"Availability":"In stock"},"schema":{"@context":"https:\/\/schema.org","@graph":[{"@type":["WebPage","ItemPage"],"@id":"https:\/\/www.globber.com\/ch\/de\/product\/go-up-active-ecologic\/","url":"https:\/\/www.globber.com\/ch\/de\/product\/go-up-active-ecologic\/","name":"GO UP Active Ecologic - Globber Scooter Schweiz","isPartOf":{"@id":"https:\/\/www.globber.com\/ch\/fr\/#website"},"primaryImageOfPage":{"@id":"https:\/\/www.globber.com\/ch\/de\/product\/go-up-active-ecologic\/#primaryimage"},"image":{"@id":"https:\/\/www.globber.com\/ch\/de\/product\/go-up-active-ecologic\/#primaryimage"},"thumbnailUrl":"https:\/\/cdn.globber.com\/content\/sites\/21\/2023\/11\/740-501_stages-all_rgb.jpg","datePublished":"2023-11-29T09:12:45+00:00","dateModified":"2025-12-12T03:27:06+00:00","breadcrumb":{"@id":"https:\/\/www.globber.com\/ch\/de\/product\/go-up-active-ecologic\/#breadcrumb"},"inLanguage":"fr-CH","potentialAction":[{"@type":"ReadAction","target":["https:\/\/www.globber.com\/ch\/de\/product\/go-up-active-ecologic\/"]}]},{"@type":"ImageObject","inLanguage":"fr-CH","@id":"https:\/\/www.globber.com\/ch\/de\/product\/go-up-active-ecologic\/#primaryimage","url":"https:\/\/cdn.globber.com\/content\/sites\/21\/2023\/11\/740-501_stages-all_rgb.jpg","contentUrl":"https:\/\/cdn.globber.com\/content\/sites\/21\/2023\/11\/740-501_stages-all_rgb.jpg","width":2048,"height":2048},{"@type":"BreadcrumbList","@id":"https:\/\/www.globber.com\/ch\/de\/product\/go-up-active-ecologic\/#breadcrumb","itemListElement":[{"@type":"ListItem","position":1,"name":"Shop","item":"https:\/\/www.globber.com\/ch\/fr\/shop\/"},{"@type":"ListItem","position":2,"name":"GO UP Active Ecologic"}]},{"@type":"WebSite","@id":"https:\/\/www.globber.com\/ch\/fr\/#website","url":"https:\/\/www.globber.com\/ch\/fr\/","name":"Globber Scooter Schweiz","description":"Der offizielle Online Shop","publisher":{"@id":"https:\/\/www.globber.com\/ch\/fr\/#organization"},"potentialAction":[{"@type":"SearchAction","target":{"@type":"EntryPoint","urlTemplate":"https:\/\/www.globber.com\/ch\/fr\/?s={search_term_string}"},"query-input":{"@type":"PropertyValueSpecification","valueRequired":true,"valueName":"search_term_string"}}],"inLanguage":"fr-CH"},{"@type":"Organization","@id":"https:\/\/www.globber.com\/ch\/fr\/#organization","name":"Globber Scooter Schweiz","url":"https:\/\/www.globber.com\/ch\/fr\/","logo":{"@type":"ImageObject","inLanguage":"fr-CH","@id":"https:\/\/www.globber.com\/ch\/fr\/#\/schema\/logo\/image\/","url":"https:\/\/cdn.globber.com\/content\/2024\/05\/logo.svg","contentUrl":"https:\/\/cdn.globber.com\/content\/2024\/05\/logo.svg","width":601,"height":112,"caption":"Globber Scooter Schweiz"},"image":{"@id":"https:\/\/www.globber.com\/ch\/fr\/#\/schema\/logo\/image\/"}}]},"og_availability":"instock","product_availability":"instock","product_retailer_item_id":"740-XXX","product_condition":"new"},"_links":{"self":[{"href":"https:\/\/www.globber.com\/ch\/fr\/wp-json\/wp\/v2\/product\/21607","targetHints":{"allow":["GET"]}}],"collection":[{"href":"https:\/\/www.globber.com\/ch\/fr\/wp-json\/wp\/v2\/product"}],"about":[{"href":"https:\/\/www.globber.com\/ch\/fr\/wp-json\/wp\/v2\/types\/product"}],"replies":[{"embeddable":true,"href":"https:\/\/www.globber.com\/ch\/fr\/wp-json\/wp\/v2\/comments?post=21607"}],"wp:featuredmedia":[{"embeddable":true,"href":"https:\/\/www.globber.com\/ch\/fr\/wp-json\/wp\/v2\/media\/20645"}],"wp:attachment":[{"href":"https:\/\/www.globber.com\/ch\/fr\/wp-json\/wp\/v2\/media?parent=21607"}],"wp:term":[{"taxonomy":"product-special-badges","embeddable":true,"href":"https:\/\/www.globber.com\/ch\/fr\/wp-json\/wp\/v2\/product-special-badges?post=21607"},{"taxonomy":"product_brand","embeddable":true,"href":"https:\/\/www.globber.com\/ch\/fr\/wp-json\/wp\/v2\/product_brand?post=21607"},{"taxonomy":"product_cat","embeddable":true,"href":"https:\/\/www.globber.com\/ch\/fr\/wp-json\/wp\/v2\/product_cat?post=21607"},{"taxonomy":"product_tag","embeddable":true,"href":"https:\/\/www.globber.com\/ch\/fr\/wp-json\/wp\/v2\/product_tag?post=21607"}],"curies":[{"name":"wp","href":"https:\/\/api.w.org\/{rel}","templated":true}]}}