{"id":21608,"date":"2024-01-17T09:13:14","date_gmt":"2024-01-17T08:13:14","guid":{"rendered":"https:\/\/www.globber.com\/ch\/product\/globber-flow-foldable-125-noir-bleu-ciel\/"},"modified":"2026-03-06T08:26:07","modified_gmt":"2026-03-06T07:26:07","slug":"globber-flow-foldable-125-noir-bleu-ciel","status":"publish","type":"product","link":"https:\/\/www.globber.com\/ch\/fr\/product\/globber-flow-foldable-125-noir-bleu-ciel\/","title":{"rendered":"Globber | Flow Foldable 125 | Noir-Bleu ciel"},"content":{"rendered":"<article dir=\"auto\" data-testid=\"conversation-turn-576\" data-scroll-anchor=\"true\">\n<div dir=\"auto\" data-message-author-role=\"assistant\" data-message-id=\"8bf6e79b-41a3-4c25-887c-5be344e441be\" data-message-model-slug=\"gpt-4o-mini\">\n<p data-start=\"41\" data-end=\"827\">Le Globber Flow 125 Foldable est id\u00e9al pour les d\u00e9butants. Gr\u00e2ce aux petites roues, le Scooter est particuli\u00e8rement facile \u00e0 contr\u00f4ler et permet un d\u00e9marrage rapide sans atteindre des vitesses trop \u00e9lev\u00e9es. De plus, le mod\u00e8le convainc par sa construction robuste et son m\u00e9canisme de pliage pratique qui assure un rangement compact et peu encombrant. Avec ses formes douces et rondes, ce Scooter est le compagnon id\u00e9al pour un usage quotidien. Le marchepied en Aluminium l\u00e9ger avec rev\u00eatement en PVC rend chaque voyage encore plus agr\u00e9able et prot\u00e8ge de mani\u00e8re fiable contre les intemp\u00e9ries telles que le soleil et la pluie. Commencez votre journ\u00e9e confortablement \u2013 que ce soit pour L'\u00e9cole, les loisirs ou le Sport \u2013 avec le Globber Flow 125 Foldable!<\/p>\n<\/div>\n<\/article>\n","protected":false},"excerpt":{"rendered":"<p class=\"p1\">Le <strong data-start=\"259\" data-end=\"288\">Globber Flow Foldable 125<\/strong> est le Scooter id\u00e9al pour les adolescents.<\/p>\n","protected":false},"featured_media":25795,"comment_status":"closed","ping_status":"closed","template":"","meta":{"_acf_changed":false,"inline_featured_image":false},"product-special-badges":[],"product_brand":[],"product_cat":[6277,4773,4782,4785,4786,4790,4808,4816,4821,4850,4853],"product_tag":[],"class_list":{"0":"post-21608","1":"product","2":"type-product","3":"status-publish","4":"has-post-thumbnail","6":"product_cat-sale-fr","7":"product_cat-serie-de-flux","8":"product_cat-trottinette-a-2-roues-pour-tous-les-ages","9":"product_cat-trottinette-2-roues-pour-adolescent-125-mm-200-mm-globber-suisse","10":"product_cat-enfants-a-deux-roues","11":"product_cat-tous-les-produits","12":"product_cat-flow-serie-tous-adolescents-serie","13":"product_cat-serie-flow-serie-tout-adulte","14":"product_cat-scooter-pliable","15":"product_cat-scooter-pour-adolescents","16":"product_cat-trottinette-pour-enfants","17":"pa_color-blanc","18":"pa_color-bleu","19":"pa_produkttyp-scooter-de-ville","21":"first","22":"instock","23":"sale","24":"taxable","25":"shipping-taxable","26":"purchasable","27":"product-type-variable"},"acf":[],"yoast_head":"<!-- This site is optimized with the Yoast SEO Premium plugin v20.12 (Yoast SEO v23.4) - https:\/\/yoast.com\/wordpress\/plugins\/seo\/ -->\n<title>Globber | Flow Foldable 125 | Noir-Bleu ciel - Globber Scooter Schweiz<\/title>\n<meta name=\"robots\" content=\"index, follow, max-snippet:-1, max-image-preview:large, max-video-preview:-1\" \/>\n<link rel=\"canonical\" href=\"https:\/\/www.globber.com\/ch\/fr\/product\/globber-flow-foldable-125-noir-bleu-ciel\/\" \/>\n<meta property=\"og:locale\" content=\"fr_FR\" \/>\n<meta property=\"og:type\" content=\"article\" \/>\n<meta property=\"og:title\" content=\"Globber | Flow Foldable 125 | Noir-Bleu ciel - Globber Scooter Schweiz\" \/>\n<meta property=\"og:description\" content=\"Le Globber Flow Foldable 125 est le Scooter id\u00e9al pour les adolescents.\" \/>\n<meta property=\"og:url\" content=\"https:\/\/www.globber.com\/ch\/fr\/product\/globber-flow-foldable-125-noir-bleu-ciel\/\" \/>\n<meta property=\"og:site_name\" content=\"Globber Scooter Schweiz\" \/>\n<meta property=\"article:modified_time\" content=\"2026-03-06T07:26:07+00:00\" \/>\n<meta property=\"og:image\" content=\"https:\/\/cdn.globber.com\/content\/sites\/41\/2024\/01\/67355357b9593.jpg\" \/>\n\t<meta property=\"og:image:width\" content=\"2048\" \/>\n\t<meta property=\"og:image:height\" content=\"2048\" \/>\n\t<meta property=\"og:image:type\" content=\"image\/jpeg\" \/>\n<meta name=\"twitter:card\" content=\"summary_large_image\" \/>\n<meta name=\"twitter:label1\" content=\"Availability\" \/>\n\t<meta name=\"twitter:data1\" content=\"In stock\" \/>\n<script type=\"application\/ld+json\" class=\"yoast-schema-graph\">{\"@context\":\"https:\/\/schema.org\",\"@graph\":[{\"@type\":[\"WebPage\",\"ItemPage\"],\"@id\":\"https:\/\/www.globber.com\/ch\/fr\/product\/globber-flow-foldable-125-noir-bleu-ciel\/\",\"url\":\"https:\/\/www.globber.com\/ch\/fr\/product\/globber-flow-foldable-125-noir-bleu-ciel\/\",\"name\":\"Globber | Flow Foldable 125 | Noir-Bleu ciel - Globber Scooter Schweiz\",\"isPartOf\":{\"@id\":\"https:\/\/www.globber.com\/ch\/fr\/#website\"},\"primaryImageOfPage\":{\"@id\":\"https:\/\/www.globber.com\/ch\/fr\/product\/globber-flow-foldable-125-noir-bleu-ciel\/#primaryimage\"},\"image\":{\"@id\":\"https:\/\/www.globber.com\/ch\/fr\/product\/globber-flow-foldable-125-noir-bleu-ciel\/#primaryimage\"},\"thumbnailUrl\":\"https:\/\/cdn.globber.com\/content\/sites\/41\/2024\/01\/67355357b9593.jpg\",\"datePublished\":\"2024-01-17T08:13:14+00:00\",\"dateModified\":\"2026-03-06T07:26:07+00:00\",\"breadcrumb\":{\"@id\":\"https:\/\/www.globber.com\/ch\/fr\/product\/globber-flow-foldable-125-noir-bleu-ciel\/#breadcrumb\"},\"inLanguage\":\"fr-CH\",\"potentialAction\":[{\"@type\":\"ReadAction\",\"target\":[\"https:\/\/www.globber.com\/ch\/fr\/product\/globber-flow-foldable-125-noir-bleu-ciel\/\"]}]},{\"@type\":\"ImageObject\",\"inLanguage\":\"fr-CH\",\"@id\":\"https:\/\/www.globber.com\/ch\/fr\/product\/globber-flow-foldable-125-noir-bleu-ciel\/#primaryimage\",\"url\":\"https:\/\/cdn.globber.com\/content\/sites\/41\/2024\/01\/67355357b9593.jpg\",\"contentUrl\":\"https:\/\/cdn.globber.com\/content\/sites\/41\/2024\/01\/67355357b9593.jpg\",\"width\":2048,\"height\":2048},{\"@type\":\"BreadcrumbList\",\"@id\":\"https:\/\/www.globber.com\/ch\/fr\/product\/globber-flow-foldable-125-noir-bleu-ciel\/#breadcrumb\",\"itemListElement\":[{\"@type\":\"ListItem\",\"position\":1,\"name\":\"Shop\",\"item\":\"https:\/\/www.globber.com\/ch\/fr\/shop\/\"},{\"@type\":\"ListItem\",\"position\":2,\"name\":\"Globber | Flow Foldable 125 | Noir-Bleu ciel\"}]},{\"@type\":\"WebSite\",\"@id\":\"https:\/\/www.globber.com\/ch\/fr\/#website\",\"url\":\"https:\/\/www.globber.com\/ch\/fr\/\",\"name\":\"Globber Scooter Schweiz\",\"description\":\"Der offizielle Online Shop\",\"publisher\":{\"@id\":\"https:\/\/www.globber.com\/ch\/fr\/#organization\"},\"potentialAction\":[{\"@type\":\"SearchAction\",\"target\":{\"@type\":\"EntryPoint\",\"urlTemplate\":\"https:\/\/www.globber.com\/ch\/fr\/?s={search_term_string}\"},\"query-input\":{\"@type\":\"PropertyValueSpecification\",\"valueRequired\":true,\"valueName\":\"search_term_string\"}}],\"inLanguage\":\"fr-CH\"},{\"@type\":\"Organization\",\"@id\":\"https:\/\/www.globber.com\/ch\/fr\/#organization\",\"name\":\"Globber Scooter Schweiz\",\"url\":\"https:\/\/www.globber.com\/ch\/fr\/\",\"logo\":{\"@type\":\"ImageObject\",\"inLanguage\":\"fr-CH\",\"@id\":\"https:\/\/www.globber.com\/ch\/fr\/#\/schema\/logo\/image\/\",\"url\":\"https:\/\/cdn.globber.com\/content\/2024\/05\/logo.svg\",\"contentUrl\":\"https:\/\/cdn.globber.com\/content\/2024\/05\/logo.svg\",\"width\":601,\"height\":112,\"caption\":\"Globber Scooter Schweiz\"},\"image\":{\"@id\":\"https:\/\/www.globber.com\/ch\/fr\/#\/schema\/logo\/image\/\"}}]}<\/script>\n<meta property=\"og:availability\" content=\"instock\" \/>\n<meta property=\"product:availability\" content=\"instock\" \/>\n<meta property=\"product:retailer_item_id\" content=\"473-XXX\" \/>\n<meta property=\"product:condition\" content=\"new\" \/>\n<!-- \/ Yoast SEO Premium plugin. -->","yoast_head_json":{"title":"Globber | Flow Foldable 125 | Noir-Bleu ciel - Globber Scooter Schweiz","robots":{"index":"index","follow":"follow","max-snippet":"max-snippet:-1","max-image-preview":"max-image-preview:large","max-video-preview":"max-video-preview:-1"},"canonical":"https:\/\/www.globber.com\/ch\/fr\/product\/globber-flow-foldable-125-noir-bleu-ciel\/","og_locale":"fr_FR","og_type":"article","og_title":"Globber | Flow Foldable 125 | Noir-Bleu ciel - Globber Scooter Schweiz","og_description":"Le Globber Flow Foldable 125 est le Scooter id\u00e9al pour les adolescents.","og_url":"https:\/\/www.globber.com\/ch\/fr\/product\/globber-flow-foldable-125-noir-bleu-ciel\/","og_site_name":"Globber Scooter Schweiz","article_modified_time":"2026-03-06T07:26:07+00:00","og_image":[{"width":2048,"height":2048,"url":"https:\/\/cdn.globber.com\/content\/sites\/41\/2024\/01\/67355357b9593.jpg","type":"image\/jpeg"}],"twitter_card":"summary_large_image","twitter_misc":{"Availability":"In stock"},"schema":{"@context":"https:\/\/schema.org","@graph":[{"@type":["WebPage","ItemPage"],"@id":"https:\/\/www.globber.com\/ch\/fr\/product\/globber-flow-foldable-125-noir-bleu-ciel\/","url":"https:\/\/www.globber.com\/ch\/fr\/product\/globber-flow-foldable-125-noir-bleu-ciel\/","name":"Globber | Flow Foldable 125 | Noir-Bleu ciel - Globber Scooter Schweiz","isPartOf":{"@id":"https:\/\/www.globber.com\/ch\/fr\/#website"},"primaryImageOfPage":{"@id":"https:\/\/www.globber.com\/ch\/fr\/product\/globber-flow-foldable-125-noir-bleu-ciel\/#primaryimage"},"image":{"@id":"https:\/\/www.globber.com\/ch\/fr\/product\/globber-flow-foldable-125-noir-bleu-ciel\/#primaryimage"},"thumbnailUrl":"https:\/\/cdn.globber.com\/content\/sites\/41\/2024\/01\/67355357b9593.jpg","datePublished":"2024-01-17T08:13:14+00:00","dateModified":"2026-03-06T07:26:07+00:00","breadcrumb":{"@id":"https:\/\/www.globber.com\/ch\/fr\/product\/globber-flow-foldable-125-noir-bleu-ciel\/#breadcrumb"},"inLanguage":"fr-CH","potentialAction":[{"@type":"ReadAction","target":["https:\/\/www.globber.com\/ch\/fr\/product\/globber-flow-foldable-125-noir-bleu-ciel\/"]}]},{"@type":"ImageObject","inLanguage":"fr-CH","@id":"https:\/\/www.globber.com\/ch\/fr\/product\/globber-flow-foldable-125-noir-bleu-ciel\/#primaryimage","url":"https:\/\/cdn.globber.com\/content\/sites\/41\/2024\/01\/67355357b9593.jpg","contentUrl":"https:\/\/cdn.globber.com\/content\/sites\/41\/2024\/01\/67355357b9593.jpg","width":2048,"height":2048},{"@type":"BreadcrumbList","@id":"https:\/\/www.globber.com\/ch\/fr\/product\/globber-flow-foldable-125-noir-bleu-ciel\/#breadcrumb","itemListElement":[{"@type":"ListItem","position":1,"name":"Shop","item":"https:\/\/www.globber.com\/ch\/fr\/shop\/"},{"@type":"ListItem","position":2,"name":"Globber | Flow Foldable 125 | Noir-Bleu ciel"}]},{"@type":"WebSite","@id":"https:\/\/www.globber.com\/ch\/fr\/#website","url":"https:\/\/www.globber.com\/ch\/fr\/","name":"Globber Scooter Schweiz","description":"Der offizielle Online Shop","publisher":{"@id":"https:\/\/www.globber.com\/ch\/fr\/#organization"},"potentialAction":[{"@type":"SearchAction","target":{"@type":"EntryPoint","urlTemplate":"https:\/\/www.globber.com\/ch\/fr\/?s={search_term_string}"},"query-input":{"@type":"PropertyValueSpecification","valueRequired":true,"valueName":"search_term_string"}}],"inLanguage":"fr-CH"},{"@type":"Organization","@id":"https:\/\/www.globber.com\/ch\/fr\/#organization","name":"Globber Scooter Schweiz","url":"https:\/\/www.globber.com\/ch\/fr\/","logo":{"@type":"ImageObject","inLanguage":"fr-CH","@id":"https:\/\/www.globber.com\/ch\/fr\/#\/schema\/logo\/image\/","url":"https:\/\/cdn.globber.com\/content\/2024\/05\/logo.svg","contentUrl":"https:\/\/cdn.globber.com\/content\/2024\/05\/logo.svg","width":601,"height":112,"caption":"Globber Scooter Schweiz"},"image":{"@id":"https:\/\/www.globber.com\/ch\/fr\/#\/schema\/logo\/image\/"}}]},"og_availability":"instock","product_availability":"instock","product_retailer_item_id":"473-XXX","product_condition":"new"},"_links":{"self":[{"href":"https:\/\/www.globber.com\/ch\/fr\/wp-json\/wp\/v2\/product\/21608","targetHints":{"allow":["GET"]}}],"collection":[{"href":"https:\/\/www.globber.com\/ch\/fr\/wp-json\/wp\/v2\/product"}],"about":[{"href":"https:\/\/www.globber.com\/ch\/fr\/wp-json\/wp\/v2\/types\/product"}],"replies":[{"embeddable":true,"href":"https:\/\/www.globber.com\/ch\/fr\/wp-json\/wp\/v2\/comments?post=21608"}],"wp:featuredmedia":[{"embeddable":true,"href":"https:\/\/www.globber.com\/ch\/fr\/wp-json\/wp\/v2\/media\/25795"}],"wp:attachment":[{"href":"https:\/\/www.globber.com\/ch\/fr\/wp-json\/wp\/v2\/media?parent=21608"}],"wp:term":[{"taxonomy":"product-special-badges","embeddable":true,"href":"https:\/\/www.globber.com\/ch\/fr\/wp-json\/wp\/v2\/product-special-badges?post=21608"},{"taxonomy":"product_brand","embeddable":true,"href":"https:\/\/www.globber.com\/ch\/fr\/wp-json\/wp\/v2\/product_brand?post=21608"},{"taxonomy":"product_cat","embeddable":true,"href":"https:\/\/www.globber.com\/ch\/fr\/wp-json\/wp\/v2\/product_cat?post=21608"},{"taxonomy":"product_tag","embeddable":true,"href":"https:\/\/www.globber.com\/ch\/fr\/wp-json\/wp\/v2\/product_tag?post=21608"}],"curies":[{"name":"wp","href":"https:\/\/api.w.org\/{rel}","templated":true}]}}