{"id":21610,"date":"2024-01-17T09:13:44","date_gmt":"2024-01-17T08:13:44","guid":{"rendered":"https:\/\/www.globber.com\/ch\/product\/go-up-foldable-plus-lights\/"},"modified":"2026-03-06T08:25:35","modified_gmt":"2026-03-06T07:25:35","slug":"go-up-foldable-plus-lights","status":"publish","type":"product","link":"https:\/\/www.globber.com\/ch\/fr\/product\/go-up-foldable-plus-lights\/","title":{"rendered":"GO UP Foldable Plus Lights"},"content":{"rendered":"<p data-start=\"0\" data-end=\"328\">Trottinette tout-en-un prim\u00e9e avec si\u00e8ge et roues lumineuses \u00e0 LED pour les tout-petits.<\/p>\n<p data-start=\"0\" data-end=\"328\">La GO\u2022UP FOLDABLE PLUS LIGHTS est une trottinette 3-en-1 prim\u00e9e avec si\u00e8ge qui se transforme facilement de trottinette \u00e0 porteur \u00e0 draisienne, puis \u00e0 trottinette pour enfants gr\u00e2ce \u00e0 sa conception 100 % sans outil.<\/p>\n<ul>\n<li data-start=\"330\" data-end=\"460\">Mode porteur et trotteur\u00a0: pour les tout-petits de 15 \u00e0 36 mois.<\/li>\n<li data-start=\"330\" data-end=\"460\">Mode trottinette\u00a0: pour les enfants de 3 \u00e0 7 ans et plus.<\/li>\n<\/ul>\n<p data-start=\"462\" data-end=\"628\">Le repose-pieds amovible assure une conduite s\u00fbre et confortable en mode enfant. Il se retire facilement gr\u00e2ce \u00e0 une simple molette.<\/p>\n<p data-start=\"630\" data-end=\"816\">Le si\u00e8ge souple et confortable en TPR est r\u00e9glable lat\u00e9ralement sur deux hauteurs sans outil, et le guidon en T est r\u00e9glable en hauteur sur trois positions diff\u00e9rentes, id\u00e9al pour accompagner la croissance de votre enfant.<\/p>\n<p data-start=\"818\" data-end=\"1004\">Gr\u00e2ce au syst\u00e8me de pliage brevet\u00e9 avec bouton-poussoir lat\u00e9ral, la trottinette se plie de mani\u00e8re compacte en un clin d'\u0153il ou se transforme en chariot, id\u00e9al pour les d\u00e9placements.<\/p>\n<p data-start=\"1006\" data-end=\"1160\">Sa structure ultra-basse, renforc\u00e9e en m\u00e9tal, supporte jusqu'\u00e0 50 kg et est \u00e9quip\u00e9e d'un large plateau antid\u00e9rapant pour une conduite en toute s\u00e9curit\u00e9.<\/p>\n<p data-start=\"1162\" data-end=\"1350\">Points forts\u00a0:<\/p>\n<ul>\n<li data-start=\"1162\" data-end=\"1350\">Deux roues avant LED sans pile (121 mm) en PU haute qualit\u00e9 clignotent en rouge, vert et bleu. Plus votre enfant va vite, plus les roues brillent !<\/li>\n<li data-start=\"1352\" data-end=\"1434\">Un compagnon lumineux qui grandit avec votre enfant et qui lui fera briller les yeux.<\/li>\n<\/ul>\n","protected":false},"excerpt":{"rendered":"<p>Offrez \u00e0 votre enfant l'exp\u00e9rience la plus cool des 3 roues avec le Scooter GO\u2022UP FOLDABLE PLUS LIGHTS avec si\u00e8ge pour tout-petits.<br data-start=\"116\" data-end=\"119\" \/><br \/>\nR\u00e9glable \u2713 roues LED \u2713 repose-pieds amovible \u2713<\/p>\n","protected":false},"featured_media":24162,"comment_status":"closed","ping_status":"closed","template":"","meta":{"_acf_changed":false,"inline_featured_image":false},"product-special-badges":[],"product_brand":[],"product_cat":[6277,4798,4821,4829,4832,4841,4843,4857],"product_tag":[],"class_list":{"0":"post-21610","1":"product","2":"type-product","3":"status-publish","4":"has-post-thumbnail","6":"product_cat-sale-fr","7":"product_cat-serie-de-montee","8":"product_cat-scooter-pliable","9":"product_cat-scooter-avec-siege","10":"product_cat-scooter-leger","11":"product_cat-tricycles-pour-bebes","12":"product_cat-trottinette-a-3-roues-pour-tous-les-ages","13":"product_cat-produits-pour-tout-petits","14":"pa_color-bleu","15":"pa_color-bleu-clair","16":"pa_color-bleu-fonce","17":"pa_color-menthe","18":"pa_color-rosa-fr","19":"pa_color-rose","20":"pa_color-rouge","21":"pa_color-vert","22":"pa_einstellbar-oui","23":"pa_faltbar-yes-fr","24":"pa_produkttyp-mini-scooter","25":"pa_produkttyp-tricycle","27":"first","28":"instock","29":"sale","30":"taxable","31":"shipping-taxable","32":"purchasable","33":"product-type-variable"},"acf":[],"yoast_head":"<!-- This site is optimized with the Yoast SEO Premium plugin v20.12 (Yoast SEO v23.4) - https:\/\/yoast.com\/wordpress\/plugins\/seo\/ -->\n<title>GO UP Foldable Plus Lights - Globber Scooter Schweiz<\/title>\n<meta name=\"robots\" content=\"index, follow, max-snippet:-1, max-image-preview:large, max-video-preview:-1\" \/>\n<link rel=\"canonical\" href=\"https:\/\/www.globber.com\/ch\/fr\/product\/go-up-foldable-plus-lights\/\" \/>\n<meta property=\"og:locale\" content=\"fr_FR\" \/>\n<meta property=\"og:type\" content=\"article\" \/>\n<meta property=\"og:title\" content=\"GO UP Foldable Plus Lights - Globber Scooter Schweiz\" \/>\n<meta property=\"og:description\" content=\"Offrez \u00e0 votre enfant l&#039;exp\u00e9rience la plus cool des 3 roues avec le Scooter GO\u2022UP FOLDABLE PLUS LIGHTS avec si\u00e8ge pour tout-petits. R\u00e9glable \u2713 roues LED \u2713 repose-pieds amovible \u2713\" \/>\n<meta property=\"og:url\" content=\"https:\/\/www.globber.com\/ch\/fr\/product\/go-up-foldable-plus-lights\/\" \/>\n<meta property=\"og:site_name\" content=\"Globber Scooter Schweiz\" \/>\n<meta property=\"article:modified_time\" content=\"2026-03-06T07:25:35+00:00\" \/>\n<meta property=\"og:image\" content=\"https:\/\/cdn.globber.com\/content\/sites\/41\/2024\/11\/67359b6429309.jpg\" \/>\n\t<meta property=\"og:image:width\" content=\"2048\" \/>\n\t<meta property=\"og:image:height\" content=\"2048\" \/>\n\t<meta property=\"og:image:type\" content=\"image\/jpeg\" \/>\n<meta name=\"twitter:card\" content=\"summary_large_image\" \/>\n<meta name=\"twitter:label1\" content=\"Availability\" \/>\n\t<meta name=\"twitter:data1\" content=\"In stock\" \/>\n<script type=\"application\/ld+json\" class=\"yoast-schema-graph\">{\"@context\":\"https:\/\/schema.org\",\"@graph\":[{\"@type\":[\"WebPage\",\"ItemPage\"],\"@id\":\"https:\/\/www.globber.com\/ch\/fr\/product\/go-up-foldable-plus-lights\/\",\"url\":\"https:\/\/www.globber.com\/ch\/fr\/product\/go-up-foldable-plus-lights\/\",\"name\":\"GO UP Foldable Plus Lights - Globber Scooter Schweiz\",\"isPartOf\":{\"@id\":\"https:\/\/www.globber.com\/ch\/fr\/#website\"},\"primaryImageOfPage\":{\"@id\":\"https:\/\/www.globber.com\/ch\/fr\/product\/go-up-foldable-plus-lights\/#primaryimage\"},\"image\":{\"@id\":\"https:\/\/www.globber.com\/ch\/fr\/product\/go-up-foldable-plus-lights\/#primaryimage\"},\"thumbnailUrl\":\"https:\/\/cdn.globber.com\/content\/sites\/41\/2024\/11\/67359b6429309.jpg\",\"datePublished\":\"2024-01-17T08:13:44+00:00\",\"dateModified\":\"2026-03-06T07:25:35+00:00\",\"breadcrumb\":{\"@id\":\"https:\/\/www.globber.com\/ch\/fr\/product\/go-up-foldable-plus-lights\/#breadcrumb\"},\"inLanguage\":\"fr-CH\",\"potentialAction\":[{\"@type\":\"ReadAction\",\"target\":[\"https:\/\/www.globber.com\/ch\/fr\/product\/go-up-foldable-plus-lights\/\"]}]},{\"@type\":\"ImageObject\",\"inLanguage\":\"fr-CH\",\"@id\":\"https:\/\/www.globber.com\/ch\/fr\/product\/go-up-foldable-plus-lights\/#primaryimage\",\"url\":\"https:\/\/cdn.globber.com\/content\/sites\/41\/2024\/11\/67359b6429309.jpg\",\"contentUrl\":\"https:\/\/cdn.globber.com\/content\/sites\/41\/2024\/11\/67359b6429309.jpg\",\"width\":2048,\"height\":2048},{\"@type\":\"BreadcrumbList\",\"@id\":\"https:\/\/www.globber.com\/ch\/fr\/product\/go-up-foldable-plus-lights\/#breadcrumb\",\"itemListElement\":[{\"@type\":\"ListItem\",\"position\":1,\"name\":\"Shop\",\"item\":\"https:\/\/www.globber.com\/ch\/fr\/shop\/\"},{\"@type\":\"ListItem\",\"position\":2,\"name\":\"GO UP Foldable Plus Lights\"}]},{\"@type\":\"WebSite\",\"@id\":\"https:\/\/www.globber.com\/ch\/fr\/#website\",\"url\":\"https:\/\/www.globber.com\/ch\/fr\/\",\"name\":\"Globber Scooter Schweiz\",\"description\":\"Der offizielle Online Shop\",\"publisher\":{\"@id\":\"https:\/\/www.globber.com\/ch\/fr\/#organization\"},\"potentialAction\":[{\"@type\":\"SearchAction\",\"target\":{\"@type\":\"EntryPoint\",\"urlTemplate\":\"https:\/\/www.globber.com\/ch\/fr\/?s={search_term_string}\"},\"query-input\":{\"@type\":\"PropertyValueSpecification\",\"valueRequired\":true,\"valueName\":\"search_term_string\"}}],\"inLanguage\":\"fr-CH\"},{\"@type\":\"Organization\",\"@id\":\"https:\/\/www.globber.com\/ch\/fr\/#organization\",\"name\":\"Globber Scooter Schweiz\",\"url\":\"https:\/\/www.globber.com\/ch\/fr\/\",\"logo\":{\"@type\":\"ImageObject\",\"inLanguage\":\"fr-CH\",\"@id\":\"https:\/\/www.globber.com\/ch\/fr\/#\/schema\/logo\/image\/\",\"url\":\"https:\/\/cdn.globber.com\/content\/2024\/05\/logo.svg\",\"contentUrl\":\"https:\/\/cdn.globber.com\/content\/2024\/05\/logo.svg\",\"width\":601,\"height\":112,\"caption\":\"Globber Scooter Schweiz\"},\"image\":{\"@id\":\"https:\/\/www.globber.com\/ch\/fr\/#\/schema\/logo\/image\/\"}}]}<\/script>\n<meta property=\"og:availability\" content=\"instock\" \/>\n<meta property=\"product:availability\" content=\"instock\" \/>\n<meta property=\"product:retailer_item_id\" content=\"643-XXX\" \/>\n<meta property=\"product:condition\" content=\"new\" \/>\n<!-- \/ Yoast SEO Premium plugin. -->","yoast_head_json":{"title":"GO UP Foldable Plus Lights - Globber Scooter Schweiz","robots":{"index":"index","follow":"follow","max-snippet":"max-snippet:-1","max-image-preview":"max-image-preview:large","max-video-preview":"max-video-preview:-1"},"canonical":"https:\/\/www.globber.com\/ch\/fr\/product\/go-up-foldable-plus-lights\/","og_locale":"fr_FR","og_type":"article","og_title":"GO UP Foldable Plus Lights - Globber Scooter Schweiz","og_description":"Offrez \u00e0 votre enfant l'exp\u00e9rience la plus cool des 3 roues avec le Scooter GO\u2022UP FOLDABLE PLUS LIGHTS avec si\u00e8ge pour tout-petits. R\u00e9glable \u2713 roues LED \u2713 repose-pieds amovible \u2713","og_url":"https:\/\/www.globber.com\/ch\/fr\/product\/go-up-foldable-plus-lights\/","og_site_name":"Globber Scooter Schweiz","article_modified_time":"2026-03-06T07:25:35+00:00","og_image":[{"width":2048,"height":2048,"url":"https:\/\/cdn.globber.com\/content\/sites\/41\/2024\/11\/67359b6429309.jpg","type":"image\/jpeg"}],"twitter_card":"summary_large_image","twitter_misc":{"Availability":"In stock"},"schema":{"@context":"https:\/\/schema.org","@graph":[{"@type":["WebPage","ItemPage"],"@id":"https:\/\/www.globber.com\/ch\/fr\/product\/go-up-foldable-plus-lights\/","url":"https:\/\/www.globber.com\/ch\/fr\/product\/go-up-foldable-plus-lights\/","name":"GO UP Foldable Plus Lights - Globber Scooter Schweiz","isPartOf":{"@id":"https:\/\/www.globber.com\/ch\/fr\/#website"},"primaryImageOfPage":{"@id":"https:\/\/www.globber.com\/ch\/fr\/product\/go-up-foldable-plus-lights\/#primaryimage"},"image":{"@id":"https:\/\/www.globber.com\/ch\/fr\/product\/go-up-foldable-plus-lights\/#primaryimage"},"thumbnailUrl":"https:\/\/cdn.globber.com\/content\/sites\/41\/2024\/11\/67359b6429309.jpg","datePublished":"2024-01-17T08:13:44+00:00","dateModified":"2026-03-06T07:25:35+00:00","breadcrumb":{"@id":"https:\/\/www.globber.com\/ch\/fr\/product\/go-up-foldable-plus-lights\/#breadcrumb"},"inLanguage":"fr-CH","potentialAction":[{"@type":"ReadAction","target":["https:\/\/www.globber.com\/ch\/fr\/product\/go-up-foldable-plus-lights\/"]}]},{"@type":"ImageObject","inLanguage":"fr-CH","@id":"https:\/\/www.globber.com\/ch\/fr\/product\/go-up-foldable-plus-lights\/#primaryimage","url":"https:\/\/cdn.globber.com\/content\/sites\/41\/2024\/11\/67359b6429309.jpg","contentUrl":"https:\/\/cdn.globber.com\/content\/sites\/41\/2024\/11\/67359b6429309.jpg","width":2048,"height":2048},{"@type":"BreadcrumbList","@id":"https:\/\/www.globber.com\/ch\/fr\/product\/go-up-foldable-plus-lights\/#breadcrumb","itemListElement":[{"@type":"ListItem","position":1,"name":"Shop","item":"https:\/\/www.globber.com\/ch\/fr\/shop\/"},{"@type":"ListItem","position":2,"name":"GO UP Foldable Plus Lights"}]},{"@type":"WebSite","@id":"https:\/\/www.globber.com\/ch\/fr\/#website","url":"https:\/\/www.globber.com\/ch\/fr\/","name":"Globber Scooter Schweiz","description":"Der offizielle Online Shop","publisher":{"@id":"https:\/\/www.globber.com\/ch\/fr\/#organization"},"potentialAction":[{"@type":"SearchAction","target":{"@type":"EntryPoint","urlTemplate":"https:\/\/www.globber.com\/ch\/fr\/?s={search_term_string}"},"query-input":{"@type":"PropertyValueSpecification","valueRequired":true,"valueName":"search_term_string"}}],"inLanguage":"fr-CH"},{"@type":"Organization","@id":"https:\/\/www.globber.com\/ch\/fr\/#organization","name":"Globber Scooter Schweiz","url":"https:\/\/www.globber.com\/ch\/fr\/","logo":{"@type":"ImageObject","inLanguage":"fr-CH","@id":"https:\/\/www.globber.com\/ch\/fr\/#\/schema\/logo\/image\/","url":"https:\/\/cdn.globber.com\/content\/2024\/05\/logo.svg","contentUrl":"https:\/\/cdn.globber.com\/content\/2024\/05\/logo.svg","width":601,"height":112,"caption":"Globber Scooter Schweiz"},"image":{"@id":"https:\/\/www.globber.com\/ch\/fr\/#\/schema\/logo\/image\/"}}]},"og_availability":"instock","product_availability":"instock","product_retailer_item_id":"643-XXX","product_condition":"new"},"_links":{"self":[{"href":"https:\/\/www.globber.com\/ch\/fr\/wp-json\/wp\/v2\/product\/21610","targetHints":{"allow":["GET"]}}],"collection":[{"href":"https:\/\/www.globber.com\/ch\/fr\/wp-json\/wp\/v2\/product"}],"about":[{"href":"https:\/\/www.globber.com\/ch\/fr\/wp-json\/wp\/v2\/types\/product"}],"replies":[{"embeddable":true,"href":"https:\/\/www.globber.com\/ch\/fr\/wp-json\/wp\/v2\/comments?post=21610"}],"wp:featuredmedia":[{"embeddable":true,"href":"https:\/\/www.globber.com\/ch\/fr\/wp-json\/wp\/v2\/media\/24162"}],"wp:attachment":[{"href":"https:\/\/www.globber.com\/ch\/fr\/wp-json\/wp\/v2\/media?parent=21610"}],"wp:term":[{"taxonomy":"product-special-badges","embeddable":true,"href":"https:\/\/www.globber.com\/ch\/fr\/wp-json\/wp\/v2\/product-special-badges?post=21610"},{"taxonomy":"product_brand","embeddable":true,"href":"https:\/\/www.globber.com\/ch\/fr\/wp-json\/wp\/v2\/product_brand?post=21610"},{"taxonomy":"product_cat","embeddable":true,"href":"https:\/\/www.globber.com\/ch\/fr\/wp-json\/wp\/v2\/product_cat?post=21610"},{"taxonomy":"product_tag","embeddable":true,"href":"https:\/\/www.globber.com\/ch\/fr\/wp-json\/wp\/v2\/product_tag?post=21610"}],"curies":[{"name":"wp","href":"https:\/\/api.w.org\/{rel}","templated":true}]}}