{"id":21611,"date":"2023-11-27T07:30:46","date_gmt":"2023-11-27T06:30:46","guid":{"rendered":"https:\/\/www.globber.com\/ch\/product\/go-up-sporty-lights-2\/"},"modified":"2026-03-06T08:25:48","modified_gmt":"2026-03-06T07:25:48","slug":"go-up-sporty-lights-2","status":"publish","type":"product","link":"https:\/\/www.globber.com\/ch\/fr\/product\/go-up-sporty-lights-2\/","title":{"rendered":"GO UP Sporty Lights"},"content":{"rendered":"<p data-start=\"183\" data-end=\"430\">Avec le Globber GO UP Sporty Lights, votre enfant commence son voyage mobile de mani\u00e8re particuli\u00e8rement ludique! Le scooter intelligent 3 en 1 combine la roue, le d\u00e9rapage et le Scooter dans un seul v\u00e9hicule-id\u00e9al pour les enfants de 15 mois \u00e0 4 ans.<\/p>\n<p data-start=\"432\" data-end=\"742\">Gr\u00e2ce \u00e0 la fonction tout-en-un bien pens\u00e9e, le GO UP Sporty Lights grandit facilement et s'adapte de mani\u00e8re ludique aux stades de d\u00e9veloppement de votre enfant. D\u00e8s 15 mois, votre enfant peut \u00eatre pouss\u00e9 en toute s\u00e9curit\u00e9 avec la tige de pouss\u00e9e \u2013 plus tard, il passera \u00e0 la roue et enfin au mini Scooter.<\/p>\n<p data-start=\"744\" data-end=\"949\">Particuli\u00e8rement pratique: la conversion est simple, rapide et sans outil. Ainsi, vous avez toujours le bon v\u00e9hicule pour votre enfant \u2013 que vous soyez sur la route ou dans le jardin.<\/p>\n<p data-start=\"951\" data-end=\"1080\">Le plus lumineux: les roues \u00e0 LED int\u00e9gr\u00e9es cr\u00e9ent non seulement un look cool, mais font de chaque trajet un point culminant.<\/p>\n","protected":false},"excerpt":{"rendered":"<article dir=\"auto\" data-testid=\"conversation-turn-242\" data-scroll-anchor=\"true\">\n<div dir=\"auto\" data-message-author-role=\"assistant\" data-message-id=\"9895611e-83b9-4b2a-8101-be8eff5a9581\" data-message-model-slug=\"gpt-4o\">\n<div>\n<p>Scooter avec si\u00e8ge pour les tout-petits (15m - 4+ ans)<\/p>\n<\/div>\n<\/div>\n<\/article>\n","protected":false},"featured_media":20653,"comment_status":"open","ping_status":"closed","template":"","meta":{"_acf_changed":false,"inline_featured_image":false},"product-special-badges":[],"product_brand":[],"product_cat":[4798,4821,4829,4832,4841,4843,4857],"product_tag":[],"class_list":{"0":"post-21611","1":"product","2":"type-product","3":"status-publish","4":"has-post-thumbnail","6":"product_cat-serie-de-montee","7":"product_cat-scooter-pliable","8":"product_cat-scooter-avec-siege","9":"product_cat-scooter-leger","10":"product_cat-tricycles-pour-bebes","11":"product_cat-trottinette-a-3-roues-pour-tous-les-ages","12":"product_cat-produits-pour-tout-petits","13":"pa_altersspanne-15-mois-a-7-ans","14":"pa_bremsen-composition-du-frein-arriere-mecanique","15":"pa_color-menthe","16":"pa_color-rosa-fr","17":"pa_deckmaterial-composite-pp-fibre-metal","18":"pa_einstellbar-oui","19":"pa_empfohlene-benutzerhoehe-70-cm-a-130-cm","20":"pa_faltbar-no-fr","21":"pa_groesse-der-raeder-121mm-vorne-24mm-breit-fr","22":"pa_groesse-der-raeder-80mm-hinten-24mm-breit-fr","23":"pa_groesse-der-raeder-pu-guss-mit-hoher-rueckfederung","24":"pa_grose-der-brucke-b-12-5cm-xl-54-5cm","25":"pa_hohen-der-t-stangen-67-5-72-5-77-5-cm-du-sol","26":"pa_maximales-benutzergewicht-mode-draisienne-20-kg-mode-trottinette-50-kg","27":"pa_product-badges-convertible","28":"pa_product-badges-illumine","29":"pa_product-badges-reglable","30":"pa_product-badges-tout-en-un","31":"pa_produktgewicht-netto-3-60-kg","32":"pa_produkttyp-mini-scooter","33":"pa_produkttyp-tricycle","34":"pa_radgrose-121-mm-24-mm-de-large-a-lavant","35":"pa_radgrose-80-mm-24-mm-de-large-a-larriere","36":"pa_sitzhoehen-23-30-cm-du-sol","38":"first","39":"instock","40":"taxable","41":"shipping-taxable","42":"purchasable","43":"product-type-variable"},"acf":[],"yoast_head":"<!-- This site is optimized with the Yoast SEO Premium plugin v20.12 (Yoast SEO v23.4) - https:\/\/yoast.com\/wordpress\/plugins\/seo\/ -->\n<title>GO UP Sporty Lights - Globber Scooter Schweiz<\/title>\n<meta name=\"robots\" content=\"index, follow, max-snippet:-1, max-image-preview:large, max-video-preview:-1\" \/>\n<link rel=\"canonical\" href=\"https:\/\/www.globber.com\/ch\/fr\/product\/go-up-sporty-lights-2\/\" \/>\n<meta property=\"og:locale\" content=\"fr_FR\" \/>\n<meta property=\"og:type\" content=\"article\" \/>\n<meta property=\"og:title\" content=\"GO UP Sporty Lights - Globber Scooter Schweiz\" \/>\n<meta property=\"og:description\" content=\"Scooter avec si\u00e8ge pour les tout-petits (15m - 4+ ans)\" \/>\n<meta property=\"og:url\" content=\"https:\/\/www.globber.com\/ch\/fr\/product\/go-up-sporty-lights-2\/\" \/>\n<meta property=\"og:site_name\" content=\"Globber Scooter Schweiz\" \/>\n<meta property=\"article:modified_time\" content=\"2026-03-06T07:25:48+00:00\" \/>\n<meta property=\"og:image\" content=\"https:\/\/cdn.globber.com\/content\/sites\/21\/2023\/11\/452-706-4_stages-all_rgb.jpg\" \/>\n\t<meta property=\"og:image:width\" content=\"2048\" \/>\n\t<meta property=\"og:image:height\" content=\"2048\" \/>\n\t<meta property=\"og:image:type\" content=\"image\/jpeg\" \/>\n<meta name=\"twitter:card\" content=\"summary_large_image\" \/>\n<meta name=\"twitter:label1\" content=\"Availability\" \/>\n\t<meta name=\"twitter:data1\" content=\"In stock\" \/>\n<script type=\"application\/ld+json\" class=\"yoast-schema-graph\">{\"@context\":\"https:\/\/schema.org\",\"@graph\":[{\"@type\":[\"WebPage\",\"ItemPage\"],\"@id\":\"https:\/\/www.globber.com\/ch\/fr\/product\/go-up-sporty-lights-2\/\",\"url\":\"https:\/\/www.globber.com\/ch\/fr\/product\/go-up-sporty-lights-2\/\",\"name\":\"GO UP Sporty Lights - Globber Scooter Schweiz\",\"isPartOf\":{\"@id\":\"https:\/\/www.globber.com\/ch\/fr\/#website\"},\"primaryImageOfPage\":{\"@id\":\"https:\/\/www.globber.com\/ch\/fr\/product\/go-up-sporty-lights-2\/#primaryimage\"},\"image\":{\"@id\":\"https:\/\/www.globber.com\/ch\/fr\/product\/go-up-sporty-lights-2\/#primaryimage\"},\"thumbnailUrl\":\"https:\/\/cdn.globber.com\/content\/sites\/21\/2023\/11\/452-706-4_stages-all_rgb.jpg\",\"datePublished\":\"2023-11-27T06:30:46+00:00\",\"dateModified\":\"2026-03-06T07:25:48+00:00\",\"breadcrumb\":{\"@id\":\"https:\/\/www.globber.com\/ch\/fr\/product\/go-up-sporty-lights-2\/#breadcrumb\"},\"inLanguage\":\"fr-CH\",\"potentialAction\":[{\"@type\":\"ReadAction\",\"target\":[\"https:\/\/www.globber.com\/ch\/fr\/product\/go-up-sporty-lights-2\/\"]}]},{\"@type\":\"ImageObject\",\"inLanguage\":\"fr-CH\",\"@id\":\"https:\/\/www.globber.com\/ch\/fr\/product\/go-up-sporty-lights-2\/#primaryimage\",\"url\":\"https:\/\/cdn.globber.com\/content\/sites\/21\/2023\/11\/452-706-4_stages-all_rgb.jpg\",\"contentUrl\":\"https:\/\/cdn.globber.com\/content\/sites\/21\/2023\/11\/452-706-4_stages-all_rgb.jpg\",\"width\":2048,\"height\":2048},{\"@type\":\"BreadcrumbList\",\"@id\":\"https:\/\/www.globber.com\/ch\/fr\/product\/go-up-sporty-lights-2\/#breadcrumb\",\"itemListElement\":[{\"@type\":\"ListItem\",\"position\":1,\"name\":\"Shop\",\"item\":\"https:\/\/www.globber.com\/ch\/fr\/shop\/\"},{\"@type\":\"ListItem\",\"position\":2,\"name\":\"GO UP Sporty Lights\"}]},{\"@type\":\"WebSite\",\"@id\":\"https:\/\/www.globber.com\/ch\/fr\/#website\",\"url\":\"https:\/\/www.globber.com\/ch\/fr\/\",\"name\":\"Globber Scooter Schweiz\",\"description\":\"Der offizielle Online Shop\",\"publisher\":{\"@id\":\"https:\/\/www.globber.com\/ch\/fr\/#organization\"},\"potentialAction\":[{\"@type\":\"SearchAction\",\"target\":{\"@type\":\"EntryPoint\",\"urlTemplate\":\"https:\/\/www.globber.com\/ch\/fr\/?s={search_term_string}\"},\"query-input\":{\"@type\":\"PropertyValueSpecification\",\"valueRequired\":true,\"valueName\":\"search_term_string\"}}],\"inLanguage\":\"fr-CH\"},{\"@type\":\"Organization\",\"@id\":\"https:\/\/www.globber.com\/ch\/fr\/#organization\",\"name\":\"Globber Scooter Schweiz\",\"url\":\"https:\/\/www.globber.com\/ch\/fr\/\",\"logo\":{\"@type\":\"ImageObject\",\"inLanguage\":\"fr-CH\",\"@id\":\"https:\/\/www.globber.com\/ch\/fr\/#\/schema\/logo\/image\/\",\"url\":\"https:\/\/cdn.globber.com\/content\/2024\/05\/logo.svg\",\"contentUrl\":\"https:\/\/cdn.globber.com\/content\/2024\/05\/logo.svg\",\"width\":601,\"height\":112,\"caption\":\"Globber Scooter Schweiz\"},\"image\":{\"@id\":\"https:\/\/www.globber.com\/ch\/fr\/#\/schema\/logo\/image\/\"}}]}<\/script>\n<meta property=\"og:availability\" content=\"instock\" \/>\n<meta property=\"product:availability\" content=\"instock\" \/>\n<meta property=\"product:retailer_item_id\" content=\"452-XXX-4\" \/>\n<meta property=\"product:condition\" content=\"new\" \/>\n<!-- \/ Yoast SEO Premium plugin. -->","yoast_head_json":{"title":"GO UP Sporty Lights - Globber Scooter Schweiz","robots":{"index":"index","follow":"follow","max-snippet":"max-snippet:-1","max-image-preview":"max-image-preview:large","max-video-preview":"max-video-preview:-1"},"canonical":"https:\/\/www.globber.com\/ch\/fr\/product\/go-up-sporty-lights-2\/","og_locale":"fr_FR","og_type":"article","og_title":"GO UP Sporty Lights - Globber Scooter Schweiz","og_description":"Scooter avec si\u00e8ge pour les tout-petits (15m - 4+ ans)","og_url":"https:\/\/www.globber.com\/ch\/fr\/product\/go-up-sporty-lights-2\/","og_site_name":"Globber Scooter Schweiz","article_modified_time":"2026-03-06T07:25:48+00:00","og_image":[{"width":2048,"height":2048,"url":"https:\/\/cdn.globber.com\/content\/sites\/21\/2023\/11\/452-706-4_stages-all_rgb.jpg","type":"image\/jpeg"}],"twitter_card":"summary_large_image","twitter_misc":{"Availability":"In stock"},"schema":{"@context":"https:\/\/schema.org","@graph":[{"@type":["WebPage","ItemPage"],"@id":"https:\/\/www.globber.com\/ch\/fr\/product\/go-up-sporty-lights-2\/","url":"https:\/\/www.globber.com\/ch\/fr\/product\/go-up-sporty-lights-2\/","name":"GO UP Sporty Lights - Globber Scooter Schweiz","isPartOf":{"@id":"https:\/\/www.globber.com\/ch\/fr\/#website"},"primaryImageOfPage":{"@id":"https:\/\/www.globber.com\/ch\/fr\/product\/go-up-sporty-lights-2\/#primaryimage"},"image":{"@id":"https:\/\/www.globber.com\/ch\/fr\/product\/go-up-sporty-lights-2\/#primaryimage"},"thumbnailUrl":"https:\/\/cdn.globber.com\/content\/sites\/21\/2023\/11\/452-706-4_stages-all_rgb.jpg","datePublished":"2023-11-27T06:30:46+00:00","dateModified":"2026-03-06T07:25:48+00:00","breadcrumb":{"@id":"https:\/\/www.globber.com\/ch\/fr\/product\/go-up-sporty-lights-2\/#breadcrumb"},"inLanguage":"fr-CH","potentialAction":[{"@type":"ReadAction","target":["https:\/\/www.globber.com\/ch\/fr\/product\/go-up-sporty-lights-2\/"]}]},{"@type":"ImageObject","inLanguage":"fr-CH","@id":"https:\/\/www.globber.com\/ch\/fr\/product\/go-up-sporty-lights-2\/#primaryimage","url":"https:\/\/cdn.globber.com\/content\/sites\/21\/2023\/11\/452-706-4_stages-all_rgb.jpg","contentUrl":"https:\/\/cdn.globber.com\/content\/sites\/21\/2023\/11\/452-706-4_stages-all_rgb.jpg","width":2048,"height":2048},{"@type":"BreadcrumbList","@id":"https:\/\/www.globber.com\/ch\/fr\/product\/go-up-sporty-lights-2\/#breadcrumb","itemListElement":[{"@type":"ListItem","position":1,"name":"Shop","item":"https:\/\/www.globber.com\/ch\/fr\/shop\/"},{"@type":"ListItem","position":2,"name":"GO UP Sporty Lights"}]},{"@type":"WebSite","@id":"https:\/\/www.globber.com\/ch\/fr\/#website","url":"https:\/\/www.globber.com\/ch\/fr\/","name":"Globber Scooter Schweiz","description":"Der offizielle Online Shop","publisher":{"@id":"https:\/\/www.globber.com\/ch\/fr\/#organization"},"potentialAction":[{"@type":"SearchAction","target":{"@type":"EntryPoint","urlTemplate":"https:\/\/www.globber.com\/ch\/fr\/?s={search_term_string}"},"query-input":{"@type":"PropertyValueSpecification","valueRequired":true,"valueName":"search_term_string"}}],"inLanguage":"fr-CH"},{"@type":"Organization","@id":"https:\/\/www.globber.com\/ch\/fr\/#organization","name":"Globber Scooter Schweiz","url":"https:\/\/www.globber.com\/ch\/fr\/","logo":{"@type":"ImageObject","inLanguage":"fr-CH","@id":"https:\/\/www.globber.com\/ch\/fr\/#\/schema\/logo\/image\/","url":"https:\/\/cdn.globber.com\/content\/2024\/05\/logo.svg","contentUrl":"https:\/\/cdn.globber.com\/content\/2024\/05\/logo.svg","width":601,"height":112,"caption":"Globber Scooter Schweiz"},"image":{"@id":"https:\/\/www.globber.com\/ch\/fr\/#\/schema\/logo\/image\/"}}]},"og_availability":"instock","product_availability":"instock","product_retailer_item_id":"452-XXX-4","product_condition":"new"},"_links":{"self":[{"href":"https:\/\/www.globber.com\/ch\/fr\/wp-json\/wp\/v2\/product\/21611","targetHints":{"allow":["GET"]}}],"collection":[{"href":"https:\/\/www.globber.com\/ch\/fr\/wp-json\/wp\/v2\/product"}],"about":[{"href":"https:\/\/www.globber.com\/ch\/fr\/wp-json\/wp\/v2\/types\/product"}],"replies":[{"embeddable":true,"href":"https:\/\/www.globber.com\/ch\/fr\/wp-json\/wp\/v2\/comments?post=21611"}],"wp:featuredmedia":[{"embeddable":true,"href":"https:\/\/www.globber.com\/ch\/fr\/wp-json\/wp\/v2\/media\/20653"}],"wp:attachment":[{"href":"https:\/\/www.globber.com\/ch\/fr\/wp-json\/wp\/v2\/media?parent=21611"}],"wp:term":[{"taxonomy":"product-special-badges","embeddable":true,"href":"https:\/\/www.globber.com\/ch\/fr\/wp-json\/wp\/v2\/product-special-badges?post=21611"},{"taxonomy":"product_brand","embeddable":true,"href":"https:\/\/www.globber.com\/ch\/fr\/wp-json\/wp\/v2\/product_brand?post=21611"},{"taxonomy":"product_cat","embeddable":true,"href":"https:\/\/www.globber.com\/ch\/fr\/wp-json\/wp\/v2\/product_cat?post=21611"},{"taxonomy":"product_tag","embeddable":true,"href":"https:\/\/www.globber.com\/ch\/fr\/wp-json\/wp\/v2\/product_tag?post=21611"}],"curies":[{"name":"wp","href":"https:\/\/api.w.org\/{rel}","templated":true}]}}