{"id":21614,"date":"2024-01-17T09:14:42","date_gmt":"2024-01-17T08:14:42","guid":{"rendered":"https:\/\/www.globber.com\/ch\/product\/globber-primo-foldable-fantasy-lights-mint-buddy\/"},"modified":"2026-03-06T08:26:31","modified_gmt":"2026-03-06T07:26:31","slug":"globber-primo-foldable-fantasy-lights-mint-buddy","status":"publish","type":"product","link":"https:\/\/www.globber.com\/ch\/fr\/product\/globber-primo-foldable-fantasy-lights-mint-buddy\/","title":{"rendered":"Globber | Primo Foldable Fantasy Lights | Mint buddy"},"content":{"rendered":"<p>Pr\u00eat pour les premiers essais de conduite? Le Globber Primo Foldable Fantasy Lights - Mint Buddy est le compagnon id\u00e9al pour les enfants \u00e0 partir de 3 ans qui souhaitent d\u00e9couvrir leur mobilit\u00e9 de mani\u00e8re ludique. Avec son design fantastique unique, son look menthe brillant et ses roues LED \u00e9l\u00e9gantes, ce mini Scooter offre non seulement beaucoup de plaisir de conduire, mais aussi des yeux d'enfants brillants. Le Scooter convainc par ses fonctions adapt\u00e9es aux enfants, sa s\u00e9curit\u00e9 maximale et son prix attractif \u2013 parfait pour entrer dans le monde du scooter.<\/p>\n","protected":false},"excerpt":{"rendered":"<p class=\"p1\"><strong>Scooter lumineux \u00e0 3 roues pour enfants avec pont de Scooter \u00e0 motifs.<\/strong><\/p>\n","protected":false},"featured_media":25825,"comment_status":"closed","ping_status":"closed","template":"","meta":{"_acf_changed":false,"inline_featured_image":false},"product-special-badges":[],"product_brand":[],"product_cat":[4776,4821,4832,4843,4847,4853],"product_tag":[],"class_list":{"0":"post-21614","1":"product","2":"type-product","3":"status-publish","4":"has-post-thumbnail","6":"product_cat-serie-primo","7":"product_cat-scooter-pliable","8":"product_cat-scooter-leger","9":"product_cat-trottinette-a-3-roues-pour-tous-les-ages","10":"product_cat-enfants-a-3-roues","11":"product_cat-trottinette-pour-enfants","12":"pa_altersspanne-3-7-ans","13":"pa_color-bleu","14":"pa_color-menthe","15":"pa_color-rose","16":"pa_einstellbar-oui","17":"pa_empfohlene-benutzerhoehe-95-110-cm","18":"pa_faltbar-yes-fr","19":"pa_grose-der-brucke-b-12-5cm-xl-54-5cm","20":"pa_hohen-der-t-stangen-67-5-72-5-77-5-cm-du-sol","21":"pa_maximales-benutzergewicht-50-kg","23":"first","24":"instock","25":"taxable","26":"shipping-taxable","27":"purchasable","28":"product-type-variable"},"acf":[],"yoast_head":"<!-- This site is optimized with the Yoast SEO Premium plugin v20.12 (Yoast SEO v23.4) - https:\/\/yoast.com\/wordpress\/plugins\/seo\/ -->\n<title>Globber | Primo Foldable Fantasy Lights | Mint buddy - Globber Scooter Schweiz<\/title>\n<meta name=\"robots\" content=\"index, follow, max-snippet:-1, max-image-preview:large, max-video-preview:-1\" \/>\n<link rel=\"canonical\" href=\"https:\/\/www.globber.com\/ch\/fr\/product\/globber-primo-foldable-fantasy-lights-mint-buddy\/\" \/>\n<meta property=\"og:locale\" content=\"fr_FR\" \/>\n<meta property=\"og:type\" content=\"article\" \/>\n<meta property=\"og:title\" content=\"Globber | Primo Foldable Fantasy Lights | Mint buddy - Globber Scooter Schweiz\" \/>\n<meta property=\"og:description\" content=\"Scooter lumineux \u00e0 3 roues pour enfants avec pont de Scooter \u00e0 motifs.\" \/>\n<meta property=\"og:url\" content=\"https:\/\/www.globber.com\/ch\/fr\/product\/globber-primo-foldable-fantasy-lights-mint-buddy\/\" \/>\n<meta property=\"og:site_name\" content=\"Globber Scooter Schweiz\" \/>\n<meta property=\"article:modified_time\" content=\"2026-03-06T07:26:31+00:00\" \/>\n<meta property=\"og:image\" content=\"https:\/\/cdn.globber.com\/content\/sites\/41\/2024\/11\/67345d452e22c.jpg\" \/>\n\t<meta property=\"og:image:width\" content=\"2048\" \/>\n\t<meta property=\"og:image:height\" content=\"2048\" \/>\n\t<meta property=\"og:image:type\" content=\"image\/jpeg\" \/>\n<meta name=\"twitter:card\" content=\"summary_large_image\" \/>\n<meta name=\"twitter:label1\" content=\"Availability\" \/>\n\t<meta name=\"twitter:data1\" content=\"In stock\" \/>\n<script type=\"application\/ld+json\" class=\"yoast-schema-graph\">{\"@context\":\"https:\/\/schema.org\",\"@graph\":[{\"@type\":[\"WebPage\",\"ItemPage\"],\"@id\":\"https:\/\/www.globber.com\/ch\/fr\/product\/globber-primo-foldable-fantasy-lights-mint-buddy\/\",\"url\":\"https:\/\/www.globber.com\/ch\/fr\/product\/globber-primo-foldable-fantasy-lights-mint-buddy\/\",\"name\":\"Globber | Primo Foldable Fantasy Lights | Mint buddy - Globber Scooter Schweiz\",\"isPartOf\":{\"@id\":\"https:\/\/www.globber.com\/ch\/fr\/#website\"},\"primaryImageOfPage\":{\"@id\":\"https:\/\/www.globber.com\/ch\/fr\/product\/globber-primo-foldable-fantasy-lights-mint-buddy\/#primaryimage\"},\"image\":{\"@id\":\"https:\/\/www.globber.com\/ch\/fr\/product\/globber-primo-foldable-fantasy-lights-mint-buddy\/#primaryimage\"},\"thumbnailUrl\":\"https:\/\/cdn.globber.com\/content\/sites\/41\/2024\/11\/67345d452e22c.jpg\",\"datePublished\":\"2024-01-17T08:14:42+00:00\",\"dateModified\":\"2026-03-06T07:26:31+00:00\",\"breadcrumb\":{\"@id\":\"https:\/\/www.globber.com\/ch\/fr\/product\/globber-primo-foldable-fantasy-lights-mint-buddy\/#breadcrumb\"},\"inLanguage\":\"fr-CH\",\"potentialAction\":[{\"@type\":\"ReadAction\",\"target\":[\"https:\/\/www.globber.com\/ch\/fr\/product\/globber-primo-foldable-fantasy-lights-mint-buddy\/\"]}]},{\"@type\":\"ImageObject\",\"inLanguage\":\"fr-CH\",\"@id\":\"https:\/\/www.globber.com\/ch\/fr\/product\/globber-primo-foldable-fantasy-lights-mint-buddy\/#primaryimage\",\"url\":\"https:\/\/cdn.globber.com\/content\/sites\/41\/2024\/11\/67345d452e22c.jpg\",\"contentUrl\":\"https:\/\/cdn.globber.com\/content\/sites\/41\/2024\/11\/67345d452e22c.jpg\",\"width\":2048,\"height\":2048},{\"@type\":\"BreadcrumbList\",\"@id\":\"https:\/\/www.globber.com\/ch\/fr\/product\/globber-primo-foldable-fantasy-lights-mint-buddy\/#breadcrumb\",\"itemListElement\":[{\"@type\":\"ListItem\",\"position\":1,\"name\":\"Shop\",\"item\":\"https:\/\/www.globber.com\/ch\/fr\/shop\/\"},{\"@type\":\"ListItem\",\"position\":2,\"name\":\"Globber | Primo Foldable Fantasy Lights | Mint buddy\"}]},{\"@type\":\"WebSite\",\"@id\":\"https:\/\/www.globber.com\/ch\/fr\/#website\",\"url\":\"https:\/\/www.globber.com\/ch\/fr\/\",\"name\":\"Globber Scooter Schweiz\",\"description\":\"Der offizielle Online Shop\",\"publisher\":{\"@id\":\"https:\/\/www.globber.com\/ch\/fr\/#organization\"},\"potentialAction\":[{\"@type\":\"SearchAction\",\"target\":{\"@type\":\"EntryPoint\",\"urlTemplate\":\"https:\/\/www.globber.com\/ch\/fr\/?s={search_term_string}\"},\"query-input\":{\"@type\":\"PropertyValueSpecification\",\"valueRequired\":true,\"valueName\":\"search_term_string\"}}],\"inLanguage\":\"fr-CH\"},{\"@type\":\"Organization\",\"@id\":\"https:\/\/www.globber.com\/ch\/fr\/#organization\",\"name\":\"Globber Scooter Schweiz\",\"url\":\"https:\/\/www.globber.com\/ch\/fr\/\",\"logo\":{\"@type\":\"ImageObject\",\"inLanguage\":\"fr-CH\",\"@id\":\"https:\/\/www.globber.com\/ch\/fr\/#\/schema\/logo\/image\/\",\"url\":\"https:\/\/cdn.globber.com\/content\/2024\/05\/logo.svg\",\"contentUrl\":\"https:\/\/cdn.globber.com\/content\/2024\/05\/logo.svg\",\"width\":601,\"height\":112,\"caption\":\"Globber Scooter Schweiz\"},\"image\":{\"@id\":\"https:\/\/www.globber.com\/ch\/fr\/#\/schema\/logo\/image\/\"}}]}<\/script>\n<meta property=\"og:availability\" content=\"instock\" \/>\n<meta property=\"product:availability\" content=\"instock\" \/>\n<meta property=\"product:retailer_item_id\" content=\"434-XXX\" \/>\n<meta property=\"product:condition\" content=\"new\" \/>\n<!-- \/ Yoast SEO Premium plugin. -->","yoast_head_json":{"title":"Globber | Primo Foldable Fantasy Lights | Mint buddy - Globber Scooter Schweiz","robots":{"index":"index","follow":"follow","max-snippet":"max-snippet:-1","max-image-preview":"max-image-preview:large","max-video-preview":"max-video-preview:-1"},"canonical":"https:\/\/www.globber.com\/ch\/fr\/product\/globber-primo-foldable-fantasy-lights-mint-buddy\/","og_locale":"fr_FR","og_type":"article","og_title":"Globber | Primo Foldable Fantasy Lights | Mint buddy - Globber Scooter Schweiz","og_description":"Scooter lumineux \u00e0 3 roues pour enfants avec pont de Scooter \u00e0 motifs.","og_url":"https:\/\/www.globber.com\/ch\/fr\/product\/globber-primo-foldable-fantasy-lights-mint-buddy\/","og_site_name":"Globber Scooter Schweiz","article_modified_time":"2026-03-06T07:26:31+00:00","og_image":[{"width":2048,"height":2048,"url":"https:\/\/cdn.globber.com\/content\/sites\/41\/2024\/11\/67345d452e22c.jpg","type":"image\/jpeg"}],"twitter_card":"summary_large_image","twitter_misc":{"Availability":"In stock"},"schema":{"@context":"https:\/\/schema.org","@graph":[{"@type":["WebPage","ItemPage"],"@id":"https:\/\/www.globber.com\/ch\/fr\/product\/globber-primo-foldable-fantasy-lights-mint-buddy\/","url":"https:\/\/www.globber.com\/ch\/fr\/product\/globber-primo-foldable-fantasy-lights-mint-buddy\/","name":"Globber | Primo Foldable Fantasy Lights | Mint buddy - Globber Scooter Schweiz","isPartOf":{"@id":"https:\/\/www.globber.com\/ch\/fr\/#website"},"primaryImageOfPage":{"@id":"https:\/\/www.globber.com\/ch\/fr\/product\/globber-primo-foldable-fantasy-lights-mint-buddy\/#primaryimage"},"image":{"@id":"https:\/\/www.globber.com\/ch\/fr\/product\/globber-primo-foldable-fantasy-lights-mint-buddy\/#primaryimage"},"thumbnailUrl":"https:\/\/cdn.globber.com\/content\/sites\/41\/2024\/11\/67345d452e22c.jpg","datePublished":"2024-01-17T08:14:42+00:00","dateModified":"2026-03-06T07:26:31+00:00","breadcrumb":{"@id":"https:\/\/www.globber.com\/ch\/fr\/product\/globber-primo-foldable-fantasy-lights-mint-buddy\/#breadcrumb"},"inLanguage":"fr-CH","potentialAction":[{"@type":"ReadAction","target":["https:\/\/www.globber.com\/ch\/fr\/product\/globber-primo-foldable-fantasy-lights-mint-buddy\/"]}]},{"@type":"ImageObject","inLanguage":"fr-CH","@id":"https:\/\/www.globber.com\/ch\/fr\/product\/globber-primo-foldable-fantasy-lights-mint-buddy\/#primaryimage","url":"https:\/\/cdn.globber.com\/content\/sites\/41\/2024\/11\/67345d452e22c.jpg","contentUrl":"https:\/\/cdn.globber.com\/content\/sites\/41\/2024\/11\/67345d452e22c.jpg","width":2048,"height":2048},{"@type":"BreadcrumbList","@id":"https:\/\/www.globber.com\/ch\/fr\/product\/globber-primo-foldable-fantasy-lights-mint-buddy\/#breadcrumb","itemListElement":[{"@type":"ListItem","position":1,"name":"Shop","item":"https:\/\/www.globber.com\/ch\/fr\/shop\/"},{"@type":"ListItem","position":2,"name":"Globber | Primo Foldable Fantasy Lights | Mint buddy"}]},{"@type":"WebSite","@id":"https:\/\/www.globber.com\/ch\/fr\/#website","url":"https:\/\/www.globber.com\/ch\/fr\/","name":"Globber Scooter Schweiz","description":"Der offizielle Online Shop","publisher":{"@id":"https:\/\/www.globber.com\/ch\/fr\/#organization"},"potentialAction":[{"@type":"SearchAction","target":{"@type":"EntryPoint","urlTemplate":"https:\/\/www.globber.com\/ch\/fr\/?s={search_term_string}"},"query-input":{"@type":"PropertyValueSpecification","valueRequired":true,"valueName":"search_term_string"}}],"inLanguage":"fr-CH"},{"@type":"Organization","@id":"https:\/\/www.globber.com\/ch\/fr\/#organization","name":"Globber Scooter Schweiz","url":"https:\/\/www.globber.com\/ch\/fr\/","logo":{"@type":"ImageObject","inLanguage":"fr-CH","@id":"https:\/\/www.globber.com\/ch\/fr\/#\/schema\/logo\/image\/","url":"https:\/\/cdn.globber.com\/content\/2024\/05\/logo.svg","contentUrl":"https:\/\/cdn.globber.com\/content\/2024\/05\/logo.svg","width":601,"height":112,"caption":"Globber Scooter Schweiz"},"image":{"@id":"https:\/\/www.globber.com\/ch\/fr\/#\/schema\/logo\/image\/"}}]},"og_availability":"instock","product_availability":"instock","product_retailer_item_id":"434-XXX","product_condition":"new"},"_links":{"self":[{"href":"https:\/\/www.globber.com\/ch\/fr\/wp-json\/wp\/v2\/product\/21614","targetHints":{"allow":["GET"]}}],"collection":[{"href":"https:\/\/www.globber.com\/ch\/fr\/wp-json\/wp\/v2\/product"}],"about":[{"href":"https:\/\/www.globber.com\/ch\/fr\/wp-json\/wp\/v2\/types\/product"}],"replies":[{"embeddable":true,"href":"https:\/\/www.globber.com\/ch\/fr\/wp-json\/wp\/v2\/comments?post=21614"}],"wp:featuredmedia":[{"embeddable":true,"href":"https:\/\/www.globber.com\/ch\/fr\/wp-json\/wp\/v2\/media\/25825"}],"wp:attachment":[{"href":"https:\/\/www.globber.com\/ch\/fr\/wp-json\/wp\/v2\/media?parent=21614"}],"wp:term":[{"taxonomy":"product-special-badges","embeddable":true,"href":"https:\/\/www.globber.com\/ch\/fr\/wp-json\/wp\/v2\/product-special-badges?post=21614"},{"taxonomy":"product_brand","embeddable":true,"href":"https:\/\/www.globber.com\/ch\/fr\/wp-json\/wp\/v2\/product_brand?post=21614"},{"taxonomy":"product_cat","embeddable":true,"href":"https:\/\/www.globber.com\/ch\/fr\/wp-json\/wp\/v2\/product_cat?post=21614"},{"taxonomy":"product_tag","embeddable":true,"href":"https:\/\/www.globber.com\/ch\/fr\/wp-json\/wp\/v2\/product_tag?post=21614"}],"curies":[{"name":"wp","href":"https:\/\/api.w.org\/{rel}","templated":true}]}}