{"id":21629,"date":"2025-02-19T16:15:40","date_gmt":"2025-02-19T15:15:40","guid":{"rendered":"https:\/\/www.globber.com\/ch\/product\/trike-explorer-4-en-1\/"},"modified":"2025-12-09T10:55:42","modified_gmt":"2025-12-09T09:55:42","slug":"trike-explorer-4-en-1","status":"publish","type":"product","link":"https:\/\/www.globber.com\/ch\/fr\/product\/trike-explorer-4-en-1\/","title":{"rendered":"Trike Explorer 4 en 1"},"content":{"rendered":"<p>Emmenez votre enfant dans un voyage de d\u00e9couverte sur roues! EXPLORER TRIKE 4in1 est un tricycle tout-en-un pour les tout-petits de 10 mois et plus qui propose 4 niveaux diff\u00e9rents: tricycle pour tout-petits (10-36m), tricycle guid\u00e9 (18-36m), tricycle D'entra\u00eenement (24-36m) et v\u00e9lo D'\u00e9quilibre (2-5J) pour changer confortablement avec le d\u00e9veloppement de votre enfant<\/p>\n<p>.<\/p>\n<p>L'EXPLORER TRIKE 4in1 a une conception 100% sans outil (aucun outil requis!), un m\u00e9canisme de roue brevet\u00e9, une poign\u00e9e parentale r\u00e9glable en hauteur 2x, une selle r\u00e9glable en hauteur 2x, un si\u00e8ge \u00e0 dossier haut, un repose-pieds<\/p>\n<p>amovible, des roues en mousse EVA<\/p>\n<p>et un rangement intelligent des p\u00e9dales qui offre encore plus de fonctionnalit\u00e9s! L'EXPLORER TRIKE 4in1 est compos\u00e9 de 30 \u00e0 33% de plastique<\/p>\n<p>global Recycled Standard (GRS)*. Le GRS est la r\u00e9f\u00e9rence internationale pour <a href=\"\/ch\/nachhaltige-roller\/\">la preuve de la teneur en recyclage des produits finis, garantissant la transparence des mat\u00e9riaux et favorisant<\/a> une \u00e9conomie circulaire<\/p>\n<p>. En utilisant du plastique recycl\u00e9 certifi\u00e9 GRS dans nos collections 3 roues et ECOLOGIC, nous avons pu r\u00e9utiliser un total de plus de 118 tonnes de bouteilles et de gobelets usag\u00e9s, de filets de p\u00eache r\u00e9cup\u00e9r\u00e9s et de vieux jouets et tissus d'ameublement depuis octobre 2022. En savoir plus.<\/p>\n","protected":false},"excerpt":{"rendered":"<p>Tricycle et roue d'entra\u00eenement tout-en-un (10M-5Y)<\/p>\n","protected":false},"featured_media":23301,"comment_status":"open","ping_status":"closed","template":"","meta":{"_acf_changed":false,"inline_featured_image":false},"product-special-badges":[],"product_brand":[],"product_cat":[4805,4829,4830,4841,4857],"product_tag":[],"class_list":{"0":"post-21629","1":"product","2":"type-product","3":"status-publish","4":"has-post-thumbnail","6":"product_cat-serie-explorer-trike","7":"product_cat-scooter-avec-siege","8":"product_cat-velos-dequilibre","9":"product_cat-tricycles-pour-bebes","10":"product_cat-produits-pour-tout-petits","11":"pa_altersspanne-10-mois-a-5-ans","12":"pa_color-beige","13":"pa_color-bleu-fonce","14":"pa_color-menthe","15":"pa_color-noir","16":"pa_color-rosa-fr","17":"pa_color-rouge","18":"pa_color-scie","19":"pa_color-turquoise","20":"pa_einstellbar-oui","21":"pa_empfohlene-benutzerhoehe-65-105-cm","22":"pa_faltbar-no-fr","23":"pa_groesse-der-raeder-220mm-36mm-breit-fr","24":"pa_groesse-der-raeder-250mm-44mm-breit-fr","25":"pa_groesse-der-raeder-eva-schaum","26":"pa_maximales-benutzergewicht-20-kg","27":"pa_produktgewicht-netto-6-75-kg","28":"pa_produkttyp-tricycle","29":"pa_sitzhoehen-selle-31-34cm-du-sol-siege-avec-dossier-haut-32-35cm-du-sol","31":"first","32":"instock","33":"taxable","34":"shipping-taxable","35":"purchasable","36":"product-type-variable"},"acf":[],"yoast_head":"<!-- This site is optimized with the Yoast SEO Premium plugin v20.12 (Yoast SEO v23.4) - https:\/\/yoast.com\/wordpress\/plugins\/seo\/ -->\n<title>Trike Explorer 4 en 1 - Globber Scooter Schweiz<\/title>\n<meta name=\"robots\" content=\"index, follow, max-snippet:-1, max-image-preview:large, max-video-preview:-1\" \/>\n<link rel=\"canonical\" href=\"https:\/\/www.globber.com\/ch\/de\/product\/laufrad-dreirad-trike-explorer-4in1\/\" \/>\n<meta property=\"og:locale\" content=\"fr_FR\" \/>\n<meta property=\"og:type\" content=\"article\" \/>\n<meta property=\"og:title\" content=\"Trike Explorer 4 en 1 - Globber Scooter Schweiz\" \/>\n<meta property=\"og:description\" content=\"Tricycle et roue d&#039;entra\u00eenement tout-en-un (10M-5Y)\" \/>\n<meta property=\"og:url\" content=\"https:\/\/www.globber.com\/ch\/de\/product\/laufrad-dreirad-trike-explorer-4in1\/\" \/>\n<meta property=\"og:site_name\" content=\"Globber Scooter Schweiz\" \/>\n<meta property=\"article:modified_time\" content=\"2025-12-09T09:55:42+00:00\" \/>\n<meta property=\"og:image\" content=\"https:\/\/cdn.globber.com\/content\/sites\/41\/2025\/02\/634-110_stages-all_rgb.jpg\" \/>\n\t<meta property=\"og:image:width\" content=\"1447\" \/>\n\t<meta property=\"og:image:height\" content=\"1372\" \/>\n\t<meta property=\"og:image:type\" content=\"image\/jpeg\" \/>\n<meta name=\"twitter:card\" content=\"summary_large_image\" \/>\n<meta name=\"twitter:label1\" content=\"Availability\" \/>\n\t<meta name=\"twitter:data1\" content=\"In stock\" \/>\n<script type=\"application\/ld+json\" class=\"yoast-schema-graph\">{\"@context\":\"https:\/\/schema.org\",\"@graph\":[{\"@type\":[\"WebPage\",\"ItemPage\"],\"@id\":\"https:\/\/www.globber.com\/ch\/de\/product\/laufrad-dreirad-trike-explorer-4in1\/\",\"url\":\"https:\/\/www.globber.com\/ch\/de\/product\/laufrad-dreirad-trike-explorer-4in1\/\",\"name\":\"Trike Explorer 4 en 1 - Globber Scooter Schweiz\",\"isPartOf\":{\"@id\":\"https:\/\/www.globber.com\/ch\/fr\/#website\"},\"primaryImageOfPage\":{\"@id\":\"https:\/\/www.globber.com\/ch\/de\/product\/laufrad-dreirad-trike-explorer-4in1\/#primaryimage\"},\"image\":{\"@id\":\"https:\/\/www.globber.com\/ch\/de\/product\/laufrad-dreirad-trike-explorer-4in1\/#primaryimage\"},\"thumbnailUrl\":\"https:\/\/cdn.globber.com\/content\/sites\/41\/2025\/02\/634-110_stages-all_rgb.jpg\",\"datePublished\":\"2025-02-19T15:15:40+00:00\",\"dateModified\":\"2025-12-09T09:55:42+00:00\",\"breadcrumb\":{\"@id\":\"https:\/\/www.globber.com\/ch\/de\/product\/laufrad-dreirad-trike-explorer-4in1\/#breadcrumb\"},\"inLanguage\":\"fr-CH\",\"potentialAction\":[{\"@type\":\"ReadAction\",\"target\":[\"https:\/\/www.globber.com\/ch\/de\/product\/laufrad-dreirad-trike-explorer-4in1\/\"]}]},{\"@type\":\"ImageObject\",\"inLanguage\":\"fr-CH\",\"@id\":\"https:\/\/www.globber.com\/ch\/de\/product\/laufrad-dreirad-trike-explorer-4in1\/#primaryimage\",\"url\":\"https:\/\/cdn.globber.com\/content\/sites\/41\/2025\/02\/634-110_stages-all_rgb.jpg\",\"contentUrl\":\"https:\/\/cdn.globber.com\/content\/sites\/41\/2025\/02\/634-110_stages-all_rgb.jpg\",\"width\":1447,\"height\":1372},{\"@type\":\"BreadcrumbList\",\"@id\":\"https:\/\/www.globber.com\/ch\/de\/product\/laufrad-dreirad-trike-explorer-4in1\/#breadcrumb\",\"itemListElement\":[{\"@type\":\"ListItem\",\"position\":1,\"name\":\"Shop\",\"item\":\"https:\/\/www.globber.com\/ch\/fr\/shop\/\"},{\"@type\":\"ListItem\",\"position\":2,\"name\":\"Trike Explorer 4 en 1\"}]},{\"@type\":\"WebSite\",\"@id\":\"https:\/\/www.globber.com\/ch\/fr\/#website\",\"url\":\"https:\/\/www.globber.com\/ch\/fr\/\",\"name\":\"Globber Scooter Schweiz\",\"description\":\"Der offizielle Online Shop\",\"publisher\":{\"@id\":\"https:\/\/www.globber.com\/ch\/fr\/#organization\"},\"potentialAction\":[{\"@type\":\"SearchAction\",\"target\":{\"@type\":\"EntryPoint\",\"urlTemplate\":\"https:\/\/www.globber.com\/ch\/fr\/?s={search_term_string}\"},\"query-input\":{\"@type\":\"PropertyValueSpecification\",\"valueRequired\":true,\"valueName\":\"search_term_string\"}}],\"inLanguage\":\"fr-CH\"},{\"@type\":\"Organization\",\"@id\":\"https:\/\/www.globber.com\/ch\/fr\/#organization\",\"name\":\"Globber Scooter Schweiz\",\"url\":\"https:\/\/www.globber.com\/ch\/fr\/\",\"logo\":{\"@type\":\"ImageObject\",\"inLanguage\":\"fr-CH\",\"@id\":\"https:\/\/www.globber.com\/ch\/fr\/#\/schema\/logo\/image\/\",\"url\":\"https:\/\/cdn.globber.com\/content\/2024\/05\/logo.svg\",\"contentUrl\":\"https:\/\/cdn.globber.com\/content\/2024\/05\/logo.svg\",\"width\":601,\"height\":112,\"caption\":\"Globber Scooter Schweiz\"},\"image\":{\"@id\":\"https:\/\/www.globber.com\/ch\/fr\/#\/schema\/logo\/image\/\"}}]}<\/script>\n<meta property=\"og:availability\" content=\"instock\" \/>\n<meta property=\"product:availability\" content=\"instock\" \/>\n<meta property=\"product:retailer_item_id\" content=\"634-XXX\" \/>\n<meta property=\"product:condition\" content=\"new\" \/>\n<!-- \/ Yoast SEO Premium plugin. -->","yoast_head_json":{"title":"Trike Explorer 4 en 1 - Globber Scooter Schweiz","robots":{"index":"index","follow":"follow","max-snippet":"max-snippet:-1","max-image-preview":"max-image-preview:large","max-video-preview":"max-video-preview:-1"},"canonical":"https:\/\/www.globber.com\/ch\/de\/product\/laufrad-dreirad-trike-explorer-4in1\/","og_locale":"fr_FR","og_type":"article","og_title":"Trike Explorer 4 en 1 - Globber Scooter Schweiz","og_description":"Tricycle et roue d'entra\u00eenement tout-en-un (10M-5Y)","og_url":"https:\/\/www.globber.com\/ch\/de\/product\/laufrad-dreirad-trike-explorer-4in1\/","og_site_name":"Globber Scooter Schweiz","article_modified_time":"2025-12-09T09:55:42+00:00","og_image":[{"width":1447,"height":1372,"url":"https:\/\/cdn.globber.com\/content\/sites\/41\/2025\/02\/634-110_stages-all_rgb.jpg","type":"image\/jpeg"}],"twitter_card":"summary_large_image","twitter_misc":{"Availability":"In stock"},"schema":{"@context":"https:\/\/schema.org","@graph":[{"@type":["WebPage","ItemPage"],"@id":"https:\/\/www.globber.com\/ch\/de\/product\/laufrad-dreirad-trike-explorer-4in1\/","url":"https:\/\/www.globber.com\/ch\/de\/product\/laufrad-dreirad-trike-explorer-4in1\/","name":"Trike Explorer 4 en 1 - Globber Scooter Schweiz","isPartOf":{"@id":"https:\/\/www.globber.com\/ch\/fr\/#website"},"primaryImageOfPage":{"@id":"https:\/\/www.globber.com\/ch\/de\/product\/laufrad-dreirad-trike-explorer-4in1\/#primaryimage"},"image":{"@id":"https:\/\/www.globber.com\/ch\/de\/product\/laufrad-dreirad-trike-explorer-4in1\/#primaryimage"},"thumbnailUrl":"https:\/\/cdn.globber.com\/content\/sites\/41\/2025\/02\/634-110_stages-all_rgb.jpg","datePublished":"2025-02-19T15:15:40+00:00","dateModified":"2025-12-09T09:55:42+00:00","breadcrumb":{"@id":"https:\/\/www.globber.com\/ch\/de\/product\/laufrad-dreirad-trike-explorer-4in1\/#breadcrumb"},"inLanguage":"fr-CH","potentialAction":[{"@type":"ReadAction","target":["https:\/\/www.globber.com\/ch\/de\/product\/laufrad-dreirad-trike-explorer-4in1\/"]}]},{"@type":"ImageObject","inLanguage":"fr-CH","@id":"https:\/\/www.globber.com\/ch\/de\/product\/laufrad-dreirad-trike-explorer-4in1\/#primaryimage","url":"https:\/\/cdn.globber.com\/content\/sites\/41\/2025\/02\/634-110_stages-all_rgb.jpg","contentUrl":"https:\/\/cdn.globber.com\/content\/sites\/41\/2025\/02\/634-110_stages-all_rgb.jpg","width":1447,"height":1372},{"@type":"BreadcrumbList","@id":"https:\/\/www.globber.com\/ch\/de\/product\/laufrad-dreirad-trike-explorer-4in1\/#breadcrumb","itemListElement":[{"@type":"ListItem","position":1,"name":"Shop","item":"https:\/\/www.globber.com\/ch\/fr\/shop\/"},{"@type":"ListItem","position":2,"name":"Trike Explorer 4 en 1"}]},{"@type":"WebSite","@id":"https:\/\/www.globber.com\/ch\/fr\/#website","url":"https:\/\/www.globber.com\/ch\/fr\/","name":"Globber Scooter Schweiz","description":"Der offizielle Online Shop","publisher":{"@id":"https:\/\/www.globber.com\/ch\/fr\/#organization"},"potentialAction":[{"@type":"SearchAction","target":{"@type":"EntryPoint","urlTemplate":"https:\/\/www.globber.com\/ch\/fr\/?s={search_term_string}"},"query-input":{"@type":"PropertyValueSpecification","valueRequired":true,"valueName":"search_term_string"}}],"inLanguage":"fr-CH"},{"@type":"Organization","@id":"https:\/\/www.globber.com\/ch\/fr\/#organization","name":"Globber Scooter Schweiz","url":"https:\/\/www.globber.com\/ch\/fr\/","logo":{"@type":"ImageObject","inLanguage":"fr-CH","@id":"https:\/\/www.globber.com\/ch\/fr\/#\/schema\/logo\/image\/","url":"https:\/\/cdn.globber.com\/content\/2024\/05\/logo.svg","contentUrl":"https:\/\/cdn.globber.com\/content\/2024\/05\/logo.svg","width":601,"height":112,"caption":"Globber Scooter Schweiz"},"image":{"@id":"https:\/\/www.globber.com\/ch\/fr\/#\/schema\/logo\/image\/"}}]},"og_availability":"instock","product_availability":"instock","product_retailer_item_id":"634-XXX","product_condition":"new"},"_links":{"self":[{"href":"https:\/\/www.globber.com\/ch\/fr\/wp-json\/wp\/v2\/product\/21629","targetHints":{"allow":["GET"]}}],"collection":[{"href":"https:\/\/www.globber.com\/ch\/fr\/wp-json\/wp\/v2\/product"}],"about":[{"href":"https:\/\/www.globber.com\/ch\/fr\/wp-json\/wp\/v2\/types\/product"}],"replies":[{"embeddable":true,"href":"https:\/\/www.globber.com\/ch\/fr\/wp-json\/wp\/v2\/comments?post=21629"}],"wp:featuredmedia":[{"embeddable":true,"href":"https:\/\/www.globber.com\/ch\/fr\/wp-json\/wp\/v2\/media\/23301"}],"wp:attachment":[{"href":"https:\/\/www.globber.com\/ch\/fr\/wp-json\/wp\/v2\/media?parent=21629"}],"wp:term":[{"taxonomy":"product-special-badges","embeddable":true,"href":"https:\/\/www.globber.com\/ch\/fr\/wp-json\/wp\/v2\/product-special-badges?post=21629"},{"taxonomy":"product_brand","embeddable":true,"href":"https:\/\/www.globber.com\/ch\/fr\/wp-json\/wp\/v2\/product_brand?post=21629"},{"taxonomy":"product_cat","embeddable":true,"href":"https:\/\/www.globber.com\/ch\/fr\/wp-json\/wp\/v2\/product_cat?post=21629"},{"taxonomy":"product_tag","embeddable":true,"href":"https:\/\/www.globber.com\/ch\/fr\/wp-json\/wp\/v2\/product_tag?post=21629"}],"curies":[{"name":"wp","href":"https:\/\/api.w.org\/{rel}","templated":true}]}}