{"id":21630,"date":"2025-05-08T14:52:24","date_gmt":"2025-05-08T12:52:24","guid":{"rendered":"https:\/\/www.globber.com\/ch\/product\/globber-rollers-2-en-1-taille-30-33-bleu-cendre\/"},"modified":"2025-12-09T08:07:05","modified_gmt":"2025-12-09T07:07:05","slug":"globber-rollers-2-en-1-taille-30-33-bleu-cendre","status":"publish","type":"product","link":"https:\/\/www.globber.com\/ch\/fr\/product\/globber-rollers-2-en-1-taille-30-33-bleu-cendre\/","title":{"rendered":"Globber | Rollers 2 en 1 | Taille 30-33 | Bleu cendr\u00e9"},"content":{"rendered":"<p><p>La combinaison parfaite entre plaisir et apprentissage permet aux enfants de faire rapidement des wheelies : les rollers LEARNING SKATES 2in1 s'adaptent aux enfants - commencez en mode apprentissage (les 2 roues arri\u00e8re sont parall\u00e8les pour plus de stabilit\u00e9) et passez simplement en mode inline lorsque votre enfant aura acquis les comp\u00e9tences n\u00e9cessaires.<\/p>\n<p>Les patins \u00e0 roues align\u00e9es LEARNING SKATES 2in1 sont \u00e9quip\u00e9s d'un module de roue arri\u00e8re pivotant pour une transformation facile, de sangles et de boutons simples mais r\u00e9sistants pour un r\u00e9glage facile, d'une conception 100 % sans outils, de chaussures confortables et de roues de haute qualit\u00e9.<\/p>\n<p>Les enfants restent actifs et motiv\u00e9s tout en d\u00e9veloppant leur \u00e9quilibre, leur coordination et leur confiance en eux - un plaisir sans fin sur roues pour vos petits aventuriers !<\/p><\/p>\n","protected":false},"excerpt":{"rendered":"<p><strong>Patins \u00e0 roues align\u00e9es pour les tout-petits (3+) et les enfants (5+)<\/strong><\/p>\n","protected":false},"featured_media":25761,"comment_status":"open","ping_status":"closed","template":"","meta":{"_acf_changed":false,"inline_featured_image":false},"product-special-badges":[],"product_brand":[],"product_cat":[4768,4860],"product_tag":[],"class_list":{"0":"post-21630","1":"product","2":"type-product","3":"status-publish","4":"has-post-thumbnail","6":"product_cat-serie-pour-enfants","7":"product_cat-patins-a-roues-alignees","8":"pa_altersspanne-sm-5-ans","9":"pa_color-bleu","10":"pa_color-menthe","11":"pa_color-rosa-fr","12":"pa_einstellbar-oui","13":"pa_empfohlene-benutzerhoehe-100-160-cm","14":"pa_maximales-benutzergewicht-50-kg","15":"pa_product-badges-debutant","16":"pa_product-badges-reglable","17":"pa_product-badges-tout-en-un","18":"pa_produktgewicht-netto-m-1-80kg","19":"pa_taille-sm-eu-taille-30-33","21":"first","22":"instock","23":"taxable","24":"shipping-taxable","25":"purchasable","26":"product-type-variable"},"acf":[],"yoast_head":"<!-- This site is optimized with the Yoast SEO Premium plugin v20.12 (Yoast SEO v23.4) - https:\/\/yoast.com\/wordpress\/plugins\/seo\/ -->\n<title>Globber | Rollers 2 en 1 | Taille 30-33 | Bleu cendr\u00e9 - Globber Scooter Schweiz<\/title>\n<meta name=\"robots\" content=\"index, follow, max-snippet:-1, max-image-preview:large, max-video-preview:-1\" \/>\n<link rel=\"canonical\" href=\"https:\/\/www.globber.com\/ch\/fr\/product\/globber-rollers-2-en-1-taille-30-33-bleu-cendre\/\" \/>\n<meta property=\"og:locale\" content=\"fr_FR\" \/>\n<meta property=\"og:type\" content=\"article\" \/>\n<meta property=\"og:title\" content=\"Globber | Rollers 2 en 1 | Taille 30-33 | Bleu cendr\u00e9 - Globber Scooter Schweiz\" \/>\n<meta property=\"og:description\" content=\"Patins \u00e0 roues align\u00e9es pour les tout-petits (3+) et les enfants (5+)\" \/>\n<meta property=\"og:url\" content=\"https:\/\/www.globber.com\/ch\/fr\/product\/globber-rollers-2-en-1-taille-30-33-bleu-cendre\/\" \/>\n<meta property=\"og:site_name\" content=\"Globber Scooter Schweiz\" \/>\n<meta property=\"article:modified_time\" content=\"2025-12-09T07:07:05+00:00\" \/>\n<meta property=\"og:image\" content=\"https:\/\/cdn.globber.com\/content\/2023\/11\/783-200_globber-inline-skate.jpg\" \/>\n\t<meta property=\"og:image:width\" content=\"2048\" \/>\n\t<meta property=\"og:image:height\" content=\"2048\" \/>\n\t<meta property=\"og:image:type\" content=\"image\/jpeg\" \/>\n<meta name=\"twitter:card\" content=\"summary_large_image\" \/>\n<meta name=\"twitter:label1\" content=\"Availability\" \/>\n\t<meta name=\"twitter:data1\" content=\"In stock\" \/>\n<script type=\"application\/ld+json\" class=\"yoast-schema-graph\">{\"@context\":\"https:\/\/schema.org\",\"@graph\":[{\"@type\":[\"WebPage\",\"ItemPage\"],\"@id\":\"https:\/\/www.globber.com\/ch\/fr\/product\/globber-rollers-2-en-1-taille-30-33-bleu-cendre\/\",\"url\":\"https:\/\/www.globber.com\/ch\/fr\/product\/globber-rollers-2-en-1-taille-30-33-bleu-cendre\/\",\"name\":\"Globber | Rollers 2 en 1 | Taille 30-33 | Bleu cendr\u00e9 - Globber Scooter Schweiz\",\"isPartOf\":{\"@id\":\"https:\/\/www.globber.com\/ch\/fr\/#website\"},\"primaryImageOfPage\":{\"@id\":\"https:\/\/www.globber.com\/ch\/fr\/product\/globber-rollers-2-en-1-taille-30-33-bleu-cendre\/#primaryimage\"},\"image\":{\"@id\":\"https:\/\/www.globber.com\/ch\/fr\/product\/globber-rollers-2-en-1-taille-30-33-bleu-cendre\/#primaryimage\"},\"thumbnailUrl\":\"https:\/\/cdn.globber.com\/content\/2023\/11\/783-200_globber-inline-skate.jpg\",\"datePublished\":\"2025-05-08T12:52:24+00:00\",\"dateModified\":\"2025-12-09T07:07:05+00:00\",\"breadcrumb\":{\"@id\":\"https:\/\/www.globber.com\/ch\/fr\/product\/globber-rollers-2-en-1-taille-30-33-bleu-cendre\/#breadcrumb\"},\"inLanguage\":\"fr-CH\",\"potentialAction\":[{\"@type\":\"ReadAction\",\"target\":[\"https:\/\/www.globber.com\/ch\/fr\/product\/globber-rollers-2-en-1-taille-30-33-bleu-cendre\/\"]}]},{\"@type\":\"ImageObject\",\"inLanguage\":\"fr-CH\",\"@id\":\"https:\/\/www.globber.com\/ch\/fr\/product\/globber-rollers-2-en-1-taille-30-33-bleu-cendre\/#primaryimage\",\"url\":\"https:\/\/cdn.globber.com\/content\/2023\/11\/783-200_globber-inline-skate.jpg\",\"contentUrl\":\"https:\/\/cdn.globber.com\/content\/2023\/11\/783-200_globber-inline-skate.jpg\",\"width\":2048,\"height\":2048},{\"@type\":\"BreadcrumbList\",\"@id\":\"https:\/\/www.globber.com\/ch\/fr\/product\/globber-rollers-2-en-1-taille-30-33-bleu-cendre\/#breadcrumb\",\"itemListElement\":[{\"@type\":\"ListItem\",\"position\":1,\"name\":\"Shop\",\"item\":\"https:\/\/www.globber.com\/ch\/fr\/shop\/\"},{\"@type\":\"ListItem\",\"position\":2,\"name\":\"Globber | Rollers 2 en 1 | Taille 30-33 | Bleu cendr\u00e9\"}]},{\"@type\":\"WebSite\",\"@id\":\"https:\/\/www.globber.com\/ch\/fr\/#website\",\"url\":\"https:\/\/www.globber.com\/ch\/fr\/\",\"name\":\"Globber Scooter Schweiz\",\"description\":\"Der offizielle Online Shop\",\"publisher\":{\"@id\":\"https:\/\/www.globber.com\/ch\/fr\/#organization\"},\"potentialAction\":[{\"@type\":\"SearchAction\",\"target\":{\"@type\":\"EntryPoint\",\"urlTemplate\":\"https:\/\/www.globber.com\/ch\/fr\/?s={search_term_string}\"},\"query-input\":{\"@type\":\"PropertyValueSpecification\",\"valueRequired\":true,\"valueName\":\"search_term_string\"}}],\"inLanguage\":\"fr-CH\"},{\"@type\":\"Organization\",\"@id\":\"https:\/\/www.globber.com\/ch\/fr\/#organization\",\"name\":\"Globber Scooter Schweiz\",\"url\":\"https:\/\/www.globber.com\/ch\/fr\/\",\"logo\":{\"@type\":\"ImageObject\",\"inLanguage\":\"fr-CH\",\"@id\":\"https:\/\/www.globber.com\/ch\/fr\/#\/schema\/logo\/image\/\",\"url\":\"https:\/\/cdn.globber.com\/content\/2024\/05\/logo.svg\",\"contentUrl\":\"https:\/\/cdn.globber.com\/content\/2024\/05\/logo.svg\",\"width\":601,\"height\":112,\"caption\":\"Globber Scooter Schweiz\"},\"image\":{\"@id\":\"https:\/\/www.globber.com\/ch\/fr\/#\/schema\/logo\/image\/\"}}]}<\/script>\n<meta property=\"og:availability\" content=\"instock\" \/>\n<meta property=\"product:availability\" content=\"instock\" \/>\n<meta property=\"product:retailer_item_id\" content=\"783-XXX\" \/>\n<meta property=\"product:condition\" content=\"new\" \/>\n<!-- \/ Yoast SEO Premium plugin. -->","yoast_head_json":{"title":"Globber | Rollers 2 en 1 | Taille 30-33 | Bleu cendr\u00e9 - Globber Scooter Schweiz","robots":{"index":"index","follow":"follow","max-snippet":"max-snippet:-1","max-image-preview":"max-image-preview:large","max-video-preview":"max-video-preview:-1"},"canonical":"https:\/\/www.globber.com\/ch\/fr\/product\/globber-rollers-2-en-1-taille-30-33-bleu-cendre\/","og_locale":"fr_FR","og_type":"article","og_title":"Globber | Rollers 2 en 1 | Taille 30-33 | Bleu cendr\u00e9 - Globber Scooter Schweiz","og_description":"Patins \u00e0 roues align\u00e9es pour les tout-petits (3+) et les enfants (5+)","og_url":"https:\/\/www.globber.com\/ch\/fr\/product\/globber-rollers-2-en-1-taille-30-33-bleu-cendre\/","og_site_name":"Globber Scooter Schweiz","article_modified_time":"2025-12-09T07:07:05+00:00","og_image":[{"width":2048,"height":2048,"url":"https:\/\/cdn.globber.com\/content\/2023\/11\/783-200_globber-inline-skate.jpg","type":"image\/jpeg"}],"twitter_card":"summary_large_image","twitter_misc":{"Availability":"In stock"},"schema":{"@context":"https:\/\/schema.org","@graph":[{"@type":["WebPage","ItemPage"],"@id":"https:\/\/www.globber.com\/ch\/fr\/product\/globber-rollers-2-en-1-taille-30-33-bleu-cendre\/","url":"https:\/\/www.globber.com\/ch\/fr\/product\/globber-rollers-2-en-1-taille-30-33-bleu-cendre\/","name":"Globber | Rollers 2 en 1 | Taille 30-33 | Bleu cendr\u00e9 - Globber Scooter Schweiz","isPartOf":{"@id":"https:\/\/www.globber.com\/ch\/fr\/#website"},"primaryImageOfPage":{"@id":"https:\/\/www.globber.com\/ch\/fr\/product\/globber-rollers-2-en-1-taille-30-33-bleu-cendre\/#primaryimage"},"image":{"@id":"https:\/\/www.globber.com\/ch\/fr\/product\/globber-rollers-2-en-1-taille-30-33-bleu-cendre\/#primaryimage"},"thumbnailUrl":"https:\/\/cdn.globber.com\/content\/2023\/11\/783-200_globber-inline-skate.jpg","datePublished":"2025-05-08T12:52:24+00:00","dateModified":"2025-12-09T07:07:05+00:00","breadcrumb":{"@id":"https:\/\/www.globber.com\/ch\/fr\/product\/globber-rollers-2-en-1-taille-30-33-bleu-cendre\/#breadcrumb"},"inLanguage":"fr-CH","potentialAction":[{"@type":"ReadAction","target":["https:\/\/www.globber.com\/ch\/fr\/product\/globber-rollers-2-en-1-taille-30-33-bleu-cendre\/"]}]},{"@type":"ImageObject","inLanguage":"fr-CH","@id":"https:\/\/www.globber.com\/ch\/fr\/product\/globber-rollers-2-en-1-taille-30-33-bleu-cendre\/#primaryimage","url":"https:\/\/cdn.globber.com\/content\/2023\/11\/783-200_globber-inline-skate.jpg","contentUrl":"https:\/\/cdn.globber.com\/content\/2023\/11\/783-200_globber-inline-skate.jpg","width":2048,"height":2048},{"@type":"BreadcrumbList","@id":"https:\/\/www.globber.com\/ch\/fr\/product\/globber-rollers-2-en-1-taille-30-33-bleu-cendre\/#breadcrumb","itemListElement":[{"@type":"ListItem","position":1,"name":"Shop","item":"https:\/\/www.globber.com\/ch\/fr\/shop\/"},{"@type":"ListItem","position":2,"name":"Globber | Rollers 2 en 1 | Taille 30-33 | Bleu cendr\u00e9"}]},{"@type":"WebSite","@id":"https:\/\/www.globber.com\/ch\/fr\/#website","url":"https:\/\/www.globber.com\/ch\/fr\/","name":"Globber Scooter Schweiz","description":"Der offizielle Online Shop","publisher":{"@id":"https:\/\/www.globber.com\/ch\/fr\/#organization"},"potentialAction":[{"@type":"SearchAction","target":{"@type":"EntryPoint","urlTemplate":"https:\/\/www.globber.com\/ch\/fr\/?s={search_term_string}"},"query-input":{"@type":"PropertyValueSpecification","valueRequired":true,"valueName":"search_term_string"}}],"inLanguage":"fr-CH"},{"@type":"Organization","@id":"https:\/\/www.globber.com\/ch\/fr\/#organization","name":"Globber Scooter Schweiz","url":"https:\/\/www.globber.com\/ch\/fr\/","logo":{"@type":"ImageObject","inLanguage":"fr-CH","@id":"https:\/\/www.globber.com\/ch\/fr\/#\/schema\/logo\/image\/","url":"https:\/\/cdn.globber.com\/content\/2024\/05\/logo.svg","contentUrl":"https:\/\/cdn.globber.com\/content\/2024\/05\/logo.svg","width":601,"height":112,"caption":"Globber Scooter Schweiz"},"image":{"@id":"https:\/\/www.globber.com\/ch\/fr\/#\/schema\/logo\/image\/"}}]},"og_availability":"instock","product_availability":"instock","product_retailer_item_id":"783-XXX","product_condition":"new"},"_links":{"self":[{"href":"https:\/\/www.globber.com\/ch\/fr\/wp-json\/wp\/v2\/product\/21630","targetHints":{"allow":["GET"]}}],"collection":[{"href":"https:\/\/www.globber.com\/ch\/fr\/wp-json\/wp\/v2\/product"}],"about":[{"href":"https:\/\/www.globber.com\/ch\/fr\/wp-json\/wp\/v2\/types\/product"}],"replies":[{"embeddable":true,"href":"https:\/\/www.globber.com\/ch\/fr\/wp-json\/wp\/v2\/comments?post=21630"}],"wp:featuredmedia":[{"embeddable":true,"href":"https:\/\/www.globber.com\/ch\/fr\/wp-json\/wp\/v2\/media\/25761"}],"wp:attachment":[{"href":"https:\/\/www.globber.com\/ch\/fr\/wp-json\/wp\/v2\/media?parent=21630"}],"wp:term":[{"taxonomy":"product-special-badges","embeddable":true,"href":"https:\/\/www.globber.com\/ch\/fr\/wp-json\/wp\/v2\/product-special-badges?post=21630"},{"taxonomy":"product_brand","embeddable":true,"href":"https:\/\/www.globber.com\/ch\/fr\/wp-json\/wp\/v2\/product_brand?post=21630"},{"taxonomy":"product_cat","embeddable":true,"href":"https:\/\/www.globber.com\/ch\/fr\/wp-json\/wp\/v2\/product_cat?post=21630"},{"taxonomy":"product_tag","embeddable":true,"href":"https:\/\/www.globber.com\/ch\/fr\/wp-json\/wp\/v2\/product_tag?post=21630"}],"curies":[{"name":"wp","href":"https:\/\/api.w.org\/{rel}","templated":true}]}}