{"id":21634,"date":"2025-05-16T16:17:16","date_gmt":"2025-05-16T14:17:16","guid":{"rendered":"https:\/\/www.globber.com\/ch\/product\/goelette-junior-set-xs\/"},"modified":"2025-12-12T04:18:30","modified_gmt":"2025-12-12T03:18:30","slug":"goelette-junior-set-xs","status":"publish","type":"product","link":"https:\/\/www.globber.com\/ch\/fr\/product\/goelette-junior-set-xs\/","title":{"rendered":"Go\u00e9lette Junior Set XS"},"content":{"rendered":"<p>Avec les go\u00e9lettes JUNIOR sp\u00e9cialement con\u00e7ues pour les jeunes explorateurs, l'exploration et le scooter sont encore plus amusants! Ce pack complet comprend des protections pour les coudes, les poignets et les genoux, chacune avec un rembourrage suppl\u00e9mentaire et des couleurs vives pour une s\u00e9curit\u00e9 et un Style maximum. Disponibles en tailles XXS et XS, ces protections sont parfaites pour que votre enfant puisse partir \u00e0 la d\u00e9couverte avec une protection compl\u00e8te!<\/p>\n<p>Les protections JUNIOR pour enfants sont dot\u00e9es d'une coque rigide durable, d'un rembourrage en polyester doux et de sangles r\u00e9glables pour un ajustement s\u00fbr, \u00e9l\u00e9gant et confortable!<\/p>\n","protected":false},"excerpt":{"rendered":"<div class=\"product-details__excerpt order-2\">\n<p>\u00c9quipement de protection de Scooter pour enfants (XXS \/ XS)<\/p>\n<\/div>\n","protected":false},"featured_media":24020,"comment_status":"open","ping_status":"closed","template":"","meta":{"_acf_changed":false,"inline_featured_image":false},"product-special-badges":[],"product_brand":[],"product_cat":[4822,4826],"product_tag":[],"class_list":{"0":"post-21634","1":"product","2":"type-product","3":"status-publish","4":"has-post-thumbnail","6":"product_cat-accessoires-de-scooter","7":"product_cat-agent-protecteur","8":"pa_color-bleu","9":"pa_color-deep-pastel-pink-fr","10":"pa_color-menthe","11":"pa_color-rose","13":"first","14":"instock","15":"taxable","16":"shipping-taxable","17":"purchasable","18":"product-type-variable"},"acf":[],"yoast_head":"<!-- This site is optimized with the Yoast SEO Premium plugin v20.12 (Yoast SEO v23.4) - https:\/\/yoast.com\/wordpress\/plugins\/seo\/ -->\n<title>Go\u00e9lette Junior Set XS - Globber Scooter Schweiz<\/title>\n<meta name=\"robots\" content=\"index, follow, max-snippet:-1, max-image-preview:large, max-video-preview:-1\" \/>\n<link rel=\"canonical\" href=\"https:\/\/www.globber.com\/ch\/fr\/product\/goelette-junior-set-xs\/\" \/>\n<meta property=\"og:locale\" content=\"fr_FR\" \/>\n<meta property=\"og:type\" content=\"article\" \/>\n<meta property=\"og:title\" content=\"Go\u00e9lette Junior Set XS - Globber Scooter Schweiz\" \/>\n<meta property=\"og:description\" content=\"\u00c9quipement de protection de Scooter pour enfants (XXS \/ XS)\" \/>\n<meta property=\"og:url\" content=\"https:\/\/www.globber.com\/ch\/fr\/product\/goelette-junior-set-xs\/\" \/>\n<meta property=\"og:site_name\" content=\"Globber Scooter Schweiz\" \/>\n<meta property=\"article:modified_time\" content=\"2025-12-12T03:18:30+00:00\" \/>\n<meta property=\"og:image\" content=\"https:\/\/cdn.globber.com\/content\/sites\/41\/2025\/05\/scooter-safety-gear-500x500-1.jpg\" \/>\n\t<meta property=\"og:image:width\" content=\"500\" \/>\n\t<meta property=\"og:image:height\" content=\"500\" \/>\n\t<meta property=\"og:image:type\" content=\"image\/jpeg\" \/>\n<meta name=\"twitter:card\" content=\"summary_large_image\" \/>\n<meta name=\"twitter:label1\" content=\"Availability\" \/>\n\t<meta name=\"twitter:data1\" content=\"In stock\" \/>\n<script type=\"application\/ld+json\" class=\"yoast-schema-graph\">{\"@context\":\"https:\/\/schema.org\",\"@graph\":[{\"@type\":[\"WebPage\",\"ItemPage\"],\"@id\":\"https:\/\/www.globber.com\/ch\/fr\/product\/goelette-junior-set-xs\/\",\"url\":\"https:\/\/www.globber.com\/ch\/fr\/product\/goelette-junior-set-xs\/\",\"name\":\"Go\u00e9lette Junior Set XS - Globber Scooter Schweiz\",\"isPartOf\":{\"@id\":\"https:\/\/www.globber.com\/ch\/fr\/#website\"},\"primaryImageOfPage\":{\"@id\":\"https:\/\/www.globber.com\/ch\/fr\/product\/goelette-junior-set-xs\/#primaryimage\"},\"image\":{\"@id\":\"https:\/\/www.globber.com\/ch\/fr\/product\/goelette-junior-set-xs\/#primaryimage\"},\"thumbnailUrl\":\"https:\/\/cdn.globber.com\/content\/sites\/41\/2025\/05\/scooter-safety-gear-500x500-1.jpg\",\"datePublished\":\"2025-05-16T14:17:16+00:00\",\"dateModified\":\"2025-12-12T03:18:30+00:00\",\"breadcrumb\":{\"@id\":\"https:\/\/www.globber.com\/ch\/fr\/product\/goelette-junior-set-xs\/#breadcrumb\"},\"inLanguage\":\"fr-CH\",\"potentialAction\":[{\"@type\":\"ReadAction\",\"target\":[\"https:\/\/www.globber.com\/ch\/fr\/product\/goelette-junior-set-xs\/\"]}]},{\"@type\":\"ImageObject\",\"inLanguage\":\"fr-CH\",\"@id\":\"https:\/\/www.globber.com\/ch\/fr\/product\/goelette-junior-set-xs\/#primaryimage\",\"url\":\"https:\/\/cdn.globber.com\/content\/sites\/41\/2025\/05\/scooter-safety-gear-500x500-1.jpg\",\"contentUrl\":\"https:\/\/cdn.globber.com\/content\/sites\/41\/2025\/05\/scooter-safety-gear-500x500-1.jpg\",\"width\":500,\"height\":500},{\"@type\":\"BreadcrumbList\",\"@id\":\"https:\/\/www.globber.com\/ch\/fr\/product\/goelette-junior-set-xs\/#breadcrumb\",\"itemListElement\":[{\"@type\":\"ListItem\",\"position\":1,\"name\":\"Shop\",\"item\":\"https:\/\/www.globber.com\/ch\/fr\/shop\/\"},{\"@type\":\"ListItem\",\"position\":2,\"name\":\"Go\u00e9lette Junior Set XS\"}]},{\"@type\":\"WebSite\",\"@id\":\"https:\/\/www.globber.com\/ch\/fr\/#website\",\"url\":\"https:\/\/www.globber.com\/ch\/fr\/\",\"name\":\"Globber Scooter Schweiz\",\"description\":\"Der offizielle Online Shop\",\"publisher\":{\"@id\":\"https:\/\/www.globber.com\/ch\/fr\/#organization\"},\"potentialAction\":[{\"@type\":\"SearchAction\",\"target\":{\"@type\":\"EntryPoint\",\"urlTemplate\":\"https:\/\/www.globber.com\/ch\/fr\/?s={search_term_string}\"},\"query-input\":{\"@type\":\"PropertyValueSpecification\",\"valueRequired\":true,\"valueName\":\"search_term_string\"}}],\"inLanguage\":\"fr-CH\"},{\"@type\":\"Organization\",\"@id\":\"https:\/\/www.globber.com\/ch\/fr\/#organization\",\"name\":\"Globber Scooter Schweiz\",\"url\":\"https:\/\/www.globber.com\/ch\/fr\/\",\"logo\":{\"@type\":\"ImageObject\",\"inLanguage\":\"fr-CH\",\"@id\":\"https:\/\/www.globber.com\/ch\/fr\/#\/schema\/logo\/image\/\",\"url\":\"https:\/\/cdn.globber.com\/content\/2024\/05\/logo.svg\",\"contentUrl\":\"https:\/\/cdn.globber.com\/content\/2024\/05\/logo.svg\",\"width\":601,\"height\":112,\"caption\":\"Globber Scooter Schweiz\"},\"image\":{\"@id\":\"https:\/\/www.globber.com\/ch\/fr\/#\/schema\/logo\/image\/\"}}]}<\/script>\n<meta property=\"og:availability\" content=\"instock\" \/>\n<meta property=\"product:availability\" content=\"instock\" \/>\n<meta property=\"product:retailer_item_id\" content=\"541-XXX\" \/>\n<meta property=\"product:condition\" content=\"new\" \/>\n<!-- \/ Yoast SEO Premium plugin. -->","yoast_head_json":{"title":"Go\u00e9lette Junior Set XS - Globber Scooter Schweiz","robots":{"index":"index","follow":"follow","max-snippet":"max-snippet:-1","max-image-preview":"max-image-preview:large","max-video-preview":"max-video-preview:-1"},"canonical":"https:\/\/www.globber.com\/ch\/fr\/product\/goelette-junior-set-xs\/","og_locale":"fr_FR","og_type":"article","og_title":"Go\u00e9lette Junior Set XS - Globber Scooter Schweiz","og_description":"\u00c9quipement de protection de Scooter pour enfants (XXS \/ XS)","og_url":"https:\/\/www.globber.com\/ch\/fr\/product\/goelette-junior-set-xs\/","og_site_name":"Globber Scooter Schweiz","article_modified_time":"2025-12-12T03:18:30+00:00","og_image":[{"width":500,"height":500,"url":"https:\/\/cdn.globber.com\/content\/sites\/41\/2025\/05\/scooter-safety-gear-500x500-1.jpg","type":"image\/jpeg"}],"twitter_card":"summary_large_image","twitter_misc":{"Availability":"In stock"},"schema":{"@context":"https:\/\/schema.org","@graph":[{"@type":["WebPage","ItemPage"],"@id":"https:\/\/www.globber.com\/ch\/fr\/product\/goelette-junior-set-xs\/","url":"https:\/\/www.globber.com\/ch\/fr\/product\/goelette-junior-set-xs\/","name":"Go\u00e9lette Junior Set XS - Globber Scooter Schweiz","isPartOf":{"@id":"https:\/\/www.globber.com\/ch\/fr\/#website"},"primaryImageOfPage":{"@id":"https:\/\/www.globber.com\/ch\/fr\/product\/goelette-junior-set-xs\/#primaryimage"},"image":{"@id":"https:\/\/www.globber.com\/ch\/fr\/product\/goelette-junior-set-xs\/#primaryimage"},"thumbnailUrl":"https:\/\/cdn.globber.com\/content\/sites\/41\/2025\/05\/scooter-safety-gear-500x500-1.jpg","datePublished":"2025-05-16T14:17:16+00:00","dateModified":"2025-12-12T03:18:30+00:00","breadcrumb":{"@id":"https:\/\/www.globber.com\/ch\/fr\/product\/goelette-junior-set-xs\/#breadcrumb"},"inLanguage":"fr-CH","potentialAction":[{"@type":"ReadAction","target":["https:\/\/www.globber.com\/ch\/fr\/product\/goelette-junior-set-xs\/"]}]},{"@type":"ImageObject","inLanguage":"fr-CH","@id":"https:\/\/www.globber.com\/ch\/fr\/product\/goelette-junior-set-xs\/#primaryimage","url":"https:\/\/cdn.globber.com\/content\/sites\/41\/2025\/05\/scooter-safety-gear-500x500-1.jpg","contentUrl":"https:\/\/cdn.globber.com\/content\/sites\/41\/2025\/05\/scooter-safety-gear-500x500-1.jpg","width":500,"height":500},{"@type":"BreadcrumbList","@id":"https:\/\/www.globber.com\/ch\/fr\/product\/goelette-junior-set-xs\/#breadcrumb","itemListElement":[{"@type":"ListItem","position":1,"name":"Shop","item":"https:\/\/www.globber.com\/ch\/fr\/shop\/"},{"@type":"ListItem","position":2,"name":"Go\u00e9lette Junior Set XS"}]},{"@type":"WebSite","@id":"https:\/\/www.globber.com\/ch\/fr\/#website","url":"https:\/\/www.globber.com\/ch\/fr\/","name":"Globber Scooter Schweiz","description":"Der offizielle Online Shop","publisher":{"@id":"https:\/\/www.globber.com\/ch\/fr\/#organization"},"potentialAction":[{"@type":"SearchAction","target":{"@type":"EntryPoint","urlTemplate":"https:\/\/www.globber.com\/ch\/fr\/?s={search_term_string}"},"query-input":{"@type":"PropertyValueSpecification","valueRequired":true,"valueName":"search_term_string"}}],"inLanguage":"fr-CH"},{"@type":"Organization","@id":"https:\/\/www.globber.com\/ch\/fr\/#organization","name":"Globber Scooter Schweiz","url":"https:\/\/www.globber.com\/ch\/fr\/","logo":{"@type":"ImageObject","inLanguage":"fr-CH","@id":"https:\/\/www.globber.com\/ch\/fr\/#\/schema\/logo\/image\/","url":"https:\/\/cdn.globber.com\/content\/2024\/05\/logo.svg","contentUrl":"https:\/\/cdn.globber.com\/content\/2024\/05\/logo.svg","width":601,"height":112,"caption":"Globber Scooter Schweiz"},"image":{"@id":"https:\/\/www.globber.com\/ch\/fr\/#\/schema\/logo\/image\/"}}]},"og_availability":"instock","product_availability":"instock","product_retailer_item_id":"541-XXX","product_condition":"new"},"_links":{"self":[{"href":"https:\/\/www.globber.com\/ch\/fr\/wp-json\/wp\/v2\/product\/21634","targetHints":{"allow":["GET"]}}],"collection":[{"href":"https:\/\/www.globber.com\/ch\/fr\/wp-json\/wp\/v2\/product"}],"about":[{"href":"https:\/\/www.globber.com\/ch\/fr\/wp-json\/wp\/v2\/types\/product"}],"replies":[{"embeddable":true,"href":"https:\/\/www.globber.com\/ch\/fr\/wp-json\/wp\/v2\/comments?post=21634"}],"wp:featuredmedia":[{"embeddable":true,"href":"https:\/\/www.globber.com\/ch\/fr\/wp-json\/wp\/v2\/media\/24020"}],"wp:attachment":[{"href":"https:\/\/www.globber.com\/ch\/fr\/wp-json\/wp\/v2\/media?parent=21634"}],"wp:term":[{"taxonomy":"product-special-badges","embeddable":true,"href":"https:\/\/www.globber.com\/ch\/fr\/wp-json\/wp\/v2\/product-special-badges?post=21634"},{"taxonomy":"product_brand","embeddable":true,"href":"https:\/\/www.globber.com\/ch\/fr\/wp-json\/wp\/v2\/product_brand?post=21634"},{"taxonomy":"product_cat","embeddable":true,"href":"https:\/\/www.globber.com\/ch\/fr\/wp-json\/wp\/v2\/product_cat?post=21634"},{"taxonomy":"product_tag","embeddable":true,"href":"https:\/\/www.globber.com\/ch\/fr\/wp-json\/wp\/v2\/product_tag?post=21634"}],"curies":[{"name":"wp","href":"https:\/\/api.w.org\/{rel}","templated":true}]}}