{"id":23491,"date":"2022-11-28T09:44:27","date_gmt":"2022-11-28T08:44:27","guid":{"rendered":"https:\/\/www.globber.com\/ch\/product\/globber-tricycle-explorer-4-en-1-deluxe-play-noir-gris\/"},"modified":"2025-12-12T03:54:43","modified_gmt":"2025-12-12T02:54:43","slug":"globber-tricycle-explorer-4-en-1-deluxe-play-noir-gris","status":"publish","type":"product","link":"https:\/\/www.globber.com\/ch\/fr\/product\/globber-tricycle-explorer-4-en-1-deluxe-play-noir-gris\/","title":{"rendered":"Globber | Tricycle Explorer 4 en 1 Deluxe Play | Noir Gris"},"content":{"rendered":"<p data-start=\"0\" data-end=\"351\">Illuminez votre journ\u00e9e et d\u00e9couvrez le monde sur roues ! L'EXPLORER TRIKE 4en1 DELUXE PLAY est un tricycle b\u00e9b\u00e9 tout-en-un pour les enfants d'un an. Il propose quatre niveaux de d\u00e9veloppement : tricycle b\u00e9b\u00e9 (10-36 mois), tricycle guid\u00e9 (18-36 mois), tricycle d'entra\u00eenement (24-36 mois) et draisienne (2-5 ans). Il s'adapte ainsi facilement au d\u00e9veloppement de votre enfant.<\/p>\n<p data-start=\"353\" data-end=\"862\">L'EXPLORER TRIKE 4en1 DELUXE PLAY est \u00e9quip\u00e9 d'un module LED lumineux et sonore pour le jeu sensoriel, d'une conception 100 % sans outil (aucun outil requis pour la conversion !), d'un m\u00e9canisme de roues brevet\u00e9, d'un guidon parent r\u00e9glable en hauteur sur deux positions, d'une selle r\u00e9glable en hauteur sur deux positions, d'un si\u00e8ge haut avec dossier, d'un repose-pieds amovible, de roues en mousse EVA et d'autres accessoires pratiques \u2013 pour encore plus de fonctionnalit\u00e9 et de plaisir !<\/p>\n","protected":false},"excerpt":{"rendered":"<article dir=\"auto\" data-testid=\"conversation-turn-468\" data-scroll-anchor=\"true\">\n<div>\n<div>\n<div>\n<div>\n<div>\n<div dir=\"auto\" data-message-author-role=\"assistant\" data-message-id=\"8ca4e11f-a46a-483d-b79e-1c644be13b12\" data-message-model-slug=\"gpt-4o\">\n<div>\n<div>\n<p data-start=\"0\" data-end=\"36\"><strong>Tricycle d'entra\u00eenement tout-en-un (10 mois \u00e0 5 ans)<\/strong><\/p>\n<\/div>\n<\/div>\n<\/div>\n<\/div>\n<\/div>\n<\/div>\n<\/div>\n<\/div>\n<\/article>\n","protected":false},"featured_media":23830,"comment_status":"open","ping_status":"closed","template":"","meta":{"_acf_changed":false,"inline_featured_image":false},"product-special-badges":[],"product_brand":[],"product_cat":[4805,4841,4857],"product_tag":[],"class_list":{"0":"post-23491","1":"product","2":"type-product","3":"status-publish","4":"has-post-thumbnail","6":"product-badges-all-in-one-fr-2","7":"product-badges-tool-less-fr","8":"product-badges-transformable-fr","9":"product_cat-serie-explorer-trike","10":"product_cat-tricycles-pour-bebes","11":"product_cat-produits-pour-tout-petits","12":"pa_altersspanne-10-mois-a-5-ans","13":"pa_color-gris","14":"pa_einstellbar-oui","15":"pa_empfohlene-benutzerhoehe-65-105-cm","16":"pa_faltbar-no-fr","17":"pa_groesse-der-raeder-220mm-36mm-breit-fr","18":"pa_groesse-der-raeder-250mm-44mm-breit-fr","19":"pa_maximales-benutzergewicht-20-kg","20":"pa_produktgewicht-netto-7-12-kg","21":"pa_sitzhoehen-selle-31-34cm-du-sol-siege-avec-dossier-haut-32-35cm-du-sol","23":"first","24":"instock","25":"taxable","26":"shipping-taxable","27":"product-type-simple"},"acf":[],"yoast_head":"<!-- This site is optimized with the Yoast SEO Premium plugin v20.12 (Yoast SEO v23.4) - https:\/\/yoast.com\/wordpress\/plugins\/seo\/ -->\n<title>Globber | Tricycle Explorer 4 en 1 Deluxe Play | Noir Gris - Globber Scooter Schweiz<\/title>\n<meta name=\"robots\" content=\"index, follow, max-snippet:-1, max-image-preview:large, max-video-preview:-1\" \/>\n<link rel=\"canonical\" href=\"https:\/\/www.globber.com\/ch\/de\/product\/explorer-trike-4in1-deluxe-play\/\" \/>\n<meta property=\"og:locale\" content=\"fr_FR\" \/>\n<meta property=\"og:type\" content=\"article\" \/>\n<meta property=\"og:title\" content=\"Globber | Tricycle Explorer 4 en 1 Deluxe Play | Noir Gris - Globber Scooter Schweiz\" \/>\n<meta property=\"og:description\" content=\"Tricycle d&#039;entra\u00eenement tout-en-un (10 mois \u00e0 5 ans)\" \/>\n<meta property=\"og:url\" content=\"https:\/\/www.globber.com\/ch\/de\/product\/explorer-trike-4in1-deluxe-play\/\" \/>\n<meta property=\"og:site_name\" content=\"Globber Scooter Schweiz\" \/>\n<meta property=\"article:modified_time\" content=\"2025-12-12T02:54:43+00:00\" \/>\n<meta property=\"og:image\" content=\"https:\/\/cdn.globber.com\/content\/2022\/11\/6383ba72381a0.jpg\" \/>\n\t<meta property=\"og:image:width\" content=\"1920\" \/>\n\t<meta property=\"og:image:height\" content=\"1920\" \/>\n\t<meta property=\"og:image:type\" content=\"image\/jpeg\" \/>\n<meta name=\"twitter:card\" content=\"summary_large_image\" \/>\n<meta name=\"twitter:label1\" content=\"Price\" \/>\n\t<meta name=\"twitter:data1\" content=\"\" \/>\n\t<meta name=\"twitter:label2\" content=\"Availability\" \/>\n\t<meta name=\"twitter:data2\" content=\"In stock\" \/>\n<script type=\"application\/ld+json\" class=\"yoast-schema-graph\">{\"@context\":\"https:\/\/schema.org\",\"@graph\":[{\"@type\":[\"WebPage\",\"ItemPage\"],\"@id\":\"https:\/\/www.globber.com\/ch\/de\/product\/explorer-trike-4in1-deluxe-play\/\",\"url\":\"https:\/\/www.globber.com\/ch\/de\/product\/explorer-trike-4in1-deluxe-play\/\",\"name\":\"Globber | Tricycle Explorer 4 en 1 Deluxe Play | Noir Gris - Globber Scooter Schweiz\",\"isPartOf\":{\"@id\":\"https:\/\/www.globber.com\/ch\/fr\/#website\"},\"primaryImageOfPage\":{\"@id\":\"https:\/\/www.globber.com\/ch\/de\/product\/explorer-trike-4in1-deluxe-play\/#primaryimage\"},\"image\":{\"@id\":\"https:\/\/www.globber.com\/ch\/de\/product\/explorer-trike-4in1-deluxe-play\/#primaryimage\"},\"thumbnailUrl\":\"https:\/\/cdn.globber.com\/content\/2022\/11\/6383ba72381a0.jpg\",\"datePublished\":\"2022-11-28T08:44:27+00:00\",\"dateModified\":\"2025-12-12T02:54:43+00:00\",\"breadcrumb\":{\"@id\":\"https:\/\/www.globber.com\/ch\/de\/product\/explorer-trike-4in1-deluxe-play\/#breadcrumb\"},\"inLanguage\":\"fr-CH\",\"potentialAction\":[{\"@type\":\"ReadAction\",\"target\":[\"https:\/\/www.globber.com\/ch\/de\/product\/explorer-trike-4in1-deluxe-play\/\"]}]},{\"@type\":\"ImageObject\",\"inLanguage\":\"fr-CH\",\"@id\":\"https:\/\/www.globber.com\/ch\/de\/product\/explorer-trike-4in1-deluxe-play\/#primaryimage\",\"url\":\"https:\/\/cdn.globber.com\/content\/2022\/11\/6383ba72381a0.jpg\",\"contentUrl\":\"https:\/\/cdn.globber.com\/content\/2022\/11\/6383ba72381a0.jpg\",\"width\":1920,\"height\":1920},{\"@type\":\"BreadcrumbList\",\"@id\":\"https:\/\/www.globber.com\/ch\/de\/product\/explorer-trike-4in1-deluxe-play\/#breadcrumb\",\"itemListElement\":[{\"@type\":\"ListItem\",\"position\":1,\"name\":\"Shop\",\"item\":\"https:\/\/www.globber.com\/ch\/fr\/shop\/\"},{\"@type\":\"ListItem\",\"position\":2,\"name\":\"Globber | Tricycle Explorer 4 en 1 Deluxe Play | Noir Gris\"}]},{\"@type\":\"WebSite\",\"@id\":\"https:\/\/www.globber.com\/ch\/fr\/#website\",\"url\":\"https:\/\/www.globber.com\/ch\/fr\/\",\"name\":\"Globber Scooter Schweiz\",\"description\":\"Der offizielle Online Shop\",\"publisher\":{\"@id\":\"https:\/\/www.globber.com\/ch\/fr\/#organization\"},\"potentialAction\":[{\"@type\":\"SearchAction\",\"target\":{\"@type\":\"EntryPoint\",\"urlTemplate\":\"https:\/\/www.globber.com\/ch\/fr\/?s={search_term_string}\"},\"query-input\":{\"@type\":\"PropertyValueSpecification\",\"valueRequired\":true,\"valueName\":\"search_term_string\"}}],\"inLanguage\":\"fr-CH\"},{\"@type\":\"Organization\",\"@id\":\"https:\/\/www.globber.com\/ch\/fr\/#organization\",\"name\":\"Globber Scooter Schweiz\",\"url\":\"https:\/\/www.globber.com\/ch\/fr\/\",\"logo\":{\"@type\":\"ImageObject\",\"inLanguage\":\"fr-CH\",\"@id\":\"https:\/\/www.globber.com\/ch\/fr\/#\/schema\/logo\/image\/\",\"url\":\"https:\/\/cdn.globber.com\/content\/2024\/05\/logo.svg\",\"contentUrl\":\"https:\/\/cdn.globber.com\/content\/2024\/05\/logo.svg\",\"width\":601,\"height\":112,\"caption\":\"Globber Scooter Schweiz\"},\"image\":{\"@id\":\"https:\/\/www.globber.com\/ch\/fr\/#\/schema\/logo\/image\/\"}}]}<\/script>\n<meta property=\"product:price:amount\" content=\"0.00\" \/>\n<meta property=\"product:price:currency\" content=\"CHF\" \/>\n<meta property=\"og:availability\" content=\"instock\" \/>\n<meta property=\"product:availability\" content=\"instock\" \/>\n<meta property=\"product:retailer_item_id\" content=\"633-120\" \/>\n<meta property=\"product:condition\" content=\"new\" \/>\n<!-- \/ Yoast SEO Premium plugin. -->","yoast_head_json":{"title":"Globber | Tricycle Explorer 4 en 1 Deluxe Play | Noir Gris - Globber Scooter Schweiz","robots":{"index":"index","follow":"follow","max-snippet":"max-snippet:-1","max-image-preview":"max-image-preview:large","max-video-preview":"max-video-preview:-1"},"canonical":"https:\/\/www.globber.com\/ch\/de\/product\/explorer-trike-4in1-deluxe-play\/","og_locale":"fr_FR","og_type":"article","og_title":"Globber | Tricycle Explorer 4 en 1 Deluxe Play | Noir Gris - Globber Scooter Schweiz","og_description":"Tricycle d'entra\u00eenement tout-en-un (10 mois \u00e0 5 ans)","og_url":"https:\/\/www.globber.com\/ch\/de\/product\/explorer-trike-4in1-deluxe-play\/","og_site_name":"Globber Scooter Schweiz","article_modified_time":"2025-12-12T02:54:43+00:00","og_image":[{"width":1920,"height":1920,"url":"https:\/\/cdn.globber.com\/content\/2022\/11\/6383ba72381a0.jpg","type":"image\/jpeg"}],"twitter_card":"summary_large_image","twitter_misc":{"Price":"","Availability":"In stock"},"schema":{"@context":"https:\/\/schema.org","@graph":[{"@type":["WebPage","ItemPage"],"@id":"https:\/\/www.globber.com\/ch\/de\/product\/explorer-trike-4in1-deluxe-play\/","url":"https:\/\/www.globber.com\/ch\/de\/product\/explorer-trike-4in1-deluxe-play\/","name":"Globber | Tricycle Explorer 4 en 1 Deluxe Play | Noir Gris - Globber Scooter Schweiz","isPartOf":{"@id":"https:\/\/www.globber.com\/ch\/fr\/#website"},"primaryImageOfPage":{"@id":"https:\/\/www.globber.com\/ch\/de\/product\/explorer-trike-4in1-deluxe-play\/#primaryimage"},"image":{"@id":"https:\/\/www.globber.com\/ch\/de\/product\/explorer-trike-4in1-deluxe-play\/#primaryimage"},"thumbnailUrl":"https:\/\/cdn.globber.com\/content\/2022\/11\/6383ba72381a0.jpg","datePublished":"2022-11-28T08:44:27+00:00","dateModified":"2025-12-12T02:54:43+00:00","breadcrumb":{"@id":"https:\/\/www.globber.com\/ch\/de\/product\/explorer-trike-4in1-deluxe-play\/#breadcrumb"},"inLanguage":"fr-CH","potentialAction":[{"@type":"ReadAction","target":["https:\/\/www.globber.com\/ch\/de\/product\/explorer-trike-4in1-deluxe-play\/"]}]},{"@type":"ImageObject","inLanguage":"fr-CH","@id":"https:\/\/www.globber.com\/ch\/de\/product\/explorer-trike-4in1-deluxe-play\/#primaryimage","url":"https:\/\/cdn.globber.com\/content\/2022\/11\/6383ba72381a0.jpg","contentUrl":"https:\/\/cdn.globber.com\/content\/2022\/11\/6383ba72381a0.jpg","width":1920,"height":1920},{"@type":"BreadcrumbList","@id":"https:\/\/www.globber.com\/ch\/de\/product\/explorer-trike-4in1-deluxe-play\/#breadcrumb","itemListElement":[{"@type":"ListItem","position":1,"name":"Shop","item":"https:\/\/www.globber.com\/ch\/fr\/shop\/"},{"@type":"ListItem","position":2,"name":"Globber | Tricycle Explorer 4 en 1 Deluxe Play | Noir Gris"}]},{"@type":"WebSite","@id":"https:\/\/www.globber.com\/ch\/fr\/#website","url":"https:\/\/www.globber.com\/ch\/fr\/","name":"Globber Scooter Schweiz","description":"Der offizielle Online Shop","publisher":{"@id":"https:\/\/www.globber.com\/ch\/fr\/#organization"},"potentialAction":[{"@type":"SearchAction","target":{"@type":"EntryPoint","urlTemplate":"https:\/\/www.globber.com\/ch\/fr\/?s={search_term_string}"},"query-input":{"@type":"PropertyValueSpecification","valueRequired":true,"valueName":"search_term_string"}}],"inLanguage":"fr-CH"},{"@type":"Organization","@id":"https:\/\/www.globber.com\/ch\/fr\/#organization","name":"Globber Scooter Schweiz","url":"https:\/\/www.globber.com\/ch\/fr\/","logo":{"@type":"ImageObject","inLanguage":"fr-CH","@id":"https:\/\/www.globber.com\/ch\/fr\/#\/schema\/logo\/image\/","url":"https:\/\/cdn.globber.com\/content\/2024\/05\/logo.svg","contentUrl":"https:\/\/cdn.globber.com\/content\/2024\/05\/logo.svg","width":601,"height":112,"caption":"Globber Scooter Schweiz"},"image":{"@id":"https:\/\/www.globber.com\/ch\/fr\/#\/schema\/logo\/image\/"}}]},"product_price_amount":"0.00","product_price_currency":"CHF","og_availability":"instock","product_availability":"instock","product_retailer_item_id":"633-120","product_condition":"new"},"_links":{"self":[{"href":"https:\/\/www.globber.com\/ch\/fr\/wp-json\/wp\/v2\/product\/23491","targetHints":{"allow":["GET"]}}],"collection":[{"href":"https:\/\/www.globber.com\/ch\/fr\/wp-json\/wp\/v2\/product"}],"about":[{"href":"https:\/\/www.globber.com\/ch\/fr\/wp-json\/wp\/v2\/types\/product"}],"replies":[{"embeddable":true,"href":"https:\/\/www.globber.com\/ch\/fr\/wp-json\/wp\/v2\/comments?post=23491"}],"wp:featuredmedia":[{"embeddable":true,"href":"https:\/\/www.globber.com\/ch\/fr\/wp-json\/wp\/v2\/media\/23830"}],"wp:attachment":[{"href":"https:\/\/www.globber.com\/ch\/fr\/wp-json\/wp\/v2\/media?parent=23491"}],"wp:term":[{"taxonomy":"product-special-badges","embeddable":true,"href":"https:\/\/www.globber.com\/ch\/fr\/wp-json\/wp\/v2\/product-special-badges?post=23491"},{"taxonomy":"product_brand","embeddable":true,"href":"https:\/\/www.globber.com\/ch\/fr\/wp-json\/wp\/v2\/product_brand?post=23491"},{"taxonomy":"product_cat","embeddable":true,"href":"https:\/\/www.globber.com\/ch\/fr\/wp-json\/wp\/v2\/product_cat?post=23491"},{"taxonomy":"product_tag","embeddable":true,"href":"https:\/\/www.globber.com\/ch\/fr\/wp-json\/wp\/v2\/product_tag?post=23491"}],"curies":[{"name":"wp","href":"https:\/\/api.w.org\/{rel}","templated":true}]}}