{"id":23518,"date":"2024-01-17T08:17:03","date_gmt":"2024-01-17T07:17:03","guid":{"rendered":"https:\/\/www.globber.com\/ch\/product\/globber-commande-rotative-noir\/"},"modified":"2025-12-12T03:44:19","modified_gmt":"2025-12-12T02:44:19","slug":"globber-commande-rotative-noir","status":"publish","type":"product","link":"https:\/\/www.globber.com\/ch\/fr\/product\/globber-commande-rotative-noir\/","title":{"rendered":"Globber | Commande rotative | Noir"},"content":{"rendered":"<p>Commande rotative Globber adapt\u00e9e \u00e0 ces mod\u00e8les :<\/p>\n<ul>\n<li>JUNIOR FOLDABLE FANTASY LIGHTS<\/li>\n<li>JUNIOR FOLDABLE<\/li>\n<li>JUNIOR FOLDABLE LIGHTS<\/li>\n<li>PRIMO FOLDABLE PREMIUM<\/li>\n<li>PRIMO FOLDABLE PLUS LIGHTS<\/li>\n<li>GO UP FOLDABLE PLUS<\/li>\n<li>GO UP FOLDABLE PLUS LIGHTS<\/li>\n<li>GO UP DELUXE<\/li>\n<li>GO UP DELUXE LIGHTS<\/li>\n<li>GO UP DELUXE FANTASY LIGHTS<\/li>\n<li>GO UP DELUXE PLAY<\/li>\n<li>PRIMO<\/li>\n<li>PRIMO LIGHTS<\/li>\n<li>PRIMO FOLDABLE<\/li>\n<li>PRIMO FOLDABLE LIGHTS<\/li>\n<\/ul>\n","protected":false},"excerpt":{"rendered":"<p>Commande rotative Globber adapt\u00e9e \u00e0 ces mod\u00e8les : JUNIOR FOLDABLE FANTASY LIGHTS JUNIOR FOLDABLE JUNIOR FOLDABLE LIGHTS PRIMO FOLDABLE PREMIUM PRIMO FOLDABLE PLUS LIGHTS GO UP FOLDABLE PLUS GO UP FOLDABLE PLUS LIGHTS GO UP DELUXE GO UP DELUXE LIGHTS GO UP DELUXE FANTASY LIGHTS GO UP DELUXE PLAY PRIMO PRIMO LIGHTS PRIMO FOLDABLE PRIMO [&hellip;]<\/p>\n","protected":false},"featured_media":23793,"comment_status":"closed","ping_status":"closed","template":"","meta":{"_acf_changed":false,"inline_featured_image":false},"product-special-badges":[],"product_brand":[],"product_cat":[4837],"product_tag":[],"class_list":{"0":"post-23518","1":"product","2":"type-product","3":"status-publish","4":"has-post-thumbnail","6":"product_cat-des-pieces-de-rechange","7":"pa_produkttyp-pilotage","9":"first","10":"instock","11":"taxable","12":"shipping-taxable","13":"purchasable","14":"product-type-simple"},"acf":[],"yoast_head":"<!-- This site is optimized with the Yoast SEO Premium plugin v20.12 (Yoast SEO v23.4) - https:\/\/yoast.com\/wordpress\/plugins\/seo\/ -->\n<title>Globber | Commande rotative | Noir - Globber Scooter Schweiz<\/title>\n<meta name=\"robots\" content=\"index, follow, max-snippet:-1, max-image-preview:large, max-video-preview:-1\" \/>\n<link rel=\"canonical\" href=\"https:\/\/www.globber.com\/ch\/de\/product\/drehsteuerung\/\" \/>\n<meta property=\"og:locale\" content=\"fr_FR\" \/>\n<meta property=\"og:type\" content=\"article\" \/>\n<meta property=\"og:title\" content=\"Globber | Commande rotative | Noir - Globber Scooter Schweiz\" \/>\n<meta property=\"og:description\" content=\"Commande rotative Globber adapt\u00e9e \u00e0 ces mod\u00e8les : JUNIOR FOLDABLE FANTASY LIGHTS JUNIOR FOLDABLE JUNIOR FOLDABLE LIGHTS PRIMO FOLDABLE PREMIUM PRIMO FOLDABLE PLUS LIGHTS GO UP FOLDABLE PLUS GO UP FOLDABLE PLUS LIGHTS GO UP DELUXE GO UP DELUXE LIGHTS GO UP DELUXE FANTASY LIGHTS GO UP DELUXE PLAY PRIMO PRIMO LIGHTS PRIMO FOLDABLE PRIMO [&hellip;]\" \/>\n<meta property=\"og:url\" content=\"https:\/\/www.globber.com\/ch\/de\/product\/drehsteuerung\/\" \/>\n<meta property=\"og:site_name\" content=\"Globber Scooter Schweiz\" \/>\n<meta property=\"article:modified_time\" content=\"2025-12-12T02:44:19+00:00\" \/>\n<meta property=\"og:image\" content=\"https:\/\/cdn.globber.com\/content\/sites\/41\/2024\/01\/P1014-P1015-Drehsteuerung_1920x1920_1920x1920.jpg\" \/>\n\t<meta property=\"og:image:width\" content=\"1000\" \/>\n\t<meta property=\"og:image:height\" content=\"644\" \/>\n\t<meta property=\"og:image:type\" content=\"image\/jpeg\" \/>\n<meta name=\"twitter:card\" content=\"summary_large_image\" \/>\n<meta name=\"twitter:label1\" content=\"Price\" \/>\n\t<meta name=\"twitter:data1\" content=\"9.90&#067;&#072;&#070; inkl. MwSt\" \/>\n\t<meta name=\"twitter:label2\" content=\"Availability\" \/>\n\t<meta name=\"twitter:data2\" content=\"In stock\" \/>\n<script type=\"application\/ld+json\" class=\"yoast-schema-graph\">{\"@context\":\"https:\/\/schema.org\",\"@graph\":[{\"@type\":[\"WebPage\",\"ItemPage\"],\"@id\":\"https:\/\/www.globber.com\/ch\/de\/product\/drehsteuerung\/\",\"url\":\"https:\/\/www.globber.com\/ch\/de\/product\/drehsteuerung\/\",\"name\":\"Globber | Commande rotative | Noir - Globber Scooter Schweiz\",\"isPartOf\":{\"@id\":\"https:\/\/www.globber.com\/ch\/fr\/#website\"},\"primaryImageOfPage\":{\"@id\":\"https:\/\/www.globber.com\/ch\/de\/product\/drehsteuerung\/#primaryimage\"},\"image\":{\"@id\":\"https:\/\/www.globber.com\/ch\/de\/product\/drehsteuerung\/#primaryimage\"},\"thumbnailUrl\":\"https:\/\/cdn.globber.com\/content\/sites\/41\/2024\/01\/P1014-P1015-Drehsteuerung_1920x1920_1920x1920.jpg\",\"datePublished\":\"2024-01-17T07:17:03+00:00\",\"dateModified\":\"2025-12-12T02:44:19+00:00\",\"breadcrumb\":{\"@id\":\"https:\/\/www.globber.com\/ch\/de\/product\/drehsteuerung\/#breadcrumb\"},\"inLanguage\":\"fr-CH\",\"potentialAction\":[{\"@type\":\"ReadAction\",\"target\":[\"https:\/\/www.globber.com\/ch\/de\/product\/drehsteuerung\/\"]}]},{\"@type\":\"ImageObject\",\"inLanguage\":\"fr-CH\",\"@id\":\"https:\/\/www.globber.com\/ch\/de\/product\/drehsteuerung\/#primaryimage\",\"url\":\"https:\/\/cdn.globber.com\/content\/sites\/41\/2024\/01\/P1014-P1015-Drehsteuerung_1920x1920_1920x1920.jpg\",\"contentUrl\":\"https:\/\/cdn.globber.com\/content\/sites\/41\/2024\/01\/P1014-P1015-Drehsteuerung_1920x1920_1920x1920.jpg\",\"width\":1000,\"height\":644},{\"@type\":\"BreadcrumbList\",\"@id\":\"https:\/\/www.globber.com\/ch\/de\/product\/drehsteuerung\/#breadcrumb\",\"itemListElement\":[{\"@type\":\"ListItem\",\"position\":1,\"name\":\"Shop\",\"item\":\"https:\/\/www.globber.com\/ch\/fr\/shop\/\"},{\"@type\":\"ListItem\",\"position\":2,\"name\":\"Globber | Commande rotative | Noir\"}]},{\"@type\":\"WebSite\",\"@id\":\"https:\/\/www.globber.com\/ch\/fr\/#website\",\"url\":\"https:\/\/www.globber.com\/ch\/fr\/\",\"name\":\"Globber Scooter Schweiz\",\"description\":\"Der offizielle Online Shop\",\"publisher\":{\"@id\":\"https:\/\/www.globber.com\/ch\/fr\/#organization\"},\"potentialAction\":[{\"@type\":\"SearchAction\",\"target\":{\"@type\":\"EntryPoint\",\"urlTemplate\":\"https:\/\/www.globber.com\/ch\/fr\/?s={search_term_string}\"},\"query-input\":{\"@type\":\"PropertyValueSpecification\",\"valueRequired\":true,\"valueName\":\"search_term_string\"}}],\"inLanguage\":\"fr-CH\"},{\"@type\":\"Organization\",\"@id\":\"https:\/\/www.globber.com\/ch\/fr\/#organization\",\"name\":\"Globber Scooter Schweiz\",\"url\":\"https:\/\/www.globber.com\/ch\/fr\/\",\"logo\":{\"@type\":\"ImageObject\",\"inLanguage\":\"fr-CH\",\"@id\":\"https:\/\/www.globber.com\/ch\/fr\/#\/schema\/logo\/image\/\",\"url\":\"https:\/\/cdn.globber.com\/content\/2024\/05\/logo.svg\",\"contentUrl\":\"https:\/\/cdn.globber.com\/content\/2024\/05\/logo.svg\",\"width\":601,\"height\":112,\"caption\":\"Globber Scooter Schweiz\"},\"image\":{\"@id\":\"https:\/\/www.globber.com\/ch\/fr\/#\/schema\/logo\/image\/\"}}]}<\/script>\n<meta property=\"product:price:amount\" content=\"9.90\" \/>\n<meta property=\"product:price:currency\" content=\"CHF\" \/>\n<meta property=\"og:availability\" content=\"instock\" \/>\n<meta property=\"product:availability\" content=\"instock\" \/>\n<meta property=\"product:retailer_item_id\" content=\"P1014\" \/>\n<meta property=\"product:condition\" content=\"new\" \/>\n<!-- \/ Yoast SEO Premium plugin. -->","yoast_head_json":{"title":"Globber | Commande rotative | Noir - Globber Scooter Schweiz","robots":{"index":"index","follow":"follow","max-snippet":"max-snippet:-1","max-image-preview":"max-image-preview:large","max-video-preview":"max-video-preview:-1"},"canonical":"https:\/\/www.globber.com\/ch\/de\/product\/drehsteuerung\/","og_locale":"fr_FR","og_type":"article","og_title":"Globber | Commande rotative | Noir - Globber Scooter Schweiz","og_description":"Commande rotative Globber adapt\u00e9e \u00e0 ces mod\u00e8les : JUNIOR FOLDABLE FANTASY LIGHTS JUNIOR FOLDABLE JUNIOR FOLDABLE LIGHTS PRIMO FOLDABLE PREMIUM PRIMO FOLDABLE PLUS LIGHTS GO UP FOLDABLE PLUS GO UP FOLDABLE PLUS LIGHTS GO UP DELUXE GO UP DELUXE LIGHTS GO UP DELUXE FANTASY LIGHTS GO UP DELUXE PLAY PRIMO PRIMO LIGHTS PRIMO FOLDABLE PRIMO [&hellip;]","og_url":"https:\/\/www.globber.com\/ch\/de\/product\/drehsteuerung\/","og_site_name":"Globber Scooter Schweiz","article_modified_time":"2025-12-12T02:44:19+00:00","og_image":[{"width":1000,"height":644,"url":"https:\/\/cdn.globber.com\/content\/sites\/41\/2024\/01\/P1014-P1015-Drehsteuerung_1920x1920_1920x1920.jpg","type":"image\/jpeg"}],"twitter_card":"summary_large_image","twitter_misc":{"Price":"9.90&#67;&#72;&#70; inkl. MwSt","Availability":"In stock"},"schema":{"@context":"https:\/\/schema.org","@graph":[{"@type":["WebPage","ItemPage"],"@id":"https:\/\/www.globber.com\/ch\/de\/product\/drehsteuerung\/","url":"https:\/\/www.globber.com\/ch\/de\/product\/drehsteuerung\/","name":"Globber | Commande rotative | Noir - Globber Scooter Schweiz","isPartOf":{"@id":"https:\/\/www.globber.com\/ch\/fr\/#website"},"primaryImageOfPage":{"@id":"https:\/\/www.globber.com\/ch\/de\/product\/drehsteuerung\/#primaryimage"},"image":{"@id":"https:\/\/www.globber.com\/ch\/de\/product\/drehsteuerung\/#primaryimage"},"thumbnailUrl":"https:\/\/cdn.globber.com\/content\/sites\/41\/2024\/01\/P1014-P1015-Drehsteuerung_1920x1920_1920x1920.jpg","datePublished":"2024-01-17T07:17:03+00:00","dateModified":"2025-12-12T02:44:19+00:00","breadcrumb":{"@id":"https:\/\/www.globber.com\/ch\/de\/product\/drehsteuerung\/#breadcrumb"},"inLanguage":"fr-CH","potentialAction":[{"@type":"ReadAction","target":["https:\/\/www.globber.com\/ch\/de\/product\/drehsteuerung\/"]}]},{"@type":"ImageObject","inLanguage":"fr-CH","@id":"https:\/\/www.globber.com\/ch\/de\/product\/drehsteuerung\/#primaryimage","url":"https:\/\/cdn.globber.com\/content\/sites\/41\/2024\/01\/P1014-P1015-Drehsteuerung_1920x1920_1920x1920.jpg","contentUrl":"https:\/\/cdn.globber.com\/content\/sites\/41\/2024\/01\/P1014-P1015-Drehsteuerung_1920x1920_1920x1920.jpg","width":1000,"height":644},{"@type":"BreadcrumbList","@id":"https:\/\/www.globber.com\/ch\/de\/product\/drehsteuerung\/#breadcrumb","itemListElement":[{"@type":"ListItem","position":1,"name":"Shop","item":"https:\/\/www.globber.com\/ch\/fr\/shop\/"},{"@type":"ListItem","position":2,"name":"Globber | Commande rotative | Noir"}]},{"@type":"WebSite","@id":"https:\/\/www.globber.com\/ch\/fr\/#website","url":"https:\/\/www.globber.com\/ch\/fr\/","name":"Globber Scooter Schweiz","description":"Der offizielle Online Shop","publisher":{"@id":"https:\/\/www.globber.com\/ch\/fr\/#organization"},"potentialAction":[{"@type":"SearchAction","target":{"@type":"EntryPoint","urlTemplate":"https:\/\/www.globber.com\/ch\/fr\/?s={search_term_string}"},"query-input":{"@type":"PropertyValueSpecification","valueRequired":true,"valueName":"search_term_string"}}],"inLanguage":"fr-CH"},{"@type":"Organization","@id":"https:\/\/www.globber.com\/ch\/fr\/#organization","name":"Globber Scooter Schweiz","url":"https:\/\/www.globber.com\/ch\/fr\/","logo":{"@type":"ImageObject","inLanguage":"fr-CH","@id":"https:\/\/www.globber.com\/ch\/fr\/#\/schema\/logo\/image\/","url":"https:\/\/cdn.globber.com\/content\/2024\/05\/logo.svg","contentUrl":"https:\/\/cdn.globber.com\/content\/2024\/05\/logo.svg","width":601,"height":112,"caption":"Globber Scooter Schweiz"},"image":{"@id":"https:\/\/www.globber.com\/ch\/fr\/#\/schema\/logo\/image\/"}}]},"product_price_amount":"9.90","product_price_currency":"CHF","og_availability":"instock","product_availability":"instock","product_retailer_item_id":"P1014","product_condition":"new"},"_links":{"self":[{"href":"https:\/\/www.globber.com\/ch\/fr\/wp-json\/wp\/v2\/product\/23518","targetHints":{"allow":["GET"]}}],"collection":[{"href":"https:\/\/www.globber.com\/ch\/fr\/wp-json\/wp\/v2\/product"}],"about":[{"href":"https:\/\/www.globber.com\/ch\/fr\/wp-json\/wp\/v2\/types\/product"}],"replies":[{"embeddable":true,"href":"https:\/\/www.globber.com\/ch\/fr\/wp-json\/wp\/v2\/comments?post=23518"}],"wp:featuredmedia":[{"embeddable":true,"href":"https:\/\/www.globber.com\/ch\/fr\/wp-json\/wp\/v2\/media\/23793"}],"wp:attachment":[{"href":"https:\/\/www.globber.com\/ch\/fr\/wp-json\/wp\/v2\/media?parent=23518"}],"wp:term":[{"taxonomy":"product-special-badges","embeddable":true,"href":"https:\/\/www.globber.com\/ch\/fr\/wp-json\/wp\/v2\/product-special-badges?post=23518"},{"taxonomy":"product_brand","embeddable":true,"href":"https:\/\/www.globber.com\/ch\/fr\/wp-json\/wp\/v2\/product_brand?post=23518"},{"taxonomy":"product_cat","embeddable":true,"href":"https:\/\/www.globber.com\/ch\/fr\/wp-json\/wp\/v2\/product_cat?post=23518"},{"taxonomy":"product_tag","embeddable":true,"href":"https:\/\/www.globber.com\/ch\/fr\/wp-json\/wp\/v2\/product_tag?post=23518"}],"curies":[{"name":"wp","href":"https:\/\/api.w.org\/{rel}","templated":true}]}}