{"id":23565,"date":"2024-01-17T08:17:54","date_gmt":"2024-01-17T07:17:54","guid":{"rendered":"https:\/\/www.globber.com\/ch\/product\/globber-roue-120-mm-transparent\/"},"modified":"2025-12-11T09:16:17","modified_gmt":"2025-12-11T08:16:17","slug":"globber-roue-120-mm-transparent","status":"publish","type":"product","link":"https:\/\/www.globber.com\/ch\/fr\/product\/globber-roue-120-mm-transparent\/","title":{"rendered":"Globber | roue | 120 mm | Transparent"},"content":{"rendered":"<p>Remplacez votre roue us\u00e9e et redonnez un coup de neuf \u00e0 votre scooter gr\u00e2ce \u00e0 la roue Globber 120 mm. Cette pi\u00e8ce de rechange de haute qualit\u00e9 offre une construction robuste et garantit une conduite fluide et silencieuse. Id\u00e9ale pour remplacer des roues us\u00e9es ou endommag\u00e9es, elle garantit des performances fiables sur route.<\/p>\n<p>\n<strong>Convient aux mod\u00e8les Globber suivants :<\/strong><\/p>\n<ul>\n<li>Globber Primo (toutes versions, roues avant)<\/li>\n<li>Globber Elite (toutes versions, roues avant)<\/li>\n<li>Globber Flow 125 (roues avant)<\/li>\n<li>Globber GO UP (roues avant)<\/li>\n<li>Globber Junior (roues avant)<\/li>\n<li>Globber Master (roues avant)<\/li>\n<\/ul>\n","protected":false},"excerpt":{"rendered":"<p>Remplacez votre roue us\u00e9e et redonnez un coup de neuf \u00e0 votre scooter gr\u00e2ce \u00e0 la roue Globber 120 mm. Cette pi\u00e8ce de rechange de haute qualit\u00e9 offre une construction robuste et garantit une conduite fluide et silencieuse. Id\u00e9ale pour remplacer des roues us\u00e9es ou endommag\u00e9es, elle garantit des performances fiables sur route. Convient aux [&hellip;]<\/p>\n","protected":false},"featured_media":23653,"comment_status":"closed","ping_status":"closed","template":"","meta":{"_acf_changed":false,"inline_featured_image":false},"product-special-badges":[],"product_brand":[],"product_cat":[4837],"product_tag":[],"class_list":{"0":"post-23565","1":"product","2":"type-product","3":"status-publish","4":"has-post-thumbnail","6":"product_cat-des-pieces-de-rechange","7":"pa_produkttyp-roue","9":"first","10":"instock","11":"taxable","12":"shipping-taxable","13":"purchasable","14":"product-type-simple"},"acf":[],"yoast_head":"<!-- This site is optimized with the Yoast SEO Premium plugin v20.12 (Yoast SEO v23.4) - https:\/\/yoast.com\/wordpress\/plugins\/seo\/ -->\n<title>Globber | roue | 120 mm | Transparent - Globber Scooter Schweiz<\/title>\n<meta name=\"robots\" content=\"index, follow, max-snippet:-1, max-image-preview:large, max-video-preview:-1\" \/>\n<link rel=\"canonical\" href=\"https:\/\/www.globber.com\/ch\/de\/product\/rad-120mm\/\" \/>\n<meta property=\"og:locale\" content=\"fr_FR\" \/>\n<meta property=\"og:type\" content=\"article\" \/>\n<meta property=\"og:title\" content=\"Globber | roue | 120 mm | Transparent - Globber Scooter Schweiz\" \/>\n<meta property=\"og:description\" content=\"Remplacez votre roue us\u00e9e et redonnez un coup de neuf \u00e0 votre scooter gr\u00e2ce \u00e0 la roue Globber 120 mm. Cette pi\u00e8ce de rechange de haute qualit\u00e9 offre une construction robuste et garantit une conduite fluide et silencieuse. Id\u00e9ale pour remplacer des roues us\u00e9es ou endommag\u00e9es, elle garantit des performances fiables sur route. Convient aux [&hellip;]\" \/>\n<meta property=\"og:url\" content=\"https:\/\/www.globber.com\/ch\/de\/product\/rad-120mm\/\" \/>\n<meta property=\"og:site_name\" content=\"Globber Scooter Schweiz\" \/>\n<meta property=\"article:modified_time\" content=\"2025-12-11T08:16:17+00:00\" \/>\n<meta property=\"og:image\" content=\"https:\/\/cdn.globber.com\/content\/sites\/41\/2024\/01\/globber_rad_120mm_schwarz_p1003_1280x1280.jpg\" \/>\n\t<meta property=\"og:image:width\" content=\"1250\" \/>\n\t<meta property=\"og:image:height\" content=\"1280\" \/>\n\t<meta property=\"og:image:type\" content=\"image\/jpeg\" \/>\n<meta name=\"twitter:card\" content=\"summary_large_image\" \/>\n<meta name=\"twitter:label1\" content=\"Price\" \/>\n\t<meta name=\"twitter:data1\" content=\"24.90&#067;&#072;&#070; inkl. MwSt\" \/>\n\t<meta name=\"twitter:label2\" content=\"Availability\" \/>\n\t<meta name=\"twitter:data2\" content=\"In stock\" \/>\n<script type=\"application\/ld+json\" class=\"yoast-schema-graph\">{\"@context\":\"https:\/\/schema.org\",\"@graph\":[{\"@type\":[\"WebPage\",\"ItemPage\"],\"@id\":\"https:\/\/www.globber.com\/ch\/de\/product\/rad-120mm\/\",\"url\":\"https:\/\/www.globber.com\/ch\/de\/product\/rad-120mm\/\",\"name\":\"Globber | roue | 120 mm | Transparent - Globber Scooter Schweiz\",\"isPartOf\":{\"@id\":\"https:\/\/www.globber.com\/ch\/fr\/#website\"},\"primaryImageOfPage\":{\"@id\":\"https:\/\/www.globber.com\/ch\/de\/product\/rad-120mm\/#primaryimage\"},\"image\":{\"@id\":\"https:\/\/www.globber.com\/ch\/de\/product\/rad-120mm\/#primaryimage\"},\"thumbnailUrl\":\"https:\/\/cdn.globber.com\/content\/sites\/41\/2024\/01\/globber_rad_120mm_schwarz_p1003_1280x1280.jpg\",\"datePublished\":\"2024-01-17T07:17:54+00:00\",\"dateModified\":\"2025-12-11T08:16:17+00:00\",\"breadcrumb\":{\"@id\":\"https:\/\/www.globber.com\/ch\/de\/product\/rad-120mm\/#breadcrumb\"},\"inLanguage\":\"fr-CH\",\"potentialAction\":[{\"@type\":\"ReadAction\",\"target\":[\"https:\/\/www.globber.com\/ch\/de\/product\/rad-120mm\/\"]}]},{\"@type\":\"ImageObject\",\"inLanguage\":\"fr-CH\",\"@id\":\"https:\/\/www.globber.com\/ch\/de\/product\/rad-120mm\/#primaryimage\",\"url\":\"https:\/\/cdn.globber.com\/content\/sites\/41\/2024\/01\/globber_rad_120mm_schwarz_p1003_1280x1280.jpg\",\"contentUrl\":\"https:\/\/cdn.globber.com\/content\/sites\/41\/2024\/01\/globber_rad_120mm_schwarz_p1003_1280x1280.jpg\",\"width\":1250,\"height\":1280},{\"@type\":\"BreadcrumbList\",\"@id\":\"https:\/\/www.globber.com\/ch\/de\/product\/rad-120mm\/#breadcrumb\",\"itemListElement\":[{\"@type\":\"ListItem\",\"position\":1,\"name\":\"Shop\",\"item\":\"https:\/\/www.globber.com\/ch\/fr\/shop\/\"},{\"@type\":\"ListItem\",\"position\":2,\"name\":\"Globber | roue | 120 mm | Transparent\"}]},{\"@type\":\"WebSite\",\"@id\":\"https:\/\/www.globber.com\/ch\/fr\/#website\",\"url\":\"https:\/\/www.globber.com\/ch\/fr\/\",\"name\":\"Globber Scooter Schweiz\",\"description\":\"Der offizielle Online Shop\",\"publisher\":{\"@id\":\"https:\/\/www.globber.com\/ch\/fr\/#organization\"},\"potentialAction\":[{\"@type\":\"SearchAction\",\"target\":{\"@type\":\"EntryPoint\",\"urlTemplate\":\"https:\/\/www.globber.com\/ch\/fr\/?s={search_term_string}\"},\"query-input\":{\"@type\":\"PropertyValueSpecification\",\"valueRequired\":true,\"valueName\":\"search_term_string\"}}],\"inLanguage\":\"fr-CH\"},{\"@type\":\"Organization\",\"@id\":\"https:\/\/www.globber.com\/ch\/fr\/#organization\",\"name\":\"Globber Scooter Schweiz\",\"url\":\"https:\/\/www.globber.com\/ch\/fr\/\",\"logo\":{\"@type\":\"ImageObject\",\"inLanguage\":\"fr-CH\",\"@id\":\"https:\/\/www.globber.com\/ch\/fr\/#\/schema\/logo\/image\/\",\"url\":\"https:\/\/cdn.globber.com\/content\/2024\/05\/logo.svg\",\"contentUrl\":\"https:\/\/cdn.globber.com\/content\/2024\/05\/logo.svg\",\"width\":601,\"height\":112,\"caption\":\"Globber Scooter Schweiz\"},\"image\":{\"@id\":\"https:\/\/www.globber.com\/ch\/fr\/#\/schema\/logo\/image\/\"}}]}<\/script>\n<meta property=\"product:price:amount\" content=\"24.90\" \/>\n<meta property=\"product:price:currency\" content=\"CHF\" \/>\n<meta property=\"og:availability\" content=\"instock\" \/>\n<meta property=\"product:availability\" content=\"instock\" \/>\n<meta property=\"product:retailer_item_id\" content=\"P1003\" \/>\n<meta property=\"product:condition\" content=\"new\" \/>\n<!-- \/ Yoast SEO Premium plugin. -->","yoast_head_json":{"title":"Globber | roue | 120 mm | Transparent - Globber Scooter Schweiz","robots":{"index":"index","follow":"follow","max-snippet":"max-snippet:-1","max-image-preview":"max-image-preview:large","max-video-preview":"max-video-preview:-1"},"canonical":"https:\/\/www.globber.com\/ch\/de\/product\/rad-120mm\/","og_locale":"fr_FR","og_type":"article","og_title":"Globber | roue | 120 mm | Transparent - Globber Scooter Schweiz","og_description":"Remplacez votre roue us\u00e9e et redonnez un coup de neuf \u00e0 votre scooter gr\u00e2ce \u00e0 la roue Globber 120 mm. Cette pi\u00e8ce de rechange de haute qualit\u00e9 offre une construction robuste et garantit une conduite fluide et silencieuse. Id\u00e9ale pour remplacer des roues us\u00e9es ou endommag\u00e9es, elle garantit des performances fiables sur route. Convient aux [&hellip;]","og_url":"https:\/\/www.globber.com\/ch\/de\/product\/rad-120mm\/","og_site_name":"Globber Scooter Schweiz","article_modified_time":"2025-12-11T08:16:17+00:00","og_image":[{"width":1250,"height":1280,"url":"https:\/\/cdn.globber.com\/content\/sites\/41\/2024\/01\/globber_rad_120mm_schwarz_p1003_1280x1280.jpg","type":"image\/jpeg"}],"twitter_card":"summary_large_image","twitter_misc":{"Price":"24.90&#67;&#72;&#70; inkl. MwSt","Availability":"In stock"},"schema":{"@context":"https:\/\/schema.org","@graph":[{"@type":["WebPage","ItemPage"],"@id":"https:\/\/www.globber.com\/ch\/de\/product\/rad-120mm\/","url":"https:\/\/www.globber.com\/ch\/de\/product\/rad-120mm\/","name":"Globber | roue | 120 mm | Transparent - Globber Scooter Schweiz","isPartOf":{"@id":"https:\/\/www.globber.com\/ch\/fr\/#website"},"primaryImageOfPage":{"@id":"https:\/\/www.globber.com\/ch\/de\/product\/rad-120mm\/#primaryimage"},"image":{"@id":"https:\/\/www.globber.com\/ch\/de\/product\/rad-120mm\/#primaryimage"},"thumbnailUrl":"https:\/\/cdn.globber.com\/content\/sites\/41\/2024\/01\/globber_rad_120mm_schwarz_p1003_1280x1280.jpg","datePublished":"2024-01-17T07:17:54+00:00","dateModified":"2025-12-11T08:16:17+00:00","breadcrumb":{"@id":"https:\/\/www.globber.com\/ch\/de\/product\/rad-120mm\/#breadcrumb"},"inLanguage":"fr-CH","potentialAction":[{"@type":"ReadAction","target":["https:\/\/www.globber.com\/ch\/de\/product\/rad-120mm\/"]}]},{"@type":"ImageObject","inLanguage":"fr-CH","@id":"https:\/\/www.globber.com\/ch\/de\/product\/rad-120mm\/#primaryimage","url":"https:\/\/cdn.globber.com\/content\/sites\/41\/2024\/01\/globber_rad_120mm_schwarz_p1003_1280x1280.jpg","contentUrl":"https:\/\/cdn.globber.com\/content\/sites\/41\/2024\/01\/globber_rad_120mm_schwarz_p1003_1280x1280.jpg","width":1250,"height":1280},{"@type":"BreadcrumbList","@id":"https:\/\/www.globber.com\/ch\/de\/product\/rad-120mm\/#breadcrumb","itemListElement":[{"@type":"ListItem","position":1,"name":"Shop","item":"https:\/\/www.globber.com\/ch\/fr\/shop\/"},{"@type":"ListItem","position":2,"name":"Globber | roue | 120 mm | Transparent"}]},{"@type":"WebSite","@id":"https:\/\/www.globber.com\/ch\/fr\/#website","url":"https:\/\/www.globber.com\/ch\/fr\/","name":"Globber Scooter Schweiz","description":"Der offizielle Online Shop","publisher":{"@id":"https:\/\/www.globber.com\/ch\/fr\/#organization"},"potentialAction":[{"@type":"SearchAction","target":{"@type":"EntryPoint","urlTemplate":"https:\/\/www.globber.com\/ch\/fr\/?s={search_term_string}"},"query-input":{"@type":"PropertyValueSpecification","valueRequired":true,"valueName":"search_term_string"}}],"inLanguage":"fr-CH"},{"@type":"Organization","@id":"https:\/\/www.globber.com\/ch\/fr\/#organization","name":"Globber Scooter Schweiz","url":"https:\/\/www.globber.com\/ch\/fr\/","logo":{"@type":"ImageObject","inLanguage":"fr-CH","@id":"https:\/\/www.globber.com\/ch\/fr\/#\/schema\/logo\/image\/","url":"https:\/\/cdn.globber.com\/content\/2024\/05\/logo.svg","contentUrl":"https:\/\/cdn.globber.com\/content\/2024\/05\/logo.svg","width":601,"height":112,"caption":"Globber Scooter Schweiz"},"image":{"@id":"https:\/\/www.globber.com\/ch\/fr\/#\/schema\/logo\/image\/"}}]},"product_price_amount":"24.90","product_price_currency":"CHF","og_availability":"instock","product_availability":"instock","product_retailer_item_id":"P1003","product_condition":"new"},"_links":{"self":[{"href":"https:\/\/www.globber.com\/ch\/fr\/wp-json\/wp\/v2\/product\/23565","targetHints":{"allow":["GET"]}}],"collection":[{"href":"https:\/\/www.globber.com\/ch\/fr\/wp-json\/wp\/v2\/product"}],"about":[{"href":"https:\/\/www.globber.com\/ch\/fr\/wp-json\/wp\/v2\/types\/product"}],"replies":[{"embeddable":true,"href":"https:\/\/www.globber.com\/ch\/fr\/wp-json\/wp\/v2\/comments?post=23565"}],"wp:featuredmedia":[{"embeddable":true,"href":"https:\/\/www.globber.com\/ch\/fr\/wp-json\/wp\/v2\/media\/23653"}],"wp:attachment":[{"href":"https:\/\/www.globber.com\/ch\/fr\/wp-json\/wp\/v2\/media?parent=23565"}],"wp:term":[{"taxonomy":"product-special-badges","embeddable":true,"href":"https:\/\/www.globber.com\/ch\/fr\/wp-json\/wp\/v2\/product-special-badges?post=23565"},{"taxonomy":"product_brand","embeddable":true,"href":"https:\/\/www.globber.com\/ch\/fr\/wp-json\/wp\/v2\/product_brand?post=23565"},{"taxonomy":"product_cat","embeddable":true,"href":"https:\/\/www.globber.com\/ch\/fr\/wp-json\/wp\/v2\/product_cat?post=23565"},{"taxonomy":"product_tag","embeddable":true,"href":"https:\/\/www.globber.com\/ch\/fr\/wp-json\/wp\/v2\/product_tag?post=23565"}],"curies":[{"name":"wp","href":"https:\/\/api.w.org\/{rel}","templated":true}]}}