{"id":23571,"date":"2024-01-17T08:18:17","date_gmt":"2024-01-17T07:18:17","guid":{"rendered":"https:\/\/www.globber.com\/ch\/product\/globber-controle-noir\/"},"modified":"2025-12-10T09:55:11","modified_gmt":"2025-12-10T08:55:11","slug":"globber-controle-noir","status":"publish","type":"product","link":"https:\/\/www.globber.com\/ch\/fr\/product\/globber-controle-noir\/","title":{"rendered":"Globber | Contr\u00f4le | Noir"},"content":{"rendered":"<p>Le contr\u00f4leur Globber noir d'origine remet la direction de votre trottinette sur les rails. Il garantit une conduite s\u00fbre et pr\u00e9cise et constitue une pi\u00e8ce de rechange id\u00e9ale en cas d'usure ou de dommage. Facile \u00e0 installer, il se remplace rapidement\u00a0: id\u00e9al pour les parents qui souhaitent remettre rapidement la trottinette de leur enfant sur les rails.<\/p>\n<h3>Mod\u00e8les compatibles<\/h3>\n<ul>\n<li>JUNIOR FOLDABLE FANTASY LIGHTS<\/li>\n<li>JUNIOR FOLDABLE<\/li>\n<li>JUNIOR FOLDABLE LIGHTS<\/li>\n<li>PRIMO<\/li>\n<li>PRIMO<\/li>\n<li>FOLDABLE<\/li>\n<li>PRIMO FOLDABLE LIGHTS<\/li>\n<li>PRIMO FOLDABLE WOOD LIGHTS<\/li>\n<li>PRIMO FOLDABLE PREMIUM<\/li>\n<li>PRIMO FOLDABLE PLUS LIGHTS<\/li>\n<li>MASTER<\/li>\n<li>MASTER LIGHTS<\/li>\n<li>GROUPE FOLDABLE PLUS<\/li>\n<li>GROUPE FOLDABLE PLUS LIGHTS GROUPE<\/li>\n<li>DELUXE<\/li>\n<p>GROUPE<\/p>\n<li>DELUXE LIGHTS<\/li>\n<li>GROUPE DELUXE FANTASY LIGHTS<\/li>\n<li>GROUPE DELUXE PLAY<\/li>\n<\/ul>\n<h3>D\u00e9tails techniques<\/h3>\n<ul>\n<li>Couleur : Noir<\/li>\n<li>Fonction : Remplacement d'une commande d\u00e9fectueuse<\/li>\n<li>Montage : Rapide et facile \u2013 aucun outil sp\u00e9cial requis<\/li>\n<\/ul>\n<h3>Notre conseil :<\/h3>\n<p>si le guidon vacille ou est difficile \u00e0 tourner, il vaut la peine de remplacer les commandes - pour une conduite en toute s\u00e9curit\u00e9 et un plaisir \u00e0 long terme du scooter.<\/p>\n","protected":false},"excerpt":{"rendered":"<p>Assure une direction pr\u00e9cise et une installation rapide \u2013 id\u00e9al en cas d'usure ou de d\u00e9faut.<\/p>\n","protected":false},"featured_media":23646,"comment_status":"closed","ping_status":"closed","template":"","meta":{"_acf_changed":false,"inline_featured_image":false},"product-special-badges":[],"product_brand":[],"product_cat":[4837],"product_tag":[],"class_list":{"0":"post-23571","1":"product","2":"type-product","3":"status-publish","4":"has-post-thumbnail","6":"product_cat-des-pieces-de-rechange","7":"pa_produkttyp-pilotage","9":"first","10":"instock","11":"taxable","12":"shipping-taxable","13":"purchasable","14":"product-type-simple"},"acf":[],"yoast_head":"<!-- This site is optimized with the Yoast SEO Premium plugin v20.12 (Yoast SEO v23.4) - https:\/\/yoast.com\/wordpress\/plugins\/seo\/ -->\n<title>Globber | Contr\u00f4le | Noir - Globber Scooter Schweiz<\/title>\n<meta name=\"robots\" content=\"index, follow, max-snippet:-1, max-image-preview:large, max-video-preview:-1\" \/>\n<link rel=\"canonical\" href=\"https:\/\/www.globber.com\/ch\/fr\/product\/globber-controle-noir\/\" \/>\n<meta property=\"og:locale\" content=\"fr_FR\" \/>\n<meta property=\"og:type\" content=\"article\" \/>\n<meta property=\"og:title\" content=\"Globber | Contr\u00f4le | Noir - Globber Scooter Schweiz\" \/>\n<meta property=\"og:description\" content=\"Assure une direction pr\u00e9cise et une installation rapide \u2013 id\u00e9al en cas d&#039;usure ou de d\u00e9faut.\" \/>\n<meta property=\"og:url\" content=\"https:\/\/www.globber.com\/ch\/fr\/product\/globber-controle-noir\/\" \/>\n<meta property=\"og:site_name\" content=\"Globber Scooter Schweiz\" \/>\n<meta property=\"article:modified_time\" content=\"2025-12-10T08:55:11+00:00\" \/>\n<meta property=\"og:image\" content=\"https:\/\/cdn.globber.com\/content\/sites\/41\/2024\/01\/P1018_connector-Primo-V2_rgb-1.jpg\" \/>\n\t<meta property=\"og:image:width\" content=\"2048\" \/>\n\t<meta property=\"og:image:height\" content=\"2048\" \/>\n\t<meta property=\"og:image:type\" content=\"image\/jpeg\" \/>\n<meta name=\"twitter:card\" content=\"summary_large_image\" \/>\n<meta name=\"twitter:label1\" content=\"Price\" \/>\n\t<meta name=\"twitter:data1\" content=\"9.90&#067;&#072;&#070; inkl. MwSt\" \/>\n\t<meta name=\"twitter:label2\" content=\"Availability\" \/>\n\t<meta name=\"twitter:data2\" content=\"In stock\" \/>\n<script type=\"application\/ld+json\" class=\"yoast-schema-graph\">{\"@context\":\"https:\/\/schema.org\",\"@graph\":[{\"@type\":[\"WebPage\",\"ItemPage\"],\"@id\":\"https:\/\/www.globber.com\/ch\/fr\/product\/globber-controle-noir\/\",\"url\":\"https:\/\/www.globber.com\/ch\/fr\/product\/globber-controle-noir\/\",\"name\":\"Globber | Contr\u00f4le | Noir - Globber Scooter Schweiz\",\"isPartOf\":{\"@id\":\"https:\/\/www.globber.com\/ch\/fr\/#website\"},\"primaryImageOfPage\":{\"@id\":\"https:\/\/www.globber.com\/ch\/fr\/product\/globber-controle-noir\/#primaryimage\"},\"image\":{\"@id\":\"https:\/\/www.globber.com\/ch\/fr\/product\/globber-controle-noir\/#primaryimage\"},\"thumbnailUrl\":\"https:\/\/cdn.globber.com\/content\/sites\/41\/2024\/01\/P1018_connector-Primo-V2_rgb-1.jpg\",\"datePublished\":\"2024-01-17T07:18:17+00:00\",\"dateModified\":\"2025-12-10T08:55:11+00:00\",\"breadcrumb\":{\"@id\":\"https:\/\/www.globber.com\/ch\/fr\/product\/globber-controle-noir\/#breadcrumb\"},\"inLanguage\":\"fr-CH\",\"potentialAction\":[{\"@type\":\"ReadAction\",\"target\":[\"https:\/\/www.globber.com\/ch\/fr\/product\/globber-controle-noir\/\"]}]},{\"@type\":\"ImageObject\",\"inLanguage\":\"fr-CH\",\"@id\":\"https:\/\/www.globber.com\/ch\/fr\/product\/globber-controle-noir\/#primaryimage\",\"url\":\"https:\/\/cdn.globber.com\/content\/sites\/41\/2024\/01\/P1018_connector-Primo-V2_rgb-1.jpg\",\"contentUrl\":\"https:\/\/cdn.globber.com\/content\/sites\/41\/2024\/01\/P1018_connector-Primo-V2_rgb-1.jpg\",\"width\":2048,\"height\":2048},{\"@type\":\"BreadcrumbList\",\"@id\":\"https:\/\/www.globber.com\/ch\/fr\/product\/globber-controle-noir\/#breadcrumb\",\"itemListElement\":[{\"@type\":\"ListItem\",\"position\":1,\"name\":\"Shop\",\"item\":\"https:\/\/www.globber.com\/ch\/fr\/shop\/\"},{\"@type\":\"ListItem\",\"position\":2,\"name\":\"Globber | Contr\u00f4le | Noir\"}]},{\"@type\":\"WebSite\",\"@id\":\"https:\/\/www.globber.com\/ch\/fr\/#website\",\"url\":\"https:\/\/www.globber.com\/ch\/fr\/\",\"name\":\"Globber Scooter Schweiz\",\"description\":\"Der offizielle Online Shop\",\"publisher\":{\"@id\":\"https:\/\/www.globber.com\/ch\/fr\/#organization\"},\"potentialAction\":[{\"@type\":\"SearchAction\",\"target\":{\"@type\":\"EntryPoint\",\"urlTemplate\":\"https:\/\/www.globber.com\/ch\/fr\/?s={search_term_string}\"},\"query-input\":{\"@type\":\"PropertyValueSpecification\",\"valueRequired\":true,\"valueName\":\"search_term_string\"}}],\"inLanguage\":\"fr-CH\"},{\"@type\":\"Organization\",\"@id\":\"https:\/\/www.globber.com\/ch\/fr\/#organization\",\"name\":\"Globber Scooter Schweiz\",\"url\":\"https:\/\/www.globber.com\/ch\/fr\/\",\"logo\":{\"@type\":\"ImageObject\",\"inLanguage\":\"fr-CH\",\"@id\":\"https:\/\/www.globber.com\/ch\/fr\/#\/schema\/logo\/image\/\",\"url\":\"https:\/\/cdn.globber.com\/content\/2024\/05\/logo.svg\",\"contentUrl\":\"https:\/\/cdn.globber.com\/content\/2024\/05\/logo.svg\",\"width\":601,\"height\":112,\"caption\":\"Globber Scooter Schweiz\"},\"image\":{\"@id\":\"https:\/\/www.globber.com\/ch\/fr\/#\/schema\/logo\/image\/\"}}]}<\/script>\n<meta property=\"product:price:amount\" content=\"9.90\" \/>\n<meta property=\"product:price:currency\" content=\"CHF\" \/>\n<meta property=\"og:availability\" content=\"instock\" \/>\n<meta property=\"product:availability\" content=\"instock\" \/>\n<meta property=\"product:retailer_item_id\" content=\"P1018\" \/>\n<meta property=\"product:condition\" content=\"new\" \/>\n<!-- \/ Yoast SEO Premium plugin. -->","yoast_head_json":{"title":"Globber | Contr\u00f4le | Noir - Globber Scooter Schweiz","robots":{"index":"index","follow":"follow","max-snippet":"max-snippet:-1","max-image-preview":"max-image-preview:large","max-video-preview":"max-video-preview:-1"},"canonical":"https:\/\/www.globber.com\/ch\/fr\/product\/globber-controle-noir\/","og_locale":"fr_FR","og_type":"article","og_title":"Globber | Contr\u00f4le | Noir - Globber Scooter Schweiz","og_description":"Assure une direction pr\u00e9cise et une installation rapide \u2013 id\u00e9al en cas d'usure ou de d\u00e9faut.","og_url":"https:\/\/www.globber.com\/ch\/fr\/product\/globber-controle-noir\/","og_site_name":"Globber Scooter Schweiz","article_modified_time":"2025-12-10T08:55:11+00:00","og_image":[{"width":2048,"height":2048,"url":"https:\/\/cdn.globber.com\/content\/sites\/41\/2024\/01\/P1018_connector-Primo-V2_rgb-1.jpg","type":"image\/jpeg"}],"twitter_card":"summary_large_image","twitter_misc":{"Price":"9.90&#67;&#72;&#70; inkl. MwSt","Availability":"In stock"},"schema":{"@context":"https:\/\/schema.org","@graph":[{"@type":["WebPage","ItemPage"],"@id":"https:\/\/www.globber.com\/ch\/fr\/product\/globber-controle-noir\/","url":"https:\/\/www.globber.com\/ch\/fr\/product\/globber-controle-noir\/","name":"Globber | Contr\u00f4le | Noir - Globber Scooter Schweiz","isPartOf":{"@id":"https:\/\/www.globber.com\/ch\/fr\/#website"},"primaryImageOfPage":{"@id":"https:\/\/www.globber.com\/ch\/fr\/product\/globber-controle-noir\/#primaryimage"},"image":{"@id":"https:\/\/www.globber.com\/ch\/fr\/product\/globber-controle-noir\/#primaryimage"},"thumbnailUrl":"https:\/\/cdn.globber.com\/content\/sites\/41\/2024\/01\/P1018_connector-Primo-V2_rgb-1.jpg","datePublished":"2024-01-17T07:18:17+00:00","dateModified":"2025-12-10T08:55:11+00:00","breadcrumb":{"@id":"https:\/\/www.globber.com\/ch\/fr\/product\/globber-controle-noir\/#breadcrumb"},"inLanguage":"fr-CH","potentialAction":[{"@type":"ReadAction","target":["https:\/\/www.globber.com\/ch\/fr\/product\/globber-controle-noir\/"]}]},{"@type":"ImageObject","inLanguage":"fr-CH","@id":"https:\/\/www.globber.com\/ch\/fr\/product\/globber-controle-noir\/#primaryimage","url":"https:\/\/cdn.globber.com\/content\/sites\/41\/2024\/01\/P1018_connector-Primo-V2_rgb-1.jpg","contentUrl":"https:\/\/cdn.globber.com\/content\/sites\/41\/2024\/01\/P1018_connector-Primo-V2_rgb-1.jpg","width":2048,"height":2048},{"@type":"BreadcrumbList","@id":"https:\/\/www.globber.com\/ch\/fr\/product\/globber-controle-noir\/#breadcrumb","itemListElement":[{"@type":"ListItem","position":1,"name":"Shop","item":"https:\/\/www.globber.com\/ch\/fr\/shop\/"},{"@type":"ListItem","position":2,"name":"Globber | Contr\u00f4le | Noir"}]},{"@type":"WebSite","@id":"https:\/\/www.globber.com\/ch\/fr\/#website","url":"https:\/\/www.globber.com\/ch\/fr\/","name":"Globber Scooter Schweiz","description":"Der offizielle Online Shop","publisher":{"@id":"https:\/\/www.globber.com\/ch\/fr\/#organization"},"potentialAction":[{"@type":"SearchAction","target":{"@type":"EntryPoint","urlTemplate":"https:\/\/www.globber.com\/ch\/fr\/?s={search_term_string}"},"query-input":{"@type":"PropertyValueSpecification","valueRequired":true,"valueName":"search_term_string"}}],"inLanguage":"fr-CH"},{"@type":"Organization","@id":"https:\/\/www.globber.com\/ch\/fr\/#organization","name":"Globber Scooter Schweiz","url":"https:\/\/www.globber.com\/ch\/fr\/","logo":{"@type":"ImageObject","inLanguage":"fr-CH","@id":"https:\/\/www.globber.com\/ch\/fr\/#\/schema\/logo\/image\/","url":"https:\/\/cdn.globber.com\/content\/2024\/05\/logo.svg","contentUrl":"https:\/\/cdn.globber.com\/content\/2024\/05\/logo.svg","width":601,"height":112,"caption":"Globber Scooter Schweiz"},"image":{"@id":"https:\/\/www.globber.com\/ch\/fr\/#\/schema\/logo\/image\/"}}]},"product_price_amount":"9.90","product_price_currency":"CHF","og_availability":"instock","product_availability":"instock","product_retailer_item_id":"P1018","product_condition":"new"},"_links":{"self":[{"href":"https:\/\/www.globber.com\/ch\/fr\/wp-json\/wp\/v2\/product\/23571","targetHints":{"allow":["GET"]}}],"collection":[{"href":"https:\/\/www.globber.com\/ch\/fr\/wp-json\/wp\/v2\/product"}],"about":[{"href":"https:\/\/www.globber.com\/ch\/fr\/wp-json\/wp\/v2\/types\/product"}],"replies":[{"embeddable":true,"href":"https:\/\/www.globber.com\/ch\/fr\/wp-json\/wp\/v2\/comments?post=23571"}],"wp:featuredmedia":[{"embeddable":true,"href":"https:\/\/www.globber.com\/ch\/fr\/wp-json\/wp\/v2\/media\/23646"}],"wp:attachment":[{"href":"https:\/\/www.globber.com\/ch\/fr\/wp-json\/wp\/v2\/media?parent=23571"}],"wp:term":[{"taxonomy":"product-special-badges","embeddable":true,"href":"https:\/\/www.globber.com\/ch\/fr\/wp-json\/wp\/v2\/product-special-badges?post=23571"},{"taxonomy":"product_brand","embeddable":true,"href":"https:\/\/www.globber.com\/ch\/fr\/wp-json\/wp\/v2\/product_brand?post=23571"},{"taxonomy":"product_cat","embeddable":true,"href":"https:\/\/www.globber.com\/ch\/fr\/wp-json\/wp\/v2\/product_cat?post=23571"},{"taxonomy":"product_tag","embeddable":true,"href":"https:\/\/www.globber.com\/ch\/fr\/wp-json\/wp\/v2\/product_tag?post=23571"}],"curies":[{"name":"wp","href":"https:\/\/api.w.org\/{rel}","templated":true}]}}