{"id":23575,"date":"2024-01-17T09:18:17","date_gmt":"2024-01-17T08:18:17","guid":{"rendered":"https:\/\/www.globber.com\/ch\/product\/globber-jeu-de-vis-de-controle\/"},"modified":"2025-12-10T10:14:22","modified_gmt":"2025-12-10T09:14:22","slug":"globber-jeu-de-vis-de-controle","status":"publish","type":"product","link":"https:\/\/www.globber.com\/ch\/fr\/product\/globber-jeu-de-vis-de-controle\/","title":{"rendered":"Globber | Jeu de vis de contr\u00f4le"},"content":{"rendered":"<p>Ces essieux directeurs d'origine ont \u00e9t\u00e9 sp\u00e9cialement d\u00e9velopp\u00e9s pour le <strong>Globber Primo pliable<\/strong> . Ils relient l'unit\u00e9 de direction au plateau avant et assurent une conduite stable et pr\u00e9cise. Id\u00e9als en remplacement en cas d'usure ou de dommage, ils vous permettent de retrouver une conduite s\u00fbre et fluide.<\/p>\n<h3>Mod\u00e8les compatibles<\/h3>\n<ul>\n<li>Globber Primo pliable<\/li>\n<\/ul>\n<h3>\u00a0<\/h3>\n<h3>\u00a0<\/h3>\n<h3>D\u00e9tails techniques<\/h3>\n<ul>\n<li>Ajustement parfait pour : Globber Primo Pliable<\/li>\n<li>Fonction : \u00c9l\u00e9ment de connexion entre la commande et la fourche avant<\/li>\n<li>Mat\u00e9riau : M\u00e9tal robuste pour une durabilit\u00e9 accrue<\/li>\n<li>Assemblage : Facilement rempla\u00e7able<\/li>\n<\/ul>\n<h3>Notre conseil\u00a0:<\/h3>\n<p>si la direction de votre Primo Foldable oscille ou pr\u00e9sente du jeu, de nouveaux axes de direction pourraient \u00eatre la solution. Pour une s\u00e9curit\u00e9 optimale, il est conseill\u00e9 de les remplacer rapidement.<\/p>\n","protected":false},"excerpt":{"rendered":"<p>Axes d'origine pour l'unit\u00e9 de commande du Globber Primo Foldable \u2013 pour des mouvements de direction stables et pr\u00e9cis.<\/p>\n","protected":false},"featured_media":23658,"comment_status":"closed","ping_status":"closed","template":"","meta":{"_acf_changed":false,"inline_featured_image":false},"product-special-badges":[],"product_brand":[],"product_cat":[4837],"product_tag":[],"class_list":{"0":"post-23575","1":"product","2":"type-product","3":"status-publish","4":"has-post-thumbnail","6":"product_cat-des-pieces-de-rechange","7":"pa_produkttyp-vis","9":"first","10":"instock","11":"taxable","12":"shipping-taxable","13":"purchasable","14":"product-type-simple"},"acf":[],"yoast_head":"<!-- This site is optimized with the Yoast SEO Premium plugin v20.12 (Yoast SEO v23.4) - https:\/\/yoast.com\/wordpress\/plugins\/seo\/ -->\n<title>Globber | Jeu de vis de contr\u00f4le - Globber Scooter Schweiz<\/title>\n<meta name=\"robots\" content=\"index, follow, max-snippet:-1, max-image-preview:large, max-video-preview:-1\" \/>\n<link rel=\"canonical\" href=\"https:\/\/www.globber.com\/ch\/de\/product\/steuerung-schrauben-set\/\" \/>\n<meta property=\"og:locale\" content=\"fr_FR\" \/>\n<meta property=\"og:type\" content=\"article\" \/>\n<meta property=\"og:title\" content=\"Globber | Jeu de vis de contr\u00f4le - Globber Scooter Schweiz\" \/>\n<meta property=\"og:description\" content=\"Axes d&#039;origine pour l&#039;unit\u00e9 de commande du Globber Primo Foldable \u2013 pour des mouvements de direction stables et pr\u00e9cis.\" \/>\n<meta property=\"og:url\" content=\"https:\/\/www.globber.com\/ch\/de\/product\/steuerung-schrauben-set\/\" \/>\n<meta property=\"og:site_name\" content=\"Globber Scooter Schweiz\" \/>\n<meta property=\"article:modified_time\" content=\"2025-12-10T09:14:22+00:00\" \/>\n<meta property=\"og:image\" content=\"https:\/\/cdn.globber.com\/content\/sites\/41\/2024\/01\/P1513-Steuerung-Schrauben-Primo-Foldable_1920x1920-2.png\" \/>\n\t<meta property=\"og:image:width\" content=\"1552\" \/>\n\t<meta property=\"og:image:height\" content=\"1128\" \/>\n\t<meta property=\"og:image:type\" content=\"image\/png\" \/>\n<meta name=\"twitter:card\" content=\"summary_large_image\" \/>\n<meta name=\"twitter:label1\" content=\"Price\" \/>\n\t<meta name=\"twitter:data1\" content=\"4.90&#067;&#072;&#070; inkl. MwSt\" \/>\n\t<meta name=\"twitter:label2\" content=\"Availability\" \/>\n\t<meta name=\"twitter:data2\" content=\"In stock\" \/>\n<script type=\"application\/ld+json\" class=\"yoast-schema-graph\">{\"@context\":\"https:\/\/schema.org\",\"@graph\":[{\"@type\":[\"WebPage\",\"ItemPage\"],\"@id\":\"https:\/\/www.globber.com\/ch\/de\/product\/steuerung-schrauben-set\/\",\"url\":\"https:\/\/www.globber.com\/ch\/de\/product\/steuerung-schrauben-set\/\",\"name\":\"Globber | Jeu de vis de contr\u00f4le - Globber Scooter Schweiz\",\"isPartOf\":{\"@id\":\"https:\/\/www.globber.com\/ch\/fr\/#website\"},\"primaryImageOfPage\":{\"@id\":\"https:\/\/www.globber.com\/ch\/de\/product\/steuerung-schrauben-set\/#primaryimage\"},\"image\":{\"@id\":\"https:\/\/www.globber.com\/ch\/de\/product\/steuerung-schrauben-set\/#primaryimage\"},\"thumbnailUrl\":\"https:\/\/cdn.globber.com\/content\/sites\/41\/2024\/01\/P1513-Steuerung-Schrauben-Primo-Foldable_1920x1920-2.png\",\"datePublished\":\"2024-01-17T08:18:17+00:00\",\"dateModified\":\"2025-12-10T09:14:22+00:00\",\"breadcrumb\":{\"@id\":\"https:\/\/www.globber.com\/ch\/de\/product\/steuerung-schrauben-set\/#breadcrumb\"},\"inLanguage\":\"fr-CH\",\"potentialAction\":[{\"@type\":\"ReadAction\",\"target\":[\"https:\/\/www.globber.com\/ch\/de\/product\/steuerung-schrauben-set\/\"]}]},{\"@type\":\"ImageObject\",\"inLanguage\":\"fr-CH\",\"@id\":\"https:\/\/www.globber.com\/ch\/de\/product\/steuerung-schrauben-set\/#primaryimage\",\"url\":\"https:\/\/cdn.globber.com\/content\/sites\/41\/2024\/01\/P1513-Steuerung-Schrauben-Primo-Foldable_1920x1920-2.png\",\"contentUrl\":\"https:\/\/cdn.globber.com\/content\/sites\/41\/2024\/01\/P1513-Steuerung-Schrauben-Primo-Foldable_1920x1920-2.png\",\"width\":1552,\"height\":1128},{\"@type\":\"BreadcrumbList\",\"@id\":\"https:\/\/www.globber.com\/ch\/de\/product\/steuerung-schrauben-set\/#breadcrumb\",\"itemListElement\":[{\"@type\":\"ListItem\",\"position\":1,\"name\":\"Shop\",\"item\":\"https:\/\/www.globber.com\/ch\/fr\/shop\/\"},{\"@type\":\"ListItem\",\"position\":2,\"name\":\"Globber | Jeu de vis de contr\u00f4le\"}]},{\"@type\":\"WebSite\",\"@id\":\"https:\/\/www.globber.com\/ch\/fr\/#website\",\"url\":\"https:\/\/www.globber.com\/ch\/fr\/\",\"name\":\"Globber Scooter Schweiz\",\"description\":\"Der offizielle Online Shop\",\"publisher\":{\"@id\":\"https:\/\/www.globber.com\/ch\/fr\/#organization\"},\"potentialAction\":[{\"@type\":\"SearchAction\",\"target\":{\"@type\":\"EntryPoint\",\"urlTemplate\":\"https:\/\/www.globber.com\/ch\/fr\/?s={search_term_string}\"},\"query-input\":{\"@type\":\"PropertyValueSpecification\",\"valueRequired\":true,\"valueName\":\"search_term_string\"}}],\"inLanguage\":\"fr-CH\"},{\"@type\":\"Organization\",\"@id\":\"https:\/\/www.globber.com\/ch\/fr\/#organization\",\"name\":\"Globber Scooter Schweiz\",\"url\":\"https:\/\/www.globber.com\/ch\/fr\/\",\"logo\":{\"@type\":\"ImageObject\",\"inLanguage\":\"fr-CH\",\"@id\":\"https:\/\/www.globber.com\/ch\/fr\/#\/schema\/logo\/image\/\",\"url\":\"https:\/\/cdn.globber.com\/content\/2024\/05\/logo.svg\",\"contentUrl\":\"https:\/\/cdn.globber.com\/content\/2024\/05\/logo.svg\",\"width\":601,\"height\":112,\"caption\":\"Globber Scooter Schweiz\"},\"image\":{\"@id\":\"https:\/\/www.globber.com\/ch\/fr\/#\/schema\/logo\/image\/\"}}]}<\/script>\n<meta property=\"product:price:amount\" content=\"4.90\" \/>\n<meta property=\"product:price:currency\" content=\"CHF\" \/>\n<meta property=\"og:availability\" content=\"instock\" \/>\n<meta property=\"product:availability\" content=\"instock\" \/>\n<meta property=\"product:retailer_item_id\" content=\"P1513\" \/>\n<meta property=\"product:condition\" content=\"new\" \/>\n<!-- \/ Yoast SEO Premium plugin. -->","yoast_head_json":{"title":"Globber | Jeu de vis de contr\u00f4le - Globber Scooter Schweiz","robots":{"index":"index","follow":"follow","max-snippet":"max-snippet:-1","max-image-preview":"max-image-preview:large","max-video-preview":"max-video-preview:-1"},"canonical":"https:\/\/www.globber.com\/ch\/de\/product\/steuerung-schrauben-set\/","og_locale":"fr_FR","og_type":"article","og_title":"Globber | Jeu de vis de contr\u00f4le - Globber Scooter Schweiz","og_description":"Axes d'origine pour l'unit\u00e9 de commande du Globber Primo Foldable \u2013 pour des mouvements de direction stables et pr\u00e9cis.","og_url":"https:\/\/www.globber.com\/ch\/de\/product\/steuerung-schrauben-set\/","og_site_name":"Globber Scooter Schweiz","article_modified_time":"2025-12-10T09:14:22+00:00","og_image":[{"width":1552,"height":1128,"url":"https:\/\/cdn.globber.com\/content\/sites\/41\/2024\/01\/P1513-Steuerung-Schrauben-Primo-Foldable_1920x1920-2.png","type":"image\/png"}],"twitter_card":"summary_large_image","twitter_misc":{"Price":"4.90&#67;&#72;&#70; inkl. MwSt","Availability":"In stock"},"schema":{"@context":"https:\/\/schema.org","@graph":[{"@type":["WebPage","ItemPage"],"@id":"https:\/\/www.globber.com\/ch\/de\/product\/steuerung-schrauben-set\/","url":"https:\/\/www.globber.com\/ch\/de\/product\/steuerung-schrauben-set\/","name":"Globber | Jeu de vis de contr\u00f4le - Globber Scooter Schweiz","isPartOf":{"@id":"https:\/\/www.globber.com\/ch\/fr\/#website"},"primaryImageOfPage":{"@id":"https:\/\/www.globber.com\/ch\/de\/product\/steuerung-schrauben-set\/#primaryimage"},"image":{"@id":"https:\/\/www.globber.com\/ch\/de\/product\/steuerung-schrauben-set\/#primaryimage"},"thumbnailUrl":"https:\/\/cdn.globber.com\/content\/sites\/41\/2024\/01\/P1513-Steuerung-Schrauben-Primo-Foldable_1920x1920-2.png","datePublished":"2024-01-17T08:18:17+00:00","dateModified":"2025-12-10T09:14:22+00:00","breadcrumb":{"@id":"https:\/\/www.globber.com\/ch\/de\/product\/steuerung-schrauben-set\/#breadcrumb"},"inLanguage":"fr-CH","potentialAction":[{"@type":"ReadAction","target":["https:\/\/www.globber.com\/ch\/de\/product\/steuerung-schrauben-set\/"]}]},{"@type":"ImageObject","inLanguage":"fr-CH","@id":"https:\/\/www.globber.com\/ch\/de\/product\/steuerung-schrauben-set\/#primaryimage","url":"https:\/\/cdn.globber.com\/content\/sites\/41\/2024\/01\/P1513-Steuerung-Schrauben-Primo-Foldable_1920x1920-2.png","contentUrl":"https:\/\/cdn.globber.com\/content\/sites\/41\/2024\/01\/P1513-Steuerung-Schrauben-Primo-Foldable_1920x1920-2.png","width":1552,"height":1128},{"@type":"BreadcrumbList","@id":"https:\/\/www.globber.com\/ch\/de\/product\/steuerung-schrauben-set\/#breadcrumb","itemListElement":[{"@type":"ListItem","position":1,"name":"Shop","item":"https:\/\/www.globber.com\/ch\/fr\/shop\/"},{"@type":"ListItem","position":2,"name":"Globber | Jeu de vis de contr\u00f4le"}]},{"@type":"WebSite","@id":"https:\/\/www.globber.com\/ch\/fr\/#website","url":"https:\/\/www.globber.com\/ch\/fr\/","name":"Globber Scooter Schweiz","description":"Der offizielle Online Shop","publisher":{"@id":"https:\/\/www.globber.com\/ch\/fr\/#organization"},"potentialAction":[{"@type":"SearchAction","target":{"@type":"EntryPoint","urlTemplate":"https:\/\/www.globber.com\/ch\/fr\/?s={search_term_string}"},"query-input":{"@type":"PropertyValueSpecification","valueRequired":true,"valueName":"search_term_string"}}],"inLanguage":"fr-CH"},{"@type":"Organization","@id":"https:\/\/www.globber.com\/ch\/fr\/#organization","name":"Globber Scooter Schweiz","url":"https:\/\/www.globber.com\/ch\/fr\/","logo":{"@type":"ImageObject","inLanguage":"fr-CH","@id":"https:\/\/www.globber.com\/ch\/fr\/#\/schema\/logo\/image\/","url":"https:\/\/cdn.globber.com\/content\/2024\/05\/logo.svg","contentUrl":"https:\/\/cdn.globber.com\/content\/2024\/05\/logo.svg","width":601,"height":112,"caption":"Globber Scooter Schweiz"},"image":{"@id":"https:\/\/www.globber.com\/ch\/fr\/#\/schema\/logo\/image\/"}}]},"product_price_amount":"4.90","product_price_currency":"CHF","og_availability":"instock","product_availability":"instock","product_retailer_item_id":"P1513","product_condition":"new"},"_links":{"self":[{"href":"https:\/\/www.globber.com\/ch\/fr\/wp-json\/wp\/v2\/product\/23575","targetHints":{"allow":["GET"]}}],"collection":[{"href":"https:\/\/www.globber.com\/ch\/fr\/wp-json\/wp\/v2\/product"}],"about":[{"href":"https:\/\/www.globber.com\/ch\/fr\/wp-json\/wp\/v2\/types\/product"}],"replies":[{"embeddable":true,"href":"https:\/\/www.globber.com\/ch\/fr\/wp-json\/wp\/v2\/comments?post=23575"}],"wp:featuredmedia":[{"embeddable":true,"href":"https:\/\/www.globber.com\/ch\/fr\/wp-json\/wp\/v2\/media\/23658"}],"wp:attachment":[{"href":"https:\/\/www.globber.com\/ch\/fr\/wp-json\/wp\/v2\/media?parent=23575"}],"wp:term":[{"taxonomy":"product-special-badges","embeddable":true,"href":"https:\/\/www.globber.com\/ch\/fr\/wp-json\/wp\/v2\/product-special-badges?post=23575"},{"taxonomy":"product_brand","embeddable":true,"href":"https:\/\/www.globber.com\/ch\/fr\/wp-json\/wp\/v2\/product_brand?post=23575"},{"taxonomy":"product_cat","embeddable":true,"href":"https:\/\/www.globber.com\/ch\/fr\/wp-json\/wp\/v2\/product_cat?post=23575"},{"taxonomy":"product_tag","embeddable":true,"href":"https:\/\/www.globber.com\/ch\/fr\/wp-json\/wp\/v2\/product_tag?post=23575"}],"curies":[{"name":"wp","href":"https:\/\/api.w.org\/{rel}","templated":true}]}}