{"id":23576,"date":"2024-01-17T08:18:17","date_gmt":"2024-01-17T07:18:17","guid":{"rendered":"https:\/\/www.globber.com\/ch\/product\/globber-ultimum-bouton-rotatif\/"},"modified":"2025-12-10T10:14:16","modified_gmt":"2025-12-10T09:14:16","slug":"globber-ultimum-bouton-rotatif","status":"publish","type":"product","link":"https:\/\/www.globber.com\/ch\/fr\/product\/globber-ultimum-bouton-rotatif\/","title":{"rendered":"Globber | Ultimum | Bouton rotatif"},"content":{"rendered":"<p>Gr\u00e2ce \u00e0 ce bouton Globber d'origine, vous pouvez restaurer le syst\u00e8me de direction brevet\u00e9 de votre <strong>trottinette Globber Ultimum<\/strong> . Ce bouton ajuste l'angle de braquage de la roue avant, garantissant un contr\u00f4le et un confort de conduite optimaux, id\u00e9al pour les enfants et les adultes en qu\u00eate de flexibilit\u00e9.<\/p>\n<h3>Mod\u00e8les compatibles<\/h3>\n<ul>\n<li>Globber Ultimum<\/li>\n<\/ul>\n<h3>\u00a0<\/h3>\n<h3>\u00a0<\/h3>\n<h3>D\u00e9tails techniques<\/h3>\n<ul>\n<li>Fonction : R\u00e9glage de l'angle de braquage (verrouillage de la direction)<\/li>\n<li>Mat\u00e9riau : Plastique robuste<\/li>\n<li>Couleur : Noir<\/li>\n<li>Montage : Peut \u00eatre utilis\u00e9 directement sur le carter de fourche avant<\/li>\n<\/ul>\n<h3>Notre conseil :<\/h3>\n<p>si votre Ultimum ne peut plus \u00eatre dirig\u00e9 correctement ou si le m\u00e9canisme de rotation est bloqu\u00e9, le remplacement du bouton de rotation r\u00e9tablira toutes les fonctions \u2013 pour une exp\u00e9rience de conduite s\u00fbre et r\u00e9active.<\/p>\n","protected":false},"excerpt":{"rendered":"<p>Bouton rotatif d'origine pour le syst\u00e8me de direction de la trottinette Globber Ultimum \u2013 pour un r\u00e9glage pr\u00e9cis de la direction.<\/p>\n","protected":false},"featured_media":23659,"comment_status":"closed","ping_status":"closed","template":"","meta":{"_acf_changed":false,"inline_featured_image":false},"product-special-badges":[],"product_brand":[],"product_cat":[4837],"product_tag":[],"class_list":{"0":"post-23576","1":"product","2":"type-product","3":"status-publish","4":"has-post-thumbnail","6":"product_cat-des-pieces-de-rechange","7":"pa_produkttyp-bouton","9":"first","10":"instock","11":"taxable","12":"shipping-taxable","13":"purchasable","14":"product-type-simple"},"acf":[],"yoast_head":"<!-- This site is optimized with the Yoast SEO Premium plugin v20.12 (Yoast SEO v23.4) - https:\/\/yoast.com\/wordpress\/plugins\/seo\/ -->\n<title>Globber | Ultimum | Bouton rotatif - Globber Scooter Schweiz<\/title>\n<meta name=\"robots\" content=\"index, follow, max-snippet:-1, max-image-preview:large, max-video-preview:-1\" \/>\n<link rel=\"canonical\" href=\"https:\/\/www.globber.com\/ch\/de\/product\/ultimum-drehknopf\/\" \/>\n<meta property=\"og:locale\" content=\"fr_FR\" \/>\n<meta property=\"og:type\" content=\"article\" \/>\n<meta property=\"og:title\" content=\"Globber | Ultimum | Bouton rotatif - Globber Scooter Schweiz\" \/>\n<meta property=\"og:description\" content=\"Bouton rotatif d&#039;origine pour le syst\u00e8me de direction de la trottinette Globber Ultimum \u2013 pour un r\u00e9glage pr\u00e9cis de la direction.\" \/>\n<meta property=\"og:url\" content=\"https:\/\/www.globber.com\/ch\/de\/product\/ultimum-drehknopf\/\" \/>\n<meta property=\"og:site_name\" content=\"Globber Scooter Schweiz\" \/>\n<meta property=\"article:modified_time\" content=\"2025-12-10T09:14:16+00:00\" \/>\n<meta property=\"og:image\" content=\"https:\/\/cdn.globber.com\/content\/sites\/41\/2024\/01\/P6305_1920x1920-1.png\" \/>\n\t<meta property=\"og:image:width\" content=\"1920\" \/>\n\t<meta property=\"og:image:height\" content=\"1282\" \/>\n\t<meta property=\"og:image:type\" content=\"image\/png\" \/>\n<meta name=\"twitter:card\" content=\"summary_large_image\" \/>\n<meta name=\"twitter:label1\" content=\"Price\" \/>\n\t<meta name=\"twitter:data1\" content=\"14.90&#067;&#072;&#070; inkl. MwSt\" \/>\n\t<meta name=\"twitter:label2\" content=\"Availability\" \/>\n\t<meta name=\"twitter:data2\" content=\"In stock\" \/>\n<script type=\"application\/ld+json\" class=\"yoast-schema-graph\">{\"@context\":\"https:\/\/schema.org\",\"@graph\":[{\"@type\":[\"WebPage\",\"ItemPage\"],\"@id\":\"https:\/\/www.globber.com\/ch\/de\/product\/ultimum-drehknopf\/\",\"url\":\"https:\/\/www.globber.com\/ch\/de\/product\/ultimum-drehknopf\/\",\"name\":\"Globber | Ultimum | Bouton rotatif - Globber Scooter Schweiz\",\"isPartOf\":{\"@id\":\"https:\/\/www.globber.com\/ch\/fr\/#website\"},\"primaryImageOfPage\":{\"@id\":\"https:\/\/www.globber.com\/ch\/de\/product\/ultimum-drehknopf\/#primaryimage\"},\"image\":{\"@id\":\"https:\/\/www.globber.com\/ch\/de\/product\/ultimum-drehknopf\/#primaryimage\"},\"thumbnailUrl\":\"https:\/\/cdn.globber.com\/content\/sites\/41\/2024\/01\/P6305_1920x1920-1.png\",\"datePublished\":\"2024-01-17T07:18:17+00:00\",\"dateModified\":\"2025-12-10T09:14:16+00:00\",\"breadcrumb\":{\"@id\":\"https:\/\/www.globber.com\/ch\/de\/product\/ultimum-drehknopf\/#breadcrumb\"},\"inLanguage\":\"fr-CH\",\"potentialAction\":[{\"@type\":\"ReadAction\",\"target\":[\"https:\/\/www.globber.com\/ch\/de\/product\/ultimum-drehknopf\/\"]}]},{\"@type\":\"ImageObject\",\"inLanguage\":\"fr-CH\",\"@id\":\"https:\/\/www.globber.com\/ch\/de\/product\/ultimum-drehknopf\/#primaryimage\",\"url\":\"https:\/\/cdn.globber.com\/content\/sites\/41\/2024\/01\/P6305_1920x1920-1.png\",\"contentUrl\":\"https:\/\/cdn.globber.com\/content\/sites\/41\/2024\/01\/P6305_1920x1920-1.png\",\"width\":1920,\"height\":1282},{\"@type\":\"BreadcrumbList\",\"@id\":\"https:\/\/www.globber.com\/ch\/de\/product\/ultimum-drehknopf\/#breadcrumb\",\"itemListElement\":[{\"@type\":\"ListItem\",\"position\":1,\"name\":\"Shop\",\"item\":\"https:\/\/www.globber.com\/ch\/fr\/shop\/\"},{\"@type\":\"ListItem\",\"position\":2,\"name\":\"Globber | Ultimum | Bouton rotatif\"}]},{\"@type\":\"WebSite\",\"@id\":\"https:\/\/www.globber.com\/ch\/fr\/#website\",\"url\":\"https:\/\/www.globber.com\/ch\/fr\/\",\"name\":\"Globber Scooter Schweiz\",\"description\":\"Der offizielle Online Shop\",\"publisher\":{\"@id\":\"https:\/\/www.globber.com\/ch\/fr\/#organization\"},\"potentialAction\":[{\"@type\":\"SearchAction\",\"target\":{\"@type\":\"EntryPoint\",\"urlTemplate\":\"https:\/\/www.globber.com\/ch\/fr\/?s={search_term_string}\"},\"query-input\":{\"@type\":\"PropertyValueSpecification\",\"valueRequired\":true,\"valueName\":\"search_term_string\"}}],\"inLanguage\":\"fr-CH\"},{\"@type\":\"Organization\",\"@id\":\"https:\/\/www.globber.com\/ch\/fr\/#organization\",\"name\":\"Globber Scooter Schweiz\",\"url\":\"https:\/\/www.globber.com\/ch\/fr\/\",\"logo\":{\"@type\":\"ImageObject\",\"inLanguage\":\"fr-CH\",\"@id\":\"https:\/\/www.globber.com\/ch\/fr\/#\/schema\/logo\/image\/\",\"url\":\"https:\/\/cdn.globber.com\/content\/2024\/05\/logo.svg\",\"contentUrl\":\"https:\/\/cdn.globber.com\/content\/2024\/05\/logo.svg\",\"width\":601,\"height\":112,\"caption\":\"Globber Scooter Schweiz\"},\"image\":{\"@id\":\"https:\/\/www.globber.com\/ch\/fr\/#\/schema\/logo\/image\/\"}}]}<\/script>\n<meta property=\"product:price:amount\" content=\"14.90\" \/>\n<meta property=\"product:price:currency\" content=\"CHF\" \/>\n<meta property=\"og:availability\" content=\"instock\" \/>\n<meta property=\"product:availability\" content=\"instock\" \/>\n<meta property=\"product:retailer_item_id\" content=\"P6305\" \/>\n<meta property=\"product:condition\" content=\"new\" \/>\n<!-- \/ Yoast SEO Premium plugin. -->","yoast_head_json":{"title":"Globber | Ultimum | Bouton rotatif - Globber Scooter Schweiz","robots":{"index":"index","follow":"follow","max-snippet":"max-snippet:-1","max-image-preview":"max-image-preview:large","max-video-preview":"max-video-preview:-1"},"canonical":"https:\/\/www.globber.com\/ch\/de\/product\/ultimum-drehknopf\/","og_locale":"fr_FR","og_type":"article","og_title":"Globber | Ultimum | Bouton rotatif - Globber Scooter Schweiz","og_description":"Bouton rotatif d'origine pour le syst\u00e8me de direction de la trottinette Globber Ultimum \u2013 pour un r\u00e9glage pr\u00e9cis de la direction.","og_url":"https:\/\/www.globber.com\/ch\/de\/product\/ultimum-drehknopf\/","og_site_name":"Globber Scooter Schweiz","article_modified_time":"2025-12-10T09:14:16+00:00","og_image":[{"width":1920,"height":1282,"url":"https:\/\/cdn.globber.com\/content\/sites\/41\/2024\/01\/P6305_1920x1920-1.png","type":"image\/png"}],"twitter_card":"summary_large_image","twitter_misc":{"Price":"14.90&#67;&#72;&#70; inkl. MwSt","Availability":"In stock"},"schema":{"@context":"https:\/\/schema.org","@graph":[{"@type":["WebPage","ItemPage"],"@id":"https:\/\/www.globber.com\/ch\/de\/product\/ultimum-drehknopf\/","url":"https:\/\/www.globber.com\/ch\/de\/product\/ultimum-drehknopf\/","name":"Globber | Ultimum | Bouton rotatif - Globber Scooter Schweiz","isPartOf":{"@id":"https:\/\/www.globber.com\/ch\/fr\/#website"},"primaryImageOfPage":{"@id":"https:\/\/www.globber.com\/ch\/de\/product\/ultimum-drehknopf\/#primaryimage"},"image":{"@id":"https:\/\/www.globber.com\/ch\/de\/product\/ultimum-drehknopf\/#primaryimage"},"thumbnailUrl":"https:\/\/cdn.globber.com\/content\/sites\/41\/2024\/01\/P6305_1920x1920-1.png","datePublished":"2024-01-17T07:18:17+00:00","dateModified":"2025-12-10T09:14:16+00:00","breadcrumb":{"@id":"https:\/\/www.globber.com\/ch\/de\/product\/ultimum-drehknopf\/#breadcrumb"},"inLanguage":"fr-CH","potentialAction":[{"@type":"ReadAction","target":["https:\/\/www.globber.com\/ch\/de\/product\/ultimum-drehknopf\/"]}]},{"@type":"ImageObject","inLanguage":"fr-CH","@id":"https:\/\/www.globber.com\/ch\/de\/product\/ultimum-drehknopf\/#primaryimage","url":"https:\/\/cdn.globber.com\/content\/sites\/41\/2024\/01\/P6305_1920x1920-1.png","contentUrl":"https:\/\/cdn.globber.com\/content\/sites\/41\/2024\/01\/P6305_1920x1920-1.png","width":1920,"height":1282},{"@type":"BreadcrumbList","@id":"https:\/\/www.globber.com\/ch\/de\/product\/ultimum-drehknopf\/#breadcrumb","itemListElement":[{"@type":"ListItem","position":1,"name":"Shop","item":"https:\/\/www.globber.com\/ch\/fr\/shop\/"},{"@type":"ListItem","position":2,"name":"Globber | Ultimum | Bouton rotatif"}]},{"@type":"WebSite","@id":"https:\/\/www.globber.com\/ch\/fr\/#website","url":"https:\/\/www.globber.com\/ch\/fr\/","name":"Globber Scooter Schweiz","description":"Der offizielle Online Shop","publisher":{"@id":"https:\/\/www.globber.com\/ch\/fr\/#organization"},"potentialAction":[{"@type":"SearchAction","target":{"@type":"EntryPoint","urlTemplate":"https:\/\/www.globber.com\/ch\/fr\/?s={search_term_string}"},"query-input":{"@type":"PropertyValueSpecification","valueRequired":true,"valueName":"search_term_string"}}],"inLanguage":"fr-CH"},{"@type":"Organization","@id":"https:\/\/www.globber.com\/ch\/fr\/#organization","name":"Globber Scooter Schweiz","url":"https:\/\/www.globber.com\/ch\/fr\/","logo":{"@type":"ImageObject","inLanguage":"fr-CH","@id":"https:\/\/www.globber.com\/ch\/fr\/#\/schema\/logo\/image\/","url":"https:\/\/cdn.globber.com\/content\/2024\/05\/logo.svg","contentUrl":"https:\/\/cdn.globber.com\/content\/2024\/05\/logo.svg","width":601,"height":112,"caption":"Globber Scooter Schweiz"},"image":{"@id":"https:\/\/www.globber.com\/ch\/fr\/#\/schema\/logo\/image\/"}}]},"product_price_amount":"14.90","product_price_currency":"CHF","og_availability":"instock","product_availability":"instock","product_retailer_item_id":"P6305","product_condition":"new"},"_links":{"self":[{"href":"https:\/\/www.globber.com\/ch\/fr\/wp-json\/wp\/v2\/product\/23576","targetHints":{"allow":["GET"]}}],"collection":[{"href":"https:\/\/www.globber.com\/ch\/fr\/wp-json\/wp\/v2\/product"}],"about":[{"href":"https:\/\/www.globber.com\/ch\/fr\/wp-json\/wp\/v2\/types\/product"}],"replies":[{"embeddable":true,"href":"https:\/\/www.globber.com\/ch\/fr\/wp-json\/wp\/v2\/comments?post=23576"}],"wp:featuredmedia":[{"embeddable":true,"href":"https:\/\/www.globber.com\/ch\/fr\/wp-json\/wp\/v2\/media\/23659"}],"wp:attachment":[{"href":"https:\/\/www.globber.com\/ch\/fr\/wp-json\/wp\/v2\/media?parent=23576"}],"wp:term":[{"taxonomy":"product-special-badges","embeddable":true,"href":"https:\/\/www.globber.com\/ch\/fr\/wp-json\/wp\/v2\/product-special-badges?post=23576"},{"taxonomy":"product_brand","embeddable":true,"href":"https:\/\/www.globber.com\/ch\/fr\/wp-json\/wp\/v2\/product_brand?post=23576"},{"taxonomy":"product_cat","embeddable":true,"href":"https:\/\/www.globber.com\/ch\/fr\/wp-json\/wp\/v2\/product_cat?post=23576"},{"taxonomy":"product_tag","embeddable":true,"href":"https:\/\/www.globber.com\/ch\/fr\/wp-json\/wp\/v2\/product_tag?post=23576"}],"curies":[{"name":"wp","href":"https:\/\/api.w.org\/{rel}","templated":true}]}}