{"id":28580,"date":"2026-01-23T11:36:09","date_gmt":"2026-01-23T10:36:09","guid":{"rendered":"https:\/\/www.globber.com\/ch\/?post_type=product&#038;p=28580"},"modified":"2026-03-11T07:47:50","modified_gmt":"2026-03-11T06:47:50","slug":"learning-bike-ecologic","status":"publish","type":"product","link":"https:\/\/www.globber.com\/ch\/fr\/product\/learning-bike-ecologic\/","title":{"rendered":"LEARNING BIKE ECOLOGIC"},"content":{"rendered":"<p data-start=\"\u00ab\" data-end=\"\u00ab\">D\u00e9couvrez le <strong>LEARNING BIKE ECOLOGIC<\/strong>, votre v\u00e9lo \u00e0 4 roues pour les enfants de 12 \u00e0 36 mois, qui vous permettra d'acqu\u00e9rir de mani\u00e8re ludique l'\u00e9quilibre et la coordination. Gr\u00e2ce \u00e0 son montage 100 % sans outils, il est imm\u00e9diatement pr\u00eat \u00e0 l'emploi : il suffit de r\u00e9gler le si\u00e8ge \u00e0 la bonne hauteur (r\u00e9glable en 2 positions), de monter le panier et de se lancer.<\/p>\n<p data-start=\"\u00ab\" data-end=\"\u00ab\">Les poign\u00e9es ergonomiques en TPR, la mousse EVA l\u00e9g\u00e8re et le cadre robuste assurent un confort et une s\u00e9curit\u00e9 optimaux, tandis que les roues increvables garantissent des trajets doux et silencieux. Les tout-petits \u00e0 partir de 1 an peuvent ainsi d\u00e9couvrir le monde de mani\u00e8re autonome sur roues.<\/p>\n<p data-start=\"\u00ab\" data-end=\"\u00ab\">Con\u00e7u dans une optique durable : le <strong>LEARNING BIKE ECOLOGIC<\/strong> est compos\u00e9 \u00e0 100 % de plastique recycl\u00e9 certifi\u00e9 GRS et de paille de bl\u00e9 biod\u00e9gradable*. GRS est synonyme de transparence et de protection de l'environnement dans la cha\u00eene d'approvisionnement. Depuis octobre 2022, nous avons d\u00e9j\u00e0 recycl\u00e9 plus de 118 tonnes de mat\u00e9riaux usag\u00e9s, pour un plaisir durable d\u00e8s le d\u00e9but !<\/p>\n<p><strong>GO GLOBBER. GO GREENER.<\/strong><\/p>\n<p>Pour en savoir plus, cliquez <a href=\"https:\/\/www.globber.com\/de\/nachhaltige-scooter\/\">ici.<\/a><\/p>\n","protected":false},"excerpt":{"rendered":"<ul>\n<li>Selle r\u00e9glable en hauteur sur 2 positions,<\/li>\n<li>Panier amovible<\/li>\n<\/ul>\n","protected":false},"featured_media":25598,"comment_status":"closed","ping_status":"closed","template":"","meta":{"_acf_changed":false,"inline_featured_image":false},"product-special-badges":[],"product_brand":[],"product_cat":[4779,4794,4830,4841],"product_tag":[],"class_list":{"0":"post-28580","1":"product","2":"type-product","3":"status-publish","4":"has-post-thumbnail","6":"product_cat-collecte-ecologique","7":"product_cat-serie-de-velos-dapprentissage","8":"product_cat-velos-dequilibre","9":"product_cat-tricycles-pour-bebes","10":"pa_altersspanne-12-36-mois","11":"pa_color-baie","12":"pa_color-noix-de-coco","13":"pa_color-pistache","14":"pa_empfohlene-benutzerhoehe-70-95-cm","16":"first","17":"instock","18":"taxable","19":"shipping-taxable","20":"purchasable","21":"product-type-variable"},"acf":[],"yoast_head":"<!-- This site is optimized with the Yoast SEO Premium plugin v20.12 (Yoast SEO v23.4) - https:\/\/yoast.com\/wordpress\/plugins\/seo\/ -->\n<title>LEARNING BIKE ECOLOGIC - Globber Scooter Schweiz<\/title>\n<meta name=\"robots\" content=\"index, follow, max-snippet:-1, max-image-preview:large, max-video-preview:-1\" \/>\n<link rel=\"canonical\" href=\"https:\/\/www.globber.com\/ch\/fr\/product\/learning-bike-ecologic\/\" \/>\n<meta property=\"og:locale\" content=\"fr_FR\" \/>\n<meta property=\"og:type\" content=\"article\" \/>\n<meta property=\"og:title\" content=\"LEARNING BIKE ECOLOGIC - Globber Scooter Schweiz\" \/>\n<meta property=\"og:description\" content=\"Selle r\u00e9glable en hauteur sur 2 positions,  Panier amovible\" \/>\n<meta property=\"og:url\" content=\"https:\/\/www.globber.com\/ch\/fr\/product\/learning-bike-ecologic\/\" \/>\n<meta property=\"og:site_name\" content=\"Globber Scooter Schweiz\" \/>\n<meta property=\"article:modified_time\" content=\"2026-03-11T06:47:50+00:00\" \/>\n<meta property=\"og:image\" content=\"https:\/\/cdn.globber.com\/content\/sites\/21\/2026\/01\/6965ba72ce8ec.jpg\" \/>\n\t<meta property=\"og:image:width\" content=\"1920\" \/>\n\t<meta property=\"og:image:height\" content=\"1920\" \/>\n\t<meta property=\"og:image:type\" content=\"image\/jpeg\" \/>\n<meta name=\"twitter:card\" content=\"summary_large_image\" \/>\n<meta name=\"twitter:label1\" content=\"Availability\" \/>\n\t<meta name=\"twitter:data1\" content=\"In stock\" \/>\n<script type=\"application\/ld+json\" class=\"yoast-schema-graph\">{\"@context\":\"https:\/\/schema.org\",\"@graph\":[{\"@type\":[\"WebPage\",\"ItemPage\"],\"@id\":\"https:\/\/www.globber.com\/ch\/fr\/product\/learning-bike-ecologic\/\",\"url\":\"https:\/\/www.globber.com\/ch\/fr\/product\/learning-bike-ecologic\/\",\"name\":\"LEARNING BIKE ECOLOGIC - Globber Scooter Schweiz\",\"isPartOf\":{\"@id\":\"https:\/\/www.globber.com\/ch\/fr\/#website\"},\"primaryImageOfPage\":{\"@id\":\"https:\/\/www.globber.com\/ch\/fr\/product\/learning-bike-ecologic\/#primaryimage\"},\"image\":{\"@id\":\"https:\/\/www.globber.com\/ch\/fr\/product\/learning-bike-ecologic\/#primaryimage\"},\"thumbnailUrl\":\"https:\/\/cdn.globber.com\/content\/sites\/21\/2026\/01\/6965ba72ce8ec.jpg\",\"datePublished\":\"2026-01-23T10:36:09+00:00\",\"dateModified\":\"2026-03-11T06:47:50+00:00\",\"breadcrumb\":{\"@id\":\"https:\/\/www.globber.com\/ch\/fr\/product\/learning-bike-ecologic\/#breadcrumb\"},\"inLanguage\":\"fr-CH\",\"potentialAction\":[{\"@type\":\"ReadAction\",\"target\":[\"https:\/\/www.globber.com\/ch\/fr\/product\/learning-bike-ecologic\/\"]}]},{\"@type\":\"ImageObject\",\"inLanguage\":\"fr-CH\",\"@id\":\"https:\/\/www.globber.com\/ch\/fr\/product\/learning-bike-ecologic\/#primaryimage\",\"url\":\"https:\/\/cdn.globber.com\/content\/sites\/21\/2026\/01\/6965ba72ce8ec.jpg\",\"contentUrl\":\"https:\/\/cdn.globber.com\/content\/sites\/21\/2026\/01\/6965ba72ce8ec.jpg\",\"width\":1920,\"height\":1920},{\"@type\":\"BreadcrumbList\",\"@id\":\"https:\/\/www.globber.com\/ch\/fr\/product\/learning-bike-ecologic\/#breadcrumb\",\"itemListElement\":[{\"@type\":\"ListItem\",\"position\":1,\"name\":\"Shop\",\"item\":\"https:\/\/www.globber.com\/ch\/fr\/shop\/\"},{\"@type\":\"ListItem\",\"position\":2,\"name\":\"LEARNING BIKE ECOLOGIC\"}]},{\"@type\":\"WebSite\",\"@id\":\"https:\/\/www.globber.com\/ch\/fr\/#website\",\"url\":\"https:\/\/www.globber.com\/ch\/fr\/\",\"name\":\"Globber Scooter Schweiz\",\"description\":\"Der offizielle Online Shop\",\"publisher\":{\"@id\":\"https:\/\/www.globber.com\/ch\/fr\/#organization\"},\"potentialAction\":[{\"@type\":\"SearchAction\",\"target\":{\"@type\":\"EntryPoint\",\"urlTemplate\":\"https:\/\/www.globber.com\/ch\/fr\/?s={search_term_string}\"},\"query-input\":{\"@type\":\"PropertyValueSpecification\",\"valueRequired\":true,\"valueName\":\"search_term_string\"}}],\"inLanguage\":\"fr-CH\"},{\"@type\":\"Organization\",\"@id\":\"https:\/\/www.globber.com\/ch\/fr\/#organization\",\"name\":\"Globber Scooter Schweiz\",\"url\":\"https:\/\/www.globber.com\/ch\/fr\/\",\"logo\":{\"@type\":\"ImageObject\",\"inLanguage\":\"fr-CH\",\"@id\":\"https:\/\/www.globber.com\/ch\/fr\/#\/schema\/logo\/image\/\",\"url\":\"https:\/\/cdn.globber.com\/content\/2024\/05\/logo.svg\",\"contentUrl\":\"https:\/\/cdn.globber.com\/content\/2024\/05\/logo.svg\",\"width\":601,\"height\":112,\"caption\":\"Globber Scooter Schweiz\"},\"image\":{\"@id\":\"https:\/\/www.globber.com\/ch\/fr\/#\/schema\/logo\/image\/\"}}]}<\/script>\n<meta property=\"og:availability\" content=\"instock\" \/>\n<meta property=\"product:availability\" content=\"instock\" \/>\n<meta property=\"product:retailer_item_id\" content=\"736-XXX\" \/>\n<meta property=\"product:condition\" content=\"new\" \/>\n<!-- \/ Yoast SEO Premium plugin. -->","yoast_head_json":{"title":"LEARNING BIKE ECOLOGIC - Globber Scooter Schweiz","robots":{"index":"index","follow":"follow","max-snippet":"max-snippet:-1","max-image-preview":"max-image-preview:large","max-video-preview":"max-video-preview:-1"},"canonical":"https:\/\/www.globber.com\/ch\/fr\/product\/learning-bike-ecologic\/","og_locale":"fr_FR","og_type":"article","og_title":"LEARNING BIKE ECOLOGIC - Globber Scooter Schweiz","og_description":"Selle r\u00e9glable en hauteur sur 2 positions,  Panier amovible","og_url":"https:\/\/www.globber.com\/ch\/fr\/product\/learning-bike-ecologic\/","og_site_name":"Globber Scooter Schweiz","article_modified_time":"2026-03-11T06:47:50+00:00","og_image":[{"width":1920,"height":1920,"url":"https:\/\/cdn.globber.com\/content\/sites\/21\/2026\/01\/6965ba72ce8ec.jpg","type":"image\/jpeg"}],"twitter_card":"summary_large_image","twitter_misc":{"Availability":"In stock"},"schema":{"@context":"https:\/\/schema.org","@graph":[{"@type":["WebPage","ItemPage"],"@id":"https:\/\/www.globber.com\/ch\/fr\/product\/learning-bike-ecologic\/","url":"https:\/\/www.globber.com\/ch\/fr\/product\/learning-bike-ecologic\/","name":"LEARNING BIKE ECOLOGIC - Globber Scooter Schweiz","isPartOf":{"@id":"https:\/\/www.globber.com\/ch\/fr\/#website"},"primaryImageOfPage":{"@id":"https:\/\/www.globber.com\/ch\/fr\/product\/learning-bike-ecologic\/#primaryimage"},"image":{"@id":"https:\/\/www.globber.com\/ch\/fr\/product\/learning-bike-ecologic\/#primaryimage"},"thumbnailUrl":"https:\/\/cdn.globber.com\/content\/sites\/21\/2026\/01\/6965ba72ce8ec.jpg","datePublished":"2026-01-23T10:36:09+00:00","dateModified":"2026-03-11T06:47:50+00:00","breadcrumb":{"@id":"https:\/\/www.globber.com\/ch\/fr\/product\/learning-bike-ecologic\/#breadcrumb"},"inLanguage":"fr-CH","potentialAction":[{"@type":"ReadAction","target":["https:\/\/www.globber.com\/ch\/fr\/product\/learning-bike-ecologic\/"]}]},{"@type":"ImageObject","inLanguage":"fr-CH","@id":"https:\/\/www.globber.com\/ch\/fr\/product\/learning-bike-ecologic\/#primaryimage","url":"https:\/\/cdn.globber.com\/content\/sites\/21\/2026\/01\/6965ba72ce8ec.jpg","contentUrl":"https:\/\/cdn.globber.com\/content\/sites\/21\/2026\/01\/6965ba72ce8ec.jpg","width":1920,"height":1920},{"@type":"BreadcrumbList","@id":"https:\/\/www.globber.com\/ch\/fr\/product\/learning-bike-ecologic\/#breadcrumb","itemListElement":[{"@type":"ListItem","position":1,"name":"Shop","item":"https:\/\/www.globber.com\/ch\/fr\/shop\/"},{"@type":"ListItem","position":2,"name":"LEARNING BIKE ECOLOGIC"}]},{"@type":"WebSite","@id":"https:\/\/www.globber.com\/ch\/fr\/#website","url":"https:\/\/www.globber.com\/ch\/fr\/","name":"Globber Scooter Schweiz","description":"Der offizielle Online Shop","publisher":{"@id":"https:\/\/www.globber.com\/ch\/fr\/#organization"},"potentialAction":[{"@type":"SearchAction","target":{"@type":"EntryPoint","urlTemplate":"https:\/\/www.globber.com\/ch\/fr\/?s={search_term_string}"},"query-input":{"@type":"PropertyValueSpecification","valueRequired":true,"valueName":"search_term_string"}}],"inLanguage":"fr-CH"},{"@type":"Organization","@id":"https:\/\/www.globber.com\/ch\/fr\/#organization","name":"Globber Scooter Schweiz","url":"https:\/\/www.globber.com\/ch\/fr\/","logo":{"@type":"ImageObject","inLanguage":"fr-CH","@id":"https:\/\/www.globber.com\/ch\/fr\/#\/schema\/logo\/image\/","url":"https:\/\/cdn.globber.com\/content\/2024\/05\/logo.svg","contentUrl":"https:\/\/cdn.globber.com\/content\/2024\/05\/logo.svg","width":601,"height":112,"caption":"Globber Scooter Schweiz"},"image":{"@id":"https:\/\/www.globber.com\/ch\/fr\/#\/schema\/logo\/image\/"}}]},"og_availability":"instock","product_availability":"instock","product_retailer_item_id":"736-XXX","product_condition":"new"},"_links":{"self":[{"href":"https:\/\/www.globber.com\/ch\/fr\/wp-json\/wp\/v2\/product\/28580","targetHints":{"allow":["GET"]}}],"collection":[{"href":"https:\/\/www.globber.com\/ch\/fr\/wp-json\/wp\/v2\/product"}],"about":[{"href":"https:\/\/www.globber.com\/ch\/fr\/wp-json\/wp\/v2\/types\/product"}],"replies":[{"embeddable":true,"href":"https:\/\/www.globber.com\/ch\/fr\/wp-json\/wp\/v2\/comments?post=28580"}],"wp:featuredmedia":[{"embeddable":true,"href":"https:\/\/www.globber.com\/ch\/fr\/wp-json\/wp\/v2\/media\/25598"}],"wp:attachment":[{"href":"https:\/\/www.globber.com\/ch\/fr\/wp-json\/wp\/v2\/media?parent=28580"}],"wp:term":[{"taxonomy":"product-special-badges","embeddable":true,"href":"https:\/\/www.globber.com\/ch\/fr\/wp-json\/wp\/v2\/product-special-badges?post=28580"},{"taxonomy":"product_brand","embeddable":true,"href":"https:\/\/www.globber.com\/ch\/fr\/wp-json\/wp\/v2\/product_brand?post=28580"},{"taxonomy":"product_cat","embeddable":true,"href":"https:\/\/www.globber.com\/ch\/fr\/wp-json\/wp\/v2\/product_cat?post=28580"},{"taxonomy":"product_tag","embeddable":true,"href":"https:\/\/www.globber.com\/ch\/fr\/wp-json\/wp\/v2\/product_tag?post=28580"}],"curies":[{"name":"wp","href":"https:\/\/api.w.org\/{rel}","templated":true}]}}