{"id":28639,"date":"2026-01-21T08:23:04","date_gmt":"2026-01-21T07:23:04","guid":{"rendered":"https:\/\/www.globber.com\/ch\/?page_id=28639"},"modified":"2026-01-21T08:23:32","modified_gmt":"2026-01-21T07:23:32","slug":"spedizione-e-consegna","status":"publish","type":"page","link":"https:\/\/www.globber.com\/ch\/it\/spedizione-e-consegna\/","title":{"rendered":"Spedizione e consegna"},"content":{"rendered":"<h3>Quali sono i costi di spedizione?<\/h3>\n<div class=\"container-main\">\n<div class=\"cms-page\">\n<div class=\"cms-sections\">\n<div class=\"cms-section pos-0 cms-section-default\">\n<div class=\"cms-section-default boxed\">\n<div class=\"cms-block pos-0 cms-block-text\">\n<div class=\"cms-block-container\">\n<div class=\"cms-block-container-row row cms-row \">\n<div class=\"col-12\" data-cms-element-id=\"\u00ab\">\n<div class=\"cms-element-text\">\n<p>In linea di principio, viene addebitata una tariffa fissa di 9 CHF per pacco. Per ordini superiori a 50 CHF, la spedizione \u00e8 gratuita.<\/p>\n<h3>Posso tracciare la mia spedizione?<\/h3>\n<p>S\u00ec, non appena la spedizione sar\u00e0 stata spedita, riceverai un'email con un link per tracciare il tuo pacco.<\/p>\n<h3>Cosa devo fare se il mio pacco non arriva?<\/h3>\n<p>Il primo passo \u00e8 verificare se la consegna \u00e8 gi\u00e0 in corso. Dovresti aver ricevuto un'email con il codice di tracciamento. Questo codice ti indicher\u00e0 il motivo per cui la tua consegna non \u00e8 arrivata. Poich\u00e9 i nostri prodotti vengono spediti da magazzini diversi, collaboriamo con due diversi partner di spedizione. Se il tuo numero di tracciamento inizia con \"JJD\", si tratta di una consegna DHL. Se inizia con \"9946\", si tratta di una consegna della Posta Svizzera.<\/p>\n<p>Se, per qualsiasi motivo, la consegna non \u00e8 stata completata, contatta la Posta Svizzera o DHL e tieni a portata di mano il numero di tracciamento corrispondente:<\/p>\n<h3>Schweizer Post<\/h3>\n<ul>\n<li style=\"list-style-type: none;\">\n<ul>\n<li>\n<p>Tracciamento del pacco: <a href=\"https:\/\/service.post.ch\/ekp-web\/ui\/list\" target=\"_self\" rel=\"noreferrer noopener\">https:\/\/service.post.ch\/ekp-web\/ui\/list<\/a><\/p>\n<\/li>\n<li>\n<p>Numero di telefono della Posta Svizzera: +41 848 888 888<\/p>\n<\/li>\n<\/ul>\n<\/li>\n<\/ul>\n<h3>DHL<\/h3>\n<ul>\n<li style=\"list-style-type: none;\">\n<ul>\n<li style=\"list-style-type: none;\">\n<ul>\n<li>Tracciamento del pacco: <a href=\"https:\/\/www.dhl.com\/ch-de\/home\/sendungsverfolgung.html\" target=\"_self\" rel=\"noreferrer noopener\">https:\/\/www.dhl.com\/ch-de\/home\/sendungsverfolgung.html<\/a><\/li>\n<li>Numero di telefono DHL: +41 848 711 711<\/li>\n<\/ul>\n<\/li>\n<\/ul>\n<\/li>\n<\/ul>\n<h3>Cosa devo fare se il mio pacco arriva danneggiato?<\/h3>\n<p>In questo caso, contattaci via e-mail all'indirizzo info@globber-scooter.ch. Per segnalare il danno al corriere, abbiamo sempre bisogno di foto del danno.<\/p>\n<h3>In quali paesi \u00e8 possibile la consegna?<\/h3>\n<p>Consegniamo i nostri prodotti esclusivamente a indirizzi in Svizzera e Liechtenstein.<\/p>\n<h3>Posso ritirare il mio ordine?<\/h3>\n<p>No, gli ordini vengono spediti esclusivamente per posta.<\/p>\n<\/div>\n<\/div>\n<\/div>\n<\/div>\n<\/div>\n<\/div>\n<\/div>\n<\/div>\n<\/div>\n<\/div>\n","protected":false},"excerpt":{"rendered":"<p>Quali sono i costi di spedizione? In linea di principio, viene addebitata una tariffa fissa di 9 CHF per pacco. Per ordini superiori a 50 CHF, la spedizione \u00e8 gratuita. Posso tracciare la mia spedizione? S\u00ec, non appena la spedizione sar\u00e0 stata spedita, riceverai un'email con un link per tracciare il tuo pacco. Cosa devo [&hellip;]<\/p>\n","protected":false},"author":956,"featured_media":0,"parent":0,"menu_order":0,"comment_status":"closed","ping_status":"closed","template":"","meta":{"_acf_changed":false,"inline_featured_image":false,"footnotes":""},"class_list":["post-28639","page","type-page","status-publish","hentry"],"acf":[],"yoast_head":"<!-- This site is optimized with the Yoast SEO Premium plugin v20.12 (Yoast SEO v23.4) - https:\/\/yoast.com\/wordpress\/plugins\/seo\/ -->\n<title>Spedizione e consegna - Globber Scooter Schweiz<\/title>\n<meta name=\"robots\" content=\"index, follow, max-snippet:-1, max-image-preview:large, max-video-preview:-1\" \/>\n<link rel=\"canonical\" href=\"https:\/\/www.globber.com\/ch\/de\/versand-und-lieferung\/\" \/>\n<meta property=\"og:locale\" content=\"it_IT\" \/>\n<meta property=\"og:type\" content=\"article\" \/>\n<meta property=\"og:title\" content=\"Spedizione e consegna - Globber Scooter Schweiz\" \/>\n<meta property=\"og:description\" content=\"Quali sono i costi di spedizione? In linea di principio, viene addebitata una tariffa fissa di 9 CHF per pacco. Per ordini superiori a 50 CHF, la spedizione \u00e8 gratuita. Posso tracciare la mia spedizione? S\u00ec, non appena la spedizione sar\u00e0 stata spedita, riceverai un&#039;email con un link per tracciare il tuo pacco. Cosa devo [&hellip;]\" \/>\n<meta property=\"og:url\" content=\"https:\/\/www.globber.com\/ch\/de\/versand-und-lieferung\/\" \/>\n<meta property=\"og:site_name\" content=\"Globber Scooter Schweiz\" \/>\n<meta property=\"article:modified_time\" content=\"2026-01-21T07:23:32+00:00\" \/>\n<meta name=\"twitter:card\" content=\"summary_large_image\" \/>\n<meta name=\"twitter:label1\" content=\"Est. reading time\" \/>\n\t<meta name=\"twitter:data1\" content=\"1 minute\" \/>\n<script type=\"application\/ld+json\" class=\"yoast-schema-graph\">{\"@context\":\"https:\/\/schema.org\",\"@graph\":[{\"@type\":\"WebPage\",\"@id\":\"https:\/\/www.globber.com\/ch\/de\/versand-und-lieferung\/\",\"url\":\"https:\/\/www.globber.com\/ch\/de\/versand-und-lieferung\/\",\"name\":\"Spedizione e consegna - Globber Scooter Schweiz\",\"isPartOf\":{\"@id\":\"https:\/\/www.globber.com\/ch\/fr\/#website\"},\"datePublished\":\"2026-01-21T07:23:04+00:00\",\"dateModified\":\"2026-01-21T07:23:32+00:00\",\"inLanguage\":\"it-CH\",\"potentialAction\":[{\"@type\":\"ReadAction\",\"target\":[\"https:\/\/www.globber.com\/ch\/de\/versand-und-lieferung\/\"]}]},{\"@type\":\"WebSite\",\"@id\":\"https:\/\/www.globber.com\/ch\/fr\/#website\",\"url\":\"https:\/\/www.globber.com\/ch\/fr\/\",\"name\":\"Globber Scooter Schweiz\",\"description\":\"Der offizielle Online Shop\",\"publisher\":{\"@id\":\"https:\/\/www.globber.com\/ch\/fr\/#organization\"},\"potentialAction\":[{\"@type\":\"SearchAction\",\"target\":{\"@type\":\"EntryPoint\",\"urlTemplate\":\"https:\/\/www.globber.com\/ch\/fr\/?s={search_term_string}\"},\"query-input\":{\"@type\":\"PropertyValueSpecification\",\"valueRequired\":true,\"valueName\":\"search_term_string\"}}],\"inLanguage\":\"it-CH\"},{\"@type\":\"Organization\",\"@id\":\"https:\/\/www.globber.com\/ch\/fr\/#organization\",\"name\":\"Globber Scooter Schweiz\",\"url\":\"https:\/\/www.globber.com\/ch\/fr\/\",\"logo\":{\"@type\":\"ImageObject\",\"inLanguage\":\"it-CH\",\"@id\":\"https:\/\/www.globber.com\/ch\/fr\/#\/schema\/logo\/image\/\",\"url\":\"https:\/\/cdn.globber.com\/content\/2024\/05\/logo.svg\",\"contentUrl\":\"https:\/\/cdn.globber.com\/content\/2024\/05\/logo.svg\",\"width\":601,\"height\":112,\"caption\":\"Globber Scooter Schweiz\"},\"image\":{\"@id\":\"https:\/\/www.globber.com\/ch\/fr\/#\/schema\/logo\/image\/\"}}]}<\/script>\n<!-- \/ Yoast SEO Premium plugin. -->","yoast_head_json":{"title":"Spedizione e consegna - Globber Scooter Schweiz","robots":{"index":"index","follow":"follow","max-snippet":"max-snippet:-1","max-image-preview":"max-image-preview:large","max-video-preview":"max-video-preview:-1"},"canonical":"https:\/\/www.globber.com\/ch\/de\/versand-und-lieferung\/","og_locale":"it_IT","og_type":"article","og_title":"Spedizione e consegna - Globber Scooter Schweiz","og_description":"Quali sono i costi di spedizione? In linea di principio, viene addebitata una tariffa fissa di 9 CHF per pacco. Per ordini superiori a 50 CHF, la spedizione \u00e8 gratuita. Posso tracciare la mia spedizione? S\u00ec, non appena la spedizione sar\u00e0 stata spedita, riceverai un'email con un link per tracciare il tuo pacco. Cosa devo [&hellip;]","og_url":"https:\/\/www.globber.com\/ch\/de\/versand-und-lieferung\/","og_site_name":"Globber Scooter Schweiz","article_modified_time":"2026-01-21T07:23:32+00:00","twitter_card":"summary_large_image","twitter_misc":{"Est. reading time":"1 minute"},"schema":{"@context":"https:\/\/schema.org","@graph":[{"@type":"WebPage","@id":"https:\/\/www.globber.com\/ch\/de\/versand-und-lieferung\/","url":"https:\/\/www.globber.com\/ch\/de\/versand-und-lieferung\/","name":"Spedizione e consegna - Globber Scooter Schweiz","isPartOf":{"@id":"https:\/\/www.globber.com\/ch\/fr\/#website"},"datePublished":"2026-01-21T07:23:04+00:00","dateModified":"2026-01-21T07:23:32+00:00","inLanguage":"it-CH","potentialAction":[{"@type":"ReadAction","target":["https:\/\/www.globber.com\/ch\/de\/versand-und-lieferung\/"]}]},{"@type":"WebSite","@id":"https:\/\/www.globber.com\/ch\/fr\/#website","url":"https:\/\/www.globber.com\/ch\/fr\/","name":"Globber Scooter Schweiz","description":"Der offizielle Online Shop","publisher":{"@id":"https:\/\/www.globber.com\/ch\/fr\/#organization"},"potentialAction":[{"@type":"SearchAction","target":{"@type":"EntryPoint","urlTemplate":"https:\/\/www.globber.com\/ch\/fr\/?s={search_term_string}"},"query-input":{"@type":"PropertyValueSpecification","valueRequired":true,"valueName":"search_term_string"}}],"inLanguage":"it-CH"},{"@type":"Organization","@id":"https:\/\/www.globber.com\/ch\/fr\/#organization","name":"Globber Scooter Schweiz","url":"https:\/\/www.globber.com\/ch\/fr\/","logo":{"@type":"ImageObject","inLanguage":"it-CH","@id":"https:\/\/www.globber.com\/ch\/fr\/#\/schema\/logo\/image\/","url":"https:\/\/cdn.globber.com\/content\/2024\/05\/logo.svg","contentUrl":"https:\/\/cdn.globber.com\/content\/2024\/05\/logo.svg","width":601,"height":112,"caption":"Globber Scooter Schweiz"},"image":{"@id":"https:\/\/www.globber.com\/ch\/fr\/#\/schema\/logo\/image\/"}}]}},"_links":{"self":[{"href":"https:\/\/www.globber.com\/ch\/it\/wp-json\/wp\/v2\/pages\/28639","targetHints":{"allow":["GET"]}}],"collection":[{"href":"https:\/\/www.globber.com\/ch\/it\/wp-json\/wp\/v2\/pages"}],"about":[{"href":"https:\/\/www.globber.com\/ch\/it\/wp-json\/wp\/v2\/types\/page"}],"author":[{"embeddable":true,"href":"https:\/\/www.globber.com\/ch\/it\/wp-json\/wp\/v2\/users\/956"}],"replies":[{"embeddable":true,"href":"https:\/\/www.globber.com\/ch\/it\/wp-json\/wp\/v2\/comments?post=28639"}],"version-history":[{"count":2,"href":"https:\/\/www.globber.com\/ch\/it\/wp-json\/wp\/v2\/pages\/28639\/revisions"}],"predecessor-version":[{"id":28641,"href":"https:\/\/www.globber.com\/ch\/it\/wp-json\/wp\/v2\/pages\/28639\/revisions\/28641"}],"wp:attachment":[{"href":"https:\/\/www.globber.com\/ch\/it\/wp-json\/wp\/v2\/media?parent=28639"}],"curies":[{"name":"wp","href":"https:\/\/api.w.org\/{rel}","templated":true}]}}