{"id":26230,"date":"2024-01-17T08:18:17","date_gmt":"2024-01-17T07:18:17","guid":{"rendered":"https:\/\/www.globber.com\/ch\/product\/globber-controllo-nero-2\/"},"modified":"2026-01-20T04:53:51","modified_gmt":"2026-01-20T03:53:51","slug":"globber-controllo-nero-2","status":"publish","type":"product","link":"https:\/\/www.globber.com\/ch\/it\/product\/globber-controllo-nero-2\/","title":{"rendered":"Globber | Controllo | Nero"},"content":{"rendered":"<p><p>Riporta il tuo monopattino Globber Elite Mini in perfetta forma con il comando originale in nero. Il ricambio garantisce una sterzata precisa e una guida sicura, perfetta per i piccoli conducenti. L'unit\u00e0 di controllo pu\u00f2 essere montata rapidamente e senza attrezzi speciali ed \u00e8 stata sviluppata su misura per il <strong>modello Globber Elite<\/strong>.<\/p>\n<h3>Modelli compatibili<\/h3>\n<ul>\n<li>Globber Elite<\/li>\n<\/ul>\n<h3>Dettagli tecnici<\/h3>\n<ul>\n<li>Colore: nero<\/li>\n<li>Per: Globber Mini Scooter Elite<\/li>\n<li>Funzione: ricambio per unit\u00e0 di controllo difettosa<\/li>\n<li>Montaggio: semplice, senza attrezzi speciali<\/li>\n<\/ul>\n<h3>Il nostro consiglio<\/h3>\n<p>Senti gioco nello sterzo? Una rapida sostituzione garantisce nuova stabilit\u00e0 e sicurezza durante la guida.<\/p><\/p>\n","protected":false},"excerpt":{"rendered":"<p>Comando Globber originale in nero per il modello Elite Mini Scooter. Per una sterzata precisa e una guida sicura \u2013 facile da montare.<\/p>\n","protected":false},"featured_media":27906,"comment_status":"closed","ping_status":"closed","template":"","meta":{"_acf_changed":false,"inline_featured_image":false},"product-special-badges":[],"product_brand":[],"product_cat":[4836],"product_tag":[],"class_list":{"0":"post-26230","1":"product","2":"type-product","3":"status-publish","4":"has-post-thumbnail","6":"product_cat-pezzi-di-ricambio","7":"pa_produkttyp-controllo","9":"first","10":"instock","11":"taxable","12":"shipping-taxable","13":"purchasable","14":"product-type-simple"},"acf":[],"yoast_head":"<!-- This site is optimized with the Yoast SEO Premium plugin v20.12 (Yoast SEO v23.4) - https:\/\/yoast.com\/wordpress\/plugins\/seo\/ -->\n<title>Globber | Controllo | Nero - Globber Scooter Schweiz<\/title>\n<meta name=\"robots\" content=\"index, follow, max-snippet:-1, max-image-preview:large, max-video-preview:-1\" \/>\n<link rel=\"canonical\" href=\"https:\/\/www.globber.com\/ch\/de\/product\/steuerung-schwarz-2\/\" \/>\n<meta property=\"og:locale\" content=\"it_IT\" \/>\n<meta property=\"og:type\" content=\"article\" \/>\n<meta property=\"og:title\" content=\"Globber | Controllo | Nero - Globber Scooter Schweiz\" \/>\n<meta property=\"og:description\" content=\"Comando Globber originale in nero per il modello Elite Mini Scooter. Per una sterzata precisa e una guida sicura \u2013 facile da montare.\" \/>\n<meta property=\"og:url\" content=\"https:\/\/www.globber.com\/ch\/de\/product\/steuerung-schwarz-2\/\" \/>\n<meta property=\"og:site_name\" content=\"Globber Scooter Schweiz\" \/>\n<meta property=\"article:modified_time\" content=\"2026-01-20T03:53:51+00:00\" \/>\n<meta property=\"og:image\" content=\"https:\/\/cdn.globber.com\/content\/sites\/41\/2024\/01\/P1018_connector-Primo-V2_rgb-2.jpg\" \/>\n\t<meta property=\"og:image:width\" content=\"2048\" \/>\n\t<meta property=\"og:image:height\" content=\"2048\" \/>\n\t<meta property=\"og:image:type\" content=\"image\/jpeg\" \/>\n<meta name=\"twitter:card\" content=\"summary_large_image\" \/>\n<meta name=\"twitter:label1\" content=\"Price\" \/>\n\t<meta name=\"twitter:data1\" content=\"9.90&#067;&#072;&#070; inkl. MwSt\" \/>\n\t<meta name=\"twitter:label2\" content=\"Availability\" \/>\n\t<meta name=\"twitter:data2\" content=\"In stock\" \/>\n<script type=\"application\/ld+json\" class=\"yoast-schema-graph\">{\"@context\":\"https:\/\/schema.org\",\"@graph\":[{\"@type\":[\"WebPage\",\"ItemPage\"],\"@id\":\"https:\/\/www.globber.com\/ch\/de\/product\/steuerung-schwarz-2\/\",\"url\":\"https:\/\/www.globber.com\/ch\/de\/product\/steuerung-schwarz-2\/\",\"name\":\"Globber | Controllo | Nero - Globber Scooter Schweiz\",\"isPartOf\":{\"@id\":\"https:\/\/www.globber.com\/ch\/fr\/#website\"},\"primaryImageOfPage\":{\"@id\":\"https:\/\/www.globber.com\/ch\/de\/product\/steuerung-schwarz-2\/#primaryimage\"},\"image\":{\"@id\":\"https:\/\/www.globber.com\/ch\/de\/product\/steuerung-schwarz-2\/#primaryimage\"},\"thumbnailUrl\":\"https:\/\/cdn.globber.com\/content\/sites\/41\/2024\/01\/P1018_connector-Primo-V2_rgb-2.jpg\",\"datePublished\":\"2024-01-17T07:18:17+00:00\",\"dateModified\":\"2026-01-20T03:53:51+00:00\",\"breadcrumb\":{\"@id\":\"https:\/\/www.globber.com\/ch\/de\/product\/steuerung-schwarz-2\/#breadcrumb\"},\"inLanguage\":\"it-CH\",\"potentialAction\":[{\"@type\":\"ReadAction\",\"target\":[\"https:\/\/www.globber.com\/ch\/de\/product\/steuerung-schwarz-2\/\"]}]},{\"@type\":\"ImageObject\",\"inLanguage\":\"it-CH\",\"@id\":\"https:\/\/www.globber.com\/ch\/de\/product\/steuerung-schwarz-2\/#primaryimage\",\"url\":\"https:\/\/cdn.globber.com\/content\/sites\/41\/2024\/01\/P1018_connector-Primo-V2_rgb-2.jpg\",\"contentUrl\":\"https:\/\/cdn.globber.com\/content\/sites\/41\/2024\/01\/P1018_connector-Primo-V2_rgb-2.jpg\",\"width\":2048,\"height\":2048},{\"@type\":\"BreadcrumbList\",\"@id\":\"https:\/\/www.globber.com\/ch\/de\/product\/steuerung-schwarz-2\/#breadcrumb\",\"itemListElement\":[{\"@type\":\"ListItem\",\"position\":1,\"name\":\"Shop\",\"item\":\"https:\/\/www.globber.com\/ch\/it\/shop\/\"},{\"@type\":\"ListItem\",\"position\":2,\"name\":\"Globber | Controllo | Nero\"}]},{\"@type\":\"WebSite\",\"@id\":\"https:\/\/www.globber.com\/ch\/fr\/#website\",\"url\":\"https:\/\/www.globber.com\/ch\/fr\/\",\"name\":\"Globber Scooter Schweiz\",\"description\":\"Der offizielle Online Shop\",\"publisher\":{\"@id\":\"https:\/\/www.globber.com\/ch\/fr\/#organization\"},\"potentialAction\":[{\"@type\":\"SearchAction\",\"target\":{\"@type\":\"EntryPoint\",\"urlTemplate\":\"https:\/\/www.globber.com\/ch\/fr\/?s={search_term_string}\"},\"query-input\":{\"@type\":\"PropertyValueSpecification\",\"valueRequired\":true,\"valueName\":\"search_term_string\"}}],\"inLanguage\":\"it-CH\"},{\"@type\":\"Organization\",\"@id\":\"https:\/\/www.globber.com\/ch\/fr\/#organization\",\"name\":\"Globber Scooter Schweiz\",\"url\":\"https:\/\/www.globber.com\/ch\/fr\/\",\"logo\":{\"@type\":\"ImageObject\",\"inLanguage\":\"it-CH\",\"@id\":\"https:\/\/www.globber.com\/ch\/fr\/#\/schema\/logo\/image\/\",\"url\":\"https:\/\/cdn.globber.com\/content\/2024\/05\/logo.svg\",\"contentUrl\":\"https:\/\/cdn.globber.com\/content\/2024\/05\/logo.svg\",\"width\":601,\"height\":112,\"caption\":\"Globber Scooter Schweiz\"},\"image\":{\"@id\":\"https:\/\/www.globber.com\/ch\/fr\/#\/schema\/logo\/image\/\"}}]}<\/script>\n<meta property=\"product:price:amount\" content=\"9.90\" \/>\n<meta property=\"product:price:currency\" content=\"CHF\" \/>\n<meta property=\"og:availability\" content=\"instock\" \/>\n<meta property=\"product:availability\" content=\"instock\" \/>\n<meta property=\"product:retailer_item_id\" content=\"ST-001\" \/>\n<meta property=\"product:condition\" content=\"new\" \/>\n<!-- \/ Yoast SEO Premium plugin. -->","yoast_head_json":{"title":"Globber | Controllo | Nero - Globber Scooter Schweiz","robots":{"index":"index","follow":"follow","max-snippet":"max-snippet:-1","max-image-preview":"max-image-preview:large","max-video-preview":"max-video-preview:-1"},"canonical":"https:\/\/www.globber.com\/ch\/de\/product\/steuerung-schwarz-2\/","og_locale":"it_IT","og_type":"article","og_title":"Globber | Controllo | Nero - Globber Scooter Schweiz","og_description":"Comando Globber originale in nero per il modello Elite Mini Scooter. Per una sterzata precisa e una guida sicura \u2013 facile da montare.","og_url":"https:\/\/www.globber.com\/ch\/de\/product\/steuerung-schwarz-2\/","og_site_name":"Globber Scooter Schweiz","article_modified_time":"2026-01-20T03:53:51+00:00","og_image":[{"width":2048,"height":2048,"url":"https:\/\/cdn.globber.com\/content\/sites\/41\/2024\/01\/P1018_connector-Primo-V2_rgb-2.jpg","type":"image\/jpeg"}],"twitter_card":"summary_large_image","twitter_misc":{"Price":"9.90&#67;&#72;&#70; inkl. MwSt","Availability":"In stock"},"schema":{"@context":"https:\/\/schema.org","@graph":[{"@type":["WebPage","ItemPage"],"@id":"https:\/\/www.globber.com\/ch\/de\/product\/steuerung-schwarz-2\/","url":"https:\/\/www.globber.com\/ch\/de\/product\/steuerung-schwarz-2\/","name":"Globber | Controllo | Nero - Globber Scooter Schweiz","isPartOf":{"@id":"https:\/\/www.globber.com\/ch\/fr\/#website"},"primaryImageOfPage":{"@id":"https:\/\/www.globber.com\/ch\/de\/product\/steuerung-schwarz-2\/#primaryimage"},"image":{"@id":"https:\/\/www.globber.com\/ch\/de\/product\/steuerung-schwarz-2\/#primaryimage"},"thumbnailUrl":"https:\/\/cdn.globber.com\/content\/sites\/41\/2024\/01\/P1018_connector-Primo-V2_rgb-2.jpg","datePublished":"2024-01-17T07:18:17+00:00","dateModified":"2026-01-20T03:53:51+00:00","breadcrumb":{"@id":"https:\/\/www.globber.com\/ch\/de\/product\/steuerung-schwarz-2\/#breadcrumb"},"inLanguage":"it-CH","potentialAction":[{"@type":"ReadAction","target":["https:\/\/www.globber.com\/ch\/de\/product\/steuerung-schwarz-2\/"]}]},{"@type":"ImageObject","inLanguage":"it-CH","@id":"https:\/\/www.globber.com\/ch\/de\/product\/steuerung-schwarz-2\/#primaryimage","url":"https:\/\/cdn.globber.com\/content\/sites\/41\/2024\/01\/P1018_connector-Primo-V2_rgb-2.jpg","contentUrl":"https:\/\/cdn.globber.com\/content\/sites\/41\/2024\/01\/P1018_connector-Primo-V2_rgb-2.jpg","width":2048,"height":2048},{"@type":"BreadcrumbList","@id":"https:\/\/www.globber.com\/ch\/de\/product\/steuerung-schwarz-2\/#breadcrumb","itemListElement":[{"@type":"ListItem","position":1,"name":"Shop","item":"https:\/\/www.globber.com\/ch\/it\/shop\/"},{"@type":"ListItem","position":2,"name":"Globber | Controllo | Nero"}]},{"@type":"WebSite","@id":"https:\/\/www.globber.com\/ch\/fr\/#website","url":"https:\/\/www.globber.com\/ch\/fr\/","name":"Globber Scooter Schweiz","description":"Der offizielle Online Shop","publisher":{"@id":"https:\/\/www.globber.com\/ch\/fr\/#organization"},"potentialAction":[{"@type":"SearchAction","target":{"@type":"EntryPoint","urlTemplate":"https:\/\/www.globber.com\/ch\/fr\/?s={search_term_string}"},"query-input":{"@type":"PropertyValueSpecification","valueRequired":true,"valueName":"search_term_string"}}],"inLanguage":"it-CH"},{"@type":"Organization","@id":"https:\/\/www.globber.com\/ch\/fr\/#organization","name":"Globber Scooter Schweiz","url":"https:\/\/www.globber.com\/ch\/fr\/","logo":{"@type":"ImageObject","inLanguage":"it-CH","@id":"https:\/\/www.globber.com\/ch\/fr\/#\/schema\/logo\/image\/","url":"https:\/\/cdn.globber.com\/content\/2024\/05\/logo.svg","contentUrl":"https:\/\/cdn.globber.com\/content\/2024\/05\/logo.svg","width":601,"height":112,"caption":"Globber Scooter Schweiz"},"image":{"@id":"https:\/\/www.globber.com\/ch\/fr\/#\/schema\/logo\/image\/"}}]},"product_price_amount":"9.90","product_price_currency":"CHF","og_availability":"instock","product_availability":"instock","product_retailer_item_id":"ST-001","product_condition":"new"},"_links":{"self":[{"href":"https:\/\/www.globber.com\/ch\/it\/wp-json\/wp\/v2\/product\/26230","targetHints":{"allow":["GET"]}}],"collection":[{"href":"https:\/\/www.globber.com\/ch\/it\/wp-json\/wp\/v2\/product"}],"about":[{"href":"https:\/\/www.globber.com\/ch\/it\/wp-json\/wp\/v2\/types\/product"}],"replies":[{"embeddable":true,"href":"https:\/\/www.globber.com\/ch\/it\/wp-json\/wp\/v2\/comments?post=26230"}],"wp:featuredmedia":[{"embeddable":true,"href":"https:\/\/www.globber.com\/ch\/it\/wp-json\/wp\/v2\/media\/27906"}],"wp:attachment":[{"href":"https:\/\/www.globber.com\/ch\/it\/wp-json\/wp\/v2\/media?parent=26230"}],"wp:term":[{"taxonomy":"product-special-badges","embeddable":true,"href":"https:\/\/www.globber.com\/ch\/it\/wp-json\/wp\/v2\/product-special-badges?post=26230"},{"taxonomy":"product_brand","embeddable":true,"href":"https:\/\/www.globber.com\/ch\/it\/wp-json\/wp\/v2\/product_brand?post=26230"},{"taxonomy":"product_cat","embeddable":true,"href":"https:\/\/www.globber.com\/ch\/it\/wp-json\/wp\/v2\/product_cat?post=26230"},{"taxonomy":"product_tag","embeddable":true,"href":"https:\/\/www.globber.com\/ch\/it\/wp-json\/wp\/v2\/product_tag?post=26230"}],"curies":[{"name":"wp","href":"https:\/\/api.w.org\/{rel}","templated":true}]}}