{"id":26259,"date":"2025-09-22T11:45:41","date_gmt":"2025-09-22T09:45:41","guid":{"rendered":"https:\/\/www.globber.com\/ch\/product\/go-up-luci-sportive-360\/"},"modified":"2026-03-06T08:28:35","modified_gmt":"2026-03-06T07:28:35","slug":"go-up-luci-sportive-360","status":"publish","type":"product","link":"https:\/\/www.globber.com\/ch\/it\/product\/go-up-luci-sportive-360\/","title":{"rendered":"GO UP Luci Sportive 360\u00b0"},"content":{"rendered":"<div class=\"product-details__description\">\n<p data-start=\"314\" data-end=\"540\">Scopri la massima versatilit\u00e0 al miglior rapporto qualit\u00e0-prezzo: <strong data-start=\"392\" data-end=\"420\">GO\u2022UP SPORTY LIGHTS 360\u00b0<\/strong> unisce divertimento, funzionalit\u00e0 e sostenibilit\u00e0 in un ingegnoso monopattino a 3 ruote con sedile, ideale per bambini dai 15 mesi in su.<\/p>\n<p data-start=\"542\" data-end=\"880\">Con un solo prodotto puoi guidare, camminare e andare in monopattino: <strong>GO\u2022UP SPORTY LIGHTS 360\u00b0<\/strong> pu\u00f2 essere trasformato in tre modalit\u00e0 senza attrezzi, da veicolo con sedile a bicicletta senza pedali fino a monopattino per bambini. La modalit\u00e0 con sedile e bicicletta senza pedali \u00e8 adatta a bambini dai 15 ai 36 mesi, mentre la modalit\u00e0 monopattino \u00e8 ideale a partire dai 3 anni.<\/p>\n<p data-start=\"882\" data-end=\"1245\">Il sistema di guida brevettato a 360\u00b0 per i genitori garantisce il pieno controllo e una manovrabilit\u00e0 senza sforzo in modalit\u00e0 con sedile, perfetto per passeggiate rilassanti con il tuo bambino. Non appena il tuo bambino \u00e8 pronto, il sedile regolabile, il manubrio regolabile in altezza, il sistema di blocco dello sterzo e il robusto poggiapiedi ti accompagneranno in ogni fase dello sviluppo.<\/p>\n<p data-start=\"1247\" data-end=\"1387\">Dal punto di vista estetico, lo scooter convince con le ruote luminose a LED senza batterie che si illuminano ad ogni movimento, senza bisogno di alcuna fonte di energia aggiuntiva.<\/p>\n<p data-start=\"1389\" data-end=\"1755\">Il<strong> GO\u2022UP SPORTY LIGHTS 360\u00b0<\/strong> \u00e8 composto per il 42% da plastica riciclata certificata GRS. In questo modo, ogni volta che esci contribuisci attivamente a un futuro pi\u00f9 sostenibile.<\/p>\n<p data-start=\"1757\" data-end=\"1842\"><strong data-start=\"1757\" data-end=\"1842\">Funzionale, sostenibile e in grado di crescere insieme al bambino: il compagno perfetto per l'infanzia.<\/strong><\/p>\n<\/div>\n","protected":false},"excerpt":{"rendered":"<p>Monopattino pieghevole con sedile per bambini piccoli (15m - 9+)<\/p>\n","protected":false},"featured_media":20636,"comment_status":"open","ping_status":"closed","template":"","meta":{"_acf_changed":false,"inline_featured_image":false},"product-special-badges":[],"product_brand":[],"product_cat":[4802,4828,4840,4842,4856],"product_tag":[],"class_list":{"0":"post-26259","1":"product","2":"type-product","3":"status-publish","4":"has-post-thumbnail","6":"product_cat-collezione-go-up-360","7":"product_cat-scooter-con-sedile","8":"product_cat-tricicli-per-bambini","9":"product_cat-monopattino-a-3-ruote-per-tutte-le-eta","10":"product_cat-prodotti-per-bambini-piccoli","12":"first","13":"instock","14":"taxable","15":"shipping-taxable","16":"purchasable","17":"product-type-simple"},"acf":[],"yoast_head":"<!-- This site is optimized with the Yoast SEO Premium plugin v20.12 (Yoast SEO v23.4) - https:\/\/yoast.com\/wordpress\/plugins\/seo\/ -->\n<title>GO UP Luci Sportive 360\u00b0 - Globber Scooter Schweiz<\/title>\n<meta name=\"robots\" content=\"index, follow, max-snippet:-1, max-image-preview:large, max-video-preview:-1\" \/>\n<link rel=\"canonical\" href=\"https:\/\/www.globber.com\/ch\/it\/product\/go-up-luci-sportive-360\/\" \/>\n<meta property=\"og:locale\" content=\"it_IT\" \/>\n<meta property=\"og:type\" content=\"article\" \/>\n<meta property=\"og:title\" content=\"GO UP Luci Sportive 360\u00b0 - Globber Scooter Schweiz\" \/>\n<meta property=\"og:description\" content=\"Monopattino pieghevole con sedile per bambini piccoli (15m - 9+)\" \/>\n<meta property=\"og:url\" content=\"https:\/\/www.globber.com\/ch\/it\/product\/go-up-luci-sportive-360\/\" \/>\n<meta property=\"og:site_name\" content=\"Globber Scooter Schweiz\" \/>\n<meta property=\"article:modified_time\" content=\"2026-03-06T07:28:35+00:00\" \/>\n<meta property=\"og:image\" content=\"https:\/\/cdn.globber.com\/content\/sites\/21\/2025\/09\/456-600_stages-all_rgb.jpg\" \/>\n\t<meta property=\"og:image:width\" content=\"2048\" \/>\n\t<meta property=\"og:image:height\" content=\"2048\" \/>\n\t<meta property=\"og:image:type\" content=\"image\/jpeg\" \/>\n<meta name=\"twitter:card\" content=\"summary_large_image\" \/>\n<meta name=\"twitter:label1\" content=\"Price\" \/>\n\t<meta name=\"twitter:data1\" content=\"129.90&#067;&#072;&#070; inkl. MwSt\" \/>\n\t<meta name=\"twitter:label2\" content=\"Availability\" \/>\n\t<meta name=\"twitter:data2\" content=\"In stock\" \/>\n<script type=\"application\/ld+json\" class=\"yoast-schema-graph\">{\"@context\":\"https:\/\/schema.org\",\"@graph\":[{\"@type\":[\"WebPage\",\"ItemPage\"],\"@id\":\"https:\/\/www.globber.com\/ch\/it\/product\/go-up-luci-sportive-360\/\",\"url\":\"https:\/\/www.globber.com\/ch\/it\/product\/go-up-luci-sportive-360\/\",\"name\":\"GO UP Luci Sportive 360\u00b0 - Globber Scooter Schweiz\",\"isPartOf\":{\"@id\":\"https:\/\/www.globber.com\/ch\/fr\/#website\"},\"primaryImageOfPage\":{\"@id\":\"https:\/\/www.globber.com\/ch\/it\/product\/go-up-luci-sportive-360\/#primaryimage\"},\"image\":{\"@id\":\"https:\/\/www.globber.com\/ch\/it\/product\/go-up-luci-sportive-360\/#primaryimage\"},\"thumbnailUrl\":\"https:\/\/cdn.globber.com\/content\/sites\/21\/2025\/09\/456-600_stages-all_rgb.jpg\",\"datePublished\":\"2025-09-22T09:45:41+00:00\",\"dateModified\":\"2026-03-06T07:28:35+00:00\",\"breadcrumb\":{\"@id\":\"https:\/\/www.globber.com\/ch\/it\/product\/go-up-luci-sportive-360\/#breadcrumb\"},\"inLanguage\":\"it-CH\",\"potentialAction\":[{\"@type\":\"ReadAction\",\"target\":[\"https:\/\/www.globber.com\/ch\/it\/product\/go-up-luci-sportive-360\/\"]}]},{\"@type\":\"ImageObject\",\"inLanguage\":\"it-CH\",\"@id\":\"https:\/\/www.globber.com\/ch\/it\/product\/go-up-luci-sportive-360\/#primaryimage\",\"url\":\"https:\/\/cdn.globber.com\/content\/sites\/21\/2025\/09\/456-600_stages-all_rgb.jpg\",\"contentUrl\":\"https:\/\/cdn.globber.com\/content\/sites\/21\/2025\/09\/456-600_stages-all_rgb.jpg\",\"width\":2048,\"height\":2048},{\"@type\":\"BreadcrumbList\",\"@id\":\"https:\/\/www.globber.com\/ch\/it\/product\/go-up-luci-sportive-360\/#breadcrumb\",\"itemListElement\":[{\"@type\":\"ListItem\",\"position\":1,\"name\":\"Shop\",\"item\":\"https:\/\/www.globber.com\/ch\/it\/shop\/\"},{\"@type\":\"ListItem\",\"position\":2,\"name\":\"GO UP Luci Sportive 360\u00b0\"}]},{\"@type\":\"WebSite\",\"@id\":\"https:\/\/www.globber.com\/ch\/fr\/#website\",\"url\":\"https:\/\/www.globber.com\/ch\/fr\/\",\"name\":\"Globber Scooter Schweiz\",\"description\":\"Der offizielle Online Shop\",\"publisher\":{\"@id\":\"https:\/\/www.globber.com\/ch\/fr\/#organization\"},\"potentialAction\":[{\"@type\":\"SearchAction\",\"target\":{\"@type\":\"EntryPoint\",\"urlTemplate\":\"https:\/\/www.globber.com\/ch\/fr\/?s={search_term_string}\"},\"query-input\":{\"@type\":\"PropertyValueSpecification\",\"valueRequired\":true,\"valueName\":\"search_term_string\"}}],\"inLanguage\":\"it-CH\"},{\"@type\":\"Organization\",\"@id\":\"https:\/\/www.globber.com\/ch\/fr\/#organization\",\"name\":\"Globber Scooter Schweiz\",\"url\":\"https:\/\/www.globber.com\/ch\/fr\/\",\"logo\":{\"@type\":\"ImageObject\",\"inLanguage\":\"it-CH\",\"@id\":\"https:\/\/www.globber.com\/ch\/fr\/#\/schema\/logo\/image\/\",\"url\":\"https:\/\/cdn.globber.com\/content\/2024\/05\/logo.svg\",\"contentUrl\":\"https:\/\/cdn.globber.com\/content\/2024\/05\/logo.svg\",\"width\":601,\"height\":112,\"caption\":\"Globber Scooter Schweiz\"},\"image\":{\"@id\":\"https:\/\/www.globber.com\/ch\/fr\/#\/schema\/logo\/image\/\"}}]}<\/script>\n<meta property=\"product:price:amount\" content=\"129.90\" \/>\n<meta property=\"product:price:currency\" content=\"CHF\" \/>\n<meta property=\"og:availability\" content=\"instock\" \/>\n<meta property=\"product:availability\" content=\"instock\" \/>\n<meta property=\"product:retailer_item_id\" content=\"456-600-S\" \/>\n<meta property=\"product:condition\" content=\"new\" \/>\n<!-- \/ Yoast SEO Premium plugin. -->","yoast_head_json":{"title":"GO UP Luci Sportive 360\u00b0 - Globber Scooter Schweiz","robots":{"index":"index","follow":"follow","max-snippet":"max-snippet:-1","max-image-preview":"max-image-preview:large","max-video-preview":"max-video-preview:-1"},"canonical":"https:\/\/www.globber.com\/ch\/it\/product\/go-up-luci-sportive-360\/","og_locale":"it_IT","og_type":"article","og_title":"GO UP Luci Sportive 360\u00b0 - Globber Scooter Schweiz","og_description":"Monopattino pieghevole con sedile per bambini piccoli (15m - 9+)","og_url":"https:\/\/www.globber.com\/ch\/it\/product\/go-up-luci-sportive-360\/","og_site_name":"Globber Scooter Schweiz","article_modified_time":"2026-03-06T07:28:35+00:00","og_image":[{"width":2048,"height":2048,"url":"https:\/\/cdn.globber.com\/content\/sites\/21\/2025\/09\/456-600_stages-all_rgb.jpg","type":"image\/jpeg"}],"twitter_card":"summary_large_image","twitter_misc":{"Price":"129.90&#67;&#72;&#70; inkl. MwSt","Availability":"In stock"},"schema":{"@context":"https:\/\/schema.org","@graph":[{"@type":["WebPage","ItemPage"],"@id":"https:\/\/www.globber.com\/ch\/it\/product\/go-up-luci-sportive-360\/","url":"https:\/\/www.globber.com\/ch\/it\/product\/go-up-luci-sportive-360\/","name":"GO UP Luci Sportive 360\u00b0 - Globber Scooter Schweiz","isPartOf":{"@id":"https:\/\/www.globber.com\/ch\/fr\/#website"},"primaryImageOfPage":{"@id":"https:\/\/www.globber.com\/ch\/it\/product\/go-up-luci-sportive-360\/#primaryimage"},"image":{"@id":"https:\/\/www.globber.com\/ch\/it\/product\/go-up-luci-sportive-360\/#primaryimage"},"thumbnailUrl":"https:\/\/cdn.globber.com\/content\/sites\/21\/2025\/09\/456-600_stages-all_rgb.jpg","datePublished":"2025-09-22T09:45:41+00:00","dateModified":"2026-03-06T07:28:35+00:00","breadcrumb":{"@id":"https:\/\/www.globber.com\/ch\/it\/product\/go-up-luci-sportive-360\/#breadcrumb"},"inLanguage":"it-CH","potentialAction":[{"@type":"ReadAction","target":["https:\/\/www.globber.com\/ch\/it\/product\/go-up-luci-sportive-360\/"]}]},{"@type":"ImageObject","inLanguage":"it-CH","@id":"https:\/\/www.globber.com\/ch\/it\/product\/go-up-luci-sportive-360\/#primaryimage","url":"https:\/\/cdn.globber.com\/content\/sites\/21\/2025\/09\/456-600_stages-all_rgb.jpg","contentUrl":"https:\/\/cdn.globber.com\/content\/sites\/21\/2025\/09\/456-600_stages-all_rgb.jpg","width":2048,"height":2048},{"@type":"BreadcrumbList","@id":"https:\/\/www.globber.com\/ch\/it\/product\/go-up-luci-sportive-360\/#breadcrumb","itemListElement":[{"@type":"ListItem","position":1,"name":"Shop","item":"https:\/\/www.globber.com\/ch\/it\/shop\/"},{"@type":"ListItem","position":2,"name":"GO UP Luci Sportive 360\u00b0"}]},{"@type":"WebSite","@id":"https:\/\/www.globber.com\/ch\/fr\/#website","url":"https:\/\/www.globber.com\/ch\/fr\/","name":"Globber Scooter Schweiz","description":"Der offizielle Online Shop","publisher":{"@id":"https:\/\/www.globber.com\/ch\/fr\/#organization"},"potentialAction":[{"@type":"SearchAction","target":{"@type":"EntryPoint","urlTemplate":"https:\/\/www.globber.com\/ch\/fr\/?s={search_term_string}"},"query-input":{"@type":"PropertyValueSpecification","valueRequired":true,"valueName":"search_term_string"}}],"inLanguage":"it-CH"},{"@type":"Organization","@id":"https:\/\/www.globber.com\/ch\/fr\/#organization","name":"Globber Scooter Schweiz","url":"https:\/\/www.globber.com\/ch\/fr\/","logo":{"@type":"ImageObject","inLanguage":"it-CH","@id":"https:\/\/www.globber.com\/ch\/fr\/#\/schema\/logo\/image\/","url":"https:\/\/cdn.globber.com\/content\/2024\/05\/logo.svg","contentUrl":"https:\/\/cdn.globber.com\/content\/2024\/05\/logo.svg","width":601,"height":112,"caption":"Globber Scooter Schweiz"},"image":{"@id":"https:\/\/www.globber.com\/ch\/fr\/#\/schema\/logo\/image\/"}}]},"product_price_amount":"129.90","product_price_currency":"CHF","og_availability":"instock","product_availability":"instock","product_retailer_item_id":"456-600-S","product_condition":"new"},"_links":{"self":[{"href":"https:\/\/www.globber.com\/ch\/it\/wp-json\/wp\/v2\/product\/26259","targetHints":{"allow":["GET"]}}],"collection":[{"href":"https:\/\/www.globber.com\/ch\/it\/wp-json\/wp\/v2\/product"}],"about":[{"href":"https:\/\/www.globber.com\/ch\/it\/wp-json\/wp\/v2\/types\/product"}],"replies":[{"embeddable":true,"href":"https:\/\/www.globber.com\/ch\/it\/wp-json\/wp\/v2\/comments?post=26259"}],"wp:featuredmedia":[{"embeddable":true,"href":"https:\/\/www.globber.com\/ch\/it\/wp-json\/wp\/v2\/media\/20636"}],"wp:attachment":[{"href":"https:\/\/www.globber.com\/ch\/it\/wp-json\/wp\/v2\/media?parent=26259"}],"wp:term":[{"taxonomy":"product-special-badges","embeddable":true,"href":"https:\/\/www.globber.com\/ch\/it\/wp-json\/wp\/v2\/product-special-badges?post=26259"},{"taxonomy":"product_brand","embeddable":true,"href":"https:\/\/www.globber.com\/ch\/it\/wp-json\/wp\/v2\/product_brand?post=26259"},{"taxonomy":"product_cat","embeddable":true,"href":"https:\/\/www.globber.com\/ch\/it\/wp-json\/wp\/v2\/product_cat?post=26259"},{"taxonomy":"product_tag","embeddable":true,"href":"https:\/\/www.globber.com\/ch\/it\/wp-json\/wp\/v2\/product_tag?post=26259"}],"curies":[{"name":"wp","href":"https:\/\/api.w.org\/{rel}","templated":true}]}}