{"id":26261,"date":"2025-09-26T11:31:09","date_gmt":"2025-09-26T09:31:09","guid":{"rendered":"https:\/\/www.globber.com\/ch\/product\/globber-primo-pieghevole-lights-eco-pistacchio\/"},"modified":"2026-01-20T04:46:35","modified_gmt":"2026-01-20T03:46:35","slug":"globber-primo-pieghevole-lights-eco-pistacchio","status":"publish","type":"product","link":"https:\/\/www.globber.com\/ch\/it\/product\/globber-primo-pieghevole-lights-eco-pistacchio\/","title":{"rendered":"Globber | Primo pieghevole | Lights Eco | Pistacchio"},"content":{"rendered":"<p><p class=\"p1\">Un mondo pi\u00f9 verde su ruote: <span class=\"s1\"><b>PRIMO FOLDABLE LIGHTS ECOLOGIC<\/b><\/span> aiuta le famiglie di tutto il mondo a vivere valori ecosostenibili e a fare scelte sostenibili. \u00c8 realizzato <span class=\"s1\"><b>al 60% in plastica Global Recycled Standard (GRS)<\/b><\/span> e <span class=\"s1\"><b>paglia di grano di origine biologica*<\/b><\/span> .<\/p>\n<p class=\"p1\">Dotato <span class=\"s1\"><b>dei sistemi di sterzo e piegatura brevettati<\/b><\/span> Globber e di un <span class=\"s1\"><b>manubrio regolabile in altezza<\/b><\/span> per bambini dai 3 anni in su, PRIMO FOLDABLE LIGHTS ECOLOGIC offre la stessa stabilit\u00e0 e durata dell'iconico originale, ma con materiali ancora pi\u00f9 ecocompatibili per un impatto ambientale ridotto.<\/p>\n<p class=\"p1\">Questo <span class=\"s1\"><b>monopattino a 3 ruote ricco di funzionalit\u00e0<\/b><\/span> con <span class=\"s1\"><b>ruote luminose a LED senza batteria<\/b><\/span> sfrutta l'energia cinetica rinnovabile del tuo bambino: pi\u00f9 veloce va, pi\u00f9 luminose sono le ruote! Questo rende la guida sostenibile due volte pi\u00f9 divertente.<\/p>\n<p class=\"p1\"><span class=\"s1\"><b>PRIMO FOLDABLE LIGHTS ECOLOGIC<\/b><\/span> aiuta i bambini ad allenare equilibrio e coordinazione in modo giocoso, in modo ecologico e con tanto divertimento di guida luminosa!<\/p>\n<p class=\"p3\"><span class=\"s2\">Realizzato in <\/span><b>60% plastica riciclata certificata GRS<\/b><span class=\"s2\"> E <\/span><b>Paglia di grano bio-based*<\/b> <span class=\"s2\">.<\/span><\/p>\n<p class=\"p1\">Il <span class=\"s1\"><b>GRS (Global Recycled Standard)<\/b><\/span> \u00e8 un protocollo riconosciuto a livello internazionale per la verifica del contenuto riciclato dei prodotti finali. L'utilizzo di plastica certificata GRS evita che tonnellate di rifiuti finiscano in discarica e riduce significativamente l'impatto ambientale della produzione.<\/p>\n<p class=\"p1\"><span class=\"s1\"><b>La paglia di grano<\/b><\/span> \u00e8 una plastica bio-based derivata da residui agricoli. Invece di essere smaltita, questa plastica viene riutilizzata: \u00e8 particolarmente robusta grazie al suo contenuto naturale di lignina. Questo garantisce che i nostri monopattini ECOLOGIC mantengano la loro stabilit\u00e0 e siano realizzati in plastica bio-based <span class=\"s1\"><b>sicura al 100% per i bambini<\/b><\/span> , per una guida quotidiana senza pensieri!<\/p>\n<p class=\"p3\"><b>Scegli Globber. Scegli il verde!<\/b><b><\/b><\/p>\n<p class=\"p3\"><span class=\"s2\">IL <\/span><b>LUCI PIEGHEVOLI PRIMO ECOLOGICHE<\/b><span class=\"s2\"> \u00e8 stato insignito del prestigioso <\/span>Vincitore <b>del Green Good Design Award<\/b> <span class=\"s2\">.<\/span><\/p>\n<p class=\"p1\">*In componenti selezionati.<\/p><\/p>\n","protected":false},"excerpt":{"rendered":"<p class=\"p1\">Scooter a 3 ruote per bambini (dai 3 anni), realizzato al 60% in plastica riciclata e paglia di grano di origine biologica<\/p>\n","protected":false},"featured_media":20759,"comment_status":"open","ping_status":"closed","template":"","meta":{"_acf_changed":false,"inline_featured_image":false},"product-special-badges":[],"product_brand":[],"product_cat":[4777,4778,4828,4846],"product_tag":[],"class_list":{"0":"post-26261","1":"product","2":"type-product","3":"status-publish","4":"has-post-thumbnail","6":"product_cat-serie-primo","7":"product_cat-collezione-ecologica","8":"product_cat-scooter-con-sedile","9":"product_cat-bicicletta-a-3-ruote-per-bambini","10":"pa_altersspanne-3-7-anni","11":"pa_bremsen-composizione-del-freno-posteriore-meccanico","12":"pa_color-noce-di-cocco","13":"pa_color-pistacchio","14":"pa_deckmaterial-60-grs-plastica-biodegradabile-paglia-di-grano-fibra-di-polipropilene-telaio-metallico","15":"pa_grose-der-brucke-b-12-5cm-x-l-54-5cm-it","16":"pa_maximales-benutzergewicht-50-kg","17":"pa_produkttyp-monopattino-a-3-ruote","19":"first","20":"instock","21":"taxable","22":"shipping-taxable","23":"purchasable","24":"product-type-variable"},"acf":[],"yoast_head":"<!-- This site is optimized with the Yoast SEO Premium plugin v20.12 (Yoast SEO v23.4) - https:\/\/yoast.com\/wordpress\/plugins\/seo\/ -->\n<title>Globber | Primo pieghevole | Lights Eco | Pistacchio - Globber Scooter Schweiz<\/title>\n<meta name=\"robots\" content=\"index, follow, max-snippet:-1, max-image-preview:large, max-video-preview:-1\" \/>\n<link rel=\"canonical\" href=\"https:\/\/www.globber.com\/ch\/de\/product\/primo-foldable-lights-eco\/\" \/>\n<meta property=\"og:locale\" content=\"it_IT\" \/>\n<meta property=\"og:type\" content=\"article\" \/>\n<meta property=\"og:title\" content=\"Globber | Primo pieghevole | Lights Eco | Pistacchio - Globber Scooter Schweiz\" \/>\n<meta property=\"og:description\" content=\"Scooter a 3 ruote per bambini (dai 3 anni), realizzato al 60% in plastica riciclata e paglia di grano di origine biologica\" \/>\n<meta property=\"og:url\" content=\"https:\/\/www.globber.com\/ch\/de\/product\/primo-foldable-lights-eco\/\" \/>\n<meta property=\"og:site_name\" content=\"Globber Scooter Schweiz\" \/>\n<meta property=\"article:modified_time\" content=\"2026-01-20T03:46:35+00:00\" \/>\n<meta property=\"og:image\" content=\"https:\/\/cdn.globber.com\/content\/sites\/21\/2025\/10\/68ec5d0683223.jpg\" \/>\n\t<meta property=\"og:image:width\" content=\"2048\" \/>\n\t<meta property=\"og:image:height\" content=\"2048\" \/>\n\t<meta property=\"og:image:type\" content=\"image\/jpeg\" \/>\n<meta name=\"twitter:card\" content=\"summary_large_image\" \/>\n<meta name=\"twitter:label1\" content=\"Availability\" \/>\n\t<meta name=\"twitter:data1\" content=\"In stock\" \/>\n<script type=\"application\/ld+json\" class=\"yoast-schema-graph\">{\"@context\":\"https:\/\/schema.org\",\"@graph\":[{\"@type\":[\"WebPage\",\"ItemPage\"],\"@id\":\"https:\/\/www.globber.com\/ch\/de\/product\/primo-foldable-lights-eco\/\",\"url\":\"https:\/\/www.globber.com\/ch\/de\/product\/primo-foldable-lights-eco\/\",\"name\":\"Globber | Primo pieghevole | Lights Eco | Pistacchio - Globber Scooter Schweiz\",\"isPartOf\":{\"@id\":\"https:\/\/www.globber.com\/ch\/fr\/#website\"},\"primaryImageOfPage\":{\"@id\":\"https:\/\/www.globber.com\/ch\/de\/product\/primo-foldable-lights-eco\/#primaryimage\"},\"image\":{\"@id\":\"https:\/\/www.globber.com\/ch\/de\/product\/primo-foldable-lights-eco\/#primaryimage\"},\"thumbnailUrl\":\"https:\/\/cdn.globber.com\/content\/sites\/21\/2025\/10\/68ec5d0683223.jpg\",\"datePublished\":\"2025-09-26T09:31:09+00:00\",\"dateModified\":\"2026-01-20T03:46:35+00:00\",\"breadcrumb\":{\"@id\":\"https:\/\/www.globber.com\/ch\/de\/product\/primo-foldable-lights-eco\/#breadcrumb\"},\"inLanguage\":\"it-CH\",\"potentialAction\":[{\"@type\":\"ReadAction\",\"target\":[\"https:\/\/www.globber.com\/ch\/de\/product\/primo-foldable-lights-eco\/\"]}]},{\"@type\":\"ImageObject\",\"inLanguage\":\"it-CH\",\"@id\":\"https:\/\/www.globber.com\/ch\/de\/product\/primo-foldable-lights-eco\/#primaryimage\",\"url\":\"https:\/\/cdn.globber.com\/content\/sites\/21\/2025\/10\/68ec5d0683223.jpg\",\"contentUrl\":\"https:\/\/cdn.globber.com\/content\/sites\/21\/2025\/10\/68ec5d0683223.jpg\",\"width\":2048,\"height\":2048},{\"@type\":\"BreadcrumbList\",\"@id\":\"https:\/\/www.globber.com\/ch\/de\/product\/primo-foldable-lights-eco\/#breadcrumb\",\"itemListElement\":[{\"@type\":\"ListItem\",\"position\":1,\"name\":\"Shop\",\"item\":\"https:\/\/www.globber.com\/ch\/it\/shop\/\"},{\"@type\":\"ListItem\",\"position\":2,\"name\":\"Globber | Primo pieghevole | Lights Eco | Pistacchio\"}]},{\"@type\":\"WebSite\",\"@id\":\"https:\/\/www.globber.com\/ch\/fr\/#website\",\"url\":\"https:\/\/www.globber.com\/ch\/fr\/\",\"name\":\"Globber Scooter Schweiz\",\"description\":\"Der offizielle Online Shop\",\"publisher\":{\"@id\":\"https:\/\/www.globber.com\/ch\/fr\/#organization\"},\"potentialAction\":[{\"@type\":\"SearchAction\",\"target\":{\"@type\":\"EntryPoint\",\"urlTemplate\":\"https:\/\/www.globber.com\/ch\/fr\/?s={search_term_string}\"},\"query-input\":{\"@type\":\"PropertyValueSpecification\",\"valueRequired\":true,\"valueName\":\"search_term_string\"}}],\"inLanguage\":\"it-CH\"},{\"@type\":\"Organization\",\"@id\":\"https:\/\/www.globber.com\/ch\/fr\/#organization\",\"name\":\"Globber Scooter Schweiz\",\"url\":\"https:\/\/www.globber.com\/ch\/fr\/\",\"logo\":{\"@type\":\"ImageObject\",\"inLanguage\":\"it-CH\",\"@id\":\"https:\/\/www.globber.com\/ch\/fr\/#\/schema\/logo\/image\/\",\"url\":\"https:\/\/cdn.globber.com\/content\/2024\/05\/logo.svg\",\"contentUrl\":\"https:\/\/cdn.globber.com\/content\/2024\/05\/logo.svg\",\"width\":601,\"height\":112,\"caption\":\"Globber Scooter Schweiz\"},\"image\":{\"@id\":\"https:\/\/www.globber.com\/ch\/fr\/#\/schema\/logo\/image\/\"}}]}<\/script>\n<meta property=\"og:availability\" content=\"instock\" \/>\n<meta property=\"product:availability\" content=\"instock\" \/>\n<meta property=\"product:retailer_item_id\" content=\"696-505-2\" \/>\n<meta property=\"product:condition\" content=\"new\" \/>\n<!-- \/ Yoast SEO Premium plugin. -->","yoast_head_json":{"title":"Globber | Primo pieghevole | Lights Eco | Pistacchio - Globber Scooter Schweiz","robots":{"index":"index","follow":"follow","max-snippet":"max-snippet:-1","max-image-preview":"max-image-preview:large","max-video-preview":"max-video-preview:-1"},"canonical":"https:\/\/www.globber.com\/ch\/de\/product\/primo-foldable-lights-eco\/","og_locale":"it_IT","og_type":"article","og_title":"Globber | Primo pieghevole | Lights Eco | Pistacchio - Globber Scooter Schweiz","og_description":"Scooter a 3 ruote per bambini (dai 3 anni), realizzato al 60% in plastica riciclata e paglia di grano di origine biologica","og_url":"https:\/\/www.globber.com\/ch\/de\/product\/primo-foldable-lights-eco\/","og_site_name":"Globber Scooter Schweiz","article_modified_time":"2026-01-20T03:46:35+00:00","og_image":[{"width":2048,"height":2048,"url":"https:\/\/cdn.globber.com\/content\/sites\/21\/2025\/10\/68ec5d0683223.jpg","type":"image\/jpeg"}],"twitter_card":"summary_large_image","twitter_misc":{"Availability":"In stock"},"schema":{"@context":"https:\/\/schema.org","@graph":[{"@type":["WebPage","ItemPage"],"@id":"https:\/\/www.globber.com\/ch\/de\/product\/primo-foldable-lights-eco\/","url":"https:\/\/www.globber.com\/ch\/de\/product\/primo-foldable-lights-eco\/","name":"Globber | Primo pieghevole | Lights Eco | Pistacchio - Globber Scooter Schweiz","isPartOf":{"@id":"https:\/\/www.globber.com\/ch\/fr\/#website"},"primaryImageOfPage":{"@id":"https:\/\/www.globber.com\/ch\/de\/product\/primo-foldable-lights-eco\/#primaryimage"},"image":{"@id":"https:\/\/www.globber.com\/ch\/de\/product\/primo-foldable-lights-eco\/#primaryimage"},"thumbnailUrl":"https:\/\/cdn.globber.com\/content\/sites\/21\/2025\/10\/68ec5d0683223.jpg","datePublished":"2025-09-26T09:31:09+00:00","dateModified":"2026-01-20T03:46:35+00:00","breadcrumb":{"@id":"https:\/\/www.globber.com\/ch\/de\/product\/primo-foldable-lights-eco\/#breadcrumb"},"inLanguage":"it-CH","potentialAction":[{"@type":"ReadAction","target":["https:\/\/www.globber.com\/ch\/de\/product\/primo-foldable-lights-eco\/"]}]},{"@type":"ImageObject","inLanguage":"it-CH","@id":"https:\/\/www.globber.com\/ch\/de\/product\/primo-foldable-lights-eco\/#primaryimage","url":"https:\/\/cdn.globber.com\/content\/sites\/21\/2025\/10\/68ec5d0683223.jpg","contentUrl":"https:\/\/cdn.globber.com\/content\/sites\/21\/2025\/10\/68ec5d0683223.jpg","width":2048,"height":2048},{"@type":"BreadcrumbList","@id":"https:\/\/www.globber.com\/ch\/de\/product\/primo-foldable-lights-eco\/#breadcrumb","itemListElement":[{"@type":"ListItem","position":1,"name":"Shop","item":"https:\/\/www.globber.com\/ch\/it\/shop\/"},{"@type":"ListItem","position":2,"name":"Globber | Primo pieghevole | Lights Eco | Pistacchio"}]},{"@type":"WebSite","@id":"https:\/\/www.globber.com\/ch\/fr\/#website","url":"https:\/\/www.globber.com\/ch\/fr\/","name":"Globber Scooter Schweiz","description":"Der offizielle Online Shop","publisher":{"@id":"https:\/\/www.globber.com\/ch\/fr\/#organization"},"potentialAction":[{"@type":"SearchAction","target":{"@type":"EntryPoint","urlTemplate":"https:\/\/www.globber.com\/ch\/fr\/?s={search_term_string}"},"query-input":{"@type":"PropertyValueSpecification","valueRequired":true,"valueName":"search_term_string"}}],"inLanguage":"it-CH"},{"@type":"Organization","@id":"https:\/\/www.globber.com\/ch\/fr\/#organization","name":"Globber Scooter Schweiz","url":"https:\/\/www.globber.com\/ch\/fr\/","logo":{"@type":"ImageObject","inLanguage":"it-CH","@id":"https:\/\/www.globber.com\/ch\/fr\/#\/schema\/logo\/image\/","url":"https:\/\/cdn.globber.com\/content\/2024\/05\/logo.svg","contentUrl":"https:\/\/cdn.globber.com\/content\/2024\/05\/logo.svg","width":601,"height":112,"caption":"Globber Scooter Schweiz"},"image":{"@id":"https:\/\/www.globber.com\/ch\/fr\/#\/schema\/logo\/image\/"}}]},"og_availability":"instock","product_availability":"instock","product_retailer_item_id":"696-505-2","product_condition":"new"},"_links":{"self":[{"href":"https:\/\/www.globber.com\/ch\/it\/wp-json\/wp\/v2\/product\/26261","targetHints":{"allow":["GET"]}}],"collection":[{"href":"https:\/\/www.globber.com\/ch\/it\/wp-json\/wp\/v2\/product"}],"about":[{"href":"https:\/\/www.globber.com\/ch\/it\/wp-json\/wp\/v2\/types\/product"}],"replies":[{"embeddable":true,"href":"https:\/\/www.globber.com\/ch\/it\/wp-json\/wp\/v2\/comments?post=26261"}],"wp:featuredmedia":[{"embeddable":true,"href":"https:\/\/www.globber.com\/ch\/it\/wp-json\/wp\/v2\/media\/20759"}],"wp:attachment":[{"href":"https:\/\/www.globber.com\/ch\/it\/wp-json\/wp\/v2\/media?parent=26261"}],"wp:term":[{"taxonomy":"product-special-badges","embeddable":true,"href":"https:\/\/www.globber.com\/ch\/it\/wp-json\/wp\/v2\/product-special-badges?post=26261"},{"taxonomy":"product_brand","embeddable":true,"href":"https:\/\/www.globber.com\/ch\/it\/wp-json\/wp\/v2\/product_brand?post=26261"},{"taxonomy":"product_cat","embeddable":true,"href":"https:\/\/www.globber.com\/ch\/it\/wp-json\/wp\/v2\/product_cat?post=26261"},{"taxonomy":"product_tag","embeddable":true,"href":"https:\/\/www.globber.com\/ch\/it\/wp-json\/wp\/v2\/product_tag?post=26261"}],"curies":[{"name":"wp","href":"https:\/\/api.w.org\/{rel}","templated":true}]}}