{"id":26272,"date":"2022-11-28T15:02:20","date_gmt":"2026-01-14T07:19:54","guid":{"rendered":"https:\/\/www.globber.com\/ch\/product\/go-up-deluxe-play\/"},"modified":"2026-01-14T08:20:08","modified_gmt":"2026-01-14T07:20:08","slug":"go-up-deluxe-play","status":"publish","type":"product","link":"https:\/\/www.globber.com\/ch\/it\/product\/go-up-deluxe-play\/","title":{"rendered":"GO UP Deluxe Play"},"content":{"rendered":"<article dir=\"auto\" data-testid=\"conversation-turn-138\" data-scroll-anchor=\"true\">\n<div>\n<div>\n<div>\n<div>\n<div>\n<div dir=\"auto\" data-message-author-role=\"assistant\" data-message-id=\"a0f08585-1316-4bbd-b53a-2374047e5bdd\" data-message-model-slug=\"gpt-4o\">\n<div>\n<div>\n<p data-start=\"0\" data-end=\"64\">Monopattino ogni giorno, e in un modo completamente nuovo, con GO\u2022UP!<\/p>\n<p data-start=\"66\" data-end=\"421\">Il GO\u2022UP DELUXE PLAY \u00e8 un monopattino a 3 ruote con seduta che si trasforma in un attimo in un cavalcabile, una bici senza pedali e infine in un monopattino per bambini. Le modalit\u00e0 cavalcabile e bici senza pedali sono ideali per i bambini dai 15 ai 36 mesi, mentre la modalit\u00e0 monopattino \u00e8 perfetta per i bambini dai 3 ai 9 anni.<\/p>\n<p data-start=\"423\" data-end=\"585\">Il punto forte: il GO\u2022UP DELUXE PLAY \u00e8 dotato di un modulo LED con luci e suoni, per un apprendimento sensoriale e ludico per i pi\u00f9 piccoli!<\/p>\n<p data-start=\"587\" data-end=\"835\">Offre anche molte funzioni pratiche:<\/p>\n<ul>\n<li data-start=\"587\" data-end=\"835\">Sistema di piegatura brevettato<\/li>\n<li data-start=\"587\" data-end=\"835\">Sistema di blocco dello sterzo brevettato<\/li>\n<li data-start=\"587\" data-end=\"835\">Design 100% senza attrezzi Sedile<\/li>\n<li data-start=\"587\" data-end=\"835\">e manubrio regolabili Ponte<\/li>\n<li data-start=\"587\" data-end=\"835\">robusto e durevole<\/li>\n<li data-start=\"587\" data-end=\"835\">Ruote in PU di alta qualit\u00e0<\/li>\n<\/ul>\n<p data-start=\"837\" data-end=\"1002\">Un fedele compagno d'infanzia che non solo cresce con il tuo bambino, ma gli regala anche un sacco di divertimento: per infiniti pomeriggi di gioco pieni di movimento e scoperta!<\/p>\n<\/p><\/div>\n<\/p><\/div>\n<\/p><\/div>\n<\/p><\/div>\n<\/p><\/div>\n<\/p><\/div>\n<\/p><\/div>\n<\/p><\/div>\n<\/article>\n","protected":false},"excerpt":{"rendered":"<article dir=\"auto\" data-testid=\"conversation-turn-144\" data-scroll-anchor=\"true\">\n<div>\n<div>\n<div>\n<div>\n<div>\n<div dir=\"auto\" data-message-author-role=\"assistant\" data-message-id=\"bc92585e-b7e8-4192-9faf-749a38471221\" data-message-model-slug=\"gpt-4o\">\n<div>\n<div>\n<p data-start=\"0\" data-end=\"59\"><strong>Monopattino con sedile per bambini piccoli (15 mesi \u2013 3+ anni)<\/strong><\/p>\n<\/p><\/div>\n<\/p><\/div>\n<\/p><\/div>\n<\/p><\/div>\n<\/p><\/div>\n<\/p><\/div>\n<\/p><\/div>\n<\/p><\/div>\n<\/article>\n","protected":false},"featured_media":22979,"comment_status":"closed","ping_status":"open","template":"","meta":{"_acf_changed":false,"inline_featured_image":false},"product-special-badges":[],"product_brand":[],"product_cat":[4799,4820,4828,4833,4840,4842,4856],"product_tag":[],"class_list":{"0":"post-26272","1":"product","2":"type-product","3":"status-publish","4":"has-post-thumbnail","6":"product-badges-pieghevole","7":"product-badges-corno-luminoso","8":"product-badges-senza-attrezzi","9":"product-badges-trasformabile","10":"product_cat-serie-go-up","11":"product_cat-monopattino-pieghevole","12":"product_cat-scooter-con-sedile","13":"product_cat-scooter-leggero","14":"product_cat-tricicli-per-bambini","15":"product_cat-monopattino-a-3-ruote-per-tutte-le-eta","16":"product_cat-prodotti-per-bambini-piccoli","17":"pa_altersspanne-15m-9y","18":"pa_bremsen-composizione-del-freno-posteriore-meccanico","19":"pa_color-blu","20":"pa_color-rosa","21":"pa_color-turchese","22":"pa_deckmaterial-telaio-in-fibra-di-polipropilene-e-metallo","23":"pa_einstellbar-si","24":"pa_empfohlene-benutzerhoehe-da-70-cm-a-130-cm","25":"pa_faltbar-yes-it","26":"pa_groesse-der-raeder-121-mm-anteriore-24-mm-di-larghezza","27":"pa_groesse-der-raeder-80-mm-posteriore-24-mm-di-larghezza","28":"pa_grose-der-brucke-b-12-5cm-x-l-54-5cm-it","29":"pa_hohen-der-t-stangen-67-5-72-5-77-5-82-5cm-da-terra","30":"pa_maximales-benutzergewicht-modalita-bici-senza-pedali-da-20-kg-modalita-scooter-da-50-kg","31":"pa_produktgewicht-netto-4-00-kg","32":"pa_produkttyp-mini-scooter","33":"pa_produkttyp-triciclo","34":"pa_sitzhoehen-27-29-31-cm-da-terra","36":"first","37":"instock","38":"taxable","39":"shipping-taxable","40":"purchasable","41":"product-type-variable"},"acf":[],"yoast_head":"<!-- This site is optimized with the Yoast SEO Premium plugin v20.12 (Yoast SEO v23.4) - https:\/\/yoast.com\/wordpress\/plugins\/seo\/ -->\n<title>GO UP Deluxe Play - Globber Scooter Schweiz<\/title>\n<meta name=\"robots\" content=\"index, follow, max-snippet:-1, max-image-preview:large, max-video-preview:-1\" \/>\n<link rel=\"canonical\" href=\"https:\/\/www.globber.com\/ch\/de\/product\/go-up-deluxe-play\/\" \/>\n<meta property=\"og:locale\" content=\"it_IT\" \/>\n<meta property=\"og:type\" content=\"article\" \/>\n<meta property=\"og:title\" content=\"GO UP Deluxe Play - Globber Scooter Schweiz\" \/>\n<meta property=\"og:description\" content=\"Monopattino con sedile per bambini piccoli (15 mesi \u2013 3+ anni)\" \/>\n<meta property=\"og:url\" content=\"https:\/\/www.globber.com\/ch\/de\/product\/go-up-deluxe-play\/\" \/>\n<meta property=\"og:site_name\" content=\"Globber Scooter Schweiz\" \/>\n<meta property=\"article:modified_time\" content=\"2026-01-14T07:20:08+00:00\" \/>\n<meta property=\"og:image\" content=\"https:\/\/cdn.globber.com\/content\/2022\/11\/63839488d7d30.jpg\" \/>\n\t<meta property=\"og:image:width\" content=\"1920\" \/>\n\t<meta property=\"og:image:height\" content=\"1920\" \/>\n\t<meta property=\"og:image:type\" content=\"image\/jpeg\" \/>\n<meta name=\"twitter:card\" content=\"summary_large_image\" \/>\n<meta name=\"twitter:label1\" content=\"Availability\" \/>\n\t<meta name=\"twitter:data1\" content=\"In stock\" \/>\n<script type=\"application\/ld+json\" class=\"yoast-schema-graph\">{\"@context\":\"https:\/\/schema.org\",\"@graph\":[{\"@type\":[\"WebPage\",\"ItemPage\"],\"@id\":\"https:\/\/www.globber.com\/ch\/de\/product\/go-up-deluxe-play\/\",\"url\":\"https:\/\/www.globber.com\/ch\/de\/product\/go-up-deluxe-play\/\",\"name\":\"GO UP Deluxe Play - Globber Scooter Schweiz\",\"isPartOf\":{\"@id\":\"https:\/\/www.globber.com\/ch\/fr\/#website\"},\"primaryImageOfPage\":{\"@id\":\"https:\/\/www.globber.com\/ch\/de\/product\/go-up-deluxe-play\/#primaryimage\"},\"image\":{\"@id\":\"https:\/\/www.globber.com\/ch\/de\/product\/go-up-deluxe-play\/#primaryimage\"},\"thumbnailUrl\":\"https:\/\/cdn.globber.com\/content\/2022\/11\/63839488d7d30.jpg\",\"datePublished\":\"2026-01-14T07:19:54+00:00\",\"dateModified\":\"2026-01-14T07:20:08+00:00\",\"breadcrumb\":{\"@id\":\"https:\/\/www.globber.com\/ch\/de\/product\/go-up-deluxe-play\/#breadcrumb\"},\"inLanguage\":\"it-CH\",\"potentialAction\":[{\"@type\":\"ReadAction\",\"target\":[\"https:\/\/www.globber.com\/ch\/de\/product\/go-up-deluxe-play\/\"]}]},{\"@type\":\"ImageObject\",\"inLanguage\":\"it-CH\",\"@id\":\"https:\/\/www.globber.com\/ch\/de\/product\/go-up-deluxe-play\/#primaryimage\",\"url\":\"https:\/\/cdn.globber.com\/content\/2022\/11\/63839488d7d30.jpg\",\"contentUrl\":\"https:\/\/cdn.globber.com\/content\/2022\/11\/63839488d7d30.jpg\",\"width\":1920,\"height\":1920},{\"@type\":\"BreadcrumbList\",\"@id\":\"https:\/\/www.globber.com\/ch\/de\/product\/go-up-deluxe-play\/#breadcrumb\",\"itemListElement\":[{\"@type\":\"ListItem\",\"position\":1,\"name\":\"Shop\",\"item\":\"https:\/\/www.globber.com\/ch\/it\/shop\/\"},{\"@type\":\"ListItem\",\"position\":2,\"name\":\"GO UP Deluxe Play\"}]},{\"@type\":\"WebSite\",\"@id\":\"https:\/\/www.globber.com\/ch\/fr\/#website\",\"url\":\"https:\/\/www.globber.com\/ch\/fr\/\",\"name\":\"Globber Scooter Schweiz\",\"description\":\"Der offizielle Online Shop\",\"publisher\":{\"@id\":\"https:\/\/www.globber.com\/ch\/fr\/#organization\"},\"potentialAction\":[{\"@type\":\"SearchAction\",\"target\":{\"@type\":\"EntryPoint\",\"urlTemplate\":\"https:\/\/www.globber.com\/ch\/fr\/?s={search_term_string}\"},\"query-input\":{\"@type\":\"PropertyValueSpecification\",\"valueRequired\":true,\"valueName\":\"search_term_string\"}}],\"inLanguage\":\"it-CH\"},{\"@type\":\"Organization\",\"@id\":\"https:\/\/www.globber.com\/ch\/fr\/#organization\",\"name\":\"Globber Scooter Schweiz\",\"url\":\"https:\/\/www.globber.com\/ch\/fr\/\",\"logo\":{\"@type\":\"ImageObject\",\"inLanguage\":\"it-CH\",\"@id\":\"https:\/\/www.globber.com\/ch\/fr\/#\/schema\/logo\/image\/\",\"url\":\"https:\/\/cdn.globber.com\/content\/2024\/05\/logo.svg\",\"contentUrl\":\"https:\/\/cdn.globber.com\/content\/2024\/05\/logo.svg\",\"width\":601,\"height\":112,\"caption\":\"Globber Scooter Schweiz\"},\"image\":{\"@id\":\"https:\/\/www.globber.com\/ch\/fr\/#\/schema\/logo\/image\/\"}}]}<\/script>\n<meta property=\"og:availability\" content=\"instock\" \/>\n<meta property=\"product:availability\" content=\"instock\" \/>\n<meta property=\"product:retailer_item_id\" content=\"648-XXX\" \/>\n<meta property=\"product:condition\" content=\"new\" \/>\n<!-- \/ Yoast SEO Premium plugin. -->","yoast_head_json":{"title":"GO UP Deluxe Play - Globber Scooter Schweiz","robots":{"index":"index","follow":"follow","max-snippet":"max-snippet:-1","max-image-preview":"max-image-preview:large","max-video-preview":"max-video-preview:-1"},"canonical":"https:\/\/www.globber.com\/ch\/de\/product\/go-up-deluxe-play\/","og_locale":"it_IT","og_type":"article","og_title":"GO UP Deluxe Play - Globber Scooter Schweiz","og_description":"Monopattino con sedile per bambini piccoli (15 mesi \u2013 3+ anni)","og_url":"https:\/\/www.globber.com\/ch\/de\/product\/go-up-deluxe-play\/","og_site_name":"Globber Scooter Schweiz","article_modified_time":"2026-01-14T07:20:08+00:00","og_image":[{"width":1920,"height":1920,"url":"https:\/\/cdn.globber.com\/content\/2022\/11\/63839488d7d30.jpg","type":"image\/jpeg"}],"twitter_card":"summary_large_image","twitter_misc":{"Availability":"In stock"},"schema":{"@context":"https:\/\/schema.org","@graph":[{"@type":["WebPage","ItemPage"],"@id":"https:\/\/www.globber.com\/ch\/de\/product\/go-up-deluxe-play\/","url":"https:\/\/www.globber.com\/ch\/de\/product\/go-up-deluxe-play\/","name":"GO UP Deluxe Play - Globber Scooter Schweiz","isPartOf":{"@id":"https:\/\/www.globber.com\/ch\/fr\/#website"},"primaryImageOfPage":{"@id":"https:\/\/www.globber.com\/ch\/de\/product\/go-up-deluxe-play\/#primaryimage"},"image":{"@id":"https:\/\/www.globber.com\/ch\/de\/product\/go-up-deluxe-play\/#primaryimage"},"thumbnailUrl":"https:\/\/cdn.globber.com\/content\/2022\/11\/63839488d7d30.jpg","datePublished":"2026-01-14T07:19:54+00:00","dateModified":"2026-01-14T07:20:08+00:00","breadcrumb":{"@id":"https:\/\/www.globber.com\/ch\/de\/product\/go-up-deluxe-play\/#breadcrumb"},"inLanguage":"it-CH","potentialAction":[{"@type":"ReadAction","target":["https:\/\/www.globber.com\/ch\/de\/product\/go-up-deluxe-play\/"]}]},{"@type":"ImageObject","inLanguage":"it-CH","@id":"https:\/\/www.globber.com\/ch\/de\/product\/go-up-deluxe-play\/#primaryimage","url":"https:\/\/cdn.globber.com\/content\/2022\/11\/63839488d7d30.jpg","contentUrl":"https:\/\/cdn.globber.com\/content\/2022\/11\/63839488d7d30.jpg","width":1920,"height":1920},{"@type":"BreadcrumbList","@id":"https:\/\/www.globber.com\/ch\/de\/product\/go-up-deluxe-play\/#breadcrumb","itemListElement":[{"@type":"ListItem","position":1,"name":"Shop","item":"https:\/\/www.globber.com\/ch\/it\/shop\/"},{"@type":"ListItem","position":2,"name":"GO UP Deluxe Play"}]},{"@type":"WebSite","@id":"https:\/\/www.globber.com\/ch\/fr\/#website","url":"https:\/\/www.globber.com\/ch\/fr\/","name":"Globber Scooter Schweiz","description":"Der offizielle Online Shop","publisher":{"@id":"https:\/\/www.globber.com\/ch\/fr\/#organization"},"potentialAction":[{"@type":"SearchAction","target":{"@type":"EntryPoint","urlTemplate":"https:\/\/www.globber.com\/ch\/fr\/?s={search_term_string}"},"query-input":{"@type":"PropertyValueSpecification","valueRequired":true,"valueName":"search_term_string"}}],"inLanguage":"it-CH"},{"@type":"Organization","@id":"https:\/\/www.globber.com\/ch\/fr\/#organization","name":"Globber Scooter Schweiz","url":"https:\/\/www.globber.com\/ch\/fr\/","logo":{"@type":"ImageObject","inLanguage":"it-CH","@id":"https:\/\/www.globber.com\/ch\/fr\/#\/schema\/logo\/image\/","url":"https:\/\/cdn.globber.com\/content\/2024\/05\/logo.svg","contentUrl":"https:\/\/cdn.globber.com\/content\/2024\/05\/logo.svg","width":601,"height":112,"caption":"Globber Scooter Schweiz"},"image":{"@id":"https:\/\/www.globber.com\/ch\/fr\/#\/schema\/logo\/image\/"}}]},"og_availability":"instock","product_availability":"instock","product_retailer_item_id":"648-XXX","product_condition":"new"},"_links":{"self":[{"href":"https:\/\/www.globber.com\/ch\/it\/wp-json\/wp\/v2\/product\/26272","targetHints":{"allow":["GET"]}}],"collection":[{"href":"https:\/\/www.globber.com\/ch\/it\/wp-json\/wp\/v2\/product"}],"about":[{"href":"https:\/\/www.globber.com\/ch\/it\/wp-json\/wp\/v2\/types\/product"}],"replies":[{"embeddable":true,"href":"https:\/\/www.globber.com\/ch\/it\/wp-json\/wp\/v2\/comments?post=26272"}],"wp:featuredmedia":[{"embeddable":true,"href":"https:\/\/www.globber.com\/ch\/it\/wp-json\/wp\/v2\/media\/22979"}],"wp:attachment":[{"href":"https:\/\/www.globber.com\/ch\/it\/wp-json\/wp\/v2\/media?parent=26272"}],"wp:term":[{"taxonomy":"product-special-badges","embeddable":true,"href":"https:\/\/www.globber.com\/ch\/it\/wp-json\/wp\/v2\/product-special-badges?post=26272"},{"taxonomy":"product_brand","embeddable":true,"href":"https:\/\/www.globber.com\/ch\/it\/wp-json\/wp\/v2\/product_brand?post=26272"},{"taxonomy":"product_cat","embeddable":true,"href":"https:\/\/www.globber.com\/ch\/it\/wp-json\/wp\/v2\/product_cat?post=26272"},{"taxonomy":"product_tag","embeddable":true,"href":"https:\/\/www.globber.com\/ch\/it\/wp-json\/wp\/v2\/product_tag?post=26272"}],"curies":[{"name":"wp","href":"https:\/\/api.w.org\/{rel}","templated":true}]}}