{"id":26279,"date":"2022-11-28T15:04:46","date_gmt":"2026-01-14T07:19:54","guid":{"rendered":"https:\/\/www.globber.com\/ch\/product\/globber-primo-t-bar-anodizzato-neon-rosa\/"},"modified":"2026-01-14T08:20:17","modified_gmt":"2026-01-14T07:20:17","slug":"globber-primo-t-bar-anodizzato-neon-rosa","status":"publish","type":"product","link":"https:\/\/www.globber.com\/ch\/it\/product\/globber-primo-t-bar-anodizzato-neon-rosa\/","title":{"rendered":"Globber | Primo | T-Bar Anodizzato | Neon Rosa"},"content":{"rendered":"<p><p class=\"p1\">Preparate i vostri bambini per l'avventura in scooter pi\u00f9 divertente! PRIMO offre i monopattini a 3 ruote pi\u00f9 apprezzati per bambini dai 3 ai 7+ anni, che sono sia sostenibili che durevoli. Dal rapporto qualit\u00e0-prezzo alle caratteristiche, PRIMO assicura giornate di scooting fantastiche \u2013 tutto ci\u00f2 di cui avete bisogno per lo scooting \u00e8 qui!<\/p>\n<p class=\"p1\">Un monopattino a 3 ruote completamente equipaggiato con il sistema di blocco dello sterzo brevettato di Globber, un manubrio regolabile in altezza in 3 posizioni e un robusto piano del monopattino. PRIMO aiuta i bambini a sviluppare in sicurezza equilibrio e capacit\u00e0 di coordinazione, mentre si divertono a scootare!<\/p><\/p>\n","protected":false},"excerpt":{"rendered":"<p class=\"p1\"><strong>Monopattino a 3 ruote per bambini (dai 3 ai 7 anni)<\/strong><\/p>\n","protected":false},"featured_media":27835,"comment_status":"closed","ping_status":"open","template":"","meta":{"_acf_changed":false,"inline_featured_image":false},"product-special-badges":[],"product_brand":[],"product_cat":[4777,4842,4846,4852],"product_tag":[],"class_list":{"0":"post-26279","1":"product","2":"type-product","3":"status-publish","4":"has-post-thumbnail","6":"product-badges-antiscivolo","7":"product-badges-regolabile","8":"product_cat-serie-primo","9":"product_cat-monopattino-a-3-ruote-per-tutte-le-eta","10":"product_cat-bicicletta-a-3-ruote-per-bambini","11":"product_cat-scooter-per-bambini","12":"pa_altersspanne-3-7-anni","13":"pa_bremsen-composizione-del-freno-posteriore-meccanico","14":"pa_color-pink-it","15":"pa_deckmaterial-materiale-composito-pp-fibra-nylon","16":"pa_einstellbar-si","17":"pa_empfohlene-benutzerhoehe-95-120-centimetri","18":"pa_faltbar-no-it","19":"pa_groesse-der-raeder-121-mm-anteriore-24-mm-di-larghezza","20":"pa_groesse-der-raeder-80-mm-posteriore-24-mm-di-larghezza","21":"pa_grose-der-brucke-b-11-5cm-x-l-54-5cm-it","22":"pa_hohen-der-t-stangen-67-5-72-5-77-5-cm-da-terra","23":"pa_maximales-benutzergewicht-50-kg","24":"pa_produktgewicht-netto-2-33-kg","26":"first","27":"instock","28":"taxable","29":"shipping-taxable","30":"purchasable","31":"product-type-variable"},"acf":[],"yoast_head":"<!-- This site is optimized with the Yoast SEO Premium plugin v20.12 (Yoast SEO v23.4) - https:\/\/yoast.com\/wordpress\/plugins\/seo\/ -->\n<title>Globber | Primo | T-Bar Anodizzato | Neon Rosa - Globber Scooter Schweiz<\/title>\n<meta name=\"robots\" content=\"index, follow, max-snippet:-1, max-image-preview:large, max-video-preview:-1\" \/>\n<link rel=\"canonical\" href=\"https:\/\/www.globber.com\/ch\/de\/product\/primo\/\" \/>\n<meta property=\"og:locale\" content=\"it_IT\" \/>\n<meta property=\"og:type\" content=\"article\" \/>\n<meta property=\"og:title\" content=\"Globber | Primo | T-Bar Anodizzato | Neon Rosa - Globber Scooter Schweiz\" \/>\n<meta property=\"og:description\" content=\"Monopattino a 3 ruote per bambini (dai 3 ai 7 anni)\" \/>\n<meta property=\"og:url\" content=\"https:\/\/www.globber.com\/ch\/de\/product\/primo\/\" \/>\n<meta property=\"og:site_name\" content=\"Globber Scooter Schweiz\" \/>\n<meta property=\"article:modified_time\" content=\"2026-01-14T07:20:17+00:00\" \/>\n<meta property=\"og:image\" content=\"https:\/\/cdn.globber.com\/content\/2022\/11\/6383b17ca6f13.jpg\" \/>\n\t<meta property=\"og:image:width\" content=\"1920\" \/>\n\t<meta property=\"og:image:height\" content=\"1920\" \/>\n\t<meta property=\"og:image:type\" content=\"image\/jpeg\" \/>\n<meta name=\"twitter:card\" content=\"summary_large_image\" \/>\n<meta name=\"twitter:label1\" content=\"Availability\" \/>\n\t<meta name=\"twitter:data1\" content=\"In stock\" \/>\n<script type=\"application\/ld+json\" class=\"yoast-schema-graph\">{\"@context\":\"https:\/\/schema.org\",\"@graph\":[{\"@type\":[\"WebPage\",\"ItemPage\"],\"@id\":\"https:\/\/www.globber.com\/ch\/de\/product\/primo\/\",\"url\":\"https:\/\/www.globber.com\/ch\/de\/product\/primo\/\",\"name\":\"Globber | Primo | T-Bar Anodizzato | Neon Rosa - Globber Scooter Schweiz\",\"isPartOf\":{\"@id\":\"https:\/\/www.globber.com\/ch\/fr\/#website\"},\"primaryImageOfPage\":{\"@id\":\"https:\/\/www.globber.com\/ch\/de\/product\/primo\/#primaryimage\"},\"image\":{\"@id\":\"https:\/\/www.globber.com\/ch\/de\/product\/primo\/#primaryimage\"},\"thumbnailUrl\":\"https:\/\/cdn.globber.com\/content\/2022\/11\/6383b17ca6f13.jpg\",\"datePublished\":\"2026-01-14T07:19:54+00:00\",\"dateModified\":\"2026-01-14T07:20:17+00:00\",\"breadcrumb\":{\"@id\":\"https:\/\/www.globber.com\/ch\/de\/product\/primo\/#breadcrumb\"},\"inLanguage\":\"it-CH\",\"potentialAction\":[{\"@type\":\"ReadAction\",\"target\":[\"https:\/\/www.globber.com\/ch\/de\/product\/primo\/\"]}]},{\"@type\":\"ImageObject\",\"inLanguage\":\"it-CH\",\"@id\":\"https:\/\/www.globber.com\/ch\/de\/product\/primo\/#primaryimage\",\"url\":\"https:\/\/cdn.globber.com\/content\/2022\/11\/6383b17ca6f13.jpg\",\"contentUrl\":\"https:\/\/cdn.globber.com\/content\/2022\/11\/6383b17ca6f13.jpg\",\"width\":1920,\"height\":1920},{\"@type\":\"BreadcrumbList\",\"@id\":\"https:\/\/www.globber.com\/ch\/de\/product\/primo\/#breadcrumb\",\"itemListElement\":[{\"@type\":\"ListItem\",\"position\":1,\"name\":\"Shop\",\"item\":\"https:\/\/www.globber.com\/ch\/it\/shop\/\"},{\"@type\":\"ListItem\",\"position\":2,\"name\":\"Globber | Primo | T-Bar Anodizzato | Neon Rosa\"}]},{\"@type\":\"WebSite\",\"@id\":\"https:\/\/www.globber.com\/ch\/fr\/#website\",\"url\":\"https:\/\/www.globber.com\/ch\/fr\/\",\"name\":\"Globber Scooter Schweiz\",\"description\":\"Der offizielle Online Shop\",\"publisher\":{\"@id\":\"https:\/\/www.globber.com\/ch\/fr\/#organization\"},\"potentialAction\":[{\"@type\":\"SearchAction\",\"target\":{\"@type\":\"EntryPoint\",\"urlTemplate\":\"https:\/\/www.globber.com\/ch\/fr\/?s={search_term_string}\"},\"query-input\":{\"@type\":\"PropertyValueSpecification\",\"valueRequired\":true,\"valueName\":\"search_term_string\"}}],\"inLanguage\":\"it-CH\"},{\"@type\":\"Organization\",\"@id\":\"https:\/\/www.globber.com\/ch\/fr\/#organization\",\"name\":\"Globber Scooter Schweiz\",\"url\":\"https:\/\/www.globber.com\/ch\/fr\/\",\"logo\":{\"@type\":\"ImageObject\",\"inLanguage\":\"it-CH\",\"@id\":\"https:\/\/www.globber.com\/ch\/fr\/#\/schema\/logo\/image\/\",\"url\":\"https:\/\/cdn.globber.com\/content\/2024\/05\/logo.svg\",\"contentUrl\":\"https:\/\/cdn.globber.com\/content\/2024\/05\/logo.svg\",\"width\":601,\"height\":112,\"caption\":\"Globber Scooter Schweiz\"},\"image\":{\"@id\":\"https:\/\/www.globber.com\/ch\/fr\/#\/schema\/logo\/image\/\"}}]}<\/script>\n<meta property=\"og:availability\" content=\"instock\" \/>\n<meta property=\"product:availability\" content=\"instock\" \/>\n<meta property=\"product:retailer_item_id\" content=\"422-XXX-3\" \/>\n<meta property=\"product:condition\" content=\"new\" \/>\n<!-- \/ Yoast SEO Premium plugin. -->","yoast_head_json":{"title":"Globber | Primo | T-Bar Anodizzato | Neon Rosa - Globber Scooter Schweiz","robots":{"index":"index","follow":"follow","max-snippet":"max-snippet:-1","max-image-preview":"max-image-preview:large","max-video-preview":"max-video-preview:-1"},"canonical":"https:\/\/www.globber.com\/ch\/de\/product\/primo\/","og_locale":"it_IT","og_type":"article","og_title":"Globber | Primo | T-Bar Anodizzato | Neon Rosa - Globber Scooter Schweiz","og_description":"Monopattino a 3 ruote per bambini (dai 3 ai 7 anni)","og_url":"https:\/\/www.globber.com\/ch\/de\/product\/primo\/","og_site_name":"Globber Scooter Schweiz","article_modified_time":"2026-01-14T07:20:17+00:00","og_image":[{"width":1920,"height":1920,"url":"https:\/\/cdn.globber.com\/content\/2022\/11\/6383b17ca6f13.jpg","type":"image\/jpeg"}],"twitter_card":"summary_large_image","twitter_misc":{"Availability":"In stock"},"schema":{"@context":"https:\/\/schema.org","@graph":[{"@type":["WebPage","ItemPage"],"@id":"https:\/\/www.globber.com\/ch\/de\/product\/primo\/","url":"https:\/\/www.globber.com\/ch\/de\/product\/primo\/","name":"Globber | Primo | T-Bar Anodizzato | Neon Rosa - Globber Scooter Schweiz","isPartOf":{"@id":"https:\/\/www.globber.com\/ch\/fr\/#website"},"primaryImageOfPage":{"@id":"https:\/\/www.globber.com\/ch\/de\/product\/primo\/#primaryimage"},"image":{"@id":"https:\/\/www.globber.com\/ch\/de\/product\/primo\/#primaryimage"},"thumbnailUrl":"https:\/\/cdn.globber.com\/content\/2022\/11\/6383b17ca6f13.jpg","datePublished":"2026-01-14T07:19:54+00:00","dateModified":"2026-01-14T07:20:17+00:00","breadcrumb":{"@id":"https:\/\/www.globber.com\/ch\/de\/product\/primo\/#breadcrumb"},"inLanguage":"it-CH","potentialAction":[{"@type":"ReadAction","target":["https:\/\/www.globber.com\/ch\/de\/product\/primo\/"]}]},{"@type":"ImageObject","inLanguage":"it-CH","@id":"https:\/\/www.globber.com\/ch\/de\/product\/primo\/#primaryimage","url":"https:\/\/cdn.globber.com\/content\/2022\/11\/6383b17ca6f13.jpg","contentUrl":"https:\/\/cdn.globber.com\/content\/2022\/11\/6383b17ca6f13.jpg","width":1920,"height":1920},{"@type":"BreadcrumbList","@id":"https:\/\/www.globber.com\/ch\/de\/product\/primo\/#breadcrumb","itemListElement":[{"@type":"ListItem","position":1,"name":"Shop","item":"https:\/\/www.globber.com\/ch\/it\/shop\/"},{"@type":"ListItem","position":2,"name":"Globber | Primo | T-Bar Anodizzato | Neon Rosa"}]},{"@type":"WebSite","@id":"https:\/\/www.globber.com\/ch\/fr\/#website","url":"https:\/\/www.globber.com\/ch\/fr\/","name":"Globber Scooter Schweiz","description":"Der offizielle Online Shop","publisher":{"@id":"https:\/\/www.globber.com\/ch\/fr\/#organization"},"potentialAction":[{"@type":"SearchAction","target":{"@type":"EntryPoint","urlTemplate":"https:\/\/www.globber.com\/ch\/fr\/?s={search_term_string}"},"query-input":{"@type":"PropertyValueSpecification","valueRequired":true,"valueName":"search_term_string"}}],"inLanguage":"it-CH"},{"@type":"Organization","@id":"https:\/\/www.globber.com\/ch\/fr\/#organization","name":"Globber Scooter Schweiz","url":"https:\/\/www.globber.com\/ch\/fr\/","logo":{"@type":"ImageObject","inLanguage":"it-CH","@id":"https:\/\/www.globber.com\/ch\/fr\/#\/schema\/logo\/image\/","url":"https:\/\/cdn.globber.com\/content\/2024\/05\/logo.svg","contentUrl":"https:\/\/cdn.globber.com\/content\/2024\/05\/logo.svg","width":601,"height":112,"caption":"Globber Scooter Schweiz"},"image":{"@id":"https:\/\/www.globber.com\/ch\/fr\/#\/schema\/logo\/image\/"}}]},"og_availability":"instock","product_availability":"instock","product_retailer_item_id":"422-XXX-3","product_condition":"new"},"_links":{"self":[{"href":"https:\/\/www.globber.com\/ch\/it\/wp-json\/wp\/v2\/product\/26279","targetHints":{"allow":["GET"]}}],"collection":[{"href":"https:\/\/www.globber.com\/ch\/it\/wp-json\/wp\/v2\/product"}],"about":[{"href":"https:\/\/www.globber.com\/ch\/it\/wp-json\/wp\/v2\/types\/product"}],"replies":[{"embeddable":true,"href":"https:\/\/www.globber.com\/ch\/it\/wp-json\/wp\/v2\/comments?post=26279"}],"wp:featuredmedia":[{"embeddable":true,"href":"https:\/\/www.globber.com\/ch\/it\/wp-json\/wp\/v2\/media\/27835"}],"wp:attachment":[{"href":"https:\/\/www.globber.com\/ch\/it\/wp-json\/wp\/v2\/media?parent=26279"}],"wp:term":[{"taxonomy":"product-special-badges","embeddable":true,"href":"https:\/\/www.globber.com\/ch\/it\/wp-json\/wp\/v2\/product-special-badges?post=26279"},{"taxonomy":"product_brand","embeddable":true,"href":"https:\/\/www.globber.com\/ch\/it\/wp-json\/wp\/v2\/product_brand?post=26279"},{"taxonomy":"product_cat","embeddable":true,"href":"https:\/\/www.globber.com\/ch\/it\/wp-json\/wp\/v2\/product_cat?post=26279"},{"taxonomy":"product_tag","embeddable":true,"href":"https:\/\/www.globber.com\/ch\/it\/wp-json\/wp\/v2\/product_tag?post=26279"}],"curies":[{"name":"wp","href":"https:\/\/api.w.org\/{rel}","templated":true}]}}