{"id":26290,"date":"2022-11-28T15:09:18","date_gmt":"2022-11-28T14:09:18","guid":{"rendered":"https:\/\/www.globber.com\/ch\/product\/globber-nl-205-nero-rosso\/"},"modified":"2026-03-06T08:32:20","modified_gmt":"2026-03-06T07:32:20","slug":"globber-nl-205-nero-rosso","status":"publish","type":"product","link":"https:\/\/www.globber.com\/ch\/it\/product\/globber-nl-205-nero-rosso\/","title":{"rendered":"Globber | NL 205 | Nero Rosso"},"content":{"rendered":"<p class=\"p1\">NL 205 \u00e8 qui per soddisfare il tuo bisogno di velocit\u00e0, perch\u00e9 le grandi ruote non significano pi\u00f9 che sono solo per adulti! Raggiungi rapidamente le tue aree di sosta e destinazioni finali mentre sfrecci attraverso la citt\u00e0, con un fantastico set di ruote perfetto per la scena urbana.<\/p>\n<p class=\"p1\">Dotato di grandi ruote in PU da 205 mm, una sospensione anteriore integrata, un sistema di piegatura brevettato, un robusto ponte in alluminio e un manubrio regolabile in altezza in 3 posizioni, l'NL 205 \u00e8 il monopattino a 2 ruote indispensabile per bambini e adulti in citt\u00e0!<\/p>\n","protected":false},"excerpt":{"rendered":"<p class=\"p1\"><strong>Grande monopattino a 2 ruote per bambini e ragazzi (dagli 8 anni in su).<\/strong><\/p>\n","protected":false},"featured_media":22297,"comment_status":"open","ping_status":"closed","template":"","meta":{"_acf_changed":false,"inline_featured_image":false},"product-special-badges":[],"product_brand":[],"product_cat":[4783,4784,4789,4820,4835,4851,4852,4855,4862],"product_tag":[],"class_list":{"0":"post-26290","1":"product","2":"type-product","3":"status-publish","4":"has-post-thumbnail","6":"product-badges-regolabile","7":"product-badges-pieghevole","8":"product-badges-freno-a-mano","9":"product-badges-robust","10":"product-badges-autoportante","11":"product_cat-monopattino-a-2-ruote-per-tutte-le-eta","12":"product_cat-monopattino-per-adolescenti-a-2-ruote-125-mm-200-mm-globber-svizzera","13":"product_cat-adulti-a-2-ruote","14":"product_cat-monopattino-pieghevole","15":"product_cat-monopattino-a-ruote-grandi","16":"product_cat-scooter-per-adolescenti","17":"product_cat-scooter-per-bambini","18":"product_cat-scooter-per-adulti","19":"product_cat-serie-nl","20":"pa_altersspanne-da-8-anni-alleta-adulta","21":"pa_bremsen-freno-posteriore-meccanico-in-metallo","22":"pa_color-azzurro","23":"pa_color-nero","24":"pa_color-rosso","25":"pa_color-verde-acqua","26":"pa_deckmaterial-alluminio-sabbiato","27":"pa_einstellbar-si","28":"pa_empfohlene-benutzerhoehe-120-200-centimetri","29":"pa_faltbar-yes-it","30":"pa_groesse-der-raeder-205-mm-anteriore-30-mm-posteriore","31":"pa_groesse-der-raeder-205-mm-posteriore-30-mm-di-larghezza","32":"pa_groesse-der-raeder-pu-guss-mit-hoher-rueckfederung-it","33":"pa_grose-der-brucke-b-12cm-x-l-55cm-it","34":"pa_hohen-der-t-stangen-98-103-108-cm-da-terra","35":"pa_maximales-benutzergewicht-100-kg","36":"pa_product-badges-einstellbar-it","37":"pa_product-badges-handbremse-it","38":"pa_product-badges-robustheit-it","39":"pa_product-badges-selbststehend-it","40":"pa_product-badges-zusammenklappbar-it","41":"pa_produktgewicht-netto-4-78-kg","42":"pa_produktkategorien-scooter-per-bambini","43":"pa_produkttyp-city-scooter","44":"pa_radgrose-205-mm-30-mm-larghezza-anteriore","45":"pa_radgrose-205mm-30mm-largo-posteriore","47":"first","48":"instock","49":"taxable","50":"shipping-taxable","51":"purchasable","52":"product-type-variable"},"acf":[],"yoast_head":"<!-- This site is optimized with the Yoast SEO Premium plugin v20.12 (Yoast SEO v23.4) - https:\/\/yoast.com\/wordpress\/plugins\/seo\/ -->\n<title>Globber | NL 205 | Nero Rosso - Globber Scooter Schweiz<\/title>\n<meta name=\"robots\" content=\"index, follow, max-snippet:-1, max-image-preview:large, max-video-preview:-1\" \/>\n<link rel=\"canonical\" href=\"https:\/\/www.globber.com\/ch\/it\/product\/globber-nl-205-nero-rosso\/\" \/>\n<meta property=\"og:locale\" content=\"it_IT\" \/>\n<meta property=\"og:type\" content=\"article\" \/>\n<meta property=\"og:title\" content=\"Globber | NL 205 | Nero Rosso - Globber Scooter Schweiz\" \/>\n<meta property=\"og:description\" content=\"Grande monopattino a 2 ruote per bambini e ragazzi (dagli 8 anni in su).\" \/>\n<meta property=\"og:url\" content=\"https:\/\/www.globber.com\/ch\/it\/product\/globber-nl-205-nero-rosso\/\" \/>\n<meta property=\"og:site_name\" content=\"Globber Scooter Schweiz\" \/>\n<meta property=\"article:modified_time\" content=\"2026-03-06T07:32:20+00:00\" \/>\n<meta property=\"og:image\" content=\"https:\/\/cdn.globber.com\/content\/2022\/11\/63838b5105fc9.jpg\" \/>\n\t<meta property=\"og:image:width\" content=\"1920\" \/>\n\t<meta property=\"og:image:height\" content=\"1920\" \/>\n\t<meta property=\"og:image:type\" content=\"image\/jpeg\" \/>\n<meta name=\"twitter:card\" content=\"summary_large_image\" \/>\n<meta name=\"twitter:label1\" content=\"Availability\" \/>\n\t<meta name=\"twitter:data1\" content=\"In stock\" \/>\n<script type=\"application\/ld+json\" class=\"yoast-schema-graph\">{\"@context\":\"https:\/\/schema.org\",\"@graph\":[{\"@type\":[\"WebPage\",\"ItemPage\"],\"@id\":\"https:\/\/www.globber.com\/ch\/it\/product\/globber-nl-205-nero-rosso\/\",\"url\":\"https:\/\/www.globber.com\/ch\/it\/product\/globber-nl-205-nero-rosso\/\",\"name\":\"Globber | NL 205 | Nero Rosso - Globber Scooter Schweiz\",\"isPartOf\":{\"@id\":\"https:\/\/www.globber.com\/ch\/fr\/#website\"},\"primaryImageOfPage\":{\"@id\":\"https:\/\/www.globber.com\/ch\/it\/product\/globber-nl-205-nero-rosso\/#primaryimage\"},\"image\":{\"@id\":\"https:\/\/www.globber.com\/ch\/it\/product\/globber-nl-205-nero-rosso\/#primaryimage\"},\"thumbnailUrl\":\"https:\/\/cdn.globber.com\/content\/2022\/11\/63838b5105fc9.jpg\",\"datePublished\":\"2022-11-28T14:09:18+00:00\",\"dateModified\":\"2026-03-06T07:32:20+00:00\",\"breadcrumb\":{\"@id\":\"https:\/\/www.globber.com\/ch\/it\/product\/globber-nl-205-nero-rosso\/#breadcrumb\"},\"inLanguage\":\"it-CH\",\"potentialAction\":[{\"@type\":\"ReadAction\",\"target\":[\"https:\/\/www.globber.com\/ch\/it\/product\/globber-nl-205-nero-rosso\/\"]}]},{\"@type\":\"ImageObject\",\"inLanguage\":\"it-CH\",\"@id\":\"https:\/\/www.globber.com\/ch\/it\/product\/globber-nl-205-nero-rosso\/#primaryimage\",\"url\":\"https:\/\/cdn.globber.com\/content\/2022\/11\/63838b5105fc9.jpg\",\"contentUrl\":\"https:\/\/cdn.globber.com\/content\/2022\/11\/63838b5105fc9.jpg\",\"width\":1920,\"height\":1920},{\"@type\":\"BreadcrumbList\",\"@id\":\"https:\/\/www.globber.com\/ch\/it\/product\/globber-nl-205-nero-rosso\/#breadcrumb\",\"itemListElement\":[{\"@type\":\"ListItem\",\"position\":1,\"name\":\"Shop\",\"item\":\"https:\/\/www.globber.com\/ch\/it\/shop\/\"},{\"@type\":\"ListItem\",\"position\":2,\"name\":\"Globber | NL 205 | Nero Rosso\"}]},{\"@type\":\"WebSite\",\"@id\":\"https:\/\/www.globber.com\/ch\/fr\/#website\",\"url\":\"https:\/\/www.globber.com\/ch\/fr\/\",\"name\":\"Globber Scooter Schweiz\",\"description\":\"Der offizielle Online Shop\",\"publisher\":{\"@id\":\"https:\/\/www.globber.com\/ch\/fr\/#organization\"},\"potentialAction\":[{\"@type\":\"SearchAction\",\"target\":{\"@type\":\"EntryPoint\",\"urlTemplate\":\"https:\/\/www.globber.com\/ch\/fr\/?s={search_term_string}\"},\"query-input\":{\"@type\":\"PropertyValueSpecification\",\"valueRequired\":true,\"valueName\":\"search_term_string\"}}],\"inLanguage\":\"it-CH\"},{\"@type\":\"Organization\",\"@id\":\"https:\/\/www.globber.com\/ch\/fr\/#organization\",\"name\":\"Globber Scooter Schweiz\",\"url\":\"https:\/\/www.globber.com\/ch\/fr\/\",\"logo\":{\"@type\":\"ImageObject\",\"inLanguage\":\"it-CH\",\"@id\":\"https:\/\/www.globber.com\/ch\/fr\/#\/schema\/logo\/image\/\",\"url\":\"https:\/\/cdn.globber.com\/content\/2024\/05\/logo.svg\",\"contentUrl\":\"https:\/\/cdn.globber.com\/content\/2024\/05\/logo.svg\",\"width\":601,\"height\":112,\"caption\":\"Globber Scooter Schweiz\"},\"image\":{\"@id\":\"https:\/\/www.globber.com\/ch\/fr\/#\/schema\/logo\/image\/\"}}]}<\/script>\n<meta property=\"og:availability\" content=\"instock\" \/>\n<meta property=\"product:availability\" content=\"instock\" \/>\n<meta property=\"product:retailer_item_id\" content=\"684-XXX-2\" \/>\n<meta property=\"product:condition\" content=\"new\" \/>\n<!-- \/ Yoast SEO Premium plugin. -->","yoast_head_json":{"title":"Globber | NL 205 | Nero Rosso - Globber Scooter Schweiz","robots":{"index":"index","follow":"follow","max-snippet":"max-snippet:-1","max-image-preview":"max-image-preview:large","max-video-preview":"max-video-preview:-1"},"canonical":"https:\/\/www.globber.com\/ch\/it\/product\/globber-nl-205-nero-rosso\/","og_locale":"it_IT","og_type":"article","og_title":"Globber | NL 205 | Nero Rosso - Globber Scooter Schweiz","og_description":"Grande monopattino a 2 ruote per bambini e ragazzi (dagli 8 anni in su).","og_url":"https:\/\/www.globber.com\/ch\/it\/product\/globber-nl-205-nero-rosso\/","og_site_name":"Globber Scooter Schweiz","article_modified_time":"2026-03-06T07:32:20+00:00","og_image":[{"width":1920,"height":1920,"url":"https:\/\/cdn.globber.com\/content\/2022\/11\/63838b5105fc9.jpg","type":"image\/jpeg"}],"twitter_card":"summary_large_image","twitter_misc":{"Availability":"In stock"},"schema":{"@context":"https:\/\/schema.org","@graph":[{"@type":["WebPage","ItemPage"],"@id":"https:\/\/www.globber.com\/ch\/it\/product\/globber-nl-205-nero-rosso\/","url":"https:\/\/www.globber.com\/ch\/it\/product\/globber-nl-205-nero-rosso\/","name":"Globber | NL 205 | Nero Rosso - Globber Scooter Schweiz","isPartOf":{"@id":"https:\/\/www.globber.com\/ch\/fr\/#website"},"primaryImageOfPage":{"@id":"https:\/\/www.globber.com\/ch\/it\/product\/globber-nl-205-nero-rosso\/#primaryimage"},"image":{"@id":"https:\/\/www.globber.com\/ch\/it\/product\/globber-nl-205-nero-rosso\/#primaryimage"},"thumbnailUrl":"https:\/\/cdn.globber.com\/content\/2022\/11\/63838b5105fc9.jpg","datePublished":"2022-11-28T14:09:18+00:00","dateModified":"2026-03-06T07:32:20+00:00","breadcrumb":{"@id":"https:\/\/www.globber.com\/ch\/it\/product\/globber-nl-205-nero-rosso\/#breadcrumb"},"inLanguage":"it-CH","potentialAction":[{"@type":"ReadAction","target":["https:\/\/www.globber.com\/ch\/it\/product\/globber-nl-205-nero-rosso\/"]}]},{"@type":"ImageObject","inLanguage":"it-CH","@id":"https:\/\/www.globber.com\/ch\/it\/product\/globber-nl-205-nero-rosso\/#primaryimage","url":"https:\/\/cdn.globber.com\/content\/2022\/11\/63838b5105fc9.jpg","contentUrl":"https:\/\/cdn.globber.com\/content\/2022\/11\/63838b5105fc9.jpg","width":1920,"height":1920},{"@type":"BreadcrumbList","@id":"https:\/\/www.globber.com\/ch\/it\/product\/globber-nl-205-nero-rosso\/#breadcrumb","itemListElement":[{"@type":"ListItem","position":1,"name":"Shop","item":"https:\/\/www.globber.com\/ch\/it\/shop\/"},{"@type":"ListItem","position":2,"name":"Globber | NL 205 | Nero Rosso"}]},{"@type":"WebSite","@id":"https:\/\/www.globber.com\/ch\/fr\/#website","url":"https:\/\/www.globber.com\/ch\/fr\/","name":"Globber Scooter Schweiz","description":"Der offizielle Online Shop","publisher":{"@id":"https:\/\/www.globber.com\/ch\/fr\/#organization"},"potentialAction":[{"@type":"SearchAction","target":{"@type":"EntryPoint","urlTemplate":"https:\/\/www.globber.com\/ch\/fr\/?s={search_term_string}"},"query-input":{"@type":"PropertyValueSpecification","valueRequired":true,"valueName":"search_term_string"}}],"inLanguage":"it-CH"},{"@type":"Organization","@id":"https:\/\/www.globber.com\/ch\/fr\/#organization","name":"Globber Scooter Schweiz","url":"https:\/\/www.globber.com\/ch\/fr\/","logo":{"@type":"ImageObject","inLanguage":"it-CH","@id":"https:\/\/www.globber.com\/ch\/fr\/#\/schema\/logo\/image\/","url":"https:\/\/cdn.globber.com\/content\/2024\/05\/logo.svg","contentUrl":"https:\/\/cdn.globber.com\/content\/2024\/05\/logo.svg","width":601,"height":112,"caption":"Globber Scooter Schweiz"},"image":{"@id":"https:\/\/www.globber.com\/ch\/fr\/#\/schema\/logo\/image\/"}}]},"og_availability":"instock","product_availability":"instock","product_retailer_item_id":"684-XXX-2","product_condition":"new"},"_links":{"self":[{"href":"https:\/\/www.globber.com\/ch\/it\/wp-json\/wp\/v2\/product\/26290","targetHints":{"allow":["GET"]}}],"collection":[{"href":"https:\/\/www.globber.com\/ch\/it\/wp-json\/wp\/v2\/product"}],"about":[{"href":"https:\/\/www.globber.com\/ch\/it\/wp-json\/wp\/v2\/types\/product"}],"replies":[{"embeddable":true,"href":"https:\/\/www.globber.com\/ch\/it\/wp-json\/wp\/v2\/comments?post=26290"}],"wp:featuredmedia":[{"embeddable":true,"href":"https:\/\/www.globber.com\/ch\/it\/wp-json\/wp\/v2\/media\/22297"}],"wp:attachment":[{"href":"https:\/\/www.globber.com\/ch\/it\/wp-json\/wp\/v2\/media?parent=26290"}],"wp:term":[{"taxonomy":"product-special-badges","embeddable":true,"href":"https:\/\/www.globber.com\/ch\/it\/wp-json\/wp\/v2\/product-special-badges?post=26290"},{"taxonomy":"product_brand","embeddable":true,"href":"https:\/\/www.globber.com\/ch\/it\/wp-json\/wp\/v2\/product_brand?post=26290"},{"taxonomy":"product_cat","embeddable":true,"href":"https:\/\/www.globber.com\/ch\/it\/wp-json\/wp\/v2\/product_cat?post=26290"},{"taxonomy":"product_tag","embeddable":true,"href":"https:\/\/www.globber.com\/ch\/it\/wp-json\/wp\/v2\/product_tag?post=26290"}],"curies":[{"name":"wp","href":"https:\/\/api.w.org\/{rel}","templated":true}]}}