{"id":26303,"date":"2024-01-17T09:13:44","date_gmt":"2024-01-17T08:13:44","guid":{"rendered":"https:\/\/www.globber.com\/ch\/product\/go-up-sporty-lights\/"},"modified":"2026-01-20T04:52:08","modified_gmt":"2026-01-20T03:52:08","slug":"go-up-sporty-lights","status":"publish","type":"product","link":"https:\/\/www.globber.com\/ch\/it\/product\/go-up-sporty-lights\/","title":{"rendered":"GO UP Sporty Lights"},"content":{"rendered":"<p><p>Go and Grow! Con il miglior compagno di giochi nel periodo pi\u00f9 bello dell'infanzia: cavalcare, camminare o rotolare - semplicemente guidare, guidare, guidare! Il GO-UP SPORTY LIGHTS di Globber \u00e8 uno scooter a 3 ruote con sedile per bambini piccoli e bambini, che pu\u00f2 essere trasformato in un girello, una bicicletta senza pedali e uno scooter per bambini piccoli. Le modalit\u00e0 \u201cslittino\u201d e \u201cbicicletta senza pedali\u201d sono adatte a bambini piccoli di et\u00e0 compresa tra 15 e 36 mesi, mentre la modalit\u00e0 \u201cmonopattino\u201d \u00e8 consigliata per bambini di et\u00e0 compresa tra 3 e 7+ anni.<\/p>\n<p>GO-UP SPORTY LIGHTS \u00e8 dotato di un sistema di bloccaggio dello sterzo brevettato, un sedile e una barra a T regolabili, un ponte robusto e ruote luminose a LED senza batterie. Goditi serate di gioco senza fine con un amico d'infanzia che ti accompagner\u00e0 per gli anni a venire!<\/p>\n<p>GO-UP SPORTY LIGHTS \u00e8 composto per il 35-38% da plastica Global Recycled Standard (GRS)*.<\/p>\n<p>Il GRS \u00e8 lo standard internazionale per la certificazione della percentuale di materiale riciclato nei prodotti finiti, che garantisce la trasparenza dei materiali e promuove l'economia circolare.<\/p>\n<p>Utilizzando plastica riciclata certificata GRS nelle nostre collezioni a 3 ruote ed ECOLOGIC, da ottobre 2022 abbiamo riutilizzato un totale di oltre 118 tonnellate di bottiglie e bicchieri usati, reti da pesca recuperate, vecchi giocattoli e imbottiture. Per saperne di pi\u00f9.<\/p>\n<p>GO-UP SPORTY LIGHTS \u00e8 uno dei vincitori del National Parenting Center - Seal of Approval Winner.<\/p><\/p>\n","protected":false},"excerpt":{"rendered":"<p>Monopattino luminoso 3-in-1 con sedile per bambini piccoli (15 mesi \u2013 3+ anni).<\/p>\n","protected":false},"featured_media":26974,"comment_status":"closed","ping_status":"closed","template":"","meta":{"_acf_changed":false,"inline_featured_image":false},"product-special-badges":[],"product_brand":[],"product_cat":[6278,4799,4833,4840,4856],"product_tag":[],"class_list":{"0":"post-26303","1":"product","2":"type-product","3":"status-publish","4":"has-post-thumbnail","6":"product_cat-sale-it","7":"product_cat-serie-go-up","8":"product_cat-scooter-leggero","9":"product_cat-tricicli-per-bambini","10":"product_cat-prodotti-per-bambini-piccoli","11":"pa_altersspanne-15m-6y","12":"pa_color-pink-it","13":"pa_color-rosso","14":"pa_color-verde","15":"pa_empfohlene-benutzerhoehe-70-110-cm","16":"pa_faltbar-no-it","17":"pa_grose-der-brucke-b-11-5cm-x-l-54-5cm-it","18":"pa_hohen-der-t-stangen-67-5-72-5-77-5-cm-da-terra","19":"pa_maximales-benutzergewicht-modalita-bici-senza-pedali-da-20-kg-modalita-scooter-da-50-kg","20":"pa_produkttyp-mini-scooter","21":"pa_produkttyp-triciclo","22":"pa_sitzhoehen-23-30-cm-da-terra","24":"first","25":"instock","26":"sale","27":"taxable","28":"shipping-taxable","29":"purchasable","30":"product-type-variable"},"acf":[],"yoast_head":"<!-- This site is optimized with the Yoast SEO Premium plugin v20.12 (Yoast SEO v23.4) - https:\/\/yoast.com\/wordpress\/plugins\/seo\/ -->\n<title>GO UP Sporty Lights - Globber Scooter Schweiz<\/title>\n<meta name=\"robots\" content=\"index, follow, max-snippet:-1, max-image-preview:large, max-video-preview:-1\" \/>\n<link rel=\"canonical\" href=\"https:\/\/www.globber.com\/ch\/de\/product\/go-up-sporty-lights-2\/\" \/>\n<meta property=\"og:locale\" content=\"it_IT\" \/>\n<meta property=\"og:type\" content=\"article\" \/>\n<meta property=\"og:title\" content=\"GO UP Sporty Lights - Globber Scooter Schweiz\" \/>\n<meta property=\"og:description\" content=\"Monopattino luminoso 3-in-1 con sedile per bambini piccoli (15 mesi \u2013 3+ anni).\" \/>\n<meta property=\"og:url\" content=\"https:\/\/www.globber.com\/ch\/de\/product\/go-up-sporty-lights-2\/\" \/>\n<meta property=\"og:site_name\" content=\"Globber Scooter Schweiz\" \/>\n<meta property=\"article:modified_time\" content=\"2026-01-20T03:52:08+00:00\" \/>\n<meta property=\"og:image\" content=\"https:\/\/cdn.globber.com\/content\/sites\/41\/2024\/11\/67355b5c41295.jpg\" \/>\n\t<meta property=\"og:image:width\" content=\"2048\" \/>\n\t<meta property=\"og:image:height\" content=\"2048\" \/>\n\t<meta property=\"og:image:type\" content=\"image\/jpeg\" \/>\n<meta name=\"twitter:card\" content=\"summary_large_image\" \/>\n<meta name=\"twitter:label1\" content=\"Availability\" \/>\n\t<meta name=\"twitter:data1\" content=\"In stock\" \/>\n<script type=\"application\/ld+json\" class=\"yoast-schema-graph\">{\"@context\":\"https:\/\/schema.org\",\"@graph\":[{\"@type\":[\"WebPage\",\"ItemPage\"],\"@id\":\"https:\/\/www.globber.com\/ch\/de\/product\/go-up-sporty-lights-2\/\",\"url\":\"https:\/\/www.globber.com\/ch\/de\/product\/go-up-sporty-lights-2\/\",\"name\":\"GO UP Sporty Lights - Globber Scooter Schweiz\",\"isPartOf\":{\"@id\":\"https:\/\/www.globber.com\/ch\/fr\/#website\"},\"primaryImageOfPage\":{\"@id\":\"https:\/\/www.globber.com\/ch\/de\/product\/go-up-sporty-lights-2\/#primaryimage\"},\"image\":{\"@id\":\"https:\/\/www.globber.com\/ch\/de\/product\/go-up-sporty-lights-2\/#primaryimage\"},\"thumbnailUrl\":\"https:\/\/cdn.globber.com\/content\/sites\/41\/2024\/11\/67355b5c41295.jpg\",\"datePublished\":\"2024-01-17T08:13:44+00:00\",\"dateModified\":\"2026-01-20T03:52:08+00:00\",\"breadcrumb\":{\"@id\":\"https:\/\/www.globber.com\/ch\/de\/product\/go-up-sporty-lights-2\/#breadcrumb\"},\"inLanguage\":\"it-CH\",\"potentialAction\":[{\"@type\":\"ReadAction\",\"target\":[\"https:\/\/www.globber.com\/ch\/de\/product\/go-up-sporty-lights-2\/\"]}]},{\"@type\":\"ImageObject\",\"inLanguage\":\"it-CH\",\"@id\":\"https:\/\/www.globber.com\/ch\/de\/product\/go-up-sporty-lights-2\/#primaryimage\",\"url\":\"https:\/\/cdn.globber.com\/content\/sites\/41\/2024\/11\/67355b5c41295.jpg\",\"contentUrl\":\"https:\/\/cdn.globber.com\/content\/sites\/41\/2024\/11\/67355b5c41295.jpg\",\"width\":2048,\"height\":2048},{\"@type\":\"BreadcrumbList\",\"@id\":\"https:\/\/www.globber.com\/ch\/de\/product\/go-up-sporty-lights-2\/#breadcrumb\",\"itemListElement\":[{\"@type\":\"ListItem\",\"position\":1,\"name\":\"Shop\",\"item\":\"https:\/\/www.globber.com\/ch\/it\/shop\/\"},{\"@type\":\"ListItem\",\"position\":2,\"name\":\"GO UP Sporty Lights\"}]},{\"@type\":\"WebSite\",\"@id\":\"https:\/\/www.globber.com\/ch\/fr\/#website\",\"url\":\"https:\/\/www.globber.com\/ch\/fr\/\",\"name\":\"Globber Scooter Schweiz\",\"description\":\"Der offizielle Online Shop\",\"publisher\":{\"@id\":\"https:\/\/www.globber.com\/ch\/fr\/#organization\"},\"potentialAction\":[{\"@type\":\"SearchAction\",\"target\":{\"@type\":\"EntryPoint\",\"urlTemplate\":\"https:\/\/www.globber.com\/ch\/fr\/?s={search_term_string}\"},\"query-input\":{\"@type\":\"PropertyValueSpecification\",\"valueRequired\":true,\"valueName\":\"search_term_string\"}}],\"inLanguage\":\"it-CH\"},{\"@type\":\"Organization\",\"@id\":\"https:\/\/www.globber.com\/ch\/fr\/#organization\",\"name\":\"Globber Scooter Schweiz\",\"url\":\"https:\/\/www.globber.com\/ch\/fr\/\",\"logo\":{\"@type\":\"ImageObject\",\"inLanguage\":\"it-CH\",\"@id\":\"https:\/\/www.globber.com\/ch\/fr\/#\/schema\/logo\/image\/\",\"url\":\"https:\/\/cdn.globber.com\/content\/2024\/05\/logo.svg\",\"contentUrl\":\"https:\/\/cdn.globber.com\/content\/2024\/05\/logo.svg\",\"width\":601,\"height\":112,\"caption\":\"Globber Scooter Schweiz\"},\"image\":{\"@id\":\"https:\/\/www.globber.com\/ch\/fr\/#\/schema\/logo\/image\/\"}}]}<\/script>\n<meta property=\"og:availability\" content=\"instock\" \/>\n<meta property=\"product:availability\" content=\"instock\" \/>\n<meta property=\"product:retailer_item_id\" content=\"452-XXX-3S\" \/>\n<meta property=\"product:condition\" content=\"new\" \/>\n<!-- \/ Yoast SEO Premium plugin. -->","yoast_head_json":{"title":"GO UP Sporty Lights - Globber Scooter Schweiz","robots":{"index":"index","follow":"follow","max-snippet":"max-snippet:-1","max-image-preview":"max-image-preview:large","max-video-preview":"max-video-preview:-1"},"canonical":"https:\/\/www.globber.com\/ch\/de\/product\/go-up-sporty-lights-2\/","og_locale":"it_IT","og_type":"article","og_title":"GO UP Sporty Lights - Globber Scooter Schweiz","og_description":"Monopattino luminoso 3-in-1 con sedile per bambini piccoli (15 mesi \u2013 3+ anni).","og_url":"https:\/\/www.globber.com\/ch\/de\/product\/go-up-sporty-lights-2\/","og_site_name":"Globber Scooter Schweiz","article_modified_time":"2026-01-20T03:52:08+00:00","og_image":[{"width":2048,"height":2048,"url":"https:\/\/cdn.globber.com\/content\/sites\/41\/2024\/11\/67355b5c41295.jpg","type":"image\/jpeg"}],"twitter_card":"summary_large_image","twitter_misc":{"Availability":"In stock"},"schema":{"@context":"https:\/\/schema.org","@graph":[{"@type":["WebPage","ItemPage"],"@id":"https:\/\/www.globber.com\/ch\/de\/product\/go-up-sporty-lights-2\/","url":"https:\/\/www.globber.com\/ch\/de\/product\/go-up-sporty-lights-2\/","name":"GO UP Sporty Lights - Globber Scooter Schweiz","isPartOf":{"@id":"https:\/\/www.globber.com\/ch\/fr\/#website"},"primaryImageOfPage":{"@id":"https:\/\/www.globber.com\/ch\/de\/product\/go-up-sporty-lights-2\/#primaryimage"},"image":{"@id":"https:\/\/www.globber.com\/ch\/de\/product\/go-up-sporty-lights-2\/#primaryimage"},"thumbnailUrl":"https:\/\/cdn.globber.com\/content\/sites\/41\/2024\/11\/67355b5c41295.jpg","datePublished":"2024-01-17T08:13:44+00:00","dateModified":"2026-01-20T03:52:08+00:00","breadcrumb":{"@id":"https:\/\/www.globber.com\/ch\/de\/product\/go-up-sporty-lights-2\/#breadcrumb"},"inLanguage":"it-CH","potentialAction":[{"@type":"ReadAction","target":["https:\/\/www.globber.com\/ch\/de\/product\/go-up-sporty-lights-2\/"]}]},{"@type":"ImageObject","inLanguage":"it-CH","@id":"https:\/\/www.globber.com\/ch\/de\/product\/go-up-sporty-lights-2\/#primaryimage","url":"https:\/\/cdn.globber.com\/content\/sites\/41\/2024\/11\/67355b5c41295.jpg","contentUrl":"https:\/\/cdn.globber.com\/content\/sites\/41\/2024\/11\/67355b5c41295.jpg","width":2048,"height":2048},{"@type":"BreadcrumbList","@id":"https:\/\/www.globber.com\/ch\/de\/product\/go-up-sporty-lights-2\/#breadcrumb","itemListElement":[{"@type":"ListItem","position":1,"name":"Shop","item":"https:\/\/www.globber.com\/ch\/it\/shop\/"},{"@type":"ListItem","position":2,"name":"GO UP Sporty Lights"}]},{"@type":"WebSite","@id":"https:\/\/www.globber.com\/ch\/fr\/#website","url":"https:\/\/www.globber.com\/ch\/fr\/","name":"Globber Scooter Schweiz","description":"Der offizielle Online Shop","publisher":{"@id":"https:\/\/www.globber.com\/ch\/fr\/#organization"},"potentialAction":[{"@type":"SearchAction","target":{"@type":"EntryPoint","urlTemplate":"https:\/\/www.globber.com\/ch\/fr\/?s={search_term_string}"},"query-input":{"@type":"PropertyValueSpecification","valueRequired":true,"valueName":"search_term_string"}}],"inLanguage":"it-CH"},{"@type":"Organization","@id":"https:\/\/www.globber.com\/ch\/fr\/#organization","name":"Globber Scooter Schweiz","url":"https:\/\/www.globber.com\/ch\/fr\/","logo":{"@type":"ImageObject","inLanguage":"it-CH","@id":"https:\/\/www.globber.com\/ch\/fr\/#\/schema\/logo\/image\/","url":"https:\/\/cdn.globber.com\/content\/2024\/05\/logo.svg","contentUrl":"https:\/\/cdn.globber.com\/content\/2024\/05\/logo.svg","width":601,"height":112,"caption":"Globber Scooter Schweiz"},"image":{"@id":"https:\/\/www.globber.com\/ch\/fr\/#\/schema\/logo\/image\/"}}]},"og_availability":"instock","product_availability":"instock","product_retailer_item_id":"452-XXX-3S","product_condition":"new"},"_links":{"self":[{"href":"https:\/\/www.globber.com\/ch\/it\/wp-json\/wp\/v2\/product\/26303","targetHints":{"allow":["GET"]}}],"collection":[{"href":"https:\/\/www.globber.com\/ch\/it\/wp-json\/wp\/v2\/product"}],"about":[{"href":"https:\/\/www.globber.com\/ch\/it\/wp-json\/wp\/v2\/types\/product"}],"replies":[{"embeddable":true,"href":"https:\/\/www.globber.com\/ch\/it\/wp-json\/wp\/v2\/comments?post=26303"}],"wp:featuredmedia":[{"embeddable":true,"href":"https:\/\/www.globber.com\/ch\/it\/wp-json\/wp\/v2\/media\/26974"}],"wp:attachment":[{"href":"https:\/\/www.globber.com\/ch\/it\/wp-json\/wp\/v2\/media?parent=26303"}],"wp:term":[{"taxonomy":"product-special-badges","embeddable":true,"href":"https:\/\/www.globber.com\/ch\/it\/wp-json\/wp\/v2\/product-special-badges?post=26303"},{"taxonomy":"product_brand","embeddable":true,"href":"https:\/\/www.globber.com\/ch\/it\/wp-json\/wp\/v2\/product_brand?post=26303"},{"taxonomy":"product_cat","embeddable":true,"href":"https:\/\/www.globber.com\/ch\/it\/wp-json\/wp\/v2\/product_cat?post=26303"},{"taxonomy":"product_tag","embeddable":true,"href":"https:\/\/www.globber.com\/ch\/it\/wp-json\/wp\/v2\/product_tag?post=26303"}],"curies":[{"name":"wp","href":"https:\/\/api.w.org\/{rel}","templated":true}]}}