{"id":26304,"date":"2023-11-28T10:12:59","date_gmt":"2023-11-28T09:12:59","guid":{"rendered":"https:\/\/www.globber.com\/ch\/product\/globber-city-scooter-flow-foldable-junior-menta\/"},"modified":"2026-03-06T08:31:45","modified_gmt":"2026-03-06T07:31:45","slug":"globber-city-scooter-flow-foldable-junior-menta","status":"publish","type":"product","link":"https:\/\/www.globber.com\/ch\/it\/product\/globber-city-scooter-flow-foldable-junior-menta\/","title":{"rendered":"Globber City Scooter | Flow Foldable Junior | Menta"},"content":{"rendered":"<p>Mostra le tue abilit\u00e0 su un monopattino a 2 ruote, progettato appositamente per bambini dai 3 anni in su. FLOW FOLDABLE JUNIOR LIGHTS \u00e8 il miglior monopattino pieghevole a 2 ruote per bambini che hanno gi\u00e0 superato il loro primo monopattino a 3 ruote e sono pronti per un'esperienza di guida a 2 ruote pi\u00f9 avanzata. Elimina la ruota aggiuntiva e guida come un piccolo professionista!<\/p>\n<p>Grazie al meccanismo di piegatura integrato di Globber, al design robusto del ponte, alla struttura del freno stabile, al manubrio regolabile e alle ruote LED senza batteria, il monopattino a 2 ruote FLOW FOLDABLE JUNIOR LIGHTS offre corse sicure, confortevoli e luminose per bambini in crescita!<\/p>\n","protected":false},"excerpt":{"rendered":"<p class=\"p1\"><strong>Monopattino pieghevole a 2 ruote per bambini (dai 3 anni in su)<\/strong><\/p>\n","protected":false},"featured_media":27305,"comment_status":"open","ping_status":"closed","template":"","meta":{"_acf_changed":false,"inline_featured_image":false},"product-special-badges":[],"product_brand":[],"product_cat":[4772,4791,4783,4787,4809,4817,4820,4833,4851,4852],"product_tag":[],"class_list":{"0":"post-26304","1":"product","2":"type-product","3":"status-publish","4":"has-post-thumbnail","6":"product_cat-serie-flow","7":"product_cat-tutti-i-prodotti","8":"product_cat-monopattino-a-2-ruote-per-tutte-le-eta","9":"product_cat-biciclette-a-2-ruote-per-bambini","10":"product_cat-flow-serie-tutti-gli-adolescenti","11":"product_cat-serie-flow-serie-per-tutti-gli-adulti","12":"product_cat-monopattino-pieghevole","13":"product_cat-scooter-leggero","14":"product_cat-scooter-per-adolescenti","15":"product_cat-scooter-per-bambini","16":"pa_altersspanne-3-anni","17":"pa_bremsen-composizione-del-freno-posteriore-meccanico","18":"pa_color-blue-it","19":"pa_color-menta","20":"pa_color-rosa","21":"pa_deckmaterial-composito-pp-fibra-telaio-in-alluminio-nastro-antiscivolo","22":"pa_einstellbar-si","23":"pa_empfohlene-benutzerhoehe-95-130-centimetri","24":"pa_faltbar-yes-it","25":"pa_groesse-der-raeder-pu-guss-mit-hoher-rueckfederung-it","26":"pa_grose-der-brucke-w-13cm-x-l-42cm-it","27":"pa_hohen-der-t-stangen-72-5-77-5-82-5cm","28":"pa_maximales-benutzergewicht-50-kg","29":"pa_product-badges-beleuchtete-it","30":"pa_product-badges-einstellbar-it","31":"pa_product-badges-robust-it","32":"pa_product-badges-zusammenklappbar-it","33":"pa_produktgewicht-netto-3-50-kg","34":"pa_produkttyp-city-scooter","35":"pa_radgrose-121-mm-24-mm-larghezza-anteriore","36":"pa_radgrose-121mm-24mm-larghezza-posteriore","38":"first","39":"instock","40":"taxable","41":"shipping-taxable","42":"purchasable","43":"product-type-variable"},"acf":[],"yoast_head":"<!-- This site is optimized with the Yoast SEO Premium plugin v20.12 (Yoast SEO v23.4) - https:\/\/yoast.com\/wordpress\/plugins\/seo\/ -->\n<title>Globber City Scooter | Flow Foldable Junior | Menta - Globber Scooter Schweiz<\/title>\n<meta name=\"robots\" content=\"index, follow, max-snippet:-1, max-image-preview:large, max-video-preview:-1\" \/>\n<link rel=\"canonical\" href=\"https:\/\/www.globber.com\/ch\/it\/product\/globber-city-scooter-flow-foldable-junior-menta\/\" \/>\n<meta property=\"og:locale\" content=\"it_IT\" \/>\n<meta property=\"og:type\" content=\"article\" \/>\n<meta property=\"og:title\" content=\"Globber City Scooter | Flow Foldable Junior | Menta - Globber Scooter Schweiz\" \/>\n<meta property=\"og:description\" content=\"Monopattino pieghevole a 2 ruote per bambini (dai 3 anni in su)\" \/>\n<meta property=\"og:url\" content=\"https:\/\/www.globber.com\/ch\/it\/product\/globber-city-scooter-flow-foldable-junior-menta\/\" \/>\n<meta property=\"og:site_name\" content=\"Globber Scooter Schweiz\" \/>\n<meta property=\"article:modified_time\" content=\"2026-03-06T07:31:45+00:00\" \/>\n<meta property=\"og:image\" content=\"https:\/\/cdn.globber.com\/content\/2023\/11\/870-206_two-wheel-scooter-for-kids.jpg\" \/>\n\t<meta property=\"og:image:width\" content=\"2048\" \/>\n\t<meta property=\"og:image:height\" content=\"2048\" \/>\n\t<meta property=\"og:image:type\" content=\"image\/jpeg\" \/>\n<meta name=\"twitter:card\" content=\"summary_large_image\" \/>\n<meta name=\"twitter:label1\" content=\"Availability\" \/>\n\t<meta name=\"twitter:data1\" content=\"In stock\" \/>\n<script type=\"application\/ld+json\" class=\"yoast-schema-graph\">{\"@context\":\"https:\/\/schema.org\",\"@graph\":[{\"@type\":[\"WebPage\",\"ItemPage\"],\"@id\":\"https:\/\/www.globber.com\/ch\/it\/product\/globber-city-scooter-flow-foldable-junior-menta\/\",\"url\":\"https:\/\/www.globber.com\/ch\/it\/product\/globber-city-scooter-flow-foldable-junior-menta\/\",\"name\":\"Globber City Scooter | Flow Foldable Junior | Menta - Globber Scooter Schweiz\",\"isPartOf\":{\"@id\":\"https:\/\/www.globber.com\/ch\/fr\/#website\"},\"primaryImageOfPage\":{\"@id\":\"https:\/\/www.globber.com\/ch\/it\/product\/globber-city-scooter-flow-foldable-junior-menta\/#primaryimage\"},\"image\":{\"@id\":\"https:\/\/www.globber.com\/ch\/it\/product\/globber-city-scooter-flow-foldable-junior-menta\/#primaryimage\"},\"thumbnailUrl\":\"https:\/\/cdn.globber.com\/content\/2023\/11\/870-206_two-wheel-scooter-for-kids.jpg\",\"datePublished\":\"2023-11-28T09:12:59+00:00\",\"dateModified\":\"2026-03-06T07:31:45+00:00\",\"breadcrumb\":{\"@id\":\"https:\/\/www.globber.com\/ch\/it\/product\/globber-city-scooter-flow-foldable-junior-menta\/#breadcrumb\"},\"inLanguage\":\"it-CH\",\"potentialAction\":[{\"@type\":\"ReadAction\",\"target\":[\"https:\/\/www.globber.com\/ch\/it\/product\/globber-city-scooter-flow-foldable-junior-menta\/\"]}]},{\"@type\":\"ImageObject\",\"inLanguage\":\"it-CH\",\"@id\":\"https:\/\/www.globber.com\/ch\/it\/product\/globber-city-scooter-flow-foldable-junior-menta\/#primaryimage\",\"url\":\"https:\/\/cdn.globber.com\/content\/2023\/11\/870-206_two-wheel-scooter-for-kids.jpg\",\"contentUrl\":\"https:\/\/cdn.globber.com\/content\/2023\/11\/870-206_two-wheel-scooter-for-kids.jpg\",\"width\":2048,\"height\":2048},{\"@type\":\"BreadcrumbList\",\"@id\":\"https:\/\/www.globber.com\/ch\/it\/product\/globber-city-scooter-flow-foldable-junior-menta\/#breadcrumb\",\"itemListElement\":[{\"@type\":\"ListItem\",\"position\":1,\"name\":\"Shop\",\"item\":\"https:\/\/www.globber.com\/ch\/it\/shop\/\"},{\"@type\":\"ListItem\",\"position\":2,\"name\":\"Globber City Scooter | Flow Foldable Junior | Menta\"}]},{\"@type\":\"WebSite\",\"@id\":\"https:\/\/www.globber.com\/ch\/fr\/#website\",\"url\":\"https:\/\/www.globber.com\/ch\/fr\/\",\"name\":\"Globber Scooter Schweiz\",\"description\":\"Der offizielle Online Shop\",\"publisher\":{\"@id\":\"https:\/\/www.globber.com\/ch\/fr\/#organization\"},\"potentialAction\":[{\"@type\":\"SearchAction\",\"target\":{\"@type\":\"EntryPoint\",\"urlTemplate\":\"https:\/\/www.globber.com\/ch\/fr\/?s={search_term_string}\"},\"query-input\":{\"@type\":\"PropertyValueSpecification\",\"valueRequired\":true,\"valueName\":\"search_term_string\"}}],\"inLanguage\":\"it-CH\"},{\"@type\":\"Organization\",\"@id\":\"https:\/\/www.globber.com\/ch\/fr\/#organization\",\"name\":\"Globber Scooter Schweiz\",\"url\":\"https:\/\/www.globber.com\/ch\/fr\/\",\"logo\":{\"@type\":\"ImageObject\",\"inLanguage\":\"it-CH\",\"@id\":\"https:\/\/www.globber.com\/ch\/fr\/#\/schema\/logo\/image\/\",\"url\":\"https:\/\/cdn.globber.com\/content\/2024\/05\/logo.svg\",\"contentUrl\":\"https:\/\/cdn.globber.com\/content\/2024\/05\/logo.svg\",\"width\":601,\"height\":112,\"caption\":\"Globber Scooter Schweiz\"},\"image\":{\"@id\":\"https:\/\/www.globber.com\/ch\/fr\/#\/schema\/logo\/image\/\"}}]}<\/script>\n<meta property=\"og:availability\" content=\"instock\" \/>\n<meta property=\"product:availability\" content=\"instock\" \/>\n<meta property=\"product:retailer_item_id\" content=\"870-XXX\" \/>\n<meta property=\"product:condition\" content=\"new\" \/>\n<!-- \/ Yoast SEO Premium plugin. -->","yoast_head_json":{"title":"Globber City Scooter | Flow Foldable Junior | Menta - Globber Scooter Schweiz","robots":{"index":"index","follow":"follow","max-snippet":"max-snippet:-1","max-image-preview":"max-image-preview:large","max-video-preview":"max-video-preview:-1"},"canonical":"https:\/\/www.globber.com\/ch\/it\/product\/globber-city-scooter-flow-foldable-junior-menta\/","og_locale":"it_IT","og_type":"article","og_title":"Globber City Scooter | Flow Foldable Junior | Menta - Globber Scooter Schweiz","og_description":"Monopattino pieghevole a 2 ruote per bambini (dai 3 anni in su)","og_url":"https:\/\/www.globber.com\/ch\/it\/product\/globber-city-scooter-flow-foldable-junior-menta\/","og_site_name":"Globber Scooter Schweiz","article_modified_time":"2026-03-06T07:31:45+00:00","og_image":[{"width":2048,"height":2048,"url":"https:\/\/cdn.globber.com\/content\/2023\/11\/870-206_two-wheel-scooter-for-kids.jpg","type":"image\/jpeg"}],"twitter_card":"summary_large_image","twitter_misc":{"Availability":"In stock"},"schema":{"@context":"https:\/\/schema.org","@graph":[{"@type":["WebPage","ItemPage"],"@id":"https:\/\/www.globber.com\/ch\/it\/product\/globber-city-scooter-flow-foldable-junior-menta\/","url":"https:\/\/www.globber.com\/ch\/it\/product\/globber-city-scooter-flow-foldable-junior-menta\/","name":"Globber City Scooter | Flow Foldable Junior | Menta - Globber Scooter Schweiz","isPartOf":{"@id":"https:\/\/www.globber.com\/ch\/fr\/#website"},"primaryImageOfPage":{"@id":"https:\/\/www.globber.com\/ch\/it\/product\/globber-city-scooter-flow-foldable-junior-menta\/#primaryimage"},"image":{"@id":"https:\/\/www.globber.com\/ch\/it\/product\/globber-city-scooter-flow-foldable-junior-menta\/#primaryimage"},"thumbnailUrl":"https:\/\/cdn.globber.com\/content\/2023\/11\/870-206_two-wheel-scooter-for-kids.jpg","datePublished":"2023-11-28T09:12:59+00:00","dateModified":"2026-03-06T07:31:45+00:00","breadcrumb":{"@id":"https:\/\/www.globber.com\/ch\/it\/product\/globber-city-scooter-flow-foldable-junior-menta\/#breadcrumb"},"inLanguage":"it-CH","potentialAction":[{"@type":"ReadAction","target":["https:\/\/www.globber.com\/ch\/it\/product\/globber-city-scooter-flow-foldable-junior-menta\/"]}]},{"@type":"ImageObject","inLanguage":"it-CH","@id":"https:\/\/www.globber.com\/ch\/it\/product\/globber-city-scooter-flow-foldable-junior-menta\/#primaryimage","url":"https:\/\/cdn.globber.com\/content\/2023\/11\/870-206_two-wheel-scooter-for-kids.jpg","contentUrl":"https:\/\/cdn.globber.com\/content\/2023\/11\/870-206_two-wheel-scooter-for-kids.jpg","width":2048,"height":2048},{"@type":"BreadcrumbList","@id":"https:\/\/www.globber.com\/ch\/it\/product\/globber-city-scooter-flow-foldable-junior-menta\/#breadcrumb","itemListElement":[{"@type":"ListItem","position":1,"name":"Shop","item":"https:\/\/www.globber.com\/ch\/it\/shop\/"},{"@type":"ListItem","position":2,"name":"Globber City Scooter | Flow Foldable Junior | Menta"}]},{"@type":"WebSite","@id":"https:\/\/www.globber.com\/ch\/fr\/#website","url":"https:\/\/www.globber.com\/ch\/fr\/","name":"Globber Scooter Schweiz","description":"Der offizielle Online Shop","publisher":{"@id":"https:\/\/www.globber.com\/ch\/fr\/#organization"},"potentialAction":[{"@type":"SearchAction","target":{"@type":"EntryPoint","urlTemplate":"https:\/\/www.globber.com\/ch\/fr\/?s={search_term_string}"},"query-input":{"@type":"PropertyValueSpecification","valueRequired":true,"valueName":"search_term_string"}}],"inLanguage":"it-CH"},{"@type":"Organization","@id":"https:\/\/www.globber.com\/ch\/fr\/#organization","name":"Globber Scooter Schweiz","url":"https:\/\/www.globber.com\/ch\/fr\/","logo":{"@type":"ImageObject","inLanguage":"it-CH","@id":"https:\/\/www.globber.com\/ch\/fr\/#\/schema\/logo\/image\/","url":"https:\/\/cdn.globber.com\/content\/2024\/05\/logo.svg","contentUrl":"https:\/\/cdn.globber.com\/content\/2024\/05\/logo.svg","width":601,"height":112,"caption":"Globber Scooter Schweiz"},"image":{"@id":"https:\/\/www.globber.com\/ch\/fr\/#\/schema\/logo\/image\/"}}]},"og_availability":"instock","product_availability":"instock","product_retailer_item_id":"870-XXX","product_condition":"new"},"_links":{"self":[{"href":"https:\/\/www.globber.com\/ch\/it\/wp-json\/wp\/v2\/product\/26304","targetHints":{"allow":["GET"]}}],"collection":[{"href":"https:\/\/www.globber.com\/ch\/it\/wp-json\/wp\/v2\/product"}],"about":[{"href":"https:\/\/www.globber.com\/ch\/it\/wp-json\/wp\/v2\/types\/product"}],"replies":[{"embeddable":true,"href":"https:\/\/www.globber.com\/ch\/it\/wp-json\/wp\/v2\/comments?post=26304"}],"wp:featuredmedia":[{"embeddable":true,"href":"https:\/\/www.globber.com\/ch\/it\/wp-json\/wp\/v2\/media\/27305"}],"wp:attachment":[{"href":"https:\/\/www.globber.com\/ch\/it\/wp-json\/wp\/v2\/media?parent=26304"}],"wp:term":[{"taxonomy":"product-special-badges","embeddable":true,"href":"https:\/\/www.globber.com\/ch\/it\/wp-json\/wp\/v2\/product-special-badges?post=26304"},{"taxonomy":"product_brand","embeddable":true,"href":"https:\/\/www.globber.com\/ch\/it\/wp-json\/wp\/v2\/product_brand?post=26304"},{"taxonomy":"product_cat","embeddable":true,"href":"https:\/\/www.globber.com\/ch\/it\/wp-json\/wp\/v2\/product_cat?post=26304"},{"taxonomy":"product_tag","embeddable":true,"href":"https:\/\/www.globber.com\/ch\/it\/wp-json\/wp\/v2\/product_tag?post=26304"}],"curies":[{"name":"wp","href":"https:\/\/api.w.org\/{rel}","templated":true}]}}