{"id":26307,"date":"2023-11-29T10:12:45","date_gmt":"2026-01-14T07:20:49","guid":{"rendered":"https:\/\/www.globber.com\/ch\/product\/go-up-active-ecologic\/"},"modified":"2026-01-14T08:20:52","modified_gmt":"2026-01-14T07:20:52","slug":"go-up-active-ecologic","status":"publish","type":"product","link":"https:\/\/www.globber.com\/ch\/it\/product\/go-up-active-ecologic\/","title":{"rendered":"GO UP Active Ecologic"},"content":{"rendered":"<p><p data-start=\"0\" data-end=\"287\">Un mondo pi\u00f9 verde su ruote: GO\u2022UP ACTIVE ECOLOGIC aiuta le famiglie di tutto il mondo ad abbracciare valori sostenibili e a fare scelte rispettose dell'ambiente. \u00c8 realizzato al 100% in plastica riciclata certificata GRS e paglia di grano biodegradabile*.<\/p>\n<p data-start=\"289\" data-end=\"527\">Questo monopattino ecologico a 3 ruote con seduta per bambini piccoli e ragazzi pu\u00f2 essere convertito in tre modalit\u00e0 a seconda dell'et\u00e0 e dello stadio di sviluppo:<\/p>\n<ul>\n<li data-start=\"289\" data-end=\"527\">Cavalcabile (15\u201336 mesi)<\/li>\n<li data-start=\"289\" data-end=\"527\">Bici senza pedali (15\u201336 mesi)<\/li>\n<li data-start=\"289\" data-end=\"527\">Monopattino per bambini (3\u20139 anni+)<\/li>\n<\/ul>\n<p data-start=\"529\" data-end=\"728\">GO\u2022UP ACTIVE ECOLOGIC offre la stessa stabilit\u00e0 e qualit\u00e0 dell'iconico originale, ma utilizza materiali pi\u00f9 sostenibili, per un impatto ecologico ridotto.<\/p>\n<p data-start=\"730\" data-end=\"940\">Goditi pomeriggi di gioco ecosostenibili con un compagno fedele per gli anni a venire: che si tratti di scivolare, andare in bicicletta o andare in monopattino, inizia con la plastica GRS e la paglia di grano biodegradabile!<\/p>\n<p data-start=\"947\" data-end=\"1092\">GO\u2022UP ACTIVE ECOLOGIC \u00e8 realizzato al 100% in plastica certificata GRS e paglia di grano biodegradabile*.<\/p>\n<p data-start=\"1094\" data-end=\"1344\">GRS (Global Recycled Standard) \u00e8 un protocollo di certificazione internazionale che conferma il contenuto riciclato nei prodotti finiti. L'utilizzo di plastica GRS riduce i rifiuti in discarica e riduce al minimo l'impatto ambientale della produzione.<\/p>\n<p data-start=\"1346\" data-end=\"1499\">La paglia di grano \u00e8 una bioplastica rinnovabile al 100%. \u00c8 biodegradabile, riduce i rifiuti e supporta la degradazione di altre materie plastiche.<\/p>\n<p data-start=\"1506\" data-end=\"1579\">Scegli Globber. Scegli il verde.<br data-start=\"1536\" data-end=\"1539\"> *Incluso in componenti selezionati.<\/p><\/p>\n","protected":false},"excerpt":{"rendered":"<p data-start=\"0\" data-end=\"186\">Monopattino ecologico tutto-in-uno con sedile per bambini piccoli (15 mesi \u2013 3+ anni), realizzato in plastica riciclata certificata al 100% GRS e paglia di grano biodegradabile*<\/p>\n<p data-start=\"188\" data-end=\"227\">*Inclusa in componenti selezionati<\/p>\n","protected":false},"featured_media":20646,"comment_status":"closed","ping_status":"open","template":"","meta":{"_acf_changed":false,"inline_featured_image":false},"product-special-badges":[],"product_brand":[],"product_cat":[4778,4799,4820,4828,4840,4842,4856],"product_tag":[],"class_list":{"0":"post-26307","1":"product","2":"type-product","3":"status-publish","4":"has-post-thumbnail","6":"product_cat-collezione-ecologica","7":"product_cat-serie-go-up","8":"product_cat-monopattino-pieghevole","9":"product_cat-scooter-con-sedile","10":"product_cat-tricicli-per-bambini","11":"product_cat-monopattino-a-3-ruote-per-tutte-le-eta","12":"product_cat-prodotti-per-bambini-piccoli","13":"pa_altersspanne-15m-9y","14":"pa_bremsen-composizione-del-freno-posteriore-meccanico","15":"pa_color-beige","16":"pa_color-blu","17":"pa_color-menta","18":"pa_color-rosa","19":"pa_deckmaterial-100-gr-plastica-biodegradabile-paglia-di-grano-fibra-pp-telaio-metallico","20":"pa_einstellbar-si","21":"pa_empfohlene-benutzerhoehe-75-120-centimetri","22":"pa_faltbar-yes-it","23":"pa_groesse-der-raeder-121-mm-anteriore-24-mm-di-larghezza","24":"pa_groesse-der-raeder-80-mm-posteriore-24-mm-di-larghezza","25":"pa_groesse-der-raeder-pu-guss-mit-hoher-rueckfederung-it","26":"pa_grose-der-brucke-b-12-5cm-x-l-54-5cm-it","27":"pa_hohen-der-t-stangen-67-5-72-5-77-5-82-5cm-da-terra","28":"pa_maximales-benutzergewicht-modalita-bici-senza-pedali-da-20-kg-modalita-scooter-da-50-kg","29":"pa_produktgewicht-netto-3-86-kg","30":"pa_produkttyp-mini-scooter","31":"pa_produkttyp-triciclo","32":"pa_sitzhoehen-25-5-cm-o-29-cm-da-terra","34":"first","35":"instock","36":"taxable","37":"shipping-taxable","38":"purchasable","39":"product-type-variable"},"acf":[],"yoast_head":"<!-- This site is optimized with the Yoast SEO Premium plugin v20.12 (Yoast SEO v23.4) - https:\/\/yoast.com\/wordpress\/plugins\/seo\/ -->\n<title>GO UP Active Ecologic - Globber Scooter Schweiz<\/title>\n<meta name=\"robots\" content=\"index, follow, max-snippet:-1, max-image-preview:large, max-video-preview:-1\" \/>\n<link rel=\"canonical\" href=\"https:\/\/www.globber.com\/ch\/it\/product\/go-up-active-ecologic\/\" \/>\n<meta property=\"og:locale\" content=\"it_IT\" \/>\n<meta property=\"og:type\" content=\"article\" \/>\n<meta property=\"og:title\" content=\"GO UP Active Ecologic - Globber Scooter Schweiz\" \/>\n<meta property=\"og:description\" content=\"Monopattino ecologico tutto-in-uno con sedile per bambini piccoli (15 mesi \u2013 3+ anni), realizzato in plastica riciclata certificata al 100% GRS e paglia di grano biodegradabile* *Inclusa in componenti selezionati\" \/>\n<meta property=\"og:url\" content=\"https:\/\/www.globber.com\/ch\/it\/product\/go-up-active-ecologic\/\" \/>\n<meta property=\"og:site_name\" content=\"Globber Scooter Schweiz\" \/>\n<meta property=\"article:modified_time\" content=\"2026-01-14T07:20:52+00:00\" \/>\n<meta property=\"og:image\" content=\"https:\/\/cdn.globber.com\/content\/sites\/21\/2023\/11\/740-501_stages-all_rgb.jpg\" \/>\n\t<meta property=\"og:image:width\" content=\"2048\" \/>\n\t<meta property=\"og:image:height\" content=\"2048\" \/>\n\t<meta property=\"og:image:type\" content=\"image\/jpeg\" \/>\n<meta name=\"twitter:card\" content=\"summary_large_image\" \/>\n<meta name=\"twitter:label1\" content=\"Availability\" \/>\n\t<meta name=\"twitter:data1\" content=\"In stock\" \/>\n<script type=\"application\/ld+json\" class=\"yoast-schema-graph\">{\"@context\":\"https:\/\/schema.org\",\"@graph\":[{\"@type\":[\"WebPage\",\"ItemPage\"],\"@id\":\"https:\/\/www.globber.com\/ch\/it\/product\/go-up-active-ecologic\/\",\"url\":\"https:\/\/www.globber.com\/ch\/it\/product\/go-up-active-ecologic\/\",\"name\":\"GO UP Active Ecologic - Globber Scooter Schweiz\",\"isPartOf\":{\"@id\":\"https:\/\/www.globber.com\/ch\/fr\/#website\"},\"primaryImageOfPage\":{\"@id\":\"https:\/\/www.globber.com\/ch\/it\/product\/go-up-active-ecologic\/#primaryimage\"},\"image\":{\"@id\":\"https:\/\/www.globber.com\/ch\/it\/product\/go-up-active-ecologic\/#primaryimage\"},\"thumbnailUrl\":\"https:\/\/cdn.globber.com\/content\/sites\/21\/2023\/11\/740-501_stages-all_rgb.jpg\",\"datePublished\":\"2026-01-14T07:20:49+00:00\",\"dateModified\":\"2026-01-14T07:20:52+00:00\",\"breadcrumb\":{\"@id\":\"https:\/\/www.globber.com\/ch\/it\/product\/go-up-active-ecologic\/#breadcrumb\"},\"inLanguage\":\"it-CH\",\"potentialAction\":[{\"@type\":\"ReadAction\",\"target\":[\"https:\/\/www.globber.com\/ch\/it\/product\/go-up-active-ecologic\/\"]}]},{\"@type\":\"ImageObject\",\"inLanguage\":\"it-CH\",\"@id\":\"https:\/\/www.globber.com\/ch\/it\/product\/go-up-active-ecologic\/#primaryimage\",\"url\":\"https:\/\/cdn.globber.com\/content\/sites\/21\/2023\/11\/740-501_stages-all_rgb.jpg\",\"contentUrl\":\"https:\/\/cdn.globber.com\/content\/sites\/21\/2023\/11\/740-501_stages-all_rgb.jpg\",\"width\":2048,\"height\":2048},{\"@type\":\"BreadcrumbList\",\"@id\":\"https:\/\/www.globber.com\/ch\/it\/product\/go-up-active-ecologic\/#breadcrumb\",\"itemListElement\":[{\"@type\":\"ListItem\",\"position\":1,\"name\":\"Shop\",\"item\":\"https:\/\/www.globber.com\/ch\/it\/shop\/\"},{\"@type\":\"ListItem\",\"position\":2,\"name\":\"GO UP Active Ecologic\"}]},{\"@type\":\"WebSite\",\"@id\":\"https:\/\/www.globber.com\/ch\/fr\/#website\",\"url\":\"https:\/\/www.globber.com\/ch\/fr\/\",\"name\":\"Globber Scooter Schweiz\",\"description\":\"Der offizielle Online Shop\",\"publisher\":{\"@id\":\"https:\/\/www.globber.com\/ch\/fr\/#organization\"},\"potentialAction\":[{\"@type\":\"SearchAction\",\"target\":{\"@type\":\"EntryPoint\",\"urlTemplate\":\"https:\/\/www.globber.com\/ch\/fr\/?s={search_term_string}\"},\"query-input\":{\"@type\":\"PropertyValueSpecification\",\"valueRequired\":true,\"valueName\":\"search_term_string\"}}],\"inLanguage\":\"it-CH\"},{\"@type\":\"Organization\",\"@id\":\"https:\/\/www.globber.com\/ch\/fr\/#organization\",\"name\":\"Globber Scooter Schweiz\",\"url\":\"https:\/\/www.globber.com\/ch\/fr\/\",\"logo\":{\"@type\":\"ImageObject\",\"inLanguage\":\"it-CH\",\"@id\":\"https:\/\/www.globber.com\/ch\/fr\/#\/schema\/logo\/image\/\",\"url\":\"https:\/\/cdn.globber.com\/content\/2024\/05\/logo.svg\",\"contentUrl\":\"https:\/\/cdn.globber.com\/content\/2024\/05\/logo.svg\",\"width\":601,\"height\":112,\"caption\":\"Globber Scooter Schweiz\"},\"image\":{\"@id\":\"https:\/\/www.globber.com\/ch\/fr\/#\/schema\/logo\/image\/\"}}]}<\/script>\n<meta property=\"og:availability\" content=\"instock\" \/>\n<meta property=\"product:availability\" content=\"instock\" \/>\n<meta property=\"product:retailer_item_id\" content=\"740-XXX\" \/>\n<meta property=\"product:condition\" content=\"new\" \/>\n<!-- \/ Yoast SEO Premium plugin. -->","yoast_head_json":{"title":"GO UP Active Ecologic - Globber Scooter Schweiz","robots":{"index":"index","follow":"follow","max-snippet":"max-snippet:-1","max-image-preview":"max-image-preview:large","max-video-preview":"max-video-preview:-1"},"canonical":"https:\/\/www.globber.com\/ch\/it\/product\/go-up-active-ecologic\/","og_locale":"it_IT","og_type":"article","og_title":"GO UP Active Ecologic - Globber Scooter Schweiz","og_description":"Monopattino ecologico tutto-in-uno con sedile per bambini piccoli (15 mesi \u2013 3+ anni), realizzato in plastica riciclata certificata al 100% GRS e paglia di grano biodegradabile* *Inclusa in componenti selezionati","og_url":"https:\/\/www.globber.com\/ch\/it\/product\/go-up-active-ecologic\/","og_site_name":"Globber Scooter Schweiz","article_modified_time":"2026-01-14T07:20:52+00:00","og_image":[{"width":2048,"height":2048,"url":"https:\/\/cdn.globber.com\/content\/sites\/21\/2023\/11\/740-501_stages-all_rgb.jpg","type":"image\/jpeg"}],"twitter_card":"summary_large_image","twitter_misc":{"Availability":"In stock"},"schema":{"@context":"https:\/\/schema.org","@graph":[{"@type":["WebPage","ItemPage"],"@id":"https:\/\/www.globber.com\/ch\/it\/product\/go-up-active-ecologic\/","url":"https:\/\/www.globber.com\/ch\/it\/product\/go-up-active-ecologic\/","name":"GO UP Active Ecologic - Globber Scooter Schweiz","isPartOf":{"@id":"https:\/\/www.globber.com\/ch\/fr\/#website"},"primaryImageOfPage":{"@id":"https:\/\/www.globber.com\/ch\/it\/product\/go-up-active-ecologic\/#primaryimage"},"image":{"@id":"https:\/\/www.globber.com\/ch\/it\/product\/go-up-active-ecologic\/#primaryimage"},"thumbnailUrl":"https:\/\/cdn.globber.com\/content\/sites\/21\/2023\/11\/740-501_stages-all_rgb.jpg","datePublished":"2026-01-14T07:20:49+00:00","dateModified":"2026-01-14T07:20:52+00:00","breadcrumb":{"@id":"https:\/\/www.globber.com\/ch\/it\/product\/go-up-active-ecologic\/#breadcrumb"},"inLanguage":"it-CH","potentialAction":[{"@type":"ReadAction","target":["https:\/\/www.globber.com\/ch\/it\/product\/go-up-active-ecologic\/"]}]},{"@type":"ImageObject","inLanguage":"it-CH","@id":"https:\/\/www.globber.com\/ch\/it\/product\/go-up-active-ecologic\/#primaryimage","url":"https:\/\/cdn.globber.com\/content\/sites\/21\/2023\/11\/740-501_stages-all_rgb.jpg","contentUrl":"https:\/\/cdn.globber.com\/content\/sites\/21\/2023\/11\/740-501_stages-all_rgb.jpg","width":2048,"height":2048},{"@type":"BreadcrumbList","@id":"https:\/\/www.globber.com\/ch\/it\/product\/go-up-active-ecologic\/#breadcrumb","itemListElement":[{"@type":"ListItem","position":1,"name":"Shop","item":"https:\/\/www.globber.com\/ch\/it\/shop\/"},{"@type":"ListItem","position":2,"name":"GO UP Active Ecologic"}]},{"@type":"WebSite","@id":"https:\/\/www.globber.com\/ch\/fr\/#website","url":"https:\/\/www.globber.com\/ch\/fr\/","name":"Globber Scooter Schweiz","description":"Der offizielle Online Shop","publisher":{"@id":"https:\/\/www.globber.com\/ch\/fr\/#organization"},"potentialAction":[{"@type":"SearchAction","target":{"@type":"EntryPoint","urlTemplate":"https:\/\/www.globber.com\/ch\/fr\/?s={search_term_string}"},"query-input":{"@type":"PropertyValueSpecification","valueRequired":true,"valueName":"search_term_string"}}],"inLanguage":"it-CH"},{"@type":"Organization","@id":"https:\/\/www.globber.com\/ch\/fr\/#organization","name":"Globber Scooter Schweiz","url":"https:\/\/www.globber.com\/ch\/fr\/","logo":{"@type":"ImageObject","inLanguage":"it-CH","@id":"https:\/\/www.globber.com\/ch\/fr\/#\/schema\/logo\/image\/","url":"https:\/\/cdn.globber.com\/content\/2024\/05\/logo.svg","contentUrl":"https:\/\/cdn.globber.com\/content\/2024\/05\/logo.svg","width":601,"height":112,"caption":"Globber Scooter Schweiz"},"image":{"@id":"https:\/\/www.globber.com\/ch\/fr\/#\/schema\/logo\/image\/"}}]},"og_availability":"instock","product_availability":"instock","product_retailer_item_id":"740-XXX","product_condition":"new"},"_links":{"self":[{"href":"https:\/\/www.globber.com\/ch\/it\/wp-json\/wp\/v2\/product\/26307","targetHints":{"allow":["GET"]}}],"collection":[{"href":"https:\/\/www.globber.com\/ch\/it\/wp-json\/wp\/v2\/product"}],"about":[{"href":"https:\/\/www.globber.com\/ch\/it\/wp-json\/wp\/v2\/types\/product"}],"replies":[{"embeddable":true,"href":"https:\/\/www.globber.com\/ch\/it\/wp-json\/wp\/v2\/comments?post=26307"}],"wp:featuredmedia":[{"embeddable":true,"href":"https:\/\/www.globber.com\/ch\/it\/wp-json\/wp\/v2\/media\/20646"}],"wp:attachment":[{"href":"https:\/\/www.globber.com\/ch\/it\/wp-json\/wp\/v2\/media?parent=26307"}],"wp:term":[{"taxonomy":"product-special-badges","embeddable":true,"href":"https:\/\/www.globber.com\/ch\/it\/wp-json\/wp\/v2\/product-special-badges?post=26307"},{"taxonomy":"product_brand","embeddable":true,"href":"https:\/\/www.globber.com\/ch\/it\/wp-json\/wp\/v2\/product_brand?post=26307"},{"taxonomy":"product_cat","embeddable":true,"href":"https:\/\/www.globber.com\/ch\/it\/wp-json\/wp\/v2\/product_cat?post=26307"},{"taxonomy":"product_tag","embeddable":true,"href":"https:\/\/www.globber.com\/ch\/it\/wp-json\/wp\/v2\/product_tag?post=26307"}],"curies":[{"name":"wp","href":"https:\/\/api.w.org\/{rel}","templated":true}]}}