{"id":26329,"date":"2022-11-28T13:59:25","date_gmt":"2026-01-14T07:21:14","guid":{"rendered":"https:\/\/www.globber.com\/ch\/product\/trike-explorer-4-in-1\/"},"modified":"2026-01-14T08:21:20","modified_gmt":"2026-01-14T07:21:20","slug":"trike-explorer-4-in-1","status":"publish","type":"product","link":"https:\/\/www.globber.com\/ch\/it\/product\/trike-explorer-4-in-1\/","title":{"rendered":"Trike Explorer 4 in 1"},"content":{"rendered":"<p><p>Porta il tuo bambino in un viaggio di scoperta su ruote! EXPLORER TRIKE 4in1 \u00e8 un triciclo spingibile tutto-in-uno per bambini a partire da 10 mesi, che offre 4 diverse fasi: triciclo per bambini piccoli (10-36M), triciclo guidato (18-36M), triciclo da allenamento (24-36M) e bicicletta senza pedali (2-5A), per adattarsi comodamente allo sviluppo del tuo bambino<\/p>\n<p>. <\/p>\n<p>L'EXPLORER TRIKE 4in1 presenta un design completamente senza attrezzi (nessun attrezzo richiesto!), un meccanismo delle ruote brevettato, un manico per genitori regolabile in altezza su 2 livelli, una sella regolabile in altezza<\/p>\n<p> su 2 livelli, un sedile con schienale alto, un poggiapiedi rimovibile, ruote in schiuma EVA<\/p>\n<p> e un intelligente sistema di stoccaggio dei pedali che offre ancora pi\u00f9 funzionalit\u00e0! L'EXPLORER TRIKE 4in1 \u00e8 composto<\/p>\n<p><a href=\"\/ch\/nachhaltige-roller\/\"> per il 30-33% da plastica certificata Global Recycled Standard (GRS)*. Il GRS \u00e8 lo standard internazionale per dimostrare la percentuale di riciclo nei prodotti finiti, garantendo trasparenza nei<\/a><\/p>\n<p> materiali e promuovendo un'economia circolare. Utilizzando plastica riciclata certificata GRS nelle nostre collezioni a 3 ruote ed ECOLOGIC, siamo riusciti a riutilizzare complessivamente oltre 118 tonnellate di bottiglie e bicchieri usati, reti da pesca recuperate, nonch\u00e9 vecchi giocattoli e imbottiture dal mese di ottobre 2022. Scopri di pi\u00f9.<\/p>\n","protected":false},"excerpt":{"rendered":"<p>Triciclo da allenamento &amp; bicicletta senza pedali tutto-in-uno (10M-5A)<\/p>\n","protected":false},"featured_media":26382,"comment_status":"closed","ping_status":"open","template":"","meta":{"_acf_changed":false,"inline_featured_image":false},"product-special-badges":[],"product_brand":[],"product_cat":[4804,4840,4856],"product_tag":[],"class_list":{"0":"post-26329","1":"product","2":"type-product","3":"status-publish","4":"has-post-thumbnail","6":"product-badges-tutto-in-uno","7":"product-badges-senza-attrezzi","8":"product-badges-trasformabile","9":"product_cat-serie-explorer-trike","10":"product_cat-tricicli-per-bambini","11":"product_cat-prodotti-per-bambini-piccoli","12":"pa_altersspanne-10m-5y","13":"pa_color-blu","14":"pa_color-menta","15":"pa_color-pink-it","16":"pa_color-rosso","17":"pa_color-verde","18":"pa_color-viola","19":"pa_einstellbar-si","20":"pa_empfohlene-benutzerhoehe-65-105-centimetri","21":"pa_faltbar-no-it","22":"pa_groesse-der-raeder-220-mm-36-mm-di-larghezza","23":"pa_groesse-der-raeder-250-mm-44-mm-di-larghezza","24":"pa_maximales-benutzergewicht-20-kg","25":"pa_produktgewicht-netto-6-75-kg","26":"pa_sitzhoehen-sella-31-34cm-da-terra-sedile-con-schienale-alto-32-35cm-da-terra","28":"first","29":"instock","30":"taxable","31":"shipping-taxable","32":"product-type-variable"},"acf":[],"yoast_head":"<!-- This site is optimized with the Yoast SEO Premium plugin v20.12 (Yoast SEO v23.4) - https:\/\/yoast.com\/wordpress\/plugins\/seo\/ -->\n<title>Trike Explorer 4 in 1 - Globber Scooter Schweiz<\/title>\n<meta name=\"robots\" content=\"index, follow, max-snippet:-1, max-image-preview:large, max-video-preview:-1\" \/>\n<link rel=\"canonical\" href=\"https:\/\/www.globber.com\/ch\/de\/product\/explorer-trike-4in1\/\" \/>\n<meta property=\"og:locale\" content=\"it_IT\" \/>\n<meta property=\"og:type\" content=\"article\" \/>\n<meta property=\"og:title\" content=\"Trike Explorer 4 in 1 - Globber Scooter Schweiz\" \/>\n<meta property=\"og:description\" content=\"Triciclo da allenamento &amp; bicicletta senza pedali tutto-in-uno (10M-5A)\" \/>\n<meta property=\"og:url\" content=\"https:\/\/www.globber.com\/ch\/de\/product\/explorer-trike-4in1\/\" \/>\n<meta property=\"og:site_name\" content=\"Globber Scooter Schweiz\" \/>\n<meta property=\"article:modified_time\" content=\"2026-01-14T07:21:20+00:00\" \/>\n<meta property=\"og:image\" content=\"https:\/\/cdn.globber.com\/content\/2022\/11\/6383ab2cb87df.jpg\" \/>\n\t<meta property=\"og:image:width\" content=\"1920\" \/>\n\t<meta property=\"og:image:height\" content=\"1920\" \/>\n\t<meta property=\"og:image:type\" content=\"image\/jpeg\" \/>\n<meta name=\"twitter:card\" content=\"summary_large_image\" \/>\n<meta name=\"twitter:label1\" content=\"Availability\" \/>\n\t<meta name=\"twitter:data1\" content=\"In stock\" \/>\n<script type=\"application\/ld+json\" class=\"yoast-schema-graph\">{\"@context\":\"https:\/\/schema.org\",\"@graph\":[{\"@type\":[\"WebPage\",\"ItemPage\"],\"@id\":\"https:\/\/www.globber.com\/ch\/de\/product\/explorer-trike-4in1\/\",\"url\":\"https:\/\/www.globber.com\/ch\/de\/product\/explorer-trike-4in1\/\",\"name\":\"Trike Explorer 4 in 1 - Globber Scooter Schweiz\",\"isPartOf\":{\"@id\":\"https:\/\/www.globber.com\/ch\/fr\/#website\"},\"primaryImageOfPage\":{\"@id\":\"https:\/\/www.globber.com\/ch\/de\/product\/explorer-trike-4in1\/#primaryimage\"},\"image\":{\"@id\":\"https:\/\/www.globber.com\/ch\/de\/product\/explorer-trike-4in1\/#primaryimage\"},\"thumbnailUrl\":\"https:\/\/cdn.globber.com\/content\/2022\/11\/6383ab2cb87df.jpg\",\"datePublished\":\"2026-01-14T07:21:14+00:00\",\"dateModified\":\"2026-01-14T07:21:20+00:00\",\"breadcrumb\":{\"@id\":\"https:\/\/www.globber.com\/ch\/de\/product\/explorer-trike-4in1\/#breadcrumb\"},\"inLanguage\":\"it-CH\",\"potentialAction\":[{\"@type\":\"ReadAction\",\"target\":[\"https:\/\/www.globber.com\/ch\/de\/product\/explorer-trike-4in1\/\"]}]},{\"@type\":\"ImageObject\",\"inLanguage\":\"it-CH\",\"@id\":\"https:\/\/www.globber.com\/ch\/de\/product\/explorer-trike-4in1\/#primaryimage\",\"url\":\"https:\/\/cdn.globber.com\/content\/2022\/11\/6383ab2cb87df.jpg\",\"contentUrl\":\"https:\/\/cdn.globber.com\/content\/2022\/11\/6383ab2cb87df.jpg\",\"width\":1920,\"height\":1920},{\"@type\":\"BreadcrumbList\",\"@id\":\"https:\/\/www.globber.com\/ch\/de\/product\/explorer-trike-4in1\/#breadcrumb\",\"itemListElement\":[{\"@type\":\"ListItem\",\"position\":1,\"name\":\"Shop\",\"item\":\"https:\/\/www.globber.com\/ch\/it\/shop\/\"},{\"@type\":\"ListItem\",\"position\":2,\"name\":\"Trike Explorer 4 in 1\"}]},{\"@type\":\"WebSite\",\"@id\":\"https:\/\/www.globber.com\/ch\/fr\/#website\",\"url\":\"https:\/\/www.globber.com\/ch\/fr\/\",\"name\":\"Globber Scooter Schweiz\",\"description\":\"Der offizielle Online Shop\",\"publisher\":{\"@id\":\"https:\/\/www.globber.com\/ch\/fr\/#organization\"},\"potentialAction\":[{\"@type\":\"SearchAction\",\"target\":{\"@type\":\"EntryPoint\",\"urlTemplate\":\"https:\/\/www.globber.com\/ch\/fr\/?s={search_term_string}\"},\"query-input\":{\"@type\":\"PropertyValueSpecification\",\"valueRequired\":true,\"valueName\":\"search_term_string\"}}],\"inLanguage\":\"it-CH\"},{\"@type\":\"Organization\",\"@id\":\"https:\/\/www.globber.com\/ch\/fr\/#organization\",\"name\":\"Globber Scooter Schweiz\",\"url\":\"https:\/\/www.globber.com\/ch\/fr\/\",\"logo\":{\"@type\":\"ImageObject\",\"inLanguage\":\"it-CH\",\"@id\":\"https:\/\/www.globber.com\/ch\/fr\/#\/schema\/logo\/image\/\",\"url\":\"https:\/\/cdn.globber.com\/content\/2024\/05\/logo.svg\",\"contentUrl\":\"https:\/\/cdn.globber.com\/content\/2024\/05\/logo.svg\",\"width\":601,\"height\":112,\"caption\":\"Globber Scooter Schweiz\"},\"image\":{\"@id\":\"https:\/\/www.globber.com\/ch\/fr\/#\/schema\/logo\/image\/\"}}]}<\/script>\n<meta property=\"og:availability\" content=\"instock\" \/>\n<meta property=\"product:availability\" content=\"instock\" \/>\n<meta property=\"product:retailer_item_id\" content=\"632-XXX-3\" \/>\n<meta property=\"product:condition\" content=\"new\" \/>\n<!-- \/ Yoast SEO Premium plugin. -->","yoast_head_json":{"title":"Trike Explorer 4 in 1 - Globber Scooter Schweiz","robots":{"index":"index","follow":"follow","max-snippet":"max-snippet:-1","max-image-preview":"max-image-preview:large","max-video-preview":"max-video-preview:-1"},"canonical":"https:\/\/www.globber.com\/ch\/de\/product\/explorer-trike-4in1\/","og_locale":"it_IT","og_type":"article","og_title":"Trike Explorer 4 in 1 - Globber Scooter Schweiz","og_description":"Triciclo da allenamento &amp; bicicletta senza pedali tutto-in-uno (10M-5A)","og_url":"https:\/\/www.globber.com\/ch\/de\/product\/explorer-trike-4in1\/","og_site_name":"Globber Scooter Schweiz","article_modified_time":"2026-01-14T07:21:20+00:00","og_image":[{"width":1920,"height":1920,"url":"https:\/\/cdn.globber.com\/content\/2022\/11\/6383ab2cb87df.jpg","type":"image\/jpeg"}],"twitter_card":"summary_large_image","twitter_misc":{"Availability":"In stock"},"schema":{"@context":"https:\/\/schema.org","@graph":[{"@type":["WebPage","ItemPage"],"@id":"https:\/\/www.globber.com\/ch\/de\/product\/explorer-trike-4in1\/","url":"https:\/\/www.globber.com\/ch\/de\/product\/explorer-trike-4in1\/","name":"Trike Explorer 4 in 1 - Globber Scooter Schweiz","isPartOf":{"@id":"https:\/\/www.globber.com\/ch\/fr\/#website"},"primaryImageOfPage":{"@id":"https:\/\/www.globber.com\/ch\/de\/product\/explorer-trike-4in1\/#primaryimage"},"image":{"@id":"https:\/\/www.globber.com\/ch\/de\/product\/explorer-trike-4in1\/#primaryimage"},"thumbnailUrl":"https:\/\/cdn.globber.com\/content\/2022\/11\/6383ab2cb87df.jpg","datePublished":"2026-01-14T07:21:14+00:00","dateModified":"2026-01-14T07:21:20+00:00","breadcrumb":{"@id":"https:\/\/www.globber.com\/ch\/de\/product\/explorer-trike-4in1\/#breadcrumb"},"inLanguage":"it-CH","potentialAction":[{"@type":"ReadAction","target":["https:\/\/www.globber.com\/ch\/de\/product\/explorer-trike-4in1\/"]}]},{"@type":"ImageObject","inLanguage":"it-CH","@id":"https:\/\/www.globber.com\/ch\/de\/product\/explorer-trike-4in1\/#primaryimage","url":"https:\/\/cdn.globber.com\/content\/2022\/11\/6383ab2cb87df.jpg","contentUrl":"https:\/\/cdn.globber.com\/content\/2022\/11\/6383ab2cb87df.jpg","width":1920,"height":1920},{"@type":"BreadcrumbList","@id":"https:\/\/www.globber.com\/ch\/de\/product\/explorer-trike-4in1\/#breadcrumb","itemListElement":[{"@type":"ListItem","position":1,"name":"Shop","item":"https:\/\/www.globber.com\/ch\/it\/shop\/"},{"@type":"ListItem","position":2,"name":"Trike Explorer 4 in 1"}]},{"@type":"WebSite","@id":"https:\/\/www.globber.com\/ch\/fr\/#website","url":"https:\/\/www.globber.com\/ch\/fr\/","name":"Globber Scooter Schweiz","description":"Der offizielle Online Shop","publisher":{"@id":"https:\/\/www.globber.com\/ch\/fr\/#organization"},"potentialAction":[{"@type":"SearchAction","target":{"@type":"EntryPoint","urlTemplate":"https:\/\/www.globber.com\/ch\/fr\/?s={search_term_string}"},"query-input":{"@type":"PropertyValueSpecification","valueRequired":true,"valueName":"search_term_string"}}],"inLanguage":"it-CH"},{"@type":"Organization","@id":"https:\/\/www.globber.com\/ch\/fr\/#organization","name":"Globber Scooter Schweiz","url":"https:\/\/www.globber.com\/ch\/fr\/","logo":{"@type":"ImageObject","inLanguage":"it-CH","@id":"https:\/\/www.globber.com\/ch\/fr\/#\/schema\/logo\/image\/","url":"https:\/\/cdn.globber.com\/content\/2024\/05\/logo.svg","contentUrl":"https:\/\/cdn.globber.com\/content\/2024\/05\/logo.svg","width":601,"height":112,"caption":"Globber Scooter Schweiz"},"image":{"@id":"https:\/\/www.globber.com\/ch\/fr\/#\/schema\/logo\/image\/"}}]},"og_availability":"instock","product_availability":"instock","product_retailer_item_id":"632-XXX-3","product_condition":"new"},"_links":{"self":[{"href":"https:\/\/www.globber.com\/ch\/it\/wp-json\/wp\/v2\/product\/26329","targetHints":{"allow":["GET"]}}],"collection":[{"href":"https:\/\/www.globber.com\/ch\/it\/wp-json\/wp\/v2\/product"}],"about":[{"href":"https:\/\/www.globber.com\/ch\/it\/wp-json\/wp\/v2\/types\/product"}],"replies":[{"embeddable":true,"href":"https:\/\/www.globber.com\/ch\/it\/wp-json\/wp\/v2\/comments?post=26329"}],"wp:featuredmedia":[{"embeddable":true,"href":"https:\/\/www.globber.com\/ch\/it\/wp-json\/wp\/v2\/media\/26382"}],"wp:attachment":[{"href":"https:\/\/www.globber.com\/ch\/it\/wp-json\/wp\/v2\/media?parent=26329"}],"wp:term":[{"taxonomy":"product-special-badges","embeddable":true,"href":"https:\/\/www.globber.com\/ch\/it\/wp-json\/wp\/v2\/product-special-badges?post=26329"},{"taxonomy":"product_brand","embeddable":true,"href":"https:\/\/www.globber.com\/ch\/it\/wp-json\/wp\/v2\/product_brand?post=26329"},{"taxonomy":"product_cat","embeddable":true,"href":"https:\/\/www.globber.com\/ch\/it\/wp-json\/wp\/v2\/product_cat?post=26329"},{"taxonomy":"product_tag","embeddable":true,"href":"https:\/\/www.globber.com\/ch\/it\/wp-json\/wp\/v2\/product_tag?post=26329"}],"curies":[{"name":"wp","href":"https:\/\/api.w.org\/{rel}","templated":true}]}}