{"id":26335,"date":"2025-08-13T15:54:27","date_gmt":"2025-08-13T13:54:27","guid":{"rendered":"https:\/\/www.globber.com\/ch\/product\/trike-explorer-4-in-1-ecologico\/"},"modified":"2026-03-06T08:31:00","modified_gmt":"2026-03-06T07:31:00","slug":"trike-explorer-4-in-1-ecologico","status":"publish","type":"product","link":"https:\/\/www.globber.com\/ch\/it\/product\/trike-explorer-4-in-1-ecologico\/","title":{"rendered":"Trike Explorer 4 in 1 Ecologico"},"content":{"rendered":"<p data-start=\"221\" data-end=\"625\">Con l' <strong data-start=\"229\" data-end=\"261\">EXPLORER TRIKE 4in1 ECOLOGIC,<\/strong> tu e il tuo bambino non solo scoprite il mondo, ma abbracciate anche valori sostenibili. Questo triciclo multifunzionale \u00e8 realizzato al 100% in plastica riciclata certificata GRS e vi accompagna attraverso quattro fasi di sviluppo: dal triciclo per bambini piccoli alla bici senza pedali. Ci\u00f2 significa che cresce con il vostro bambino, sostituendo pi\u00f9 prodotti con un unico acquisto.<\/p>\n<p data-start=\"627\" data-end=\"907\">Il triciclo \u00e8 adatto a bambini dai 10 mesi e pu\u00f2 essere convertito in modo flessibile a seconda dell'et\u00e0 e della fase di sviluppo: da triciclo per bambini piccoli (10-36 mesi), triciclo con guida (18-36 mesi), triciclo da allenamento (24-36 mesi) e bici senza pedali (2-5 anni).<\/p>\n<p data-start=\"909\" data-end=\"1448\">Grazie al design completamente senza attrezzi, la conversione \u00e8 rapida e semplice. Un meccanismo di rotazione brevettato, una maniglia di spinta per i genitori regolabile in altezza in 2 posizioni, un sedile regolabile, uno schienale alto, una barra di sicurezza e una cintura di sicurezza imbottita a 5 punti garantiscono sicurezza e comfort in ogni fase. Ulteriori caratteristiche, come la capottina con protezione UV (UPF 50+), le ruote in EVA antiforatura, il poggiapiedi rimovibile e il pratico vano portaoggetti per i pedali, semplificano ulteriormente la vita di tutti i giorni.<\/p>\n<p data-start=\"1450\" data-end=\"1669\">Con <strong data-start=\"1458\" data-end=\"1490\">EXPLORER TRIKE 4in1 ECOLOGIC,<\/strong> non solo pedalerete in modo flessibile, ma anche responsabile, perch\u00e9 l'utilizzo di plastica riciclata riduce gli sprechi e l'impatto ambientale.<\/p>\n<div>\n<p><strong>GO GLOBBER. DIVENTA PI\u00d9 ECOLOGICO.<\/strong><\/p>\n<p>Scopri di pi\u00f9 <a href=\"https:\/\/www.globber.com\/de\/nachhaltige-scooter\/\">qui.<\/a><\/p>\n<p>*Nei componenti corrispondenti.<\/p>\n<\/div>\n","protected":false},"excerpt":{"rendered":"<p>Triciclo e bicicletta senza pedali All-in-One Eco-Training (da 10 mesi a 5 anni) in plastica riciclata al 100%*<\/p>\n<p><span style=\"font-size: 12px;\"><em>*Nelle componenti corrispondenti<\/em><\/span><\/p>\n","protected":false},"featured_media":19522,"comment_status":"open","ping_status":"closed","template":"","meta":{"_acf_changed":false,"inline_featured_image":false},"product-special-badges":[],"product_brand":[],"product_cat":[4778,4804,4831,4840],"product_tag":[],"class_list":{"0":"post-26335","1":"product","2":"type-product","3":"status-publish","4":"has-post-thumbnail","6":"product_cat-collezione-ecologica","7":"product_cat-serie-explorer-trike","8":"product_cat-ruote","9":"product_cat-tricicli-per-bambini","10":"pa_color-beige","11":"pa_color-menta","12":"pa_color-rosa","14":"first","15":"instock","16":"taxable","17":"shipping-taxable","18":"purchasable","19":"product-type-variable"},"acf":[],"yoast_head":"<!-- This site is optimized with the Yoast SEO Premium plugin v20.12 (Yoast SEO v23.4) - https:\/\/yoast.com\/wordpress\/plugins\/seo\/ -->\n<title>Trike Explorer 4 in 1 Ecologico - Globber Scooter Schweiz<\/title>\n<meta name=\"robots\" content=\"index, follow, max-snippet:-1, max-image-preview:large, max-video-preview:-1\" \/>\n<link rel=\"canonical\" href=\"https:\/\/www.globber.com\/ch\/it\/product\/trike-explorer-4-in-1-ecologico\/\" \/>\n<meta property=\"og:locale\" content=\"it_IT\" \/>\n<meta property=\"og:type\" content=\"article\" \/>\n<meta property=\"og:title\" content=\"Trike Explorer 4 in 1 Ecologico - Globber Scooter Schweiz\" \/>\n<meta property=\"og:description\" content=\"Triciclo e bicicletta senza pedali All-in-One Eco-Training (da 10 mesi a 5 anni) in plastica riciclata al 100%* *Nelle componenti corrispondenti\" \/>\n<meta property=\"og:url\" content=\"https:\/\/www.globber.com\/ch\/it\/product\/trike-explorer-4-in-1-ecologico\/\" \/>\n<meta property=\"og:site_name\" content=\"Globber Scooter Schweiz\" \/>\n<meta property=\"article:modified_time\" content=\"2026-03-06T07:31:00+00:00\" \/>\n<meta property=\"og:image\" content=\"https:\/\/cdn.globber.com\/content\/sites\/41\/2025\/09\/68b5443e7cae2.jpg\" \/>\n\t<meta property=\"og:image:width\" content=\"2048\" \/>\n\t<meta property=\"og:image:height\" content=\"2048\" \/>\n\t<meta property=\"og:image:type\" content=\"image\/jpeg\" \/>\n<meta name=\"twitter:card\" content=\"summary_large_image\" \/>\n<meta name=\"twitter:label1\" content=\"Availability\" \/>\n\t<meta name=\"twitter:data1\" content=\"In stock\" \/>\n<script type=\"application\/ld+json\" class=\"yoast-schema-graph\">{\"@context\":\"https:\/\/schema.org\",\"@graph\":[{\"@type\":[\"WebPage\",\"ItemPage\"],\"@id\":\"https:\/\/www.globber.com\/ch\/it\/product\/trike-explorer-4-in-1-ecologico\/\",\"url\":\"https:\/\/www.globber.com\/ch\/it\/product\/trike-explorer-4-in-1-ecologico\/\",\"name\":\"Trike Explorer 4 in 1 Ecologico - Globber Scooter Schweiz\",\"isPartOf\":{\"@id\":\"https:\/\/www.globber.com\/ch\/fr\/#website\"},\"primaryImageOfPage\":{\"@id\":\"https:\/\/www.globber.com\/ch\/it\/product\/trike-explorer-4-in-1-ecologico\/#primaryimage\"},\"image\":{\"@id\":\"https:\/\/www.globber.com\/ch\/it\/product\/trike-explorer-4-in-1-ecologico\/#primaryimage\"},\"thumbnailUrl\":\"https:\/\/cdn.globber.com\/content\/sites\/41\/2025\/09\/68b5443e7cae2.jpg\",\"datePublished\":\"2025-08-13T13:54:27+00:00\",\"dateModified\":\"2026-03-06T07:31:00+00:00\",\"breadcrumb\":{\"@id\":\"https:\/\/www.globber.com\/ch\/it\/product\/trike-explorer-4-in-1-ecologico\/#breadcrumb\"},\"inLanguage\":\"it-CH\",\"potentialAction\":[{\"@type\":\"ReadAction\",\"target\":[\"https:\/\/www.globber.com\/ch\/it\/product\/trike-explorer-4-in-1-ecologico\/\"]}]},{\"@type\":\"ImageObject\",\"inLanguage\":\"it-CH\",\"@id\":\"https:\/\/www.globber.com\/ch\/it\/product\/trike-explorer-4-in-1-ecologico\/#primaryimage\",\"url\":\"https:\/\/cdn.globber.com\/content\/sites\/41\/2025\/09\/68b5443e7cae2.jpg\",\"contentUrl\":\"https:\/\/cdn.globber.com\/content\/sites\/41\/2025\/09\/68b5443e7cae2.jpg\",\"width\":2048,\"height\":2048},{\"@type\":\"BreadcrumbList\",\"@id\":\"https:\/\/www.globber.com\/ch\/it\/product\/trike-explorer-4-in-1-ecologico\/#breadcrumb\",\"itemListElement\":[{\"@type\":\"ListItem\",\"position\":1,\"name\":\"Shop\",\"item\":\"https:\/\/www.globber.com\/ch\/it\/shop\/\"},{\"@type\":\"ListItem\",\"position\":2,\"name\":\"Trike Explorer 4 in 1 Ecologico\"}]},{\"@type\":\"WebSite\",\"@id\":\"https:\/\/www.globber.com\/ch\/fr\/#website\",\"url\":\"https:\/\/www.globber.com\/ch\/fr\/\",\"name\":\"Globber Scooter Schweiz\",\"description\":\"Der offizielle Online Shop\",\"publisher\":{\"@id\":\"https:\/\/www.globber.com\/ch\/fr\/#organization\"},\"potentialAction\":[{\"@type\":\"SearchAction\",\"target\":{\"@type\":\"EntryPoint\",\"urlTemplate\":\"https:\/\/www.globber.com\/ch\/fr\/?s={search_term_string}\"},\"query-input\":{\"@type\":\"PropertyValueSpecification\",\"valueRequired\":true,\"valueName\":\"search_term_string\"}}],\"inLanguage\":\"it-CH\"},{\"@type\":\"Organization\",\"@id\":\"https:\/\/www.globber.com\/ch\/fr\/#organization\",\"name\":\"Globber Scooter Schweiz\",\"url\":\"https:\/\/www.globber.com\/ch\/fr\/\",\"logo\":{\"@type\":\"ImageObject\",\"inLanguage\":\"it-CH\",\"@id\":\"https:\/\/www.globber.com\/ch\/fr\/#\/schema\/logo\/image\/\",\"url\":\"https:\/\/cdn.globber.com\/content\/2024\/05\/logo.svg\",\"contentUrl\":\"https:\/\/cdn.globber.com\/content\/2024\/05\/logo.svg\",\"width\":601,\"height\":112,\"caption\":\"Globber Scooter Schweiz\"},\"image\":{\"@id\":\"https:\/\/www.globber.com\/ch\/fr\/#\/schema\/logo\/image\/\"}}]}<\/script>\n<meta property=\"og:availability\" content=\"instock\" \/>\n<meta property=\"product:availability\" content=\"instock\" \/>\n<meta property=\"product:retailer_item_id\" content=\"637-XXX\" \/>\n<meta property=\"product:condition\" content=\"new\" \/>\n<!-- \/ Yoast SEO Premium plugin. -->","yoast_head_json":{"title":"Trike Explorer 4 in 1 Ecologico - Globber Scooter Schweiz","robots":{"index":"index","follow":"follow","max-snippet":"max-snippet:-1","max-image-preview":"max-image-preview:large","max-video-preview":"max-video-preview:-1"},"canonical":"https:\/\/www.globber.com\/ch\/it\/product\/trike-explorer-4-in-1-ecologico\/","og_locale":"it_IT","og_type":"article","og_title":"Trike Explorer 4 in 1 Ecologico - Globber Scooter Schweiz","og_description":"Triciclo e bicicletta senza pedali All-in-One Eco-Training (da 10 mesi a 5 anni) in plastica riciclata al 100%* *Nelle componenti corrispondenti","og_url":"https:\/\/www.globber.com\/ch\/it\/product\/trike-explorer-4-in-1-ecologico\/","og_site_name":"Globber Scooter Schweiz","article_modified_time":"2026-03-06T07:31:00+00:00","og_image":[{"width":2048,"height":2048,"url":"https:\/\/cdn.globber.com\/content\/sites\/41\/2025\/09\/68b5443e7cae2.jpg","type":"image\/jpeg"}],"twitter_card":"summary_large_image","twitter_misc":{"Availability":"In stock"},"schema":{"@context":"https:\/\/schema.org","@graph":[{"@type":["WebPage","ItemPage"],"@id":"https:\/\/www.globber.com\/ch\/it\/product\/trike-explorer-4-in-1-ecologico\/","url":"https:\/\/www.globber.com\/ch\/it\/product\/trike-explorer-4-in-1-ecologico\/","name":"Trike Explorer 4 in 1 Ecologico - Globber Scooter Schweiz","isPartOf":{"@id":"https:\/\/www.globber.com\/ch\/fr\/#website"},"primaryImageOfPage":{"@id":"https:\/\/www.globber.com\/ch\/it\/product\/trike-explorer-4-in-1-ecologico\/#primaryimage"},"image":{"@id":"https:\/\/www.globber.com\/ch\/it\/product\/trike-explorer-4-in-1-ecologico\/#primaryimage"},"thumbnailUrl":"https:\/\/cdn.globber.com\/content\/sites\/41\/2025\/09\/68b5443e7cae2.jpg","datePublished":"2025-08-13T13:54:27+00:00","dateModified":"2026-03-06T07:31:00+00:00","breadcrumb":{"@id":"https:\/\/www.globber.com\/ch\/it\/product\/trike-explorer-4-in-1-ecologico\/#breadcrumb"},"inLanguage":"it-CH","potentialAction":[{"@type":"ReadAction","target":["https:\/\/www.globber.com\/ch\/it\/product\/trike-explorer-4-in-1-ecologico\/"]}]},{"@type":"ImageObject","inLanguage":"it-CH","@id":"https:\/\/www.globber.com\/ch\/it\/product\/trike-explorer-4-in-1-ecologico\/#primaryimage","url":"https:\/\/cdn.globber.com\/content\/sites\/41\/2025\/09\/68b5443e7cae2.jpg","contentUrl":"https:\/\/cdn.globber.com\/content\/sites\/41\/2025\/09\/68b5443e7cae2.jpg","width":2048,"height":2048},{"@type":"BreadcrumbList","@id":"https:\/\/www.globber.com\/ch\/it\/product\/trike-explorer-4-in-1-ecologico\/#breadcrumb","itemListElement":[{"@type":"ListItem","position":1,"name":"Shop","item":"https:\/\/www.globber.com\/ch\/it\/shop\/"},{"@type":"ListItem","position":2,"name":"Trike Explorer 4 in 1 Ecologico"}]},{"@type":"WebSite","@id":"https:\/\/www.globber.com\/ch\/fr\/#website","url":"https:\/\/www.globber.com\/ch\/fr\/","name":"Globber Scooter Schweiz","description":"Der offizielle Online Shop","publisher":{"@id":"https:\/\/www.globber.com\/ch\/fr\/#organization"},"potentialAction":[{"@type":"SearchAction","target":{"@type":"EntryPoint","urlTemplate":"https:\/\/www.globber.com\/ch\/fr\/?s={search_term_string}"},"query-input":{"@type":"PropertyValueSpecification","valueRequired":true,"valueName":"search_term_string"}}],"inLanguage":"it-CH"},{"@type":"Organization","@id":"https:\/\/www.globber.com\/ch\/fr\/#organization","name":"Globber Scooter Schweiz","url":"https:\/\/www.globber.com\/ch\/fr\/","logo":{"@type":"ImageObject","inLanguage":"it-CH","@id":"https:\/\/www.globber.com\/ch\/fr\/#\/schema\/logo\/image\/","url":"https:\/\/cdn.globber.com\/content\/2024\/05\/logo.svg","contentUrl":"https:\/\/cdn.globber.com\/content\/2024\/05\/logo.svg","width":601,"height":112,"caption":"Globber Scooter Schweiz"},"image":{"@id":"https:\/\/www.globber.com\/ch\/fr\/#\/schema\/logo\/image\/"}}]},"og_availability":"instock","product_availability":"instock","product_retailer_item_id":"637-XXX","product_condition":"new"},"_links":{"self":[{"href":"https:\/\/www.globber.com\/ch\/it\/wp-json\/wp\/v2\/product\/26335","targetHints":{"allow":["GET"]}}],"collection":[{"href":"https:\/\/www.globber.com\/ch\/it\/wp-json\/wp\/v2\/product"}],"about":[{"href":"https:\/\/www.globber.com\/ch\/it\/wp-json\/wp\/v2\/types\/product"}],"replies":[{"embeddable":true,"href":"https:\/\/www.globber.com\/ch\/it\/wp-json\/wp\/v2\/comments?post=26335"}],"wp:featuredmedia":[{"embeddable":true,"href":"https:\/\/www.globber.com\/ch\/it\/wp-json\/wp\/v2\/media\/19522"}],"wp:attachment":[{"href":"https:\/\/www.globber.com\/ch\/it\/wp-json\/wp\/v2\/media?parent=26335"}],"wp:term":[{"taxonomy":"product-special-badges","embeddable":true,"href":"https:\/\/www.globber.com\/ch\/it\/wp-json\/wp\/v2\/product-special-badges?post=26335"},{"taxonomy":"product_brand","embeddable":true,"href":"https:\/\/www.globber.com\/ch\/it\/wp-json\/wp\/v2\/product_brand?post=26335"},{"taxonomy":"product_cat","embeddable":true,"href":"https:\/\/www.globber.com\/ch\/it\/wp-json\/wp\/v2\/product_cat?post=26335"},{"taxonomy":"product_tag","embeddable":true,"href":"https:\/\/www.globber.com\/ch\/it\/wp-json\/wp\/v2\/product_tag?post=26335"}],"curies":[{"name":"wp","href":"https:\/\/api.w.org\/{rel}","templated":true}]}}