{"id":28584,"date":"2026-01-23T11:36:09","date_gmt":"2026-01-23T10:36:09","guid":{"rendered":"https:\/\/www.globber.com\/ch\/?post_type=product&#038;p=28584"},"modified":"2026-03-11T07:49:02","modified_gmt":"2026-03-11T06:49:02","slug":"learning-bike-ecologic","status":"publish","type":"product","link":"https:\/\/www.globber.com\/ch\/it\/product\/learning-bike-ecologic\/","title":{"rendered":"LEARNING BIKE ECOLOGIC"},"content":{"rendered":"<p data-start=\"\u201c\u00ab\u201d\" data-end=\"\u201c\u00ab\u201d\">Scoprite la <strong>LEARNING BIKE ECOLOGIC<\/strong>, la bicicletta a 4 ruote per bambini dai 12 ai 36 mesi che permette loro di acquisire equilibrio e coordinazione in modo divertente. Grazie al montaggio che non richiede alcun attrezzo, \u00e8 immediatamente pronta all'uso: basta regolare il sedile all'altezza giusta (regolabile in 2 posizioni), montare il cestino e partire.<\/p>\n<p data-start=\"\u201c\u00ab\u201d\" data-end=\"\u201c\u00ab\u201d\">Le maniglie ergonomiche in TPR, la schiuma EVA leggera e il telaio robusto assicurano comfort e sicurezza ottimali, mentre le ruote antiforatura garantiscono una guida fluida e silenziosa. I bambini a partire da 1 anno possono cos\u00ec scoprire il mondo in modo autonomo su ruote.<\/p>\n<p data-start=\"\u201c\u00ab\u201d\" data-end=\"\u201c\u00ab\u201d\">Progettata in un'ottica di sostenibilit\u00e0: la <strong>LEARNING BIKE ECOLOGIC<\/strong> \u00e8 composta al 100% da plastica riciclata certificata GRS e paglia di grano biodegradabile*. GRS \u00e8 sinonimo di trasparenza e protezione dell'ambiente nella catena di approvvigionamento. Da ottobre 2022 abbiamo gi\u00e0 riciclato oltre 118 tonnellate di materiali usati, per un divertimento sostenibile fin dall'inizio!<\/p>\n<p><strong>GO GLOBBER. GO GREENER.<\/strong><\/p>\n<p>Per saperne di pi\u00f9, clicca <a href=\"https:\/\/www.globber.com\/de\/nachhaltige-scooter\/\">qui.<\/a><\/p>\n","protected":false},"excerpt":{"rendered":"<ul>\n<li>Altezza della sella regolabile in 2 posizioni,<\/li>\n<li>Cestino rimovibile<\/li>\n<\/ul>\n","protected":false},"featured_media":25599,"comment_status":"closed","ping_status":"closed","template":"","meta":{"_acf_changed":false,"inline_featured_image":false},"product-special-badges":[],"product_brand":[],"product_cat":[4778,4795,4831,4840],"product_tag":[],"class_list":{"0":"post-28584","1":"product","2":"type-product","3":"status-publish","4":"has-post-thumbnail","6":"product_cat-collezione-ecologica","7":"product_cat-serie-learning-bike","8":"product_cat-ruote","9":"product_cat-tricicli-per-bambini","10":"pa_altersspanne-12-36-mesi","11":"pa_color-berry","12":"pa_color-noce-di-cocco","13":"pa_color-pistacchio","14":"pa_empfohlene-benutzerhoehe-70-95-centimetri","16":"first","17":"instock","18":"taxable","19":"shipping-taxable","20":"purchasable","21":"product-type-variable"},"acf":[],"yoast_head":"<!-- This site is optimized with the Yoast SEO Premium plugin v20.12 (Yoast SEO v23.4) - https:\/\/yoast.com\/wordpress\/plugins\/seo\/ -->\n<title>LEARNING BIKE ECOLOGIC - Globber Scooter Schweiz<\/title>\n<meta name=\"robots\" content=\"index, follow, max-snippet:-1, max-image-preview:large, max-video-preview:-1\" \/>\n<link rel=\"canonical\" href=\"https:\/\/www.globber.com\/ch\/it\/product\/learning-bike-ecologic\/\" \/>\n<meta property=\"og:locale\" content=\"it_IT\" \/>\n<meta property=\"og:type\" content=\"article\" \/>\n<meta property=\"og:title\" content=\"LEARNING BIKE ECOLOGIC - Globber Scooter Schweiz\" \/>\n<meta property=\"og:description\" content=\"Altezza della sella regolabile in 2 posizioni,  Cestino rimovibile\" \/>\n<meta property=\"og:url\" content=\"https:\/\/www.globber.com\/ch\/it\/product\/learning-bike-ecologic\/\" \/>\n<meta property=\"og:site_name\" content=\"Globber Scooter Schweiz\" \/>\n<meta property=\"article:modified_time\" content=\"2026-03-11T06:49:02+00:00\" \/>\n<meta property=\"og:image\" content=\"https:\/\/cdn.globber.com\/content\/sites\/21\/2026\/01\/6965ba72ce8ec.jpg\" \/>\n\t<meta property=\"og:image:width\" content=\"1920\" \/>\n\t<meta property=\"og:image:height\" content=\"1920\" \/>\n\t<meta property=\"og:image:type\" content=\"image\/jpeg\" \/>\n<meta name=\"twitter:card\" content=\"summary_large_image\" \/>\n<meta name=\"twitter:label1\" content=\"Availability\" \/>\n\t<meta name=\"twitter:data1\" content=\"In stock\" \/>\n<script type=\"application\/ld+json\" class=\"yoast-schema-graph\">{\"@context\":\"https:\/\/schema.org\",\"@graph\":[{\"@type\":[\"WebPage\",\"ItemPage\"],\"@id\":\"https:\/\/www.globber.com\/ch\/it\/product\/learning-bike-ecologic\/\",\"url\":\"https:\/\/www.globber.com\/ch\/it\/product\/learning-bike-ecologic\/\",\"name\":\"LEARNING BIKE ECOLOGIC - Globber Scooter Schweiz\",\"isPartOf\":{\"@id\":\"https:\/\/www.globber.com\/ch\/fr\/#website\"},\"primaryImageOfPage\":{\"@id\":\"https:\/\/www.globber.com\/ch\/it\/product\/learning-bike-ecologic\/#primaryimage\"},\"image\":{\"@id\":\"https:\/\/www.globber.com\/ch\/it\/product\/learning-bike-ecologic\/#primaryimage\"},\"thumbnailUrl\":\"https:\/\/cdn.globber.com\/content\/sites\/21\/2026\/01\/6965ba72ce8ec.jpg\",\"datePublished\":\"2026-01-23T10:36:09+00:00\",\"dateModified\":\"2026-03-11T06:49:02+00:00\",\"breadcrumb\":{\"@id\":\"https:\/\/www.globber.com\/ch\/it\/product\/learning-bike-ecologic\/#breadcrumb\"},\"inLanguage\":\"it-CH\",\"potentialAction\":[{\"@type\":\"ReadAction\",\"target\":[\"https:\/\/www.globber.com\/ch\/it\/product\/learning-bike-ecologic\/\"]}]},{\"@type\":\"ImageObject\",\"inLanguage\":\"it-CH\",\"@id\":\"https:\/\/www.globber.com\/ch\/it\/product\/learning-bike-ecologic\/#primaryimage\",\"url\":\"https:\/\/cdn.globber.com\/content\/sites\/21\/2026\/01\/6965ba72ce8ec.jpg\",\"contentUrl\":\"https:\/\/cdn.globber.com\/content\/sites\/21\/2026\/01\/6965ba72ce8ec.jpg\",\"width\":1920,\"height\":1920},{\"@type\":\"BreadcrumbList\",\"@id\":\"https:\/\/www.globber.com\/ch\/it\/product\/learning-bike-ecologic\/#breadcrumb\",\"itemListElement\":[{\"@type\":\"ListItem\",\"position\":1,\"name\":\"Shop\",\"item\":\"https:\/\/www.globber.com\/ch\/it\/shop\/\"},{\"@type\":\"ListItem\",\"position\":2,\"name\":\"LEARNING BIKE ECOLOGIC\"}]},{\"@type\":\"WebSite\",\"@id\":\"https:\/\/www.globber.com\/ch\/fr\/#website\",\"url\":\"https:\/\/www.globber.com\/ch\/fr\/\",\"name\":\"Globber Scooter Schweiz\",\"description\":\"Der offizielle Online Shop\",\"publisher\":{\"@id\":\"https:\/\/www.globber.com\/ch\/fr\/#organization\"},\"potentialAction\":[{\"@type\":\"SearchAction\",\"target\":{\"@type\":\"EntryPoint\",\"urlTemplate\":\"https:\/\/www.globber.com\/ch\/fr\/?s={search_term_string}\"},\"query-input\":{\"@type\":\"PropertyValueSpecification\",\"valueRequired\":true,\"valueName\":\"search_term_string\"}}],\"inLanguage\":\"it-CH\"},{\"@type\":\"Organization\",\"@id\":\"https:\/\/www.globber.com\/ch\/fr\/#organization\",\"name\":\"Globber Scooter Schweiz\",\"url\":\"https:\/\/www.globber.com\/ch\/fr\/\",\"logo\":{\"@type\":\"ImageObject\",\"inLanguage\":\"it-CH\",\"@id\":\"https:\/\/www.globber.com\/ch\/fr\/#\/schema\/logo\/image\/\",\"url\":\"https:\/\/cdn.globber.com\/content\/2024\/05\/logo.svg\",\"contentUrl\":\"https:\/\/cdn.globber.com\/content\/2024\/05\/logo.svg\",\"width\":601,\"height\":112,\"caption\":\"Globber Scooter Schweiz\"},\"image\":{\"@id\":\"https:\/\/www.globber.com\/ch\/fr\/#\/schema\/logo\/image\/\"}}]}<\/script>\n<meta property=\"og:availability\" content=\"instock\" \/>\n<meta property=\"product:availability\" content=\"instock\" \/>\n<meta property=\"product:retailer_item_id\" content=\"736-XXX\" \/>\n<meta property=\"product:condition\" content=\"new\" \/>\n<!-- \/ Yoast SEO Premium plugin. -->","yoast_head_json":{"title":"LEARNING BIKE ECOLOGIC - Globber Scooter Schweiz","robots":{"index":"index","follow":"follow","max-snippet":"max-snippet:-1","max-image-preview":"max-image-preview:large","max-video-preview":"max-video-preview:-1"},"canonical":"https:\/\/www.globber.com\/ch\/it\/product\/learning-bike-ecologic\/","og_locale":"it_IT","og_type":"article","og_title":"LEARNING BIKE ECOLOGIC - Globber Scooter Schweiz","og_description":"Altezza della sella regolabile in 2 posizioni,  Cestino rimovibile","og_url":"https:\/\/www.globber.com\/ch\/it\/product\/learning-bike-ecologic\/","og_site_name":"Globber Scooter Schweiz","article_modified_time":"2026-03-11T06:49:02+00:00","og_image":[{"width":1920,"height":1920,"url":"https:\/\/cdn.globber.com\/content\/sites\/21\/2026\/01\/6965ba72ce8ec.jpg","type":"image\/jpeg"}],"twitter_card":"summary_large_image","twitter_misc":{"Availability":"In stock"},"schema":{"@context":"https:\/\/schema.org","@graph":[{"@type":["WebPage","ItemPage"],"@id":"https:\/\/www.globber.com\/ch\/it\/product\/learning-bike-ecologic\/","url":"https:\/\/www.globber.com\/ch\/it\/product\/learning-bike-ecologic\/","name":"LEARNING BIKE ECOLOGIC - Globber Scooter Schweiz","isPartOf":{"@id":"https:\/\/www.globber.com\/ch\/fr\/#website"},"primaryImageOfPage":{"@id":"https:\/\/www.globber.com\/ch\/it\/product\/learning-bike-ecologic\/#primaryimage"},"image":{"@id":"https:\/\/www.globber.com\/ch\/it\/product\/learning-bike-ecologic\/#primaryimage"},"thumbnailUrl":"https:\/\/cdn.globber.com\/content\/sites\/21\/2026\/01\/6965ba72ce8ec.jpg","datePublished":"2026-01-23T10:36:09+00:00","dateModified":"2026-03-11T06:49:02+00:00","breadcrumb":{"@id":"https:\/\/www.globber.com\/ch\/it\/product\/learning-bike-ecologic\/#breadcrumb"},"inLanguage":"it-CH","potentialAction":[{"@type":"ReadAction","target":["https:\/\/www.globber.com\/ch\/it\/product\/learning-bike-ecologic\/"]}]},{"@type":"ImageObject","inLanguage":"it-CH","@id":"https:\/\/www.globber.com\/ch\/it\/product\/learning-bike-ecologic\/#primaryimage","url":"https:\/\/cdn.globber.com\/content\/sites\/21\/2026\/01\/6965ba72ce8ec.jpg","contentUrl":"https:\/\/cdn.globber.com\/content\/sites\/21\/2026\/01\/6965ba72ce8ec.jpg","width":1920,"height":1920},{"@type":"BreadcrumbList","@id":"https:\/\/www.globber.com\/ch\/it\/product\/learning-bike-ecologic\/#breadcrumb","itemListElement":[{"@type":"ListItem","position":1,"name":"Shop","item":"https:\/\/www.globber.com\/ch\/it\/shop\/"},{"@type":"ListItem","position":2,"name":"LEARNING BIKE ECOLOGIC"}]},{"@type":"WebSite","@id":"https:\/\/www.globber.com\/ch\/fr\/#website","url":"https:\/\/www.globber.com\/ch\/fr\/","name":"Globber Scooter Schweiz","description":"Der offizielle Online Shop","publisher":{"@id":"https:\/\/www.globber.com\/ch\/fr\/#organization"},"potentialAction":[{"@type":"SearchAction","target":{"@type":"EntryPoint","urlTemplate":"https:\/\/www.globber.com\/ch\/fr\/?s={search_term_string}"},"query-input":{"@type":"PropertyValueSpecification","valueRequired":true,"valueName":"search_term_string"}}],"inLanguage":"it-CH"},{"@type":"Organization","@id":"https:\/\/www.globber.com\/ch\/fr\/#organization","name":"Globber Scooter Schweiz","url":"https:\/\/www.globber.com\/ch\/fr\/","logo":{"@type":"ImageObject","inLanguage":"it-CH","@id":"https:\/\/www.globber.com\/ch\/fr\/#\/schema\/logo\/image\/","url":"https:\/\/cdn.globber.com\/content\/2024\/05\/logo.svg","contentUrl":"https:\/\/cdn.globber.com\/content\/2024\/05\/logo.svg","width":601,"height":112,"caption":"Globber Scooter Schweiz"},"image":{"@id":"https:\/\/www.globber.com\/ch\/fr\/#\/schema\/logo\/image\/"}}]},"og_availability":"instock","product_availability":"instock","product_retailer_item_id":"736-XXX","product_condition":"new"},"_links":{"self":[{"href":"https:\/\/www.globber.com\/ch\/it\/wp-json\/wp\/v2\/product\/28584","targetHints":{"allow":["GET"]}}],"collection":[{"href":"https:\/\/www.globber.com\/ch\/it\/wp-json\/wp\/v2\/product"}],"about":[{"href":"https:\/\/www.globber.com\/ch\/it\/wp-json\/wp\/v2\/types\/product"}],"replies":[{"embeddable":true,"href":"https:\/\/www.globber.com\/ch\/it\/wp-json\/wp\/v2\/comments?post=28584"}],"wp:featuredmedia":[{"embeddable":true,"href":"https:\/\/www.globber.com\/ch\/it\/wp-json\/wp\/v2\/media\/25599"}],"wp:attachment":[{"href":"https:\/\/www.globber.com\/ch\/it\/wp-json\/wp\/v2\/media?parent=28584"}],"wp:term":[{"taxonomy":"product-special-badges","embeddable":true,"href":"https:\/\/www.globber.com\/ch\/it\/wp-json\/wp\/v2\/product-special-badges?post=28584"},{"taxonomy":"product_brand","embeddable":true,"href":"https:\/\/www.globber.com\/ch\/it\/wp-json\/wp\/v2\/product_brand?post=28584"},{"taxonomy":"product_cat","embeddable":true,"href":"https:\/\/www.globber.com\/ch\/it\/wp-json\/wp\/v2\/product_cat?post=28584"},{"taxonomy":"product_tag","embeddable":true,"href":"https:\/\/www.globber.com\/ch\/it\/wp-json\/wp\/v2\/product_tag?post=28584"}],"curies":[{"name":"wp","href":"https:\/\/api.w.org\/{rel}","templated":true}]}}